{"id":37563,"date":"2026-03-04T20:17:28","date_gmt":"2026-03-04T20:17:28","guid":{"rendered":"https:\/\/comprasyconsejos.store\/product\/steelseries-aerox-5-wired-gaming-mouse-ultra-light-waterproof-design-rgb-truemove-air-18k-dpi-optical-sensor\/"},"modified":"2026-03-04T20:17:31","modified_gmt":"2026-03-04T20:17:31","slug":"steelseries-aerox-5-wired-gaming-mouse-ultra-light-waterproof-design-rgb-truemove-air-18k-dpi-optical-sensor","status":"publish","type":"product","link":"https:\/\/comprasyconsejos.store\/en\/product\/steelseries-aerox-5-wired-gaming-mouse-ultra-light-waterproof-design-rgb-truemove-air-18k-dpi-optical-sensor\/","title":{"rendered":"SteelSeries Aerox 5 Wired Gaming Mouse &#8211; Ultra-light Waterproof Design &#8211; RGB &#8211; TrueMove Air 18K DPI Optical Sensor"},"content":{"rendered":"<p>Price: <span style=\"color:#b12704\"><del>\u20ac89.99<\/del> - \u20ac48.75<\/span><br \/><i><small>(as of Mar 04, 2026 20:17:28 UTC &#8211; <span class=\"wp_automatic_amazon_disclaimer\" title=\"Product prices and availability are accurate as of the date\/time indicated and are subject to change. Any price and availability information displayed on [relevant Amazon Site(s), as applicable] at the time of purchase will apply to the purchase of this product.\">Details<\/span>)<\/small><\/i><\/p>\n<p><a href=\"https:\/\/amazon.es\/dp\/B09W19PZFF?tag=man008-21\"><img decoding=\"async\" src=\"https:\/\/valvepress.s3.amazonaws.com\/imgs\/buy_now.png\"><\/a><br \/>\n<\/p>\n<p>                                             From the brand   <\/p>\n<p>                                              <img decoding=\"async\" alt=\"El texto dice \u00abSteelseries FOR GLORY\u00bb con dos insignias circulares en forma de medalla, una con la leyenda \u00abPREMIADO COMO NING\u00daN\u00bb y la otra con la inscripci\u00f3n \u00abOTRO\u00bb.\" src=\"https:\/\/images-na.ssl-images-amazon.com\/images\/G\/01\/x-locale\/common\/grey-pixel.gif\" class=\"a-lazy-loaded\" data-src=\"https:\/\/m.media-amazon.com\/images\/S\/aplus-media-library-service-media\/63e31174-6f47-4f0f-b4e7-6702f84db9ae.__CR0,0,1464,625_PT0_SX1464_V1___.jpg\"><img decoding=\"async\" alt=\"El texto dice \u00abSteelseries FOR GLORY\u00bb con dos insignias circulares en forma de medalla, una con la leyenda \u00abPREMIADO COMO NING\u00daN\u00bb y la otra con la inscripci\u00f3n \u00abOTRO\u00bb.\" src=\"https:\/\/m.media-amazon.com\/images\/S\/aplus-media-library-service-media\/63e31174-6f47-4f0f-b4e7-6702f84db9ae.__CR0,0,1464,625_PT0_SX1464_V1___.jpg\">  <\/p>\n<p>                                              <img decoding=\"async\" alt=\"El texto dice \u00abUN LARGO HISTORIAL DE PRIMERAS VECES\u00bb seguido de varias vi\u00f1etas sobre los logros de los videojuegos en espa\u00f1ol. Fondo negro con dise\u00f1o de texto amarillo.\" src=\"https:\/\/images-na.ssl-images-amazon.com\/images\/G\/01\/x-locale\/common\/grey-pixel.gif\" class=\"a-lazy-loaded\" data-src=\"https:\/\/m.media-amazon.com\/images\/S\/aplus-media-library-service-media\/f3c9bc8e-41ff-48e1-8688-074dfac94628.__CR8,0,362,453_PT0_SX362_V1___.jpg\"><img decoding=\"async\" alt=\"El texto dice \u00abUN LARGO HISTORIAL DE PRIMERAS VECES\u00bb seguido de varias vi\u00f1etas sobre los logros de los videojuegos en espa\u00f1ol. Fondo negro con dise\u00f1o de texto amarillo.\" src=\"https:\/\/m.media-amazon.com\/images\/S\/aplus-media-library-service-media\/f3c9bc8e-41ff-48e1-8688-074dfac94628.__CR8,0,362,453_PT0_SX362_V1___.jpg\">  <\/p>\n<p>                                              <img decoding=\"async\" alt=\"El texto dice \u00abArctis Nova Elite\u00bb. Vistas m\u00faltiples de unos auriculares para videojuegos en color gris metalizado con detalles dorados, que muestran diferentes \u00e1ngulos del producto.\" src=\"https:\/\/images-na.ssl-images-amazon.com\/images\/G\/01\/x-locale\/common\/grey-pixel.gif\" class=\"a-lazy-loaded\" data-src=\"https:\/\/m.media-amazon.com\/images\/S\/aplus-media-library-service-media\/1fa6667e-f928-4cf8-9200-a254245afcc7.__CR3,0,737,922_PT0_SX362_V1___.jpg\"><img decoding=\"async\" alt=\"El texto dice \u00abArctis Nova Elite\u00bb. Vistas m\u00faltiples de unos auriculares para videojuegos en color gris metalizado con detalles dorados, que muestran diferentes \u00e1ngulos del producto.\" src=\"https:\/\/m.media-amazon.com\/images\/S\/aplus-media-library-service-media\/1fa6667e-f928-4cf8-9200-a254245afcc7.__CR3,0,737,922_PT0_SX362_V1___.jpg\">  <\/p>\n<h3> Premium Audio <\/h3>\n<p class=\"apm-brand-story-stores-link\">\n<p>                                              <img decoding=\"async\" alt=\"El texto dice \u00abApex Pro\u00bb y \u00abM\u00e1s Inteligente Con Nuevo Software\u00bb. Teclado para videojuegos con retroiluminaci\u00f3n RGB que muestra la interfaz de escritorio de Windows y una insignia dorada.\" src=\"https:\/\/images-na.ssl-images-amazon.com\/images\/G\/01\/x-locale\/common\/grey-pixel.gif\" class=\"a-lazy-loaded\" data-src=\"https:\/\/m.media-amazon.com\/images\/S\/aplus-media-library-service-media\/6d324fa4-211e-4f25-98e9-df22da5594f3.__CR0,0,362,453_PT0_SX362_V1___.jpg\"><img decoding=\"async\" alt=\"El texto dice \u00abApex Pro\u00bb y \u00abM\u00e1s Inteligente Con Nuevo Software\u00bb. Teclado para videojuegos con retroiluminaci\u00f3n RGB que muestra la interfaz de escritorio de Windows y una insignia dorada.\" src=\"https:\/\/m.media-amazon.com\/images\/S\/aplus-media-library-service-media\/6d324fa4-211e-4f25-98e9-df22da5594f3.__CR0,0,362,453_PT0_SX362_V1___.jpg\">  <\/p>\n<h3> Meilleur Clavier Gaming <\/h3>\n<p class=\"apm-brand-story-stores-link\">\n<p>                                              <img decoding=\"async\" alt=\"El texto dice \u00abRival 3 Wireless\u00bb. Serie de ratones para juegos que se muestran en diferentes colores: negro, morado, azul claro y blanco, mostrados desde un \u00e1ngulo lateral.\" src=\"https:\/\/images-na.ssl-images-amazon.com\/images\/G\/01\/x-locale\/common\/grey-pixel.gif\" class=\"a-lazy-loaded\" data-src=\"https:\/\/m.media-amazon.com\/images\/S\/aplus-media-library-service-media\/b798d1ed-7b61-4239-abea-c6bc14c397bc.__CR0,0,362,453_PT0_SX362_V1___.jpg\"><img decoding=\"async\" alt=\"El texto dice \u00abRival 3 Wireless\u00bb. Serie de ratones para juegos que se muestran en diferentes colores: negro, morado, azul claro y blanco, mostrados desde un \u00e1ngulo lateral.\" src=\"https:\/\/m.media-amazon.com\/images\/S\/aplus-media-library-service-media\/b798d1ed-7b61-4239-abea-c6bc14c397bc.__CR0,0,362,453_PT0_SX362_V1___.jpg\">  <\/p>\n<h3> La Plus Rapide De Sa Cat\u00e9gorie <\/h3>\n<p class=\"apm-brand-story-stores-link\">\n<p>                                              <img decoding=\"async\" alt=\"El texto dice \u00abKontrolFreek\u00bb y \u00abMejora El Rendimiento Y Optimiza La Experiencia De Juego\u00bb. El accesorio para el mando de videojuegos se muestra en colores morado y turquesa sobre un fondo oscuro.\" src=\"https:\/\/images-na.ssl-images-amazon.com\/images\/G\/01\/x-locale\/common\/grey-pixel.gif\" class=\"a-lazy-loaded\" data-src=\"https:\/\/m.media-amazon.com\/images\/S\/aplus-media-library-service-media\/0d3beb54-5985-4fd5-947c-7713df7ea37c.__CR0,0,362,453_PT0_SX362_V1___.jpg\"><img decoding=\"async\" alt=\"El texto dice \u00abKontrolFreek\u00bb y \u00abMejora El Rendimiento Y Optimiza La Experiencia De Juego\u00bb. El accesorio para el mando de videojuegos se muestra en colores morado y turquesa sobre un fondo oscuro.\" src=\"https:\/\/m.media-amazon.com\/images\/S\/aplus-media-library-service-media\/0d3beb54-5985-4fd5-947c-7713df7ea37c.__CR0,0,362,453_PT0_SX362_V1___.jpg\">  <\/p>\n<h3> Am\u00e9liore Le Performance <\/h3>\n<p> Batteries                                            \u200f                                            :                                            \u200e                                            1 AA batteries required.   <br \/> Language                                            \u200f                                            :                                            \u200e                                            English   <br \/> Product Dimensions                                            \u200f                                            :                                            \u200e                                            4.21 x 6.82 x 0.25 cm; 66 g   <br \/> Manufacturer                                            \u200f                                            :                                            \u200e                                            SteelSeries   <br \/> ASIN                                            \u200f                                            :                                            \u200e                                            B09W19PZFF   <br \/> Item model number                                            \u200f                                            :                                            \u200e                                            62401   <br \/> Country of origin                                            \u200f                                            :                                            \u200e                                            China   <br \/> Guaranteed software updates until                                            \u200f                                            :                                            \u200e                                            unknown   <br \/>  Customer reviews:                                                                                            4.1               4.1 out of 5 stars                                  (2,354)                                              var dpAcrHasRegisteredArcLinkClickAction;                    P.when(&#8216;A&#8217;, &#8216;ready&#8217;).execute(function(A) {                        if (dpAcrHasRegisteredArcLinkClickAction !== true) {                            dpAcrHasRegisteredArcLinkClickAction = true;                            A.declarative(                                &#8216;acrLink-click-metrics&#8217;, &#8216;click&#8217;,                                { \u00aballowLinkDefault\u00bb: true },                                function (event) {                                    if (window.ue) {                                        ue.count(\u00abacrLinkClickCount\u00bb, (ue.count(\u00abacrLinkClickCount\u00bb) || 0) + 1);                                    }                                }                            );                        }                    });                                             P.when(&#8216;A&#8217;, &#8216;cf&#8217;).execute(function(A) {                A.declarative(&#8216;acrStarsLink-click-metrics&#8217;, &#8216;click&#8217;, { \u00aballowLinkDefault\u00bb : true },  function(event){                    if(window.ue) {                        ue.count(\u00abacrStarsLinkWithPopoverClickCount\u00bb, (ue.count(\u00abacrStarsLinkWithPopoverClickCount\u00bb) || 0) + 1);                    }                });            });                          <\/p>\n<p>RGB FLIPANTE &#8211; PrismSync RGB tri-dimensional shines in 16.8 million configurable colors<br \/>ULTRALIGHT &#8211; Designed with perforated shell slimming to 66g for effortless play at high speed<br \/>AQUABARRIER &#8211; Interior protected against splashes, dust, dirt; technology class IP54<br \/>BATTLE TANNED FORM &#8211; Components optimized and carefully shaped for minimal weight, maximum comfort and extensive durability<br \/>9 PROGRAMMABLE BUTTONS &#8211; Natural comfort with customizable buttons, side panel and up\/down switch<\/p>\n\n","protected":false},"excerpt":{"rendered":"<p> From the brand Premium Audio Meilleur Clavier Gaming La Plus Rapide De Sa Cat\u00e9gorie Am\u00e9liore<\/p>","protected":false},"featured_media":37564,"comment_status":"open","ping_status":"closed","template":"","meta":[],"product_brand":[],"product_cat":[50],"product_tag":[7601,11180,216,765,759,756,939,775,761,617,758,767,891,763,885,760,959,764,871,6964,2520,762,1078,750,757],"class_list":{"0":"post-37563","1":"product","2":"type-product","3":"status-publish","4":"has-post-thumbnail","6":"product_cat-mouse","7":"product_tag-18k","8":"product_tag-aerox","9":"product_tag-air","10":"product_tag-best-gaming-mouse","11":"product_tag-bluetooth-mouse","12":"product_tag-computer-mouse","13":"product_tag-design","14":"product_tag-dpi","15":"product_tag-ergonomic-mouse","16":"product_tag-gaming","17":"product_tag-gaming-mouse","18":"product_tag-mouse","19":"product_tag-optical","20":"product_tag-rechargeable-mouse","21":"product_tag-rgb","22":"product_tag-rgb-mouse","23":"product_tag-sensor","24":"product_tag-silent-mouse","25":"product_tag-steelseries","26":"product_tag-truemove","27":"product_tag-ultralight","28":"product_tag-usb-mouse","29":"product_tag-waterproof","30":"product_tag-wired","31":"product_tag-wireless-mouse","33":"first","34":"instock","35":"sale","36":"shipping-taxable","37":"product-type-external"},"_links":{"self":[{"href":"https:\/\/comprasyconsejos.store\/en\/wp-json\/wp\/v2\/product\/37563","targetHints":{"allow":["GET"]}}],"collection":[{"href":"https:\/\/comprasyconsejos.store\/en\/wp-json\/wp\/v2\/product"}],"about":[{"href":"https:\/\/comprasyconsejos.store\/en\/wp-json\/wp\/v2\/types\/product"}],"replies":[{"embeddable":true,"href":"https:\/\/comprasyconsejos.store\/en\/wp-json\/wp\/v2\/comments?post=37563"}],"version-history":[{"count":0,"href":"https:\/\/comprasyconsejos.store\/en\/wp-json\/wp\/v2\/product\/37563\/revisions"}],"wp:featuredmedia":[{"embeddable":true,"href":"https:\/\/comprasyconsejos.store\/en\/wp-json\/wp\/v2\/media\/37564"}],"wp:attachment":[{"href":"https:\/\/comprasyconsejos.store\/en\/wp-json\/wp\/v2\/media?parent=37563"}],"wp:term":[{"taxonomy":"product_brand","embeddable":true,"href":"https:\/\/comprasyconsejos.store\/en\/wp-json\/wp\/v2\/product_brand?post=37563"},{"taxonomy":"product_cat","embeddable":true,"href":"https:\/\/comprasyconsejos.store\/en\/wp-json\/wp\/v2\/product_cat?post=37563"},{"taxonomy":"product_tag","embeddable":true,"href":"https:\/\/comprasyconsejos.store\/en\/wp-json\/wp\/v2\/product_tag?post=37563"}],"curies":[{"name":"wp","href":"https:\/\/api.w.org\/{rel}","templated":true}]}}