{"id":37572,"date":"2026-03-04T22:54:03","date_gmt":"2026-03-04T22:54:03","guid":{"rendered":"https:\/\/comprasyconsejos.store\/product\/ankermann-radiant-gaming-v3-amd-ryzen-5-5500-nvidia-geforce-rtx-5060-8gb-16gb-ram-1tb-nvme-ssd-windows-11-wifi-libre-office\/"},"modified":"2026-03-04T22:54:06","modified_gmt":"2026-03-04T22:54:06","slug":"ankermann-radiant-gaming-v3-amd-ryzen-5-5500-nvidia-geforce-rtx-5060-8gb-16gb-ram-1tb-nvme-ssd-windows-11-wifi-libre-office","status":"publish","type":"product","link":"https:\/\/comprasyconsejos.store\/en\/product\/ankermann-radiant-gaming-v3-amd-ryzen-5-5500-nvidia-geforce-rtx-5060-8gb-16gb-ram-1tb-nvme-ssd-windows-11-wifi-libre-office\/","title":{"rendered":"Ankermann Radiant Gaming V3 | AMD Ryzen 5 5500 | Nvidia GeForce RTX 5060 8GB | 16GB RAM | 1TB NVMe SSD | Windows 11 | WiFi | Libre Office"},"content":{"rendered":"<p>Price: <span style=\"color:#b12704\">\u20ac859.00<\/span><br \/><i><small>(as of Mar 04, 2026 22:54:03 UTC &#8211; <span class=\"wp_automatic_amazon_disclaimer\" title=\"Product prices and availability are accurate as of the date\/time indicated and are subject to change. Any price and availability information displayed on [relevant Amazon Site(s), as applicable] at the time of purchase will apply to the purchase of this product.\">Details<\/span>)<\/small><\/i><\/p>\n<p><a href=\"https:\/\/amazon.es\/dp\/B09PDYXKS3?tag=man008-21\"><img decoding=\"async\" src=\"https:\/\/valvepress.s3.amazonaws.com\/imgs\/buy_now.png\"><\/a><br \/>\n<\/p>\n<p>                                             From the brand   <\/p>\n<p>                                              <img decoding=\"async\" alt=\"3 cases\" src=\"https:\/\/images-na.ssl-images-amazon.com\/images\/G\/01\/x-locale\/common\/grey-pixel.gif\" class=\"a-lazy-loaded\" data-src=\"https:\/\/m.media-amazon.com\/images\/S\/aplus-media-library-service-media\/b369639e-56d0-4a05-b2d4-7c007334d0dd.__CR0,0,4392,1875_PT0_SX1464_V1___.jpg\"><img decoding=\"async\" alt=\"3 cases\" src=\"https:\/\/m.media-amazon.com\/images\/S\/aplus-media-library-service-media\/b369639e-56d0-4a05-b2d4-7c007334d0dd.__CR0,0,4392,1875_PT0_SX1464_V1___.jpg\">  <\/p>\n<p>                                                         \u00bfQui\u00e9nes somos?                                       <\/p>\n<p> Ankermann Computer ha crecido desde sus inicios como un peque\u00f1o servicio de PCs en un piso de la abuela en el s\u00f3tano en 1997 a un negocio de servicio completo que se encarga de la fabricaci\u00f3n, la control de calidad y la distribuci\u00f3n, y sigue reparando PCs. <\/p>\n<p>                                                         \u00bfQu\u00e9 hace \u00fanico a nuestro producto?                                       <\/p>\n<p> M\u00e1s de 25 a\u00f1os de experiencia en la reparaci\u00f3n, el montaje y el control de calidad de ordenadores. <\/p>\n<p> Ofrecemos un montaje profesional y una inspecci\u00f3n final. Como innovadores del sector, fuimos la primera empresa en introducir el configurador de PC en 1999. <\/p>\n<p>                                              <img decoding=\"async\" alt=\"\" src=\"https:\/\/images-na.ssl-images-amazon.com\/images\/G\/01\/x-locale\/common\/grey-pixel.gif\" class=\"a-lazy-loaded\" data-src=\"https:\/\/m.media-amazon.com\/images\/S\/aplus-media-library-service-media\/5462c0f0-eafa-43e8-8fa2-5827d8f65de1.__CR0,0,945,435_PT0_SX315_V1___.jpg\"><img decoding=\"async\" alt=\"\" src=\"https:\/\/m.media-amazon.com\/images\/S\/aplus-media-library-service-media\/5462c0f0-eafa-43e8-8fa2-5827d8f65de1.__CR0,0,945,435_PT0_SX315_V1___.jpg\">  <\/p>\n<p> Sea que se trate de PCs de oficina, workstations para aplicaciones especiales, PCs para juegos en varias categor\u00edas o el montaje experto de un PC seg\u00fan sus propias ideas en nuestro configurador o la reparaci\u00f3n de su dispositivo: estamos ah\u00ed para usted. <\/p>\n<p> Nuestro sistema especial de embalaje garantiza que la mercanc\u00eda llegue sana y salva. <\/p>\n<p> Nuestra asistencia le garantiza la satisfacci\u00f3n en caso de que surjan problemas inesperados. <\/p>\n<h3> nuestra oferta <\/h3>\n<p> Product Dimensions                                            \u200f                                            :                                            \u200e                                            45 x 21 x 46 cm; 14 kg   <br \/> Manufacturer                                            \u200f                                            :                                            \u200e                                            Ankermann-PC   <br \/> ASIN                                            \u200f                                            :                                            \u200e                                            B09PDYXKS3   <br \/> Item model number                                            \u200f                                            :                                            \u200e                                            4260561746434   <br \/> Country of origin                                            \u200f                                            :                                            \u200e                                            Germany   <br \/> Guaranteed software updates until                                            \u200f                                            :                                            \u200e                                            unknown   <br \/>  Customer reviews:                                                                                            4.2               4.2 out of 5 stars                                  (79)                                              var dpAcrHasRegisteredArcLinkClickAction;                    P.when(&#8216;A&#8217;, &#8216;ready&#8217;).execute(function(A) {                        if (dpAcrHasRegisteredArcLinkClickAction !== true) {                            dpAcrHasRegisteredArcLinkClickAction = true;                            A.declarative(                                &#8216;acrLink-click-metrics&#8217;, &#8216;click&#8217;,                                { \u00aballowLinkDefault\u00bb: true },                                function (event) {                                    if (window.ue) {                                        ue.count(\u00abacrLinkClickCount\u00bb, (ue.count(\u00abacrLinkClickCount\u00bb) || 0) + 1);                                    }                                }                            );                        }                    });                                             P.when(&#8216;A&#8217;, &#8216;cf&#8217;).execute(function(A) {                A.declarative(&#8216;acrStarsLink-click-metrics&#8217;, &#8216;click&#8217;, { \u00aballowLinkDefault\u00bb : true },  function(event){                    if(window.ue) {                        ue.count(\u00abacrStarsLinkWithPopoverClickCount\u00bb, (ue.count(\u00abacrStarsLinkWithPopoverClickCount\u00bb) || 0) + 1);                    }                });            });                          <\/p>\n<p>EAN: 4260561746434 &#8211; The Radiant Gaming V3 PC impresses with a powerful AMD Ryzen 5 5500 6x 3.60 GHz &#8211; 4.20 GHz processor with 16GB DDR4 RAM on an ASUS PRIME A520M-A II Mainboard. You get a powerful Ryzen processor, an outstanding motherboard and fast RAM!<br \/>The PC is equipped with a 1000GB M.2 NVMe SSD. Expansion is easily possible with 4 SATA ports. In our Radiant Gaming V3 PC is equipped with a Nvidia GeForce RTX 5060 8GB. The PC offers the following connections: Audio In\/Out(1x), USB-A 3.0(6x), W-LAN(1x), Audio Connectors(5.1x), USB 2.0(2x), PS\/2(1x), LAN(1x), Display Port(3x), HDMI(1x).<br \/>The PC is housed in our Wildrabby Aero box with RGB lighting and is powered by a 450W power supply. We have installed a WiFi card for wireless connectivity.<br \/>For a perfect user experience, our PC is equipped with Windows 11 Pro for immediate use, without bloatware or testing software. Windows and all drivers are pre-installed. Includes FREE Open Office.<br \/>The Ankermann service offers you a 24-month warranty and many years of experience in the manufacture and sale of PCs in Germany and Europe. A return service in case of warranty claim and prompt and friendly customer support come naturally to us.<\/p>\n\n","protected":false},"excerpt":{"rendered":"<p> From the brand \u00bfQui\u00e9nes somos? Ankermann Computer ha crecido desde sus inicios como un peque\u00f1o<\/p>","protected":false},"featured_media":37573,"comment_status":"open","ping_status":"closed","template":"","meta":[],"product_brand":[],"product_cat":[90],"product_tag":[509,602,622,530,5607,613,611,617,607,604,609,606,612,620,608,10640,821,822,585,605,11186,587,610,621,531,513,543,537],"class_list":{"0":"post-37572","1":"product","2":"type-product","3":"status-publish","4":"has-post-thumbnail","6":"product_cat-gaming-pcs","7":"product_tag-16gb","8":"product_tag-1tb","9":"product_tag-8gb","10":"product_tag-amd","11":"product_tag-ankermann","12":"product_tag-best-gaming-pc","13":"product_tag-custom-gaming-pc","14":"product_tag-gaming","15":"product_tag-gaming-desktop","16":"product_tag-gaming-pc","17":"product_tag-gaming-pc-16gb-ram","18":"product_tag-gaming-pc-rtx","19":"product_tag-gaming-pc-ssd","20":"product_tag-geforce","21":"product_tag-high-end-gaming-pc","22":"product_tag-libre","23":"product_tag-nvidia","24":"product_tag-nvme","25":"product_tag-office","26":"product_tag-prebuilt-gaming-pc","27":"product_tag-radiant","28":"product_tag-ram","29":"product_tag-rgb-gaming-pc","30":"product_tag-rtx","31":"product_tag-ryzen","32":"product_tag-ssd","33":"product_tag-wifi","34":"product_tag-windows","36":"first","37":"instock","38":"shipping-taxable","39":"product-type-external"},"_links":{"self":[{"href":"https:\/\/comprasyconsejos.store\/en\/wp-json\/wp\/v2\/product\/37572","targetHints":{"allow":["GET"]}}],"collection":[{"href":"https:\/\/comprasyconsejos.store\/en\/wp-json\/wp\/v2\/product"}],"about":[{"href":"https:\/\/comprasyconsejos.store\/en\/wp-json\/wp\/v2\/types\/product"}],"replies":[{"embeddable":true,"href":"https:\/\/comprasyconsejos.store\/en\/wp-json\/wp\/v2\/comments?post=37572"}],"version-history":[{"count":0,"href":"https:\/\/comprasyconsejos.store\/en\/wp-json\/wp\/v2\/product\/37572\/revisions"}],"wp:featuredmedia":[{"embeddable":true,"href":"https:\/\/comprasyconsejos.store\/en\/wp-json\/wp\/v2\/media\/37573"}],"wp:attachment":[{"href":"https:\/\/comprasyconsejos.store\/en\/wp-json\/wp\/v2\/media?parent=37572"}],"wp:term":[{"taxonomy":"product_brand","embeddable":true,"href":"https:\/\/comprasyconsejos.store\/en\/wp-json\/wp\/v2\/product_brand?post=37572"},{"taxonomy":"product_cat","embeddable":true,"href":"https:\/\/comprasyconsejos.store\/en\/wp-json\/wp\/v2\/product_cat?post=37572"},{"taxonomy":"product_tag","embeddable":true,"href":"https:\/\/comprasyconsejos.store\/en\/wp-json\/wp\/v2\/product_tag?post=37572"}],"curies":[{"name":"wp","href":"https:\/\/api.w.org\/{rel}","templated":true}]}}