{"id":37578,"date":"2026-03-05T00:15:09","date_gmt":"2026-03-05T00:15:09","guid":{"rendered":"https:\/\/comprasyconsejos.store\/product\/tablet-10-inches-android-15-tablet-18gb-ram-128gb-rom2tb-tf-6000-mah-5g-wifi-widevine-l1-bluetooth-5-0-tablet-with-keyboard-and-mouse-ideal-for-work-study-play\/"},"modified":"2026-03-05T00:15:13","modified_gmt":"2026-03-05T00:15:13","slug":"tablet-10-inches-android-15-tablet-18gb-ram-128gb-rom2tb-tf-6000-mah-5g-wifi-widevine-l1-bluetooth-5-0-tablet-with-keyboard-and-mouse-ideal-for-work-study-play","status":"publish","type":"product","link":"https:\/\/comprasyconsejos.store\/en\/product\/tablet-10-inches-android-15-tablet-18gb-ram-128gb-rom2tb-tf-6000-mah-5g-wifi-widevine-l1-bluetooth-5-0-tablet-with-keyboard-and-mouse-ideal-for-work-study-play\/","title":{"rendered":"Tablet 10 Inches, Android 15 Tablet, 18GB RAM+ 128GB ROM(2TB TF), 6000 mAh, 5G WiFi, Widevine L1, Bluetooth 5.0, Tablet with Keyboard and Mouse \u2013 Ideal for Work, Study, Play"},"content":{"rendered":"<p>Price: <span style=\"color:#b12704\">\u20ac199.99<\/span><br \/><i><small>(as of Mar 05, 2026 00:15:09 UTC &#8211; <span class=\"wp_automatic_amazon_disclaimer\" title=\"Product prices and availability are accurate as of the date\/time indicated and are subject to change. Any price and availability information displayed on [relevant Amazon Site(s), as applicable] at the time of purchase will apply to the purchase of this product.\">Details<\/span>)<\/small><\/i><\/p>\n<p><a href=\"https:\/\/amazon.es\/dp\/B0FLP692TJ?tag=man008-21\"><img decoding=\"async\" src=\"https:\/\/valvepress.s3.amazonaws.com\/imgs\/buy_now.png\"><\/a><br \/>\n<\/p>\n<p>                                             From the brand   <\/p>\n<p>                                              <img decoding=\"async\" alt=\"El texto dice \u00abZenya | Leader en Innovation Technologique\u00bb. Encabezado o pancarta del sitio web corporativo con fondo azul degradado con la marca de la empresa y elementos de dise\u00f1o centrados en la tecnolog\u00eda.\" src=\"https:\/\/images-na.ssl-images-amazon.com\/images\/G\/01\/x-locale\/common\/grey-pixel.gif\" class=\"a-lazy-loaded\" data-src=\"https:\/\/m.media-amazon.com\/images\/S\/aplus-media-library-service-media\/ea978f9c-7b5c-4dbc-bd39-b1dce69475a2.__CR0,0,1464,625_PT0_SX1464_V1___.jpg\"><img decoding=\"async\" alt=\"El texto dice \u00abZenya | Leader en Innovation Technologique\u00bb. Encabezado o pancarta del sitio web corporativo con fondo azul degradado con la marca de la empresa y elementos de dise\u00f1o centrados en la tecnolog\u00eda.\" src=\"https:\/\/m.media-amazon.com\/images\/S\/aplus-media-library-service-media\/ea978f9c-7b5c-4dbc-bd39-b1dce69475a2.__CR0,0,1464,625_PT0_SX1464_V1___.jpg\">  <\/p>\n<p>                                              <img decoding=\"async\" alt=\"Las im\u00e1genes del producto muestran una base o hub USB negro con varios puertos sobre un fondo degradado azul y rosa.\" src=\"https:\/\/images-na.ssl-images-amazon.com\/images\/G\/01\/x-locale\/common\/grey-pixel.gif\" class=\"a-lazy-loaded\" data-src=\"https:\/\/m.media-amazon.com\/images\/S\/aplus-media-library-service-media\/000f3610-8c9c-40a9-a8f6-6b1dbe74302a.__CR0,0,362,453_PT0_SX362_V1___.jpg\"><img decoding=\"async\" alt=\"Las im\u00e1genes del producto muestran una base o hub USB negro con varios puertos sobre un fondo degradado azul y rosa.\" src=\"https:\/\/m.media-amazon.com\/images\/S\/aplus-media-library-service-media\/000f3610-8c9c-40a9-a8f6-6b1dbe74302a.__CR0,0,362,453_PT0_SX362_V1___.jpg\">  <\/p>\n<p>                                              <img decoding=\"async\" alt=\"aplus imagen contento\" src=\"https:\/\/images-na.ssl-images-amazon.com\/images\/G\/01\/x-locale\/common\/grey-pixel.gif\" class=\"a-lazy-loaded\" data-src=\"https:\/\/m.media-amazon.com\/images\/S\/aplus-media-library-service-media\/d3645cc5-957d-4f5f-96b2-325651189ec5.__CR0,0,362,453_PT0_SX362_V1___.jpg\"><img decoding=\"async\" alt=\"aplus imagen contento\" src=\"https:\/\/m.media-amazon.com\/images\/S\/aplus-media-library-service-media\/d3645cc5-957d-4f5f-96b2-325651189ec5.__CR0,0,362,453_PT0_SX362_V1___.jpg\">  <\/p>\n<p>                                              <img decoding=\"async\" alt=\"aplus imagen contento\" src=\"https:\/\/images-na.ssl-images-amazon.com\/images\/G\/01\/x-locale\/common\/grey-pixel.gif\" class=\"a-lazy-loaded\" data-src=\"https:\/\/m.media-amazon.com\/images\/S\/aplus-media-library-service-media\/86d6e117-f9f2-44e6-b4ba-a3a50a2e1e20.__CR0,0,362,453_PT0_SX362_V1___.jpg\"><img decoding=\"async\" alt=\"aplus imagen contento\" src=\"https:\/\/m.media-amazon.com\/images\/S\/aplus-media-library-service-media\/86d6e117-f9f2-44e6-b4ba-a3a50a2e1e20.__CR0,0,362,453_PT0_SX362_V1___.jpg\">  <\/p>\n<p>                                              <img decoding=\"async\" alt=\"aplus imagen contento\" src=\"https:\/\/images-na.ssl-images-amazon.com\/images\/G\/01\/x-locale\/common\/grey-pixel.gif\" class=\"a-lazy-loaded\" data-src=\"https:\/\/m.media-amazon.com\/images\/S\/aplus-media-library-service-media\/ff2d953d-0fc3-4407-82d7-34555ca7016c.__CR0,0,362,453_PT0_SX362_V1___.jpg\"><img decoding=\"async\" alt=\"aplus imagen contento\" src=\"https:\/\/m.media-amazon.com\/images\/S\/aplus-media-library-service-media\/ff2d953d-0fc3-4407-82d7-34555ca7016c.__CR0,0,362,453_PT0_SX362_V1___.jpg\">  <\/p>\n<p>                                              <img decoding=\"async\" alt=\"aplus imagen contento\" src=\"https:\/\/images-na.ssl-images-amazon.com\/images\/G\/01\/x-locale\/common\/grey-pixel.gif\" class=\"a-lazy-loaded\" data-src=\"https:\/\/m.media-amazon.com\/images\/S\/aplus-media-library-service-media\/06f2de58-016a-409e-887b-14d07dacd1bb.__CR0,0,362,453_PT0_SX362_V1___.jpg\"><img decoding=\"async\" alt=\"aplus imagen contento\" src=\"https:\/\/m.media-amazon.com\/images\/S\/aplus-media-library-service-media\/06f2de58-016a-409e-887b-14d07dacd1bb.__CR0,0,362,453_PT0_SX362_V1___.jpg\">  <\/p>\n<p>                                              <img decoding=\"async\" alt=\"aplus imagen contento\" src=\"https:\/\/images-na.ssl-images-amazon.com\/images\/G\/01\/x-locale\/common\/grey-pixel.gif\" class=\"a-lazy-loaded\" data-src=\"https:\/\/m.media-amazon.com\/images\/S\/aplus-media-library-service-media\/e43dc690-f2b6-44b4-a855-dba6b43ebe77.__CR0,0,362,453_PT0_SX362_V1___.jpg\"><img decoding=\"async\" alt=\"aplus imagen contento\" src=\"https:\/\/m.media-amazon.com\/images\/S\/aplus-media-library-service-media\/e43dc690-f2b6-44b4-a855-dba6b43ebe77.__CR0,0,362,453_PT0_SX362_V1___.jpg\">  <\/p>\n<p>                                              <img decoding=\"async\" alt=\"Dos personas que miran una tableta e interact\u00faan con ella juntas en un entorno dom\u00e9stico, lo que demuestra el uso de la tecnolog\u00eda intergeneracional.\" src=\"https:\/\/images-na.ssl-images-amazon.com\/images\/G\/01\/x-locale\/common\/grey-pixel.gif\" class=\"a-lazy-loaded\" data-src=\"https:\/\/m.media-amazon.com\/images\/S\/aplus-media-library-service-media\/9bff4dbf-66e3-4958-9efd-d0e141125726.__CR0,0,362,453_PT0_SX362_V1___.jpg\"><img decoding=\"async\" alt=\"Dos personas que miran una tableta e interact\u00faan con ella juntas en un entorno dom\u00e9stico, lo que demuestra el uso de la tecnolog\u00eda intergeneracional.\" src=\"https:\/\/m.media-amazon.com\/images\/S\/aplus-media-library-service-media\/9bff4dbf-66e3-4958-9efd-d0e141125726.__CR0,0,362,453_PT0_SX362_V1___.jpg\">  <\/p>\n<p> Batteries                                            \u200f                                            :                                            \u200e                                            1 D batteries required. (included)   <br \/> Product Dimensions                                            \u200f                                            :                                            \u200e                                            25.65 x 17.02 x 0.76 cm; 523 g   <br \/> Manufacturer                                            \u200f                                            :                                            \u200e                                            ZENVA   <br \/> ASIN                                            \u200f                                            :                                            \u200e                                            B0FLP692TJ   <br \/> Item model number                                            \u200f                                            :                                            \u200e                                            B0FLP692TJ   <br \/> Country of origin                                            \u200f                                            :                                            \u200e                                            Hong Kong   <br \/> Guaranteed software updates until                                            \u200f                                            :                                            \u200e                                            unknown   <br \/>  Customer reviews:                                                                                            4.8               4.8 out of 5 stars                                  (39)                                              var dpAcrHasRegisteredArcLinkClickAction;                    P.when(&#8216;A&#8217;, &#8216;ready&#8217;).execute(function(A) {                        if (dpAcrHasRegisteredArcLinkClickAction !== true) {                            dpAcrHasRegisteredArcLinkClickAction = true;                            A.declarative(                                &#8216;acrLink-click-metrics&#8217;, &#8216;click&#8217;,                                { \u00aballowLinkDefault\u00bb: true },                                function (event) {                                    if (window.ue) {                                        ue.count(\u00abacrLinkClickCount\u00bb, (ue.count(\u00abacrLinkClickCount\u00bb) || 0) + 1);                                    }                                }                            );                        }                    });                                             P.when(&#8216;A&#8217;, &#8216;cf&#8217;).execute(function(A) {                A.declarative(&#8216;acrStarsLink-click-metrics&#8217;, &#8216;click&#8217;, { \u00aballowLinkDefault\u00bb : true },  function(event){                    if(window.ue) {                        ue.count(\u00abacrStarsLinkWithPopoverClickCount\u00bb, (ue.count(\u00abacrStarsLinkWithPopoverClickCount\u00bb) || 0) + 1);                    }                });            });                          <\/p>\n<p>Android 15 + Gemini AI: The 10-inch tablet with Android 15 and Gemini AI gives you a revolutionary digital experience. Android 15 optimizes multitasking and improves data security. With Gemini artificial intelligence, your android tablet in a smart assistant: in the office, you can write reports, participate in video conferencing, and manage tasks with ease. At home, it allows you to enjoy movies and music with an intuitive interface and the highest security protection.<br \/>18GB RAM + 128GB ROM + 2TB Expandable: This keyboard tablet, equipped with 18GB RAM (6GB physical + 12GB virtual) and 128GB internal storage (expandable up to 2TB), is ideal for all kinds of activities. Its high-resolution camera captures precious moments with family and friends. Enjoy wonderful evenings with your loved ones watching movies and series. Ample storage allows you to save your favorite projects and content, although pre-installed system files slightly reduce the available space.<br \/>6000mAh Battery + 5G Wi-Fi: This android 15 tablet features a 6000mAh battery and support for 5G Wi-Fi, offering a fast and lag-free connection experience. Tablet with pen for smooth multitasking, it is ideal for HD streaming and maximizes productivity. Whether you are a student or traveler, this tablet meets all your needs with a quality viewing experience, long battery life and quick connection.<br \/>10&#8243; Screen + HD Camera: This cheap tablet features an HD display that impresses with crisp details and vibrant colors. The 5MP rear camera allows you to capture your best moments. It is perfect for watching movies and reading, offering an immersive visual experience. Its compact design makes it easy to carry. This tablet with keyboard and stylus is versatile, allowing you to explore new digital possibilities anywhere.<br \/>Multifunction Tablet + 2 Year Warranty: This 10 inch tablet includes mouse, keyboard, stylus and screen protector. It is the perfect gift for family and friends. Ideal for working, studying and entertainment, includes two year warranty. For technical support or more information, contact serviceplus.linda@gmail.com.<\/p>\n\n","protected":false},"excerpt":{"rendered":"<p> From the brand Batteries \u200f : \u200e 1 D batteries required. (included) Product Dimensions \u200f<\/p>","protected":false},"featured_media":37579,"comment_status":"open","ping_status":"closed","template":"","meta":[],"product_brand":[],"product_cat":[93],"product_tag":[651,700,1698,391,646,648,726,650,655,1093,1611,518,2231,767,1139,587,2425,647,1094,157,652,653,649,654,916,543,645],"class_list":{"0":"post-37578","1":"product","2":"type-product","3":"status-publish","4":"has-post-thumbnail","6":"product_cat-android-tablets","7":"product_tag-10-inch-tablet","8":"product_tag-128gb","9":"product_tag-18gb","10":"product_tag-android","11":"product_tag-android-tablet","12":"product_tag-best-android-tablet","13":"product_tag-bluetooth","14":"product_tag-budget-android-tablet","15":"product_tag-gaming-tablet","16":"product_tag-ideal","17":"product_tag-inches","18":"product_tag-keyboard","19":"product_tag-mah","20":"product_tag-mouse","21":"product_tag-play","22":"product_tag-ram","23":"product_tag-rom2tb","24":"product_tag-samsung-android-tablet","25":"product_tag-study","26":"product_tag-tablet","27":"product_tag-tablet-for-kids","28":"product_tag-tablet-for-study","29":"product_tag-tablet-with-sim","30":"product_tag-tablet-with-stylus","31":"product_tag-widevine","32":"product_tag-wifi","33":"product_tag-work","35":"first","36":"instock","37":"shipping-taxable","38":"product-type-external"},"_links":{"self":[{"href":"https:\/\/comprasyconsejos.store\/en\/wp-json\/wp\/v2\/product\/37578","targetHints":{"allow":["GET"]}}],"collection":[{"href":"https:\/\/comprasyconsejos.store\/en\/wp-json\/wp\/v2\/product"}],"about":[{"href":"https:\/\/comprasyconsejos.store\/en\/wp-json\/wp\/v2\/types\/product"}],"replies":[{"embeddable":true,"href":"https:\/\/comprasyconsejos.store\/en\/wp-json\/wp\/v2\/comments?post=37578"}],"version-history":[{"count":0,"href":"https:\/\/comprasyconsejos.store\/en\/wp-json\/wp\/v2\/product\/37578\/revisions"}],"wp:featuredmedia":[{"embeddable":true,"href":"https:\/\/comprasyconsejos.store\/en\/wp-json\/wp\/v2\/media\/37579"}],"wp:attachment":[{"href":"https:\/\/comprasyconsejos.store\/en\/wp-json\/wp\/v2\/media?parent=37578"}],"wp:term":[{"taxonomy":"product_brand","embeddable":true,"href":"https:\/\/comprasyconsejos.store\/en\/wp-json\/wp\/v2\/product_brand?post=37578"},{"taxonomy":"product_cat","embeddable":true,"href":"https:\/\/comprasyconsejos.store\/en\/wp-json\/wp\/v2\/product_cat?post=37578"},{"taxonomy":"product_tag","embeddable":true,"href":"https:\/\/comprasyconsejos.store\/en\/wp-json\/wp\/v2\/product_tag?post=37578"}],"curies":[{"name":"wp","href":"https:\/\/api.w.org\/{rel}","templated":true}]}}