{"id":37584,"date":"2026-03-05T02:06:14","date_gmt":"2026-03-05T02:06:14","guid":{"rendered":"https:\/\/comprasyconsejos.store\/product\/gigabyte-gaming-laptop-g6-kf-16-0-inches-165hz-fhd-intel-core-i7-13700h-rtx-4060-gpu-16gb-ddr5-4800mhz-512g-ssd-freedos-g6-kf-73es893kd\/"},"modified":"2026-03-05T02:06:15","modified_gmt":"2026-03-05T02:06:15","slug":"gigabyte-gaming-laptop-g6-kf-16-0-inches-165hz-fhd-intel-core-i7-13700h-rtx-4060-gpu-16gb-ddr5-4800mhz-512g-ssd-freedos-g6-kf-73es893kd","status":"publish","type":"product","link":"https:\/\/comprasyconsejos.store\/en\/product\/gigabyte-gaming-laptop-g6-kf-16-0-inches-165hz-fhd-intel-core-i7-13700h-rtx-4060-gpu-16gb-ddr5-4800mhz-512g-ssd-freedos-g6-kf-73es893kd\/","title":{"rendered":"Gigabyte Gaming Laptop G6 KF \u2013 16.0 Inches, 165Hz FHD, Intel Core i7-13700H, RTX 4060 GPU, 16GB DDR5 4800MHz, 512G SSD, FreeDOS, G6 KF-73ES893KD"},"content":{"rendered":"<p>Price: <span style=\"color:#b12704\">\u20ac1,049.00<\/span><br \/><i><small>(as of Mar 05, 2026 02:06:14 UTC &#8211; <span class=\"wp_automatic_amazon_disclaimer\" title=\"Product prices and availability are accurate as of the date\/time indicated and are subject to change. Any price and availability information displayed on [relevant Amazon Site(s), as applicable] at the time of purchase will apply to the purchase of this product.\">Details<\/span>)<\/small><\/i><\/p>\n<p><a href=\"https:\/\/amazon.es\/dp\/B0F22BP93P?tag=man008-21\"><img decoding=\"async\" src=\"https:\/\/valvepress.s3.amazonaws.com\/imgs\/buy_now.png\"><\/a><br \/>\n<\/p>\n<p>                                             From the manufacturer   <\/p>\n<p>                                                  <img decoding=\"async\" alt=\"G6 (KV)\" src=\"https:\/\/images-na.ssl-images-amazon.com\/images\/G\/01\/x-locale\/common\/grey-pixel.gif\" class=\"a-lazy-loaded\" data-src=\"https:\/\/m.media-amazon.com\/images\/S\/aplus-media-library-service-media\/d8b1e269-7d35-4075-9024-44c3b3bcb44b.__CR2,0,1196,370_PT0_SX970_V1___.jpg\"><img decoding=\"async\" alt=\"G6 (KV)\" src=\"https:\/\/m.media-amazon.com\/images\/S\/aplus-media-library-service-media\/d8b1e269-7d35-4075-9024-44c3b3bcb44b.__CR2,0,1196,370_PT0_SX970_V1___.jpg\">  <\/p>\n<p>                                                  <img decoding=\"async\" alt=\"G6 Laptop\" src=\"https:\/\/images-na.ssl-images-amazon.com\/images\/G\/01\/x-locale\/common\/grey-pixel.gif\" class=\"a-lazy-loaded\" data-src=\"https:\/\/m.media-amazon.com\/images\/S\/aplus-media-library-service-media\/ec90699f-c43e-41f6-8e41-ae4fede2257b.__CR0,0,2000,2000_PT0_SX300_V1___.png\"><img decoding=\"async\" alt=\"G6 Laptop\" src=\"https:\/\/m.media-amazon.com\/images\/S\/aplus-media-library-service-media\/ec90699f-c43e-41f6-8e41-ae4fede2257b.__CR0,0,2000,2000_PT0_SX300_V1___.png\">  <\/p>\n<h3 class=\"a-spacing-mini\"> Port\u00e1til gaming GIGABYTE G6 2024 <\/h3>\n<p> El port\u00e1til gaming GIGABYTE G6 est\u00e1 equipado con un procesador Intel serie H, GPU para port\u00e1tiles NVIDIA GeForce RTX serie 40 y una pantalla de alta frecuencia de actualizaci\u00f3n de 165 Hz. Con un rendimiento potente y tecnolog\u00eda mejorada por IA, te permite afrontar cualquier desaf\u00edo con una eficiencia y durabilidad excepcionales. <\/p>\n<p class=\"apm-text-center\">\n                                                      <img decoding=\"async\" alt=\"M\u00e1s lejos con IA, m\u00e1s r\u00e1pido con RTX\" src=\"https:\/\/images-na.ssl-images-amazon.com\/images\/G\/01\/x-locale\/common\/grey-pixel.gif\" class=\"a-spacing-mini a-lazy-loaded\" data-src=\"https:\/\/m.media-amazon.com\/images\/S\/aplus-media-library-service-media\/3a27b693-193d-4bfa-93e0-0cec56246ba7.__CR0,0,1200,1200_PT0_SX300_V1___.jpeg\"><img decoding=\"async\" alt=\"M\u00e1s lejos con IA, m\u00e1s r\u00e1pido con RTX\" src=\"https:\/\/m.media-amazon.com\/images\/S\/aplus-media-library-service-media\/3a27b693-193d-4bfa-93e0-0cec56246ba7.__CR0,0,1200,1200_PT0_SX300_V1___.jpeg\">  <\/p>\n<p>                                                    M\u00e1s lejos con IA, m\u00e1s r\u00e1pido con RTX                                       <\/p>\n<p> Desde creatividad mejorada y productividad ultraeficiente hasta juegos incre\u00edblemente r\u00e1pidos, lo \u00faltimo en potencia de IA en PC con Windows est\u00e1 en RTX. Las GPU para port\u00e1tiles NVIDIA GeForce RTX serie 40 impulsan los port\u00e1tiles m\u00e1s r\u00e1pidos para jugadores. Con las GPU para port\u00e1tiles NVIDIA GeForce RTX serie 40, libere completamente su rendimiento y experimente mundos virtuales incre\u00edblemente detallados. <\/p>\n<p class=\"apm-text-center\">\n                                                      <img decoding=\"async\" alt=\"Procesador Intel Core i7 serie H de 13.\u00aa generaci\u00f3n\" src=\"https:\/\/images-na.ssl-images-amazon.com\/images\/G\/01\/x-locale\/common\/grey-pixel.gif\" class=\"a-spacing-mini a-lazy-loaded\" data-src=\"https:\/\/m.media-amazon.com\/images\/S\/aplus-media-library-service-media\/bbeee9c2-bd05-4acd-aa80-a41750d25b97.__CR0,0,1200,1200_PT0_SX300_V1___.jpg\"><img decoding=\"async\" alt=\"Procesador Intel Core i7 serie H de 13.\u00aa generaci\u00f3n\" src=\"https:\/\/m.media-amazon.com\/images\/S\/aplus-media-library-service-media\/bbeee9c2-bd05-4acd-aa80-a41750d25b97.__CR0,0,1200,1200_PT0_SX300_V1___.jpg\">  <\/p>\n<p>                                                    Procesador Intel Core i7 serie H de 13.\u00aa generaci\u00f3n                                       <\/p>\n<p> El port\u00e1til gaming GIGABYTE G6 est\u00e1 equipado con un procesador Intel Core de 13\u00aa generaci\u00f3n. Los usuarios pueden transmitir, grabar juegos y ejecutar m\u00faltiples aplicaciones sin compromiso. El G5 ofrece un procesamiento multimedia r\u00e1pido y la experiencia de juego m\u00e1s fluida. <\/p>\n<p class=\"apm-text-center\">\n                                                      <img decoding=\"async\" alt=\"Pantalla gaming 16:10 de 165 Hz\" src=\"https:\/\/images-na.ssl-images-amazon.com\/images\/G\/01\/x-locale\/common\/grey-pixel.gif\" class=\"a-spacing-mini a-lazy-loaded\" data-src=\"https:\/\/m.media-amazon.com\/images\/S\/aplus-media-library-service-media\/cefe14e4-0721-4180-a941-adbceb8a148b.__CR0,0,1200,1200_PT0_SX300_V1___.jpg\"><img decoding=\"async\" alt=\"Pantalla gaming 16:10 de 165 Hz\" src=\"https:\/\/m.media-amazon.com\/images\/S\/aplus-media-library-service-media\/cefe14e4-0721-4180-a941-adbceb8a148b.__CR0,0,1200,1200_PT0_SX300_V1___.jpg\">  <\/p>\n<p>                                                    Pantalla gaming 16:10 de 165 Hz                                       <\/p>\n<p> El panel 16:10 FHD+ 165Hz permite que el GIGABYTE G6 proporcione un \u00e1rea de visualizaci\u00f3n enorme para una experiencia inmersiva, elimine el desenfoque de movimiento y deje una imagen perfectamente fluida. Adem\u00e1s, la gama de colores NTSC al 45 % ampl\u00eda el campo de visi\u00f3n y tambi\u00e9n proporciona una experiencia visual v\u00edvida. <\/p>\n<p class=\"apm-text-center\">\n                                                      <img decoding=\"async\" alt=\"Sonido envolvente Dolby Atmos\" src=\"https:\/\/images-na.ssl-images-amazon.com\/images\/G\/01\/x-locale\/common\/grey-pixel.gif\" class=\"a-spacing-mini a-lazy-loaded\" data-src=\"https:\/\/m.media-amazon.com\/images\/S\/aplus-media-library-service-media\/4d527ce4-6ef4-4205-bd6e-1d0ef33252c2.__CR0,0,1200,1200_PT0_SX300_V1___.jpeg\"><img decoding=\"async\" alt=\"Sonido envolvente Dolby Atmos\" src=\"https:\/\/m.media-amazon.com\/images\/S\/aplus-media-library-service-media\/4d527ce4-6ef4-4205-bd6e-1d0ef33252c2.__CR0,0,1200,1200_PT0_SX300_V1___.jpeg\">  <\/p>\n<p>                                                    Sonido envolvente Dolby Atmos                                       <\/p>\n<p> Impulsado por la tecnolog\u00eda Dolby Atmos, el sonido envolvente del GIGABYTE G6 est\u00e1 dise\u00f1ado para sorprenderte sensacionalmente dentro de la pantalla inmersiva. El sonido envolvente virtual de 5.1.2 canales mejora la inmersi\u00f3n espacial para que puedas aumentar la conciencia en el juego con audio hiperrealista para tener una ventaja sobre la. \u00a1Deleita tus o\u00eddos! <\/p>\n<p class=\"apm-text-center\">\n                                                      <img decoding=\"async\" alt=\"Memoria DDR5 de doble canal\" src=\"https:\/\/images-na.ssl-images-amazon.com\/images\/G\/01\/x-locale\/common\/grey-pixel.gif\" class=\"a-spacing-mini a-lazy-loaded\" data-src=\"https:\/\/m.media-amazon.com\/images\/S\/aplus-media-library-service-media\/d8b9a488-e707-4c10-98f5-43ebe771ce70.__CR0,0,1200,1200_PT0_SX300_V1___.jpeg\"><img decoding=\"async\" alt=\"Memoria DDR5 de doble canal\" src=\"https:\/\/m.media-amazon.com\/images\/S\/aplus-media-library-service-media\/d8b9a488-e707-4c10-98f5-43ebe771ce70.__CR0,0,1200,1200_PT0_SX300_V1___.jpeg\">  <\/p>\n<p>                                                    Memoria DDR5 de doble canal                                       <\/p>\n<p> El GIGABYTE G6 admite memoria DDR5 de doble canal. La memoria DDR5 puede impulsar velocidades de transmisi\u00f3n m\u00e1s r\u00e1pidas que la memoria DDR4 con un menor consumo de energ\u00eda y brindar al sistema resultados estables durante la multitarea e incluso en los juegos m\u00e1s intensivos. <\/p>\n<p class=\"apm-text-center\">\n                                                      <img decoding=\"async\" alt=\"Potente refrigeraci\u00f3n WINDFORCE\" src=\"https:\/\/images-na.ssl-images-amazon.com\/images\/G\/01\/x-locale\/common\/grey-pixel.gif\" class=\"a-spacing-mini a-lazy-loaded\" data-src=\"https:\/\/m.media-amazon.com\/images\/S\/aplus-media-library-service-media\/7d24bb9d-b1f0-42ef-a511-ea0621c65355.__CR0,0,1200,1200_PT0_SX300_V1___.jpg\"><img decoding=\"async\" alt=\"Potente refrigeraci\u00f3n WINDFORCE\" src=\"https:\/\/m.media-amazon.com\/images\/S\/aplus-media-library-service-media\/7d24bb9d-b1f0-42ef-a511-ea0621c65355.__CR0,0,1200,1200_PT0_SX300_V1___.jpg\">  <\/p>\n<p>                                                    Potente refrigeraci\u00f3n WINDFORCE                                       <\/p>\n<p> Puede mantener la comodidad de su operaci\u00f3n incluso durante juegos de alta carga o bajo procesamiento multimedia, no solo ayuda al G6 a proporcionar una mejor disipaci\u00f3n del calor, sino que tambi\u00e9n permanece silencioso y estable al mismo tiempo. <\/p>\n<p>                                                  <img decoding=\"async\" alt=\"io\" src=\"https:\/\/images-na.ssl-images-amazon.com\/images\/G\/01\/x-locale\/common\/grey-pixel.gif\" class=\"a-lazy-loaded\" data-src=\"https:\/\/m.media-amazon.com\/images\/S\/aplus-media-library-service-media\/19386e8b-8e8a-4577-b014-d24f10d280b3.__CR2,0,1196,370_PT0_SX970_V1___.jpg\"><img decoding=\"async\" alt=\"io\" src=\"https:\/\/m.media-amazon.com\/images\/S\/aplus-media-library-service-media\/19386e8b-8e8a-4577-b014-d24f10d280b3.__CR2,0,1196,370_PT0_SX970_V1___.jpg\">  <\/p>\n<p> Language                                            \u200f                                            :                                            \u200e                                            Spanish   <br \/> Product Dimensions                                            \u200f                                            :                                            \u200e                                            35.95 x 2.6 x 26.38 cm; 2.3 kg   <br \/> Manufacturer                                            \u200f                                            :                                            \u200e                                            GIGABYTE   <br \/> ASIN                                            \u200f                                            :                                            \u200e                                            B0F22BP93P   <br \/> Item model number                                            \u200f                                            :                                            \u200e                                            9RC56KF0HDIK0IES000   <br \/> Country of origin                                            \u200f                                            :                                            \u200e                                            Spain   <br \/> Guaranteed software updates until                                            \u200f                                            :                                            \u200e                                            unknown   <br \/>  Customer reviews:                                                                                            4.0               4.0 out of 5 stars                                  (33)                                              var dpAcrHasRegisteredArcLinkClickAction;                    P.when(&#8216;A&#8217;, &#8216;ready&#8217;).execute(function(A) {                        if (dpAcrHasRegisteredArcLinkClickAction !== true) {                            dpAcrHasRegisteredArcLinkClickAction = true;                            A.declarative(                                &#8216;acrLink-click-metrics&#8217;, &#8216;click&#8217;,                                { \u00aballowLinkDefault\u00bb: true },                                function (event) {                                    if (window.ue) {                                        ue.count(\u00abacrLinkClickCount\u00bb, (ue.count(\u00abacrLinkClickCount\u00bb) || 0) + 1);                                    }                                }                            );                        }                    });                                             P.when(&#8216;A&#8217;, &#8216;cf&#8217;).execute(function(A) {                A.declarative(&#8216;acrStarsLink-click-metrics&#8217;, &#8216;click&#8217;, { \u00aballowLinkDefault\u00bb : true },  function(event){                    if(window.ue) {                        ue.count(\u00abacrStarsLinkWithPopoverClickCount\u00bb, (ue.count(\u00abacrStarsLinkWithPopoverClickCount\u00bb) || 0) + 1);                    }                });            });                          <\/p>\n<p>16.0&#8243; 16:10 WUXGA (1920 x 1200) 165Hz FHD Display<br \/>NVIDIA GeForce RTX 4060 Laptop GPU<br \/>13th Gen Intel Core i7-13700H<br \/>Dolby Atmos Surround Sound<br \/>WINDFORCE Cooling System<\/p>\n\n","protected":false},"excerpt":{"rendered":"<p> From the manufacturer Port\u00e1til gaming GIGABYTE G6 2024 El port\u00e1til gaming GIGABYTE G6 est\u00e1 equipado<\/p>","protected":false},"featured_media":37585,"comment_status":"open","ping_status":"closed","template":"","meta":[],"product_brand":[],"product_cat":[86],"product_tag":[526,3745,509,2576,1286,520,698,623,639,5816,617,519,524,521,525,522,1581,599,523,11192,1611,562,11193,159,528,527,621,513],"class_list":{"0":"post-37584","1":"product","2":"type-product","3":"status-publish","4":"has-post-thumbnail","6":"product_cat-gaming-laptop","7":"product_tag-144hz-gaming-laptop","8":"product_tag-165hz","9":"product_tag-16gb","10":"product_tag-4800mhz","11":"product_tag-512g","12":"product_tag-best-gaming-laptop","13":"product_tag-core","14":"product_tag-ddr5","15":"product_tag-fhd","16":"product_tag-freedos","17":"product_tag-gaming","18":"product_tag-gaming-laptop","19":"product_tag-gaming-laptop-16gb-ram","20":"product_tag-gaming-laptop-rtx","21":"product_tag-gaming-laptop-ssd","22":"product_tag-gaming-laptop-under-budget","23":"product_tag-gigabyte","24":"product_tag-gpu","25":"product_tag-high-performance-laptop","26":"product_tag-i713700h","27":"product_tag-inches","28":"product_tag-intel","29":"product_tag-kf73es893kd","30":"product_tag-laptop","31":"product_tag-portable-gaming-laptop","32":"product_tag-rgb-gaming-laptop","33":"product_tag-rtx","34":"product_tag-ssd","36":"first","37":"instock","38":"shipping-taxable","39":"product-type-external"},"_links":{"self":[{"href":"https:\/\/comprasyconsejos.store\/en\/wp-json\/wp\/v2\/product\/37584","targetHints":{"allow":["GET"]}}],"collection":[{"href":"https:\/\/comprasyconsejos.store\/en\/wp-json\/wp\/v2\/product"}],"about":[{"href":"https:\/\/comprasyconsejos.store\/en\/wp-json\/wp\/v2\/types\/product"}],"replies":[{"embeddable":true,"href":"https:\/\/comprasyconsejos.store\/en\/wp-json\/wp\/v2\/comments?post=37584"}],"version-history":[{"count":0,"href":"https:\/\/comprasyconsejos.store\/en\/wp-json\/wp\/v2\/product\/37584\/revisions"}],"wp:featuredmedia":[{"embeddable":true,"href":"https:\/\/comprasyconsejos.store\/en\/wp-json\/wp\/v2\/media\/37585"}],"wp:attachment":[{"href":"https:\/\/comprasyconsejos.store\/en\/wp-json\/wp\/v2\/media?parent=37584"}],"wp:term":[{"taxonomy":"product_brand","embeddable":true,"href":"https:\/\/comprasyconsejos.store\/en\/wp-json\/wp\/v2\/product_brand?post=37584"},{"taxonomy":"product_cat","embeddable":true,"href":"https:\/\/comprasyconsejos.store\/en\/wp-json\/wp\/v2\/product_cat?post=37584"},{"taxonomy":"product_tag","embeddable":true,"href":"https:\/\/comprasyconsejos.store\/en\/wp-json\/wp\/v2\/product_tag?post=37584"}],"curies":[{"name":"wp","href":"https:\/\/api.w.org\/{rel}","templated":true}]}}