{"id":37587,"date":"2026-03-05T02:13:03","date_gmt":"2026-03-05T02:13:03","guid":{"rendered":"https:\/\/comprasyconsejos.store\/product\/laptop-pc-16gb-ram-512gb-ssd-15-6-inch-m3-6y30-0-9-to-2-2ghzlaptop-2026fhd-1920-x-1080p5000mah-38-5whtf-card-webcam-touch-panelstudent-professional\/"},"modified":"2026-03-05T02:13:09","modified_gmt":"2026-03-05T02:13:09","slug":"laptop-pc-16gb-ram-512gb-ssd-15-6-inch-m3-6y30-0-9-to-2-2ghzlaptop-2026fhd-1920-x-1080p5000mah-38-5whtf-card-webcam-touch-panelstudent-professional","status":"publish","type":"product","link":"https:\/\/comprasyconsejos.store\/en\/product\/laptop-pc-16gb-ram-512gb-ssd-15-6-inch-m3-6y30-0-9-to-2-2ghzlaptop-2026fhd-1920-x-1080p5000mah-38-5whtf-card-webcam-touch-panelstudent-professional\/","title":{"rendered":"Laptop PC 16GB RAM 512GB SSD 15.6 Inch M3-6Y30 (0.9 to 2.2GHz),Laptop 2026,FHD 1920 x 1080P,5000mAh\/38.5WH,TF Card Webcam Touch Panel,Student\/Professional"},"content":{"rendered":"<p>Price: <span style=\"color:#b12704\">\u20ac399.99<\/span><br \/><i><small>(as of Mar 05, 2026 02:13:04 UTC &#8211; <span class=\"wp_automatic_amazon_disclaimer\" title=\"Product prices and availability are accurate as of the date\/time indicated and are subject to change. Any price and availability information displayed on [relevant Amazon Site(s), as applicable] at the time of purchase will apply to the purchase of this product.\">Details<\/span>)<\/small><\/i><\/p>\n<p><a href=\"https:\/\/amazon.es\/dp\/B0GGHJH43D?tag=man008-21\"><img decoding=\"async\" src=\"https:\/\/valvepress.s3.amazonaws.com\/imgs\/buy_now.png\"><\/a><br \/>\n<\/p>\n<p>                                             Product Description   <\/p>\n<p>                                                                                                       <img decoding=\"async\" alt=\"El texto dice \u00abPORT\u00c1TIL CHIFUYOU-11\u00bb seguido de los iconos del procesador, la RAM, Bluetooth y WiFi. La imagen de marketing muestra un port\u00e1til con una pantalla iluminada en azul.\" src=\"https:\/\/images-na.ssl-images-amazon.com\/images\/G\/01\/x-locale\/common\/grey-pixel.gif\" class=\"a-lazy-loaded\" data-src=\"https:\/\/m.media-amazon.com\/images\/S\/aplus-media-library-service-media\/dbfdd98b-c64c-4736-8dfa-b55c9b8a179e.__CR0,0,1464,600_PT0_SX1464_V1___.jpg\"><img decoding=\"async\" alt=\"El texto dice \u00abPORT\u00c1TIL CHIFUYOU-11\u00bb seguido de los iconos del procesador, la RAM, Bluetooth y WiFi. La imagen de marketing muestra un port\u00e1til con una pantalla iluminada en azul.\" src=\"https:\/\/m.media-amazon.com\/images\/S\/aplus-media-library-service-media\/dbfdd98b-c64c-4736-8dfa-b55c9b8a179e.__CR0,0,1464,600_PT0_SX1464_V1___.jpg\">                                               <\/p>\n<p>                                                                                                       <img decoding=\"async\" alt=\"El texto dice \u00abM3-6Y30 con eficiencia energ\u00e9tica\u00bb y \u00abComparaci\u00f3n de rendimiento del Cinebench R23\u00bb. Gr\u00e1fico de comparaci\u00f3n t\u00e9cnica con barras de rendimiento azules que muestran los resultados de referencia.\" src=\"https:\/\/images-na.ssl-images-amazon.com\/images\/G\/01\/x-locale\/common\/grey-pixel.gif\" class=\"a-lazy-loaded\" data-src=\"https:\/\/m.media-amazon.com\/images\/S\/aplus-media-library-service-media\/250514a2-2deb-4a9b-b489-42f68bc3a51c.__CR0,0,1464,600_PT0_SX1464_V1___.jpg\"><img decoding=\"async\" alt=\"El texto dice \u00abM3-6Y30 con eficiencia energ\u00e9tica\u00bb y \u00abComparaci\u00f3n de rendimiento del Cinebench R23\u00bb. Gr\u00e1fico de comparaci\u00f3n t\u00e9cnica con barras de rendimiento azules que muestran los resultados de referencia.\" src=\"https:\/\/m.media-amazon.com\/images\/S\/aplus-media-library-service-media\/250514a2-2deb-4a9b-b489-42f68bc3a51c.__CR0,0,1464,600_PT0_SX1464_V1___.jpg\">                                               <\/p>\n<p>                                                                                                              <img decoding=\"async\" alt=\"El texto dice: \u00abCombinaciones de teclas de funci\u00f3n Fn para operaciones r\u00e1pidas\u00bb. Teclado para videojuegos con retroiluminaci\u00f3n azul sobre fondo oscuro.\" src=\"https:\/\/m.media-amazon.com\/images\/S\/aplus-media-library-service-media\/66d38ae0-c3f1-4123-8c74-8d1fc0c67d1c.__CR0,0,1464,600_PT0_SX1464_V1___.jpg\">                                                    <img decoding=\"async\" alt=\"aplus content image\" src=\"https:\/\/m.media-amazon.com\/images\/S\/aplus-media-library-service-media\/3a5441cc-3f25-48eb-986c-541a57f54c6f.__CR0,0,1464,600_PT0_SX1464_V1___.jpg\"><br \/>\n                            1 Tecla de funci\u00f3n FN <\/p>\n<p>                            2 Teclado ergon\u00f3mico <\/p>\n<p>                                                                                                              <img decoding=\"async\" alt=\"El texto dice \u00abLas interfaces enriquecidas satisfacen las necesidades de m\u00faltiples\u00bb. Diagrama t\u00e9cnico de la interfaz que muestra varios puertos y conexiones, incluidos los \u00abauriculares de 3,5 mm\u00bb y el \u00abpuerto NVIDIA DC\u00bb.\" src=\"https:\/\/m.media-amazon.com\/images\/S\/aplus-media-library-service-media\/4d0f21ad-3ccb-41fe-ab65-498feba5352a.__CR0,0,1464,600_PT0_SX1464_V1___.jpg\">                                                    <img decoding=\"async\" alt=\"El texto dice \u00ab180\u00b0 delgado y ajustable\u00bb. Diagrama t\u00e9cnico que muestra las medidas angulares de 45\u00b0 y 180\u00b0 con un fondo azul degradado que muestra los \u00e1ngulos de visi\u00f3n ajustables.\" src=\"https:\/\/m.media-amazon.com\/images\/S\/aplus-media-library-service-media\/735d1a27-ad38-4ab1-a475-6499e031942c.__CR0,0,1464,600_PT0_SX1464_V1___.jpg\"><br \/>\n                            1 Extensive interfaces <\/p>\n<p>                            2 Despliegue de 180 grados <\/p>\n<p>                                                                                                       <img decoding=\"async\" alt=\"El texto dice \u00abBater\u00eda de larga duraci\u00f3n para uso port\u00e1til\u00bb. Las especificaciones t\u00e9cnicas muestran una capacidad de bater\u00eda de 38,5 Wh y una duraci\u00f3n de 4 horas con gr\u00e1ficos indicadores de bater\u00eda.\" src=\"https:\/\/images-na.ssl-images-amazon.com\/images\/G\/01\/x-locale\/common\/grey-pixel.gif\" class=\"a-lazy-loaded\" data-src=\"https:\/\/m.media-amazon.com\/images\/S\/aplus-media-library-service-media\/7cd2f5df-d244-4beb-9970-15555d057437.__CR0,0,1464,600_PT0_SX1464_V1___.jpg\"><img decoding=\"async\" alt=\"El texto dice \u00abBater\u00eda de larga duraci\u00f3n para uso port\u00e1til\u00bb. Las especificaciones t\u00e9cnicas muestran una capacidad de bater\u00eda de 38,5 Wh y una duraci\u00f3n de 4 horas con gr\u00e1ficos indicadores de bater\u00eda.\" src=\"https:\/\/m.media-amazon.com\/images\/S\/aplus-media-library-service-media\/7cd2f5df-d244-4beb-9970-15555d057437.__CR0,0,1464,600_PT0_SX1464_V1___.jpg\">                                               <\/p>\n<p>                                                                                                       <img decoding=\"async\" alt=\"El texto dice \u00abAltavoces est\u00e9reo de doble canal\u00bb y \u00abAltavoces est\u00e9reo 8D de doble canal integrados para una experiencia de sonido envolvente\u00bb. Imagen de marketing que muestra un port\u00e1til con ondas sonoras que emanan un efecto visual en tonos azules.\" src=\"https:\/\/images-na.ssl-images-amazon.com\/images\/G\/01\/x-locale\/common\/grey-pixel.gif\" class=\"a-lazy-loaded\" data-src=\"https:\/\/m.media-amazon.com\/images\/S\/aplus-media-library-service-media\/414dfb6f-a877-4f35-b539-9c73f6258573.__CR0,0,1464,600_PT0_SX1464_V1___.jpg\"><img decoding=\"async\" alt=\"El texto dice \u00abAltavoces est\u00e9reo de doble canal\u00bb y \u00abAltavoces est\u00e9reo 8D de doble canal integrados para una experiencia de sonido envolvente\u00bb. Imagen de marketing que muestra un port\u00e1til con ondas sonoras que emanan un efecto visual en tonos azules.\" src=\"https:\/\/m.media-amazon.com\/images\/S\/aplus-media-library-service-media\/414dfb6f-a877-4f35-b539-9c73f6258573.__CR0,0,1464,600_PT0_SX1464_V1___.jpg\">                                               <\/p>\n<p> Product Dimensions                                            \u200f                                            :                                            \u200e                                            35.7 x 25 x 2 cm; 1.8 kg   <br \/> Manufacturer                                            \u200f                                            :                                            \u200e                                            CHIFUYOU   <br \/> ASIN                                            \u200f                                            :                                            \u200e                                            B0GGHJH43D   <br \/> Country of origin                                            \u200f                                            :                                            \u200e                                            Spain   <br \/> Guaranteed software updates until                                            \u200f                                            :                                            \u200e                                            unknown   <br \/>  Customer reviews:                                                                                            1.0               1.0 out of 5 stars                                  (1)                                              var dpAcrHasRegisteredArcLinkClickAction;                    P.when(&#8216;A&#8217;, &#8216;ready&#8217;).execute(function(A) {                        if (dpAcrHasRegisteredArcLinkClickAction !== true) {                            dpAcrHasRegisteredArcLinkClickAction = true;                            A.declarative(                                &#8216;acrLink-click-metrics&#8217;, &#8216;click&#8217;,                                { \u00aballowLinkDefault\u00bb: true },                                function (event) {                                    if (window.ue) {                                        ue.count(\u00abacrLinkClickCount\u00bb, (ue.count(\u00abacrLinkClickCount\u00bb) || 0) + 1);                                    }                                }                            );                        }                    });                                             P.when(&#8216;A&#8217;, &#8216;cf&#8217;).execute(function(A) {                A.declarative(&#8216;acrStarsLink-click-metrics&#8217;, &#8216;click&#8217;, { \u00aballowLinkDefault\u00bb : true },  function(event){                    if(window.ue) {                        ue.count(\u00abacrStarsLinkWithPopoverClickCount\u00bb, (ue.count(\u00abacrStarsLinkWithPopoverClickCount\u00bb) || 0) + 1);                    }                });            });                          <\/p>\n<p>\u3010Large Storage Capacity\u3011 Equipped with 16GB single channel SODIMM memory and 512GB SSD, SATA SSD delivers up to 2.14GB\/s transfer speed, dramatically improving the efficiency of software upload and file transfer, and allows you to easily handle large files or tasks that demand high performance, achieving fast bootup, ultra-fast file transfers. fast and multiples task. Smooth operation.<br \/>\u3010Device Processor\u3011The device is equipped with a M3 6Y30 processor with a base frequency of 0.90 GHz and a burst frequency of 2.20 GHz, allowing office, leisure and entertainment tasks to run smoothly and without latency. With integrated graphics and pre-installed Win 11 Pro, it delivers unmatched performance for document processing, web browsing and multitasking, whether you&#8217;re working or gaming.<br \/>\u3010High Definition Images\u3011 The device features a 15.6 inch 16:9 Full HD screen with 1920 x 1080p HD resolution to offer the best visual experience. Its brightness of up to 250 cd\/m\u00b2 ensures crystal clear visibility in all lighting conditions. It goes beyond multimedia consumption to include video conferencing, video playback and entertainment, providing a complete visual solution.<br \/>\u3010Operating System &#038; Application Scenarios\u3011 M3-6Y30 devices are perfect for a wide range of users in the fields of education, design, professional services, small business, programming, entertainment, broadcast media, online courses, distance learning, Zoom conferencing and video conferencing.<br \/>\u3010Focused on User Needs\u3011CHIFUYOU is committed to providing customers with high-quality products and services. All computers undergo rigorous testing 24\/7 before leaving our factory. In addition, we offer a one-year warranty and 24 hours a day customer support. If you have any questions at this time, please feel free to contact us at any time. If you encounter any problems when using our products, please contact us as soon as possible and we will help you find a solution.<\/p>\n\n","protected":false},"excerpt":{"rendered":"<p> Product Description 1 Tecla de funci\u00f3n FN 2 Teclado ergon\u00f3mico 1 Extensive interfaces 2 Despliegue<\/p>","protected":false},"featured_media":37588,"comment_status":"open","ping_status":"closed","template":"","meta":[],"product_brand":[],"product_cat":[85],"product_tag":[11196,509,11194,11195,536,575,573,577,1420,578,581,584,159,582,576,6023,574,11197,580,587,513,515,545,579],"class_list":{"0":"post-37587","1":"product","2":"type-product","3":"status-publish","4":"has-post-thumbnail","6":"product_cat-business-laptop","7":"product_tag-1080p5000mah38-5whtf","8":"product_tag-16gb","9":"product_tag-2-2ghzlaptop","10":"product_tag-2026fhd","11":"product_tag-512gb","12":"product_tag-best-laptop-for-business","13":"product_tag-business-laptop","14":"product_tag-business-laptop-with-ssd","15":"product_tag-card","16":"product_tag-corporate-laptop","17":"product_tag-durable-business-laptop","18":"product_tag-inch","19":"product_tag-laptop","20":"product_tag-laptop-for-work","21":"product_tag-lightweight-business-laptop","22":"product_tag-m36y30","23":"product_tag-office-laptop","24":"product_tag-panelstudentprofessional","25":"product_tag-professional-laptop","26":"product_tag-ram","27":"product_tag-ssd","28":"product_tag-touch","29":"product_tag-webcam","30":"product_tag-windows-business-laptop","32":"first","33":"instock","34":"shipping-taxable","35":"product-type-external"},"_links":{"self":[{"href":"https:\/\/comprasyconsejos.store\/en\/wp-json\/wp\/v2\/product\/37587","targetHints":{"allow":["GET"]}}],"collection":[{"href":"https:\/\/comprasyconsejos.store\/en\/wp-json\/wp\/v2\/product"}],"about":[{"href":"https:\/\/comprasyconsejos.store\/en\/wp-json\/wp\/v2\/types\/product"}],"replies":[{"embeddable":true,"href":"https:\/\/comprasyconsejos.store\/en\/wp-json\/wp\/v2\/comments?post=37587"}],"version-history":[{"count":0,"href":"https:\/\/comprasyconsejos.store\/en\/wp-json\/wp\/v2\/product\/37587\/revisions"}],"wp:featuredmedia":[{"embeddable":true,"href":"https:\/\/comprasyconsejos.store\/en\/wp-json\/wp\/v2\/media\/37588"}],"wp:attachment":[{"href":"https:\/\/comprasyconsejos.store\/en\/wp-json\/wp\/v2\/media?parent=37587"}],"wp:term":[{"taxonomy":"product_brand","embeddable":true,"href":"https:\/\/comprasyconsejos.store\/en\/wp-json\/wp\/v2\/product_brand?post=37587"},{"taxonomy":"product_cat","embeddable":true,"href":"https:\/\/comprasyconsejos.store\/en\/wp-json\/wp\/v2\/product_cat?post=37587"},{"taxonomy":"product_tag","embeddable":true,"href":"https:\/\/comprasyconsejos.store\/en\/wp-json\/wp\/v2\/product_tag?post=37587"}],"curies":[{"name":"wp","href":"https:\/\/api.w.org\/{rel}","templated":true}]}}