{"id":37602,"date":"2026-03-05T03:59:22","date_gmt":"2026-03-05T03:59:22","guid":{"rendered":"https:\/\/comprasyconsejos.store\/product\/hp-external-usb-dvdrw-drive-optical-disc-drive-black-portable-dvd%c2%b1rw-usb-2-0\/"},"modified":"2026-03-05T03:59:22","modified_gmt":"2026-03-05T03:59:22","slug":"hp-external-usb-dvdrw-drive-optical-disc-drive-black-portable-dvd%c2%b1rw-usb-2-0","status":"publish","type":"product","link":"https:\/\/comprasyconsejos.store\/en\/product\/hp-external-usb-dvdrw-drive-optical-disc-drive-black-portable-dvd%c2%b1rw-usb-2-0\/","title":{"rendered":"HP External USB DVDRW Drive Optical Disc Drive (Black, Portable, DVD\u00b1RW, USB 2.0)"},"content":{"rendered":"<p>Price: <span style=\"color:#b12704\">\u20ac31.26<\/span><br \/><i><small>(as of Mar 05, 2026 03:59:22 UTC &#8211; <span class=\"wp_automatic_amazon_disclaimer\" title=\"Product prices and availability are accurate as of the date\/time indicated and are subject to change. Any price and availability information displayed on [relevant Amazon Site(s), as applicable] at the time of purchase will apply to the purchase of this product.\">Details<\/span>)<\/small><\/i><\/p>\n<p><a href=\"https:\/\/amazon.es\/dp\/B00H2FTQEW?tag=man008-21\"><img decoding=\"async\" src=\"https:\/\/valvepress.s3.amazonaws.com\/imgs\/buy_now.png\"><\/a><br \/>\n<\/p>\n<p>                                             From the manufacturer   <\/p>\n<p>                                                                             <img decoding=\"async\" alt=\"HP\" src=\"https:\/\/images-na.ssl-images-amazon.com\/images\/G\/01\/x-locale\/common\/grey-pixel.gif\" class=\"a-spacing-base a-lazy-loaded\" data-src=\"https:\/\/m.media-amazon.com\/images\/S\/aplus-media\/sota\/680f2d63-d5e4-46f9-9d0e-9207ce7a11d0.__CR0,0,970,600_PT0_SX970_V1___.jpg\"><img decoding=\"async\" alt=\"HP\" src=\"https:\/\/m.media-amazon.com\/images\/S\/aplus-media\/sota\/680f2d63-d5e4-46f9-9d0e-9207ce7a11d0.__CR0,0,970,600_PT0_SX970_V1___.jpg\">                                                                     <\/p>\n<p class=\"a-spacing-base\"> HP es una empresa de tecnolog\u00eda nacida de la creencia de que las empresas deben hacer algo m\u00e1s que obtener ganancias. Sus esfuerzos en la acci\u00f3n clim\u00e1tica, los derechos humanos y la equidad digital demuestran que estamos haciendo todo lo posible para que as\u00ed sea. Con m\u00e1s de 80 a\u00f1os de acciones que prueban sus intenciones, tienen la confianza para imaginar un mundo donde la innovaci\u00f3n impulsa contribuciones extraordinarias a la humanidad. Y su tecnolog\u00eda, una cartera de productos y servicios de sistemas personales, impresoras y soluciones de impresi\u00f3n 3D, se cre\u00f3 para inspirar este progreso significativo. Saben que las ideas bien pensadas pueden provenir de cualquier persona, en cualquier lugar y en cualquier momento. Y todo lo que se necesita es uno para cambiar el mundo. <\/p>\n<h3 class=\"a-spacing-small\"> CATEGORIAS <\/h3>\n<p class=\"apm-text-center\">\n                                                      <img decoding=\"async\" alt=\"hp\" src=\"https:\/\/images-na.ssl-images-amazon.com\/images\/G\/01\/x-locale\/common\/grey-pixel.gif\" class=\"a-lazy-loaded\" data-src=\"https:\/\/m.media-amazon.com\/images\/S\/aplus-media\/sota\/f5ed9572-7539-4bbb-8e43-0dd6bfbe8e00.__CR0,0,220,220_PT0_SX220_V1___.jpg\"><img decoding=\"async\" alt=\"hp\" src=\"https:\/\/m.media-amazon.com\/images\/S\/aplus-media\/sota\/f5ed9572-7539-4bbb-8e43-0dd6bfbe8e00.__CR0,0,220,220_PT0_SX220_V1___.jpg\">  <\/p>\n<p>                                                    Port\u00e1tiles                                     <\/p>\n<p class=\"a-size-small\">\n<p>Port\u00e1tiles profesionalesPort\u00e1tiles gaming2 en 1 y TabletsChromebooksWorkstations     <\/p>\n<p class=\"apm-text-center\">\n                                                      <img decoding=\"async\" alt=\"hp\" src=\"https:\/\/images-na.ssl-images-amazon.com\/images\/G\/01\/x-locale\/common\/grey-pixel.gif\" class=\"a-lazy-loaded\" data-src=\"https:\/\/m.media-amazon.com\/images\/S\/aplus-media\/sota\/df5ab5e4-d840-4b91-9c8a-2c3d72aaf5ff.__CR0,0,286,286_PT0_SX220_V1___.jpg\"><img decoding=\"async\" alt=\"hp\" src=\"https:\/\/m.media-amazon.com\/images\/S\/aplus-media\/sota\/df5ab5e4-d840-4b91-9c8a-2c3d72aaf5ff.__CR0,0,286,286_PT0_SX220_V1___.jpg\">  <\/p>\n<p>                                                    Sobremesas                                     <\/p>\n<p class=\"a-size-small\">\n<p>Sobremesas profesionalesSobremesas gamingAll-in-OnesTorres y MiniWorkstations     <\/p>\n<p class=\"apm-text-center\">\n                                                      <img decoding=\"async\" alt=\"hp\" src=\"https:\/\/images-na.ssl-images-amazon.com\/images\/G\/01\/x-locale\/common\/grey-pixel.gif\" class=\"a-lazy-loaded\" data-src=\"https:\/\/m.media-amazon.com\/images\/S\/aplus-media\/sota\/b49f2773-11d4-4133-8470-17f99f588e25.__CR0,0,220,220_PT0_SX220_V1___.jpg\"><img decoding=\"async\" alt=\"hp\" src=\"https:\/\/m.media-amazon.com\/images\/S\/aplus-media\/sota\/b49f2773-11d4-4133-8470-17f99f588e25.__CR0,0,220,220_PT0_SX220_V1___.jpg\">  <\/p>\n<p>                                                    Workstations                                     <\/p>\n<p class=\"a-size-small\">\n<p>Port\u00e1tilesSobremesasMonitoresRealidad Virtual     <\/p>\n<p class=\"apm-text-center\">\n                                                      <img decoding=\"async\" alt=\"hp\" src=\"https:\/\/images-na.ssl-images-amazon.com\/images\/G\/01\/x-locale\/common\/grey-pixel.gif\" class=\"a-lazy-loaded\" data-src=\"https:\/\/m.media-amazon.com\/images\/S\/aplus-media\/sota\/0a753c0e-9648-4a4e-ad7b-5b43b9c0969a.__CR0,0,220,220_PT0_SX220_V1___.jpg\"><img decoding=\"async\" alt=\"hp\" src=\"https:\/\/m.media-amazon.com\/images\/S\/aplus-media\/sota\/0a753c0e-9648-4a4e-ad7b-5b43b9c0969a.__CR0,0,220,220_PT0_SX220_V1___.jpg\">  <\/p>\n<p>                                                    Monitores                                     <\/p>\n<p class=\"a-size-small\">\n<p>Monitores profesionalesMonitores gamingM\u00e1s de 27&#8243;Alta resoluci\u00f3nMonitores curvos     <\/p>\n<p class=\"apm-text-center\">\n                                                      <img decoding=\"async\" alt=\"hp\" src=\"https:\/\/images-na.ssl-images-amazon.com\/images\/G\/01\/x-locale\/common\/grey-pixel.gif\" class=\"a-lazy-loaded\" data-src=\"https:\/\/m.media-amazon.com\/images\/S\/aplus-media\/sota\/f7951b6e-975f-4d6e-b23f-58acec0d5a34.__CR0,0,220,220_PT0_SX220_V1___.jpg\"><img decoding=\"async\" alt=\"hp\" src=\"https:\/\/m.media-amazon.com\/images\/S\/aplus-media\/sota\/f7951b6e-975f-4d6e-b23f-58acec0d5a34.__CR0,0,220,220_PT0_SX220_V1___.jpg\">  <\/p>\n<p>                                                    Impresoras                                     <\/p>\n<p class=\"a-size-small\">\n<p>Impresoras para el hogarImpresoras para la oficina en casaImpresoras para empresasInyecci\u00f3n de TintaLaser JetGran formatoEsc\u00e1neres     <\/p>\n<p class=\"apm-text-center\">\n                                                      <img decoding=\"async\" alt=\"hp\" src=\"https:\/\/images-na.ssl-images-amazon.com\/images\/G\/01\/x-locale\/common\/grey-pixel.gif\" class=\"a-lazy-loaded\" data-src=\"https:\/\/m.media-amazon.com\/images\/S\/aplus-media\/sota\/64b15a03-8cb0-4e0b-923d-63e61db8f49c.__CR0,0,220,220_PT0_SX220_V1___.jpg\"><img decoding=\"async\" alt=\"hp\" src=\"https:\/\/m.media-amazon.com\/images\/S\/aplus-media\/sota\/64b15a03-8cb0-4e0b-923d-63e61db8f49c.__CR0,0,220,220_PT0_SX220_V1___.jpg\">  <\/p>\n<p>                                                    Tinta y T\u00f3ner                                     <\/p>\n<p class=\"a-size-small\">\n<p>TintaT\u00f3nerPapelCabezal de impresi\u00f3n     <\/p>\n<p class=\"apm-text-center\">\n                                                      <img decoding=\"async\" alt=\"hp\" src=\"https:\/\/images-na.ssl-images-amazon.com\/images\/G\/01\/x-locale\/common\/grey-pixel.gif\" class=\"a-lazy-loaded\" data-src=\"https:\/\/m.media-amazon.com\/images\/S\/aplus-media\/sota\/2a761b47-ff3f-432a-a482-a94c765ba0aa.__CR0,0,220,220_PT0_SX220_V1___.jpg\"><img decoding=\"async\" alt=\"hp\" src=\"https:\/\/m.media-amazon.com\/images\/S\/aplus-media\/sota\/2a761b47-ff3f-432a-a482-a94c765ba0aa.__CR0,0,220,220_PT0_SX220_V1___.jpg\">  <\/p>\n<p>                                                    Accesorios                                     <\/p>\n<p class=\"a-size-small\">\n<p>RatonesTecladosL\u00e1picesDockingsBater\u00edasMochilas y maletinesAudio y gafas de RVC\u00e1maras web y micr\u00f3fonosAccesorios de gamingComponentes de PC     <\/p>\n<p class=\"apm-text-center\">\n<p>                                                                             <img decoding=\"async\" alt=\"hp\" src=\"https:\/\/images-na.ssl-images-amazon.com\/images\/G\/01\/x-locale\/common\/grey-pixel.gif\" class=\"a-spacing-base a-lazy-loaded\" data-src=\"https:\/\/m.media-amazon.com\/images\/S\/aplus-media\/sota\/d14f4c70-7b1d-49c7-a13f-c9c0c6da654c.__CR0,0,970,600_PT0_SX970_V1___.jpg\"><img decoding=\"async\" alt=\"hp\" src=\"https:\/\/m.media-amazon.com\/images\/S\/aplus-media\/sota\/d14f4c70-7b1d-49c7-a13f-c9c0c6da654c.__CR0,0,970,600_PT0_SX970_V1___.jpg\">                                                                    <\/p>\n<p>                                                  <img decoding=\"async\" alt=\"hp\" src=\"https:\/\/images-na.ssl-images-amazon.com\/images\/G\/01\/x-locale\/common\/grey-pixel.gif\" class=\"a-lazy-loaded\" data-src=\"https:\/\/m.media-amazon.com\/images\/S\/aplus-media\/sota\/c91c6084-4a7b-4cb5-9dd4-75c23a097014.__CR0,0,970,300_PT0_SX970_V1___.jpg\"><img decoding=\"async\" alt=\"hp\" src=\"https:\/\/m.media-amazon.com\/images\/S\/aplus-media\/sota\/c91c6084-4a7b-4cb5-9dd4-75c23a097014.__CR0,0,970,300_PT0_SX970_V1___.jpg\">  <\/p>\n<p> Is discontinued by manufacturer                                            \u200f                                            :                                            \u200e                                            No   <br \/> Product Dimensions                                            \u200f                                            :                                            \u200e                                            16 x 1.52 x 14.22 cm; 8.5 g   <br \/> Manufacturer                                            \u200f                                            :                                            \u200e                                            HP   <br \/> ASIN                                            \u200f                                            :                                            \u200e                                            B00H2FTQEW   <br \/> Item model number                                            \u200f                                            :                                            \u200e                                            F2B56AA   <br \/> Guaranteed software updates until                                            \u200f                                            :                                            \u200e                                            unknown   <br \/>  Customer reviews:                                                                                            4.5               4.5 out of 5 stars                                  (2,023)                                              var dpAcrHasRegisteredArcLinkClickAction;                    P.when(&#8216;A&#8217;, &#8216;ready&#8217;).execute(function(A) {                        if (dpAcrHasRegisteredArcLinkClickAction !== true) {                            dpAcrHasRegisteredArcLinkClickAction = true;                            A.declarative(                                &#8216;acrLink-click-metrics&#8217;, &#8216;click&#8217;,                                { \u00aballowLinkDefault\u00bb: true },                                function (event) {                                    if (window.ue) {                                        ue.count(\u00abacrLinkClickCount\u00bb, (ue.count(\u00abacrLinkClickCount\u00bb) || 0) + 1);                                    }                                }                            );                        }                    });                                             P.when(&#8216;A&#8217;, &#8216;cf&#8217;).execute(function(A) {                A.declarative(&#8216;acrStarsLink-click-metrics&#8217;, &#8216;click&#8217;, { \u00aballowLinkDefault\u00bb : true },  function(event){                    if(window.ue) {                        ue.count(\u00abacrStarsLinkWithPopoverClickCount\u00bb, (ue.count(\u00abacrStarsLinkWithPopoverClickCount\u00bb) || 0) + 1);                    }                });            });                          <\/p>\n<p>Optical Disk Drive HP<br \/>Compact multimedia accessory<br \/>Colour: black<br \/>Made of durable material<\/p>\n\n","protected":false},"excerpt":{"rendered":"<p> From the manufacturer HP es una empresa de tecnolog\u00eda nacida de la creencia de que<\/p>","protected":false},"featured_media":37603,"comment_status":"open","ping_status":"closed","template":"","meta":[],"product_brand":[],"product_cat":[70],"product_tag":[307,2109,1901,2117,795,2119,2111,3990,1476,2105,2101,2113,891,290,2107,133,2115,2103],"class_list":{"0":"post-37602","1":"product","2":"type-product","3":"status-publish","4":"has-post-thumbnail","6":"product_cat-disc-drives","7":"product_tag-black","8":"product_tag-blu-ray-drive","9":"product_tag-disc","10":"product_tag-disc-drive-for-laptop","11":"product_tag-drive","12":"product_tag-dvd-drive-price","13":"product_tag-dvd-writer","14":"product_tag-dvdrw","15":"product_tag-external","16":"product_tag-external-cd-drive","17":"product_tag-external-dvd-drive","18":"product_tag-external-optical-drive","19":"product_tag-optical","20":"product_tag-portable","21":"product_tag-portable-disc-drive","22":"product_tag-usb","23":"product_tag-usb-cd-writer","24":"product_tag-usb-dvd-drive","26":"first","27":"instock","28":"shipping-taxable","29":"product-type-external"},"_links":{"self":[{"href":"https:\/\/comprasyconsejos.store\/en\/wp-json\/wp\/v2\/product\/37602","targetHints":{"allow":["GET"]}}],"collection":[{"href":"https:\/\/comprasyconsejos.store\/en\/wp-json\/wp\/v2\/product"}],"about":[{"href":"https:\/\/comprasyconsejos.store\/en\/wp-json\/wp\/v2\/types\/product"}],"replies":[{"embeddable":true,"href":"https:\/\/comprasyconsejos.store\/en\/wp-json\/wp\/v2\/comments?post=37602"}],"version-history":[{"count":0,"href":"https:\/\/comprasyconsejos.store\/en\/wp-json\/wp\/v2\/product\/37602\/revisions"}],"wp:featuredmedia":[{"embeddable":true,"href":"https:\/\/comprasyconsejos.store\/en\/wp-json\/wp\/v2\/media\/37603"}],"wp:attachment":[{"href":"https:\/\/comprasyconsejos.store\/en\/wp-json\/wp\/v2\/media?parent=37602"}],"wp:term":[{"taxonomy":"product_brand","embeddable":true,"href":"https:\/\/comprasyconsejos.store\/en\/wp-json\/wp\/v2\/product_brand?post=37602"},{"taxonomy":"product_cat","embeddable":true,"href":"https:\/\/comprasyconsejos.store\/en\/wp-json\/wp\/v2\/product_cat?post=37602"},{"taxonomy":"product_tag","embeddable":true,"href":"https:\/\/comprasyconsejos.store\/en\/wp-json\/wp\/v2\/product_tag?post=37602"}],"curies":[{"name":"wp","href":"https:\/\/api.w.org\/{rel}","templated":true}]}}