{"id":37607,"date":"2026-03-05T04:12:59","date_gmt":"2026-03-05T04:12:59","guid":{"rendered":"https:\/\/comprasyconsejos.store\/product\/tenda-nova-mw6-mesh-router-mesh-wifi-network-system-dual-band-up-to-500-m-mu-mimo-2-gigabit-ports-plug-and-play-works-with-alexa-replace-your-traditional-network-repeater-pack-3\/"},"modified":"2026-03-05T04:13:04","modified_gmt":"2026-03-05T04:13:04","slug":"tenda-nova-mw6-mesh-router-mesh-wifi-network-system-dual-band-up-to-500-m-mu-mimo-2-gigabit-ports-plug-and-play-works-with-alexa-replace-your-traditional-network-repeater-pack-3","status":"publish","type":"product","link":"https:\/\/comprasyconsejos.store\/en\/product\/tenda-nova-mw6-mesh-router-mesh-wifi-network-system-dual-band-up-to-500-m-mu-mimo-2-gigabit-ports-plug-and-play-works-with-alexa-replace-your-traditional-network-repeater-pack-3\/","title":{"rendered":"Tenda Nova MW6 Mesh Router Mesh WiFi Network System (Dual Band up to 500 m, Mu-MIMO, 2 Gigabit Ports, Plug and Play, Works with Alexa, Replace Your Traditional Network Repeater) Pack 3"},"content":{"rendered":"<p>Price: <span style=\"color:#b12704\">\u20ac99.99<\/span><br \/><i><small>(as of Mar 05, 2026 04:12:59 UTC &#8211; <span class=\"wp_automatic_amazon_disclaimer\" title=\"Product prices and availability are accurate as of the date\/time indicated and are subject to change. Any price and availability information displayed on [relevant Amazon Site(s), as applicable] at the time of purchase will apply to the purchase of this product.\">Details<\/span>)<\/small><\/i><\/p>\n<p><a href=\"https:\/\/amazon.es\/dp\/B076VPYT36?tag=man008-21\"><img decoding=\"async\" src=\"https:\/\/valvepress.s3.amazonaws.com\/imgs\/buy_now.png\"><\/a><br \/>\n<\/p>\n<p>                                             From the brand   <\/p>\n<p>                                              <img decoding=\"async\" alt=\"\" src=\"https:\/\/images-na.ssl-images-amazon.com\/images\/G\/01\/x-locale\/common\/grey-pixel.gif\" class=\"a-lazy-loaded\" data-src=\"https:\/\/m.media-amazon.com\/images\/S\/aplus-media-library-service-media\/7ce94f5d-c7f4-4427-90c5-6b71f28dd997.__CR0,0,1464,625_PT0_SX1464_V1___.jpg\"><img decoding=\"async\" alt=\"\" src=\"https:\/\/m.media-amazon.com\/images\/S\/aplus-media-library-service-media\/7ce94f5d-c7f4-4427-90c5-6b71f28dd997.__CR0,0,1464,625_PT0_SX1464_V1___.jpg\">  <\/p>\n<p>                                              <img decoding=\"async\" alt=\"\" src=\"https:\/\/images-na.ssl-images-amazon.com\/images\/G\/01\/x-locale\/common\/grey-pixel.gif\" class=\"a-lazy-loaded\" data-src=\"https:\/\/m.media-amazon.com\/images\/S\/aplus-media-library-service-media\/dc58e762-c56d-473e-8746-76ad5036f735.__CR0,0,315,145_PT0_SX315_V1___.jpg\"><img decoding=\"async\" alt=\"\" src=\"https:\/\/m.media-amazon.com\/images\/S\/aplus-media-library-service-media\/dc58e762-c56d-473e-8746-76ad5036f735.__CR0,0,315,145_PT0_SX315_V1___.jpg\">  <\/p>\n<p> Tenda Nova es un sistema Wi-Fi para toda la casa dise\u00f1ado para eliminar las zonas sin se\u00f1al y ofrecer una conexi\u00f3n estable en cada rinc\u00f3n del hogar. A diferencia de los routers tradicionales, los routers Mesh cuentan con m\u00faltiples puntos de acceso, lo que permite disfrutar de mayor velocidad, mejor cobertura y conexiones m\u00e1s fiables en todos tus dispositivos. Disfruta de un roaming sin interrupciones y de un potente Wi-Fi Mesh en toda tu vivienda <\/p>\n<h3> 3 Pack Red Wi-Fi Mesh <\/h3>\n<p class=\"apm-brand-story-stores-link\">\n<h3> 2 Pack Red Wi-Fi Mesh <\/h3>\n<p class=\"apm-brand-story-stores-link\">\n<h3> Wi-Fi Mesh 7 &#8211; Todo el Hogar <\/h3>\n<p>                                              <img decoding=\"async\" alt=\"\" src=\"https:\/\/images-na.ssl-images-amazon.com\/images\/G\/01\/x-locale\/common\/grey-pixel.gif\" class=\"a-lazy-loaded\" data-src=\"https:\/\/m.media-amazon.com\/images\/S\/aplus-media-library-service-media\/79e37c0d-c79c-47e2-a816-0594df5a0c57.__CR0,0,362,453_PT0_SX362_V1___.png\"><img decoding=\"async\" alt=\"\" src=\"https:\/\/m.media-amazon.com\/images\/S\/aplus-media-library-service-media\/79e37c0d-c79c-47e2-a816-0594df5a0c57.__CR0,0,362,453_PT0_SX362_V1___.png\">  <\/p>\n<h3> Para Cualquier Escena <\/h3>\n<p> Cumplir con todas tus actividades de networking <\/p>\n<p>                                              <img decoding=\"async\" alt=\"15\" src=\"https:\/\/images-na.ssl-images-amazon.com\/images\/G\/01\/x-locale\/common\/grey-pixel.gif\" class=\"a-lazy-loaded\" data-src=\"https:\/\/m.media-amazon.com\/images\/S\/aplus-media-library-service-media\/f2a31651-88b4-4c67-99de-cff99166732d.__CR0,0,362,453_PT0_SX362_V1___.png\"><img decoding=\"async\" alt=\"15\" src=\"https:\/\/m.media-amazon.com\/images\/S\/aplus-media-library-service-media\/f2a31651-88b4-4c67-99de-cff99166732d.__CR0,0,362,453_PT0_SX362_V1___.png\">  <\/p>\n<p>                                              <img decoding=\"async\" alt=\"\" src=\"https:\/\/images-na.ssl-images-amazon.com\/images\/G\/01\/x-locale\/common\/grey-pixel.gif\" class=\"a-lazy-loaded\" data-src=\"https:\/\/m.media-amazon.com\/images\/S\/aplus-media-library-service-media\/6a42ce4f-1c0a-444e-a6f9-c9bf59e70d03.__CR0,0,362,453_PT0_SX362_V1___.png\"><img decoding=\"async\" alt=\"\" src=\"https:\/\/m.media-amazon.com\/images\/S\/aplus-media-library-service-media\/6a42ce4f-1c0a-444e-a6f9-c9bf59e70d03.__CR0,0,362,453_PT0_SX362_V1___.png\">  <\/p>\n<p> S\u00f3lo tienes que enchufar y ampliar la red inal\u00e1mbrica <\/p>\n<p> Is discontinued by manufacturer                                            \u200f                                            :                                            \u200e                                            No   <br \/> Language                                            \u200f                                            :                                            \u200e                                            French   <br \/> Product Dimensions                                            \u200f                                            :                                            \u200e                                            10 x 10 x 10 cm; 1.2 kg   <br \/> Manufacturer                                            \u200f                                            :                                            \u200e                                            Tenda   <br \/> ASIN                                            \u200f                                            :                                            \u200e                                            B076VPYT36   <br \/> Item model number                                            \u200f                                            :                                            \u200e                                            MW6   <br \/> Country of origin                                            \u200f                                            :                                            \u200e                                            China   <br \/> Department                                            \u200f                                            :                                            \u200e                                            unisex_adult   <br \/> Guaranteed software updates until                                            \u200f                                            :                                            \u200e                                            unknown   <br \/>  Customer reviews:                                                                                            4.3               4.3 out of 5 stars                                  (10,428)                                              var dpAcrHasRegisteredArcLinkClickAction;                    P.when(&#8216;A&#8217;, &#8216;ready&#8217;).execute(function(A) {                        if (dpAcrHasRegisteredArcLinkClickAction !== true) {                            dpAcrHasRegisteredArcLinkClickAction = true;                            A.declarative(                                &#8216;acrLink-click-metrics&#8217;, &#8216;click&#8217;,                                { \u00aballowLinkDefault\u00bb: true },                                function (event) {                                    if (window.ue) {                                        ue.count(\u00abacrLinkClickCount\u00bb, (ue.count(\u00abacrLinkClickCount\u00bb) || 0) + 1);                                    }                                }                            );                        }                    });                                             P.when(&#8216;A&#8217;, &#8216;cf&#8217;).execute(function(A) {                A.declarative(&#8216;acrStarsLink-click-metrics&#8217;, &#8216;click&#8217;, { \u00aballowLinkDefault\u00bb : true },  function(event){                    if(window.ue) {                        ue.count(\u00abacrStarsLinkWithPopoverClickCount\u00bb, (ue.count(\u00abacrStarsLinkWithPopoverClickCount\u00bb) || 0) + 1);                    }                });            });                          <\/p>\n<p>[Strong and stable signal throughout the house] &#8211; The mesh router is an ideal alternative to traditional WiFi repeater solutions, covering 3-4 rooms with 3 pack and 1-2 rooms with 2 pack and 1 pack.<br \/>[Beamforming] &#8211; Tenda Mesh&#8217;s beamforming technology gives you a powerful, reliable network signal designed for homes and multi-room spaces.<br \/>[Mu-MIMO] &#8211; Thanks to Mu-MIMO technology, wifi mesh MW6 supports up to 50 connected devices (5G+2.4G) at the same time without network delays or interruptions. Help you work efficiently from home.<br \/>[Seamless Roaming] &#8211; Your mesh wifi has the same network name (SSID) and automatically switches to the best signal when moving between rooms, ensuring your device always runs smoothly.<br \/>[Extended Features] &#8211; With the Tenda WiFi app, you can set up guest access, lock devices, parental control and\/or prioritize other devices on the network, etc.<br \/>[Efficient After-Sales Service]: If you have any problems when using the product, please feel free to send email to support.es@tenda.cn. The Tenda technical team will provide you with professional solutions. 3 years warranty.<\/p>\n\n","protected":false},"excerpt":{"rendered":"<p> From the brand Tenda Nova es un sistema Wi-Fi para toda la casa dise\u00f1ado para<\/p>","protected":false},"featured_media":37608,"comment_status":"open","ping_status":"closed","template":"","meta":[],"product_brand":[],"product_cat":[71],"product_tag":[2080,4624,2217,2084,298,2078,2079,1092,2081,2083,2449,2082,2092,11212,1719,2646,178,1139,324,382,4889,11213,2088,2085,1578,2428,926,543,2076,2077,1073],"class_list":{"0":"post-37607","1":"product","2":"type-product","3":"status-publish","4":"has-post-thumbnail","6":"product_cat-wifi-routers","7":"product_tag-5ghz-router","8":"product_tag-alexa","9":"product_tag-band","10":"product_tag-best-wifi-router","11":"product_tag-dual","12":"product_tag-dual-band-router","13":"product_tag-gaming-wifi-router","14":"product_tag-gigabit","15":"product_tag-high-speed-router","16":"product_tag-home-wifi-router","17":"product_tag-mesh","18":"product_tag-mesh-wifi-router","19":"product_tag-mumimo","20":"product_tag-mw6","21":"product_tag-network","22":"product_tag-nova","23":"product_tag-pack","24":"product_tag-play","25":"product_tag-plug","26":"product_tag-ports","27":"product_tag-repeater","28":"product_tag-replace","29":"product_tag-router","30":"product_tag-router-price","31":"product_tag-system","32":"product_tag-tenda","33":"product_tag-traditional","34":"product_tag-wifi","35":"product_tag-wifi-router","36":"product_tag-wireless-router","37":"product_tag-works","39":"first","40":"instock","41":"shipping-taxable","42":"product-type-external"},"_links":{"self":[{"href":"https:\/\/comprasyconsejos.store\/en\/wp-json\/wp\/v2\/product\/37607","targetHints":{"allow":["GET"]}}],"collection":[{"href":"https:\/\/comprasyconsejos.store\/en\/wp-json\/wp\/v2\/product"}],"about":[{"href":"https:\/\/comprasyconsejos.store\/en\/wp-json\/wp\/v2\/types\/product"}],"replies":[{"embeddable":true,"href":"https:\/\/comprasyconsejos.store\/en\/wp-json\/wp\/v2\/comments?post=37607"}],"version-history":[{"count":0,"href":"https:\/\/comprasyconsejos.store\/en\/wp-json\/wp\/v2\/product\/37607\/revisions"}],"wp:featuredmedia":[{"embeddable":true,"href":"https:\/\/comprasyconsejos.store\/en\/wp-json\/wp\/v2\/media\/37608"}],"wp:attachment":[{"href":"https:\/\/comprasyconsejos.store\/en\/wp-json\/wp\/v2\/media?parent=37607"}],"wp:term":[{"taxonomy":"product_brand","embeddable":true,"href":"https:\/\/comprasyconsejos.store\/en\/wp-json\/wp\/v2\/product_brand?post=37607"},{"taxonomy":"product_cat","embeddable":true,"href":"https:\/\/comprasyconsejos.store\/en\/wp-json\/wp\/v2\/product_cat?post=37607"},{"taxonomy":"product_tag","embeddable":true,"href":"https:\/\/comprasyconsejos.store\/en\/wp-json\/wp\/v2\/product_tag?post=37607"}],"curies":[{"name":"wp","href":"https:\/\/api.w.org\/{rel}","templated":true}]}}