{"id":37613,"date":"2026-03-05T04:41:10","date_gmt":"2026-03-05T04:41:10","guid":{"rendered":"https:\/\/comprasyconsejos.store\/product\/thermal-paste-thermal-paste-processor-thermal-paste-for-computer-high-performance-non-conductive-silicone-grease-for-cpu-processors-gpus-ic-processors-and-refrigerators\/"},"modified":"2026-03-05T04:41:13","modified_gmt":"2026-03-05T04:41:13","slug":"thermal-paste-thermal-paste-processor-thermal-paste-for-computer-high-performance-non-conductive-silicone-grease-for-cpu-processors-gpus-ic-processors-and-refrigerators","status":"publish","type":"product","link":"https:\/\/comprasyconsejos.store\/en\/product\/thermal-paste-thermal-paste-processor-thermal-paste-for-computer-high-performance-non-conductive-silicone-grease-for-cpu-processors-gpus-ic-processors-and-refrigerators\/","title":{"rendered":"Thermal Paste: Thermal Paste Processor Thermal Paste for Computer, High Performance Non-Conductive Silicone Grease for CPU Processors, GPUs, IC Processors And Refrigerators"},"content":{"rendered":"<p>Price: <span style=\"color:#b12704\">\u20ac3.29<\/span><br \/><i><small>(as of Mar 05, 2026 04:41:10 UTC &#8211; <span class=\"wp_automatic_amazon_disclaimer\" title=\"Product prices and availability are accurate as of the date\/time indicated and are subject to change. Any price and availability information displayed on [relevant Amazon Site(s), as applicable] at the time of purchase will apply to the purchase of this product.\">Details<\/span>)<\/small><\/i><\/p>\n<p><a href=\"https:\/\/amazon.es\/dp\/B0DBZ1QFVC?tag=man008-21\"><img decoding=\"async\" src=\"https:\/\/valvepress.s3.amazonaws.com\/imgs\/buy_now.png\"><\/a><br \/>\n<\/p>\n<p>                                             Product Description   <\/p>\n<p>                                                  <img decoding=\"async\" alt=\"Dise\u00f1o de pist\u00f3n \u00fanico\" src=\"https:\/\/images-na.ssl-images-amazon.com\/images\/G\/01\/x-locale\/common\/grey-pixel.gif\" class=\"a-lazy-loaded\" data-src=\"https:\/\/m.media-amazon.com\/images\/S\/aplus-media\/sc\/2c1a0483-7154-470e-ab6b-cb0d6de4315c.__CR0,0,1600,1600_PT0_SX300_V1___.jpg\"><img decoding=\"async\" alt=\"Dise\u00f1o de pist\u00f3n \u00fanico\" src=\"https:\/\/m.media-amazon.com\/images\/S\/aplus-media\/sc\/2c1a0483-7154-470e-ab6b-cb0d6de4315c.__CR0,0,1600,1600_PT0_SX300_V1___.jpg\">  <\/p>\n<h3 class=\"a-spacing-mini\"> Dise\u00f1o de pist\u00f3n \u00fanico <\/h3>\n<p> nuestra pasta t\u00e9rmica, hecha de ABS y grasa de silicona con un dise\u00f1o de pist\u00f3n duradero, le permite conservarla durante per\u00edodos prolongados y al mismo tiempo reducir f\u00e1cilmente el impacto ambiental. <\/p>\n<p>                                                  <img decoding=\"async\" alt=\"\u00datil dise\u00f1o de pist\u00f3n\" src=\"https:\/\/images-na.ssl-images-amazon.com\/images\/G\/01\/x-locale\/common\/grey-pixel.gif\" class=\"a-spacing-mini a-lazy-loaded\" data-src=\"https:\/\/m.media-amazon.com\/images\/S\/aplus-media\/sc\/2c1a0483-7154-470e-ab6b-cb0d6de4315c.__CR0,0,1600,1600_PT0_SX300_V1___.jpg\"><img decoding=\"async\" alt=\"\u00datil dise\u00f1o de pist\u00f3n\" src=\"https:\/\/m.media-amazon.com\/images\/S\/aplus-media\/sc\/2c1a0483-7154-470e-ab6b-cb0d6de4315c.__CR0,0,1600,1600_PT0_SX300_V1___.jpg\">  <\/p>\n<p> Nuestro compuesto t\u00e9rmico est\u00e1 hecho de ABS y grasa de silicona de alta calidad que ayuda a prolongar la vida \u00fatil de sus equipos electr\u00f3nicos. Este compuesto es f\u00e1cil de usar, no agrega part\u00edculas met\u00e1licas a su dispositivo y es adecuado para enfriar dispositivos electr\u00f3nicos. <\/p>\n<p> Especificaci\u00f3n: <\/p>\n<p> Modelo: GD900 <\/p>\n<p> Proporci\u00f3n: 2,3g\/cm3 <\/p>\n<p> Punto de inflamaci\u00f3n: Ninguno (grados) <\/p>\n<p> Viscosidad cinem\u00e1tica a 40 grados: Ninguna (cSt) <\/p>\n<p> Conductividad t\u00e9rmica: 4,8 W\/M-K <\/p>\n<p> Color gris <\/p>\n<p> Temperatura de trabajo: -50 ~ 200 grados <\/p>\n<p> Lista de paquete: <\/p>\n<p> Pasta t\u00e9rmica*1 <\/p>\n<p class=\"apm-text-center\">\n                                                      <img decoding=\"async\" alt=\"Pr\u00e1ctico dise\u00f1o de pist\u00f3n\" src=\"https:\/\/images-na.ssl-images-amazon.com\/images\/G\/01\/x-locale\/common\/grey-pixel.gif\" class=\"a-spacing-mini a-lazy-loaded\" data-src=\"https:\/\/m.media-amazon.com\/images\/S\/aplus-media\/sc\/3582dfee-55cf-456b-904d-1981c91caceb.__CR0,0,1600,1600_PT0_SX300_V1___.jpg\"><img decoding=\"async\" alt=\"Pr\u00e1ctico dise\u00f1o de pist\u00f3n\" src=\"https:\/\/m.media-amazon.com\/images\/S\/aplus-media\/sc\/3582dfee-55cf-456b-904d-1981c91caceb.__CR0,0,1600,1600_PT0_SX300_V1___.jpg\">  <\/p>\n<p class=\"apm-text-center\">\n                                                      <img decoding=\"async\" alt=\"Buena conductividad t\u00e9rmica\" src=\"https:\/\/images-na.ssl-images-amazon.com\/images\/G\/01\/x-locale\/common\/grey-pixel.gif\" class=\"a-spacing-mini a-lazy-loaded\" data-src=\"https:\/\/m.media-amazon.com\/images\/S\/aplus-media\/sc\/23703c45-37fb-4ac8-92c3-f914dfd218eb.__CR0,0,1600,1600_PT0_SX300_V1___.jpg\"><img decoding=\"async\" alt=\"Buena conductividad t\u00e9rmica\" src=\"https:\/\/m.media-amazon.com\/images\/S\/aplus-media\/sc\/23703c45-37fb-4ac8-92c3-f914dfd218eb.__CR0,0,1600,1600_PT0_SX300_V1___.jpg\">  <\/p>\n<p class=\"apm-text-center\">\n                                                      <img decoding=\"async\" alt=\"Gran adherencia\" src=\"https:\/\/images-na.ssl-images-amazon.com\/images\/G\/01\/x-locale\/common\/grey-pixel.gif\" class=\"a-spacing-mini a-lazy-loaded\" data-src=\"https:\/\/m.media-amazon.com\/images\/S\/aplus-media\/sc\/684a10f5-4150-4a7d-8395-8c3c525535b2.__CR0,0,1600,1600_PT0_SX300_V1___.jpg\"><img decoding=\"async\" alt=\"Gran adherencia\" src=\"https:\/\/m.media-amazon.com\/images\/S\/aplus-media\/sc\/684a10f5-4150-4a7d-8395-8c3c525535b2.__CR0,0,1600,1600_PT0_SX300_V1___.jpg\">  <\/p>\n<p> Package Dimensions                                            \u200f                                            :                                            \u200e                                            15 x 2 x 2 cm; 13.61 g   <br \/> Manufacturer                                            \u200f                                            :                                            \u200e                                            Gen\u00e9rico   <br \/> ASIN                                            \u200f                                            :                                            \u200e                                            B0DBZ1QFVC   <br \/> Item model number                                            \u200f                                            :                                            \u200e                                            RP3OFBCA6SJK66TF3   <br \/> Guaranteed software updates until                                            \u200f                                            :                                            \u200e                                            unknown   <\/p>\n<p>Useful Piston Design Our thermal paste is made of ABS and environmentally friendly silicone grease, allowing it to maintain better performance and sustainability.<br \/>High heat dissipation: achieve high efficiency of the device, good thermal conductivity and strong heat dissipation capacity. Prolongs equipment life and reduces temperature levels.<br \/>Excellent Adhesion &#8211; Our thermal paste ensures easy application for beginners, has good adhesion and moderate viscosity, which ensures CPU cooling.<br \/>SAFE TO USE &#8211; Our thermal paste ensures optimal heat dissipation. It does not contain odor or metal particles and does not conduct electricity or corrode electronic components.<br \/>VERSATILITY &#8211; Our thermal paste is designed to dissipate heat efficiently, making it ideal for cooling electronic devices such as diodes and amplifier tubes.<\/p>\n\n","protected":false},"excerpt":{"rendered":"<p> Product Description Dise\u00f1o de pist\u00f3n \u00fanico nuestra pasta t\u00e9rmica, hecha de ABS y grasa de<\/p>","protected":false},"featured_media":37614,"comment_status":"open","ping_status":"closed","template":"","meta":[],"product_brand":[],"product_cat":[67],"product_tag":[2039,539,598,2045,2034,1680,2055,2043,197,2038,2296,2056,1551,565,2794,1835,2295,2053,2035,2036,2033,2041,2048],"class_list":{"0":"post-37613","1":"product","2":"type-product","3":"status-publish","4":"has-post-thumbnail","6":"product_cat-thermal-paste","7":"product_tag-best-thermal-paste","8":"product_tag-computer","9":"product_tag-cpu","10":"product_tag-cpu-cooling-paste","11":"product_tag-cpu-thermal-paste","12":"product_tag-gpus","13":"product_tag-grease","14":"product_tag-heat-sink-paste","15":"product_tag-high","16":"product_tag-high-performance-thermal-paste","17":"product_tag-nonconductive","18":"product_tag-paste","19":"product_tag-performance","20":"product_tag-processor","21":"product_tag-processors","22":"product_tag-refrigerators","23":"product_tag-silicone","24":"product_tag-thermal","25":"product_tag-thermal-compound","26":"product_tag-thermal-grease","27":"product_tag-thermal-paste","28":"product_tag-thermal-paste-for-gaming-pc","29":"product_tag-thermal-paste-price","31":"first","32":"instock","33":"shipping-taxable","34":"product-type-external"},"_links":{"self":[{"href":"https:\/\/comprasyconsejos.store\/en\/wp-json\/wp\/v2\/product\/37613","targetHints":{"allow":["GET"]}}],"collection":[{"href":"https:\/\/comprasyconsejos.store\/en\/wp-json\/wp\/v2\/product"}],"about":[{"href":"https:\/\/comprasyconsejos.store\/en\/wp-json\/wp\/v2\/types\/product"}],"replies":[{"embeddable":true,"href":"https:\/\/comprasyconsejos.store\/en\/wp-json\/wp\/v2\/comments?post=37613"}],"version-history":[{"count":0,"href":"https:\/\/comprasyconsejos.store\/en\/wp-json\/wp\/v2\/product\/37613\/revisions"}],"wp:featuredmedia":[{"embeddable":true,"href":"https:\/\/comprasyconsejos.store\/en\/wp-json\/wp\/v2\/media\/37614"}],"wp:attachment":[{"href":"https:\/\/comprasyconsejos.store\/en\/wp-json\/wp\/v2\/media?parent=37613"}],"wp:term":[{"taxonomy":"product_brand","embeddable":true,"href":"https:\/\/comprasyconsejos.store\/en\/wp-json\/wp\/v2\/product_brand?post=37613"},{"taxonomy":"product_cat","embeddable":true,"href":"https:\/\/comprasyconsejos.store\/en\/wp-json\/wp\/v2\/product_cat?post=37613"},{"taxonomy":"product_tag","embeddable":true,"href":"https:\/\/comprasyconsejos.store\/en\/wp-json\/wp\/v2\/product_tag?post=37613"}],"curies":[{"name":"wp","href":"https:\/\/api.w.org\/{rel}","templated":true}]}}