{"id":37646,"date":"2026-03-05T07:36:47","date_gmt":"2026-03-05T07:36:47","guid":{"rendered":"https:\/\/comprasyconsejos.store\/product\/digital-camera-64mp-4k-photo-camera-compact-digital-camera-with-dual-lens-2-8-inch-lcd-screen-otg-adapter-32gb-micro-sd-card-and-18x-digital-zoom-for-children-and-adults-black\/"},"modified":"2026-03-05T07:36:52","modified_gmt":"2026-03-05T07:36:52","slug":"digital-camera-64mp-4k-photo-camera-compact-digital-camera-with-dual-lens-2-8-inch-lcd-screen-otg-adapter-32gb-micro-sd-card-and-18x-digital-zoom-for-children-and-adults-black","status":"publish","type":"product","link":"https:\/\/comprasyconsejos.store\/en\/product\/digital-camera-64mp-4k-photo-camera-compact-digital-camera-with-dual-lens-2-8-inch-lcd-screen-otg-adapter-32gb-micro-sd-card-and-18x-digital-zoom-for-children-and-adults-black\/","title":{"rendered":"Digital Camera 64MP 4K Photo Camera Compact Digital Camera with Dual Lens, 2.8 Inch LCD Screen, OTG Adapter, 32GB Micro SD Card and 18X Digital Zoom for Children and Adults, Black"},"content":{"rendered":"<p>Price: <span style=\"color:#b12704\">\u20ac49.99<\/span><br \/><i><small>(as of Mar 05, 2026 07:36:47 UTC &#8211; <span class=\"wp_automatic_amazon_disclaimer\" title=\"Product prices and availability are accurate as of the date\/time indicated and are subject to change. Any price and availability information displayed on [relevant Amazon Site(s), as applicable] at the time of purchase will apply to the purchase of this product.\">Details<\/span>)<\/small><\/i><\/p>\n<p><a href=\"https:\/\/amazon.es\/dp\/B0FVLNZ2WC?tag=man008-21\"><img decoding=\"async\" src=\"https:\/\/valvepress.s3.amazonaws.com\/imgs\/buy_now.png\"><\/a><br \/>\n<\/p>\n<p>                                             From the brand   <\/p>\n<p>                                              <img decoding=\"async\" alt=\"\" src=\"https:\/\/images-na.ssl-images-amazon.com\/images\/G\/01\/x-locale\/common\/grey-pixel.gif\" class=\"a-lazy-loaded\" data-src=\"https:\/\/m.media-amazon.com\/images\/S\/aplus-media-library-service-media\/ebae423e-c3af-4be8-a6b3-6990fd64dcfa.__CR0,0,1464,625_PT0_SX1464_V1___.jpg\"><img decoding=\"async\" alt=\"\" src=\"https:\/\/m.media-amazon.com\/images\/S\/aplus-media-library-service-media\/ebae423e-c3af-4be8-a6b3-6990fd64dcfa.__CR0,0,1464,625_PT0_SX1464_V1___.jpg\">  <\/p>\n<h3> C\u00e1mara digital 64MP 4K <\/h3>\n<p> Vital Innovadora C\u00e1mara Digital con Doble Objetivo <\/p>\n<p>                                              <img decoding=\"async\" alt=\"\" src=\"https:\/\/images-na.ssl-images-amazon.com\/images\/G\/01\/x-locale\/common\/grey-pixel.gif\" class=\"a-lazy-loaded\" data-src=\"https:\/\/m.media-amazon.com\/images\/S\/aplus-media-library-service-media\/73406eda-c417-4fe6-b6aa-4844a9b44b72.__CR0,0,315,145_PT0_SX315_V1___.jpg\"><img decoding=\"async\" alt=\"\" src=\"https:\/\/m.media-amazon.com\/images\/S\/aplus-media-library-service-media\/73406eda-c417-4fe6-b6aa-4844a9b44b72.__CR0,0,315,145_PT0_SX315_V1___.jpg\">  <\/p>\n<h3> Ver el mundo y su significado <\/h3>\n<p> A partir de \u00abvital\u00bb y \u00ablente\u00bb, crea c\u00e1maras digitales vitales que combinan emoci\u00f3n, creatividad y perspectiva. <\/p>\n<p> Durante m\u00e1s de una d\u00e9cada, hemos unido dise\u00f1o atemporal con fiabilidad moderna. Desde el compa\u00f1ero compacto de todos los d\u00edas hasta las herramientas exigentes, cada c\u00e1mara Vitaler ofrece un manejo intuitivo, una calidad duradera y un lenguaje visual aut\u00e9ntico. <\/p>\n<h3> C\u00e1mara compacta <\/h3>\n<p> Package Dimensions                                            \u200f                                            :                                            \u200e                                            13.4 x 9.3 x 5.7 cm; 300 g   <br \/> Date First Available                                            \u200f                                            :                                            \u200e                                            24 Oct. 2025   <br \/> Manufacturer                                            \u200f                                            :                                            \u200e                                            Vitaler   <br \/> ASIN                                            \u200f                                            :                                            \u200e                                            B0FVLNZ2WC   <br \/> Item model number                                            \u200f                                            :                                            \u200e                                            A61   <br \/> Country of origin                                            \u200f                                            :                                            \u200e                                            China   <br \/> Guaranteed software updates until                                            \u200f                                            :                                            \u200e                                            unknown   <br \/>       Best Sellers Rank:  8,876 in Electronics (See Top 100 in Electronics)    110 in All-in-One Digital Cameras      <br \/>  Customer reviews:                                                                                            4.5               4.5 out of 5 stars                                  (242)                                              var dpAcrHasRegisteredArcLinkClickAction;                    P.when(&#8216;A&#8217;, &#8216;ready&#8217;).execute(function(A) {                        if (dpAcrHasRegisteredArcLinkClickAction !== true) {                            dpAcrHasRegisteredArcLinkClickAction = true;                            A.declarative(                                &#8216;acrLink-click-metrics&#8217;, &#8216;click&#8217;,                                { \u00aballowLinkDefault\u00bb: true },                                function (event) {                                    if (window.ue) {                                        ue.count(\u00abacrLinkClickCount\u00bb, (ue.count(\u00abacrLinkClickCount\u00bb) || 0) + 1);                                    }                                }                            );                        }                    });                                             P.when(&#8216;A&#8217;, &#8216;cf&#8217;).execute(function(A) {                A.declarative(&#8216;acrStarsLink-click-metrics&#8217;, &#8216;click&#8217;, { \u00aballowLinkDefault\u00bb : true },  function(event){                    if(window.ue) {                        ue.count(\u00abacrStarsLinkWithPopoverClickCount\u00bb, (ue.count(\u00abacrStarsLinkWithPopoverClickCount\u00bb) || 0) + 1);                    }                });            });                          <\/p>\n<p>Innovative Dual Lens Digital Camera: With dual lenses (front and back) and an advanced CMOS sensor, this Compact Digital Selfie Camera captures stunning photos (64MP) and 4K videos. Ideal as a selfie camera or as a fun camera for kids to capture creative angles. Whether you&#8217;re a beginner or looking for a gift for a child or teen, this easy-to-use camera is lightweight, portable and simple.<br \/>Built-in Large 2000mAh Battery: Unlike other Compact Digital Cameras, this Digital Photo Camera features a 2000mAh battery, ideal for recording all weekend without worrying about charging. (Tip: you can set the automatic shutdown in 1\/3\/5 minutes to save energy.)<br \/>Premium Zinc Alloy Camera: With a luxury zinc alloy body, this Camera Photography conveys quality (no plastic toy look). Resistant to bumps in backpacks and even occasional drops. Recyclable metal body for eco-friendly shoppers. No cheap plastic squeaks, just precision durability.<br \/>Fun and Creative Starter Kit for Future Photographers: Tested over 2,000 times by Vitaler engineers, this Vintage Digital Camera instantly captures the style of retro movies, with no editing required.With 20 built-in creative filters, such as vintage, black and white, LOMO and more, each image conveys a nostalgic and narrative feel.Discover more shooting modes and Creative options \u2013 Perfect for both beginners and amateur photographers.<br \/>Compact and versatile pocket camera: Weight 147 grams and size 4 x 2.2 x 0.7 inches, perfect for moving photos. This kids digital camera features 18X digital zoom, 20 filters, autofocus, fill light, timer, auto shot, scheduled shooting, burst, date stamp, time-lapse recording, loop recording, smile capture, beauty mode. Ideal camera for traveling with family and friends.<br \/>Perfect Gift with Worry-free Guarantee: Includes: 1\u00d7Retro Digital Camera, 1\u00d732GB Micro SD Card, 1\u00d7OTG Adapter, 1\u00d7USB Type-C Cable, 1\u00d7Lens Cloth, 1\u00d7Camera Bag, 1\u00d7Wrist Strap, 1\u00d7User Manual. An ideal gift choice for anniversaries, Christmas, birthdays, or Halloween &#8211; with 12-month warranty for hassle-free replacement or refund.<\/p>\n\n","protected":false},"excerpt":{"rendered":"<p> From the brand C\u00e1mara digital 64MP 4K Vital Innovadora C\u00e1mara Digital con Doble Objetivo Ver<\/p>","protected":false},"featured_media":37647,"comment_status":"open","ping_status":"closed","template":"","meta":[],"product_brand":[],"product_cat":[96],"product_tag":[1913,902,2558,1858,144,935,307,681,1859,1861,1420,6722,1004,1865,1854,1855,298,584,1186,2160,1424,1856,1164,2194,1863,1860,842,1862,1857,1135],"class_list":{"0":"post-37646","1":"product","2":"type-product","3":"status-publish","4":"has-post-thumbnail","6":"product_cat-photo-video","7":"product_tag-18x","8":"product_tag-32gb","9":"product_tag-64mp","10":"product_tag-action-cameras","11":"product_tag-adapter","12":"product_tag-adults","13":"product_tag-black","14":"product_tag-camera","15":"product_tag-camera-accessories","16":"product_tag-camera-lenses","17":"product_tag-card","18":"product_tag-children","19":"product_tag-compact","20":"product_tag-digital","21":"product_tag-digital-cameras","22":"product_tag-dslr-cameras","23":"product_tag-dual","24":"product_tag-inch","25":"product_tag-lcd","26":"product_tag-lens","27":"product_tag-micro","28":"product_tag-mirrorless-cameras","29":"product_tag-otg","30":"product_tag-photo","31":"product_tag-photo-equipment","32":"product_tag-professional-camera","33":"product_tag-screen","34":"product_tag-tripods","35":"product_tag-video-cameras","36":"product_tag-zoom","38":"first","39":"instock","40":"shipping-taxable","41":"product-type-external"},"_links":{"self":[{"href":"https:\/\/comprasyconsejos.store\/en\/wp-json\/wp\/v2\/product\/37646","targetHints":{"allow":["GET"]}}],"collection":[{"href":"https:\/\/comprasyconsejos.store\/en\/wp-json\/wp\/v2\/product"}],"about":[{"href":"https:\/\/comprasyconsejos.store\/en\/wp-json\/wp\/v2\/types\/product"}],"replies":[{"embeddable":true,"href":"https:\/\/comprasyconsejos.store\/en\/wp-json\/wp\/v2\/comments?post=37646"}],"version-history":[{"count":0,"href":"https:\/\/comprasyconsejos.store\/en\/wp-json\/wp\/v2\/product\/37646\/revisions"}],"wp:featuredmedia":[{"embeddable":true,"href":"https:\/\/comprasyconsejos.store\/en\/wp-json\/wp\/v2\/media\/37647"}],"wp:attachment":[{"href":"https:\/\/comprasyconsejos.store\/en\/wp-json\/wp\/v2\/media?parent=37646"}],"wp:term":[{"taxonomy":"product_brand","embeddable":true,"href":"https:\/\/comprasyconsejos.store\/en\/wp-json\/wp\/v2\/product_brand?post=37646"},{"taxonomy":"product_cat","embeddable":true,"href":"https:\/\/comprasyconsejos.store\/en\/wp-json\/wp\/v2\/product_cat?post=37646"},{"taxonomy":"product_tag","embeddable":true,"href":"https:\/\/comprasyconsejos.store\/en\/wp-json\/wp\/v2\/product_tag?post=37646"}],"curies":[{"name":"wp","href":"https:\/\/api.w.org\/{rel}","templated":true}]}}