{"id":37652,"date":"2026-03-05T08:21:41","date_gmt":"2026-03-05T08:21:41","guid":{"rendered":"https:\/\/comprasyconsejos.store\/product\/hychika-bi-metall-lochsage-17tlg-lochsagen-set-mit-11-sageblattern-20mm-68mm-2-dornen-3-bohrern-1-sechskantschlussel-ideal-zum-bohren-von-weichmetall-holz-pvc-platte-und-kunststoffplatte\/"},"modified":"2026-03-05T08:21:41","modified_gmt":"2026-03-05T08:21:41","slug":"hychika-bi-metall-lochsage-17tlg-lochsagen-set-mit-11-sageblattern-20mm-68mm-2-dornen-3-bohrern-1-sechskantschlussel-ideal-zum-bohren-von-weichmetall-holz-pvc-platte-und-kunststoffplatte","status":"publish","type":"product","link":"https:\/\/comprasyconsejos.store\/en\/product\/hychika-bi-metall-lochsage-17tlg-lochsagen-set-mit-11-sageblattern-20mm-68mm-2-dornen-3-bohrern-1-sechskantschlussel-ideal-zum-bohren-von-weichmetall-holz-pvc-platte-und-kunststoffplatte\/","title":{"rendered":"HYCHIKA Bi-Metall Lochs\u00e4ge, 17tlg Lochs\u00e4gen Set mit 11 S\u00e4gebl\u00e4ttern 20mm-68mm, 2 Dornen, 3 Bohrern, 1 Sechskantschl\u00fcssel, Ideal zum Bohren von Weichmetall, Holz, PVC-Platte und Kunststoffplatte"},"content":{"rendered":"<p>&#8211; 11 piezas de sierras coronas y 6 accesorios: HYCHIKA Sierras Perforadoras con varios tama\u00f1os, profundidad de perforaciones son 0-40mm, satisfacer varias demandas. \u00d820mm-68mm\uff0820\/22\/25\/29\/35\/40\/44\/51\/57\/60\/68). 2 x mandril, 3 x brocas,1 x llave allen<br \/>\n&#8211; Aleaci\u00f3n de acero ultraduro, dureza hasta 69 ~ 81HRC \/ igual a 86\uff5e93HRA: El juego de sierras de agujero HYCHIKA est\u00e1 hecho de aleaci\u00f3n de acero ultraduro. La dureza ultra alta puede cortar la aleaci\u00f3n de aluminio, la placa de hierro, el acero inoxidable y otros materiales met\u00e1licos, y puede manejar f\u00e1cilmente madera, paneles de pl\u00e1stico y otros materiales<br \/>\n&#8211; Hecho de metal doble, el grosor hasta 2mm: Cada sierra de perforaci\u00f3n est\u00e1 hecha de prensado bimet\u00e1lico, y luego se mecaniza y corta. La ranura de la sierra de perforaci\u00f3n utiliza una profundidad irregular, lo que puede mejorar significativamente la resistencia de la corona taladro general, dispersar la presi\u00f3n para evitar roturas y deformaciones al cortar metal<br \/>\n&#8211; Coronas perforadoras con la caja liegra y port\u00e1til: La caja est\u00e1 hecha de material de goma antideslizante y resistente al desgaste, que tiene buena resistencia a la presi\u00f3n, resistencia al impacto, con una larga vida \u00fatil y puede proteger y almacenar taladros y otros accesorios. Cada broca est\u00e1 provista de un revestimiento antioxidante de pintura roja, que tiene una buena capacidad antioxidante<br \/>\n&#8211; El paquete y servicio: 11 x HYCHIKA sierras perforadoras, 2 x mandril, 3 x brocas,1 x llave allen, 1 x storage box, 1 x manual de usuario en espa\u00f1ol<\/p>","protected":false},"excerpt":{"rendered":"<p>&#8211; 11 piezas de sierras coronas y 6 accesorios: HYCHIKA Sierras Perforadoras con varios tama\u00f1os, profundidad de perforaciones son 0-40mm,<\/p>","protected":false},"featured_media":0,"comment_status":"open","ping_status":"closed","template":"","meta":[],"product_brand":[],"product_cat":[101],"product_tag":[],"class_list":{"0":"post-37652","1":"product","2":"type-product","3":"status-publish","5":"product_cat-accessories","7":"first","8":"instock","9":"shipping-taxable","10":"product-type-external"},"_links":{"self":[{"href":"https:\/\/comprasyconsejos.store\/en\/wp-json\/wp\/v2\/product\/37652","targetHints":{"allow":["GET"]}}],"collection":[{"href":"https:\/\/comprasyconsejos.store\/en\/wp-json\/wp\/v2\/product"}],"about":[{"href":"https:\/\/comprasyconsejos.store\/en\/wp-json\/wp\/v2\/types\/product"}],"replies":[{"embeddable":true,"href":"https:\/\/comprasyconsejos.store\/en\/wp-json\/wp\/v2\/comments?post=37652"}],"version-history":[{"count":0,"href":"https:\/\/comprasyconsejos.store\/en\/wp-json\/wp\/v2\/product\/37652\/revisions"}],"wp:attachment":[{"href":"https:\/\/comprasyconsejos.store\/en\/wp-json\/wp\/v2\/media?parent=37652"}],"wp:term":[{"taxonomy":"product_brand","embeddable":true,"href":"https:\/\/comprasyconsejos.store\/en\/wp-json\/wp\/v2\/product_brand?post=37652"},{"taxonomy":"product_cat","embeddable":true,"href":"https:\/\/comprasyconsejos.store\/en\/wp-json\/wp\/v2\/product_cat?post=37652"},{"taxonomy":"product_tag","embeddable":true,"href":"https:\/\/comprasyconsejos.store\/en\/wp-json\/wp\/v2\/product_tag?post=37652"}],"curies":[{"name":"wp","href":"https:\/\/api.w.org\/{rel}","templated":true}]}}