{"id":37653,"date":"2026-03-05T08:21:46","date_gmt":"2026-03-05T08:21:46","guid":{"rendered":"https:\/\/comprasyconsejos.store\/product\/doogee-blade-20-unbreakable-android-15-2025-20gb128gb-2tb-rugged-mobile-phone-10300mah-smartphone-6-6-hd-90hz-ips-3-slots-4g-dual-sim-unisoc-t7200-16mp-gps-face-id-natural\/"},"modified":"2026-03-05T08:21:55","modified_gmt":"2026-03-05T08:21:55","slug":"doogee-blade-20-unbreakable-android-15-2025-20gb128gb-2tb-rugged-mobile-phone-10300mah-smartphone-6-6-hd-90hz-ips-3-slots-4g-dual-sim-unisoc-t7200-16mp-gps-face-id-natural","status":"publish","type":"product","link":"https:\/\/comprasyconsejos.store\/en\/product\/doogee-blade-20-unbreakable-android-15-2025-20gb128gb-2tb-rugged-mobile-phone-10300mah-smartphone-6-6-hd-90hz-ips-3-slots-4g-dual-sim-unisoc-t7200-16mp-gps-face-id-natural\/","title":{"rendered":"DOOGEE Blade 20 Unbreakable Android 15 2025, 20GB+128GB\/2TB Rugged Mobile Phone, 10300mAh Smartphone 6.6&#8243; HD+ 90Hz IPS, 3 Slots\/4G Dual SIM, Unisoc T7200\/16MP\/GPS\/Face ID Natural"},"content":{"rendered":"<p>Price: <span style=\"color:#b12704\"><del>\u20ac219.99<\/del> - \u20ac179.99<\/span><br \/><i><small>(as of Mar 05, 2026 08:21:46 UTC &#8211; <span class=\"wp_automatic_amazon_disclaimer\" title=\"Product prices and availability are accurate as of the date\/time indicated and are subject to change. Any price and availability information displayed on [relevant Amazon Site(s), as applicable] at the time of purchase will apply to the purchase of this product.\">Details<\/span>)<\/small><\/i><\/p>\n<p><a href=\"https:\/\/amazon.es\/dp\/B0F9NMZPG9?tag=man008-21\"><img decoding=\"async\" src=\"https:\/\/valvepress.s3.amazonaws.com\/imgs\/buy_now.png\"><\/a><br \/>\n<\/p>\n<p>                                             From the brand   <\/p>\n<p>                                              <img decoding=\"async\" alt=\"con el texto \u00abDOOGEE\u00bb y \u00abTOP 1\u00bb, seguido de una lista de estad\u00edsticas que incluye \u00ab16 000\u00bb, \u00ab60 000\u00bb, \u00abm\u00e1s de 300\u00bb y \u00abm\u00e1s de 1 000 000 000\u00bb con texto descriptivo al lado de cada n\u00famero\" src=\"https:\/\/images-na.ssl-images-amazon.com\/images\/G\/01\/x-locale\/common\/grey-pixel.gif\" class=\"a-lazy-loaded\" data-src=\"https:\/\/m.media-amazon.com\/images\/S\/aplus-media-library-service-media\/3305e445-11a6-4149-8204-59cb8b527a79.__CR0,0,1464,625_PT0_SX1464_V1___.jpg\"><img decoding=\"async\" alt=\"con el texto \u00abDOOGEE\u00bb y \u00abTOP 1\u00bb, seguido de una lista de estad\u00edsticas que incluye \u00ab16 000\u00bb, \u00ab60 000\u00bb, \u00abm\u00e1s de 300\u00bb y \u00abm\u00e1s de 1 000 000 000\u00bb con texto descriptivo al lado de cada n\u00famero\" src=\"https:\/\/m.media-amazon.com\/images\/S\/aplus-media-library-service-media\/3305e445-11a6-4149-8204-59cb8b527a79.__CR0,0,1464,625_PT0_SX1464_V1___.jpg\">  <\/p>\n<p>                                              <img decoding=\"async\" alt=\"\" src=\"https:\/\/images-na.ssl-images-amazon.com\/images\/G\/01\/x-locale\/common\/grey-pixel.gif\" class=\"a-lazy-loaded\" data-src=\"https:\/\/m.media-amazon.com\/images\/S\/aplus-media-library-service-media\/d8824573-5fba-4a40-99d7-f66284df7915.__CR0,0,362,453_PT0_SX362_V1___.jpg\"><img decoding=\"async\" alt=\"\" src=\"https:\/\/m.media-amazon.com\/images\/S\/aplus-media-library-service-media\/d8824573-5fba-4a40-99d7-f66284df7915.__CR0,0,362,453_PT0_SX362_V1___.jpg\">  <\/p>\n<h3> DOOGEE&#8211;OFFICIAL <\/h3>\n<p> La creencia de Doogee es crear un tel\u00e9fono m\u00f3vil que siempre sea impermeable, siempre duradero. <\/p>\n<p>                                              <img decoding=\"async\" alt=\"\" src=\"https:\/\/images-na.ssl-images-amazon.com\/images\/G\/01\/x-locale\/common\/grey-pixel.gif\" class=\"a-lazy-loaded\" data-src=\"https:\/\/m.media-amazon.com\/images\/S\/aplus-media-library-service-media\/a4d8babb-a435-4fea-80f8-6904dcefbc8a.__CR0,0,362,453_PT0_SX362_V1___.png\"><img decoding=\"async\" alt=\"\" src=\"https:\/\/m.media-amazon.com\/images\/S\/aplus-media-library-service-media\/a4d8babb-a435-4fea-80f8-6904dcefbc8a.__CR0,0,362,453_PT0_SX362_V1___.png\">  <\/p>\n<h3> Movil resistentes 2025 <\/h3>\n<p>                                              <img decoding=\"async\" alt=\"Sostiene en la mano un smartphone Doogee plateado con dos c\u00e1maras traseras. El dispositivo tiene un dise\u00f1o elegante con bordes curvos y un acabado met\u00e1lico\" src=\"https:\/\/images-na.ssl-images-amazon.com\/images\/G\/01\/x-locale\/common\/grey-pixel.gif\" class=\"a-lazy-loaded\" data-src=\"https:\/\/m.media-amazon.com\/images\/S\/aplus-media-library-service-media\/aea1fc6d-2dba-4a1e-a197-b081ef44f930.__CR0,0,362,453_PT0_SX362_V1___.png\"><img decoding=\"async\" alt=\"Sostiene en la mano un smartphone Doogee plateado con dos c\u00e1maras traseras. El dispositivo tiene un dise\u00f1o elegante con bordes curvos y un acabado met\u00e1lico\" src=\"https:\/\/m.media-amazon.com\/images\/S\/aplus-media-library-service-media\/aea1fc6d-2dba-4a1e-a197-b081ef44f930.__CR0,0,362,453_PT0_SX362_V1___.png\">  <\/p>\n<p>                                              <img decoding=\"async\" alt=\"en la mano, que muestra la vista trasera con una configuraci\u00f3n de triple c\u00e1mara. Dispositivo negro con detalles en rojo, visible sobre el fondo de una chaqueta de cuero oscuro\" src=\"https:\/\/images-na.ssl-images-amazon.com\/images\/G\/01\/x-locale\/common\/grey-pixel.gif\" class=\"a-lazy-loaded\" data-src=\"https:\/\/m.media-amazon.com\/images\/S\/aplus-media-library-service-media\/dff8e711-204c-4d06-86fa-7cc31cbcc796.__CR0,0,362,453_PT0_SX362_V1___.png\"><img decoding=\"async\" alt=\"en la mano, que muestra la vista trasera con una configuraci\u00f3n de triple c\u00e1mara. Dispositivo negro con detalles en rojo, visible sobre el fondo de una chaqueta de cuero oscuro\" src=\"https:\/\/m.media-amazon.com\/images\/S\/aplus-media-library-service-media\/dff8e711-204c-4d06-86fa-7cc31cbcc796.__CR0,0,362,453_PT0_SX362_V1___.png\">  <\/p>\n<p>                                              <img decoding=\"async\" alt=\"Tres tel\u00e9fonos inteligentes mostrados en una superficie rocosa con gotas de agua. Los dispositivos cuentan con varias c\u00e1maras traseras y vienen en colores azul, plateado y azul oscuro\" src=\"https:\/\/images-na.ssl-images-amazon.com\/images\/G\/01\/x-locale\/common\/grey-pixel.gif\" class=\"a-lazy-loaded\" data-src=\"https:\/\/m.media-amazon.com\/images\/S\/aplus-media-library-service-media\/a37a80cf-17d1-4373-8f1e-504c8ba1c2d2.__CR0,0,362,453_PT0_SX362_V1___.png\"><img decoding=\"async\" alt=\"Tres tel\u00e9fonos inteligentes mostrados en una superficie rocosa con gotas de agua. Los dispositivos cuentan con varias c\u00e1maras traseras y vienen en colores azul, plateado y azul oscuro\" src=\"https:\/\/m.media-amazon.com\/images\/S\/aplus-media-library-service-media\/a37a80cf-17d1-4373-8f1e-504c8ba1c2d2.__CR0,0,362,453_PT0_SX362_V1___.png\">  <\/p>\n<p>                                              <img decoding=\"async\" alt=\"\" src=\"https:\/\/images-na.ssl-images-amazon.com\/images\/G\/01\/x-locale\/common\/grey-pixel.gif\" class=\"a-lazy-loaded\" data-src=\"https:\/\/m.media-amazon.com\/images\/S\/aplus-media-library-service-media\/c38dd99c-b42c-4de9-b7fc-1c45f6a51a60.__CR0,0,362,453_PT0_SX362_V1___.png\"><img decoding=\"async\" alt=\"\" src=\"https:\/\/m.media-amazon.com\/images\/S\/aplus-media-library-service-media\/c38dd99c-b42c-4de9-b7fc-1c45f6a51a60.__CR0,0,362,453_PT0_SX362_V1___.png\">  <\/p>\n<h3> IP68\/IP69K\/MIL-STD-810H <\/h3>\n<p>                                              <img decoding=\"async\" alt=\"con una capacidad de bater\u00eda de 10300 mAh, con una secci\u00f3n violeta transparente que muestra \u00ab10300\u00bb. Los paneles inferiores muestran los escenarios de uso: caminar, ver v\u00eddeos\" src=\"https:\/\/images-na.ssl-images-amazon.com\/images\/G\/01\/x-locale\/common\/grey-pixel.gif\" class=\"a-lazy-loaded\" data-src=\"https:\/\/m.media-amazon.com\/images\/S\/aplus-media-library-service-media\/21ce2fe2-dd34-477a-9f8d-d256b2a1be3e.__CR0,0,362,453_PT0_SX362_V1___.png\"><img decoding=\"async\" alt=\"con una capacidad de bater\u00eda de 10300 mAh, con una secci\u00f3n violeta transparente que muestra \u00ab10300\u00bb. Los paneles inferiores muestran los escenarios de uso: caminar, ver v\u00eddeos\" src=\"https:\/\/m.media-amazon.com\/images\/S\/aplus-media-library-service-media\/21ce2fe2-dd34-477a-9f8d-d256b2a1be3e.__CR0,0,362,453_PT0_SX362_V1___.png\">  <\/p>\n<p>                                              <img decoding=\"async\" alt=\"para Android 15, con un escudo triangular verde con un estilizado dise\u00f1o de lanzamiento de cohetes. El fondo muestra varios iconos de aplicaciones\" src=\"https:\/\/images-na.ssl-images-amazon.com\/images\/G\/01\/x-locale\/common\/grey-pixel.gif\" class=\"a-lazy-loaded\" data-src=\"https:\/\/m.media-amazon.com\/images\/S\/aplus-media-library-service-media\/975154fb-dca7-43c0-8977-525f2b73100b.__CR0,0,362,453_PT0_SX362_V1___.png\"><img decoding=\"async\" alt=\"para Android 15, con un escudo triangular verde con un estilizado dise\u00f1o de lanzamiento de cohetes. El fondo muestra varios iconos de aplicaciones\" src=\"https:\/\/m.media-amazon.com\/images\/S\/aplus-media-library-service-media\/975154fb-dca7-43c0-8977-525f2b73100b.__CR0,0,362,453_PT0_SX362_V1___.png\">  <\/p>\n<p>                                              <img decoding=\"async\" alt=\"de tel\u00e9fonos inteligentes que muestra un dise\u00f1o delgado. Env\u00eda un mensaje de texto con la palabra \u00abSlim\u00bb con el tel\u00e9fono en \u00abi\u00bb. Comparaci\u00f3n de grosores: Doogee de 15,8 mm frente a otros de 18,8 mm. Texto en espa\u00f1ol\" src=\"https:\/\/images-na.ssl-images-amazon.com\/images\/G\/01\/x-locale\/common\/grey-pixel.gif\" class=\"a-lazy-loaded\" data-src=\"https:\/\/m.media-amazon.com\/images\/S\/aplus-media-library-service-media\/0ef2ac66-af6f-4815-8b3d-c6163dbbbcda.__CR0,0,362,453_PT0_SX362_V1___.png\"><img decoding=\"async\" alt=\"de tel\u00e9fonos inteligentes que muestra un dise\u00f1o delgado. Env\u00eda un mensaje de texto con la palabra \u00abSlim\u00bb con el tel\u00e9fono en \u00abi\u00bb. Comparaci\u00f3n de grosores: Doogee de 15,8 mm frente a otros de 18,8 mm. Texto en espa\u00f1ol\" src=\"https:\/\/m.media-amazon.com\/images\/S\/aplus-media-library-service-media\/0ef2ac66-af6f-4815-8b3d-c6163dbbbcda.__CR0,0,362,453_PT0_SX362_V1___.png\">  <\/p>\n<p>                                              <img decoding=\"async\" alt=\"\" src=\"https:\/\/images-na.ssl-images-amazon.com\/images\/G\/01\/x-locale\/common\/grey-pixel.gif\" class=\"a-lazy-loaded\" data-src=\"https:\/\/m.media-amazon.com\/images\/S\/aplus-media-library-service-media\/566cff4c-038a-489d-9c76-7c2d9b32808e.__CR0,0,362,453_PT0_SX362_V1___.jpg\"><img decoding=\"async\" alt=\"\" src=\"https:\/\/m.media-amazon.com\/images\/S\/aplus-media-library-service-media\/566cff4c-038a-489d-9c76-7c2d9b32808e.__CR0,0,362,453_PT0_SX362_V1___.jpg\">  <\/p>\n<p> Producto directamente de Doogee. <\/p>\n<p> Nuevo producto. Embalaje del fabricante. <\/p>\n<p> Todas las partes originales. <\/p>\n<p>                                              <img decoding=\"async\" alt=\"un p\u00f3ster con las palabras\" src=\"https:\/\/images-na.ssl-images-amazon.com\/images\/G\/01\/x-locale\/common\/grey-pixel.gif\" class=\"a-lazy-loaded\" data-src=\"https:\/\/m.media-amazon.com\/images\/S\/aplus-media-library-service-media\/bf6dd44c-614a-4761-ae42-9a02ee37d38e.__CR0,0,362,453_PT0_SX362_V1___.jpg\"><img decoding=\"async\" alt=\"un p\u00f3ster con las palabras\" src=\"https:\/\/m.media-amazon.com\/images\/S\/aplus-media-library-service-media\/bf6dd44c-614a-4761-ae42-9a02ee37d38e.__CR0,0,362,453_PT0_SX362_V1___.jpg\">  <\/p>\n<p>                                                         Nuestro comienzo?                                       <\/p>\n<p> DOOGEE se fund\u00f3 en marzo de 2013, la creencia de DOOGEE es crear un tel\u00e9fono m\u00f3vil que sea resistente al agua para siempre y que nunca se da\u00f1e. <\/p>\n<p>                                                         \u00bfPor qu\u00e9 usar Doogee                                       <\/p>\n<p> Para ofrecer la experiencia perfecta a cada usuario, nos dedicamos a defender \u00abCALIDAD, EXPERIENCIA\u00bb. <\/p>\n<p>                                                         \u00bfQu\u00e9 podemos proporcionar                                       <\/p>\n<p> Para ofrecer la experiencia perfecta a cada usuario, especialmente en la calidad, todos los productos de DOOGEE deben pasar por el proceso de pruebas de alto nivel e inspecci\u00f3n de calidad de alta tecnolog\u00eda. <\/p>\n<p>                                              <img decoding=\"async\" alt=\"una captura de pantalla de la descripci\u00f3n de un tel\u00e9fono celular generada con mucha confianza\" src=\"https:\/\/images-na.ssl-images-amazon.com\/images\/G\/01\/x-locale\/common\/grey-pixel.gif\" class=\"a-lazy-loaded\" data-src=\"https:\/\/m.media-amazon.com\/images\/S\/aplus-media-library-service-media\/67a99599-a8ae-40e1-801a-810c9c2efe16.__CR0,0,362,453_PT0_SX362_V1___.jpg\"><img decoding=\"async\" alt=\"una captura de pantalla de la descripci\u00f3n de un tel\u00e9fono celular generada con mucha confianza\" src=\"https:\/\/m.media-amazon.com\/images\/S\/aplus-media-library-service-media\/67a99599-a8ae-40e1-801a-810c9c2efe16.__CR0,0,362,453_PT0_SX362_V1___.jpg\">  <\/p>\n<p>                                              <img decoding=\"async\" alt=\"un collage de fotos que muestra a una mujer sosteniendo una c\u00e1mara y a una mujer sosteniendo una c\u00e1mara.\" src=\"https:\/\/images-na.ssl-images-amazon.com\/images\/G\/01\/x-locale\/common\/grey-pixel.gif\" class=\"a-lazy-loaded\" data-src=\"https:\/\/m.media-amazon.com\/images\/S\/aplus-media-library-service-media\/2b0f595a-3c87-444a-bac3-90baf1d3702b.__CR0,0,362,453_PT0_SX362_V1___.jpg\"><img decoding=\"async\" alt=\"un collage de fotos que muestra a una mujer sosteniendo una c\u00e1mara y a una mujer sosteniendo una c\u00e1mara.\" src=\"https:\/\/m.media-amazon.com\/images\/S\/aplus-media-library-service-media\/2b0f595a-3c87-444a-bac3-90baf1d3702b.__CR0,0,362,453_PT0_SX362_V1___.jpg\">  <\/p>\n<p> Batteries                                            \u200f                                            :                                            \u200e                                            2 Lithium Polymer batteries required. (included)   <br \/> Product Dimensions                                            \u200f                                            :                                            \u200e                                            10.4 x 5.2 x 19.4 cm; 458 g   <br \/> Manufacturer                                            \u200f                                            :                                            \u200e                                            DOOGEE   <br \/> ASIN                                            \u200f                                            :                                            \u200e                                            B0F9NMZPG9   <br \/> Item model number                                            \u200f                                            :                                            \u200e                                            BLADE20   <br \/> Guaranteed software updates until                                            \u200f                                            :                                            \u200e                                            unknown   <br \/>  Customer reviews:                                                                                            4.3               4.3 out of 5 stars                                  (42)                                              var dpAcrHasRegisteredArcLinkClickAction;                    P.when(&#8216;A&#8217;, &#8216;ready&#8217;).execute(function(A) {                        if (dpAcrHasRegisteredArcLinkClickAction !== true) {                            dpAcrHasRegisteredArcLinkClickAction = true;                            A.declarative(                                &#8216;acrLink-click-metrics&#8217;, &#8216;click&#8217;,                                { \u00aballowLinkDefault\u00bb: true },                                function (event) {                                    if (window.ue) {                                        ue.count(\u00abacrLinkClickCount\u00bb, (ue.count(\u00abacrLinkClickCount\u00bb) || 0) + 1);                                    }                                }                            );                        }                    });                                             P.when(&#8216;A&#8217;, &#8216;cf&#8217;).execute(function(A) {                A.declarative(&#8216;acrStarsLink-click-metrics&#8217;, &#8216;click&#8217;, { \u00aballowLinkDefault\u00bb : true },  function(event){                    if(window.ue) {                        ue.count(\u00abacrStarsLinkWithPopoverClickCount\u00bb, (ue.count(\u00abacrStarsLinkWithPopoverClickCount\u00bb) || 0) + 1);                    }                });            });                          <\/p>\n<p>\u3010Large 10300mAh\/18W Quick Charge Battery\u3011 This unbreakable DOOGEE Blade 20 mobile phone comes with a large 10300mAh battery, so whether you are an outdoor enthusiast, a frequent user of rugged smartphones or a busy office worker, it will be with you all day. This indestructible phone also features 18W fast charging technology, which greatly reduces standby time and allows you to quickly recharge the battery before you leave home<br \/>\u3010Octa-Core T7200 + Android 15 Chip\u3011The powerful Octa-core Spreadtrum T7200 processor provides the unbreakable mobile with excellent operational efficiency, whether in multitasking or running large-scale applications with ease. The rugged mobile is also equipped with the latest Android 15 operating system. Users can enjoy a number of handy features such as smart split screen, background freezing, and permission segmentation<br \/>\u301020GB RAM + 128GB ROM \/ TF 2TB\u3011DOOGEE Blade 20 unbreakable mobile phone comes with 20GB RAM (4GB + 16GB virtual memory), which makes it more convenient in app loading, background switching, multitasking, etc. Powerful 128GB ROM and support for TF card expansion up to 2TB allow you to download the apps you want to your rugged smartphone, cache photos, videos, etc., to realize the freedom to use your data as you want and files as you want<br \/>\u30106.6&#8243; 90Hz IPS HD+ Display\u3011DOOGEE blade 20 unbreakable mobile features a 6.6&#8243; HD IPS screen that maintains maximum screen-to-body ratio and ensures visual clarity and uniformity. With a screen resolution of up to 1080P, details are rendered accurately and clearly. In addition, off-road mobile supports a high refresh rate of 90Hz, allowing a silky smooth feeling when switching between apps, surfing the Internet or playing games<br \/>\u301016MP Main Camera + 8MP Front Camera\u3011The 16MP HD main camera of the rugged phone allows you to easily take high-quality photos. Support various shooting modes to meet the needs of different scenes, such as landscape, portrait and macro. The 8MP front camera delivers clear, natural images for selfies and video calls, while the auto beauty feature delivers a halo in every frame<br \/>\u3010Unlock \/ NFC + Fashion Color\u3011Indestructible mobile phone features two unlocking methods: side fingerprint recognition and face recognition. The rugged mobile also integrates the NFC function, which supports convenient services such as payments. BLADE20 has three fashionable color combinations: natural, purple and black, along with the hard edges and three-dimensional cutting design, which give every rugged phone a stronger visual impact.<br \/>LIMITED TIME GIFT Save up to \u20ac20 with 100% off your phone holder. Add the holder and smartphone to your basket and place an order! Limited time gift, only 10 in stock, will no longer be available after pickup!<\/p>\n\n","protected":false},"excerpt":{"rendered":"<p> From the brand DOOGEE&#8211;OFFICIAL La creencia de Doogee es crear un tel\u00e9fono m\u00f3vil que siempre<\/p>","protected":false},"featured_media":37654,"comment_status":"open","ping_status":"closed","template":"","meta":[],"product_brand":[],"product_cat":[100],"product_tag":[11242,11241,1890,833,391,1891,1896,2659,1893,6113,298,1892,703,1889,1275,1888,985,230,1240,2827,11243,1897,1894,1895,1588,11244,6385,10174],"class_list":{"0":"post-37653","1":"product","2":"type-product","3":"status-publish","4":"has-post-thumbnail","6":"product_cat-smartphones","7":"product_tag-10300mah","8":"product_tag-20gb128gb2tb","9":"product_tag-5g-smartphones","10":"product_tag-90hz","11":"product_tag-android","12":"product_tag-android-phones","13":"product_tag-best-smartphones","14":"product_tag-blade","15":"product_tag-budget-smartphones","16":"product_tag-doogee","17":"product_tag-dual","18":"product_tag-iphone-smartphones","19":"product_tag-ips","20":"product_tag-latest-smartphones","21":"product_tag-mobile","22":"product_tag-mobile-phones","23":"product_tag-natural","24":"product_tag-phone","25":"product_tag-rugged","26":"product_tag-sim","27":"product_tag-slots4g","28":"product_tag-smartphone","29":"product_tag-smartphone-deals","30":"product_tag-smartphone-price","31":"product_tag-smartphones","32":"product_tag-t720016mpgpsface","33":"product_tag-unbreakable","34":"product_tag-unisoc","36":"first","37":"instock","38":"sale","39":"shipping-taxable","40":"product-type-external"},"_links":{"self":[{"href":"https:\/\/comprasyconsejos.store\/en\/wp-json\/wp\/v2\/product\/37653","targetHints":{"allow":["GET"]}}],"collection":[{"href":"https:\/\/comprasyconsejos.store\/en\/wp-json\/wp\/v2\/product"}],"about":[{"href":"https:\/\/comprasyconsejos.store\/en\/wp-json\/wp\/v2\/types\/product"}],"replies":[{"embeddable":true,"href":"https:\/\/comprasyconsejos.store\/en\/wp-json\/wp\/v2\/comments?post=37653"}],"version-history":[{"count":0,"href":"https:\/\/comprasyconsejos.store\/en\/wp-json\/wp\/v2\/product\/37653\/revisions"}],"wp:featuredmedia":[{"embeddable":true,"href":"https:\/\/comprasyconsejos.store\/en\/wp-json\/wp\/v2\/media\/37654"}],"wp:attachment":[{"href":"https:\/\/comprasyconsejos.store\/en\/wp-json\/wp\/v2\/media?parent=37653"}],"wp:term":[{"taxonomy":"product_brand","embeddable":true,"href":"https:\/\/comprasyconsejos.store\/en\/wp-json\/wp\/v2\/product_brand?post=37653"},{"taxonomy":"product_cat","embeddable":true,"href":"https:\/\/comprasyconsejos.store\/en\/wp-json\/wp\/v2\/product_cat?post=37653"},{"taxonomy":"product_tag","embeddable":true,"href":"https:\/\/comprasyconsejos.store\/en\/wp-json\/wp\/v2\/product_tag?post=37653"}],"curies":[{"name":"wp","href":"https:\/\/api.w.org\/{rel}","templated":true}]}}