{"id":37658,"date":"2026-03-05T08:38:15","date_gmt":"2026-03-05T08:38:15","guid":{"rendered":"https:\/\/comprasyconsejos.store\/product\/50kpa-600w-aspiradora-sin-cable-65mineco-aspiradora-vertical-escoba-potente-incluye-manguera-de-1m-y-anti-enredo-cepillo-modo-automatico-funcion-aromatica-para-mascotas-suelos-alfombras-coche\/"},"modified":"2026-03-05T08:38:15","modified_gmt":"2026-03-05T08:38:15","slug":"50kpa-600w-aspiradora-sin-cable-65mineco-aspiradora-vertical-escoba-potente-incluye-manguera-de-1m-y-anti-enredo-cepillo-modo-automatico-funcion-aromatica-para-mascotas-suelos-alfombras-coche","status":"publish","type":"product","link":"https:\/\/comprasyconsejos.store\/en\/product\/50kpa-600w-aspiradora-sin-cable-65mineco-aspiradora-vertical-escoba-potente-incluye-manguera-de-1m-y-anti-enredo-cepillo-modo-automatico-funcion-aromatica-para-mascotas-suelos-alfombras-coche\/","title":{"rendered":"50KPA\/600W Aspiradora sin Cable, 65Min(ECO) Aspiradora Vertical Escoba Potente, Incluye Manguera de 1M y Anti-Enredo Cepillo, Modo Autom\u00e1tico, Funci\u00f3n Arom\u00e1tica, para Mascotas\/Suelos\/Alfombras\/Coche"},"content":{"rendered":"<p>&#8211; \ud83d\udd0b \u3010600W Motor &amp; 50KPa Potente Succi\u00f3n\u3011 Aspiradora sin cable INTETURE BP40 est\u00e1 equipada con un potente motor sin escobillas de 600W que ofrece hasta 50KPa de succi\u00f3n, eliminando f\u00e1cilmente polvo, migas y pelos de mascotas incrustados en alfombras, sof\u00e1s y rincones. Con esta aspiradora potente, conseguir\u00e1s una limpieza profunda de todo el hogar sin esfuerzo.<br \/>\n&#8211; \u23f3 \u301065 Minutos de Autonom\u00eda &amp; Carga en Soporte de Pared\u3011 Aspiradora vertical sin cable incorpora una bater\u00eda desmontable de gran capacidad (8\u00d72200mAh) que proporciona hasta 65 minutos de funcionamiento en modo ECO\uff08(Aproximadamente 30-35minutos en modo est\u00e1ndar, aproximadamente 15-20 minutos en modo potente)\uff09, permitiendo limpiar toda la casa con una sola carga. Incluye soporte de pared para carga y almacenamiento 2 en 1; la bater\u00eda tambi\u00e9n se puede cargar por separado, ofreciendo m\u00e1xima comodidad.<br \/>\n&#8211; \ud83e\uddcd \u3010Funci\u00f3n de Estacionamiento Vertical &amp; Modo Autom\u00e1tico Inteligente\u3011 El innovador dise\u00f1o aut\u00f3nomo de la aspiradora sin cable le permite mantenerse en posici\u00f3n vertical sin necesidad de apoyarse en la pared, permiti\u00e9ndole detener y reiniciar la aspiradora potente cuando quiera, sin preocuparse por ensuciar paredes o muebles. Con un solo clic, el modo autom\u00e1tico inteligente ajusta autom\u00e1ticamente la potencia de succi\u00f3n seg\u00fan el tipo de suelo. Una luz LED verde profesional integrada ilumina todo, desde las alfombras del sal\u00f3n hasta los espacios debajo de la cama, para que la limpieza sea m\u00e1s c\u00f3moda y sin preocupaciones.<br \/>\n&#8211; \ud83e\uddf9\u3010Manguera Flexible Mejorada de 1 Metro y Cabezales de Cepillo Multiusos\u3011 Aspiradora potente cuenta con una manguera flexible de hasta 1 metro de longitud, lo que permite maniobrar sin esfuerzo en rincones de dif\u00edcil acceso, como rieles de cortinas altos o armarios. Aspiradora sin cable combinaci\u00f3n con accesorios vers\u00e1tiles, como una boquilla para rincones de doble funci\u00f3n y un cepillo triangular, se transforma f\u00e1cilmente en una aspiradora para coches. Combine libremente los accesorios para diversos escenarios de limpieza y consiga una verdadera funcionalidad multiusos tanto para el hogar como para el veh\u00edculo, \u00a1sin dejar ning\u00fan rinc\u00f3n sin limpiar!<br \/>\n&#8211; \ud83c\udf43 \u3010Cepillo Anti-Enredos &amp; Aroma Fresco\u3011 El exclusivo cepillo en forma de \u201cS\u201d de la aspiradora sin cable est\u00e1 dise\u00f1ado para evitar que los pelos largos o de mascotas se enreden, reduciendo la necesidad de limpiar el rodillo con frecuencia y manteniendo siempre un alto rendimiento de succi\u00f3n. El cabezal de cepillo con rotaci\u00f3n flexible de 270\u00b0 llega f\u00e1cilmente a esquinas y bordes, logrando una limpieza profunda sin esfuerzo. Al mismo tiempo, la aspiradora potente libera un delicado aroma, dejando cada habitaci\u00f3n fresca y agradable mientras limpias.<br \/>\n&#8211; \ud83e\udd1d \u3010Atenci\u00f3n al Cliente Premium\u3011 En INTETURE, la satisfacci\u00f3n del cliente es nuestra prioridad. Ofrecemos soporte t\u00e9cnico integral y servicio postventa profesional para la aspiradora vertical sin cable INTETURE BP40. Ya sea instalaci\u00f3n, mantenimiento o reemplazo de accesorios, respondemos r\u00e1pidamente para garantizar una experiencia de compra sin preocupaciones.<\/p>","protected":false},"excerpt":{"rendered":"<p>&#8211; \ud83d\udd0b \u3010600W Motor &amp; 50KPa Potente Succi\u00f3n\u3011 Aspiradora sin cable INTETURE BP40 est\u00e1 equipada con un potente motor sin<\/p>","protected":false},"featured_media":0,"comment_status":"open","ping_status":"closed","template":"","meta":[],"product_brand":[],"product_cat":[101],"product_tag":[],"class_list":{"0":"post-37658","1":"product","2":"type-product","3":"status-publish","5":"product_cat-accessories","7":"first","8":"instock","9":"sale","10":"shipping-taxable","11":"product-type-external"},"_links":{"self":[{"href":"https:\/\/comprasyconsejos.store\/en\/wp-json\/wp\/v2\/product\/37658","targetHints":{"allow":["GET"]}}],"collection":[{"href":"https:\/\/comprasyconsejos.store\/en\/wp-json\/wp\/v2\/product"}],"about":[{"href":"https:\/\/comprasyconsejos.store\/en\/wp-json\/wp\/v2\/types\/product"}],"replies":[{"embeddable":true,"href":"https:\/\/comprasyconsejos.store\/en\/wp-json\/wp\/v2\/comments?post=37658"}],"version-history":[{"count":0,"href":"https:\/\/comprasyconsejos.store\/en\/wp-json\/wp\/v2\/product\/37658\/revisions"}],"wp:attachment":[{"href":"https:\/\/comprasyconsejos.store\/en\/wp-json\/wp\/v2\/media?parent=37658"}],"wp:term":[{"taxonomy":"product_brand","embeddable":true,"href":"https:\/\/comprasyconsejos.store\/en\/wp-json\/wp\/v2\/product_brand?post=37658"},{"taxonomy":"product_cat","embeddable":true,"href":"https:\/\/comprasyconsejos.store\/en\/wp-json\/wp\/v2\/product_cat?post=37658"},{"taxonomy":"product_tag","embeddable":true,"href":"https:\/\/comprasyconsejos.store\/en\/wp-json\/wp\/v2\/product_tag?post=37658"}],"curies":[{"name":"wp","href":"https:\/\/api.w.org\/{rel}","templated":true}]}}