{"id":37659,"date":"2026-03-05T08:38:21","date_gmt":"2026-03-05T08:38:21","guid":{"rendered":"https:\/\/comprasyconsejos.store\/product\/fn960-ssd-512gb-m-2-2280-pcie-gen4-x4-nvme-1-4-internal-solid-state-drive-with-heatsink-speeds-up-to-4800mb-s-dynamic-slc-internal-ssd-compatible-with-laptop-and-desktop\/"},"modified":"2026-03-05T08:38:26","modified_gmt":"2026-03-05T08:38:26","slug":"fn960-ssd-512gb-m-2-2280-pcie-gen4-x4-nvme-1-4-internal-solid-state-drive-with-heatsink-speeds-up-to-4800mb-s-dynamic-slc-internal-ssd-compatible-with-laptop-and-desktop","status":"publish","type":"product","link":"https:\/\/comprasyconsejos.store\/en\/product\/fn960-ssd-512gb-m-2-2280-pcie-gen4-x4-nvme-1-4-internal-solid-state-drive-with-heatsink-speeds-up-to-4800mb-s-dynamic-slc-internal-ssd-compatible-with-laptop-and-desktop\/","title":{"rendered":"FN960 SSD 512GB M.2 2280 PCIe Gen4 x4 NVMe 1.4 Internal Solid State Drive with Heatsink &#8211; Speeds up to 4800MB\/s, Dynamic SLC, Internal SSD Compatible with Laptop and Desktop"},"content":{"rendered":"<p>Price: <span style=\"color:#b12704\">\u20ac86.99<\/span><br \/><i><small>(as of Mar 05, 2026 08:38:21 UTC &#8211; <span class=\"wp_automatic_amazon_disclaimer\" title=\"Product prices and availability are accurate as of the date\/time indicated and are subject to change. Any price and availability information displayed on [relevant Amazon Site(s), as applicable] at the time of purchase will apply to the purchase of this product.\">Details<\/span>)<\/small><\/i><\/p>\n<p><a href=\"https:\/\/amazon.es\/dp\/B0C3B1ZQCX?tag=man008-21\"><img decoding=\"async\" src=\"https:\/\/valvepress.s3.amazonaws.com\/imgs\/buy_now.png\"><\/a><br \/>\n<\/p>\n<p>                                             From the brand   <\/p>\n<p>                                              <img decoding=\"async\" alt=\"fikwot ssd\" src=\"https:\/\/images-na.ssl-images-amazon.com\/images\/G\/01\/x-locale\/common\/grey-pixel.gif\" class=\"a-lazy-loaded\" data-src=\"https:\/\/m.media-amazon.com\/images\/S\/aplus-media-library-service-media\/78b9c62a-8588-4e32-80f5-482c751ae249.__CR0,0,1464,625_PT0_SX1464_V1___.png\"><img decoding=\"async\" alt=\"fikwot ssd\" src=\"https:\/\/m.media-amazon.com\/images\/S\/aplus-media-library-service-media\/78b9c62a-8588-4e32-80f5-482c751ae249.__CR0,0,1464,625_PT0_SX1464_V1___.png\">  <\/p>\n<p>                                              <img decoding=\"async\" alt=\"\" src=\"https:\/\/images-na.ssl-images-amazon.com\/images\/G\/01\/x-locale\/common\/grey-pixel.gif\" class=\"a-lazy-loaded\" data-src=\"https:\/\/m.media-amazon.com\/images\/S\/aplus-media-library-service-media\/3445b623-665e-4663-8455-e7f4c23e2963.__CR0,108,400,184_PT0_SX315_V1___.jpg\"><img decoding=\"async\" alt=\"\" src=\"https:\/\/m.media-amazon.com\/images\/S\/aplus-media-library-service-media\/3445b623-665e-4663-8455-e7f4c23e2963.__CR0,108,400,184_PT0_SX315_V1___.jpg\">  <\/p>\n<p> Fikwot es una marca profesional de memoria flash en China. Fundada en 2018, cuenta con un equipo central con m\u00e1s de diez a\u00f1os de experiencia en dise\u00f1o y desarrollo de productos de almacenamiento, desarrollo de firmware y ventas de productos. <\/p>\n<p> Estamos comprometidos a proporcionar a los socios comerciales globales excelentes productos (p. ej. Unidades flash USB, tarjetas de memoria, SSD, unidades flash USB port\u00e1tiles de estado s\u00f3lido, etc. ). <\/p>\n<h3> SSD NVMe Gen 4 7300MB\/s <\/h3>\n<p class=\"apm-brand-story-stores-link\">\n<h3> SSD Gen 4 con disipador t\u00e9rmico <\/h3>\n<p class=\"apm-brand-story-stores-link\">\n<h3> SSD NVMe Gen 4 con cach\u00e9 DRAM <\/h3>\n<p class=\"apm-brand-story-stores-link\">\n<h3> SATA SSD III de 2,5 pulgadas <\/h3>\n<p class=\"apm-brand-story-stores-link\">\n<h3> SSD externo FP80 <\/h3>\n<p class=\"apm-brand-story-stores-link\">\n<h3> SSD externo FP70 <\/h3>\n<p class=\"apm-brand-story-stores-link\">\n<h3> M\u00e1s SSD <\/h3>\n<p class=\"apm-brand-story-stores-link\">\n<p> Product Dimensions                                            \u200f                                            :                                            \u200e                                            10 x 5 x 2 cm; 70 g   <br \/> Manufacturer                                            \u200f                                            :                                            \u200e                                            Fikwot   <br \/> ASIN                                            \u200f                                            :                                            \u200e                                            B0C3B1ZQCX   <br \/> Item model number                                            \u200f                                            :                                            \u200e                                            FN960   <br \/> Country of origin                                            \u200f                                            :                                            \u200e                                            China   <br \/> Guaranteed software updates until                                            \u200f                                            :                                            \u200e                                            unknown   <br \/>  Customer reviews:                                                                                            4.6               4.6 out of 5 stars                                  (3,122)                                              var dpAcrHasRegisteredArcLinkClickAction;                    P.when(&#8216;A&#8217;, &#8216;ready&#8217;).execute(function(A) {                        if (dpAcrHasRegisteredArcLinkClickAction !== true) {                            dpAcrHasRegisteredArcLinkClickAction = true;                            A.declarative(                                &#8216;acrLink-click-metrics&#8217;, &#8216;click&#8217;,                                { \u00aballowLinkDefault\u00bb: true },                                function (event) {                                    if (window.ue) {                                        ue.count(\u00abacrLinkClickCount\u00bb, (ue.count(\u00abacrLinkClickCount\u00bb) || 0) + 1);                                    }                                }                            );                        }                    });                                             P.when(&#8216;A&#8217;, &#8216;cf&#8217;).execute(function(A) {                A.declarative(&#8216;acrStarsLink-click-metrics&#8217;, &#8216;click&#8217;, { \u00aballowLinkDefault\u00bb : true },  function(event){                    if(window.ue) {                        ue.count(\u00abacrStarsLinkWithPopoverClickCount\u00bb, (ue.count(\u00abacrStarsLinkWithPopoverClickCount\u00bb) || 0) + 1);                    }                });            });                          <\/p>\n<p>EXCELLENT PERFORMANCE &#8211; Fikwot FN960 512GB M.2 SSD uses M.2 PCIe Gen4 x4 technology and supports NVMe1.4 protocol. The maximum read speed of this SSD is up to 4800MB\/s, and the write speed is up to 2650MB\/s. It features a dynamic SLC cache that keeps the SSD running fast and stable.<br \/>WIDE COMPATIBILITY &#8211; FN960 512GB SSD can be used to expand the storage capacity of the game console. This SSD is suitable for desktops, all-in-one PCs, laptops, and is perfectly compatible with Windows 7\/8\/10\/11.<br \/>RELIABILITY AND STABILITY &#8211; Stability is one of the core values of our products, after 88 hours of rigorous testing to ensure that the M.2 NVMe SSD does not fail.<br \/>LOW TEMPERATURE &#8211; A high-conductivity thermal pad is selected, and equipped with an aluminum alloy heat sink, and quickly dissipates the accumulated heat of the M.2 PCIe 4.0 SSD, without worrying about the high temperature slowdown caused by high-speed transmission. You can choose whether to use the heat sink or not.<br \/>WARRANTY SERVICE &#8211; With a durability of up to 350 TBW, you can trust the Fikwot brand. If you have any questions or concerns, we offer 24-hour technical support service.<\/p>\n\n","protected":false},"excerpt":{"rendered":"<p> From the brand Fikwot es una marca profesional de memoria flash en China. Fundada en<\/p>","protected":false},"featured_media":37660,"comment_status":"open","ping_status":"closed","template":"","meta":[],"product_brand":[],"product_cat":[81],"product_tag":[1455,5304,536,1457,1468,201,787,795,1556,11245,1461,1118,1301,1120,159,1119,1459,822,1452,624,1465,1463,1643,812,2671,513,1466,813],"class_list":{"0":"post-37659","1":"product","2":"type-product","3":"status-publish","4":"has-post-thumbnail","6":"product_cat-ssd-drive","7":"product_tag-1tb-ssd","8":"product_tag-4800mbs","9":"product_tag-512gb","10":"product_tag-512gb-ssd","11":"product_tag-best-ssd","12":"product_tag-compatible","13":"product_tag-desktop","14":"product_tag-drive","15":"product_tag-dynamic","16":"product_tag-fn960","17":"product_tag-gaming-ssd","18":"product_tag-gen4","19":"product_tag-heatsink","20":"product_tag-internal","21":"product_tag-laptop","22":"product_tag-m-2","23":"product_tag-m-2-ssd","24":"product_tag-nvme","25":"product_tag-nvme-ssd","26":"product_tag-pcie","27":"product_tag-portable-ssd","28":"product_tag-sata-ssd","29":"product_tag-slc","30":"product_tag-solid","31":"product_tag-speeds","32":"product_tag-ssd","33":"product_tag-ssd-price","34":"product_tag-state","36":"first","37":"instock","38":"shipping-taxable","39":"product-type-external"},"_links":{"self":[{"href":"https:\/\/comprasyconsejos.store\/en\/wp-json\/wp\/v2\/product\/37659","targetHints":{"allow":["GET"]}}],"collection":[{"href":"https:\/\/comprasyconsejos.store\/en\/wp-json\/wp\/v2\/product"}],"about":[{"href":"https:\/\/comprasyconsejos.store\/en\/wp-json\/wp\/v2\/types\/product"}],"replies":[{"embeddable":true,"href":"https:\/\/comprasyconsejos.store\/en\/wp-json\/wp\/v2\/comments?post=37659"}],"version-history":[{"count":0,"href":"https:\/\/comprasyconsejos.store\/en\/wp-json\/wp\/v2\/product\/37659\/revisions"}],"wp:featuredmedia":[{"embeddable":true,"href":"https:\/\/comprasyconsejos.store\/en\/wp-json\/wp\/v2\/media\/37660"}],"wp:attachment":[{"href":"https:\/\/comprasyconsejos.store\/en\/wp-json\/wp\/v2\/media?parent=37659"}],"wp:term":[{"taxonomy":"product_brand","embeddable":true,"href":"https:\/\/comprasyconsejos.store\/en\/wp-json\/wp\/v2\/product_brand?post=37659"},{"taxonomy":"product_cat","embeddable":true,"href":"https:\/\/comprasyconsejos.store\/en\/wp-json\/wp\/v2\/product_cat?post=37659"},{"taxonomy":"product_tag","embeddable":true,"href":"https:\/\/comprasyconsejos.store\/en\/wp-json\/wp\/v2\/product_tag?post=37659"}],"curies":[{"name":"wp","href":"https:\/\/api.w.org\/{rel}","templated":true}]}}