{"id":37665,"date":"2026-03-05T09:29:03","date_gmt":"2026-03-05T09:29:03","guid":{"rendered":"https:\/\/comprasyconsejos.store\/product\/timetec-extreme-performance-hynix-ic-ddr4-3200mhz-pc4-25600-cl16-1-35v-unbuffered-non-ecc-designed-for-high-performance-gaming-compatible-with-amd-and-intel-desktop-memory-32gb-kit2x16gb-premium\/"},"modified":"2026-03-05T09:29:04","modified_gmt":"2026-03-05T09:29:04","slug":"timetec-extreme-performance-hynix-ic-ddr4-3200mhz-pc4-25600-cl16-1-35v-unbuffered-non-ecc-designed-for-high-performance-gaming-compatible-with-amd-and-intel-desktop-memory-32gb-kit2x16gb-premium","status":"publish","type":"product","link":"https:\/\/comprasyconsejos.store\/en\/product\/timetec-extreme-performance-hynix-ic-ddr4-3200mhz-pc4-25600-cl16-1-35v-unbuffered-non-ecc-designed-for-high-performance-gaming-compatible-with-amd-and-intel-desktop-memory-32gb-kit2x16gb-premium\/","title":{"rendered":"Timetec Extreme Performance Hynix IC DDR4 3200MHz PC4-25600 CL16 1.35V Unbuffered Non-ECC Designed for High Performance Gaming Compatible with AMD and Intel Desktop Memory (32GB KIT(2x16GB) Premium)"},"content":{"rendered":"<p>Price: <span style=\"color:#b12704\">\u20ac249.99<\/span><br \/><i><small>(as of Mar 05, 2026 09:29:03 UTC &#8211; <span class=\"wp_automatic_amazon_disclaimer\" title=\"Product prices and availability are accurate as of the date\/time indicated and are subject to change. Any price and availability information displayed on [relevant Amazon Site(s), as applicable] at the time of purchase will apply to the purchase of this product.\">Details<\/span>)<\/small><\/i><\/p>\n<p><a href=\"https:\/\/amazon.es\/dp\/B0G254LH26?tag=man008-21\"><img decoding=\"async\" src=\"https:\/\/valvepress.s3.amazonaws.com\/imgs\/buy_now.png\"><\/a><br \/>\n<\/p>\n<p>                                             Product Description   <\/p>\n<p>The video showcases the product in use.The video guides you through product setup.The video compares multiple products.The video shows the product being unpacked. Timetec DDR4 UDIMM Merchant video<\/p>\n<h3 class=\"aplus-h1 aplus-module-1-heading a-text-bold\"> Calidad asegurada, velocidad r\u00e1pida, alto rendimiento <\/h3>\n<p class=\"aplus-p2 aplus-module-1-description\"> El m\u00f3dulo DDR4 de Timetec est\u00e1 optimizado para sistemas DDR4 y ofrece frecuencias m\u00e1s altas, mayor ancho de banda y menor consumo de energ\u00eda que los m\u00f3dulos DDR3. Es compatible con sistemas DDR4, garantizando un rendimiento r\u00e1pido y fiable. <\/p>\n<p>                                           <img decoding=\"async\" alt=\"una imagen de producto del acer x7 - v2 - t2 - t2 - t2 - t2 - t2 - t2 - t2 - t2 -\" src=\"https:\/\/images-na.ssl-images-amazon.com\/images\/G\/01\/x-locale\/common\/grey-pixel.gif\" class=\"a-lazy-loaded\" data-src=\"https:\/\/m.media-amazon.com\/images\/S\/aplus-media-library-service-media\/6a04d476-f1a8-4af7-a87f-69ffa3be2483.__CR0,0,800,600_PT0_SX800_V1___.jpeg\"><img decoding=\"async\" alt=\"una imagen de producto del acer x7 - v2 - t2 - t2 - t2 - t2 - t2 - t2 - t2 - t2 -\" src=\"https:\/\/m.media-amazon.com\/images\/S\/aplus-media-library-service-media\/6a04d476-f1a8-4af7-a87f-69ffa3be2483.__CR0,0,800,600_PT0_SX800_V1___.jpeg\">          <\/p>\n<h3 class=\"a-size-extra-large a-spacing-base a-text-center\"> Especificaciones <\/h3>\n<p>                                                        Tipo de M\u00f3dulo                                    DDR4 UDIMM No-ECC Sin B\u00fafer                                        Frecuencia                                    2133 \/ 2400 \/ 2666 \/ 3200MHz                                        Latencia CAS                                    2133MHz &#8211; CL15 \/ 2400MHz &#8211; CL17 \/ 2666MHz &#8211; CL19 \/ 3200MHz -CL22                                        Capacidad                                    8GB \/ 16GB \/ 32GB                                        Voltaje                                    1.2V                                        Pines                                    288 Pines                                        Dimensiones                                    134(L) x 32(H)mm                  <\/p>\n<p>                                                                                                       <img decoding=\"async\" alt=\"Primer plano de los componentes de hardware de la computadora dentro de una carcasa de PC. Se ven las memorias RAM, las conexiones de la placa base y los cables de alimentaci\u00f3n\" src=\"https:\/\/images-na.ssl-images-amazon.com\/images\/G\/01\/x-locale\/common\/grey-pixel.gif\" class=\"a-lazy-loaded\" data-src=\"https:\/\/m.media-amazon.com\/images\/S\/aplus-media-library-service-media\/5d415f4f-08d4-4333-ba89-e5f1be377a06.__CR0,0,1464,600_PT0_SX1464_V1___.jpg\"><img decoding=\"async\" alt=\"Primer plano de los componentes de hardware de la computadora dentro de una carcasa de PC. Se ven las memorias RAM, las conexiones de la placa base y los cables de alimentaci\u00f3n\" src=\"https:\/\/m.media-amazon.com\/images\/S\/aplus-media-library-service-media\/5d415f4f-08d4-4333-ba89-e5f1be377a06.__CR0,0,1464,600_PT0_SX1464_V1___.jpg\">                                                                                    Aumentar la multitarea                                        <\/p>\n<p class=\"aplus-p2 aplus-module-2-description\"> La memoria Timetec est\u00e1 dise\u00f1ada para maximizar la efectividad y eficiencia de tu sistema de escritorio y aumentar las capacidades de multitarea de tu computadora de escritorio. <\/p>\n<p>                                                                                                       <img decoding=\"async\" alt=\"Primer plano de un rack para equipos de audio con un dispositivo con etiqueta azul instalado. Hay varios conmutadores y puertos visibles en el panel frontal\" src=\"https:\/\/images-na.ssl-images-amazon.com\/images\/G\/01\/x-locale\/common\/grey-pixel.gif\" class=\"a-lazy-loaded\" data-src=\"https:\/\/m.media-amazon.com\/images\/S\/aplus-media-library-service-media\/867b2841-29e3-4858-a360-64670a3509fb.__CR0,0,1464,600_PT0_SX1464_V1___.jpg\"><img decoding=\"async\" alt=\"Primer plano de un rack para equipos de audio con un dispositivo con etiqueta azul instalado. Hay varios conmutadores y puertos visibles en el panel frontal\" src=\"https:\/\/m.media-amazon.com\/images\/S\/aplus-media-library-service-media\/867b2841-29e3-4858-a360-64670a3509fb.__CR0,0,1464,600_PT0_SX1464_V1___.jpg\">                                                                                    Amplia compatibilidad                                        <\/p>\n<p class=\"aplus-p2 aplus-module-2-description\"> Todos los m\u00f3dulos de Timetec se prueban exhaustivamente a nivel de componentes para resistencia a voltaje y temperatura, integridad de se\u00f1al y compatibilidad con software, garantizando as\u00ed una alta estabilidad. <\/p>\n<p>                                                                                                       <img decoding=\"async\" alt=\"Similar a la imagen 6, que muestra gotas de agua o l\u00edquido capturadas en movimiento sobre un fondo oscuro con iluminaci\u00f3n azul.\" src=\"https:\/\/images-na.ssl-images-amazon.com\/images\/G\/01\/x-locale\/common\/grey-pixel.gif\" class=\"a-lazy-loaded\" data-src=\"https:\/\/m.media-amazon.com\/images\/S\/aplus-media-library-service-media\/fc37d726-7f8b-495f-8049-5df8367ab0ee.__CR479,0,4163,1706_PT0_SX1464_V1___.jpg\"><img decoding=\"async\" alt=\"Similar a la imagen 6, que muestra gotas de agua o l\u00edquido capturadas en movimiento sobre un fondo oscuro con iluminaci\u00f3n azul.\" src=\"https:\/\/m.media-amazon.com\/images\/S\/aplus-media-library-service-media\/fc37d726-7f8b-495f-8049-5df8367ab0ee.__CR479,0,4163,1706_PT0_SX1464_V1___.jpg\">                                                                                    Componentes de alta calidad y pruebas estrictas                                        <\/p>\n<p class=\"aplus-p2 aplus-module-2-description\"> Timetec ha seleccionado un chip IC de alta calidad que ha pasado por pruebas exhaustivas de compatibilidad y fiabilidad para garantizar una memoria que ofrezca tanto estabilidad como compatibilidad. <\/p>\n<h3 class=\"a-text-center aplus-heading aplus-h1 a-text-bold\"> Memoria de escritorio serie TIMETEC PREMIUM <\/h3>\n<p class=\"aplus-p3 a-text-bold\"> Tipo de Memoria <\/p>\n<p class=\"aplus-p3\"> DDR3 DIMM 240 pines No-ECC Sin B\u00fafer <\/p>\n<p class=\"aplus-p3 a-text-bold\"> Tipo de Memoria <\/p>\n<p class=\"aplus-p3\"> DDR4 DIMM 288 pines No-ECC Sin B\u00fafer <\/p>\n<p class=\"aplus-p3 a-text-bold\"> Tipo de Memoria <\/p>\n<p class=\"aplus-p3\"> DDR5 DIMM 288 pines No-ECC Sin B\u00fafer <\/p>\n<p class=\"aplus-p3 a-text-bold\"> Frecuencia <\/p>\n<p class=\"aplus-p3\"> 1333MHz \/ 1600MHz <\/p>\n<p class=\"aplus-p3 a-text-bold\"> Frecuencia <\/p>\n<p class=\"aplus-p3\"> De 2400MHz a 3200MHz <\/p>\n<p class=\"aplus-p3 a-text-bold\"> Frecuencia <\/p>\n<p class=\"aplus-p3\"> 4800MHz \/ 5600MHz <\/p>\n<p class=\"aplus-p3 a-text-bold\"> Latencia <\/p>\n<p class=\"aplus-p3\"> 1333MHz &#8211; CL9 \/ 1600MHz &#8211; CL11 <\/p>\n<p class=\"aplus-p3 a-text-bold\"> Latencia <\/p>\n<p class=\"aplus-p3\"> 2400MHz-CL16 \/ 2666MHz-CL19 \/ 3200MHz-CL22 \/ 3600MHz &#8211; CL18 <\/p>\n<p class=\"aplus-p3 a-text-bold\"> Latencia <\/p>\n<p class=\"aplus-p3\"> 4800MHz &#8211; CL40 \/ 5600MHz &#8211; CL46 <\/p>\n<p class=\"aplus-p3 a-text-bold\"> Capacidad <\/p>\n<p class=\"aplus-p3\"> 4GB \/ 8GB (incluyendo Single y Dual Rank) <\/p>\n<p class=\"aplus-p3 a-text-bold\"> Capacidad <\/p>\n<p class=\"aplus-p3\"> De 8GB a 32GB (incluyendo Single y Dual Rank) <\/p>\n<p class=\"aplus-p3 a-text-bold\"> Capacidad <\/p>\n<p class=\"aplus-p3\"> De 16GB \/ 32GB (incluyendo Single y Dual Rank) <\/p>\n<p class=\"aplus-p3 a-text-bold\"> Voltaje <\/p>\n<p class=\"aplus-p3\"> 1.35V \/ 1.5V <\/p>\n<p class=\"aplus-p3 a-text-bold\"> Voltaje <\/p>\n<p class=\"aplus-p3\"> 1.2V <\/p>\n<p class=\"aplus-p3 a-text-bold\"> Voltaje <\/p>\n<p class=\"aplus-p3\"> 1.2V <\/p>\n<p> Package Dimensions                                            \u200f                                            :                                            \u200e                                            15.39 x 9.19 x 1.19 cm; 32 g   <br \/> Manufacturer                                            \u200f                                            :                                            \u200e                                            Timetec   <br \/> ASIN                                            \u200f                                            :                                            \u200e                                            B0G254LH26   <br \/> Item model number                                            \u200f                                            :                                            \u200e                                            75TT32   <br \/> Country\/Region of Origin                                            \u200f                                            :                                            \u200e                                            Taiwan   <br \/> Guaranteed software updates until                                            \u200f                                            :                                            \u200e                                            unknown   <br \/>  Customer reviews:                                                                                            4.6               4.6 out of 5 stars                                  (585)                                              var dpAcrHasRegisteredArcLinkClickAction;                    P.when(&#8216;A&#8217;, &#8216;ready&#8217;).execute(function(A) {                        if (dpAcrHasRegisteredArcLinkClickAction !== true) {                            dpAcrHasRegisteredArcLinkClickAction = true;                            A.declarative(                                &#8216;acrLink-click-metrics&#8217;, &#8216;click&#8217;,                                { \u00aballowLinkDefault\u00bb: true },                                function (event) {                                    if (window.ue) {                                        ue.count(\u00abacrLinkClickCount\u00bb, (ue.count(\u00abacrLinkClickCount\u00bb) || 0) + 1);                                    }                                }                            );                        }                    });                                             P.when(&#8216;A&#8217;, &#8216;cf&#8217;).execute(function(A) {                A.declarative(&#8216;acrStarsLink-click-metrics&#8217;, &#8216;click&#8217;, { \u00aballowLinkDefault\u00bb : true },  function(event){                    if(window.ue) {                        ue.count(\u00abacrStarsLinkWithPopoverClickCount\u00bb, (ue.count(\u00abacrStarsLinkWithPopoverClickCount\u00bb) || 0) + 1);                    }                });            });                          <\/p>\n<p>Please refer to your QVL motherboard memory system if you want to occupy four slots. Some systems could reduce the maximum memory speed when installing four DIMM modules having full load<\/p>\n\n","protected":false},"excerpt":{"rendered":"<p> Product Description The video showcases the product in use.The video guides you through product setup.The<\/p>","protected":false},"featured_media":37666,"comment_status":"open","ping_status":"closed","template":"","meta":[],"product_brand":[],"product_cat":[77],"product_tag":[1497,1480,1541,902,1481,530,10673,201,535,1478,1479,3170,787,1484,1470,617,1482,197,11253,562,5102,1483,511,2382,1493,1551,1035,587,1487,1486,1724,1549],"class_list":{"0":"post-37665","1":"product","2":"type-product","3":"status-publish","4":"has-post-thumbnail","6":"product_cat-memory-ram","7":"product_tag-1-35v","8":"product_tag-16gb-ram","9":"product_tag-3200mhz","10":"product_tag-32gb","11":"product_tag-32gb-ram","12":"product_tag-amd","13":"product_tag-cl16","14":"product_tag-compatible","15":"product_tag-ddr4","16":"product_tag-ddr4-ram","17":"product_tag-ddr5-ram","18":"product_tag-designed","19":"product_tag-desktop","20":"product_tag-desktop-ram","21":"product_tag-extreme","22":"product_tag-gaming","23":"product_tag-gaming-ram","24":"product_tag-high","25":"product_tag-hynix","26":"product_tag-intel","27":"product_tag-kit2x16gb","28":"product_tag-laptop-ram","29":"product_tag-memory","30":"product_tag-nonecc","31":"product_tag-pc425600","32":"product_tag-performance","33":"product_tag-premium","34":"product_tag-ram","35":"product_tag-ram-price","36":"product_tag-rgb-ram","37":"product_tag-timetec","38":"product_tag-unbuffered","40":"first","41":"instock","42":"shipping-taxable","43":"product-type-external"},"_links":{"self":[{"href":"https:\/\/comprasyconsejos.store\/en\/wp-json\/wp\/v2\/product\/37665","targetHints":{"allow":["GET"]}}],"collection":[{"href":"https:\/\/comprasyconsejos.store\/en\/wp-json\/wp\/v2\/product"}],"about":[{"href":"https:\/\/comprasyconsejos.store\/en\/wp-json\/wp\/v2\/types\/product"}],"replies":[{"embeddable":true,"href":"https:\/\/comprasyconsejos.store\/en\/wp-json\/wp\/v2\/comments?post=37665"}],"version-history":[{"count":0,"href":"https:\/\/comprasyconsejos.store\/en\/wp-json\/wp\/v2\/product\/37665\/revisions"}],"wp:featuredmedia":[{"embeddable":true,"href":"https:\/\/comprasyconsejos.store\/en\/wp-json\/wp\/v2\/media\/37666"}],"wp:attachment":[{"href":"https:\/\/comprasyconsejos.store\/en\/wp-json\/wp\/v2\/media?parent=37665"}],"wp:term":[{"taxonomy":"product_brand","embeddable":true,"href":"https:\/\/comprasyconsejos.store\/en\/wp-json\/wp\/v2\/product_brand?post=37665"},{"taxonomy":"product_cat","embeddable":true,"href":"https:\/\/comprasyconsejos.store\/en\/wp-json\/wp\/v2\/product_cat?post=37665"},{"taxonomy":"product_tag","embeddable":true,"href":"https:\/\/comprasyconsejos.store\/en\/wp-json\/wp\/v2\/product_tag?post=37665"}],"curies":[{"name":"wp","href":"https:\/\/api.w.org\/{rel}","templated":true}]}}