{"id":37668,"date":"2026-03-05T10:38:46","date_gmt":"2026-03-05T10:38:46","guid":{"rendered":"https:\/\/comprasyconsejos.store\/product\/asus-rog-strix-x870-f-gaming-wifi-amd-atx-motherboard-1622-power-stages-ddr5-4x-m-2-pcie-5-0-next-gen-gpu-support-wifi-7-usb-10g-with-pd-3-0-up-to-30w\/"},"modified":"2026-03-05T10:38:51","modified_gmt":"2026-03-05T10:38:51","slug":"asus-rog-strix-x870-f-gaming-wifi-amd-atx-motherboard-1622-power-stages-ddr5-4x-m-2-pcie-5-0-next-gen-gpu-support-wifi-7-usb-10g-with-pd-3-0-up-to-30w","status":"publish","type":"product","link":"https:\/\/comprasyconsejos.store\/en\/product\/asus-rog-strix-x870-f-gaming-wifi-amd-atx-motherboard-1622-power-stages-ddr5-4x-m-2-pcie-5-0-next-gen-gpu-support-wifi-7-usb-10g-with-pd-3-0-up-to-30w\/","title":{"rendered":"ASUS ROG Strix X870-F Gaming WiFi &#8211; AMD ATX Motherboard, 16+2+2 Power Stages, DDR5, 4X M.2, PCIe 5.0 Next-Gen GPU Support, WiFi 7, USB 10G with PD 3.0 up to 30W"},"content":{"rendered":"<p>Price: <span style=\"color:#b12704\">\u20ac402.37<\/span><br \/><i><small>(as of Mar 05, 2026 10:38:46 UTC &#8211; <span class=\"wp_automatic_amazon_disclaimer\" title=\"Product prices and availability are accurate as of the date\/time indicated and are subject to change. Any price and availability information displayed on [relevant Amazon Site(s), as applicable] at the time of purchase will apply to the purchase of this product.\">Details<\/span>)<\/small><\/i><\/p>\n<p><a href=\"https:\/\/amazon.es\/dp\/B0DGQ91QLK?tag=man008-21\"><img decoding=\"async\" src=\"https:\/\/valvepress.s3.amazonaws.com\/imgs\/buy_now.png\"><\/a><br \/>\n<\/p>\n<p>                                             From the manufacturer   <\/p>\n<p>                                                      <img decoding=\"async\" alt=\"\u3000\" src=\"https:\/\/images-na.ssl-images-amazon.com\/images\/G\/01\/x-locale\/common\/grey-pixel.gif\" class=\"a-spacing-mini a-lazy-loaded\" data-src=\"https:\/\/m.media-amazon.com\/images\/S\/aplus-media-library-service-media\/8e3d29b1-08b9-4edc-9670-f78b432d129b.__CR0,0,300,400_PT0_SX300_V1___.png\"><img decoding=\"async\" alt=\"\u3000\" src=\"https:\/\/m.media-amazon.com\/images\/S\/aplus-media-library-service-media\/8e3d29b1-08b9-4edc-9670-f78b432d129b.__CR0,0,300,400_PT0_SX300_V1___.png\">  <\/p>\n<p>                                                              <img decoding=\"async\" alt=\"\u3000\" src=\"https:\/\/images-na.ssl-images-amazon.com\/images\/G\/01\/x-locale\/common\/grey-pixel.gif\" class=\"a-spacing-mini a-lazy-loaded\" data-src=\"https:\/\/m.media-amazon.com\/images\/S\/aplus-media-library-service-media\/b9d349e7-b2df-41dd-bcd8-f3d7567bcda8.__CR0,0,350,175_PT0_SX350_V1___.jpg\"><img decoding=\"async\" alt=\"\u3000\" src=\"https:\/\/m.media-amazon.com\/images\/S\/aplus-media-library-service-media\/b9d349e7-b2df-41dd-bcd8-f3d7567bcda8.__CR0,0,350,175_PT0_SX350_V1___.jpg\">                                                                 <\/p>\n<p class=\"a-spacing-small a-size-small a-color-secondary\"> ASUS es una empresa multinacional establecida en Taiw\u00e1n desde 1989 que dise\u00f1a y fabrica hardware de inform\u00e1tica y electr\u00f3nica de consumo. Dedicada a crear soluciones que proporcionan una vida m\u00e1s inteligente. En ASUS somos unos verdaderos apasionados de la innovaci\u00f3n tecnol\u00f3gica. So\u00f1amos con crear una vida digital sencilla y completa para todos, por eso siempre andamos en busca de nuevas ideas que nos permitan ofrecer las experiencias m\u00e1s incre\u00edbles. <\/p>\n<h3 class=\"a-spacing-mini\"> ROG STRIX X870-F GAMING WIFI <\/h3>\n<p class=\"a-spacing-base\"> ASUS ROG Strix X870-F Gaming WiFi &#8211; placa base AMD ATX, 16+2+2 etapas de potencia, ranuras DDR5, cuatro ranuras M.2, PCIe 5.0 totalmente compatible con GPU de pr\u00f3xima generaci\u00f3n, WiFi 7, USB 10G con PD 3.0 de hasta 30 W <\/p>\n<p>                                                          Preparado para PC de IA avanzada: Dise\u00f1ado para el futuro de la inform\u00e1tica de IA, con la potencia y conectividad necesarias para las exigentes aplicaciones de IA.       Z\u00f3calo AMD AM5: Preparado para los procesadores de sobremesa AMD Ryzen de las series 9000, 8000 y 7000       Control inteligente: AI Overclocking, AI Cooling II, AI Networking II y AEMP exclusivos de ASUS para simplificar la configuraci\u00f3n y mejorar el rendimiento       Tecnolog\u00edas de Overclocking ROG Strix: Conmutador OC din\u00e1mico, Core Flex, Reloj as\u00edncrono y Mejora PBO       Soluci\u00f3n de alimentaci\u00f3n robusta: 16+2+2 nominal de 110 A por etapa con conectores de alimentaci\u00f3n dobles ProCool II, bobinas de aleaci\u00f3n y condensadores compatibles con procesadores multin\u00facleo.       Dise\u00f1o t\u00e9rmico optimizado: Disipadores masivos con cubierta de E\/S integrada, y almohadilla t\u00e9rmica de alta conductividad est\u00e1n conectados con un caloducto en forma de L       Lo \u00faltimo en compatibilidad M.2: Dos ranuras M.2 PCIe 5.0 integradas y dos ranuras M.2 PCIe 4.0, todas ellas con importantes soluciones de refrigeraci\u00f3n       Amplia conectividad: Dos puertos USB Tipo-C, USB Tipo-C a 20 Gbps frontal, USB a 10 Gbps con PD 3.0 de hasta 30 W y USB Wattage Watcher, cinco puertos USB a 10 Gbps, PCIe 5.0 x16 SafeSlot, HDMI      <\/p>\n<p class=\"apm-text-center\">\n                                                      <img decoding=\"async\" alt=\"\u3000\" src=\"https:\/\/images-na.ssl-images-amazon.com\/images\/G\/01\/x-locale\/common\/grey-pixel.gif\" class=\"a-spacing-mini a-lazy-loaded\" data-src=\"https:\/\/m.media-amazon.com\/images\/S\/aplus-media-library-service-media\/970fd9c0-6d5d-48e1-97f8-94b984986814.__CR0,0,300,300_PT0_SX300_V1___.png\"><img decoding=\"async\" alt=\"\u3000\" src=\"https:\/\/m.media-amazon.com\/images\/S\/aplus-media-library-service-media\/970fd9c0-6d5d-48e1-97f8-94b984986814.__CR0,0,300,300_PT0_SX300_V1___.png\">  <\/p>\n<p>                                                    AI OVERCLOCKING                                       <\/p>\n<p> ASUS AI Overclocking perfila la CPU y la refrigeraci\u00f3n para predecir la configuraci\u00f3n \u00f3ptima y llevar el sistema al l\u00edmite. Los valores predichos pueden activarse autom\u00e1ticamente o usarse como punto de partida para seguir experimentando. <\/p>\n<p class=\"apm-text-center\">\n                                                      <img decoding=\"async\" alt=\"\u3000\" src=\"https:\/\/images-na.ssl-images-amazon.com\/images\/G\/01\/x-locale\/common\/grey-pixel.gif\" class=\"a-spacing-mini a-lazy-loaded\" data-src=\"https:\/\/m.media-amazon.com\/images\/S\/aplus-media-library-service-media\/c0f40019-fe42-4166-9372-18b1026d0b8d.__CR0,0,300,300_PT0_SX300_V1___.png\"><img decoding=\"async\" alt=\"\u3000\" src=\"https:\/\/m.media-amazon.com\/images\/S\/aplus-media-library-service-media\/c0f40019-fe42-4166-9372-18b1026d0b8d.__CR0,0,300,300_PT0_SX300_V1___.png\">  <\/p>\n<p>                                                    AI COOLING II                                       <\/p>\n<p> Equilibra la t\u00e9rmica y la ac\u00fastica de cualquier equipo con un solo clic. Un algoritmo propio de ASUS reduce el ruido innecesario mientras ejecuta una r\u00e1pida prueba de estr\u00e9s y, a continuaci\u00f3n, monitoriza las temperaturas de la CPU para ajustar din\u00e1micamente los ventiladores a las velocidades \u00f3ptimas. <\/p>\n<p class=\"apm-text-center\">\n                                                      <img decoding=\"async\" alt=\"\u3000\" src=\"https:\/\/images-na.ssl-images-amazon.com\/images\/G\/01\/x-locale\/common\/grey-pixel.gif\" class=\"a-spacing-mini a-lazy-loaded\" data-src=\"https:\/\/m.media-amazon.com\/images\/S\/aplus-media-library-service-media\/d2ff131f-13d8-4775-b579-3c44416d5820.__CR0,0,300,300_PT0_SX300_V1___.png\"><img decoding=\"async\" alt=\"\u3000\" src=\"https:\/\/m.media-amazon.com\/images\/S\/aplus-media-library-service-media\/d2ff131f-13d8-4775-b579-3c44416d5820.__CR0,0,300,300_PT0_SX300_V1___.png\">  <\/p>\n<p>                                                    Traffic Monitor                                       <\/p>\n<p> El Traffic Monitor de Armoury Crate rastrea el uso actual de tu canal WiFi. Mu\u00e9vete a un canal menos congestionado pulsando el bot\u00f3n \u00abChannel Switch\u00bb* para mejorar el rendimiento de la red. <\/p>\n<p> *La funci\u00f3n \u00abChannel Switch\u00bb requiere la sincronizaci\u00f3n con un router ASUS. Si no est\u00e1s emparejado con un router ASUS, el proceso de cambio de canal puede realizarse en la secci\u00f3n \u00abIP del router\u00bb del Traffic Monitor. <\/p>\n<p class=\"apm-text-center\">\n                                                      <img decoding=\"async\" alt=\"\u3000\" src=\"https:\/\/images-na.ssl-images-amazon.com\/images\/G\/01\/x-locale\/common\/grey-pixel.gif\" class=\"a-spacing-mini a-lazy-loaded\" data-src=\"https:\/\/m.media-amazon.com\/images\/S\/aplus-media-library-service-media\/c0454a99-48ae-4243-b9fc-3a274f19b7e7.__CR0,0,300,300_PT0_SX300_V1___.png\"><img decoding=\"async\" alt=\"\u3000\" src=\"https:\/\/m.media-amazon.com\/images\/S\/aplus-media-library-service-media\/c0454a99-48ae-4243-b9fc-3a274f19b7e7.__CR0,0,300,300_PT0_SX300_V1___.png\">  <\/p>\n<p>                                                    Fast Check                                       <\/p>\n<p> Fast Check de Armoury Crate permite a los usuarios detectar r\u00e1pidamente la intensidad de la se\u00f1al WiFi. <\/p>\n<p class=\"apm-text-center\">\n                                                      <img decoding=\"async\" alt=\"\u3000\" src=\"https:\/\/images-na.ssl-images-amazon.com\/images\/G\/01\/x-locale\/common\/grey-pixel.gif\" class=\"a-spacing-mini a-lazy-loaded\" data-src=\"https:\/\/m.media-amazon.com\/images\/S\/aplus-media-library-service-media\/623293f2-cd11-40fe-8d05-85259b27662e.__CR0,0,300,300_PT0_SX300_V1___.png\"><img decoding=\"async\" alt=\"\u3000\" src=\"https:\/\/m.media-amazon.com\/images\/S\/aplus-media-library-service-media\/623293f2-cd11-40fe-8d05-85259b27662e.__CR0,0,300,300_PT0_SX300_V1___.png\">  <\/p>\n<p>                                                    PC DIY F\u00c1CIL                                       <\/p>\n<p> RANURA PCIE Q-RELEASE SLIM <\/p>\n<p> Con PCIe Slot Q-Release Slim, basta con inclinar la tarjeta hacia el mecanismo de bloqueo para desbloquearla autom\u00e1ticamente de la ranura PCIe. Esto hace que las actualizaciones y el mantenimiento sean m\u00e1s f\u00e1ciles que nunca. Los usuarios ya no tendr\u00e1n que juguetear con un complicado pestillo o incluso pulsar un bot\u00f3n para liberar la tarjeta gr\u00e1fica de la ranura. <\/p>\n<p> M.2 Q-Release <\/p>\n<p> El disipador M.2 cuenta con un c\u00f3modo interruptor para extraerlo r\u00e1pidamente, lo que elimina la necesidad de utilizar peque\u00f1os tornillos durante la instalaci\u00f3n de la SSD. Su fuerte mecanismo de bloqueo tambi\u00e9n proporciona una superficie de contacto ajustada, ayudando a garantizar una disipaci\u00f3n de calor fiable para su SSD. <\/p>\n<p> Nuevo Q-LATCH M.2 <\/p>\n<p> El nuevo dise\u00f1o Q-Latch permite instalar o extraer las unidades SSD M.2 sin necesidad de herramientas. <\/p>\n<p> M.2 Q-Slide <\/p>\n<p> Este dise\u00f1o de pestillo deslizante M.2 admite los tama\u00f1os 2242, 2260 y 2280. <\/p>\n<p class=\"apm-text-center\">\n                                                      <img decoding=\"async\" alt=\"\u3000\" src=\"https:\/\/images-na.ssl-images-amazon.com\/images\/G\/01\/x-locale\/common\/grey-pixel.gif\" class=\"a-spacing-mini a-lazy-loaded\" data-src=\"https:\/\/m.media-amazon.com\/images\/S\/aplus-media-library-service-media\/544ec71a-65b9-4d77-a911-c2ed893906b6.__CR0,0,300,300_PT0_SX300_V1___.png\"><img decoding=\"async\" alt=\"\u3000\" src=\"https:\/\/m.media-amazon.com\/images\/S\/aplus-media-library-service-media\/544ec71a-65b9-4d77-a911-c2ed893906b6.__CR0,0,300,300_PT0_SX300_V1___.png\">  <\/p>\n<p>                                                    PCIE 5.0                                       <\/p>\n<p> La Strix X870-F ofrece compatibilidad de extremo a extremo con PCIe 5.0. La ranura de expansi\u00f3n x16 superior tambi\u00e9n est\u00e1 protegida con un soporte de retenci\u00f3n SafeSlot para soportar el peso de las tarjetas gr\u00e1ficas m\u00e1s recientes. Mientras tanto, dos de las ranuras M.2 de la placa est\u00e1n preparadas para velocidades de lectura y escritura de 16 GB\/s, mientras que el resto puede proporcionar transferencias de 8 GB\/s, todav\u00eda impresionantes. Todas las ranuras M.2 est\u00e1n cubiertas con disipadores t\u00e9rmicos para disipar el calor de las unidades de pr\u00f3xima generaci\u00f3n. <\/p>\n<p class=\"apm-text-center\">\n                                                      <img decoding=\"async\" alt=\"\u3000\" src=\"https:\/\/images-na.ssl-images-amazon.com\/images\/G\/01\/x-locale\/common\/grey-pixel.gif\" class=\"a-spacing-mini a-lazy-loaded\" data-src=\"https:\/\/m.media-amazon.com\/images\/S\/aplus-media-library-service-media\/1c8af5e3-cf10-4327-bffb-64383cba5dc4.__CR0,0,300,300_PT0_SX300_V1___.png\"><img decoding=\"async\" alt=\"\u3000\" src=\"https:\/\/m.media-amazon.com\/images\/S\/aplus-media-library-service-media\/1c8af5e3-cf10-4327-bffb-64383cba5dc4.__CR0,0,300,300_PT0_SX300_V1___.png\">  <\/p>\n<p>                                                    Dise\u00f1o de alimentaci\u00f3n                                       <\/p>\n<p>ARQUITECTURA DE POTENCIA: El VRM dispone de 16+2+2 etapas de potencia, cada una de ellas capaz de manejar hasta 110 amperios.CHOQUES DE ALEACI\u00d3N Y CONDENSADORES DURADEROS: Los choques de alta gama y los condensadores duraderos est\u00e1n dise\u00f1ados para resistir temperaturas extremas, lo que permite un rendimiento que supera los est\u00e1ndares de la industria.CONECTORES DE ALIMENTACI\u00d3N DOBLES PROCOOL II: Los conectores ProCool II est\u00e1n fabricados con precisi\u00f3n para garantizar un contacto enrasado con las l\u00edneas de alimentaci\u00f3n de la fuente de alimentaci\u00f3n. El revestimiento met\u00e1lico mejora la disipaci\u00f3n del calor y reduce la impedancia el\u00e9ctrica.PCB DE OCHO CAPAS: Un dise\u00f1o de placa de circuito impreso de varias capas disipa r\u00e1pidamente el calor alrededor de los reguladores de voltaje para mejorar la estabilidad general del sistema y proporcionar a la CPU m\u00e1s margen de overclocking.     <\/p>\n<p class=\"apm-text-center\">\n                                                      <img decoding=\"async\" alt=\"\u3000\" src=\"https:\/\/images-na.ssl-images-amazon.com\/images\/G\/01\/x-locale\/common\/grey-pixel.gif\" class=\"a-spacing-mini a-lazy-loaded\" data-src=\"https:\/\/m.media-amazon.com\/images\/S\/aplus-media-library-service-media\/a4d84a5c-8ee6-40fb-8ca1-63a287b3bc24.__CR0,0,300,300_PT0_SX300_V1___.png\"><img decoding=\"async\" alt=\"\u3000\" src=\"https:\/\/m.media-amazon.com\/images\/S\/aplus-media-library-service-media\/a4d84a5c-8ee6-40fb-8ca1-63a287b3bc24.__CR0,0,300,300_PT0_SX300_V1___.png\">  <\/p>\n<p>                                                    MEMORIA                                       <\/p>\n<p> Potencia DDR5 <\/p>\n<p> Para aquellos que quieren volar m\u00e1s all\u00e1 de las velocidades DDR5 de stock, la Strix X870-F est\u00e1 preparada y lista para kits de grado entusiasta, cortes\u00eda de la amplia compatibilidad con AMD Extended Profiles for Overclocking (EXPO). Los veteranos pueden ajustar a\u00fan m\u00e1s el rendimiento a trav\u00e9s de la amplia gama de ajustes de la UEFI. <\/p>\n<p class=\"apm-text-center\">\n                                                      <img decoding=\"async\" alt=\"\u3000\" src=\"https:\/\/images-na.ssl-images-amazon.com\/images\/G\/01\/x-locale\/common\/grey-pixel.gif\" class=\"a-spacing-mini a-lazy-loaded\" data-src=\"https:\/\/m.media-amazon.com\/images\/S\/aplus-media-library-service-media\/eac50e88-51da-4688-af4a-56203150ac10.__CR0,0,300,300_PT0_SX300_V1___.png\"><img decoding=\"async\" alt=\"\u3000\" src=\"https:\/\/m.media-amazon.com\/images\/S\/aplus-media-library-service-media\/eac50e88-51da-4688-af4a-56203150ac10.__CR0,0,300,300_PT0_SX300_V1___.png\">  <\/p>\n<p>                                                    REFRIGERACI\u00d3N                                       <\/p>\n<p>Disipador VRM: Dos gruesos disipadores VRM est\u00e1n conectados por un tubo de calor, compartiendo la capacidad de refrigeraci\u00f3n entre los VRM y proporcionando una amplia superficie y masa para manejar las necesidades de energ\u00eda de los procesadores AMD Ryzen Serie 9000 de alto rendimiento.PLACA POSTERIOR M.2: Una placa posterior integrada ayuda a garantizar que las unidades de alto rendimiento puedan ofrecer el m\u00e1ximo rendimiento, incluso cuando el flujo de aire est\u00e1 restringido.DISIPADORES M.2: Los disipadores t\u00e9rmicos cubren cada ranura para ayudar a mantener las SSD NVME integradas a temperaturas \u00f3ptimas para un rendimiento y fiabilidad constantes.     <\/p>\n<p> Product Dimensions                                            \u200f                                            :                                            \u200e                                            30.5 x 24.4 x 1 cm; 1.8 kg   <br \/> Manufacturer                                            \u200f                                            :                                            \u200e                                            ASUS   <br \/> ASIN                                            \u200f                                            :                                            \u200e                                            B0DGQ91QLK   <br \/> Item model number                                            \u200f                                            :                                            \u200e                                            90MB1IV0-M0EAY0   <br \/> Country of origin                                            \u200f                                            :                                            \u200e                                            Germany   <br \/> Guaranteed software updates until                                            \u200f                                            :                                            \u200e                                            unknown   <br \/>  Customer reviews:                                                                                            4.4               4.4 out of 5 stars                                  (883)                                              var dpAcrHasRegisteredArcLinkClickAction;                    P.when(&#8216;A&#8217;, &#8216;ready&#8217;).execute(function(A) {                        if (dpAcrHasRegisteredArcLinkClickAction !== true) {                            dpAcrHasRegisteredArcLinkClickAction = true;                            A.declarative(                                &#8216;acrLink-click-metrics&#8217;, &#8216;click&#8217;,                                { \u00aballowLinkDefault\u00bb: true },                                function (event) {                                    if (window.ue) {                                        ue.count(\u00abacrLinkClickCount\u00bb, (ue.count(\u00abacrLinkClickCount\u00bb) || 0) + 1);                                    }                                }                            );                        }                    });                                             P.when(&#8216;A&#8217;, &#8216;cf&#8217;).execute(function(A) {                A.declarative(&#8216;acrStarsLink-click-metrics&#8217;, &#8216;click&#8217;, { \u00aballowLinkDefault\u00bb : true },  function(event){                    if(window.ue) {                        ue.count(\u00abacrStarsLinkWithPopoverClickCount\u00bb, (ue.count(\u00abacrStarsLinkWithPopoverClickCount\u00bb) || 0) + 1);                    }                });            });                          <\/p>\n<p>Ready for advanced AI computing: Designed for the future of AI computing, with the power and connectivity needed for the most demanding AI applications<br \/>AMD AM5 Socket: Ready for AMD Ryzen 9000, 8000 and 7000 series desktop processors<br \/>Intelligent control: ASUS exclusive AI Overclocking, AI Cooling II, AI Networking II, and AEMP to simplify setup and improve performance<br \/>ROG Strix Overclocking Technologies: Dynamic OC Switcher, Core Flex, Asynchnorous Clock and PBO Enhancement<br \/>Robust Power Solution: 16+2+2 power solution rated at 110A per stage with dual ProCool II power connectors, high-quality alloy coils and durable capacitors compatible with multi-core processors.<\/p>\n\n","protected":false},"excerpt":{"rendered":"<p> From the manufacturer ASUS es una empresa multinacional establecida en Taiw\u00e1n desde 1989 que dise\u00f1a<\/p>","protected":false},"featured_media":37669,"comment_status":"open","ping_status":"closed","template":"","meta":[],"product_brand":[],"product_cat":[78],"product_tag":[3390,7094,530,1447,850,1458,1444,1445,1451,623,1449,617,1443,599,1448,1119,1442,3110,624,143,1293,1462,1294,1098,133,543,1450,11254,1446],"class_list":{"0":"post-37668","1":"product","2":"type-product","3":"status-publish","4":"has-post-thumbnail","6":"product_cat-motherboards","7":"product_tag-10g","8":"product_tag-30w","9":"product_tag-amd","10":"product_tag-amd-motherboard","11":"product_tag-asus","12":"product_tag-atx","13":"product_tag-atx-motherboard","14":"product_tag-b550-motherboard","15":"product_tag-best-motherboard","16":"product_tag-ddr5","17":"product_tag-ddr5-motherboard","18":"product_tag-gaming","19":"product_tag-gaming-motherboard","20":"product_tag-gpu","21":"product_tag-intel-motherboard","22":"product_tag-m-2","23":"product_tag-motherboard","24":"product_tag-nextgen","25":"product_tag-pcie","26":"product_tag-power","27":"product_tag-rog","28":"product_tag-stages","29":"product_tag-strix","30":"product_tag-support","31":"product_tag-usb","32":"product_tag-wifi","33":"product_tag-wifi-motherboard","34":"product_tag-x870f","35":"product_tag-z790-motherboard","37":"first","38":"instock","39":"shipping-taxable","40":"product-type-external"},"_links":{"self":[{"href":"https:\/\/comprasyconsejos.store\/en\/wp-json\/wp\/v2\/product\/37668","targetHints":{"allow":["GET"]}}],"collection":[{"href":"https:\/\/comprasyconsejos.store\/en\/wp-json\/wp\/v2\/product"}],"about":[{"href":"https:\/\/comprasyconsejos.store\/en\/wp-json\/wp\/v2\/types\/product"}],"replies":[{"embeddable":true,"href":"https:\/\/comprasyconsejos.store\/en\/wp-json\/wp\/v2\/comments?post=37668"}],"version-history":[{"count":0,"href":"https:\/\/comprasyconsejos.store\/en\/wp-json\/wp\/v2\/product\/37668\/revisions"}],"wp:featuredmedia":[{"embeddable":true,"href":"https:\/\/comprasyconsejos.store\/en\/wp-json\/wp\/v2\/media\/37669"}],"wp:attachment":[{"href":"https:\/\/comprasyconsejos.store\/en\/wp-json\/wp\/v2\/media?parent=37668"}],"wp:term":[{"taxonomy":"product_brand","embeddable":true,"href":"https:\/\/comprasyconsejos.store\/en\/wp-json\/wp\/v2\/product_brand?post=37668"},{"taxonomy":"product_cat","embeddable":true,"href":"https:\/\/comprasyconsejos.store\/en\/wp-json\/wp\/v2\/product_cat?post=37668"},{"taxonomy":"product_tag","embeddable":true,"href":"https:\/\/comprasyconsejos.store\/en\/wp-json\/wp\/v2\/product_tag?post=37668"}],"curies":[{"name":"wp","href":"https:\/\/api.w.org\/{rel}","templated":true}]}}