{"id":37683,"date":"2026-03-05T11:27:43","date_gmt":"2026-03-05T11:27:43","guid":{"rendered":"https:\/\/comprasyconsejos.store\/product\/qcy-melobuds-n20-wireless-headphones-blueoothheadphones-with-active-adaptive-noise-cancellingdriver-da-13mmauricolari-with-6-mic-ai-chiamate-chiare40-hoursipx4bluetooth-6-0\/"},"modified":"2026-03-05T11:27:45","modified_gmt":"2026-03-05T11:27:45","slug":"qcy-melobuds-n20-wireless-headphones-blueoothheadphones-with-active-adaptive-noise-cancellingdriver-da-13mmauricolari-with-6-mic-ai-chiamate-chiare40-hoursipx4bluetooth-6-0","status":"publish","type":"product","link":"https:\/\/comprasyconsejos.store\/en\/product\/qcy-melobuds-n20-wireless-headphones-blueoothheadphones-with-active-adaptive-noise-cancellingdriver-da-13mmauricolari-with-6-mic-ai-chiamate-chiare40-hoursipx4bluetooth-6-0\/","title":{"rendered":"QCY Melobuds N20 Wireless Headphones Blueooth,Headphones with Active Adaptive Noise Cancelling,Driver da 13mm,auricolari with 6 Mic AI, Chiamate Chiare,40 Hours,IPX4,Bluetooth 6.0"},"content":{"rendered":"<p>Price: <span style=\"color:#b12704\"><del>\u20ac29.99<\/del> - \u20ac28.49<\/span><br \/><i><small>(as of Mar 05, 2026 11:27:44 UTC &#8211; <span class=\"wp_automatic_amazon_disclaimer\" title=\"Product prices and availability are accurate as of the date\/time indicated and are subject to change. Any price and availability information displayed on [relevant Amazon Site(s), as applicable] at the time of purchase will apply to the purchase of this product.\">Details<\/span>)<\/small><\/i><\/p>\n<p><a href=\"https:\/\/amazon.es\/dp\/B0FZVC6PMD?tag=man008-21\"><img decoding=\"async\" src=\"https:\/\/valvepress.s3.amazonaws.com\/imgs\/buy_now.png\"><\/a><br \/>\n<\/p>\n<p>                                             Product Description   <\/p>\n<p>                                                                                                       <img decoding=\"async\" alt=\"aplus content image\" src=\"https:\/\/images-na.ssl-images-amazon.com\/images\/G\/01\/x-locale\/common\/grey-pixel.gif\" class=\"a-lazy-loaded\" data-src=\"https:\/\/m.media-amazon.com\/images\/S\/aplus-media-library-service-media\/fc36b953-78a6-4a92-bcfd-22556173f53f.__CR0,0,1464,600_PT0_SX1464_V1___.jpg\"><img decoding=\"async\" alt=\"aplus content image\" src=\"https:\/\/m.media-amazon.com\/images\/S\/aplus-media-library-service-media\/fc36b953-78a6-4a92-bcfd-22556173f53f.__CR0,0,1464,600_PT0_SX1464_V1___.jpg\">                                               <\/p>\n<p>                                                                                                       <img decoding=\"async\" alt=\"aplus content image\" src=\"https:\/\/images-na.ssl-images-amazon.com\/images\/G\/01\/x-locale\/common\/grey-pixel.gif\" class=\"a-lazy-loaded\" data-src=\"https:\/\/m.media-amazon.com\/images\/S\/aplus-media-library-service-media\/5b063b84-3249-4ceb-b586-a6486d2bb43d.__CR0,0,1464,600_PT0_SX1464_V1___.jpg\"><img decoding=\"async\" alt=\"aplus content image\" src=\"https:\/\/m.media-amazon.com\/images\/S\/aplus-media-library-service-media\/5b063b84-3249-4ceb-b586-a6486d2bb43d.__CR0,0,1464,600_PT0_SX1464_V1___.jpg\">                                               <\/p>\n<p>                                                                                                                  <img decoding=\"async\" alt=\"aplus content image\" src=\"https:\/\/m.media-amazon.com\/images\/S\/aplus-media-library-service-media\/7b394117-fc06-4205-a8c3-dc588879918d.__CR0,0,1464,600_PT0_SX1464_V1___.jpg\">                                                    <img decoding=\"async\" alt=\"aplus content image\" src=\"https:\/\/m.media-amazon.com\/images\/S\/aplus-media-library-service-media\/db5b1aee-1230-47a1-b7fe-caabbc2c754a.__CR0,0,1464,600_PT0_SX1464_V1___.jpg\">                                                    <img decoding=\"async\" alt=\"El texto dice \u00abSonido rico y texturizado\u00bb. Serie de im\u00e1genes de demostraci\u00f3n del producto que muestran un dispositivo o accesorio negro en diferentes posiciones.\" src=\"https:\/\/m.media-amazon.com\/images\/S\/aplus-media-library-service-media\/9f75b620-f2d5-4f4d-ad18-38321517c6e3.__CR0,0,1464,600_PT0_SX1464_V1___.jpg\">                                                    <img decoding=\"async\" alt=\"Se muestra un dispositivo electr\u00f3nico esf\u00e9rico negro con indicadores de texto de \u00ab40 h\u00bb y \u00ab7,5 h\u00bb. El dispositivo parece ser un sistema de audio o entretenimiento con una superficie lisa.\" src=\"https:\/\/m.media-amazon.com\/images\/S\/aplus-media-library-service-media\/f4804208-7f3a-4688-bded-f989deb47942.__CR0,0,1464,600_PT0_SX1464_V1___.jpg\"><br \/>\n                            1 Reduce el Ruidohasta 50dB <\/p>\n<p>                            2 6 tipi di modalit\u00e0 ANC <\/p>\n<p>                            3 Driver da 13 mm <\/p>\n<p>                            4 40 Horas <\/p>\n<p>                                                                                                                  <img decoding=\"async\" alt=\"aplus content image\" src=\"https:\/\/m.media-amazon.com\/images\/S\/aplus-media-library-service-media\/cf1e9aeb-edf9-4ef5-8046-45fdac609eae.__CR0,0,1464,600_PT0_SX1464_V1___.jpg\">                                                    <img decoding=\"async\" alt=\"aplus content image\" src=\"https:\/\/m.media-amazon.com\/images\/S\/aplus-media-library-service-media\/6bcbc14f-a526-40fb-a1aa-a239b6b78f1b.__CR0,0,1464,600_PT0_SX1464_V1___.jpg\">                                                    <img decoding=\"async\" alt=\"El texto dice \u00abConexi\u00f3n Dual\u00bb. La interfaz del producto se muestra en las pantallas de tabletas y tel\u00e9fonos con auriculares inal\u00e1mbricos, y muestra la interfaz del reproductor de m\u00fasica con coloridas car\u00e1tulas y controles del \u00e1lbum.\" src=\"https:\/\/m.media-amazon.com\/images\/S\/aplus-media-library-service-media\/919e601e-5f68-43c1-9c07-ac872b6f9043.__CR0,0,1464,600_PT0_SX1464_V1___.jpg\">                                                    <img decoding=\"async\" alt=\"aplus content image\" src=\"https:\/\/m.media-amazon.com\/images\/S\/aplus-media-library-service-media\/dba00916-aa1f-47fb-8e3f-858037506ec6.__CR0,0,1464,600_PT0_SX1464_V1___.jpg\"><br \/>\n                            1 QCY APP <\/p>\n<p>                            2 Ecualizador preest <\/p>\n<p>                            3 Conexion Dual <\/p>\n<p>                            4 Latenza ultra bassa <\/p>\n<p>                                                                                                       <img decoding=\"async\" alt=\"El texto dice \u00abF\u00e1cil Control\u00bb. Imagen de primer plano del producto que muestra una mano que busca lo que parece ser una interfaz oscura de control de un dispositivo electr\u00f3nico sobre un fondo blanco.\" src=\"https:\/\/images-na.ssl-images-amazon.com\/images\/G\/01\/x-locale\/common\/grey-pixel.gif\" class=\"a-lazy-loaded\" data-src=\"https:\/\/m.media-amazon.com\/images\/S\/aplus-media-library-service-media\/624da2e7-f461-4f54-aefc-b9a77165d74a.__CR0,0,1464,600_PT0_SX1464_V1___.jpg\"><img decoding=\"async\" alt=\"El texto dice \u00abF\u00e1cil Control\u00bb. Imagen de primer plano del producto que muestra una mano que busca lo que parece ser una interfaz oscura de control de un dispositivo electr\u00f3nico sobre un fondo blanco.\" src=\"https:\/\/m.media-amazon.com\/images\/S\/aplus-media-library-service-media\/624da2e7-f461-4f54-aefc-b9a77165d74a.__CR0,0,1464,600_PT0_SX1464_V1___.jpg\">                                               <\/p>\n<p>                                                                                  <img decoding=\"async\" alt=\"aplus content image\" src=\"https:\/\/m.media-amazon.com\/images\/S\/aplus-media-library-service-media\/ebfdabfe-ae7a-41e5-8e79-9acdb22ab68e.__CR0,0,1464,600_PT0_SX1464_V1___.jpg\">       <\/p>\n<p>                                                                                  <img decoding=\"async\" alt=\"aplus content image\" src=\"https:\/\/m.media-amazon.com\/images\/S\/aplus-media-library-service-media\/f503a60f-54c0-4b16-ab36-520a03e2bf66.__CR0,0,1464,600_PT0_SX1464_V1___.jpg\">       <\/p>\n<p> Batteries                                            \u200f                                            :                                            \u200e                                            3 Lithium Polymer batteries required. (included)   <br \/> Package Dimensions                                            \u200f                                            :                                            \u200e                                            14.1 x 8.6 x 4 cm; 80 g   <br \/> Manufacturer                                            \u200f                                            :                                            \u200e                                            QCY   <br \/> ASIN                                            \u200f                                            :                                            \u200e                                            B0FZVC6PMD   <br \/> Item model number                                            \u200f                                            :                                            \u200e                                            MeloBuds N20   <br \/> Country\/Region of Origin                                            \u200f                                            :                                            \u200e                                            China   <br \/> Guaranteed software updates until                                            \u200f                                            :                                            \u200e                                            unknown   <br \/>  Customer reviews:                                                                                            4.6               4.6 out of 5 stars                                  (25)                                              var dpAcrHasRegisteredArcLinkClickAction;                    P.when(&#8216;A&#8217;, &#8216;ready&#8217;).execute(function(A) {                        if (dpAcrHasRegisteredArcLinkClickAction !== true) {                            dpAcrHasRegisteredArcLinkClickAction = true;                            A.declarative(                                &#8216;acrLink-click-metrics&#8217;, &#8216;click&#8217;,                                { \u00aballowLinkDefault\u00bb: true },                                function (event) {                                    if (window.ue) {                                        ue.count(\u00abacrLinkClickCount\u00bb, (ue.count(\u00abacrLinkClickCount\u00bb) || 0) + 1);                                    }                                }                            );                        }                    });                                             P.when(&#8216;A&#8217;, &#8216;cf&#8217;).execute(function(A) {                A.declarative(&#8216;acrStarsLink-click-metrics&#8217;, &#8216;click&#8217;, { \u00aballowLinkDefault\u00bb : true },  function(event){                    if(window.ue) {                        ue.count(\u00abacrStarsLinkWithPopoverClickCount\u00bb, (ue.count(\u00abacrStarsLinkWithPopoverClickCount\u00bb) || 0) + 1);                    }                });            });                          <\/p>\n<p>\u3010-50dB Adaptive Active Noise Cancelling\u3011QCY MeloBuds N20 noise cancelling headphones reduce noises in the range of 20Hz to 3kHz by up to 50dB, ensuring a peaceful listening environment in most situations. You can choose from 6 different noise cancelling modes, which adapt to your surroundings and immerse you in your music anywhere.<br \/>\u301013mm Drivers &#038; 6 AI Microphones for Clear Calls\u3011Equipped with 13mm dynamic drivers, the headphones deliver more compact and reactive vibrations: an unforgettable listening experience with deep, powerful bass as well as rich, detailed highs. Thanks to 6 microphones and an AI-based noise reduction algorithm, your voice is heard clearly, whether in a busy office, a busy train or a windy street.<br \/>\u301040 Hours &#038; Fast Charging\u3011Enjoy up to 10 hours of playtime on a single charge and 40 hours in total with the charging case (ANC off). With the ANC activated, the playback duration per charge reaches 7.5 hours, with a total of 30 hours. A quick 10-minute charge gives you an extra 2 hours of music enjoyment.<br \/>\u3010Dual Connection &#038; Bluetooth 6.0\u3011Combining Bluetooth 6.0 and multi-point connection, the Bluetooth headphones can be simultaneously connected to two Bluetooth devices. This offers extremely low power consumption and a maximum security connection.<br \/>\u3010Low Latency &#038; IPX4\u3011Thanks to the extremely low latency, audio and video synchronization provides an immersive gaming experience. IPX4 water protection makes the headphones ideal for all outdoor activities, whether during training, cycling or running.<\/p>\n\n","protected":false},"excerpt":{"rendered":"<p> Product Description 1 Reduce el Ruidohasta 50dB 2 6 tipi di modalit\u00e0 ANC 3 Driver<\/p>","protected":false},"featured_media":37684,"comment_status":"open","ping_status":"closed","template":"","meta":[],"product_brand":[],"product_cat":[48],"product_tag":[11265,932,247,720,11263,714,11264,11266,11267,712,928,711,717,11268,11261,861,11262,933,715,719,716,11260,718,226,713],"class_list":{"0":"post-37683","1":"product","2":"type-product","3":"status-publish","4":"has-post-thumbnail","6":"product_cat-headsets","7":"product_tag-13mmauricolari","8":"product_tag-active","9":"product_tag-adaptive","10":"product_tag-best-headset","11":"product_tag-blueoothheadphones","12":"product_tag-bluetooth-headset","13":"product_tag-cancellingdriver","14":"product_tag-chiamate","15":"product_tag-chiare40","16":"product_tag-gaming-headset","17":"product_tag-headphones","18":"product_tag-headset","19":"product_tag-headset-with-mic","20":"product_tag-hoursipx4bluetooth","21":"product_tag-melobuds","22":"product_tag-mic","23":"product_tag-n20","24":"product_tag-noise","25":"product_tag-noise-cancelling-headset","26":"product_tag-over-ear-headset","27":"product_tag-pc-headset","28":"product_tag-qcy","29":"product_tag-rgb-gaming-headset","30":"product_tag-wireless","31":"product_tag-wireless-headset","33":"first","34":"instock","35":"sale","36":"shipping-taxable","37":"product-type-external"},"_links":{"self":[{"href":"https:\/\/comprasyconsejos.store\/en\/wp-json\/wp\/v2\/product\/37683","targetHints":{"allow":["GET"]}}],"collection":[{"href":"https:\/\/comprasyconsejos.store\/en\/wp-json\/wp\/v2\/product"}],"about":[{"href":"https:\/\/comprasyconsejos.store\/en\/wp-json\/wp\/v2\/types\/product"}],"replies":[{"embeddable":true,"href":"https:\/\/comprasyconsejos.store\/en\/wp-json\/wp\/v2\/comments?post=37683"}],"version-history":[{"count":0,"href":"https:\/\/comprasyconsejos.store\/en\/wp-json\/wp\/v2\/product\/37683\/revisions"}],"wp:featuredmedia":[{"embeddable":true,"href":"https:\/\/comprasyconsejos.store\/en\/wp-json\/wp\/v2\/media\/37684"}],"wp:attachment":[{"href":"https:\/\/comprasyconsejos.store\/en\/wp-json\/wp\/v2\/media?parent=37683"}],"wp:term":[{"taxonomy":"product_brand","embeddable":true,"href":"https:\/\/comprasyconsejos.store\/en\/wp-json\/wp\/v2\/product_brand?post=37683"},{"taxonomy":"product_cat","embeddable":true,"href":"https:\/\/comprasyconsejos.store\/en\/wp-json\/wp\/v2\/product_cat?post=37683"},{"taxonomy":"product_tag","embeddable":true,"href":"https:\/\/comprasyconsejos.store\/en\/wp-json\/wp\/v2\/product_tag?post=37683"}],"curies":[{"name":"wp","href":"https:\/\/api.w.org\/{rel}","templated":true}]}}