{"id":37686,"date":"2026-03-05T11:49:29","date_gmt":"2026-03-05T11:49:29","guid":{"rendered":"https:\/\/comprasyconsejos.store\/product\/leadsail-k933-spanish-wireless-keyboard-and-mouse-qwerty-pack-of-ergonomic-wireless-mouse-keyboard-with-phone-holder-full-size-for-mac-pc-laptop-pink\/"},"modified":"2026-03-05T11:49:34","modified_gmt":"2026-03-05T11:49:34","slug":"leadsail-k933-spanish-wireless-keyboard-and-mouse-qwerty-pack-of-ergonomic-wireless-mouse-keyboard-with-phone-holder-full-size-for-mac-pc-laptop-pink","status":"publish","type":"product","link":"https:\/\/comprasyconsejos.store\/en\/product\/leadsail-k933-spanish-wireless-keyboard-and-mouse-qwerty-pack-of-ergonomic-wireless-mouse-keyboard-with-phone-holder-full-size-for-mac-pc-laptop-pink\/","title":{"rendered":"LeadsaiL K933 Spanish Wireless Keyboard and Mouse QWERTY Pack of Ergonomic Wireless Mouse Keyboard with Phone Holder, Full Size, for Mac, PC, Laptop-Pink"},"content":{"rendered":"<p>Price: <span style=\"color:#b12704\"><del>\u20ac34.99<\/del> - \u20ac25.99<\/span><br \/><i><small>(as of Mar 05, 2026 11:49:30 UTC &#8211; <span class=\"wp_automatic_amazon_disclaimer\" title=\"Product prices and availability are accurate as of the date\/time indicated and are subject to change. Any price and availability information displayed on [relevant Amazon Site(s), as applicable] at the time of purchase will apply to the purchase of this product.\">Details<\/span>)<\/small><\/i><\/p>\n<p><a href=\"https:\/\/amazon.es\/dp\/B0D9632Z9D?tag=man008-21\"><img decoding=\"async\" src=\"https:\/\/valvepress.s3.amazonaws.com\/imgs\/buy_now.png\"><\/a><br \/>\n<\/p>\n<p>                                             Product Description   <\/p>\n<p>                                                                                                       <img decoding=\"async\" alt=\"Leadsail K933 en una combinaci\u00f3n de colores blanco y rosa, con una distribuci\u00f3n de teclado de tama\u00f1o completo con teclado num\u00e9rico\" src=\"https:\/\/images-na.ssl-images-amazon.com\/images\/G\/01\/x-locale\/common\/grey-pixel.gif\" class=\"a-lazy-loaded\" data-src=\"https:\/\/m.media-amazon.com\/images\/S\/aplus-media-library-service-media\/6d867a1a-b45b-4eec-99b5-d57c64bc8196.__CR0,0,1464,600_PT0_SX1464_V1___.jpg\"><img decoding=\"async\" alt=\"Leadsail K933 en una combinaci\u00f3n de colores blanco y rosa, con una distribuci\u00f3n de teclado de tama\u00f1o completo con teclado num\u00e9rico\" src=\"https:\/\/m.media-amazon.com\/images\/S\/aplus-media-library-service-media\/6d867a1a-b45b-4eec-99b5-d57c64bc8196.__CR0,0,1464,600_PT0_SX1464_V1___.jpg\">                                               <\/p>\n<p>                                                                                                       <img decoding=\"async\" alt=\"Conjunto de teclado y rat\u00f3n inal\u00e1mbricos en una combinaci\u00f3n de colores rosa, con conectividad USB y se muestran los iconos de especificaci\u00f3n de alcance de 10 m\" src=\"https:\/\/images-na.ssl-images-amazon.com\/images\/G\/01\/x-locale\/common\/grey-pixel.gif\" class=\"a-lazy-loaded\" data-src=\"https:\/\/m.media-amazon.com\/images\/S\/aplus-media-library-service-media\/96c704f4-3956-40bd-9c81-bf2a6c8115f9.__CR0,0,1464,600_PT0_SX1464_V1___.jpg\"><img decoding=\"async\" alt=\"Conjunto de teclado y rat\u00f3n inal\u00e1mbricos en una combinaci\u00f3n de colores rosa, con conectividad USB y se muestran los iconos de especificaci\u00f3n de alcance de 10 m\" src=\"https:\/\/m.media-amazon.com\/images\/S\/aplus-media-library-service-media\/96c704f4-3956-40bd-9c81-bf2a6c8115f9.__CR0,0,1464,600_PT0_SX1464_V1___.jpg\">                                               <\/p>\n<p>                                                                                                              <img decoding=\"async\" alt=\"de teclado y rat\u00f3n inal\u00e1mbricos blancos con indicador de bater\u00eda e iconos del modo de ahorro de energ\u00eda autom\u00e1tico, con teclas redondas y\" src=\"https:\/\/m.media-amazon.com\/images\/S\/aplus-media-library-service-media\/7c064b78-5cd9-4c06-824e-30793ed1f415.__CR0,0,1464,600_PT0_SX1464_V1___.jpg\">                                                    <img decoding=\"async\" alt=\"con teclado mec\u00e1nico blanco, taza de caf\u00e9, bol\u00edgrafo y papeles sobre una superficie rosa.\" src=\"https:\/\/m.media-amazon.com\/images\/S\/aplus-media-library-service-media\/2c60f14d-9750-44e6-b81c-01874caa217e.__CR0,0,1464,600_PT0_SX1464_V1___.jpg\"><br \/>\n                            1 Ahorre Energ\u00eda <\/p>\n<p>                            2 Indicador LED <\/p>\n<p>                                                                                  <img decoding=\"async\" alt=\"Teclado y rat\u00f3n rosa de estilo retro sobre fondo pastel. Teclas redondeadas con controles multimedia visibles.\" src=\"https:\/\/m.media-amazon.com\/images\/S\/aplus-media-library-service-media\/55bfaa54-2da9-4a77-8e4a-41a04cbe90b3.__CR0,0,1464,600_PT0_SX1464_V1___.jpg\">       <\/p>\n<p>                                                                                  <img decoding=\"async\" alt=\"te\u00f1ida de rosa que muestra un conjunto de teclado y rat\u00f3n inal\u00e1mbricos con medidas dimensionales\" src=\"https:\/\/m.media-amazon.com\/images\/S\/aplus-media-library-service-media\/e4f0b1d1-a155-45ad-ace3-358988c19c2a.__CR0,0,1464,600_PT0_SX1464_V1___.jpg\">       <\/p>\n<p>                                                                                                       <img decoding=\"async\" alt=\"Configuraci\u00f3n de escritorio con monitor, teclado rosa de estilo retro y rat\u00f3n a juego, bloc de notas, planta peque\u00f1a y taza de caf\u00e9 con arte con leche\" src=\"https:\/\/images-na.ssl-images-amazon.com\/images\/G\/01\/x-locale\/common\/grey-pixel.gif\" class=\"a-lazy-loaded\" data-src=\"https:\/\/m.media-amazon.com\/images\/S\/aplus-media-library-service-media\/7b3f9600-d155-4cda-8dbe-757bbc40a8ae.__CR0,0,1464,600_PT0_SX1464_V1___.jpg\"><img decoding=\"async\" alt=\"Configuraci\u00f3n de escritorio con monitor, teclado rosa de estilo retro y rat\u00f3n a juego, bloc de notas, planta peque\u00f1a y taza de caf\u00e9 con arte con leche\" src=\"https:\/\/m.media-amazon.com\/images\/S\/aplus-media-library-service-media\/7b3f9600-d155-4cda-8dbe-757bbc40a8ae.__CR0,0,1464,600_PT0_SX1464_V1___.jpg\">                                               <\/p>\n<h3>\n<p class=\"aplus-question aplus-p1\"> \u00bfNo hay un nano USB en la caja? \u00bfC\u00f3mo puedo encontrarlo? <\/p>\n<\/h3>\n<p class=\"aplus-answer aplus-p2\"> El teclado y el mouse comparten el mismo receptor, ubicado en la parte inferior del mouse.   <\/p>\n<h3>\n<p class=\"aplus-question aplus-p1\"> \u00bfQu\u00e9 tipo de pilas usan el teclado y el mouse? \u00bfEst\u00e1n incluidas? <\/p>\n<\/h3>\n<p class=\"aplus-answer aplus-p2\"> El teclado inal\u00e1mbrico requiere 1 pila AAA y el rat\u00f3n inal\u00e1mbrico requiere 1 pila AA. Nota: Las pilas no est\u00e1n incluidas. <\/p>\n<h3>\n<p class=\"aplus-question aplus-p1\"> \u00bfC\u00f3mo solucionar problemas de desconexi\u00f3n o retraso al escribir? <\/p>\n<\/h3>\n<p class=\"aplus-answer aplus-p2\"> 1.  Aseg\u00farese de que la bater\u00eda est\u00e9 llena. <\/p>\n<p class=\"aplus-answer aplus-p2\"> 2. Vuelve a emparejar el teclado y el mouse con el receptor:   <\/p>\n<p class=\"aplus-answer aplus-p2\">    &#8211; Mantenga presionadas las teclas ESC y += durante 1 segundo. <\/p>\n<p class=\"aplus-answer aplus-p2\">    &#8211; Suelta las teclas e inserta el receptor USB en 20 segundos.   <\/p>\n<h3>\n<p class=\"aplus-question aplus-p1\"> \u00bfEl teclado inal\u00e1mbrico tiene teclas de funci\u00f3n? <\/p>\n<\/h3>\n<p class=\"aplus-answer aplus-p2\"> S\u00ed, incluye 12 teclas de funci\u00f3n (FN + F1-F12) para acceder r\u00e1pidamente a diversas funciones y mejorar la productividad.   <\/p>\n<p class=\"aplus-answer aplus-p2\"> Nota: Algunos atajos no son compatibles con sistemas Mac. <\/p>\n<h3>\n<p class=\"aplus-question aplus-p1\"> \u00bfCon qu\u00e9 dispositivos o sistemas son compatibles el teclado y el mouse? <\/p>\n<\/h3>\n<p class=\"aplus-answer aplus-p2\"> Son compatibles con:   <\/p>\n<p class=\"aplus-answer aplus-p2\"> &#8211; Sistemas operativos: Windows 2000\/ME\/XP\/7\/8\/10\/11, VISTA y Mac.   <\/p>\n<p class=\"aplus-answer aplus-p2\"> &#8211; Dispositivos con puerto USB: PCs, laptops, MacBooks, computadoras de escritorio, Chromebooks y Smart TVs. <\/p>\n<h3 class=\"a-text-center aplus-h1 a-text-bold\"> Producto para LeadsaiL <\/h3>\n<p>                         Add To Basket  <\/p>\n<p>                         Add To Basket  <\/p>\n<p>                         Add To Basket  <\/p>\n<p>                         Add To Basket  <\/p>\n<p>                                     Customer Reviews  <\/p>\n<p>                    4.5 out of 5 stars  66  <\/p>\n<p>                    4.4 out of 5 stars  309  <\/p>\n<p>                    4.4 out of 5 stars  309  <\/p>\n<p>                    4.1 out of 5 stars  72  <\/p>\n<p>                    4.1 out of 5 stars  72  <\/p>\n<p>                                     Price  <\/p>\n<p>                                                        \u20ac25.99\u20ac25.99     <\/p>\n<p>                                                        \u20ac19.94\u20ac19.94     <\/p>\n<p>                                                        \u20ac25.64\u20ac25.64     <\/p>\n<p>                                                        \u20ac18.99\u20ac18.99     <\/p>\n<p>                                                        \u2014    <\/p>\n<p>                                     Tecnolog\u00eda de Conectividad  <\/p>\n<p>                                                Inal\u00e1mbrico 2.4G    <\/p>\n<p>                                                Inal\u00e1mbrico 2.4G    <\/p>\n<p>                                                Inal\u00e1mbrico 2.4G    <\/p>\n<p>                                                Inal\u00e1mbrico 2.4G    <\/p>\n<p>                                                Inal\u00e1mbrico 2.4G    <\/p>\n<p>                                     N\u00famero de Teclas  <\/p>\n<p>                                                111    <\/p>\n<p>                                                107    <\/p>\n<p>                                                107    <\/p>\n<p>                                                99    <\/p>\n<p>                                                99    <\/p>\n<p>                                     Caracter\u00edstica Especial  <\/p>\n<p>                                                Ergon\u00f3mico    <\/p>\n<p>                                                Ergon\u00f3mico    <\/p>\n<p>                                                Ergon\u00f3mico    <\/p>\n<p>                                                Ergon\u00f3mico    <\/p>\n<p>                                                Ergon\u00f3mico    <\/p>\n<p>                                     Descripci\u00f3n del Teclado  <\/p>\n<p>                                                Tama\u00f1o Completo    <\/p>\n<p>                                                Tama\u00f1o Completo    <\/p>\n<p>                                                Tama\u00f1o Completo    <\/p>\n<p>                                                Dise\u00f1o Delgado    <\/p>\n<p>                                                Dise\u00f1o Delgado    <\/p>\n<p>                                     Bater\u00eda para Teclado  <\/p>\n<p>                                                1 Pilas AAA(NO Incluidas)    <\/p>\n<p>                                                1 Pilas AAA(NO Incluidas)    <\/p>\n<p>                                                1 Pilas AAA(NO Incluidas)    <\/p>\n<p>                                                2 Pilas AA(NO Incluidas)    <\/p>\n<p>                                                2 Pilas AA(NO Incluidas)    <\/p>\n<p>                                     Bater\u00eda para Rat\u00f3n  <\/p>\n<p>                                                1 Pilas AA(NO Incluidas)    <\/p>\n<p>                                                1 Pilas AA(NO Incluidas)    <\/p>\n<p>                                                1 Pilas AA(NO Incluidas)    <\/p>\n<p>                                                1 Pilas AA(NO Incluidas)    <\/p>\n<p>                                                1 Pilas AA(NO Incluidas)    <\/p>\n<p>                                     Rat\u00f3n DPI  <\/p>\n<p>                                                1600    <\/p>\n<p>                                                1600    <\/p>\n<p>                                                1600    <\/p>\n<p>                                                800\/1200\/1600    <\/p>\n<p>                                                800\/1200\/1600    <\/p>\n<p>                                     Sistema operativo  <\/p>\n<p>                                                Win\/MacOS\/Linux    <\/p>\n<p>                                                Win\/MacOS\/Linux    <\/p>\n<p>                                                Win\/MacOS\/Linux    <\/p>\n<p>                                                Win\/MacOS\/Linux    <\/p>\n<p>                                                Win\/MacOS\/Linux    <\/p>\n<p>                                     Teclado Num\u00e9rico  <\/p>\n<p>                                                    \u2714       <\/p>\n<p>                                                    \u2714       <\/p>\n<p>                                                    \u2714       <\/p>\n<p>                                                    \u2714       <\/p>\n<p>                                                    \u2714       <\/p>\n<p> Product Dimensions                                            \u200f                                            :                                            \u200e                                            43.5 x 14.3 x 2.3 cm; 970 g   <br \/> Manufacturer                                            \u200f                                            :                                            \u200e                                            LeadsaiL   <br \/> ASIN                                            \u200f                                            :                                            \u200e                                            B0D9632Z9D   <br \/> Item model number                                            \u200f                                            :                                            \u200e                                            K933   <br \/> Country of origin                                            \u200f                                            :                                            \u200e                                            China   <br \/> Guaranteed software updates until                                            \u200f                                            :                                            \u200e                                            unknown   <br \/>  Customer reviews:                                                                                            4.5               4.5 out of 5 stars                                  (66)                                              var dpAcrHasRegisteredArcLinkClickAction;                    P.when(&#8216;A&#8217;, &#8216;ready&#8217;).execute(function(A) {                        if (dpAcrHasRegisteredArcLinkClickAction !== true) {                            dpAcrHasRegisteredArcLinkClickAction = true;                            A.declarative(                                &#8216;acrLink-click-metrics&#8217;, &#8216;click&#8217;,                                { \u00aballowLinkDefault\u00bb: true },                                function (event) {                                    if (window.ue) {                                        ue.count(\u00abacrLinkClickCount\u00bb, (ue.count(\u00abacrLinkClickCount\u00bb) || 0) + 1);                                    }                                }                            );                        }                    });                                             P.when(&#8216;A&#8217;, &#8216;cf&#8217;).execute(function(A) {                A.declarative(&#8216;acrStarsLink-click-metrics&#8217;, &#8216;click&#8217;, { \u00aballowLinkDefault\u00bb : true },  function(event){                    if(window.ue) {                        ue.count(\u00abacrStarsLinkWithPopoverClickCount\u00bb, (ue.count(\u00abacrStarsLinkWithPopoverClickCount\u00bb) || 0) + 1);                    }                });            });                          <\/p>\n<p>Full Size: The wireless keyboard has a full-size layout with English QWERTY layout, which reduces the frequency of typos. The mouse is ambidextrous to fit in both left and right hand.<br \/>Plug and Play: The wireless mouse and keyboard combo shares a 2-in-1 USB receiver that sits inside the mouse next to the battery compartment. The 2.4G wireless connection can be up to 10 meters (33 feet) away with virtually no delays or drops.<br \/>Easy to use: The LeadsaiL wireless keyboard features 12 FN+ shortcuts and 5 hotkeys that allow you to instantly access music, media, volume and more. (Note: This feature is not compatible with Mac OS.)<br \/>Less Noise: The noise reducing keys of the USB keyboard and silent click mouse will let you do your job without disturbing others.<br \/>Energy Saving The wireless keyboard and mouse set will enter sleep mode to save battery consumption while not in use for 3-5 seconds. Click or press any key or button to wake them up. (1 x AA battery for the mouse and 2 x AAA batteries for the keyboard, battery not included in the package)<\/p>\n\n","protected":false},"excerpt":{"rendered":"<p> Product Description 1 Ahorre Energ\u00eda 2 Indicador LED \u00bfNo hay un nano USB en la<\/p>","protected":false},"featured_media":37687,"comment_status":"open","ping_status":"closed","template":"","meta":[],"product_brand":[],"product_cat":[49],"product_tag":[746,743,747,1148,560,740,1566,11269,518,11270,8543,774,739,767,744,178,230,858,742,745,1359,5273,226,741],"class_list":{"0":"post-37686","1":"product","2":"type-product","3":"status-publish","4":"has-post-thumbnail","6":"product_cat-keyboards","7":"product_tag-backlit-keyboard","8":"product_tag-bluetooth-keyboard","9":"product_tag-compact-keyboard","10":"product_tag-ergonomic","11":"product_tag-full","12":"product_tag-gaming-keyboard","13":"product_tag-holder","14":"product_tag-k933","15":"product_tag-keyboard","16":"product_tag-laptoppink","17":"product_tag-leadsail","18":"product_tag-mac","19":"product_tag-mechanical-keyboard","20":"product_tag-mouse","21":"product_tag-office-keyboard","22":"product_tag-pack","23":"product_tag-phone","24":"product_tag-qwerty","25":"product_tag-rgb-keyboard","26":"product_tag-silent-keyboard","27":"product_tag-size","28":"product_tag-spanish","29":"product_tag-wireless","30":"product_tag-wireless-keyboard","32":"first","33":"instock","34":"sale","35":"shipping-taxable","36":"product-type-external"},"_links":{"self":[{"href":"https:\/\/comprasyconsejos.store\/en\/wp-json\/wp\/v2\/product\/37686","targetHints":{"allow":["GET"]}}],"collection":[{"href":"https:\/\/comprasyconsejos.store\/en\/wp-json\/wp\/v2\/product"}],"about":[{"href":"https:\/\/comprasyconsejos.store\/en\/wp-json\/wp\/v2\/types\/product"}],"replies":[{"embeddable":true,"href":"https:\/\/comprasyconsejos.store\/en\/wp-json\/wp\/v2\/comments?post=37686"}],"version-history":[{"count":0,"href":"https:\/\/comprasyconsejos.store\/en\/wp-json\/wp\/v2\/product\/37686\/revisions"}],"wp:featuredmedia":[{"embeddable":true,"href":"https:\/\/comprasyconsejos.store\/en\/wp-json\/wp\/v2\/media\/37687"}],"wp:attachment":[{"href":"https:\/\/comprasyconsejos.store\/en\/wp-json\/wp\/v2\/media?parent=37686"}],"wp:term":[{"taxonomy":"product_brand","embeddable":true,"href":"https:\/\/comprasyconsejos.store\/en\/wp-json\/wp\/v2\/product_brand?post=37686"},{"taxonomy":"product_cat","embeddable":true,"href":"https:\/\/comprasyconsejos.store\/en\/wp-json\/wp\/v2\/product_cat?post=37686"},{"taxonomy":"product_tag","embeddable":true,"href":"https:\/\/comprasyconsejos.store\/en\/wp-json\/wp\/v2\/product_tag?post=37686"}],"curies":[{"name":"wp","href":"https:\/\/api.w.org\/{rel}","templated":true}]}}