{"id":37689,"date":"2026-03-05T11:54:36","date_gmt":"2026-03-05T11:54:36","guid":{"rendered":"https:\/\/comprasyconsejos.store\/product\/logitech-mx-ergo-s-mouse-with-advanced-wireless-trackball-usb-c-rechargeable-wireless-ergonomic-mouse-with-bluetooth-and-encrypted-usb-key-6-programmable-buttons-for-pc-mac-graphite\/"},"modified":"2026-03-05T11:54:41","modified_gmt":"2026-03-05T11:54:41","slug":"logitech-mx-ergo-s-mouse-with-advanced-wireless-trackball-usb-c-rechargeable-wireless-ergonomic-mouse-with-bluetooth-and-encrypted-usb-key-6-programmable-buttons-for-pc-mac-graphite","status":"publish","type":"product","link":"https:\/\/comprasyconsejos.store\/en\/product\/logitech-mx-ergo-s-mouse-with-advanced-wireless-trackball-usb-c-rechargeable-wireless-ergonomic-mouse-with-bluetooth-and-encrypted-usb-key-6-programmable-buttons-for-pc-mac-graphite\/","title":{"rendered":"Logitech MX Ergo S Mouse with Advanced Wireless Trackball, USB-C Rechargeable Wireless Ergonomic Mouse with Bluetooth and Encrypted USB Key, 6 Programmable Buttons, for PC\/Mac &#8211; Graphite"},"content":{"rendered":"<p>Price: <span style=\"color:#b12704\"><del>\u20ac125.00<\/del> - \u20ac79.99<\/span><br \/><i><small>(as of Mar 05, 2026 11:54:36 UTC &#8211; <span class=\"wp_automatic_amazon_disclaimer\" title=\"Product prices and availability are accurate as of the date\/time indicated and are subject to change. Any price and availability information displayed on [relevant Amazon Site(s), as applicable] at the time of purchase will apply to the purchase of this product.\">Details<\/span>)<\/small><\/i><\/p>\n<p><a href=\"https:\/\/amazon.es\/dp\/B0DB2HLSS9?tag=man008-21\"><img decoding=\"async\" src=\"https:\/\/valvepress.s3.amazonaws.com\/imgs\/buy_now.png\"><\/a><br \/>\n<\/p>\n<p>                                             From the manufacturer   <\/p>\n<p>The video showcases the product in use.The video guides you through product setup.The video compares multiple products.The video shows the product being unpacked.<\/p>\n<p>                                                                                                       <img decoding=\"async\" alt=\"e\" src=\"https:\/\/images-na.ssl-images-amazon.com\/images\/G\/01\/x-locale\/common\/grey-pixel.gif\" class=\"a-lazy-loaded\" data-src=\"https:\/\/m.media-amazon.com\/images\/S\/aplus-media-library-service-media\/4b2ffc5d-26b1-453d-a19f-295175b0ab6b.__CR0,0,1464,600_PT0_SX1464_V1___.jpg\"><img decoding=\"async\" alt=\"e\" src=\"https:\/\/m.media-amazon.com\/images\/S\/aplus-media-library-service-media\/4b2ffc5d-26b1-453d-a19f-295175b0ab6b.__CR0,0,1464,600_PT0_SX1464_V1___.jpg\">                                                                                    M\u00e1s precisi\u00f3n. M\u00e1s grados de comodidad.                                        <\/p>\n<p class=\"aplus-p2 aplus-module-2-description\"> MX Ergo S, el trackball ergon\u00f3mico inal\u00e1mbrico m\u00e1s avanzado de Logitech hasta la fecha, con un \u00e1ngulo de inclinaci\u00f3n de 20 \u00b0 y 6 botones personalizables, ahora con clics un 80 % m\u00e1s discretos (5) y carga r\u00e1pida USB-C (cable no incluido). <\/p>\n<p>                                                                                                       <img decoding=\"async\" alt=\"e\" src=\"https:\/\/images-na.ssl-images-amazon.com\/images\/G\/01\/x-locale\/common\/grey-pixel.gif\" class=\"a-lazy-loaded\" data-src=\"https:\/\/m.media-amazon.com\/images\/S\/aplus-media-library-service-media\/90248f59-7d2b-4f75-9b23-1e9429adc9c5.__CR0,0,1464,600_PT0_SX1464_V1___.jpg\"><img decoding=\"async\" alt=\"e\" src=\"https:\/\/m.media-amazon.com\/images\/S\/aplus-media-library-service-media\/90248f59-7d2b-4f75-9b23-1e9429adc9c5.__CR0,0,1464,600_PT0_SX1464_V1___.jpg\">                                                                                    Probado por los usuarios. Certificaci\u00f3n ergon\u00f3mica.                                        <\/p>\n<p class=\"aplus-p2 aplus-module-2-description\"> MX Ergo S se adapta a la palma de manos medianas y grandes, y ofrece un \u00e1ngulo de inclinaci\u00f3n de 20 \u00b0 que mejora la postura del antebrazo y reduce la tensi\u00f3n muscular en un 27 % (1). <\/p>\n<p>                                                                                                       <img decoding=\"async\" alt=\"e\" src=\"https:\/\/images-na.ssl-images-amazon.com\/images\/G\/01\/x-locale\/common\/grey-pixel.gif\" class=\"a-lazy-loaded\" data-src=\"https:\/\/m.media-amazon.com\/images\/S\/aplus-media-library-service-media\/81460092-28e3-4dfb-ab19-7afea0a131ea.__CR0,0,1464,600_PT0_SX1464_V1___.jpg\"><img decoding=\"async\" alt=\"e\" src=\"https:\/\/m.media-amazon.com\/images\/S\/aplus-media-library-service-media\/81460092-28e3-4dfb-ab19-7afea0a131ea.__CR0,0,1464,600_PT0_SX1464_V1___.jpg\">                                                                                    M\u00e1s control con la aplicaci\u00f3n Logi Options+                                        <\/p>\n<p class=\"aplus-p2 aplus-module-2-description\"> Trabaja m\u00e1s r\u00e1pido con los 6 botones personalizables y un bot\u00f3n de DPI para cambiar f\u00e1cilmente la velocidad del cursor. Para ahorrar tiempo, asigna accesos directos o Smart Actions adaptados a tus necesidades y ajusta el valor de DPI con la aplicaci\u00f3n Logi Options+ (2). <\/p>\n<p>                                                                                                       <img decoding=\"async\" alt=\"e\" src=\"https:\/\/images-na.ssl-images-amazon.com\/images\/G\/01\/x-locale\/common\/grey-pixel.gif\" class=\"a-lazy-loaded\" data-src=\"https:\/\/m.media-amazon.com\/images\/S\/aplus-media-library-service-media\/23f969cd-ff29-4dfd-8929-50e6218ebc52.__CR0,0,1464,600_PT0_SX1464_V1___.jpg\"><img decoding=\"async\" alt=\"e\" src=\"https:\/\/m.media-amazon.com\/images\/S\/aplus-media-library-service-media\/23f969cd-ff29-4dfd-8929-50e6218ebc52.__CR0,0,1464,600_PT0_SX1464_V1___.jpg\">                                                                                    Creado para configuraciones avanzadas                                        <\/p>\n<p class=\"aplus-p2 aplus-module-2-description\"> Conecta hasta 2 dispositivos a trav\u00e9s de Bluetooth o el receptor Logi Bolt incluido, y cambia f\u00e1cilmente de un ordenador a otro con el bot\u00f3n Easy-Switch. <\/p>\n<p>                                                                                                       <img decoding=\"async\" alt=\"e\" src=\"https:\/\/images-na.ssl-images-amazon.com\/images\/G\/01\/x-locale\/common\/grey-pixel.gif\" class=\"a-lazy-loaded\" data-src=\"https:\/\/m.media-amazon.com\/images\/S\/aplus-media-library-service-media\/efaeb7b9-bfa6-432d-8871-21e3c7bcc048.__CR0,0,1464,600_PT0_SX1464_V1___.jpg\"><img decoding=\"async\" alt=\"e\" src=\"https:\/\/m.media-amazon.com\/images\/S\/aplus-media-library-service-media\/efaeb7b9-bfa6-432d-8871-21e3c7bcc048.__CR0,0,1464,600_PT0_SX1464_V1___.jpg\">                                                                                    Carga r\u00e1pida USB-C                                        <\/p>\n<p class=\"aplus-p2 aplus-module-2-description\"> 24 horas de uso con una carga de 1 minuto. Una carga completa dura hasta 120 d\u00edas (3). Carga con cable USB tipo C a tipo C o USB tipo A a tipo C (no incluido). <\/p>\n<p>                                                                                  <img decoding=\"async\" alt=\"e\" src=\"https:\/\/m.media-amazon.com\/images\/S\/aplus-media-library-service-media\/623cea1d-bde7-4355-86a8-f61380fa022b.__CR0,0,1464,600_PT0_SX1464_V1___.jpg\">       <\/p>\n<p>                                                                                     <img decoding=\"async\" alt=\"e\" src=\"https:\/\/m.media-amazon.com\/images\/S\/aplus-media-library-service-media\/35df885d-b06c-43e3-b283-4ec0b30a6f4e.__CR0,0,1464,600_PT0_SX1464_V1___.jpg\">                                                    Completa tu entorno de trabajo con ERGO K860                                         <\/p>\n<p class=\"aplus-p3\"> Gana comodidad con el teclado ergon\u00f3mico dividido ERGO K860 con reposamanos acolchado para disfrutar de la mejor configuraci\u00f3n ergon\u00f3mica y un rendimiento avanzado. <\/p>\n<p>                                                                                     <img decoding=\"async\" alt=\"e\" src=\"https:\/\/m.media-amazon.com\/images\/S\/aplus-media-library-service-media\/8ed39a88-117a-4e17-b462-069198bba9d2.__CR0,0,1464,600_PT0_SX1464_V1___.jpg\">                                                    Mejor postura. Menos tensi\u00f3n muscular.                                         <\/p>\n<p class=\"aplus-p3\"> La estructura de teclas curvada del ERGO K860 coloca tus manos, mu\u00f1ecas, dedos y antebrazos en una postura m\u00e1s natural. El reposamanos acolchado ofrece m\u00e1s soporte para las mu\u00f1ecas. <\/p>\n<p> Batteries                                            \u200f                                            :                                            \u200e                                            1 Lithium Polymer batteries required. (included)   <br \/> Product Dimensions                                            \u200f                                            :                                            \u200e                                            51 x 9 x 13 cm; 300 g   <br \/> Manufacturer                                            \u200f                                            :                                            \u200e                                            Logitech   <br \/> ASIN                                            \u200f                                            :                                            \u200e                                            B0DB2HLSS9   <br \/> Item model number                                            \u200f                                            :                                            \u200e                                            910-007260   <br \/> Country of origin                                            \u200f                                            :                                            \u200e                                            China   <br \/> Guaranteed software updates until                                            \u200f                                            :                                            \u200e                                            unknown   <br \/>  Customer reviews:                                                                                            4.5               4.5 out of 5 stars                                  (494)                                              var dpAcrHasRegisteredArcLinkClickAction;                    P.when(&#8216;A&#8217;, &#8216;ready&#8217;).execute(function(A) {                        if (dpAcrHasRegisteredArcLinkClickAction !== true) {                            dpAcrHasRegisteredArcLinkClickAction = true;                            A.declarative(                                &#8216;acrLink-click-metrics&#8217;, &#8216;click&#8217;,                                { \u00aballowLinkDefault\u00bb: true },                                function (event) {                                    if (window.ue) {                                        ue.count(\u00abacrLinkClickCount\u00bb, (ue.count(\u00abacrLinkClickCount\u00bb) || 0) + 1);                                    }                                }                            );                        }                    });                                             P.when(&#8216;A&#8217;, &#8216;cf&#8217;).execute(function(A) {                A.declarative(&#8216;acrStarsLink-click-metrics&#8217;, &#8216;click&#8217;, { \u00aballowLinkDefault\u00bb : true },  function(event){                    if(window.ue) {                        ue.count(\u00abacrStarsLinkWithPopoverClickCount\u00bb, (ue.count(\u00abacrStarsLinkWithPopoverClickCount\u00bb) || 0) + 1);                    }                });            });                          <\/p>\n<p>Clavier gaming compact: Le clavier gaming m\u00e9canique filaire Logitech G515 TKL offre un profil fin et une conception sans pav\u00e9 num\u00e9rique<br \/>Une exp\u00e9rience de frappe fluide et pr\u00e9cise: Les switchs m\u00e9caniques GL ultra-plats, lubrifi\u00e9s en usine, pour un toucher plus doux, un actionnement rapide et une frappe pr\u00e9cise, sont available in tactile et lin\u00e9aire versions (2 models)<br \/>Conception anti-d\u00e9p\u00f4ts gras et toucher de qualit\u00e9 sup\u00e9rieure: Les touches en PBT double couche offrent de la durabilit\u00e9 pour les moments de jeu les plus intenses et sont aussi belles que performantes<br \/>Lightsync RVB: Access to pr\u00e8s de 16.8 million couleurs pour personnaliser votre clavier gaming RVB, cr\u00e9er des th\u00e8mes et synchroniser d&#8217;autres \u00e9quipements Logitech G dans G HUB<br \/>Connexion filaire reliable: Le clavier gaming filaire G515 offre des performances plus rapides, sans latence ni interf\u00e9rence; profitez d&#8217;un jeu continu sans charge<br \/>Jeu plus discret: Ce clavier gaming TKL est dot\u00e9 d&#8217;une construction en couches insonoris\u00e9es pour un toucher plus doux, une meilleure exp\u00e9rience de frappe et un jeu plus discret<br \/>Personnalisation pouss\u00e9e: La technologie Keycontrol permet de personnaliser chaque touche pour faire de votre clavier gaming PC un centre de contr\u00f4le personnel<\/p>\n\n","protected":false},"excerpt":{"rendered":"<p> From the manufacturer The video showcases the product in use.The video guides you through product<\/p>","protected":false},"featured_media":37690,"comment_status":"open","ping_status":"closed","template":"","meta":[],"product_brand":[],"product_cat":[50],"product_tag":[1281,765,726,759,771,756,11272,1151,1148,761,758,1014,984,748,767,1524,961,1149,763,760,764,11271,133,762,188,226,757],"class_list":{"0":"post-37689","1":"product","2":"type-product","3":"status-publish","4":"has-post-thumbnail","6":"product_cat-mouse","7":"product_tag-advanced","8":"product_tag-best-gaming-mouse","9":"product_tag-bluetooth","10":"product_tag-bluetooth-mouse","11":"product_tag-buttons","12":"product_tag-computer-mouse","13":"product_tag-encrypted","14":"product_tag-ergo","15":"product_tag-ergonomic","16":"product_tag-ergonomic-mouse","17":"product_tag-gaming-mouse","18":"product_tag-graphite","19":"product_tag-key","20":"product_tag-logitech","21":"product_tag-mouse","22":"product_tag-pcmac","23":"product_tag-programmable","24":"product_tag-rechargeable","25":"product_tag-rechargeable-mouse","26":"product_tag-rgb-mouse","27":"product_tag-silent-mouse","28":"product_tag-trackball","29":"product_tag-usb","30":"product_tag-usb-mouse","31":"product_tag-usbc","32":"product_tag-wireless","33":"product_tag-wireless-mouse","35":"first","36":"instock","37":"sale","38":"shipping-taxable","39":"product-type-external"},"_links":{"self":[{"href":"https:\/\/comprasyconsejos.store\/en\/wp-json\/wp\/v2\/product\/37689","targetHints":{"allow":["GET"]}}],"collection":[{"href":"https:\/\/comprasyconsejos.store\/en\/wp-json\/wp\/v2\/product"}],"about":[{"href":"https:\/\/comprasyconsejos.store\/en\/wp-json\/wp\/v2\/types\/product"}],"replies":[{"embeddable":true,"href":"https:\/\/comprasyconsejos.store\/en\/wp-json\/wp\/v2\/comments?post=37689"}],"version-history":[{"count":0,"href":"https:\/\/comprasyconsejos.store\/en\/wp-json\/wp\/v2\/product\/37689\/revisions"}],"wp:featuredmedia":[{"embeddable":true,"href":"https:\/\/comprasyconsejos.store\/en\/wp-json\/wp\/v2\/media\/37690"}],"wp:attachment":[{"href":"https:\/\/comprasyconsejos.store\/en\/wp-json\/wp\/v2\/media?parent=37689"}],"wp:term":[{"taxonomy":"product_brand","embeddable":true,"href":"https:\/\/comprasyconsejos.store\/en\/wp-json\/wp\/v2\/product_brand?post=37689"},{"taxonomy":"product_cat","embeddable":true,"href":"https:\/\/comprasyconsejos.store\/en\/wp-json\/wp\/v2\/product_cat?post=37689"},{"taxonomy":"product_tag","embeddable":true,"href":"https:\/\/comprasyconsejos.store\/en\/wp-json\/wp\/v2\/product_tag?post=37689"}],"curies":[{"name":"wp","href":"https:\/\/api.w.org\/{rel}","templated":true}]}}