{"id":37695,"date":"2026-03-05T12:14:59","date_gmt":"2026-03-05T12:14:59","guid":{"rendered":"https:\/\/comprasyconsejos.store\/product\/pc-desktop-computer-fixed-intel-i7-ram-16-gb-ssd-480-gb-windows-11-pro-wifi-usb-vga-wireless-cd-dvd-recorder-reader-internet-office-school\/"},"modified":"2026-03-05T12:15:01","modified_gmt":"2026-03-05T12:15:01","slug":"pc-desktop-computer-fixed-intel-i7-ram-16-gb-ssd-480-gb-windows-11-pro-wifi-usb-vga-wireless-cd-dvd-recorder-reader-internet-office-school","status":"publish","type":"product","link":"https:\/\/comprasyconsejos.store\/en\/product\/pc-desktop-computer-fixed-intel-i7-ram-16-gb-ssd-480-gb-windows-11-pro-wifi-usb-vga-wireless-cd-dvd-recorder-reader-internet-office-school\/","title":{"rendered":"PC Desktop Computer Fixed Intel i7 &#8211; RAM 16 GB &#8211; SSD 480 GB &#8211; Windows 11 Pro &#8211; WiFi USB &#8211; VGA &#8211; Wireless &#8211; CD DVD Recorder Reader &#8211; Internet Office School"},"content":{"rendered":"<p>Price: <span style=\"color:#b12704\">\u20ac248.50<\/span><br \/><i><small>(as of Mar 05, 2026 12:14:59 UTC &#8211; <span class=\"wp_automatic_amazon_disclaimer\" title=\"Product prices and availability are accurate as of the date\/time indicated and are subject to change. Any price and availability information displayed on [relevant Amazon Site(s), as applicable] at the time of purchase will apply to the purchase of this product.\">Details<\/span>)<\/small><\/i><\/p>\n<p><a href=\"https:\/\/amazon.es\/dp\/B0CB44C8F5?tag=man008-21\"><img decoding=\"async\" src=\"https:\/\/valvepress.s3.amazonaws.com\/imgs\/buy_now.png\"><\/a><br \/>\n<\/p>\n<p>                                             Product Description   <\/p>\n<p>                                                  <img decoding=\"async\" alt=\"Outlet Computer con un dise\u00f1o circular verde y negro con el nombre de la empresa debajo\" src=\"https:\/\/images-na.ssl-images-amazon.com\/images\/G\/01\/x-locale\/common\/grey-pixel.gif\" class=\"a-lazy-loaded\" data-src=\"https:\/\/m.media-amazon.com\/images\/S\/aplus-media-library-service-media\/4cd3f02d-7f74-4743-b57c-6130f8ca0eb2.__CR56,0,3638,1125_PT0_SX970_V1___.jpg\"><img decoding=\"async\" alt=\"Outlet Computer con un dise\u00f1o circular verde y negro con el nombre de la empresa debajo\" src=\"https:\/\/m.media-amazon.com\/images\/S\/aplus-media-library-service-media\/4cd3f02d-7f74-4743-b57c-6130f8ca0eb2.__CR56,0,3638,1125_PT0_SX970_V1___.jpg\">  <\/p>\n<h3> \u00a1Lo mejor de la gama! <\/h3>\n<p> Somos una tienda l\u00edder en inform\u00e1tica, especializada en PC, port\u00e1tiles, hardware y soluciones completas para el hogar y la oficina. Comprometidos con la calidad y la fiabilidad, tambi\u00e9n ofrecemos una selecci\u00f3n de ordenadores gaming de alto rendimiento y PC nuevos y reacondicionados. <\/p>\n<p>                                                  <img decoding=\"async\" alt=\"aplus content image\" src=\"https:\/\/images-na.ssl-images-amazon.com\/images\/G\/01\/x-locale\/common\/grey-pixel.gif\" class=\"a-spacing-mini a-lazy-loaded\" data-src=\"https:\/\/m.media-amazon.com\/images\/S\/aplus-media-library-service-media\/f9c64c19-2fa0-4c96-8e4c-8c4f37a80172.__CR0,0,900,900_PT0_SX300_V1___.jpg\"><img decoding=\"async\" alt=\"aplus content image\" src=\"https:\/\/m.media-amazon.com\/images\/S\/aplus-media-library-service-media\/f9c64c19-2fa0-4c96-8e4c-8c4f37a80172.__CR0,0,900,900_PT0_SX300_V1___.jpg\">  <\/p>\n<h3 class=\"a-spacing-mini\"> Barato, r\u00e1pido y confiable. <\/h3>\n<p> La PC Outlet Computer se adapta a todas tus necesidades: hogar, oficina, trabajo y escuela. <\/p>\n<p> El sistema operativo Windows est\u00e1 preconfigurado y listo para usar, ideal para principiantes y totalmente personalizable para usuarios m\u00e1s experimentados. <\/p>\n<p> M\u00ednimo costo, m\u00e1ximos resultados. <\/p>\n<p> La configuraci\u00f3n est\u00e1 dise\u00f1ada para necesidades generales. <\/p>\n<p> Cualquier componente se puede modificar para crear una computadora a tu medida. <\/p>\n<p> Si necesitas soporte t\u00e9cnico, cont\u00e1ctanos. <\/p>\n<h3 class=\"a-spacing-small\"> CONECTIVIDAD &#8211; RENDIMIENTO &#8211; CONFIABILIDAD <\/h3>\n<p class=\"apm-text-center\">\n                                                      <img decoding=\"async\" alt=\"S\u00edmbolo WiFi verde y logotipo de texto sobre fondo blanco con elementos de dise\u00f1o de patrones de nodos de conexi\u00f3n.\" src=\"https:\/\/images-na.ssl-images-amazon.com\/images\/G\/01\/x-locale\/common\/grey-pixel.gif\" class=\"a-spacing-mini a-lazy-loaded\" data-src=\"https:\/\/m.media-amazon.com\/images\/S\/aplus-media-library-service-media\/d98f0979-32f9-47f7-8251-e35414b345b8.__CR0,0,300,300_PT0_SX300_V1___.jpg\"><img decoding=\"async\" alt=\"S\u00edmbolo WiFi verde y logotipo de texto sobre fondo blanco con elementos de dise\u00f1o de patrones de nodos de conexi\u00f3n.\" src=\"https:\/\/m.media-amazon.com\/images\/S\/aplus-media-library-service-media\/d98f0979-32f9-47f7-8251-e35414b345b8.__CR0,0,300,300_PT0_SX300_V1___.jpg\">  <\/p>\n<p>                                                    Conexi\u00f3n wifi                                       <\/p>\n<p> NO NECESARIAMENTE CABLE <\/p>\n<p> El ordenador est\u00e1 equipado con un adaptador USB Wi-Fi, lo que permite una conexi\u00f3n igualmente r\u00e1pida sin necesidad de cables engorrosos. <\/p>\n<p class=\"apm-text-center\">\n                                                      <img decoding=\"async\" alt=\"Ilustraci\u00f3n sencilla de un icono de l\u00ednea de un dispositivo de almacenamiento SSD (unidad de estado s\u00f3lido) en color verde azulado con el texto \u00abSSD\u00bb en la parte inferior.\" src=\"https:\/\/images-na.ssl-images-amazon.com\/images\/G\/01\/x-locale\/common\/grey-pixel.gif\" class=\"a-spacing-mini a-lazy-loaded\" data-src=\"https:\/\/m.media-amazon.com\/images\/S\/aplus-media-library-service-media\/7e6488ad-15ec-4dbd-82e2-12e03f1c0a14.__CR0,0,300,300_PT0_SX300_V1___.jpg\"><img decoding=\"async\" alt=\"Ilustraci\u00f3n sencilla de un icono de l\u00ednea de un dispositivo de almacenamiento SSD (unidad de estado s\u00f3lido) en color verde azulado con el texto \u00abSSD\u00bb en la parte inferior.\" src=\"https:\/\/m.media-amazon.com\/images\/S\/aplus-media-library-service-media\/7e6488ad-15ec-4dbd-82e2-12e03f1c0a14.__CR0,0,300,300_PT0_SX300_V1___.jpg\">  <\/p>\n<p>                                                    Tecnolog\u00eda SSD                                       <\/p>\n<p> \u00a1Adi\u00f3s a la carga lenta! <\/p>\n<p> Con la tecnolog\u00eda SSD, la carga tarda solo unos segundos y todas las operaciones son 4 veces m\u00e1s r\u00e1pidas. <\/p>\n<p class=\"apm-text-center\">\n                                                      <img decoding=\"async\" alt=\"aplus content image\" src=\"https:\/\/images-na.ssl-images-amazon.com\/images\/G\/01\/x-locale\/common\/grey-pixel.gif\" class=\"a-spacing-mini a-lazy-loaded\" data-src=\"https:\/\/m.media-amazon.com\/images\/S\/aplus-media-library-service-media\/11f65ed2-6ae0-4185-b03c-08bbcc6796e9.__CR0,0,300,300_PT0_SX300_V1___.jpg\"><img decoding=\"async\" alt=\"aplus content image\" src=\"https:\/\/m.media-amazon.com\/images\/S\/aplus-media-library-service-media\/11f65ed2-6ae0-4185-b03c-08bbcc6796e9.__CR0,0,300,300_PT0_SX300_V1___.jpg\">  <\/p>\n<p>                                                    Fiabilidad Intel                                       <\/p>\n<p> M\u00c1XIMA FIABILIDAD <\/p>\n<p> Los procesadores Intel son los m\u00e1s populares y confiables. Olv\u00eddate de problemas y ralentizaciones. <\/p>\n<p>                                                      <img decoding=\"async\" alt=\"Panel trasero de la torre de ordenadores que muestra la fuente de alimentaci\u00f3n, las rejillas de ventilaci\u00f3n, los puertos USB y las conexiones de audio en un chasis negro\" src=\"https:\/\/images-na.ssl-images-amazon.com\/images\/G\/01\/x-locale\/common\/grey-pixel.gif\" class=\"a-spacing-mini a-lazy-loaded\" data-src=\"https:\/\/m.media-amazon.com\/images\/S\/aplus-media-library-service-media\/f6044100-46c2-46d3-bfe1-bc82ffd84b19.__CR0,0,700,933_PT0_SX300_V1___.jpg\"><img decoding=\"async\" alt=\"Panel trasero de la torre de ordenadores que muestra la fuente de alimentaci\u00f3n, las rejillas de ventilaci\u00f3n, los puertos USB y las conexiones de audio en un chasis negro\" src=\"https:\/\/m.media-amazon.com\/images\/S\/aplus-media-library-service-media\/f6044100-46c2-46d3-bfe1-bc82ffd84b19.__CR0,0,700,933_PT0_SX300_V1___.jpg\">  <\/p>\n<p>                           Panel trasero  <\/p>\n<p>                                                              <img decoding=\"async\" alt=\"aplus content image\" src=\"https:\/\/images-na.ssl-images-amazon.com\/images\/G\/01\/x-locale\/common\/grey-pixel.gif\" class=\"a-spacing-mini a-lazy-loaded\" data-src=\"https:\/\/m.media-amazon.com\/images\/S\/aplus-media-library-service-media\/37dd0796-b98f-46db-b640-f1cb1f906875.__CR0,0,900,450_PT0_SX350_V1___.jpg\"><img decoding=\"async\" alt=\"aplus content image\" src=\"https:\/\/m.media-amazon.com\/images\/S\/aplus-media-library-service-media\/37dd0796-b98f-46db-b640-f1cb1f906875.__CR0,0,900,450_PT0_SX350_V1___.jpg\">                                          Panel frontal                                 <\/p>\n<p class=\"a-spacing-small a-size-small a-color-secondary\"> Se recomienda encarecidamente dar prioridad al uso de las tomas traseras. <\/p>\n<p>                                       Bot\u00f3n: Encendido       Bot\u00f3n: Reiniciar       USB: 2 Puertos       Entrada: Micr\u00f3fono       Entrada: Altavoces\/Auriculares       <\/p>\n<h3 class=\"a-spacing-mini\"> \u00a1Toda la conectividad que necesitas! <\/h3>\n<p>                                          Opci\u00f3n de monitor dual                                     <\/p>\n<p class=\"a-spacing-base\"> El ordenador admite dos monitores gracias a las conexiones HDMI y VGA. <\/p>\n<p class=\"a-spacing-base\"> Tarjeta gr\u00e1fica Intel UHD 2000 integrada. <\/p>\n<p class=\"a-spacing-base\"> Compatible con adaptadores DP y Mini-DP. <\/p>\n<p>                                                          USB: 6 Puertos       VGA: 1 Puerto       HDMI: 1 Puerto       LAN: 1 Puerto       Entrada: Micr\u00f3fono Altavoces\/Auriculares      <\/p>\n<h3 class=\"a-spacing-small\"> Informaci\u00f3n \u00fatil <\/h3>\n<p class=\"apm-text-center\">\n                                                      <img decoding=\"async\" alt=\"El texto dice \u00abFACTURA\u00bb y \u00abFACTURACI\u00d3N DISPONIBLE\u00bb. Serie de iconos blancos sobre fondo verde esmeralda que muestran los s\u00edmbolos y el texto relacionados con la factura.\" src=\"https:\/\/images-na.ssl-images-amazon.com\/images\/G\/01\/x-locale\/common\/grey-pixel.gif\" class=\"a-spacing-mini a-lazy-loaded\" data-src=\"https:\/\/m.media-amazon.com\/images\/S\/aplus-media-library-service-media\/c3e2385f-a759-4e69-a451-037486648283.__CR0,0,1024,1024_PT0_SX300_V1___.png\"><img decoding=\"async\" alt=\"El texto dice \u00abFACTURA\u00bb y \u00abFACTURACI\u00d3N DISPONIBLE\u00bb. Serie de iconos blancos sobre fondo verde esmeralda que muestran los s\u00edmbolos y el texto relacionados con la factura.\" src=\"https:\/\/m.media-amazon.com\/images\/S\/aplus-media-library-service-media\/c3e2385f-a759-4e69-a451-037486648283.__CR0,0,1024,1024_PT0_SX300_V1___.png\">  <\/p>\n<p>                                                    Facturable                                       <\/p>\n<p> Su compra se puede facturar electr\u00f3nicamente. Si tiene una cuenta de empresa, la factura se emitir\u00e1 autom\u00e1ticamente; de \u200b\u200blo contrario, si nos proporciona sus datos, la completaremos manualmente. <\/p>\n<p class=\"apm-text-center\">\n                                                      <img decoding=\"async\" alt=\"El texto dice \u00abPRET A L&amp;#39;EMPLOI\u00bb. Seis iconos blancos sobre fondo verde muestran las diferentes etapas del uso del producto, incluidos los pasos de carga, configuraci\u00f3n del dispositivo y conectividad.\" src=\"https:\/\/images-na.ssl-images-amazon.com\/images\/G\/01\/x-locale\/common\/grey-pixel.gif\" class=\"a-spacing-mini a-lazy-loaded\" data-src=\"https:\/\/m.media-amazon.com\/images\/S\/aplus-media-library-service-media\/3e80cdeb-feef-465a-b286-c9667e8a4771.__CR0,0,1024,1024_PT0_SX300_V1___.png\"><img decoding=\"async\" alt=\"El texto dice \u00abPRET A L&amp;#39;EMPLOI\u00bb. Seis iconos blancos sobre fondo verde muestran las diferentes etapas del uso del producto, incluidos los pasos de carga, configuraci\u00f3n del dispositivo y conectividad.\" src=\"https:\/\/m.media-amazon.com\/images\/S\/aplus-media-library-service-media\/3e80cdeb-feef-465a-b286-c9667e8a4771.__CR0,0,1024,1024_PT0_SX300_V1___.png\">  <\/p>\n<p>                                                    Preparado para usar                                       <\/p>\n<p> La computadora est\u00e1 lista para usar. <\/p>\n<p> Una vez que la recibas, solo tienes que conectar el monitor, el rat\u00f3n y el teclado, e instalar tus programas favoritos. <\/p>\n<p class=\"apm-text-center\">\n                                                      <img decoding=\"async\" alt=\"El texto dice \u00abEN TU CASA\u00bb e \u00abINMEDIATO\u00bb. Serie de iconos de reloj blancos sobre fondo verde que muestran la evoluci\u00f3n del concepto de cronometraje del servicio de entrega.\" src=\"https:\/\/images-na.ssl-images-amazon.com\/images\/G\/01\/x-locale\/common\/grey-pixel.gif\" class=\"a-spacing-mini a-lazy-loaded\" data-src=\"https:\/\/m.media-amazon.com\/images\/S\/aplus-media-library-service-media\/a414a830-8137-48f4-ba18-9fc803d0beec.__CR0,0,1024,1024_PT0_SX300_V1___.png\"><img decoding=\"async\" alt=\"El texto dice \u00abEN TU CASA\u00bb e \u00abINMEDIATO\u00bb. Serie de iconos de reloj blancos sobre fondo verde que muestran la evoluci\u00f3n del concepto de cronometraje del servicio de entrega.\" src=\"https:\/\/m.media-amazon.com\/images\/S\/aplus-media-library-service-media\/a414a830-8137-48f4-ba18-9fc803d0beec.__CR0,0,1024,1024_PT0_SX300_V1___.png\">  <\/p>\n<p>                                                    Inmediatamente de ti                                       <\/p>\n<p> Entrega expr\u00e9s y segura a trav\u00e9s de FedEx. Una vez enviado, recibir\u00e1 su paquete enseguida. (excepto islas). <\/p>\n<p>                                                  <img decoding=\"async\" alt=\"El texto dice \u00abA SU ENTERA DISPOSICI\u00d3N\u00bb en texto blanco sobre fondo verde esmeralda con dise\u00f1os de iconos abstractos.\" src=\"https:\/\/images-na.ssl-images-amazon.com\/images\/G\/01\/x-locale\/common\/grey-pixel.gif\" class=\"a-lazy-loaded\" data-src=\"https:\/\/m.media-amazon.com\/images\/S\/aplus-media-library-service-media\/aa0bd9b3-0816-40aa-b820-187c4d402851.__CR0,0,1024,1024_PT0_SX300_V1___.png\"><img decoding=\"async\" alt=\"El texto dice \u00abA SU ENTERA DISPOSICI\u00d3N\u00bb en texto blanco sobre fondo verde esmeralda con dise\u00f1os de iconos abstractos.\" src=\"https:\/\/m.media-amazon.com\/images\/S\/aplus-media-library-service-media\/aa0bd9b3-0816-40aa-b820-187c4d402851.__CR0,0,1024,1024_PT0_SX300_V1___.png\">  <\/p>\n<h3 class=\"a-spacing-mini\"> RESPUESTAS R\u00c1PIDAS Y R\u00c1PIDAS <\/h3>\n<p> Si necesita ayuda, nuestros t\u00e9cnicos especializados est\u00e1n disponibles todos los d\u00edas, de lunes a viernes, de 10:00 a 18:00. <\/p>\n<p> En el folleto informativo incluido en el paquete que recibir\u00e1 en casa, encontrar\u00e1 todas las maneras de resolver sus dudas o preguntas. <\/p>\n<p> Responderemos a su solicitud lo antes posible. <\/p>\n<p> ASIN                                            \u200f                                            :                                            \u200e                                            B0CB44C8F5   <br \/> Item model number                                            \u200f                                            :                                            \u200e                                            rigenerato standard   <br \/> Guaranteed software updates until                                            \u200f                                            :                                            \u200e                                            unknown   <br \/>  Customer reviews:                                                                                            3.8               3.8 out of 5 stars                                  (16)                                              var dpAcrHasRegisteredArcLinkClickAction;                    P.when(&#8216;A&#8217;, &#8216;ready&#8217;).execute(function(A) {                        if (dpAcrHasRegisteredArcLinkClickAction !== true) {                            dpAcrHasRegisteredArcLinkClickAction = true;                            A.declarative(                                &#8216;acrLink-click-metrics&#8217;, &#8216;click&#8217;,                                { \u00aballowLinkDefault\u00bb: true },                                function (event) {                                    if (window.ue) {                                        ue.count(\u00abacrLinkClickCount\u00bb, (ue.count(\u00abacrLinkClickCount\u00bb) || 0) + 1);                                    }                                }                            );                        }                    });                                             P.when(&#8216;A&#8217;, &#8216;cf&#8217;).execute(function(A) {                A.declarative(&#8216;acrStarsLink-click-metrics&#8217;, &#8216;click&#8217;, { \u00aballowLinkDefault\u00bb : true },  function(event){                    if(window.ue) {                        ue.count(\u00abacrStarsLinkWithPopoverClickCount\u00bb, (ue.count(\u00abacrStarsLinkWithPopoverClickCount\u00bb) || 0) + 1);                    }                });            });                          <\/p>\n<p>\u2705Intel 4-Core i7 PROCESSOR with maximum turbo frequency up to 3.8 GHz &#8211; DDR3 RAM MEMORY &#8211; 2.5&#8243; SATA SSD &#8211; CD\/DVD burner &#8211; Wi-FI<br \/>\u2705 Integrated Intel UHD Graphics Card 2000 &#8211; 8x USB 2.0 inputs (6x on the back, 2x on the front) &#8211; WI-FI connection is guaranteed via the supplied USB memory &#8211; SSD speed allows use in just 10 seconds from power in<br \/>\u2705WINDOWS 11 Professional 64-bit installed with OEM license label READY TO USE<br \/>\u2705Ideal computer for office, internet, home, work, companies, administration, school use<br \/>\u2705Hardware modifications available upon request &#8211; 1 month warranty &#8211; Billable<\/p>\n\n","protected":false},"excerpt":{"rendered":"<p> Product Description \u00a1Lo mejor de la gama! Somos una tienda l\u00edder en inform\u00e1tica, especializada en<\/p>","protected":false},"featured_media":37696,"comment_status":"open","ping_status":"closed","template":"","meta":[],"product_brand":[],"product_cat":[91],"product_tag":[803,801,805,539,787,800,2121,5951,562,2436,585,808,799,806,163,587,1421,3290,807,5064,802,513,133,1920,543,537,804,226],"class_list":{"0":"post-37695","1":"product","2":"type-product","3":"status-publish","4":"has-post-thumbnail","6":"product_cat-office-pcs","7":"product_tag-budget-office-pc","8":"product_tag-business-desktop-pc","9":"product_tag-compact-desktop-pc","10":"product_tag-computer","11":"product_tag-desktop","12":"product_tag-desktop-computer-for-office","13":"product_tag-dvd","14":"product_tag-fixed","15":"product_tag-intel","16":"product_tag-internet","17":"product_tag-office","18":"product_tag-office-computer-setup","19":"product_tag-office-pc","20":"product_tag-office-pc-ssd","21":"product_tag-pro","22":"product_tag-ram","23":"product_tag-reader","24":"product_tag-recorder","25":"product_tag-reliable-office-pc","26":"product_tag-school","27":"product_tag-small-office-pc","28":"product_tag-ssd","29":"product_tag-usb","30":"product_tag-vga","31":"product_tag-wifi","32":"product_tag-windows","33":"product_tag-windows-office-pc","34":"product_tag-wireless","36":"first","37":"instock","38":"shipping-taxable","39":"product-type-external"},"_links":{"self":[{"href":"https:\/\/comprasyconsejos.store\/en\/wp-json\/wp\/v2\/product\/37695","targetHints":{"allow":["GET"]}}],"collection":[{"href":"https:\/\/comprasyconsejos.store\/en\/wp-json\/wp\/v2\/product"}],"about":[{"href":"https:\/\/comprasyconsejos.store\/en\/wp-json\/wp\/v2\/types\/product"}],"replies":[{"embeddable":true,"href":"https:\/\/comprasyconsejos.store\/en\/wp-json\/wp\/v2\/comments?post=37695"}],"version-history":[{"count":0,"href":"https:\/\/comprasyconsejos.store\/en\/wp-json\/wp\/v2\/product\/37695\/revisions"}],"wp:featuredmedia":[{"embeddable":true,"href":"https:\/\/comprasyconsejos.store\/en\/wp-json\/wp\/v2\/media\/37696"}],"wp:attachment":[{"href":"https:\/\/comprasyconsejos.store\/en\/wp-json\/wp\/v2\/media?parent=37695"}],"wp:term":[{"taxonomy":"product_brand","embeddable":true,"href":"https:\/\/comprasyconsejos.store\/en\/wp-json\/wp\/v2\/product_brand?post=37695"},{"taxonomy":"product_cat","embeddable":true,"href":"https:\/\/comprasyconsejos.store\/en\/wp-json\/wp\/v2\/product_cat?post=37695"},{"taxonomy":"product_tag","embeddable":true,"href":"https:\/\/comprasyconsejos.store\/en\/wp-json\/wp\/v2\/product_tag?post=37695"}],"curies":[{"name":"wp","href":"https:\/\/api.w.org\/{rel}","templated":true}]}}