{"id":37698,"date":"2026-03-05T12:28:19","date_gmt":"2026-03-05T12:28:19","guid":{"rendered":"https:\/\/comprasyconsejos.store\/product\/logitech-g-560-pc-gamer-speakers-dtsx-surround-sound-built-in-lightsync-rgb-lighting-2-satellite-speakers-and-a-subwoofer-immersive-gaming-experience-black\/"},"modified":"2026-03-05T12:28:21","modified_gmt":"2026-03-05T12:28:21","slug":"logitech-g-560-pc-gamer-speakers-dtsx-surround-sound-built-in-lightsync-rgb-lighting-2-satellite-speakers-and-a-subwoofer-immersive-gaming-experience-black","status":"publish","type":"product","link":"https:\/\/comprasyconsejos.store\/en\/product\/logitech-g-560-pc-gamer-speakers-dtsx-surround-sound-built-in-lightsync-rgb-lighting-2-satellite-speakers-and-a-subwoofer-immersive-gaming-experience-black\/","title":{"rendered":"Logitech G 560 PC Gamer Speakers, DTS:X Surround Sound, Built-in LIGHTSYNC RGB Lighting, 2 Satellite Speakers and a Subwoofer, Immersive Gaming Experience, Black"},"content":{"rendered":"<p>Price: <span style=\"color:#b12704\"><del>\u20ac259.00<\/del> - \u20ac160.99<\/span><br \/><i><small>(as of Mar 05, 2026 12:28:20 UTC &#8211; <span class=\"wp_automatic_amazon_disclaimer\" title=\"Product prices and availability are accurate as of the date\/time indicated and are subject to change. Any price and availability information displayed on [relevant Amazon Site(s), as applicable] at the time of purchase will apply to the purchase of this product.\">Details<\/span>)<\/small><\/i><\/p>\n<p><a href=\"https:\/\/amazon.es\/dp\/B079VVQS1R?tag=man008-21\"><img decoding=\"async\" src=\"https:\/\/valvepress.s3.amazonaws.com\/imgs\/buy_now.png\"><\/a><br \/>\n<\/p>\n<p>                                             From the manufacturer   <\/p>\n<p>                                                  <img decoding=\"async\" alt=\"\" src=\"https:\/\/images-na.ssl-images-amazon.com\/images\/G\/01\/x-locale\/common\/grey-pixel.gif\" class=\"a-lazy-loaded\" data-src=\"https:\/\/m.media-amazon.com\/images\/S\/aplus-media\/vc\/a5dd3ec3-11bd-4fc1-b36f-73043025fffc._SR970,300_.jpg\"><img decoding=\"async\" alt=\"\" src=\"https:\/\/m.media-amazon.com\/images\/S\/aplus-media\/vc\/a5dd3ec3-11bd-4fc1-b36f-73043025fffc._SR970,300_.jpg\">  <\/p>\n<p>                                                      <img decoding=\"async\" alt=\"\" src=\"https:\/\/images-na.ssl-images-amazon.com\/images\/G\/01\/x-locale\/common\/grey-pixel.gif\" class=\"a-spacing-mini a-lazy-loaded\" data-src=\"https:\/\/m.media-amazon.com\/images\/S\/aplus-media\/vc\/c9bcffc8-2def-4b84-9e60-a43bfa547933._SR285,285_.jpg\"><img decoding=\"async\" alt=\"\" src=\"https:\/\/m.media-amazon.com\/images\/S\/aplus-media\/vc\/c9bcffc8-2def-4b84-9e60-a43bfa547933._SR285,285_.jpg\">  <\/p>\n<p>                                                              <img decoding=\"async\" alt=\"\" src=\"https:\/\/images-na.ssl-images-amazon.com\/images\/G\/01\/x-locale\/common\/grey-pixel.gif\" class=\"a-spacing-mini a-lazy-loaded\" data-src=\"https:\/\/m.media-amazon.com\/images\/S\/aplus-media\/sota\/ec315704-d5be-40dc-ab79-4b11abb0eefe._SR230,100_.jpg\"><img decoding=\"async\" alt=\"\" src=\"https:\/\/m.media-amazon.com\/images\/S\/aplus-media\/sota\/ec315704-d5be-40dc-ab79-4b11abb0eefe._SR230,100_.jpg\">                                          Logitech G560 Altavoces para gaming en PC                                 <\/p>\n<p class=\"a-spacing-small a-size-small a-color-secondary\"> Contenido del paquete: <\/p>\n<p>                                       Dos altavoces sat\u00e9lite       Un subwoofer con cable de alimentaci\u00f3n       Cable USB       Documentaci\u00f3n del usuario       <\/p>\n<h3 class=\"a-spacing-mini\"> Logitech G560 Altavoces para gaming en PC <\/h3>\n<p class=\"a-spacing-base\"> Los altavoces para gaming en PC Logitech G560 Lightsync reaccionan a la acci\u00f3n y la m\u00fasica del juego con cuatro zonas de iluminaci\u00f3n personalizables. El subwoofer con salida inferior y dos altavoces sat\u00e9lite con una potencia de 240 vatios de pico (120 vatios RMS) ofrecen un sonido puro y n\u00edtido. El motor DTS:X Ultra produce sonido envolvente 3D. Posibilidad de alternar f\u00e1cilmente entre dispositivos con conexiones USB, de 3,5 mm y Bluetooth mediante la funci\u00f3n Logitech Easy-Switch. <\/p>\n<p>                                                          Iluminaci\u00f3n RGB Lightsync determinada por el juego       Visualizador de audio       Potente sonido de 240 vatios       Sonido envolvente dts:x ultra      <\/p>\n<p>                                                                      <img decoding=\"async\" alt=\"\" src=\"https:\/\/images-na.ssl-images-amazon.com\/images\/G\/01\/x-locale\/common\/grey-pixel.gif\" class=\"a-spacing-mini a-lazy-loaded\" data-src=\"https:\/\/m.media-amazon.com\/images\/S\/aplus-media\/vc\/a2ef19fc-3598-4034-96ad-12cc9b0b7784._SL300__.jpg\"><img decoding=\"async\" alt=\"\" src=\"https:\/\/m.media-amazon.com\/images\/S\/aplus-media\/vc\/a2ef19fc-3598-4034-96ad-12cc9b0b7784._SL300__.jpg\">  <\/p>\n<h3 class=\"a-spacing-mini\"> 240 vatios de potente sonido <\/h3>\n<p class=\"a-spacing-base\"> Siente la acci\u00f3n explosiva de 240 vatios de pico (120 vatios RMS) del subwoofer con salida inferior y dos altavoces sat\u00e9lite con ligeros pero robustos transductores met\u00e1licos. Oye todos y cada uno de los detalles desde diversos \u00e1ngulos, gracias al dise\u00f1o de transductor con un enorme espacio sonoro. <\/p>\n<p>                                                                      <img decoding=\"async\" alt=\"\" src=\"https:\/\/images-na.ssl-images-amazon.com\/images\/G\/01\/x-locale\/common\/grey-pixel.gif\" class=\"a-spacing-mini a-lazy-loaded\" data-src=\"https:\/\/m.media-amazon.com\/images\/S\/aplus-media\/vc\/43f3c4c8-3d12-4400-b052-b686d76882f9._SL300__.jpg\"><img decoding=\"async\" alt=\"\" src=\"https:\/\/m.media-amazon.com\/images\/S\/aplus-media\/vc\/43f3c4c8-3d12-4400-b052-b686d76882f9._SL300__.jpg\">  <\/p>\n<h3 class=\"a-spacing-mini\"> Sonido envolvente DTS:X ultra <\/h3>\n<p class=\"a-spacing-base\"> La intensidad que quieres con el extra necesario del audio posicional preciso. DTS:X Ultra crea un espacio sonoro 3D para que oigas el entorno de gaming desde cualquier \u00e1ngulo. Y con DTS:X Ultra las fuentes de m\u00fasica multicanal como 5.1 o 7.1 envolventes se convierten en una experiencia multidimensional. <\/p>\n<p>                                                                      <img decoding=\"async\" alt=\"\" src=\"https:\/\/images-na.ssl-images-amazon.com\/images\/G\/01\/x-locale\/common\/grey-pixel.gif\" class=\"a-spacing-mini a-lazy-loaded\" data-src=\"https:\/\/m.media-amazon.com\/images\/S\/aplus-media\/vc\/42a3ad15-43a5-46f8-b74e-4a16eec83bc5._SL300__.jpg\"><img decoding=\"async\" alt=\"\" src=\"https:\/\/m.media-amazon.com\/images\/S\/aplus-media\/vc\/42a3ad15-43a5-46f8-b74e-4a16eec83bc5._SL300__.jpg\">  <\/p>\n<h3 class=\"a-spacing-mini\"> Un altavoz para todo tu audio <\/h3>\n<p class=\"a-spacing-base\"> El vers\u00e1til y accesible G560 se conecta a varias fuentes y las usa combinadamente: USB, 3,5 mm y Bluetooth. Se requiere una conexi\u00f3n USB para audio genuinamente digital, iluminaci\u00f3n RGB Lightsync y sonido envolvente DTS:X Ultra. Con Logitech Easy-Switch puedes alternar f\u00e1cilmente entre cuatros dispositivo conectados. <\/p>\n<p>                                                                      <img decoding=\"async\" alt=\"\" src=\"https:\/\/images-na.ssl-images-amazon.com\/images\/G\/01\/x-locale\/common\/grey-pixel.gif\" class=\"a-spacing-mini a-lazy-loaded\" data-src=\"https:\/\/m.media-amazon.com\/images\/S\/aplus-media\/vc\/7e35062b-93e1-4872-b4eb-41fffcf3f5f7._SR300,300_.jpg\"><img decoding=\"async\" alt=\"\" src=\"https:\/\/m.media-amazon.com\/images\/S\/aplus-media\/vc\/7e35062b-93e1-4872-b4eb-41fffcf3f5f7._SR300,300_.jpg\">  <\/p>\n<h3 class=\"a-spacing-mini\"> Iluminaci\u00f3n RGB Lightsync determinada por el juego <\/h3>\n<p class=\"a-spacing-base\"> Efectos luminosos autom\u00e1ticos determinados por la acci\u00f3n de los juegos m\u00e1s populares, para una inmersi\u00f3n total. LIGHTSYNC emitir\u00e1 r\u00e1fagas de luz para representar explosiones, acosos del enemigo, da\u00f1os sufridos, recuperaciones, otros mundos visitados, etc. <\/p>\n<p>                                                                    <img decoding=\"async\" alt=\"\" src=\"https:\/\/images-na.ssl-images-amazon.com\/images\/G\/01\/x-locale\/common\/grey-pixel.gif\" class=\"a-lazy-loaded\" data-src=\"https:\/\/m.media-amazon.com\/images\/S\/aplus-media\/vc\/a2ef19fc-3598-4034-96ad-12cc9b0b7784._SL300__.jpg\"><img decoding=\"async\" alt=\"\" src=\"https:\/\/m.media-amazon.com\/images\/S\/aplus-media\/vc\/a2ef19fc-3598-4034-96ad-12cc9b0b7784._SL300__.jpg\">   <\/p>\n<p>\n                                                             240 vatios de potente sonido   <\/p>\n<p>                                                                    <img decoding=\"async\" alt=\"\" src=\"https:\/\/images-na.ssl-images-amazon.com\/images\/G\/01\/x-locale\/common\/grey-pixel.gif\" class=\"a-lazy-loaded\" data-src=\"https:\/\/m.media-amazon.com\/images\/S\/aplus-media\/vc\/43f3c4c8-3d12-4400-b052-b686d76882f9._SL300__.jpg\"><img decoding=\"async\" alt=\"\" src=\"https:\/\/m.media-amazon.com\/images\/S\/aplus-media\/vc\/43f3c4c8-3d12-4400-b052-b686d76882f9._SL300__.jpg\">   <\/p>\n<p>\n                                                           Sonido envolvente DTS:X ultra   <\/p>\n<p>                                                                    <img decoding=\"async\" alt=\"\" src=\"https:\/\/images-na.ssl-images-amazon.com\/images\/G\/01\/x-locale\/common\/grey-pixel.gif\" class=\"a-lazy-loaded\" data-src=\"https:\/\/m.media-amazon.com\/images\/S\/aplus-media\/vc\/42a3ad15-43a5-46f8-b74e-4a16eec83bc5._SL300__.jpg\"><img decoding=\"async\" alt=\"\" src=\"https:\/\/m.media-amazon.com\/images\/S\/aplus-media\/vc\/42a3ad15-43a5-46f8-b74e-4a16eec83bc5._SL300__.jpg\">   <\/p>\n<p>\n                                                           Un altavoz para todo tu audio   <\/p>\n<p>                                                                    <img decoding=\"async\" alt=\"\" src=\"https:\/\/images-na.ssl-images-amazon.com\/images\/G\/01\/x-locale\/common\/grey-pixel.gif\" class=\"a-lazy-loaded\" data-src=\"https:\/\/m.media-amazon.com\/images\/S\/aplus-media\/vc\/7e35062b-93e1-4872-b4eb-41fffcf3f5f7._SR300,300_.jpg\"><img decoding=\"async\" alt=\"\" src=\"https:\/\/m.media-amazon.com\/images\/S\/aplus-media\/vc\/7e35062b-93e1-4872-b4eb-41fffcf3f5f7._SR300,300_.jpg\">   <\/p>\n<p>\n                                                           Iluminaci\u00f3n RGB Lightsync   <\/p>\n<p>                                                  <img decoding=\"async\" alt=\"\" src=\"https:\/\/images-na.ssl-images-amazon.com\/images\/G\/01\/x-locale\/common\/grey-pixel.gif\" class=\"a-lazy-loaded\" data-src=\"https:\/\/m.media-amazon.com\/images\/S\/aplus-media\/vc\/490b223c-2dc1-470f-b626-8099481a69a3._SR970,300_.jpg\"><img decoding=\"async\" alt=\"\" src=\"https:\/\/m.media-amazon.com\/images\/S\/aplus-media\/vc\/490b223c-2dc1-470f-b626-8099481a69a3._SR970,300_.jpg\">  <\/p>\n<p>                                                  <img decoding=\"async\" alt=\"\" src=\"https:\/\/images-na.ssl-images-amazon.com\/images\/G\/01\/x-locale\/common\/grey-pixel.gif\" class=\"a-lazy-loaded\" data-src=\"https:\/\/m.media-amazon.com\/images\/S\/aplus-media\/sota\/37cd3c43-6350-4d0a-84bf-56193b0a61a5._SR970,300_.jpg\"><img decoding=\"async\" alt=\"\" src=\"https:\/\/m.media-amazon.com\/images\/S\/aplus-media\/sota\/37cd3c43-6350-4d0a-84bf-56193b0a61a5._SR970,300_.jpg\">  <\/p>\n<p> Batteries                                            \u200f                                            :                                            \u200e                                            1 Product Specific batteries required. (included)   <br \/> Is discontinued by manufacturer                                            \u200f                                            :                                            \u200e                                            No   <br \/> Language                                            \u200f                                            :                                            \u200e                                            English   <br \/> Product Dimensions                                            \u200f                                            :                                            \u200e                                            24.12 x 9 x 12.47 cm; 5.4 kg   <br \/> Manufacturer                                            \u200f                                            :                                            \u200e                                            Logitech   <br \/> ASIN                                            \u200f                                            :                                            \u200e                                            B079VVQS1R   <br \/> Item model number                                            \u200f                                            :                                            \u200e                                            980-001301   <br \/> Country of origin                                            \u200f                                            :                                            \u200e                                            China   <br \/> Guaranteed software updates until                                            \u200f                                            :                                            \u200e                                            unknown   <br \/>  Customer reviews:                                                                                            4.4               4.4 out of 5 stars                                  (1,632)                                              var dpAcrHasRegisteredArcLinkClickAction;                    P.when(&#8216;A&#8217;, &#8216;ready&#8217;).execute(function(A) {                        if (dpAcrHasRegisteredArcLinkClickAction !== true) {                            dpAcrHasRegisteredArcLinkClickAction = true;                            A.declarative(                                &#8216;acrLink-click-metrics&#8217;, &#8216;click&#8217;,                                { \u00aballowLinkDefault\u00bb: true },                                function (event) {                                    if (window.ue) {                                        ue.count(\u00abacrLinkClickCount\u00bb, (ue.count(\u00abacrLinkClickCount\u00bb) || 0) + 1);                                    }                                }                            );                        }                    });                                             P.when(&#8216;A&#8217;, &#8216;cf&#8217;).execute(function(A) {                A.declarative(&#8216;acrStarsLink-click-metrics&#8217;, &#8216;click&#8217;, { \u00aballowLinkDefault\u00bb : true },  function(event){                    if(window.ue) {                        ue.count(\u00abacrStarsLinkWithPopoverClickCount\u00bb, (ue.count(\u00abacrStarsLinkWithPopoverClickCount\u00bb) || 0) + 1);                    }                });            });                          <\/p>\n<p>Built-in LIGHTSYNC RGB lighting emits game-determined colors and lighting effects that are activated with audio from many popular games<br \/>Explosive 240-watt peak power and unique transducer design offer huge sound space for a more intense gaming experience.<br \/>Built-in DTS:X Ultra surround sound creates a 3D sound space for you to hear the gaming environment from any angle<br \/>Two satellite speakers and a subwoofer with bottom output produce incredibly detailed sound with crisp high frequencies, a full mid-range, and deep, powerful bass<br \/>Connect and toggle between four devices with versatile USB, 3.5mm and Bluetooth wireless connectivity for gaming, music, and more<\/p>\n\n","protected":false},"excerpt":{"rendered":"<p> From the manufacturer Logitech G560 Altavoces para gaming en PC Contenido del paquete: Dos altavoces<\/p>","protected":false},"featured_media":37699,"comment_status":"open","ping_status":"closed","template":"","meta":[],"product_brand":[],"product_cat":[90],"product_tag":[613,307,1567,611,3583,3173,615,617,607,604,609,606,612,608,8755,316,1759,748,605,885,610,11274,869,1039,11275,868],"class_list":{"0":"post-37698","1":"product","2":"type-product","3":"status-publish","4":"has-post-thumbnail","6":"product_cat-gaming-pcs","7":"product_tag-best-gaming-pc","8":"product_tag-black","9":"product_tag-builtin","10":"product_tag-custom-gaming-pc","11":"product_tag-dtsx","12":"product_tag-experience","13":"product_tag-gamer","14":"product_tag-gaming","15":"product_tag-gaming-desktop","16":"product_tag-gaming-pc","17":"product_tag-gaming-pc-16gb-ram","18":"product_tag-gaming-pc-rtx","19":"product_tag-gaming-pc-ssd","20":"product_tag-high-end-gaming-pc","21":"product_tag-immersive","22":"product_tag-lighting","23":"product_tag-lightsync","24":"product_tag-logitech","25":"product_tag-prebuilt-gaming-pc","26":"product_tag-rgb","27":"product_tag-rgb-gaming-pc","28":"product_tag-satellite","29":"product_tag-sound","30":"product_tag-speakers","31":"product_tag-subwoofer","32":"product_tag-surround","34":"first","35":"instock","36":"sale","37":"shipping-taxable","38":"product-type-external"},"_links":{"self":[{"href":"https:\/\/comprasyconsejos.store\/en\/wp-json\/wp\/v2\/product\/37698","targetHints":{"allow":["GET"]}}],"collection":[{"href":"https:\/\/comprasyconsejos.store\/en\/wp-json\/wp\/v2\/product"}],"about":[{"href":"https:\/\/comprasyconsejos.store\/en\/wp-json\/wp\/v2\/types\/product"}],"replies":[{"embeddable":true,"href":"https:\/\/comprasyconsejos.store\/en\/wp-json\/wp\/v2\/comments?post=37698"}],"version-history":[{"count":0,"href":"https:\/\/comprasyconsejos.store\/en\/wp-json\/wp\/v2\/product\/37698\/revisions"}],"wp:featuredmedia":[{"embeddable":true,"href":"https:\/\/comprasyconsejos.store\/en\/wp-json\/wp\/v2\/media\/37699"}],"wp:attachment":[{"href":"https:\/\/comprasyconsejos.store\/en\/wp-json\/wp\/v2\/media?parent=37698"}],"wp:term":[{"taxonomy":"product_brand","embeddable":true,"href":"https:\/\/comprasyconsejos.store\/en\/wp-json\/wp\/v2\/product_brand?post=37698"},{"taxonomy":"product_cat","embeddable":true,"href":"https:\/\/comprasyconsejos.store\/en\/wp-json\/wp\/v2\/product_cat?post=37698"},{"taxonomy":"product_tag","embeddable":true,"href":"https:\/\/comprasyconsejos.store\/en\/wp-json\/wp\/v2\/product_tag?post=37698"}],"curies":[{"name":"wp","href":"https:\/\/api.w.org\/{rel}","templated":true}]}}