{"id":37704,"date":"2026-03-05T12:48:19","date_gmt":"2026-03-05T12:48:19","guid":{"rendered":"https:\/\/comprasyconsejos.store\/product\/lenovo-tab-m10-plus-3rd-gen-tablet-10-61-inch-2k-qualcomm-snapdragon-sdm680-4gb-ram-128gb-expandable-up-to-1tb4-speakerswifi-bluetoothandroid-12-precision-pen-2-case-d\/"},"modified":"2026-03-05T12:48:27","modified_gmt":"2026-03-05T12:48:27","slug":"lenovo-tab-m10-plus-3rd-gen-tablet-10-61-inch-2k-qualcomm-snapdragon-sdm680-4gb-ram-128gb-expandable-up-to-1tb4-speakerswifi-bluetoothandroid-12-precision-pen-2-case-d","status":"publish","type":"product","link":"https:\/\/comprasyconsejos.store\/en\/product\/lenovo-tab-m10-plus-3rd-gen-tablet-10-61-inch-2k-qualcomm-snapdragon-sdm680-4gb-ram-128gb-expandable-up-to-1tb4-speakerswifi-bluetoothandroid-12-precision-pen-2-case-d\/","title":{"rendered":"Lenovo Tab M10 Plus (3rd Gen) \u2013 Tablet 10.61 Inch 2K (Qualcomm Snapdragon SDM680, 4GB RAM, 128GB Expandable up to 1TB,4 Speakers,WiFi + Bluetooth,Android 12) Precision Pen 2 + Case \u2013 Dark Grey"},"content":{"rendered":"<p>Price: <span style=\"color:#b12704\">\u20ac101.36<\/span><br \/><i><small>(as of Mar 05, 2026 12:48:19 UTC &#8211; <span class=\"wp_automatic_amazon_disclaimer\" title=\"Product prices and availability are accurate as of the date\/time indicated and are subject to change. Any price and availability information displayed on [relevant Amazon Site(s), as applicable] at the time of purchase will apply to the purchase of this product.\">Details<\/span>)<\/small><\/i><\/p>\n<p><a href=\"https:\/\/amazon.es\/dp\/B0CJFT8FZD?tag=man008-21\"><img decoding=\"async\" src=\"https:\/\/valvepress.s3.amazonaws.com\/imgs\/buy_now.png\"><\/a><br \/>\n<\/p>\n<p>                                             From the manufacturer   <\/p>\n<p>                                                                     Tab M10 Plus 3rd Gen (2023)                                            <img decoding=\"async\" alt=\"tablet tableta m10 plus estudiar tableta para estudiar \" src=\"https:\/\/images-na.ssl-images-amazon.com\/images\/G\/01\/x-locale\/common\/grey-pixel.gif\" class=\"a-lazy-loaded\" data-src=\"https:\/\/m.media-amazon.com\/images\/S\/aplus-media-library-service-media\/9420fefb-984b-46f1-8536-1704e02485ac.__CR0,0,1464,600_PT0_SX1464_V1___.png\"><img decoding=\"async\" alt=\"tablet tableta m10 plus estudiar tableta para estudiar \" src=\"https:\/\/m.media-amazon.com\/images\/S\/aplus-media-library-service-media\/9420fefb-984b-46f1-8536-1704e02485ac.__CR0,0,1464,600_PT0_SX1464_V1___.png\">                                               <\/p>\n<p>                                                                                                                    <img decoding=\"async\" alt=\"lenovo\" src=\"https:\/\/m.media-amazon.com\/images\/S\/aplus-media-library-service-media\/1ea4ca21-0563-4449-8226-46154ebd2440.__CR0,130,3000,1230_PT0_SX1464_V1___.png\">                                                                                           Entretenimiento cinematogr\u00e1fico                                       <\/p>\n<p class=\"description aplus-p1\"> Deslumbrante pantalla IPS 2K de 26,95 cm (10,61&#8243;), y sistema de cuatro altavoces con Dolby Atmos. <\/p>\n<p>                                                      <img decoding=\"async\" alt=\"lenovo\" src=\"https:\/\/m.media-amazon.com\/images\/S\/aplus-media-library-service-media\/15c40ff4-3191-413a-9b09-e58e536ec4a0.__CR0,125,4000,1639_PT0_SX1464_V1___.png\">                                                                                           Qualcomm Snapdragon SDM680                                       <\/p>\n<p class=\"description aplus-p1\"> Transmite, estudia y realiza m\u00faltiples tareas con procesadores de ocho n\u00facleos de calidad. <\/p>\n<p>                                                      <img decoding=\"async\" alt=\"lenovo\" src=\"https:\/\/m.media-amazon.com\/images\/S\/aplus-media-library-service-media\/a69edc28-1d2f-466b-b857-8e8279aabb8b.__CR1,0,1464,600_PT0_SX1464_V1___.png\">                                                                                           Autonom\u00eda de la bater\u00eda para todo el d\u00eda                                       <\/p>\n<p class=\"description aplus-p1\"> Con una bater\u00eda que dura todo el d\u00eda (14 horas de navegaci\u00f3n web), puedes usarla en cualquier lugar. <\/p>\n<p>                                                      <img decoding=\"async\" alt=\"lenovo\" src=\"https:\/\/m.media-amazon.com\/images\/S\/aplus-media-library-service-media\/9c14c6a7-1ed7-425f-af3f-867a56f780a8.__CR0,0,3000,1230_PT0_SX1464_V1___.png\">                                                                                           Modo de lectura especial                                        <\/p>\n<p class=\"description aplus-p1\"> Mant\u00e9n la concentraci\u00f3n con el modo de lectura: simula la matriz de color de las p\u00e1ginas de un libro <\/p>\n<p>                                                      <img decoding=\"async\" alt=\"lenovo\" src=\"https:\/\/m.media-amazon.com\/images\/S\/aplus-media-library-service-media\/b542ffe0-50c5-4bab-b273-f1e0d8e090dd.__CR1,0,1464,600_PT0_SX1464_V1___.png\">                                                                                           Zona infantil integrada                                       <\/p>\n<p class=\"description aplus-p1\"> Google Kids Space, preinstalado en las tablets Lenovo, ayuda a los ni\u00f1os a descubrir, crear y crecer <\/p>\n<p>                            1 Pantalla IPS 2K <\/p>\n<p>                            2 Procesamiento potente <\/p>\n<p>                            3 Bater\u00eda de gran autonom\u00eda <\/p>\n<p>                            4 Modo de lectura especial  <\/p>\n<p>                            5 Zona infantil integrada <\/p>\n<p>                                                                                                       <img decoding=\"async\" alt=\"lenovo\" src=\"https:\/\/images-na.ssl-images-amazon.com\/images\/G\/01\/x-locale\/common\/grey-pixel.gif\" class=\"a-lazy-loaded\" data-src=\"https:\/\/m.media-amazon.com\/images\/S\/aplus-media-library-service-media\/4b5aa72a-fe63-481f-badd-5e3371f2388f.__CR0,100,1464,600_PT0_SX1464_V1___.png\"><img decoding=\"async\" alt=\"lenovo\" src=\"https:\/\/m.media-amazon.com\/images\/S\/aplus-media-library-service-media\/4b5aa72a-fe63-481f-badd-5e3371f2388f.__CR0,100,1464,600_PT0_SX1464_V1___.png\">                                                  Android 12                                               Mantente al d\u00eda                                         <\/p>\n<p class=\"aplus-p2 aplus-module-2-description\"> La tablet Tab M10 Plus de 3.\u00aa generaci\u00f3n incluye Android 12.  Obtendr\u00e1s  las funciones de la \u00faltima versi\u00f3n de Android 12 y  disfrutar\u00e1s de tres a\u00f1os de seguridad y otras actualizaciones, con una  versi\u00f3n a\u00fan m\u00e1s nueva, Android 13, que se espera para 2023. <\/p>\n<p>                                                                                                       <img decoding=\"async\" alt=\"lenovo\" src=\"https:\/\/images-na.ssl-images-amazon.com\/images\/G\/01\/x-locale\/common\/grey-pixel.gif\" class=\"a-lazy-loaded\" data-src=\"https:\/\/m.media-amazon.com\/images\/S\/aplus-media-library-service-media\/71ad2a3e-716e-4c2b-8f17-1571b80154b8.__CR386,27,2575,1055_PT0_SX1464_V1___.png\"><img decoding=\"async\" alt=\"lenovo\" src=\"https:\/\/m.media-amazon.com\/images\/S\/aplus-media-library-service-media\/71ad2a3e-716e-4c2b-8f17-1571b80154b8.__CR386,27,2575,1055_PT0_SX1464_V1___.png\">                                                 Lenovo Precision Pen 2 incluido                                             Una forma m\u00e1s inteligente de aprender                                        <\/p>\n<p class=\"aplus-p2 aplus-module-2-description\"> Funciona con la aplicaci\u00f3n Lenovo Instant Memo para hacer que la entrada en pantalla sea muy sencilla, desde notas escritas a mano hasta marcar documentos y arrastrar y soltar texto. Y para obtener la m\u00e1xima velocidad y comodidad, utiliza el l\u00e1piz Lenovo Precision Pen 2 (viene incluido en la caja). <\/p>\n<p>                                                                                                       <img decoding=\"async\" alt=\"lenovo\" src=\"https:\/\/images-na.ssl-images-amazon.com\/images\/G\/01\/x-locale\/common\/grey-pixel.gif\" class=\"a-lazy-loaded\" data-src=\"https:\/\/m.media-amazon.com\/images\/S\/aplus-media-library-service-media\/188e175a-a02c-4501-81a4-63d449c710ff.__CR1,0,1464,600_PT0_SX1464_V1___.png\"><img decoding=\"async\" alt=\"lenovo\" src=\"https:\/\/m.media-amazon.com\/images\/S\/aplus-media-library-service-media\/188e175a-a02c-4501-81a4-63d449c710ff.__CR1,0,1464,600_PT0_SX1464_V1___.png\">                                                 Modo de Lectura y de Protecci\u00f3n Ocular                                             Mant\u00e9n la concentraci\u00f3n con el modo de lectura                                        <\/p>\n<p class=\"aplus-p2 aplus-module-2-description\"> El Modo de Lectura simula la matriz de colores de las p\u00e1ginas de un libro y permite cambiar entre los modos crom\u00e1tico y monocrom\u00e1tico, para que sigas concentrado en la lectura. Esta funci\u00f3n, junto con el Modo de Protecci\u00f3n Ocular, contribuye a reducir la fatiga visual. <\/p>\n<p>                                                                <img decoding=\"async\" alt=\"\" src=\"https:\/\/images-na.ssl-images-amazon.com\/images\/G\/01\/x-locale\/common\/grey-pixel.gif\" class=\"a-lazy-loaded\" data-src=\"https:\/\/m.media-amazon.com\/images\/S\/aplus-media-library-service-media\/e28163f9-a842-4130-9306-3f6b084cdf3b.__CR131,0,2464,1010_PT0_SX1464_V1___.png\"><img decoding=\"async\" alt=\"\" src=\"https:\/\/m.media-amazon.com\/images\/S\/aplus-media-library-service-media\/e28163f9-a842-4130-9306-3f6b084cdf3b.__CR131,0,2464,1010_PT0_SX1464_V1___.png\">        <\/p>\n<p>                                                                     Puertos y ranuras                                            <img decoding=\"async\" alt=\"lenovo\" src=\"https:\/\/images-na.ssl-images-amazon.com\/images\/G\/01\/x-locale\/common\/grey-pixel.gif\" class=\"a-lazy-loaded\" data-src=\"https:\/\/m.media-amazon.com\/images\/S\/aplus-media-library-service-media\/3f0525d1-d359-4719-9e7d-b64d593113ea.__CR0,1,1464,600_PT0_SX1464_V1___.png\"><img decoding=\"async\" alt=\"lenovo\" src=\"https:\/\/m.media-amazon.com\/images\/S\/aplus-media-library-service-media\/3f0525d1-d359-4719-9e7d-b64d593113ea.__CR0,1,1464,600_PT0_SX1464_V1___.png\">                                         <\/p>\n<p class=\"aplus-description aplus-container-3 aplus-p1\"> 1. Cuatro altavoces; 2. Ranura para tarjeta MicroSD\/SIM (solo para modelos LTE) <\/p>\n<p class=\"aplus-description aplus-container-3 aplus-p1\"> 3. Micr\u00f3fono; 4. Botones de volumen (subir y bajar) <\/p>\n<p class=\"aplus-description aplus-container-3 aplus-p1\"> 5. Toma de audio de 3,5 mm <\/p>\n<p> Is discontinued by manufacturer                                            \u200f                                            :                                            \u200e                                            No   <br \/> Product Dimensions                                            \u200f                                            :                                            \u200e                                            25 x 15.9 x 0.7 cm; 465 g   <br \/> Manufacturer                                            \u200f                                            :                                            \u200e                                            Lenovo   <br \/> ASIN                                            \u200f                                            :                                            \u200e                                            B0CJFT8FZD   <br \/> Item model number                                            \u200f                                            :                                            \u200e                                            ZAAM0229ES   <br \/> Guaranteed software updates until                                            \u200f                                            :                                            \u200e                                            unknown   <br \/>  Customer reviews:                                                                                            4.5               4.5 out of 5 stars                                  (1,206)                                              var dpAcrHasRegisteredArcLinkClickAction;                    P.when(&#8216;A&#8217;, &#8216;ready&#8217;).execute(function(A) {                        if (dpAcrHasRegisteredArcLinkClickAction !== true) {                            dpAcrHasRegisteredArcLinkClickAction = true;                            A.declarative(                                &#8216;acrLink-click-metrics&#8217;, &#8216;click&#8217;,                                { \u00aballowLinkDefault\u00bb: true },                                function (event) {                                    if (window.ue) {                                        ue.count(\u00abacrLinkClickCount\u00bb, (ue.count(\u00abacrLinkClickCount\u00bb) || 0) + 1);                                    }                                }                            );                        }                    });                                             P.when(&#8216;A&#8217;, &#8216;cf&#8217;).execute(function(A) {                A.declarative(&#8216;acrStarsLink-click-metrics&#8217;, &#8216;click&#8217;, { \u00aballowLinkDefault\u00bb : true },  function(event){                    if(window.ue) {                        ue.count(\u00abacrStarsLinkWithPopoverClickCount\u00bb, (ue.count(\u00abacrStarsLinkWithPopoverClickCount\u00bb) || 0) + 1);                    }                });            });                          <\/p>\n<p>Its 10.61&#8243; 2K touch screen with 10 multi-touch points, 2000 x 1200 px resolution and 60Hz refresh rate allow you to interact quickly and easily across websites, apps and multimedia<br \/>The Qualcomm Snapdragon SDM680 8-core processor, 4GB RAM and 128GB capacity expandable up to 1TB with micro SD card, make the Tab M10 Plus a tablet suitable for study or fun<br \/>Long battery life: its built-in 7500mAh battery (Min.) \/ 7700mAh (Typ.) allows you to use the tablet all day, without having to constantly rely on a power source<br \/>Connectivity &#8211; Take advantage of its USB-C 2.0 port (Data Transfer and Charge), enjoy your multimedia with the combo headphone and microphone jack (3.5mm), and stay online thanks to Wi-Fi 5<br \/>Includes Lenovo Precision Pen 2 + Case: The key combination to maximize all the benefits of your Tab M10 Plus, turning it into a canvas to bring your ideas to life with complete comfort and precision in your strokes<\/p>\n\n","protected":false},"excerpt":{"rendered":"<p> From the manufacturer Tab M10 Plus 3rd Gen (2023) Entretenimiento cinematogr\u00e1fico Deslumbrante pantalla IPS 2K<\/p>","protected":false},"featured_media":37705,"comment_status":"open","ping_status":"closed","template":"","meta":[],"product_brand":[],"product_cat":[93],"product_tag":[651,700,11279,3191,566,646,648,11281,650,994,6357,1248,655,855,204,584,1054,11277,836,2971,6971,587,647,11278,1697,11280,831,157,652,653,649,654],"class_list":{"0":"post-37704","1":"product","2":"type-product","3":"status-publish","4":"has-post-thumbnail","6":"product_cat-android-tablets","7":"product_tag-10-inch-tablet","8":"product_tag-128gb","9":"product_tag-1tb4","10":"product_tag-3rd","11":"product_tag-4gb","12":"product_tag-android-tablet","13":"product_tag-best-android-tablet","14":"product_tag-bluetoothandroid","15":"product_tag-budget-android-tablet","16":"product_tag-case","17":"product_tag-dark","18":"product_tag-expandable","19":"product_tag-gaming-tablet","20":"product_tag-gen","21":"product_tag-grey","22":"product_tag-inch","23":"product_tag-lenovo","24":"product_tag-m10","25":"product_tag-pen","26":"product_tag-precision","27":"product_tag-qualcomm","28":"product_tag-ram","29":"product_tag-samsung-android-tablet","30":"product_tag-sdm680","31":"product_tag-snapdragon","32":"product_tag-speakerswifi","33":"product_tag-tab","34":"product_tag-tablet","35":"product_tag-tablet-for-kids","36":"product_tag-tablet-for-study","37":"product_tag-tablet-with-sim","38":"product_tag-tablet-with-stylus","40":"first","41":"instock","42":"shipping-taxable","43":"product-type-external"},"_links":{"self":[{"href":"https:\/\/comprasyconsejos.store\/en\/wp-json\/wp\/v2\/product\/37704","targetHints":{"allow":["GET"]}}],"collection":[{"href":"https:\/\/comprasyconsejos.store\/en\/wp-json\/wp\/v2\/product"}],"about":[{"href":"https:\/\/comprasyconsejos.store\/en\/wp-json\/wp\/v2\/types\/product"}],"replies":[{"embeddable":true,"href":"https:\/\/comprasyconsejos.store\/en\/wp-json\/wp\/v2\/comments?post=37704"}],"version-history":[{"count":0,"href":"https:\/\/comprasyconsejos.store\/en\/wp-json\/wp\/v2\/product\/37704\/revisions"}],"wp:featuredmedia":[{"embeddable":true,"href":"https:\/\/comprasyconsejos.store\/en\/wp-json\/wp\/v2\/media\/37705"}],"wp:attachment":[{"href":"https:\/\/comprasyconsejos.store\/en\/wp-json\/wp\/v2\/media?parent=37704"}],"wp:term":[{"taxonomy":"product_brand","embeddable":true,"href":"https:\/\/comprasyconsejos.store\/en\/wp-json\/wp\/v2\/product_brand?post=37704"},{"taxonomy":"product_cat","embeddable":true,"href":"https:\/\/comprasyconsejos.store\/en\/wp-json\/wp\/v2\/product_cat?post=37704"},{"taxonomy":"product_tag","embeddable":true,"href":"https:\/\/comprasyconsejos.store\/en\/wp-json\/wp\/v2\/product_tag?post=37704"}],"curies":[{"name":"wp","href":"https:\/\/api.w.org\/{rel}","templated":true}]}}