{"id":37707,"date":"2026-03-05T12:54:42","date_gmt":"2026-03-05T12:54:42","guid":{"rendered":"https:\/\/comprasyconsejos.store\/product\/asus-vivobook-s-14-oled-oled-s5406sa-pp223w-laptop-14-inches-wqxga-120hz-intel-core-ultra-7-256v-16gb-ram-1tb-ssd-windows-11-home-copilot-pc-haze-blue-spanish-qwerty-keyboa\/"},"modified":"2026-03-05T12:54:43","modified_gmt":"2026-03-05T12:54:43","slug":"asus-vivobook-s-14-oled-oled-s5406sa-pp223w-laptop-14-inches-wqxga-120hz-intel-core-ultra-7-256v-16gb-ram-1tb-ssd-windows-11-home-copilot-pc-haze-blue-spanish-qwerty-keyboa","status":"publish","type":"product","link":"https:\/\/comprasyconsejos.store\/en\/product\/asus-vivobook-s-14-oled-oled-s5406sa-pp223w-laptop-14-inches-wqxga-120hz-intel-core-ultra-7-256v-16gb-ram-1tb-ssd-windows-11-home-copilot-pc-haze-blue-spanish-qwerty-keyboa\/","title":{"rendered":"ASUS Vivobook S 14 OLED OLED S5406SA-PP223W \u2013 Laptop 14 Inches WQXGA+ 120Hz (Intel Core Ultra 7 256V, 16GB RAM, 1TB SSD, Windows 11 Home, Copilot+ PC) Haze Blue \u2013 Spanish QWERTY Keyboard"},"content":{"rendered":"<p>Price: <span style=\"color:#b12704\">\u20ac906.24<\/span><br \/><i><small>(as of Mar 05, 2026 12:54:42 UTC &#8211; <span class=\"wp_automatic_amazon_disclaimer\" title=\"Product prices and availability are accurate as of the date\/time indicated and are subject to change. Any price and availability information displayed on [relevant Amazon Site(s), as applicable] at the time of purchase will apply to the purchase of this product.\">Details<\/span>)<\/small><\/i><\/p>\n<p><a href=\"https:\/\/amazon.es\/dp\/B0DQ5FV37M?tag=man008-21\"><img decoding=\"async\" src=\"https:\/\/valvepress.s3.amazonaws.com\/imgs\/buy_now.png\"><\/a><br \/>\n<\/p>\n<p>                                             From the manufacturer   <\/p>\n<p>                                                  <img decoding=\"async\" alt=\"altTextForImage\" src=\"https:\/\/images-na.ssl-images-amazon.com\/images\/G\/01\/x-locale\/common\/grey-pixel.gif\" class=\"a-lazy-loaded\" data-src=\"https:\/\/m.media-amazon.com\/images\/S\/aplus-media\/vc\/22c560ba-04a4-43f7-b55e-ba50c413ca46.__CR0,0,970,300_PT0_SX970_V1___.jpg\"><img decoding=\"async\" alt=\"altTextForImage\" src=\"https:\/\/m.media-amazon.com\/images\/S\/aplus-media\/vc\/22c560ba-04a4-43f7-b55e-ba50c413ca46.__CR0,0,970,300_PT0_SX970_V1___.jpg\">  <\/p>\n<p>                                                      <img decoding=\"async\" alt=\"altTextForImage\" src=\"https:\/\/images-na.ssl-images-amazon.com\/images\/G\/01\/x-locale\/common\/grey-pixel.gif\" class=\"a-spacing-mini a-lazy-loaded\" data-src=\"https:\/\/m.media-amazon.com\/images\/S\/aplus-media\/vc\/db2b9d57-bde3-4a0e-8a8d-5b0d1bd803d8.__CR0,0,300,400_PT0_SX300_V1___.jpg\"><img decoding=\"async\" alt=\"altTextForImage\" src=\"https:\/\/m.media-amazon.com\/images\/S\/aplus-media\/vc\/db2b9d57-bde3-4a0e-8a8d-5b0d1bd803d8.__CR0,0,300,400_PT0_SX300_V1___.jpg\">  <\/p>\n<p>                                                              <img decoding=\"async\" alt=\"altTextForImage\" src=\"https:\/\/images-na.ssl-images-amazon.com\/images\/G\/01\/x-locale\/common\/grey-pixel.gif\" class=\"a-spacing-mini a-lazy-loaded\" data-src=\"https:\/\/m.media-amazon.com\/images\/S\/aplus-media\/vc\/e1f4bbb9-a4d2-43b1-ab62-3491574a9f38.__CR0,0,350,175_PT0_SX350_V1___.jpg\"><img decoding=\"async\" alt=\"altTextForImage\" src=\"https:\/\/m.media-amazon.com\/images\/S\/aplus-media\/vc\/e1f4bbb9-a4d2-43b1-ab62-3491574a9f38.__CR0,0,350,175_PT0_SX350_V1___.jpg\">                                                                 <\/p>\n<p class=\"a-spacing-small a-size-small a-color-secondary\"> ASUS es una empresa multinacional establecida en Taiw\u00e1n desde 1989 que dise\u00f1a y fabrica hardware de inform\u00e1tica y electr\u00f3nica de consumo. Dedicada a crear soluciones que proporcionan una vida m\u00e1s inteligente. En ASUS somos unos verdaderos apasionados de la innovaci\u00f3n tecnol\u00f3gica. So\u00f1amos con crear una vida digital sencilla y completa para todos, por eso siempre andamos en busca de nuevas ideas que nos permitan ofrecer las experiencias m\u00e1s incre\u00edbles. <\/p>\n<h3 class=\"a-spacing-mini\"> ASUS Vivobook S 14 OLED <\/h3>\n<p>                                          Delgadez que impresiona.                                     <\/p>\n<p class=\"a-spacing-base\"> El ASUS Vivobook S 14 OLED Incorpora la potencia de un procesador Intel Core Ultra 5, excepcional, una tecla dedicada Copilot para una mayor exploraci\u00f3n de la IA, una construcci\u00f3n esbelta de 1,3 kg, una bater\u00eda de 16 horas de autonom\u00eda y una pantalla ASUS Lumina OLED 3K. Tambi\u00e9n incluye un teclado de dise\u00f1o ergon\u00f3mico con retroiluminaci\u00f3n RGB de colores electrizantes, un panel t\u00e1ctil de dimensiones generosas y una c\u00e1mara ASUS AiSense. <\/p>\n<p class=\"apm-text-center\">\n                                                      <img decoding=\"async\" alt=\"altTextForImage\" src=\"https:\/\/images-na.ssl-images-amazon.com\/images\/G\/01\/x-locale\/common\/grey-pixel.gif\" class=\"a-spacing-mini a-lazy-loaded\" data-src=\"https:\/\/m.media-amazon.com\/images\/S\/aplus-media\/vc\/07168526-06ce-4cff-82c9-34ab453ea48b.__CR0,0,1200,883_PT0_SX300_V1___.jpg\"><img decoding=\"async\" alt=\"altTextForImage\" src=\"https:\/\/m.media-amazon.com\/images\/S\/aplus-media\/vc\/07168526-06ce-4cff-82c9-34ab453ea48b.__CR0,0,1200,883_PT0_SX300_V1___.jpg\">  <\/p>\n<p>                                                    Sofisticado sin esfuerzo                                       <\/p>\n<p> Con un elegante grosor de 1,39 cm y un peso de apenas 1,3 kg, el ASUS Vivobook S 14 OLED encarna la verdadera portabilidad. Es incre\u00edblemente f\u00e1cil de transportar, tanto si est\u00e1s en constante movimiento como si cambias de espacio de trabajo. Disfruta de la libertad de trabajar y disfrutar del entretenimiento mientras te desplazas, sin la carga de un equipo engorroso, en un paquete con un estilo excepcional. <\/p>\n<p class=\"apm-text-center\">\n                                                      <img decoding=\"async\" alt=\"altTextForImage\" src=\"https:\/\/images-na.ssl-images-amazon.com\/images\/G\/01\/x-locale\/common\/grey-pixel.gif\" class=\"a-spacing-mini a-lazy-loaded\" data-src=\"https:\/\/m.media-amazon.com\/images\/S\/aplus-media\/vc\/22763302-2094-472c-a59e-629dadab5175.__CR0,0,1200,883_PT0_SX300_V1___.jpg\"><img decoding=\"async\" alt=\"altTextForImage\" src=\"https:\/\/m.media-amazon.com\/images\/S\/aplus-media\/vc\/22763302-2094-472c-a59e-629dadab5175.__CR0,0,1200,883_PT0_SX300_V1___.jpg\">  <\/p>\n<p>                                                    Rendimiento contundente                                       <\/p>\n<p> El ASUS Vivobook S 14 OLED no solo impacta visualmente, sino que tambi\u00e9n ofrece un rendimiento sin parang\u00f3n. Ya est\u00e9s editando fotos, creando presentaciones o transmitiendo v\u00eddeos, este port\u00e1til puede con todo. Al integrar ASUS Memory Allocation Management, garantizamos la optimizaci\u00f3n de los recursos de memoria y aumentamos as\u00ed el rendimiento en juegos, creaci\u00f3n y aplicaciones de IA. Adem\u00e1s, el ASUS Vivobook S 14 OLED incorpora una tecla Copilot dedicada. Un solo clic para posibilidades infinitas. <\/p>\n<p class=\"apm-text-center\">\n                                                      <img decoding=\"async\" alt=\"altTextForImage\" src=\"https:\/\/images-na.ssl-images-amazon.com\/images\/G\/01\/x-locale\/common\/grey-pixel.gif\" class=\"a-spacing-mini a-lazy-loaded\" data-src=\"https:\/\/m.media-amazon.com\/images\/S\/aplus-media\/vc\/f7a62f90-7dcc-4f06-ae89-3f81d461f844.__CR0,0,1200,883_PT0_SX300_V1___.jpg\"><img decoding=\"async\" alt=\"altTextForImage\" src=\"https:\/\/m.media-amazon.com\/images\/S\/aplus-media\/vc\/f7a62f90-7dcc-4f06-ae89-3f81d461f844.__CR0,0,1200,883_PT0_SX300_V1___.jpg\">  <\/p>\n<p>                                                    Eleva una potencia de gran eficiencia al siguiente nivel                                       <\/p>\n<p> Gracias a la velocidad del procesador Intel Core Ultra 5, el ASUS Vivobook S 14 OLED mejora cada tarea. En el modo de m\u00e1xima velocidad, puede elevar el rendimiento de la CPU hasta 50 W de TDP al aprovechar la tecnolog\u00eda Intel CPU para aumentar la velocidad de fotogramas en situaciones exigentes. \u00a1Se adapta a tu velocidad! <\/p>\n<p class=\"apm-text-center\">\n                                                      <img decoding=\"async\" alt=\"altTextForImage\" src=\"https:\/\/images-na.ssl-images-amazon.com\/images\/G\/01\/x-locale\/common\/grey-pixel.gif\" class=\"a-spacing-mini a-lazy-loaded\" data-src=\"https:\/\/m.media-amazon.com\/images\/S\/aplus-media\/vc\/83639af4-0f56-43dd-a7d0-cd5eeb66e479.__CR0,0,1200,983_PT0_SX300_V1___.jpg\"><img decoding=\"async\" alt=\"altTextForImage\" src=\"https:\/\/m.media-amazon.com\/images\/S\/aplus-media\/vc\/83639af4-0f56-43dd-a7d0-cd5eeb66e479.__CR0,0,1200,983_PT0_SX300_V1___.jpg\">  <\/p>\n<p>                                                    Una refrigeraci\u00f3n que te dejar\u00e1 helado                                       <\/p>\n<p> \u00bfTe preocupa que el port\u00e1til se sobrecaliente? Puedes contar con la certeza de que la tecnolog\u00eda t\u00e9rmica ASUS IceCool garantiza que el ASUS Vivobook S 14 OLED se mantiene fr\u00edo bajo presi\u00f3n, lo que le permite gestionar eficazmente incluso las tareas m\u00e1s exigentes sin ninguna ca\u00edda en el rendimiento. Adem\u00e1s, incluye con un filtro de polvo para los dos ventiladores, que evita que el chasis absorba el polvo y las fibras. <\/p>\n<p class=\"apm-text-center\">\n                                                      <img decoding=\"async\" alt=\"altTextForImage\" src=\"https:\/\/images-na.ssl-images-amazon.com\/images\/G\/01\/x-locale\/common\/grey-pixel.gif\" class=\"a-spacing-mini a-lazy-loaded\" data-src=\"https:\/\/m.media-amazon.com\/images\/S\/aplus-media\/vc\/62dec139-62c4-4efb-84ae-6eedfcde8417.__CR0,0,1200,983_PT0_SX300_V1___.jpg\"><img decoding=\"async\" alt=\"altTextForImage\" src=\"https:\/\/m.media-amazon.com\/images\/S\/aplus-media\/vc\/62dec139-62c4-4efb-84ae-6eedfcde8417.__CR0,0,1200,983_PT0_SX300_V1___.jpg\">  <\/p>\n<p>                                                    Gran bater\u00eda. Carga r\u00e1pida. No te preocupes.                                       <\/p>\n<p> Desp\u00eddete de la ansiedad por la bater\u00eda El ASUS Vivobook S 14 OLED cuenta con una generosa bater\u00eda de gran capacidad de 75 Wh, que proporciona energ\u00eda de larga duraci\u00f3n para todo el d\u00eda. Adem\u00e1s, su tecnolog\u00eda de carga r\u00e1pida permite recargarla a gran velocidad para que puedas volver r\u00e1pidamente al trabajo o al juego sin retrasos. <\/p>\n<p class=\"apm-text-center\">\n                                                      <img decoding=\"async\" alt=\"altTextForImage\" src=\"https:\/\/images-na.ssl-images-amazon.com\/images\/G\/01\/x-locale\/common\/grey-pixel.gif\" class=\"a-spacing-mini a-lazy-loaded\" data-src=\"https:\/\/m.media-amazon.com\/images\/S\/aplus-media\/vc\/9036602e-f24b-4484-b5f3-241c987704dd.__CR0,0,1200,983_PT0_SX300_V1___.jpg\"><img decoding=\"async\" alt=\"altTextForImage\" src=\"https:\/\/m.media-amazon.com\/images\/S\/aplus-media\/vc\/9036602e-f24b-4484-b5f3-241c987704dd.__CR0,0,1200,983_PT0_SX300_V1___.jpg\">  <\/p>\n<p>                                                    Tu espacio de trabajo acaba de crecer                                       <\/p>\n<p> El ASUS Vivobook S 14 OLED cuenta con un panel t\u00e1ctil ampliado para mejorar el flujo de trabajo y la navegaci\u00f3n sin esfuerzo, lo que garantiza interacciones precisas y fluidas tanto si trabajas en proyectos como si navegas por Internet o te relajas. <\/p>\n<p class=\"apm-text-center\">\n                                                      <img decoding=\"async\" alt=\"altTextForImage\" src=\"https:\/\/images-na.ssl-images-amazon.com\/images\/G\/01\/x-locale\/common\/grey-pixel.gif\" class=\"a-spacing-mini a-lazy-loaded\" data-src=\"https:\/\/m.media-amazon.com\/images\/S\/aplus-media\/vc\/409055cc-eb0a-4354-992f-4665250744f1.__CR0,0,1200,802_PT0_SX300_V1___.jpg\"><img decoding=\"async\" alt=\"altTextForImage\" src=\"https:\/\/m.media-amazon.com\/images\/S\/aplus-media\/vc\/409055cc-eb0a-4354-992f-4665250744f1.__CR0,0,1200,802_PT0_SX300_V1___.jpg\">  <\/p>\n<p>                                                    Im\u00e1genes realistas en una impresionante pantalla OLED                                       <\/p>\n<p> Experimenta im\u00e1genes como nunca antes con el ASUS Vivobook S 14 OLED. Su pantalla OLED 3K de 120 Hz de 14 pulgadas ofrece una experiencia de juego y entretenimiento excepcionalmente fluida y envolvente. <\/p>\n<p class=\"apm-text-center\">\n                                                      <img decoding=\"async\" alt=\"altTextForImage\" src=\"https:\/\/images-na.ssl-images-amazon.com\/images\/G\/01\/x-locale\/common\/grey-pixel.gif\" class=\"a-spacing-mini a-lazy-loaded\" data-src=\"https:\/\/m.media-amazon.com\/images\/S\/aplus-media\/vc\/9a778cd4-40f1-4c9e-a893-63b0c0bcec1f.__CR0,0,1200,802_PT0_SX300_V1___.jpg\"><img decoding=\"async\" alt=\"altTextForImage\" src=\"https:\/\/m.media-amazon.com\/images\/S\/aplus-media\/vc\/9a778cd4-40f1-4c9e-a893-63b0c0bcec1f.__CR0,0,1200,802_PT0_SX300_V1___.jpg\">  <\/p>\n<p>                                                    Conexiones m\u00e1s f\u00e1ciles y r\u00e1pidas                                       <\/p>\n<p> El ASUS Vivobook S 14 OLED tiene todos los puertos que necesitas para conectar tus dispositivos. Tanto si quieres conectar una pantalla externa, un rat\u00f3n, un teclado, un altavoz o unos auriculares, podr\u00e1s hacerlo sin esfuerzo. <\/p>\n<p class=\"apm-text-center\">\n                                                      <img decoding=\"async\" alt=\"altTextForImage\" src=\"https:\/\/images-na.ssl-images-amazon.com\/images\/G\/01\/x-locale\/common\/grey-pixel.gif\" class=\"a-spacing-mini a-lazy-loaded\" data-src=\"https:\/\/m.media-amazon.com\/images\/S\/aplus-media\/vc\/389f2cdc-0013-43af-809a-27599c05259a.__CR0,0,1200,802_PT0_SX300_V1___.jpg\"><img decoding=\"async\" alt=\"altTextForImage\" src=\"https:\/\/m.media-amazon.com\/images\/S\/aplus-media\/vc\/389f2cdc-0013-43af-809a-27599c05259a.__CR0,0,1200,802_PT0_SX300_V1___.jpg\">  <\/p>\n<p>                                                    \u00a1Como lo oyes!                                       <\/p>\n<p> El ASUS Vivobook S 14 OLED ofrece una calidad de sonido de primera calidad para tu m\u00fasica y tus v\u00eddeos. Tanto tu contenido de entretenimiento como los di\u00e1logos suenan con gran nitidez. <\/p>\n<p> Batteries                                            \u200f                                            :                                            \u200e                                            1 Lithium Ion batteries required. (included)   <br \/> Package Dimensions                                            \u200f                                            :                                            \u200e                                            42.79 x 27 x 6.4 cm; 1.3 kg   <br \/> Manufacturer                                            \u200f                                            :                                            \u200e                                            ASUS   <br \/> ASIN                                            \u200f                                            :                                            \u200e                                            B0DQ5FV37M   <br \/> Item model number                                            \u200f                                            :                                            \u200e                                            90NB15R2-M00EN0   <br \/> Country of origin                                            \u200f                                            :                                            \u200e                                            Spain   <br \/> Guaranteed software updates until                                            \u200f                                            :                                            \u200e                                            unknown   <br \/>  Customer reviews:                                                                                            4.1               4.1 out of 5 stars                                  (100)                                              var dpAcrHasRegisteredArcLinkClickAction;                    P.when(&#8216;A&#8217;, &#8216;ready&#8217;).execute(function(A) {                        if (dpAcrHasRegisteredArcLinkClickAction !== true) {                            dpAcrHasRegisteredArcLinkClickAction = true;                            A.declarative(                                &#8216;acrLink-click-metrics&#8217;, &#8216;click&#8217;,                                { \u00aballowLinkDefault\u00bb: true },                                function (event) {                                    if (window.ue) {                                        ue.count(\u00abacrLinkClickCount\u00bb, (ue.count(\u00abacrLinkClickCount\u00bb) || 0) + 1);                                    }                                }                            );                        }                    });                                             P.when(&#8216;A&#8217;, &#8216;cf&#8217;).execute(function(A) {                A.declarative(&#8216;acrStarsLink-click-metrics&#8217;, &#8216;click&#8217;, { \u00aballowLinkDefault\u00bb : true },  function(event){                    if(window.ue) {                        ue.count(\u00abacrStarsLinkWithPopoverClickCount\u00bb, (ue.count(\u00abacrStarsLinkWithPopoverClickCount\u00bb) || 0) + 1);                    }                });            });                          <\/p>\n<p>14&#8243; WQXGA+ display 2880 x 1800 pixels, 120Hz, OLED 400 nits<br \/>Intel Core Ultra 7 Processor 256V (8C\/OctaCore 4.8GHz, 12MB)<br \/>16GB LPDDR5x RAM Memory<br \/>1TB M.2 NVMe PCIe SSD Storage<br \/>Intel Arc Graphics 140V Integrated Graphics Card<br \/>Operating System: Windows 11 Home<\/p>\n\n","protected":false},"excerpt":{"rendered":"<p> From the manufacturer ASUS es una empresa multinacional establecida en Taiw\u00e1n desde 1989 que dise\u00f1a<\/p>","protected":false},"featured_media":37708,"comment_status":"open","ping_status":"closed","template":"","meta":[],"product_brand":[],"product_cat":[87],"product_tag":[1634,509,602,11283,850,557,367,555,983,698,11284,626,1611,562,518,159,550,556,884,554,858,587,11282,549,5273,513,222,548,552,553,551,1701,537,4036],"class_list":{"0":"post-37707","1":"product","2":"type-product","3":"status-publish","4":"has-post-thumbnail","6":"product_cat-ultrabook","7":"product_tag-120hz","8":"product_tag-16gb","9":"product_tag-1tb","10":"product_tag-256v","11":"product_tag-asus","12":"product_tag-best-ultrabook","13":"product_tag-blue","14":"product_tag-business-ultrabook","15":"product_tag-copilot","16":"product_tag-core","17":"product_tag-haze","18":"product_tag-home","19":"product_tag-inches","20":"product_tag-intel","21":"product_tag-keyboard","22":"product_tag-laptop","23":"product_tag-lightweight-ultrabook","24":"product_tag-long-battery-ultrabook","25":"product_tag-oled","26":"product_tag-premium-ultrabook","27":"product_tag-qwerty","28":"product_tag-ram","29":"product_tag-s5406sapp223w","30":"product_tag-slim-ultrabook","31":"product_tag-spanish","32":"product_tag-ssd","33":"product_tag-ultra","34":"product_tag-ultrabook","35":"product_tag-ultrabook-14-inch","36":"product_tag-ultrabook-i7","37":"product_tag-ultrabook-with-ssd","38":"product_tag-vivobook","39":"product_tag-windows","40":"product_tag-wqxga","42":"first","43":"instock","44":"shipping-taxable","45":"product-type-external"},"_links":{"self":[{"href":"https:\/\/comprasyconsejos.store\/en\/wp-json\/wp\/v2\/product\/37707","targetHints":{"allow":["GET"]}}],"collection":[{"href":"https:\/\/comprasyconsejos.store\/en\/wp-json\/wp\/v2\/product"}],"about":[{"href":"https:\/\/comprasyconsejos.store\/en\/wp-json\/wp\/v2\/types\/product"}],"replies":[{"embeddable":true,"href":"https:\/\/comprasyconsejos.store\/en\/wp-json\/wp\/v2\/comments?post=37707"}],"version-history":[{"count":0,"href":"https:\/\/comprasyconsejos.store\/en\/wp-json\/wp\/v2\/product\/37707\/revisions"}],"wp:featuredmedia":[{"embeddable":true,"href":"https:\/\/comprasyconsejos.store\/en\/wp-json\/wp\/v2\/media\/37708"}],"wp:attachment":[{"href":"https:\/\/comprasyconsejos.store\/en\/wp-json\/wp\/v2\/media?parent=37707"}],"wp:term":[{"taxonomy":"product_brand","embeddable":true,"href":"https:\/\/comprasyconsejos.store\/en\/wp-json\/wp\/v2\/product_brand?post=37707"},{"taxonomy":"product_cat","embeddable":true,"href":"https:\/\/comprasyconsejos.store\/en\/wp-json\/wp\/v2\/product_cat?post=37707"},{"taxonomy":"product_tag","embeddable":true,"href":"https:\/\/comprasyconsejos.store\/en\/wp-json\/wp\/v2\/product_tag?post=37707"}],"curies":[{"name":"wp","href":"https:\/\/api.w.org\/{rel}","templated":true}]}}