{"id":37725,"date":"2026-03-05T13:46:32","date_gmt":"2026-03-05T13:46:32","guid":{"rendered":"https:\/\/comprasyconsejos.store\/product\/case-for-dji-mini-4k-mini-2-se-mini-2-drone-and-accessories-waterproof-and-anti-shock-hard-bag-with-strap-grey-case-only\/"},"modified":"2026-03-05T13:46:37","modified_gmt":"2026-03-05T13:46:37","slug":"case-for-dji-mini-4k-mini-2-se-mini-2-drone-and-accessories-waterproof-and-anti-shock-hard-bag-with-strap-grey-case-only","status":"publish","type":"product","link":"https:\/\/comprasyconsejos.store\/en\/product\/case-for-dji-mini-4k-mini-2-se-mini-2-drone-and-accessories-waterproof-and-anti-shock-hard-bag-with-strap-grey-case-only\/","title":{"rendered":"Case for DJI Mini 4K \/ Mini 2 SE\/Mini 2 Drone and Accessories &#8211; Waterproof and Anti-Shock Hard Bag with Strap &#8211; Grey (Case Only)"},"content":{"rendered":"<p>Price: <span style=\"color:#b12704\">\u20ac19.99<\/span><br \/><i><small>(as of Mar 05, 2026 13:46:32 UTC &#8211; <span class=\"wp_automatic_amazon_disclaimer\" title=\"Product prices and availability are accurate as of the date\/time indicated and are subject to change. Any price and availability information displayed on [relevant Amazon Site(s), as applicable] at the time of purchase will apply to the purchase of this product.\">Details<\/span>)<\/small><\/i><\/p>\n<p><a href=\"https:\/\/amazon.es\/dp\/B0F9PHW227?tag=man008-21\"><img decoding=\"async\" src=\"https:\/\/valvepress.s3.amazonaws.com\/imgs\/buy_now.png\"><\/a><br \/>\n<\/p>\n<p>                                             Product Description   <\/p>\n<p>                                                                             <img decoding=\"async\" alt=\"Der Text lautet \u201eSENLINEIN STOSSFESTE AUFBEWAHRUNGSTASCHE Mini 2M Mini 2 | Mini 2 SE\u201c. Zeigt eine Person, die die Drohnensteuerung bedient, mit einer kleinen Drohne, die im Hintergrund fliegt.\" src=\"https:\/\/images-na.ssl-images-amazon.com\/images\/G\/01\/x-locale\/common\/grey-pixel.gif\" class=\"a-spacing-base a-lazy-loaded\" data-src=\"https:\/\/m.media-amazon.com\/images\/S\/aplus-media-library-service-media\/b7530ac0-892b-4c58-a03a-a8fa4e064559.__CR0,0,970,600_PT0_SX970_V1___.jpg\"><img decoding=\"async\" alt=\"Der Text lautet \u201eSENLINEIN STOSSFESTE AUFBEWAHRUNGSTASCHE Mini 2M Mini 2 | Mini 2 SE\u201c. Zeigt eine Person, die die Drohnensteuerung bedient, mit einer kleinen Drohne, die im Hintergrund fliegt.\" src=\"https:\/\/m.media-amazon.com\/images\/S\/aplus-media-library-service-media\/b7530ac0-892b-4c58-a03a-a8fa4e064559.__CR0,0,970,600_PT0_SX970_V1___.jpg\">                                                                    <\/p>\n<p>                                                                             <img decoding=\"async\" alt=\"Text lautet: \u201eProfessionelle sto\u00dffeste Aufbewahrungstasche\u201c. Detaillierte Produktpr\u00e4sentation einer grauen Schutzh\u00fclle mit F\u00e4chern, Riemen und Zubeh\u00f6r.\" src=\"https:\/\/images-na.ssl-images-amazon.com\/images\/G\/01\/x-locale\/common\/grey-pixel.gif\" class=\"a-spacing-base a-lazy-loaded\" data-src=\"https:\/\/m.media-amazon.com\/images\/S\/aplus-media-library-service-media\/81c334da-723c-43e5-8bc9-dc6861ceff58.__CR0,0,970,600_PT0_SX970_V1___.jpg\"><img decoding=\"async\" alt=\"Text lautet: \u201eProfessionelle sto\u00dffeste Aufbewahrungstasche\u201c. Detaillierte Produktpr\u00e4sentation einer grauen Schutzh\u00fclle mit F\u00e4chern, Riemen und Zubeh\u00f6r.\" src=\"https:\/\/m.media-amazon.com\/images\/S\/aplus-media-library-service-media\/81c334da-723c-43e5-8bc9-dc6861ceff58.__CR0,0,970,600_PT0_SX970_V1___.jpg\">                                                                    <\/p>\n<p>                                                  <img decoding=\"async\" alt=\"aplus content image\" src=\"https:\/\/images-na.ssl-images-amazon.com\/images\/G\/01\/x-locale\/common\/grey-pixel.gif\" class=\"a-lazy-loaded\" data-src=\"https:\/\/m.media-amazon.com\/images\/S\/aplus-media-library-service-media\/4b310bc5-5c15-48ef-8edb-12221fccbad9.__CR0,0,600,600_PT0_SX300_V1___.jpg\"><img decoding=\"async\" alt=\"aplus content image\" src=\"https:\/\/m.media-amazon.com\/images\/S\/aplus-media-library-service-media\/4b310bc5-5c15-48ef-8edb-12221fccbad9.__CR0,0,600,600_PT0_SX300_V1___.jpg\">  <\/p>\n<h3 class=\"a-spacing-mini\"> Technische Daten <\/h3>\n<\/p>\n<p>Farbe: GrauAbmessungen: 25,8 \u00d7 19,6 \u00d7 9,8 cmGewicht: 464 gMaterial Au\u00dfenseite: PU + EVAMaterial Innenseite: Lycra + EVAKompatible Modelle: Mini 4K, Mini 2 SE, Mini 2     <\/p>\n<p>                                                                             <img decoding=\"async\" alt=\"Der Text lautet: \u201eWarum sollten Sie unsere Aufbewahrungstaschen w\u00e4hlen?\u201c Mehrere Aufbewahrungsbeh\u00e4lter aus grauem Stoff sind mit den Etiketten \u201eIntegrated Design\u201c und \u201ePremium Fabric\u201c abgebildet.\" src=\"https:\/\/images-na.ssl-images-amazon.com\/images\/G\/01\/x-locale\/common\/grey-pixel.gif\" class=\"a-spacing-base a-lazy-loaded\" data-src=\"https:\/\/m.media-amazon.com\/images\/S\/aplus-media-library-service-media\/7351cee9-0d78-4d3d-b121-70ffab10a51b.__CR0,0,970,600_PT0_SX970_V1___.jpg\"><img decoding=\"async\" alt=\"Der Text lautet: \u201eWarum sollten Sie unsere Aufbewahrungstaschen w\u00e4hlen?\u201c Mehrere Aufbewahrungsbeh\u00e4lter aus grauem Stoff sind mit den Etiketten \u201eIntegrated Design\u201c und \u201ePremium Fabric\u201c abgebildet.\" src=\"https:\/\/m.media-amazon.com\/images\/S\/aplus-media-library-service-media\/7351cee9-0d78-4d3d-b121-70ffab10a51b.__CR0,0,970,600_PT0_SX970_V1___.jpg\">                                         <\/p>\n<h3 class=\"a-spacing-mini\"> Warum sollten Sie sich f\u00fcr unsere Aufbewahrungstasche entscheiden? <\/h3>\n<p class=\"a-spacing-base\">\n<p>Integriertes Design: Erlaubt eine schnelle und einfache Aufbewahrung f\u00fcr DJI Mini 4K\/Mini 2\/Mini 2 SE Drohne, des RC-N1C Controllers, zwei Ersatzakkus und des Zubeh\u00f6rs, wobei die Sicherheit der Gegenst\u00e4nde gew\u00e4hrleistet wird.Hochwertige Materialien: Das PU+EVA-Au\u00dfenmaterial verleiht der Aufbewahrungstasche wasserdichte und kratzfeste Eigenschaften, w\u00e4hrend das Lycra- und EVA-Innenfutter einen sto\u00dfd\u00e4mpfenden Schutz bietet und Ihre Drohnenausr\u00fcstung rundum sch\u00fctzt.     <\/p>\n<p>                                                                             <img decoding=\"async\" alt=\"aplus content image\" src=\"https:\/\/images-na.ssl-images-amazon.com\/images\/G\/01\/x-locale\/common\/grey-pixel.gif\" class=\"a-spacing-base a-lazy-loaded\" data-src=\"https:\/\/m.media-amazon.com\/images\/S\/aplus-media-library-service-media\/8da2febd-3ca3-4479-b163-5358f65d88ef.__CR0,0,970,600_PT0_SX970_V1___.jpg\"><img decoding=\"async\" alt=\"aplus content image\" src=\"https:\/\/m.media-amazon.com\/images\/S\/aplus-media-library-service-media\/8da2febd-3ca3-4479-b163-5358f65d88ef.__CR0,0,970,600_PT0_SX970_V1___.jpg\">                                                                       <\/p>\n<p>                                                                             <img decoding=\"async\" alt=\"Der Text lautet: \u201eUnsere tragbare Tasche ist mit einem Schultergurt ausgestattet, sodass Sie sie \u00fcber der Schulter oder in der Hand tragen k\u00f6nnen \u2014 perfekt, um die besonderen Momente des Lebens jederzeit und \u00fcberall festzuhalten.\u201c Sequenz zur Produktdemonstration gegen eine Mauer.\" src=\"https:\/\/images-na.ssl-images-amazon.com\/images\/G\/01\/x-locale\/common\/grey-pixel.gif\" class=\"a-spacing-base a-lazy-loaded\" data-src=\"https:\/\/m.media-amazon.com\/images\/S\/aplus-media-library-service-media\/dec107aa-ac31-4568-a0c9-80d2764a8a96.__CR0,0,970,600_PT0_SX970_V1___.jpg\"><img decoding=\"async\" alt=\"Der Text lautet: \u201eUnsere tragbare Tasche ist mit einem Schultergurt ausgestattet, sodass Sie sie \u00fcber der Schulter oder in der Hand tragen k\u00f6nnen \u2014 perfekt, um die besonderen Momente des Lebens jederzeit und \u00fcberall festzuhalten.\u201c Sequenz zur Produktdemonstration gegen eine Mauer.\" src=\"https:\/\/m.media-amazon.com\/images\/S\/aplus-media-library-service-media\/dec107aa-ac31-4568-a0c9-80d2764a8a96.__CR0,0,970,600_PT0_SX970_V1___.jpg\">                                                                     <\/p>\n<p class=\"a-spacing-base\"> Unsere Tragetasche verf\u00fcgt \u00fcber einen Schultergurt, mit dem Sie sie bequem \u00fcber der Schulter oder in der Hand tragen k\u00f6nnen \u2013 ideal, um besondere Momente im Leben jederzeit und \u00fcberall festzuhalten. <\/p>\n<p> Product Dimensions                                            \u200f                                            :                                            \u200e                                            25.8 x 20 x 9.8 cm; 460 g   <br \/> Date First Available                                            \u200f                                            :                                            \u200e                                            8 Jun. 2025   <br \/> Manufacturer                                            \u200f                                            :                                            \u200e                                            SENLINLIN   <br \/> ASIN                                            \u200f                                            :                                            \u200e                                            B0F9PHW227   <br \/> Item model number                                            \u200f                                            :                                            \u200e                                            SLL-21-Aufbewahrungstasche   <br \/>       Best Sellers Rank:  20,658 in Toys &#038; Games (See Top 100 in Toys &#038; Games)    105 in Remote &#038; App-Controlled Drones      <br \/>  Customer reviews:                                                                                            4.8               4.8 out of 5 stars                                  (19)                                              var dpAcrHasRegisteredArcLinkClickAction;                    P.when(&#8216;A&#8217;, &#8216;ready&#8217;).execute(function(A) {                        if (dpAcrHasRegisteredArcLinkClickAction !== true) {                            dpAcrHasRegisteredArcLinkClickAction = true;                            A.declarative(                                &#8216;acrLink-click-metrics&#8217;, &#8216;click&#8217;,                                { \u00aballowLinkDefault\u00bb: true },                                function (event) {                                    if (window.ue) {                                        ue.count(\u00abacrLinkClickCount\u00bb, (ue.count(\u00abacrLinkClickCount\u00bb) || 0) + 1);                                    }                                }                            );                        }                    });                                             P.when(&#8216;A&#8217;, &#8216;cf&#8217;).execute(function(A) {                A.declarative(&#8216;acrStarsLink-click-metrics&#8217;, &#8216;click&#8217;, { \u00aballowLinkDefault\u00bb : true },  function(event){                    if(window.ue) {                        ue.count(\u00abacrStarsLinkWithPopoverClickCount\u00bb, (ue.count(\u00abacrStarsLinkWithPopoverClickCount\u00bb) || 0) + 1);                    }                });            });                          <\/p>\n<p>\u3010Precise Compatibility\u3011This SENLINLIN hard case has been designed to perfectly fit drones compatible with DJI Mini 4K, Mini 2 SE and Mini 2, offering secure protection at all times. (Not compatible with DJI Mavic Mini)<br \/>\u3010Package Contents\u3011Includes compact pencil case (26 x 19.5 x 10 cm) and adjustable shoulder strap. Weight: 464g (Note: Drone and extra accessories are not included)<br \/>\u3010Smart Design\u3011Interior with molded compartments for the drone, the RC-N1C controller and two batteries, plus a net pocket for propellers, chargers and cables. Everything organized and instantly accessible.<br \/>\u3010Premium and durable material\u3011PU and EVA exterior, resistant to water, dust and scratches. Lycra + EVA interior absorbs impacts and protects against shocks, ideal for transporting your drone safely.<br \/>\u3010Portable &#038; Comfortable\u3011Smooth metal zipper, reinforced non-slip handle and durable nylon shoulder strap: perfect for travel, daily use or outdoor outings with your DJI Mini.<\/p>\n\n","protected":false},"excerpt":{"rendered":"<p> Product Description Technische Daten Farbe: GrauAbmessungen: 25,8 \u00d7 19,6 \u00d7 9,8 cmGewicht: 464 gMaterial Au\u00dfenseite:<\/p>","protected":false},"featured_media":37726,"comment_status":"open","ping_status":"closed","template":"","meta":[],"product_brand":[],"product_cat":[98],"product_tag":[2681,5069,4236,2845,994,2358,2854,2852,2855,2853,2842,2844,2848,2846,2850,2838,2849,2839,2840,204,794,2843,215,2851,2841,2847,4438,2744,1078],"class_list":{"0":"post-37725","1":"product","2":"type-product","3":"status-publish","4":"has-post-thumbnail","6":"product_cat-drones","7":"product_tag-accessories","8":"product_tag-antishock","9":"product_tag-bag","10":"product_tag-beginner-drone","11":"product_tag-case","12":"product_tag-dji","13":"product_tag-dji-drone","14":"product_tag-dji-mavic","15":"product_tag-dji-mini-2","16":"product_tag-drone","17":"product_tag-drone-accessories","18":"product_tag-drone-battery","19":"product_tag-drone-gimbal","20":"product_tag-drone-propellers","21":"product_tag-drone-spare-parts","22":"product_tag-drone-with-camera","23":"product_tag-drones-under-200","24":"product_tag-foldable-drone","25":"product_tag-fpv-drone","26":"product_tag-grey","27":"product_tag-hard","28":"product_tag-hd-drone","29":"product_tag-mini","30":"product_tag-mini-drone","31":"product_tag-quadcopter","32":"product_tag-remote-control-drone","33":"product_tag-semini","34":"product_tag-strap","35":"product_tag-waterproof","37":"first","38":"instock","39":"shipping-taxable","40":"product-type-external"},"_links":{"self":[{"href":"https:\/\/comprasyconsejos.store\/en\/wp-json\/wp\/v2\/product\/37725","targetHints":{"allow":["GET"]}}],"collection":[{"href":"https:\/\/comprasyconsejos.store\/en\/wp-json\/wp\/v2\/product"}],"about":[{"href":"https:\/\/comprasyconsejos.store\/en\/wp-json\/wp\/v2\/types\/product"}],"replies":[{"embeddable":true,"href":"https:\/\/comprasyconsejos.store\/en\/wp-json\/wp\/v2\/comments?post=37725"}],"version-history":[{"count":0,"href":"https:\/\/comprasyconsejos.store\/en\/wp-json\/wp\/v2\/product\/37725\/revisions"}],"wp:featuredmedia":[{"embeddable":true,"href":"https:\/\/comprasyconsejos.store\/en\/wp-json\/wp\/v2\/media\/37726"}],"wp:attachment":[{"href":"https:\/\/comprasyconsejos.store\/en\/wp-json\/wp\/v2\/media?parent=37725"}],"wp:term":[{"taxonomy":"product_brand","embeddable":true,"href":"https:\/\/comprasyconsejos.store\/en\/wp-json\/wp\/v2\/product_brand?post=37725"},{"taxonomy":"product_cat","embeddable":true,"href":"https:\/\/comprasyconsejos.store\/en\/wp-json\/wp\/v2\/product_cat?post=37725"},{"taxonomy":"product_tag","embeddable":true,"href":"https:\/\/comprasyconsejos.store\/en\/wp-json\/wp\/v2\/product_tag?post=37725"}],"curies":[{"name":"wp","href":"https:\/\/api.w.org\/{rel}","templated":true}]}}