{"id":37731,"date":"2026-03-05T14:17:36","date_gmt":"2026-03-05T14:17:36","guid":{"rendered":"https:\/\/comprasyconsejos.store\/product\/cudy-new-lt300-4g-sim-lte-wifi-router-300mbps-router-with-sim-card-compatible-with-all-carriers-2x2-mimo-no-configuration-needed-openvpn-wireguard\/"},"modified":"2026-03-05T14:17:38","modified_gmt":"2026-03-05T14:17:38","slug":"cudy-new-lt300-4g-sim-lte-wifi-router-300mbps-router-with-sim-card-compatible-with-all-carriers-2x2-mimo-no-configuration-needed-openvpn-wireguard","status":"publish","type":"product","link":"https:\/\/comprasyconsejos.store\/en\/product\/cudy-new-lt300-4g-sim-lte-wifi-router-300mbps-router-with-sim-card-compatible-with-all-carriers-2x2-mimo-no-configuration-needed-openvpn-wireguard\/","title":{"rendered":"Cudy New LT300 4G SIM LTE WiFi Router 300Mbps, Router with SIM Card, Compatible with All Carriers, 2\u00d72 MIMO, No Configuration Needed, OpenVPN, WireGuard"},"content":{"rendered":"<p>Price: <span style=\"color:#b12704\"><del>\u20ac59.90<\/del> - \u20ac39.90<\/span><br \/><i><small>(as of Mar 05, 2026 14:17:36 UTC &#8211; <span class=\"wp_automatic_amazon_disclaimer\" title=\"Product prices and availability are accurate as of the date\/time indicated and are subject to change. Any price and availability information displayed on [relevant Amazon Site(s), as applicable] at the time of purchase will apply to the purchase of this product.\">Details<\/span>)<\/small><\/i><\/p>\n<p><a href=\"https:\/\/amazon.es\/dp\/B0DD3WC9MB?tag=man008-21\"><img decoding=\"async\" src=\"https:\/\/valvepress.s3.amazonaws.com\/imgs\/buy_now.png\"><\/a><br \/>\n<\/p>\n<p>                                             From the brand   <\/p>\n<p>                                              <img decoding=\"async\" alt=\"1\" src=\"https:\/\/images-na.ssl-images-amazon.com\/images\/G\/01\/x-locale\/common\/grey-pixel.gif\" class=\"a-lazy-loaded\" data-src=\"https:\/\/m.media-amazon.com\/images\/S\/aplus-media-library-service-media\/520a7b0b-1102-40fb-b55c-0bcbe95be90b.__CR0,0,1464,625_PT0_SX1464_V1___.jpg\"><img decoding=\"async\" alt=\"1\" src=\"https:\/\/m.media-amazon.com\/images\/S\/aplus-media-library-service-media\/520a7b0b-1102-40fb-b55c-0bcbe95be90b.__CR0,0,1464,625_PT0_SX1464_V1___.jpg\">  <\/p>\n<p>                                              <img decoding=\"async\" alt=\"\" src=\"https:\/\/images-na.ssl-images-amazon.com\/images\/G\/01\/x-locale\/common\/grey-pixel.gif\" class=\"a-lazy-loaded\" data-src=\"https:\/\/m.media-amazon.com\/images\/S\/aplus-media-library-service-media\/4cb9ed8a-8d8e-4854-9bcb-82bf51fed1fd.__CR0,0,315,145_PT0_SX315_V1___.jpg\"><img decoding=\"async\" alt=\"\" src=\"https:\/\/m.media-amazon.com\/images\/S\/aplus-media-library-service-media\/4cb9ed8a-8d8e-4854-9bcb-82bf51fed1fd.__CR0,0,315,145_PT0_SX315_V1___.jpg\">  <\/p>\n<p> Cree cada d\u00eda algo \u00fanico <\/p>\n<p> Cudy suministra routers Wi-Fi, routers 4G\/5G, gateways, switches, dispositivos PoE y equipos de fibra a m\u00e1s de 80 pa\u00edses de todo el mundo. <\/p>\n<p> Cudy se compromete a ofrecer tecnolog\u00eda de comunicaci\u00f3n de alto rendimiento y f\u00e1cil uso que mejore la vida cotidiana con prop\u00f3sito y facilidad. <\/p>\n<h3> Routers Wi-Fi 7 <\/h3>\n<h3> Routers 4G\/5G <\/h3>\n<h3> AP\/4G exterior <\/h3>\n<h3> Puertos de 2,5 Gbps <\/h3>\n<p>                                              <img decoding=\"async\" alt=\"Maqueta de interfaz de la aplicaci\u00f3n Cudy que muestra varias pantallas de tel\u00e9fonos inteligentes con dise\u00f1os de men\u00fa y texto en espa\u00f1ol sobre configuraci\u00f3n y administraci\u00f3n\" src=\"https:\/\/images-na.ssl-images-amazon.com\/images\/G\/01\/x-locale\/common\/grey-pixel.gif\" class=\"a-lazy-loaded\" data-src=\"https:\/\/m.media-amazon.com\/images\/S\/aplus-media-library-service-media\/5a6d0a6d-7da6-421b-96b1-b836689b6f12.__CR0,0,362,453_PT0_SX362_V1___.jpg\"><img decoding=\"async\" alt=\"Maqueta de interfaz de la aplicaci\u00f3n Cudy que muestra varias pantallas de tel\u00e9fonos inteligentes con dise\u00f1os de men\u00fa y texto en espa\u00f1ol sobre configuraci\u00f3n y administraci\u00f3n\" src=\"https:\/\/m.media-amazon.com\/images\/S\/aplus-media-library-service-media\/5a6d0a6d-7da6-421b-96b1-b836689b6f12.__CR0,0,362,453_PT0_SX362_V1___.jpg\">  <\/p>\n<p>                                              <img decoding=\"async\" alt=\"Diagrama 3D del sistema WiFi Cudy Mesh que muestra la cobertura de la red inal\u00e1mbrica en toda la casa, con texto en espa\u00f1ol que explica la compatibilidad del dispositivo\" src=\"https:\/\/images-na.ssl-images-amazon.com\/images\/G\/01\/x-locale\/common\/grey-pixel.gif\" class=\"a-lazy-loaded\" data-src=\"https:\/\/m.media-amazon.com\/images\/S\/aplus-media-library-service-media\/e7136e15-6fb5-4a34-9f71-66df8a644185.__CR0,0,362,453_PT0_SX362_V1___.jpg\"><img decoding=\"async\" alt=\"Diagrama 3D del sistema WiFi Cudy Mesh que muestra la cobertura de la red inal\u00e1mbrica en toda la casa, con texto en espa\u00f1ol que explica la compatibilidad del dispositivo\" src=\"https:\/\/m.media-amazon.com\/images\/S\/aplus-media-library-service-media\/e7136e15-6fb5-4a34-9f71-66df8a644185.__CR0,0,362,453_PT0_SX362_V1___.jpg\">  <\/p>\n<p>                                              <img decoding=\"async\" alt=\", incluidos WireGuard y OpenVPN. Iconos para varios protocolos de VPN: IKEv2, L2TP, PPTP. Escriba el texto \u00abVPN segura\" src=\"https:\/\/images-na.ssl-images-amazon.com\/images\/G\/01\/x-locale\/common\/grey-pixel.gif\" class=\"a-lazy-loaded\" data-src=\"https:\/\/m.media-amazon.com\/images\/S\/aplus-media-library-service-media\/6638f843-beac-416e-b2dc-2aa0b705fe6a.__CR0,0,362,453_PT0_SX362_V1___.jpg\"><img decoding=\"async\" alt=\", incluidos WireGuard y OpenVPN. Iconos para varios protocolos de VPN: IKEv2, L2TP, PPTP. Escriba el texto \u00abVPN segura\" src=\"https:\/\/m.media-amazon.com\/images\/S\/aplus-media-library-service-media\/6638f843-beac-416e-b2dc-2aa0b705fe6a.__CR0,0,362,453_PT0_SX362_V1___.jpg\">  <\/p>\n<p>                                                         \u00bfEs f\u00e1cil configurar un router Cudy?                                       <\/p>\n<p> Los productos Cudy son f\u00e1ciles de configurar. Los v\u00eddeos oficiales de Cudy te gu\u00edan paso a paso durante la configuraci\u00f3n, y la mayor\u00eda de los dispositivos dom\u00e9sticos de Cudy son compatibles con la app de Cudy <\/p>\n<p>                                                         \u00bfPor qu\u00e9 necesito una conexi\u00f3n Wi-Fi m\u00e1s r\u00e1pida que mi banda ancha?                                       <\/p>\n<p> La velocidad Wi-Fi no s\u00f3lo afecta a la velocidad de transmisi\u00f3n de los datos, sino tambi\u00e9n a su alcance. Un router de mayor velocidad permite una mayor degradaci\u00f3n antes de la desconexi\u00f3n a medida que te alejas del router. <\/p>\n<p> Product Dimensions                                            \u200f                                            :                                            \u200e                                            11.8 x 8 x 2.75 cm; 126 g   <br \/> Manufacturer                                            \u200f                                            :                                            \u200e                                            Shenzhen Cudy Technology Co., Ltd.   <br \/> ASIN                                            \u200f                                            :                                            \u200e                                            B0DD3WC9MB   <br \/> Item model number                                            \u200f                                            :                                            \u200e                                            LT300   <br \/> Country of origin                                            \u200f                                            :                                            \u200e                                            China   <br \/> Guaranteed software updates until                                            \u200f                                            :                                            \u200e                                            unknown   <br \/>  Customer reviews:                                                                                            4.2               4.2 out of 5 stars                                  (840)                                              var dpAcrHasRegisteredArcLinkClickAction;                    P.when(&#8216;A&#8217;, &#8216;ready&#8217;).execute(function(A) {                        if (dpAcrHasRegisteredArcLinkClickAction !== true) {                            dpAcrHasRegisteredArcLinkClickAction = true;                            A.declarative(                                &#8216;acrLink-click-metrics&#8217;, &#8216;click&#8217;,                                { \u00aballowLinkDefault\u00bb: true },                                function (event) {                                    if (window.ue) {                                        ue.count(\u00abacrLinkClickCount\u00bb, (ue.count(\u00abacrLinkClickCount\u00bb) || 0) + 1);                                    }                                }                            );                        }                    });                                             P.when(&#8216;A&#8217;, &#8216;cf&#8217;).execute(function(A) {                A.declarative(&#8216;acrStarsLink-click-metrics&#8217;, &#8216;click&#8217;, { \u00aballowLinkDefault\u00bb : true },  function(event){                    if(window.ue) {                        ue.count(\u00abacrStarsLinkWithPopoverClickCount\u00bb, (ue.count(\u00abacrStarsLinkWithPopoverClickCount\u00bb) || 0) + 1);                    }                });            });                          <\/p>\n<p>LT300 4G SIM Router with 1 Nano SIM slot and 2 Ethernet ports, providing flexible and easy to install networks for home, office, surveillance, exhibitions and RV environments.<br \/>Router with SIM Card LT300 has multiple VPN clients: Wireguard\/OpenVPN\/PPTP\/L2TP, which makes your data transport safer than before.<br \/>Compatible with almost all European carriers, no need for additional setup, simple and convenient.<br \/>Better Signal: Enjoy stable and efficient connections for any device thanks to its 2 high gain antennas anywhere.<br \/>Wi-Fi Router Mode: Connect an Ethernet cable to the WAN port to get flexible access as a backup option if you can&#8217;t get a 4G connection.<\/p>\n\n","protected":false},"excerpt":{"rendered":"<p> From the brand Cree cada d\u00eda algo \u00fanico Cudy suministra routers Wi-Fi, routers 4G\/5G, gateways,<\/p>","protected":false},"featured_media":37732,"comment_status":"open","ping_status":"closed","template":"","meta":[],"product_brand":[],"product_cat":[72],"product_tag":[4508,1420,8798,201,7605,5502,2110,2116,2114,11293,1043,11294,2118,3541,3945,2112,2088,2827,2108,543,2104,2120,2102,3946,2106],"class_list":{"0":"post-37731","1":"product","2":"type-product","3":"status-publish","4":"has-post-thumbnail","6":"product_cat-wifi-sticks","7":"product_tag-300mbps","8":"product_tag-card","9":"product_tag-carriers","10":"product_tag-compatible","11":"product_tag-configuration","12":"product_tag-cudy","13":"product_tag-dual-band-wifi-adapter","14":"product_tag-high-speed-wifi-usb","15":"product_tag-laptop-wifi-adapter","16":"product_tag-lt300","17":"product_tag-lte","18":"product_tag-mimo","19":"product_tag-mini-wifi-adapter","20":"product_tag-needed","21":"product_tag-openvpn","22":"product_tag-pc-wifi-adapter","23":"product_tag-router","24":"product_tag-sim","25":"product_tag-usb-wifi-dongle","26":"product_tag-wifi","27":"product_tag-wifi-stick","28":"product_tag-wifi-stick-price","29":"product_tag-wifi-usb-adapter","30":"product_tag-wireguard","31":"product_tag-wireless-usb-adapter","33":"first","34":"instock","35":"sale","36":"shipping-taxable","37":"product-type-external"},"_links":{"self":[{"href":"https:\/\/comprasyconsejos.store\/en\/wp-json\/wp\/v2\/product\/37731","targetHints":{"allow":["GET"]}}],"collection":[{"href":"https:\/\/comprasyconsejos.store\/en\/wp-json\/wp\/v2\/product"}],"about":[{"href":"https:\/\/comprasyconsejos.store\/en\/wp-json\/wp\/v2\/types\/product"}],"replies":[{"embeddable":true,"href":"https:\/\/comprasyconsejos.store\/en\/wp-json\/wp\/v2\/comments?post=37731"}],"version-history":[{"count":0,"href":"https:\/\/comprasyconsejos.store\/en\/wp-json\/wp\/v2\/product\/37731\/revisions"}],"wp:featuredmedia":[{"embeddable":true,"href":"https:\/\/comprasyconsejos.store\/en\/wp-json\/wp\/v2\/media\/37732"}],"wp:attachment":[{"href":"https:\/\/comprasyconsejos.store\/en\/wp-json\/wp\/v2\/media?parent=37731"}],"wp:term":[{"taxonomy":"product_brand","embeddable":true,"href":"https:\/\/comprasyconsejos.store\/en\/wp-json\/wp\/v2\/product_brand?post=37731"},{"taxonomy":"product_cat","embeddable":true,"href":"https:\/\/comprasyconsejos.store\/en\/wp-json\/wp\/v2\/product_cat?post=37731"},{"taxonomy":"product_tag","embeddable":true,"href":"https:\/\/comprasyconsejos.store\/en\/wp-json\/wp\/v2\/product_tag?post=37731"}],"curies":[{"name":"wp","href":"https:\/\/api.w.org\/{rel}","templated":true}]}}