{"id":37734,"date":"2026-03-05T14:30:27","date_gmt":"2026-03-05T14:30:27","guid":{"rendered":"https:\/\/comprasyconsejos.store\/product\/d-link-m32-2-eagle-pro-ai-ax3200-pack-2-wi-fi-6-extenders-3200-mbps-smart-mesh-traffic-optimizer-gigabit-ports-router-or-extender-modes-wpa3-alexa-google-voice-control-white\/"},"modified":"2026-03-05T14:30:34","modified_gmt":"2026-03-05T14:30:34","slug":"d-link-m32-2-eagle-pro-ai-ax3200-pack-2-wi-fi-6-extenders-3200-mbps-smart-mesh-traffic-optimizer-gigabit-ports-router-or-extender-modes-wpa3-alexa-google-voice-control-white","status":"publish","type":"product","link":"https:\/\/comprasyconsejos.store\/en\/product\/d-link-m32-2-eagle-pro-ai-ax3200-pack-2-wi-fi-6-extenders-3200-mbps-smart-mesh-traffic-optimizer-gigabit-ports-router-or-extender-modes-wpa3-alexa-google-voice-control-white\/","title":{"rendered":"D-Link M32-2 Eagle Pro ai AX3200, Pack 2 Wi-Fi 6 Extenders, 3200 MBps, Smart Mesh, Traffic Optimizer, Gigabit Ports, Router or Extender Modes, WPA3, Alexa\/Google Voice Control, White"},"content":{"rendered":"<p>Price: <span style=\"color:#b12704\"><del>\u20ac156.00<\/del> - \u20ac108.61<\/span><br \/><i><small>(as of Mar 05, 2026 14:30:27 UTC &#8211; <span class=\"wp_automatic_amazon_disclaimer\" title=\"Product prices and availability are accurate as of the date\/time indicated and are subject to change. Any price and availability information displayed on [relevant Amazon Site(s), as applicable] at the time of purchase will apply to the purchase of this product.\">Details<\/span>)<\/small><\/i><\/p>\n<p><a href=\"https:\/\/amazon.es\/dp\/B00PS159TI?tag=man008-21\"><img decoding=\"async\" src=\"https:\/\/valvepress.s3.amazonaws.com\/imgs\/buy_now.png\"><\/a><br \/>\n<\/p>\n<p>                                             From the manufacturer   <\/p>\n<p>                                                      <img decoding=\"async\" alt=\"Kits Wi-Fi 6 Mesh EAGLE PRO AI AX3200\" src=\"https:\/\/images-na.ssl-images-amazon.com\/images\/G\/01\/x-locale\/common\/grey-pixel.gif\" class=\"a-spacing-mini a-lazy-loaded\" data-src=\"https:\/\/m.media-amazon.com\/images\/S\/aplus-media-library-service-media\/e549b7d8-4d85-45a2-b449-5ee0ee7b059e.__CR0,0,440,440_PT0_SX300_V1___.png\"><img decoding=\"async\" alt=\"Kits Wi-Fi 6 Mesh EAGLE PRO AI AX3200\" src=\"https:\/\/m.media-amazon.com\/images\/S\/aplus-media-library-service-media\/e549b7d8-4d85-45a2-b449-5ee0ee7b059e.__CR0,0,440,440_PT0_SX300_V1___.png\">  <\/p>\n<h3 class=\"a-spacing-mini\"> Kits Wi-Fi 6 Mesh EAGLE PRO AI AX3200 <\/h3>\n<p class=\"a-spacing-base\">\n<p>Conecte hasta 128 dispositivos*. Ideal para el streaming en 4K, los juegos en RV, las videollamadas y para mantener conectados todos sus dispositivos dom\u00e9sticos inteligentes.Active o desactive f\u00e1cilmente la inteligencia que mejora y optimiza su red autom\u00e1ticamente.Ofrezca una experiencia segura a su familia con controles para el bloqueo de sitios web, la configuraci\u00f3n de horarios y el inicio de sesi\u00f3n de invitados.4 flujos simult\u00e1neos, 1024 QAM, BSS-colouring y MU-MIMO aseguran que siempre tenga la mejor calidad de conexi\u00f3n posible.Los paquetes de datos destinados a varios dispositivos se transmiten juntos y nunca se tienen que poner en cola de nuevo. Es perfecto cuando variosdispositivos necesitan un gran ancho de banda para que no se estorben entre ellosEl cifrado inal\u00e1mbrico WPA3 m\u00e1s reciente y conforme a IEC 62443-4-1 para mantener su red protegida contra el acceso no autorizado.                                                                       <\/p>\n<p class=\"a-spacing-base\">\n<p>Nuestra aplicaci\u00f3n sin coste EAGLE PRO AI le ofrece un asistente personal de IA para ayudarle a gestionar su Wi-Fi, con un control de voz a\u00f1adido a trav\u00e9s de Amazon Alexa y Google Assistant.A\u00f1ada nodos o extensores de la gama D-Link Eagle Pro AI                                                                      <\/p>\n<p>                                                                                       AX3200 Wi-Fi 6       Ventajas de la IA       Controles parentales       Conectividad eficiente       OFDMA       Seguridad Wi-Fi       Configuraci\u00f3n y administraci\u00f3n sencillas       Cobertura ampliable       <\/p>\n<p>                                                                             <img decoding=\"async\" alt=\"M\u00e1s inteligente que cualquier WiFi anterior.\" src=\"https:\/\/images-na.ssl-images-amazon.com\/images\/G\/01\/x-locale\/common\/grey-pixel.gif\" class=\"a-spacing-base a-lazy-loaded\" data-src=\"https:\/\/m.media-amazon.com\/images\/S\/aplus-media-library-service-media\/ae5cc800-cb18-4269-99ca-aaacf4209ec5.__CR653,0,1293,800_PT0_SX970_V1___.jpg\"><img decoding=\"async\" alt=\"M\u00e1s inteligente que cualquier WiFi anterior.\" src=\"https:\/\/m.media-amazon.com\/images\/S\/aplus-media-library-service-media\/ae5cc800-cb18-4269-99ca-aaacf4209ec5.__CR653,0,1293,800_PT0_SX970_V1___.jpg\">                                         <\/p>\n<h3 class=\"a-spacing-mini\"> M\u00e1s inteligente que cualquier WiFi anterior. <\/h3>\n<p class=\"a-spacing-base\"> Gracias a la tecnolog\u00eda de conectividad inteligente integrada, el M32 garantiza que las velocidades m\u00e1s r\u00e1pidas siempre se le entreguen autom\u00e1ticamente, para que pueda cargar sitios web y ver v\u00eddeos en un instante. El optimizador Wi-Fi de IA integrado le conecta continuamente al mejor canal Wi-Fi, mientras que el optimizador de tr\u00e1fico de IA prioriza su uso de Internet m\u00e1s cr\u00edtico para una \u00f3ptima experiencia y estabilidad en l\u00ednea. <\/p>\n<p class=\"apm-text-center\">\n                                                      <img decoding=\"async\" alt=\"Wi-Fi 6 en malla y m\u00e1s r\u00e1pido que nunca.\" src=\"https:\/\/images-na.ssl-images-amazon.com\/images\/G\/01\/x-locale\/common\/grey-pixel.gif\" class=\"a-spacing-mini a-lazy-loaded\" data-src=\"https:\/\/m.media-amazon.com\/images\/S\/aplus-media-library-service-media\/2f3618ba-4024-4ebd-ae98-6a2573219d1b.__CR0,0,1141,1141_PT0_SX300_V1___.jpg\"><img decoding=\"async\" alt=\"Wi-Fi 6 en malla y m\u00e1s r\u00e1pido que nunca.\" src=\"https:\/\/m.media-amazon.com\/images\/S\/aplus-media-library-service-media\/2f3618ba-4024-4ebd-ae98-6a2573219d1b.__CR0,0,1141,1141_PT0_SX300_V1___.jpg\">  <\/p>\n<p>                                                    Wi-Fi 6 en malla y m\u00e1s r\u00e1pido que nunca.                                       <\/p>\n<p> Experimente velocidades m\u00e1s r\u00e1pidas de Wi-Fi 6 de \u00faltima generaci\u00f3n con gesti\u00f3n de canales y priorizaci\u00f3n con IA avanzada, para un acceso a Internet r\u00e1pido y eficiente en todas las habitaciones, que elimina todos los puntos negros y las ca\u00eddas de Wi-Fi con una sola soluci\u00f3n. <\/p>\n<p> Velocidades y eficiencia sin precedentes. <\/p>\n<p> Aumente la capacidad de su red hasta 4 veces con MU-MIMO, OFDMA y BSS Coloring para manejar m\u00e1s dispositivos en la red con una eficiencia incre\u00edble. Ahora puede conectar hasta 128 dispositivos* a su hogar inteligente sin preocuparse por su red. <\/p>\n<p class=\"apm-text-center\">\n                                                      <img decoding=\"async\" alt=\"Una red en malla en la que puede confiar.\" src=\"https:\/\/images-na.ssl-images-amazon.com\/images\/G\/01\/x-locale\/common\/grey-pixel.gif\" class=\"a-spacing-mini a-lazy-loaded\" data-src=\"https:\/\/m.media-amazon.com\/images\/S\/aplus-media-library-service-media\/cd78bfe8-6c6c-4444-92a5-ff35858167aa.__CR0,0,1258,1258_PT0_SX300_V1___.jpg\"><img decoding=\"async\" alt=\"Una red en malla en la que puede confiar.\" src=\"https:\/\/m.media-amazon.com\/images\/S\/aplus-media-library-service-media\/cd78bfe8-6c6c-4444-92a5-ff35858167aa.__CR0,0,1258,1258_PT0_SX300_V1___.jpg\">  <\/p>\n<p>                                                    Una red en malla en la que puede confiar.                                       <\/p>\n<p> Disfrute de una red mesh de malla optimizada por IA que detecta autom\u00e1ticamente los canales \u00f3ptimos para que siempre experimente su Internet lo mejor posible. Y el exclusivo beamforming de inteligencia artificial mejora la conectividad de malla entre cada nodo para obtener una red Wi-Fi en toda la casa con la que puede contar. <\/p>\n<p> Protege su privacidad y su seguridad para su tranquilidad. <\/p>\n<p> Incluye el \u00faltimo y avanzado est\u00e1ndar de seguridad Wi-Fi WPA3, que cifra el tr\u00e1fico y protege la red inal\u00e1mbrica de amenazas externas. WPA3 tambi\u00e9n incluye un nuevo protocolo para verificar y proteger las conexiones de sus dispositivos y su red frente a ataques. <\/p>\n<p class=\"apm-text-center\">\n                                                      <img decoding=\"async\" alt=\"Usted manda.\" src=\"https:\/\/images-na.ssl-images-amazon.com\/images\/G\/01\/x-locale\/common\/grey-pixel.gif\" class=\"a-spacing-mini a-lazy-loaded\" data-src=\"https:\/\/m.media-amazon.com\/images\/S\/aplus-media-library-service-media\/579d947c-cf6f-4848-b33d-810beefc872a.__CR0,0,300,300_PT0_SX300_V1___.jpg\"><img decoding=\"async\" alt=\"Usted manda.\" src=\"https:\/\/m.media-amazon.com\/images\/S\/aplus-media-library-service-media\/579d947c-cf6f-4848-b33d-810beefc872a.__CR0,0,300,300_PT0_SX300_V1___.jpg\">  <\/p>\n<p>                                                    Usted manda.                                       <\/p>\n<p> Cree un internet familiar asumiendo el control de su red. Establezca l\u00edmites y horarios para el acceso a Internet de sus hijos f\u00e1cilmente. <\/p>\n<\/p>\n<p>Control total: Averig\u00fce qu\u00e9 dispositivos est\u00e1n conectados, cree horarios, compruebe las credenciales de acceso y reinicie el sistema sin necesidad de usar las manos.Controles parentales: Gestionar el acceso a Internet con controles parentales basados en perfiles.Zona Wi-Fi de invitados (Guest-Zone): Establezca inicios de sesi\u00f3n de invitados sin acceso a la red local, s\u00f3lo a Internet, y bloquee cualquier dispositivo que no conozca.     <\/p>\n<p>                                                                      <img decoding=\"async\" alt=\"Wi-Fi 6 es mucho m\u00e1s que velocidad.\" src=\"https:\/\/images-na.ssl-images-amazon.com\/images\/G\/01\/x-locale\/common\/grey-pixel.gif\" class=\"a-spacing-mini a-lazy-loaded\" data-src=\"https:\/\/m.media-amazon.com\/images\/S\/aplus-media-library-service-media\/77cf614c-295d-4948-bee2-dad54ce9f287.__CR0,0,650,650_PT0_SX300_V1___.png\"><img decoding=\"async\" alt=\"Wi-Fi 6 es mucho m\u00e1s que velocidad.\" src=\"https:\/\/m.media-amazon.com\/images\/S\/aplus-media-library-service-media\/77cf614c-295d-4948-bee2-dad54ce9f287.__CR0,0,650,650_PT0_SX300_V1___.png\">  <\/p>\n<h3 class=\"a-spacing-mini\"> Wi-Fi 6 es mucho m\u00e1s que velocidad. <\/h3>\n<p class=\"a-spacing-base\"> Wi-Fi 6 es perfecto para hogares inteligentes en los que se necesita una conectividad perfecta en varios dispositivos al mismo tiempo. Adem\u00e1s, Wi-Fi 6 tambi\u00e9n proporciona una s\u00f3lida red que permite a toda la familia transmitir, jugar o trabajar sin preocuparse por el b\u00fafer, las interrupciones o las interferencias. <\/p>\n<p class=\"a-spacing-base\"> F\u00e1cil de a\u00f1adir m\u00e1s cobertura. <\/p>\n<p class=\"a-spacing-base\"> Desde pisos de 1 planta hasta casas de 4 plantas, y desde s\u00f3tanos hasta desvanes, puede instalar hasta 4 nodos extensores EAGLE PRO AI M32, son compatibles entre s\u00ed. <\/p>\n<p>                                                                      <img decoding=\"async\" alt=\"Enchufe para conexiones Gigabit por cable\" src=\"https:\/\/images-na.ssl-images-amazon.com\/images\/G\/01\/x-locale\/common\/grey-pixel.gif\" class=\"a-spacing-mini a-lazy-loaded\" data-src=\"https:\/\/m.media-amazon.com\/images\/S\/aplus-media-library-service-media\/aba1d10c-4160-4310-b0c5-6490ee7648c6.__CR0,0,700,700_PT0_SX300_V1___.png\"><img decoding=\"async\" alt=\"Enchufe para conexiones Gigabit por cable\" src=\"https:\/\/m.media-amazon.com\/images\/S\/aplus-media-library-service-media\/aba1d10c-4160-4310-b0c5-6490ee7648c6.__CR0,0,700,700_PT0_SX300_V1___.png\">  <\/p>\n<h3 class=\"a-spacing-mini\"> Enchufe para conexiones Gigabit por cable <\/h3>\n<p class=\"a-spacing-base\"> Con un puerto WAN y dos puertos LAN Gigabit en cada nodo, puede conectarse por cable para mejorar rendimiento y estabilidad, adem\u00e1s de soportar Ethernet Backhaul para interconectar los nodos entre si, ideal para casas con cableado Ethernet LAN preinstadado. <\/p>\n<p>                                                                      <img decoding=\"async\" alt=\"Gestione su Wi-Fi con un toque.\" src=\"https:\/\/images-na.ssl-images-amazon.com\/images\/G\/01\/x-locale\/common\/grey-pixel.gif\" class=\"a-spacing-mini a-lazy-loaded\" data-src=\"https:\/\/m.media-amazon.com\/images\/S\/aplus-media-library-service-media\/0f6b429a-a3f6-4df8-95a7-613d3b54e9c6.__CR0,0,844,844_PT0_SX300_V1___.png\"><img decoding=\"async\" alt=\"Gestione su Wi-Fi con un toque.\" src=\"https:\/\/m.media-amazon.com\/images\/S\/aplus-media-library-service-media\/0f6b429a-a3f6-4df8-95a7-613d3b54e9c6.__CR0,0,844,844_PT0_SX300_V1___.png\">  <\/p>\n<h3 class=\"a-spacing-mini\"> Gestione su Wi-Fi con un toque. <\/h3>\n<p class=\"a-spacing-base\"> La aplicaci\u00f3n sin coste EAGLE PRO AI App incluye un asistente personal de IA que le env\u00eda informes, supervisa continuamente el tr\u00e1fico por usted y le ofrece pr\u00e1cticas sugerencias. <\/p>\n<p>                                                                      <img decoding=\"async\" alt=\"Control de voz con Alexa y Google Assistant.\" src=\"https:\/\/images-na.ssl-images-amazon.com\/images\/G\/01\/x-locale\/common\/grey-pixel.gif\" class=\"a-spacing-mini a-lazy-loaded\" data-src=\"https:\/\/m.media-amazon.com\/images\/S\/aplus-media-library-service-media\/8114001b-a03c-4d76-87b5-a25ee458549c.__CR0,0,300,300_PT0_SX300_V1___.jpg\"><img decoding=\"async\" alt=\"Control de voz con Alexa y Google Assistant.\" src=\"https:\/\/m.media-amazon.com\/images\/S\/aplus-media-library-service-media\/8114001b-a03c-4d76-87b5-a25ee458549c.__CR0,0,300,300_PT0_SX300_V1___.jpg\">  <\/p>\n<h3 class=\"a-spacing-mini\"> Control de voz con Alexa y Google Assistant. <\/h3>\n<p class=\"a-spacing-base\"> Tome el control de su red simplemente usando su voz con los dispositivos de Amazon Alexa o Google Home. Reciba alertas de audio instant\u00e1neas sobre actualizaciones de la red, compruebe el estado de seguridad de cualquier dispositivo y mucho m\u00e1s. <\/p>\n<p>                                                                    <img decoding=\"async\" alt=\"\" src=\"https:\/\/images-na.ssl-images-amazon.com\/images\/G\/01\/x-locale\/common\/grey-pixel.gif\" class=\"a-lazy-loaded\" data-src=\"https:\/\/m.media-amazon.com\/images\/S\/aplus-media-library-service-media\/77cf614c-295d-4948-bee2-dad54ce9f287.__CR0,0,650,650_PT0_SX300_V1___.png\"><img decoding=\"async\" alt=\"\" src=\"https:\/\/m.media-amazon.com\/images\/S\/aplus-media-library-service-media\/77cf614c-295d-4948-bee2-dad54ce9f287.__CR0,0,650,650_PT0_SX300_V1___.png\">   <\/p>\n<p>                                                                    <img decoding=\"async\" alt=\"\" src=\"https:\/\/images-na.ssl-images-amazon.com\/images\/G\/01\/x-locale\/common\/grey-pixel.gif\" class=\"a-lazy-loaded\" data-src=\"https:\/\/m.media-amazon.com\/images\/S\/aplus-media-library-service-media\/aba1d10c-4160-4310-b0c5-6490ee7648c6.__CR0,0,700,700_PT0_SX300_V1___.png\"><img decoding=\"async\" alt=\"\" src=\"https:\/\/m.media-amazon.com\/images\/S\/aplus-media-library-service-media\/aba1d10c-4160-4310-b0c5-6490ee7648c6.__CR0,0,700,700_PT0_SX300_V1___.png\">   <\/p>\n<p>                                                                    <img decoding=\"async\" alt=\"\" src=\"https:\/\/images-na.ssl-images-amazon.com\/images\/G\/01\/x-locale\/common\/grey-pixel.gif\" class=\"a-lazy-loaded\" data-src=\"https:\/\/m.media-amazon.com\/images\/S\/aplus-media-library-service-media\/0f6b429a-a3f6-4df8-95a7-613d3b54e9c6.__CR0,0,844,844_PT0_SX300_V1___.png\"><img decoding=\"async\" alt=\"\" src=\"https:\/\/m.media-amazon.com\/images\/S\/aplus-media-library-service-media\/0f6b429a-a3f6-4df8-95a7-613d3b54e9c6.__CR0,0,844,844_PT0_SX300_V1___.png\">   <\/p>\n<p>                                                                    <img decoding=\"async\" alt=\"\" src=\"https:\/\/images-na.ssl-images-amazon.com\/images\/G\/01\/x-locale\/common\/grey-pixel.gif\" class=\"a-lazy-loaded\" data-src=\"https:\/\/m.media-amazon.com\/images\/S\/aplus-media-library-service-media\/8114001b-a03c-4d76-87b5-a25ee458549c.__CR0,0,300,300_PT0_SX300_V1___.jpg\"><img decoding=\"async\" alt=\"\" src=\"https:\/\/m.media-amazon.com\/images\/S\/aplus-media-library-service-media\/8114001b-a03c-4d76-87b5-a25ee458549c.__CR0,0,300,300_PT0_SX300_V1___.jpg\">   <\/p>\n<p>                                                                             <img decoding=\"async\" alt=\"Mant\u00e9ngase conectado mientras se desplaza de una habitaci\u00f3n a otra.\" src=\"https:\/\/images-na.ssl-images-amazon.com\/images\/G\/01\/x-locale\/common\/grey-pixel.gif\" class=\"a-spacing-base a-lazy-loaded\" data-src=\"https:\/\/m.media-amazon.com\/images\/S\/aplus-media-library-service-media\/a7b5a8e6-30b2-414a-8689-8747a19966c8.__CR14,0,1584,980_PT0_SX970_V1___.jpg\"><img decoding=\"async\" alt=\"Mant\u00e9ngase conectado mientras se desplaza de una habitaci\u00f3n a otra.\" src=\"https:\/\/m.media-amazon.com\/images\/S\/aplus-media-library-service-media\/a7b5a8e6-30b2-414a-8689-8747a19966c8.__CR14,0,1584,980_PT0_SX970_V1___.jpg\">                                         <\/p>\n<h3 class=\"a-spacing-mini\"> Mant\u00e9ngase conectado mientras se desplaza de una habitaci\u00f3n a otra. <\/h3>\n<p class=\"a-spacing-base\"> Nuestra tecnolog\u00eda WiFi Mesh avanzada crea una red WiFi sin interrupciones que garantiza que sus dispositivos se conecten autom\u00e1ticamente a la se\u00f1al m\u00e1s potente, no se quedar\u00e1n conectados al router aunque haya poca se\u00f1al, saltar\u00e1n al nodo extensor m\u00e1s cercano. <\/p>\n<p class=\"a-spacing-base\"> Tecnolog\u00eda ecol\u00f3gica que mejora la vida \u00fatil de la bater\u00eda de los dispositivos conectados. <\/p>\n<p class=\"a-spacing-base\"> Target Wake Time (TWT) ayuda autom\u00e1ticamente a reducir el consumo de la bater\u00eda de los m\u00f3viles o tabletas conectados a la red WiFi mediante una gesti\u00f3n inteligente del uso de la tarjeta de red de cada dispositivo, ahorrando bater\u00eda cuando el dispositivo no requiere datos. <\/p>\n<p class=\"a-spacing-base\"> *El n\u00famero de dispositivos conectados y el \u00e1rea de cobertura son resultados de las pruebas de D-Link. El rendimiento puede variar en diferentes entornos. <\/p>\n<p> Batteries                                            \u200f                                            :                                            \u200e                                            1 AAAA batteries required.   <br \/> Is discontinued by manufacturer                                            \u200f                                            :                                            \u200e                                            No   <br \/> Language                                            \u200f                                            :                                            \u200e                                            English, Italian   <br \/> Product Dimensions                                            \u200f                                            :                                            \u200e                                            7.11 x 16.46 x 18.56 cm; 464 g   <br \/> Manufacturer                                            \u200f                                            :                                            \u200e                                            D-Link   <br \/> ASIN                                            \u200f                                            :                                            \u200e                                            B00PS159TI   <br \/> Item model number                                            \u200f                                            :                                            \u200e                                            M32-2   <br \/> Country of origin                                            \u200f                                            :                                            \u200e                                            Taiwan   <br \/> Guaranteed software updates until                                            \u200f                                            :                                            \u200e                                            unknown   <br \/>  Customer reviews:                                                                                            3.4               3.4 out of 5 stars                                  (81)                                              var dpAcrHasRegisteredArcLinkClickAction;                    P.when(&#8216;A&#8217;, &#8216;ready&#8217;).execute(function(A) {                        if (dpAcrHasRegisteredArcLinkClickAction !== true) {                            dpAcrHasRegisteredArcLinkClickAction = true;                            A.declarative(                                &#8216;acrLink-click-metrics&#8217;, &#8216;click&#8217;,                                { \u00aballowLinkDefault\u00bb: true },                                function (event) {                                    if (window.ue) {                                        ue.count(\u00abacrLinkClickCount\u00bb, (ue.count(\u00abacrLinkClickCount\u00bb) || 0) + 1);                                    }                                }                            );                        }                    });                                             P.when(&#8216;A&#8217;, &#8216;cf&#8217;).execute(function(A) {                A.declarative(&#8216;acrStarsLink-click-metrics&#8217;, &#8216;click&#8217;, { \u00aballowLinkDefault\u00bb : true },  function(event){                    if(window.ue) {                        ue.count(\u00abacrStarsLinkWithPopoverClickCount\u00bb, (ue.count(\u00abacrStarsLinkWithPopoverClickCount\u00bb) || 0) + 1);                    }                });            });                          <\/p>\n<p>Wi-Fi 6 is the new standard that increases speed, performance and coverage of your WiFi network, experiencing even greater speed and response compared to previous systems, especially when many users connect<br \/>Scalable system, you can add wall extenders or D-Link AI family WiFi routers and they will automatically connect between them to extend the signal. And with intelligent traffic management.<br \/>Wi-Fi Mesh Optimizer analyzes in real time the state of the mesh network and when it detects congestion automatically resolves it<br \/>Two modes of use, one node can be used as a router and another as extender or both extenders from the operator&#8217;s router, it is compatible with any Internet access provider.<br \/>In addition to a much higher internet speed, WiFi-6 also increases coverage and quality when many users connect at the same time.<\/p>\n\n","protected":false},"excerpt":{"rendered":"<p> From the manufacturer Kits Wi-Fi 6 Mesh EAGLE PRO AI AX3200 Conecte hasta 128 dispositivos*.<\/p>","protected":false},"featured_media":37735,"comment_status":"open","ping_status":"closed","template":"","meta":[],"product_brand":[],"product_cat":[71],"product_tag":[2080,11298,7890,2084,1124,2442,2078,5307,843,11296,2079,1092,2081,2083,11295,4511,2449,2082,1083,8975,178,382,163,2088,2085,1593,11297,1760,205,543,2076,2077,2095],"class_list":{"0":"post-37734","1":"product","2":"type-product","3":"status-publish","4":"has-post-thumbnail","6":"product_cat-wifi-routers","7":"product_tag-5ghz-router","8":"product_tag-alexagoogle","9":"product_tag-ax3200","10":"product_tag-best-wifi-router","11":"product_tag-control","12":"product_tag-dlink","13":"product_tag-dual-band-router","14":"product_tag-eagle","15":"product_tag-extender","16":"product_tag-extenders","17":"product_tag-gaming-wifi-router","18":"product_tag-gigabit","19":"product_tag-high-speed-router","20":"product_tag-home-wifi-router","21":"product_tag-m322","22":"product_tag-mbps","23":"product_tag-mesh","24":"product_tag-mesh-wifi-router","25":"product_tag-modes","26":"product_tag-optimizer","27":"product_tag-pack","28":"product_tag-ports","29":"product_tag-pro","30":"product_tag-router","31":"product_tag-router-price","32":"product_tag-smart","33":"product_tag-traffic","34":"product_tag-voice","35":"product_tag-white","36":"product_tag-wifi","37":"product_tag-wifi-router","38":"product_tag-wireless-router","39":"product_tag-wpa3","41":"first","42":"instock","43":"sale","44":"shipping-taxable","45":"product-type-external"},"_links":{"self":[{"href":"https:\/\/comprasyconsejos.store\/en\/wp-json\/wp\/v2\/product\/37734","targetHints":{"allow":["GET"]}}],"collection":[{"href":"https:\/\/comprasyconsejos.store\/en\/wp-json\/wp\/v2\/product"}],"about":[{"href":"https:\/\/comprasyconsejos.store\/en\/wp-json\/wp\/v2\/types\/product"}],"replies":[{"embeddable":true,"href":"https:\/\/comprasyconsejos.store\/en\/wp-json\/wp\/v2\/comments?post=37734"}],"version-history":[{"count":0,"href":"https:\/\/comprasyconsejos.store\/en\/wp-json\/wp\/v2\/product\/37734\/revisions"}],"wp:featuredmedia":[{"embeddable":true,"href":"https:\/\/comprasyconsejos.store\/en\/wp-json\/wp\/v2\/media\/37735"}],"wp:attachment":[{"href":"https:\/\/comprasyconsejos.store\/en\/wp-json\/wp\/v2\/media?parent=37734"}],"wp:term":[{"taxonomy":"product_brand","embeddable":true,"href":"https:\/\/comprasyconsejos.store\/en\/wp-json\/wp\/v2\/product_brand?post=37734"},{"taxonomy":"product_cat","embeddable":true,"href":"https:\/\/comprasyconsejos.store\/en\/wp-json\/wp\/v2\/product_cat?post=37734"},{"taxonomy":"product_tag","embeddable":true,"href":"https:\/\/comprasyconsejos.store\/en\/wp-json\/wp\/v2\/product_tag?post=37734"}],"curies":[{"name":"wp","href":"https:\/\/api.w.org\/{rel}","templated":true}]}}