{"id":37740,"date":"2026-03-05T14:43:56","date_gmt":"2026-03-05T14:43:56","guid":{"rendered":"https:\/\/comprasyconsejos.store\/product\/mars-gaming-mt1-thermal-paste-3g-9w-thermal-paste-for-computers-50-250-degrees-easy-to-apply-higher-viscosity\/"},"modified":"2026-03-05T14:43:58","modified_gmt":"2026-03-05T14:43:58","slug":"mars-gaming-mt1-thermal-paste-3g-9w-thermal-paste-for-computers-50-250-degrees-easy-to-apply-higher-viscosity","status":"publish","type":"product","link":"https:\/\/comprasyconsejos.store\/en\/product\/mars-gaming-mt1-thermal-paste-3g-9w-thermal-paste-for-computers-50-250-degrees-easy-to-apply-higher-viscosity\/","title":{"rendered":"Mars Gaming MT1 Thermal Paste 3g 9W Thermal Paste for Computers 50-250 Degrees &#8211; Easy to Apply &#8211; Higher Viscosity"},"content":{"rendered":"<p>Price: <span style=\"color:#b12704\">\u20ac9.32<\/span><br \/><i><small>(as of Mar 05, 2026 14:43:56 UTC &#8211; <span class=\"wp_automatic_amazon_disclaimer\" title=\"Product prices and availability are accurate as of the date\/time indicated and are subject to change. Any price and availability information displayed on [relevant Amazon Site(s), as applicable] at the time of purchase will apply to the purchase of this product.\">Details<\/span>)<\/small><\/i><\/p>\n<p><a href=\"https:\/\/amazon.es\/dp\/B00LIQDHKK?tag=man008-21\"><img decoding=\"async\" src=\"https:\/\/valvepress.s3.amazonaws.com\/imgs\/buy_now.png\"><\/a><br \/>\n<\/p>\n<p>                                             From the manufacturer   <\/p>\n<p>                                                  <img decoding=\"async\" alt=\"\" src=\"https:\/\/images-na.ssl-images-amazon.com\/images\/G\/01\/x-locale\/common\/grey-pixel.gif\" class=\"a-lazy-loaded\" data-src=\"https:\/\/m.media-amazon.com\/images\/S\/aplus-media\/sota\/aba335ef-62ea-4de7-a524-fa0ad9d35250._SR300,300_.png\"><img decoding=\"async\" alt=\"\" src=\"https:\/\/m.media-amazon.com\/images\/S\/aplus-media\/sota\/aba335ef-62ea-4de7-a524-fa0ad9d35250._SR300,300_.png\">  <\/p>\n<h3 class=\"a-spacing-mini\"> Alto rendimiento <\/h3>\n<p> La pasta t\u00e9rmica MT1 es una pasta de alto rendimiento de disipaci\u00f3n t\u00e9rmica, que mantiene una temperatura estable bajo cualquier carga. Juega durante horas sin preocuparte de la temperatura. <\/p>\n<p>                                                  <img decoding=\"async\" alt=\"\" src=\"https:\/\/images-na.ssl-images-amazon.com\/images\/G\/01\/x-locale\/common\/grey-pixel.gif\" class=\"a-spacing-mini a-lazy-loaded\" data-src=\"https:\/\/m.media-amazon.com\/images\/S\/aplus-media\/sota\/6d05490d-6c99-47f9-8a55-46135fb1542e._SR300,300_.png\"><img decoding=\"async\" alt=\"\" src=\"https:\/\/m.media-amazon.com\/images\/S\/aplus-media\/sota\/6d05490d-6c99-47f9-8a55-46135fb1542e._SR300,300_.png\">  <\/p>\n<h3 class=\"a-spacing-mini\"> F\u00e1cil de aplicar <\/h3>\n<p> La MT1 te permite un rellenado perfecto entre el disipador y el procesador, gracias a su aplicador y su viscosidad. Adem\u00e1s, tiene una larga vida gracias a una baja evaporaci\u00f3n y soporte de bajas temperaturas. <\/p>\n<p>                                                  <img decoding=\"async\" alt=\"\" src=\"https:\/\/images-na.ssl-images-amazon.com\/images\/G\/01\/x-locale\/common\/grey-pixel.gif\" class=\"a-lazy-loaded\" data-src=\"https:\/\/m.media-amazon.com\/images\/S\/aplus-media\/sota\/b511a705-3198-4e0e-9b70-9dd72ba288a5._SR300,300_.png\"><img decoding=\"async\" alt=\"\" src=\"https:\/\/m.media-amazon.com\/images\/S\/aplus-media\/sota\/b511a705-3198-4e0e-9b70-9dd72ba288a5._SR300,300_.png\">  <\/p>\n<h3 class=\"a-spacing-mini\"> M\u00e1xima seguridad <\/h3>\n<p> El material nanotecnol\u00f3gico con el que est\u00e1 fabricada la pasta MT1 no es conductor de la electricidad, por lo que la seguridad es m\u00e1xima. <\/p>\n<p>                                                  <img decoding=\"async\" alt=\"\" src=\"https:\/\/images-na.ssl-images-amazon.com\/images\/G\/01\/x-locale\/common\/grey-pixel.gif\" class=\"a-lazy-loaded\" data-src=\"https:\/\/m.media-amazon.com\/images\/S\/aplus-media\/sota\/28450538-2e36-46b2-a8de-a60b61c4f255._SR970,300_.png\"><img decoding=\"async\" alt=\"\" src=\"https:\/\/m.media-amazon.com\/images\/S\/aplus-media\/sota\/28450538-2e36-46b2-a8de-a60b61c4f255._SR970,300_.png\">  <\/p>\n<p> Is discontinued by manufacturer                                            \u200f                                            :                                            \u200e                                            No   <br \/> Product Dimensions                                            \u200f                                            :                                            \u200e                                            6.1 x 3.7 x 3.7 cm; 3 g   <br \/> Date First Available                                            \u200f                                            :                                            \u200e                                            3 July 2014   <br \/> Manufacturer                                            \u200f                                            :                                            \u200e                                            Tacens   <br \/> ASIN                                            \u200f                                            :                                            \u200e                                            B00LIQDHKK   <br \/> Item model number                                            \u200f                                            :                                            \u200e                                            MT1   <br \/>       Best Sellers Rank:  9,527 in Computers (See Top 100 in Computers)    69 in Thermal Paste      <br \/>  Customer reviews:                                                                                            4.5               4.5 out of 5 stars                                  (951)                                              var dpAcrHasRegisteredArcLinkClickAction;                    P.when(&#8216;A&#8217;, &#8216;ready&#8217;).execute(function(A) {                        if (dpAcrHasRegisteredArcLinkClickAction !== true) {                            dpAcrHasRegisteredArcLinkClickAction = true;                            A.declarative(                                &#8216;acrLink-click-metrics&#8217;, &#8216;click&#8217;,                                { \u00aballowLinkDefault\u00bb: true },                                function (event) {                                    if (window.ue) {                                        ue.count(\u00abacrLinkClickCount\u00bb, (ue.count(\u00abacrLinkClickCount\u00bb) || 0) + 1);                                    }                                }                            );                        }                    });                                             P.when(&#8216;A&#8217;, &#8216;cf&#8217;).execute(function(A) {                A.declarative(&#8216;acrStarsLink-click-metrics&#8217;, &#8216;click&#8217;, { \u00aballowLinkDefault\u00bb : true },  function(event){                    if(window.ue) {                        ue.count(\u00abacrStarsLinkWithPopoverClickCount\u00bb, (ue.count(\u00abacrStarsLinkWithPopoverClickCount\u00bb) || 0) + 1);                    }                });            });                          <\/p>\n<p>High performance thermal dissipation paste, which maintains a stable temperature under any load<br \/>It allows perfect filling between the sink and the processor, thanks to its applicator and its viscosity<br \/>Low evaporation and low temperature support allows for great durability<br \/>Maximum safety as the nanotechnological material with which the paste is made is not electrically conductive<\/p>\n\n","protected":false},"excerpt":{"rendered":"<p> From the manufacturer Alto rendimiento La pasta t\u00e9rmica MT1 es una pasta de alto rendimiento<\/p>","protected":false},"featured_media":37741,"comment_status":"open","ping_status":"closed","template":"","meta":[],"product_brand":[],"product_cat":[67],"product_tag":[4165,2039,903,2045,2034,11201,1142,617,2043,2038,2904,5574,11304,2056,2053,2035,2036,2033,2041,2048,11305],"class_list":{"0":"post-37740","1":"product","2":"type-product","3":"status-publish","4":"has-post-thumbnail","6":"product_cat-thermal-paste","7":"product_tag-apply","8":"product_tag-best-thermal-paste","9":"product_tag-computers","10":"product_tag-cpu-cooling-paste","11":"product_tag-cpu-thermal-paste","12":"product_tag-degrees","13":"product_tag-easy","14":"product_tag-gaming","15":"product_tag-heat-sink-paste","16":"product_tag-high-performance-thermal-paste","17":"product_tag-higher","18":"product_tag-mars","19":"product_tag-mt1","20":"product_tag-paste","21":"product_tag-thermal","22":"product_tag-thermal-compound","23":"product_tag-thermal-grease","24":"product_tag-thermal-paste","25":"product_tag-thermal-paste-for-gaming-pc","26":"product_tag-thermal-paste-price","27":"product_tag-viscosity","29":"first","30":"instock","31":"shipping-taxable","32":"product-type-external"},"_links":{"self":[{"href":"https:\/\/comprasyconsejos.store\/en\/wp-json\/wp\/v2\/product\/37740","targetHints":{"allow":["GET"]}}],"collection":[{"href":"https:\/\/comprasyconsejos.store\/en\/wp-json\/wp\/v2\/product"}],"about":[{"href":"https:\/\/comprasyconsejos.store\/en\/wp-json\/wp\/v2\/types\/product"}],"replies":[{"embeddable":true,"href":"https:\/\/comprasyconsejos.store\/en\/wp-json\/wp\/v2\/comments?post=37740"}],"version-history":[{"count":0,"href":"https:\/\/comprasyconsejos.store\/en\/wp-json\/wp\/v2\/product\/37740\/revisions"}],"wp:featuredmedia":[{"embeddable":true,"href":"https:\/\/comprasyconsejos.store\/en\/wp-json\/wp\/v2\/media\/37741"}],"wp:attachment":[{"href":"https:\/\/comprasyconsejos.store\/en\/wp-json\/wp\/v2\/media?parent=37740"}],"wp:term":[{"taxonomy":"product_brand","embeddable":true,"href":"https:\/\/comprasyconsejos.store\/en\/wp-json\/wp\/v2\/product_brand?post=37740"},{"taxonomy":"product_cat","embeddable":true,"href":"https:\/\/comprasyconsejos.store\/en\/wp-json\/wp\/v2\/product_cat?post=37740"},{"taxonomy":"product_tag","embeddable":true,"href":"https:\/\/comprasyconsejos.store\/en\/wp-json\/wp\/v2\/product_tag?post=37740"}],"curies":[{"name":"wp","href":"https:\/\/api.w.org\/{rel}","templated":true}]}}