{"id":37764,"date":"2026-03-05T16:13:45","date_gmt":"2026-03-05T16:13:45","guid":{"rendered":"https:\/\/comprasyconsejos.store\/product\/msi-mag-321upx-qd-oled-gaming-monitor-31-5-4k-uhd-3840-x-2160-quantum-dot-oled-panel-240hz-0-03ms-99-dci-p3-%ce%b4e%e2%89%a42-displayhdr-true-black-400-dp-1-4a-hdmi-2-1-usb-type-c\/"},"modified":"2026-03-05T16:13:46","modified_gmt":"2026-03-05T16:13:46","slug":"msi-mag-321upx-qd-oled-gaming-monitor-31-5-4k-uhd-3840-x-2160-quantum-dot-oled-panel-240hz-0-03ms-99-dci-p3-%ce%b4e%e2%89%a42-displayhdr-true-black-400-dp-1-4a-hdmi-2-1-usb-type-c","status":"publish","type":"product","link":"https:\/\/comprasyconsejos.store\/en\/product\/msi-mag-321upx-qd-oled-gaming-monitor-31-5-4k-uhd-3840-x-2160-quantum-dot-oled-panel-240hz-0-03ms-99-dci-p3-%ce%b4e%e2%89%a42-displayhdr-true-black-400-dp-1-4a-hdmi-2-1-usb-type-c\/","title":{"rendered":"MSI MAG 321UPX QD-OLED Gaming Monitor, 31.5&#8243; 4K UHD, 3840 x 2160 Quantum Dot OLED Panel, 240Hz \/ 0.03ms, 99% DCI-P3, \u0394E\u22642, DisplayHDR True Black 400, DP 1.4a, HDMI 2.1, USB Type-C"},"content":{"rendered":"<p>Price: <span style=\"color:#b12704\"><del>\u20ac269.99<\/del> - \u20ac791.38<\/span><br \/><i><small>(as of Mar 05, 2026 16:13:45 UTC &#8211; <span class=\"wp_automatic_amazon_disclaimer\" title=\"Product prices and availability are accurate as of the date\/time indicated and are subject to change. Any price and availability information displayed on [relevant Amazon Site(s), as applicable] at the time of purchase will apply to the purchase of this product.\">Details<\/span>)<\/small><\/i><\/p>\n<p><a href=\"https:\/\/amazon.es\/dp\/B0CRNDCVK1?tag=man008-21\"><img decoding=\"async\" src=\"https:\/\/valvepress.s3.amazonaws.com\/imgs\/buy_now.png\"><\/a><br \/>\n<\/p>\n<p>                                             From the manufacturer   <\/p>\n<p>                                                  <img decoding=\"async\" alt=\"msi-mag_321upx_qd-oled-banner-1940x600\" src=\"https:\/\/images-na.ssl-images-amazon.com\/images\/G\/01\/x-locale\/common\/grey-pixel.gif\" class=\"a-lazy-loaded\" data-src=\"https:\/\/m.media-amazon.com\/images\/S\/aplus-media-library-service-media\/58ad12a1-4a72-4a3a-a90d-fc4971ad0b26.__CR0,0,1940,600_PT0_SX970_V1___.jpg\"><img decoding=\"async\" alt=\"msi-mag_321upx_qd-oled-banner-1940x600\" src=\"https:\/\/m.media-amazon.com\/images\/S\/aplus-media-library-service-media\/58ad12a1-4a72-4a3a-a90d-fc4971ad0b26.__CR0,0,1940,600_PT0_SX970_V1___.jpg\">  <\/p>\n<p>                                                      <img decoding=\"async\" alt=\"msi-mag_321upx_qd-oled-e_tailer_page-product\" src=\"https:\/\/images-na.ssl-images-amazon.com\/images\/G\/01\/x-locale\/common\/grey-pixel.gif\" class=\"a-spacing-mini a-lazy-loaded\" data-src=\"https:\/\/m.media-amazon.com\/images\/S\/aplus-media-library-service-media\/ffd3a4d0-09f0-4f02-a545-15afc9f92439.__CR0,0,600,800_PT0_SX300_V1___.jpg\"><img decoding=\"async\" alt=\"msi-mag_321upx_qd-oled-e_tailer_page-product\" src=\"https:\/\/m.media-amazon.com\/images\/S\/aplus-media-library-service-media\/ffd3a4d0-09f0-4f02-a545-15afc9f92439.__CR0,0,600,800_PT0_SX300_V1___.jpg\">  <\/p>\n<p>                                                              <img decoding=\"async\" alt=\"logo\" src=\"https:\/\/images-na.ssl-images-amazon.com\/images\/G\/01\/x-locale\/common\/grey-pixel.gif\" class=\"a-spacing-mini a-lazy-loaded\" data-src=\"https:\/\/m.media-amazon.com\/images\/S\/aplus-media\/vc\/e5bbe67d-3976-4142-a056-4ae93c65864c.__CR6,0,2598,1299_PT0_SX350_V1___.png\"><img decoding=\"async\" alt=\"logo\" src=\"https:\/\/m.media-amazon.com\/images\/S\/aplus-media\/vc\/e5bbe67d-3976-4142-a056-4ae93c65864c.__CR6,0,2598,1299_PT0_SX350_V1___.png\">                                          MSI: Para Gamers y Creators                                 <\/p>\n<p class=\"a-spacing-small a-size-small a-color-secondary\"> MSI es el nombre m\u00e1s reconocido en el gaming y los eSports. Hemos dedicado incontables horas y comprometido numerosos recursos para apoyar tanto a los gamers principiantes como a los profesionales y a cambio utilizar sus conocimientos y experiencias en nuestros productos. MSI integra todas las ambiciones de los gamers en sus plataformas de juego y lleva el rendimiento m\u00e1s all\u00e1 de los l\u00edmites. <\/p>\n<h3 class=\"a-spacing-mini\"> MAG 321UPX QD-OLED <\/h3>\n<p>                                          Brighter Colours, Sublime Black Levels &#8211; Colores Brillantes, Niveles de Negro Sobresalientes                                     <\/p>\n<p class=\"a-spacing-base\"> Dotado de un panel QD-OLED UHD (3840 x 2160) de 31,5&#8243; con una frecuencia de actualizaci\u00f3n alt\u00edsima de 240 Hz y un tiempo de respuesta baj\u00edsimo de 0,03 ms, el MAG 321UPX QD-OLED aporta una ventaja competitiva y una calidad de imagen excepcional. <\/p>\n<p class=\"a-spacing-base\"> El MAG 321UPX QD-OLED contiene tecnolog\u00eda Quantum Dot, una gama crom\u00e1tica de primera categor\u00eda (1.070 millones de colores, 99% DCI-P3), contraste y brillo din\u00e1micos VESA DisplayHDR True Black 400 y un soporte regulable en 4 direcciones. <\/p>\n<p>                                                          Panel QD-OLED UHD de 31,5&#8243; (3840 x 2160)       Tasa de refresco muy alta de 240 Hz, tiempo de respuesta muy bajo de 0,03 ms GtG       1.070 millones de colores (10 bits) con una incre\u00edble gama (DCI-P3 99%) y precisi\u00f3n (\u0394E \u22642)       Certificaci\u00f3n VESA DisplayHDR True Black 400       OLED Care 2.0       A.I. Vision y HDMI CEC Profile Sync       Soporte regulable en 4 direcciones       Puertos pantalla HDMI 2.1, DP 1.4a y USB Type-C      <\/p>\n<p class=\"apm-text-center\">\n                                                      <img decoding=\"async\" alt=\"msi-mag_321upx_qd-oled-e_tailer_page-feature_1\" src=\"https:\/\/images-na.ssl-images-amazon.com\/images\/G\/01\/x-locale\/common\/grey-pixel.gif\" class=\"a-lazy-loaded\" data-src=\"https:\/\/m.media-amazon.com\/images\/S\/aplus-media-library-service-media\/e787a3e3-ac35-40f0-a3bc-4e2b82d0dcf0.__CR0,0,2000,2000_PT0_SX220_V1___.jpg\"><img decoding=\"async\" alt=\"msi-mag_321upx_qd-oled-e_tailer_page-feature_1\" src=\"https:\/\/m.media-amazon.com\/images\/S\/aplus-media-library-service-media\/e787a3e3-ac35-40f0-a3bc-4e2b82d0dcf0.__CR0,0,2000,2000_PT0_SX220_V1___.jpg\">  <\/p>\n<p>                                                    Impresionante Panel QD-OLED                                     <\/p>\n<p class=\"a-size-small\"> La \u00faltima generaci\u00f3n de monitores gaming QD-OLED de MSI se caracteriza por una disposici\u00f3n de subp\u00edxeles mejorada con im\u00e1genes m\u00e1s n\u00edtidas, detalles m\u00e1s sutiles y texto m\u00e1s claro. <\/p>\n<p class=\"a-size-small\"> La gran pantalla de 31,5&#8243; (80 cm) ofrece \u00e1ngulos de visi\u00f3n amplios de 178\u00b0 con un m\u00ednimo cambio de color cuando se visualiza desde distintos \u00e1ngulos. <\/p>\n<p class=\"a-size-small\"> El acabado, sobre la superficie de la pantalla, anti reflejos reduce los resplandores de la luz directa y ambiental. <\/p>\n<p class=\"apm-text-center\">\n                                                      <img decoding=\"async\" alt=\"msi-mag_321upx_qd-oled-e_tailer_page-feature_2\" src=\"https:\/\/images-na.ssl-images-amazon.com\/images\/G\/01\/x-locale\/common\/grey-pixel.gif\" class=\"a-lazy-loaded\" data-src=\"https:\/\/m.media-amazon.com\/images\/S\/aplus-media-library-service-media\/41bf7931-d62d-4fea-8562-1ff7840f20c8.__CR0,0,2000,2000_PT0_SX220_V1___.jpg\"><img decoding=\"async\" alt=\"msi-mag_321upx_qd-oled-e_tailer_page-feature_2\" src=\"https:\/\/m.media-amazon.com\/images\/S\/aplus-media-library-service-media\/41bf7931-d62d-4fea-8562-1ff7840f20c8.__CR0,0,2000,2000_PT0_SX220_V1___.jpg\">  <\/p>\n<p>                                                    Tasa de Refresco de 240 Hz y Tiempo de Respuesta GtG de 0,03 ms                                     <\/p>\n<p class=\"a-size-small\"> Disfrute de una mayor suavidad de movimiento y seguimiento con una excepcional frecuencia de actualizaci\u00f3n de 240 Hz, y libere todo el potencial de un hardware de memoria y GPU de primera calidad. <\/p>\n<p class=\"a-size-small\"> El ultra bajo tiempo de respuesta de 0.03 ms (GtG) reduce dr\u00e1sticamente el desenfoque del monitor y es fundamental para los juegos de ritmo r\u00e1pido. <\/p>\n<p class=\"apm-text-center\">\n                                                      <img decoding=\"async\" alt=\"msi-mag_321upx_qd-oled-e_tailer_page-feature_3\" src=\"https:\/\/images-na.ssl-images-amazon.com\/images\/G\/01\/x-locale\/common\/grey-pixel.gif\" class=\"a-lazy-loaded\" data-src=\"https:\/\/m.media-amazon.com\/images\/S\/aplus-media-library-service-media\/3050f774-cd96-4792-a8b1-b0c653dc4f9d.__CR0,0,2000,2000_PT0_SX220_V1___.jpg\"><img decoding=\"async\" alt=\"msi-mag_321upx_qd-oled-e_tailer_page-feature_3\" src=\"https:\/\/m.media-amazon.com\/images\/S\/aplus-media-library-service-media\/3050f774-cd96-4792-a8b1-b0c653dc4f9d.__CR0,0,2000,2000_PT0_SX220_V1___.jpg\">  <\/p>\n<p>                                                    Certificaci\u00f3n VESA Certified DisplayHDR True Black 400                                     <\/p>\n<p class=\"a-size-small\"> Los monitores con certificaci\u00f3n VESA DisplayHDR True Black 400 generan una gama de brillo consistentemente m\u00e1s alta, adem\u00e1s de detalles de mayor calidad en las zonas m\u00e1s oscuras. <\/p>\n<p class=\"a-size-small\"> Disfrute de un contraste din\u00e1mico realista gracias al control de atenuaci\u00f3n de p\u00edxeles OLED el cual imita al ojo humano en el mundo real: <\/p>\n<p class=\"a-size-small\">\n<p>Brillo: 250 nits normalmente (1000 nits en HDR m\u00e1ximo)Relaci\u00f3n de contraste nativo: 1500000:1     <\/p>\n<p class=\"apm-text-center\">\n                                                      <img decoding=\"async\" alt=\"msi-mag_321upx_qd-oled-e_tailer_page-feature_6\" src=\"https:\/\/images-na.ssl-images-amazon.com\/images\/G\/01\/x-locale\/common\/grey-pixel.gif\" class=\"a-lazy-loaded\" data-src=\"https:\/\/m.media-amazon.com\/images\/S\/aplus-media-library-service-media\/5358a7f9-7289-4819-a723-81f1fdf99344.__CR0,0,2000,2000_PT0_SX220_V1___.jpg\"><img decoding=\"async\" alt=\"msi-mag_321upx_qd-oled-e_tailer_page-feature_6\" src=\"https:\/\/m.media-amazon.com\/images\/S\/aplus-media-library-service-media\/5358a7f9-7289-4819-a723-81f1fdf99344.__CR0,0,2000,2000_PT0_SX220_V1___.jpg\">  <\/p>\n<p>                                                    VESA Certified ClearMR 13000                                     <\/p>\n<p class=\"a-size-small\"> Una incre\u00edble certificaci\u00f3n VESA ClearMR 13000 proporciona una magn\u00edfica puntuaci\u00f3n en cuanto a claridad de movimiento*. <\/p>\n<p class=\"a-size-small\"> Una capa din\u00e1mica de nanopart\u00edculas mejora los colores y la luminosidad de la pantalla QD-OLED. <\/p>\n<p class=\"a-size-small\"> Colores de pantalla: 1.070 millones (10 bits) <\/p>\n<p class=\"a-size-small\"> El modo de color QD Premium previamente calibrado por MSI ofrece una precisi\u00f3n de color excepcionalmente precisa Delta E (\u0394E) \u2264 2. <\/p>\n<p class=\"a-size-small\"> DCI-P3 \/ sRGB: 99% \/ NA <\/p>\n<p class=\"a-size-small\"> *VESA ClearMR representa el rendimiento de desenfoque basado en la relaci\u00f3n de p\u00edxeles claros con respecto a p\u00edxeles borrosos como porcentaje. <\/p>\n<p class=\"apm-text-center\">\n                                                      <img decoding=\"async\" alt=\"msi-mag_321upx_qd-oled-e_tailer_page-feature_4\" src=\"https:\/\/images-na.ssl-images-amazon.com\/images\/G\/01\/x-locale\/common\/grey-pixel.gif\" class=\"a-lazy-loaded\" data-src=\"https:\/\/m.media-amazon.com\/images\/S\/aplus-media-library-service-media\/45db0bbc-f5dd-4d82-81f9-d7b6664116b5.__CR0,0,2000,2000_PT0_SX220_V1___.jpg\"><img decoding=\"async\" alt=\"msi-mag_321upx_qd-oled-e_tailer_page-feature_4\" src=\"https:\/\/m.media-amazon.com\/images\/S\/aplus-media-library-service-media\/45db0bbc-f5dd-4d82-81f9-d7b6664116b5.__CR0,0,2000,2000_PT0_SX220_V1___.jpg\">  <\/p>\n<p>                                                    Recubrimeinto con Pel\u00edcula de Grafeno y Disipador T\u00e9rmico a Medida                                     <\/p>\n<p class=\"a-size-small\"> La parte posterior del panel se compone de una capa de grafeno y un disipador t\u00e9rmico pasivo dise\u00f1ado a medida, con lo que se consigue una conductividad t\u00e9rmica muy eficiente. Esto elimina por completo la necesidad de refrigeraci\u00f3n activa por ventilador. <\/p>\n<p class=\"a-size-small\"> Un soporte de alta calidad con inclinaci\u00f3n, pivote, giro y altura regulables se adapta a distintas necesidades ergon\u00f3micas (compatible con VESA 100&#215;100 mm). <\/p>\n<p class=\"apm-text-center\">\n                                                      <img decoding=\"async\" alt=\"msi-mag_321upx_qd-oled-e_tailer_page-feature_5\" src=\"https:\/\/images-na.ssl-images-amazon.com\/images\/G\/01\/x-locale\/common\/grey-pixel.gif\" class=\"a-lazy-loaded\" data-src=\"https:\/\/m.media-amazon.com\/images\/S\/aplus-media-library-service-media\/fb0e2901-fd92-4522-a290-5ac6a3d9189b.__CR0,0,2000,2000_PT0_SX220_V1___.jpg\"><img decoding=\"async\" alt=\"msi-mag_321upx_qd-oled-e_tailer_page-feature_5\" src=\"https:\/\/m.media-amazon.com\/images\/S\/aplus-media-library-service-media\/fb0e2901-fd92-4522-a290-5ac6a3d9189b.__CR0,0,2000,2000_PT0_SX220_V1___.jpg\">  <\/p>\n<p>                                                    MSI OLED Care 2.0                                     <\/p>\n<p class=\"a-size-small\"> MSI OLED Care 2.0* reduce significativamente las posibilidades de quemado de la pantalla OLED e incluye: <\/p>\n<p class=\"a-size-small\">\n<p>Desplazamiento de p\u00edxeles (movimiento)Protecci\u00f3n del panel (refresco)Detecci\u00f3n de pantalla est\u00e1tica (atenuaci\u00f3n)         <\/p>\n<p class=\"a-size-small\"> *OLED Care 2.0 profundiza el original OLED Care con la detecci\u00f3n est\u00e1tica de multilogos y barras de tareas, as\u00ed como la calibraci\u00f3n de la luminancia de los l\u00edmites de la imagen. <\/p>\n<p class=\"apm-text-center\">\n                                                      <img decoding=\"async\" alt=\"msi-mag_321upx_qd-oled-e_tailer_page-feature_7\" src=\"https:\/\/images-na.ssl-images-amazon.com\/images\/G\/01\/x-locale\/common\/grey-pixel.gif\" class=\"a-lazy-loaded\" data-src=\"https:\/\/m.media-amazon.com\/images\/S\/aplus-media-library-service-media\/f83ef319-616e-4a82-ab16-d682357fb632.__CR0,0,2000,2000_PT0_SX220_V1___.jpg\"><img decoding=\"async\" alt=\"msi-mag_321upx_qd-oled-e_tailer_page-feature_7\" src=\"https:\/\/m.media-amazon.com\/images\/S\/aplus-media-library-service-media\/f83ef319-616e-4a82-ab16-d682357fb632.__CR0,0,2000,2000_PT0_SX220_V1___.jpg\">  <\/p>\n<p>                                                    Less Blue Light PRO                                     <\/p>\n<p class=\"a-size-small\"> Less Blue Light PRO utiliza una tecnolog\u00eda de filtrado basada en hardware, manteniendo al mismo tiempo una paleta de colores vivos con un gran nivel de detalle. <\/p>\n<p class=\"a-size-small\"> El modo consola de MSI es compatible con las plataformas de consolas de juegos de \u00faltima generaci\u00f3n**. <\/p>\n<p class=\"a-size-small\"> **Compatible con HDMI CEC Profile Sync, HDMI VRR (frecuencia de actualizaci\u00f3n variable) y 4K:2K (reducci\u00f3n de escala de consola). <\/p>\n<p class=\"apm-text-center\">\n                                                      <img decoding=\"async\" alt=\"msi-mag_321upx_qd-oled-e_tailer_page-feature_8\" src=\"https:\/\/images-na.ssl-images-amazon.com\/images\/G\/01\/x-locale\/common\/grey-pixel.gif\" class=\"a-lazy-loaded\" data-src=\"https:\/\/m.media-amazon.com\/images\/S\/aplus-media-library-service-media\/e1a90f6d-346c-4856-98a9-1e45814f1488.__CR0,0,2000,2000_PT0_SX220_V1___.jpg\"><img decoding=\"async\" alt=\"msi-mag_321upx_qd-oled-e_tailer_page-feature_8\" src=\"https:\/\/m.media-amazon.com\/images\/S\/aplus-media-library-service-media\/e1a90f6d-346c-4856-98a9-1e45814f1488.__CR0,0,2000,2000_PT0_SX220_V1___.jpg\">  <\/p>\n<p>                                                    Conectividad de Primera                                     <\/p>\n<p class=\"a-size-small\"> Conectividad de pantalla: <\/p>\n<p class=\"a-size-small\">\n<p>DisplayPort   1.4a: 3840 x 2160 (240 Hz max.)   2 x HDMI   2.1: 3840 x 2160 (240 Hz max.)   USB   Type-C: 3840 x 2160 (240 Hz max. DP alt.) con suministro de energ\u00eda de 15 W     <\/p>\n<p>                         Add To Basket  <\/p>\n<p>                         Add To Basket  <\/p>\n<p>                         Add To Basket  <\/p>\n<p>                         Add To Basket  <\/p>\n<p>                             Customer Reviews  <\/p>\n<p>                    4.7 out of 5 stars  584  <\/p>\n<p>                    4.7 out of 5 stars  584  <\/p>\n<p>                    4.8 out of 5 stars  13,163  <\/p>\n<p>                    4.3 out of 5 stars  66  <\/p>\n<p>                             Price  <\/p>\n<p>                                    \u20ac781.76\u20ac781.76                  \u20ac781.76\u20ac781.76                  \u20ac99.98\u20ac99.98                  \u20ac757.49\u20ac757.49              <\/p>\n<p>                             Tama\u00f1o Pantalla<br \/>\n                                26.5 Pulgadas (67.31 cm)               26.5 Pulgadas (67.31 cm)               31.5 Pulgadas (80 cm)               31.5 Pulgadas (80 cm)              <\/p>\n<p>                             Tipo de Panel<br \/>\n                                QD-OLED               QD-OLED               QD-OLED               QD-OLED              <\/p>\n<p>                             Resoluci\u00f3n Nativa \/ Relaci\u00f3n de Aspecto<br \/>\n                                2560 x 1440 (WQHD) \/ 16:9               2560 x 1440 (WQHD) \/ 16:9               3840 x 2160 (UHD) \/ 16:9               3840 x 2160 (UHD) \/ 16:9              <\/p>\n<p>                             Frecuencia Actualizaci\u00f3n \/ Tiempo de Respuesta<br \/>\n                                360 Hz \/ 0.03 ms               360 Hz \/ 0.03 ms               240 Hz \/ 0.03 ms               240 Hz \/ 0.03 ms              <\/p>\n<p>                             Sincronizaci\u00f3n Adaptativa<br \/>\n                                Adaptive Sync               Adaptive Sync               Adaptive Sync               Adaptive Sync              <\/p>\n<p>                             Brillo Imagen<br \/>\n                                Base 250 nits, Pico 1000 nits               Base 250 nits, Pico 1000 nits               Base 250 nits, Pico 1000 nits               Base 250 nits, Pico 1000 nits              <\/p>\n<p>                             Gama Colores de Imagen DCI-P3 \/ sRGB<br \/>\n                                99% \/ NA               99% \/ NA               99% \/ NA               99% \/ NA              <\/p>\n<p>                             Relaci\u00f3n de Contraste de Imagen<br \/>\n                                1500000:1 (Native)               1500000:1 (Native)               1500000:1 (Native)               1500000:1 (Native)              <\/p>\n<p>                             Conectividad<br \/>\n                                1 x DP (1.4a), 2 x HDMI (2.1b), 1 x USB Type-C (DP alt. &amp; 15W PD)               1 x DP (1.4a), 2 x HDMI (2.1b), 1 x USB Type-C (DP alt. &amp; 90W PD) &#8211; KVM 1.0               1 x DP (1.4a), 2 x HDMI (2.1b), 1 x USB Type-C (DP alt. &amp; 15W PD)               1 x DP (1.4a), 2 x HDMI (2.1b), 1 x USB Type-C (DP alt. &amp; 90W PD) &#8211; KVM 1.0              <\/p>\n<p>                             Soporte (Stand)<br \/>\n                                Pivote: -90\u00b0~90\u00b0, Inclinaci\u00f3n: -5\u00b0~20\u00b0, Giro: -30\u00b0~30\u00b0, Altura: 0~110 mm (Montaje VESA: 100mm)               Pivote: -90\u00b0~90\u00b0, Inclinaci\u00f3n: -5\u00b0~20\u00b0, Giro: -30\u00b0~30\u00b0, Altura: 0~110 mm (Montaje VESA: 100mm) &#8211; Mystic Light Ambient RGB               Pivote: -10\u00b0~10\u00b0, Inclinaci\u00f3n: -5\u00b0~20\u00b0, Giro: -30\u00b0~30\u00b0, Altura: 0~110 mm (Montaje VESA: 100mm)               Pivote: -10\u00b0~10\u00b0, Inclinaci\u00f3n: -5\u00b0~20\u00b0, Giro: -30\u00b0~30\u00b0, Altura: 0~110 mm (Montaje VESA: 100mm), Mystic Light Ambient RGB              <\/p>\n<p> Language                                            \u200f                                            :                                            \u200e                                            English   <br \/> Product Dimensions                                            \u200f                                            :                                            \u200e                                            24.2 x 71.7 x 45.7 cm; 9.1 kg   <br \/> Manufacturer                                            \u200f                                            :                                            \u200e                                            MSI   <br \/> ASIN                                            \u200f                                            :                                            \u200e                                            B0CRNDCVK1   <br \/> Item model number                                            \u200f                                            :                                            \u200e                                            9S6-3DD39T-007 9S6-3DD39T-001   <br \/> Country of origin                                            \u200f                                            :                                            \u200e                                            Spain   <br \/> Guaranteed software updates until                                            \u200f                                            :                                            \u200e                                            unknown   <br \/>  Customer reviews:                                                                                            4.7               4.7 out of 5 stars                                  (584)                                              var dpAcrHasRegisteredArcLinkClickAction;                    P.when(&#8216;A&#8217;, &#8216;ready&#8217;).execute(function(A) {                        if (dpAcrHasRegisteredArcLinkClickAction !== true) {                            dpAcrHasRegisteredArcLinkClickAction = true;                            A.declarative(                                &#8216;acrLink-click-metrics&#8217;, &#8216;click&#8217;,                                { \u00aballowLinkDefault\u00bb: true },                                function (event) {                                    if (window.ue) {                                        ue.count(\u00abacrLinkClickCount\u00bb, (ue.count(\u00abacrLinkClickCount\u00bb) || 0) + 1);                                    }                                }                            );                        }                    });                                             P.when(&#8216;A&#8217;, &#8216;cf&#8217;).execute(function(A) {                A.declarative(&#8216;acrStarsLink-click-metrics&#8217;, &#8216;click&#8217;, { \u00aballowLinkDefault\u00bb : true },  function(event){                    if(window.ue) {                        ue.count(\u00abacrStarsLinkWithPopoverClickCount\u00bb, (ue.count(\u00abacrStarsLinkWithPopoverClickCount\u00bb) || 0) + 1);                    }                });            });                          <\/p>\n<p>QUANTUM DOT OLED &#8211; The MSI MAG 321UPX QD-OLED gaming monitor combines 10-bit Quantum Dot color conversion with self-emitting OLED pixels for unparalleled levels of darkness and elite response time; an optimized subpixel arrangement<br \/>31.5&#8243; UHD, 10-BIT COLOR: One Quantum Dot OLED panel displays 1.07 billion colors (10-bit, 99% DCI-P3) with Delta E \u22642 color accuracy; VESA DisplayHDR True Black 400 certified (native contrast ratio 1500000:1) and up to 1000 nit<br \/>240Hz refresh rate, 0.03ms response time: an optimal 240Hz refresh rate and low 0.03ms (GtG) response time for a VESA ClearMR 13000 rating; a graphene heatsink optimizes durability<br \/>OLED CARE 2.0: MSI OLED Care 2.0 helps prevent burnout, AI (Smart Crosshair) compatible software, console modes and gaming assistance (Optix Scope); PiP\/PbP compatible; incorporates a 4-way adjustable stand (VESA 100mm)<br \/>Cutting-edge connectivity \u2013 Interface options for PC, Mac, consoles, and laptops (all UHD\/240Hz) include DisplayPort 1.4a, HDMI 2.1 CEC and USB Type-C ports with Power Delivery (15W)<\/p>\n\n","protected":false},"excerpt":{"rendered":"<p> From the manufacturer MSI: Para Gamers y Creators MSI es el nombre m\u00e1s reconocido en<\/p>","protected":false},"featured_media":37765,"comment_status":"open","ping_status":"closed","template":"","meta":[],"product_brand":[],"product_cat":[54],"product_tag":[1299,1436,1791,1298,5870,1789,307,1787,1788,1792,1784,1786,1783,1790,1305,3624,5872,617,544,429,844,1262,884,1033,4808,5871,685,381,684,1785,133,8074],"class_list":{"0":"post-37764","1":"product","2":"type-product","3":"status-publish","4":"has-post-thumbnail","6":"product_cat-curved-monitors","7":"product_tag-0-03ms","8":"product_tag-1-4a","9":"product_tag-144hz-curved-monitor","10":"product_tag-240hz","11":"product_tag-321upx","12":"product_tag-best-curved-monitor","13":"product_tag-black","14":"product_tag-curved-27-inch-monitor","15":"product_tag-curved-32-inch-monitor","16":"product_tag-curved-computer-monitor","17":"product_tag-curved-gaming-monitor","18":"product_tag-curved-led-monitor","19":"product_tag-curved-monitor","20":"product_tag-curved-monitor-price","21":"product_tag-dcip3","22":"product_tag-displayhdr","23":"product_tag-dot","24":"product_tag-gaming","25":"product_tag-hdmi","26":"product_tag-mag","27":"product_tag-monitor","28":"product_tag-msi","29":"product_tag-oled","30":"product_tag-panel","31":"product_tag-qdoled","32":"product_tag-quantum","33":"product_tag-true","34":"product_tag-typec","35":"product_tag-uhd","36":"product_tag-ultrawide-curved-monitor","37":"product_tag-usb","38":"product_tag-e2","40":"first","41":"instock","42":"shipping-taxable","43":"product-type-external"},"_links":{"self":[{"href":"https:\/\/comprasyconsejos.store\/en\/wp-json\/wp\/v2\/product\/37764","targetHints":{"allow":["GET"]}}],"collection":[{"href":"https:\/\/comprasyconsejos.store\/en\/wp-json\/wp\/v2\/product"}],"about":[{"href":"https:\/\/comprasyconsejos.store\/en\/wp-json\/wp\/v2\/types\/product"}],"replies":[{"embeddable":true,"href":"https:\/\/comprasyconsejos.store\/en\/wp-json\/wp\/v2\/comments?post=37764"}],"version-history":[{"count":0,"href":"https:\/\/comprasyconsejos.store\/en\/wp-json\/wp\/v2\/product\/37764\/revisions"}],"wp:featuredmedia":[{"embeddable":true,"href":"https:\/\/comprasyconsejos.store\/en\/wp-json\/wp\/v2\/media\/37765"}],"wp:attachment":[{"href":"https:\/\/comprasyconsejos.store\/en\/wp-json\/wp\/v2\/media?parent=37764"}],"wp:term":[{"taxonomy":"product_brand","embeddable":true,"href":"https:\/\/comprasyconsejos.store\/en\/wp-json\/wp\/v2\/product_brand?post=37764"},{"taxonomy":"product_cat","embeddable":true,"href":"https:\/\/comprasyconsejos.store\/en\/wp-json\/wp\/v2\/product_cat?post=37764"},{"taxonomy":"product_tag","embeddable":true,"href":"https:\/\/comprasyconsejos.store\/en\/wp-json\/wp\/v2\/product_tag?post=37764"}],"curies":[{"name":"wp","href":"https:\/\/api.w.org\/{rel}","templated":true}]}}