{"id":37794,"date":"2026-03-05T18:13:35","date_gmt":"2026-03-05T18:13:35","guid":{"rendered":"https:\/\/comprasyconsejos.store\/product\/lazmin112-gaming-graphics-card-550ti-gddr5-6gb-128bit-pc-video-card-3400mhz-memory-800mhz-core-dual-fan-pci-e-2-0-hdmi-vga-dvi-interface-for-office-gaming-gtx550ti-8gb\/"},"modified":"2026-03-05T18:13:39","modified_gmt":"2026-03-05T18:13:39","slug":"lazmin112-gaming-graphics-card-550ti-gddr5-6gb-128bit-pc-video-card-3400mhz-memory-800mhz-core-dual-fan-pci-e-2-0-hdmi-vga-dvi-interface-for-office-gaming-gtx550ti-8gb","status":"publish","type":"product","link":"https:\/\/comprasyconsejos.store\/en\/product\/lazmin112-gaming-graphics-card-550ti-gddr5-6gb-128bit-pc-video-card-3400mhz-memory-800mhz-core-dual-fan-pci-e-2-0-hdmi-vga-dvi-interface-for-office-gaming-gtx550ti-8gb\/","title":{"rendered":"Lazmin112 Gaming Graphics Card, 550Ti GDDR5 6GB 128BIT PC Video Card, 3400MHZ Memory 800MHZ Core, Dual Fan, PCI E 2.0 HDMI VGA DVI Interface, for Office Gaming (GTX550Ti 8GB)"},"content":{"rendered":"<p>Price: <span style=\"color:#b12704\">\u20ac85.60<\/span><br \/><i><small>(as of Mar 05, 2026 18:13:36 UTC &#8211; <span class=\"wp_automatic_amazon_disclaimer\" title=\"Product prices and availability are accurate as of the date\/time indicated and are subject to change. Any price and availability information displayed on [relevant Amazon Site(s), as applicable] at the time of purchase will apply to the purchase of this product.\">Details<\/span>)<\/small><\/i><\/p>\n<p><a href=\"https:\/\/amazon.es\/dp\/B0CD6RH83K?tag=man008-21\"><img decoding=\"async\" src=\"https:\/\/valvepress.s3.amazonaws.com\/imgs\/buy_now.png\"><\/a><br \/>\n<\/p>\n<p>                                             Product Description   <\/p>\n<p>                                                                             <img decoding=\"async\" alt=\"1\" src=\"https:\/\/images-na.ssl-images-amazon.com\/images\/G\/01\/x-locale\/common\/grey-pixel.gif\" class=\"a-spacing-base a-lazy-loaded\" data-src=\"https:\/\/m.media-amazon.com\/images\/S\/aplus-media-library-service-media\/df7c2215-519f-4772-b578-5b480a68fff0.__CR0,0,970,600_PT0_SX970_V1___.png\"><img decoding=\"async\" alt=\"1\" src=\"https:\/\/m.media-amazon.com\/images\/S\/aplus-media-library-service-media\/df7c2215-519f-4772-b578-5b480a68fff0.__CR0,0,970,600_PT0_SX970_V1___.png\">                                                                    <\/p>\n<p class=\"apm-text-center\">\n                                                      <img decoding=\"async\" alt=\"1\" src=\"https:\/\/images-na.ssl-images-amazon.com\/images\/G\/01\/x-locale\/common\/grey-pixel.gif\" class=\"a-spacing-mini a-lazy-loaded\" data-src=\"https:\/\/m.media-amazon.com\/images\/S\/aplus-media-library-service-media\/417b2b75-9844-494e-b300-0cc19f895072.__CR0,0,300,300_PT0_SX300_V1___.png\"><img decoding=\"async\" alt=\"1\" src=\"https:\/\/m.media-amazon.com\/images\/S\/aplus-media-library-service-media\/417b2b75-9844-494e-b300-0cc19f895072.__CR0,0,300,300_PT0_SX300_V1___.png\">  <\/p>\n<p>                                                    TECNOLOG\u00cdA DIRECTX 11                                       <\/p>\n<p> La tarjeta gr\u00e1fica con Microsoft DirectX 11 <\/p>\n<p> (DX11) la tecnolog\u00eda te ofrece rapidez <\/p>\n<p> Rendimiento, una frecuencia de memoria de 3400 MHz. <\/p>\n<p> por segundo y menor latencia. <\/p>\n<p class=\"apm-text-center\">\n                                                      <img decoding=\"async\" alt=\"1\" src=\"https:\/\/images-na.ssl-images-amazon.com\/images\/G\/01\/x-locale\/common\/grey-pixel.gif\" class=\"a-spacing-mini a-lazy-loaded\" data-src=\"https:\/\/m.media-amazon.com\/images\/S\/aplus-media-library-service-media\/1ffb32bb-1ed9-4b0b-93af-334b47f22e5b.__CR0,0,300,300_PT0_SX300_V1___.png\"><img decoding=\"async\" alt=\"1\" src=\"https:\/\/m.media-amazon.com\/images\/S\/aplus-media-library-service-media\/1ffb32bb-1ed9-4b0b-93af-334b47f22e5b.__CR0,0,300,300_PT0_SX300_V1___.png\">  <\/p>\n<p>                                                    REFRIGERACI\u00d3N POR AIRE DOBLE                                       <\/p>\n<p> La tarjeta gr\u00e1fica para juegos con dos ventiladores <\/p>\n<p> Enfriamiento que asegura doble flujo de aire <\/p>\n<p> asegura, ofrece una potente refrigeraci\u00f3n <\/p>\n<p> Jugar. <\/p>\n<p class=\"apm-text-center\">\n                                                      <img decoding=\"async\" alt=\"1\" src=\"https:\/\/images-na.ssl-images-amazon.com\/images\/G\/01\/x-locale\/common\/grey-pixel.gif\" class=\"a-spacing-mini a-lazy-loaded\" data-src=\"https:\/\/m.media-amazon.com\/images\/S\/aplus-media-library-service-media\/ff4b35ff-474b-4d95-9c83-4f7aad62e62b.__CR0,0,300,300_PT0_SX300_V1___.png\"><img decoding=\"async\" alt=\"1\" src=\"https:\/\/m.media-amazon.com\/images\/S\/aplus-media-library-service-media\/ff4b35ff-474b-4d95-9c83-4f7aad62e62b.__CR0,0,300,300_PT0_SX300_V1___.png\">  <\/p>\n<p>                                                    SALIDA M\u00daLTIPLE                                       <\/p>\n<p> La tarjeta gr\u00e1fica GTX550Ti tiene una <\/p>\n<p> Puerto DVI, VGA y HDMI <\/p>\n<p> para visualizaci\u00f3n simult\u00e1nea en varios <\/p>\n<p> Dispositivos. <\/p>\n<p>                                                  <img decoding=\"async\" alt=\"1\" src=\"https:\/\/images-na.ssl-images-amazon.com\/images\/G\/01\/x-locale\/common\/grey-pixel.gif\" class=\"a-lazy-loaded\" data-src=\"https:\/\/m.media-amazon.com\/images\/S\/aplus-media-library-service-media\/7aa78296-52f4-4ff5-955d-98d9401aae97.__CR0,0,970,300_PT0_SX970_V1___.png\"><img decoding=\"async\" alt=\"1\" src=\"https:\/\/m.media-amazon.com\/images\/S\/aplus-media-library-service-media\/7aa78296-52f4-4ff5-955d-98d9401aae97.__CR0,0,970,300_PT0_SX970_V1___.png\">  <\/p>\n<p> Especificaci\u00f3n: <\/p>\n<p> Tipo de art\u00edculo: Tarjeta gr\u00e1fica <\/p>\n<p> Material del producto: Metal, electr\u00f3nico <\/p>\n<p> Tipo de tarjeta gr\u00e1fica: GTX550Ti 8GB <\/p>\n<p> N\u00facleo de tarjeta gr\u00e1fica: GF116 <\/p>\n<p> Capacidad de memoria: 8192M(8GB) <\/p>\n<p> Tipo de memoria: GDDR5 <\/p>\n<p> Ancho de bit de memoria: 128bit <\/p>\n<p> Frecuencia de memoria: 3400MHZ <\/p>\n<p> Frecuencia central: 800MHZ <\/p>\n<p> Unidad de procesador de flujo (SP): 192 <\/p>\n<p> Interfaz de bus: PCI Express 2.0 <\/p>\n<p> Resoluci\u00f3n m\u00e1xima: 2560&#215;1600 <\/p>\n<p> Compatibilidad con DirectX: DirectX11 <\/p>\n<p> Consumo de energ\u00eda de gr\u00e1ficos: 90 W <\/p>\n<p> Fuente de alimentaci\u00f3n externa: s\u00ed <\/p>\n<p> Alimentaci\u00f3n recomendada Fuente: 300W <\/p>\n<p> Tarjeta gr\u00e1fica Refrigeraci\u00f3n: Refrigeraci\u00f3n por aire <\/p>\n<p> Interfaz de salida: Interfaz multimedia de alta definici\u00f3n, VGA, DVI <\/p>\n<p> &#8211; <\/p>\n<p> Lista de Empaque: <\/p>\n<p> 1 tarjeta gr\u00e1fica <\/p>\n<p> 1 x l\u00ednea de alimentaci\u00f3n <\/p>\n<p> 1 x CD ROM <\/p>\n<p> Package Dimensions                                            \u200f                                            :                                            \u200e                                            27 x 15 x 6 cm; 572 g   <br \/> Manufacturer                                            \u200f                                            :                                            \u200e                                            Lazmin112   <br \/> ASIN                                            \u200f                                            :                                            \u200e                                            B0CD6RH83K   <br \/> Item model number                                            \u200f                                            :                                            \u200e                                            Lazmin112ebcsf8dra0-11   <br \/> Country\/Region of Origin                                            \u200f                                            :                                            \u200e                                            China   <br \/> Guaranteed software updates until                                            \u200f                                            :                                            \u200e                                            unknown   <br \/>  Customer reviews:                                                                                            4.5               4.5 out of 5 stars                                  (2)                                              var dpAcrHasRegisteredArcLinkClickAction;                    P.when(&#8216;A&#8217;, &#8216;ready&#8217;).execute(function(A) {                        if (dpAcrHasRegisteredArcLinkClickAction !== true) {                            dpAcrHasRegisteredArcLinkClickAction = true;                            A.declarative(                                &#8216;acrLink-click-metrics&#8217;, &#8216;click&#8217;,                                { \u00aballowLinkDefault\u00bb: true },                                function (event) {                                    if (window.ue) {                                        ue.count(\u00abacrLinkClickCount\u00bb, (ue.count(\u00abacrLinkClickCount\u00bb) || 0) + 1);                                    }                                }                            );                        }                    });                                             P.when(&#8216;A&#8217;, &#8216;cf&#8217;).execute(function(A) {                A.declarative(&#8216;acrStarsLink-click-metrics&#8217;, &#8216;click&#8217;, { \u00aballowLinkDefault\u00bb : true },  function(event){                    if(window.ue) {                        ue.count(\u00abacrStarsLinkWithPopoverClickCount\u00bb, (ue.count(\u00abacrStarsLinkWithPopoverClickCount\u00bb) || 0) + 1);                    }                });            });                          <\/p>\n<p>Core: This version 550T 8G is based on the then new second generation Fermi display core manufactured with 40nm process with GF116 core with 1.17 billion transistors, 192 built-in flow processors and 32 texture units, perfect support for DirectX 11 API and 3.0.<br \/>Massive Memory &#8211; In terms of memory, this 550Ti computer graphics card with high-speed GDDR5 memory particles, composed of 8192MB and 128-bit memory specifications, the core, shader and memory frequency of the card are 800MHz, 1600MHz, 3400MHz.<br \/>Output Interface: the output part, using high-definition multimedia interface, VGA, DVI standard interface, computer graphics card can meet the basic needs of users.<br \/>Support:Support various kinds of dual head output mode, computer graphics card supports 3D stereo display and various multi-screen outputs with SLI.<br \/>MEET A VARIETY OF NEEDS &#8211; 550Ti 8GB 128BIT GDDR5 is a rare discrete graphics card on the market, which can meet the requirements of game studios to perform work such as hanging games, account multiplexing.<\/p>\n\n","protected":false},"excerpt":{"rendered":"<p> Product Description TECNOLOG\u00cdA DIRECTX 11 La tarjeta gr\u00e1fica con Microsoft DirectX 11 (DX11) la tecnolog\u00eda<\/p>","protected":false},"featured_media":37795,"comment_status":"open","ping_status":"closed","template":"","meta":[],"product_brand":[],"product_cat":[75],"product_tag":[2586,11338,11337,1434,7268,622,1432,1427,1433,1420,698,298,3201,910,617,1428,3198,599,644,1425,11339,544,3121,11336,511,1426,585,2585,1429,1430,1431,1920,2230],"class_list":{"0":"post-37794","1":"product","2":"type-product","3":"status-publish","4":"has-post-thumbnail","6":"product_cat-graphics-cards","7":"product_tag-128bit","8":"product_tag-3400mhz","9":"product_tag-550ti","10":"product_tag-6gb","11":"product_tag-800mhz","12":"product_tag-8gb","13":"product_tag-8gb-graphics-card","14":"product_tag-amd-radeon-gpu","15":"product_tag-best-gpu","16":"product_tag-card","17":"product_tag-core","18":"product_tag-dual","19":"product_tag-dvi","20":"product_tag-fan","21":"product_tag-gaming","22":"product_tag-gaming-graphics-card","23":"product_tag-gddr5","24":"product_tag-gpu","25":"product_tag-graphics","26":"product_tag-graphics-card","27":"product_tag-gtx550ti","28":"product_tag-hdmi","29":"product_tag-interface","30":"product_tag-lazmin112","31":"product_tag-memory","32":"product_tag-nvidia-rtx-graphics-card","33":"product_tag-office","34":"product_tag-pci","35":"product_tag-rtx-4060","36":"product_tag-rtx-4070","37":"product_tag-rtx-4080","38":"product_tag-vga","39":"product_tag-video","41":"first","42":"instock","43":"shipping-taxable","44":"product-type-external"},"_links":{"self":[{"href":"https:\/\/comprasyconsejos.store\/en\/wp-json\/wp\/v2\/product\/37794","targetHints":{"allow":["GET"]}}],"collection":[{"href":"https:\/\/comprasyconsejos.store\/en\/wp-json\/wp\/v2\/product"}],"about":[{"href":"https:\/\/comprasyconsejos.store\/en\/wp-json\/wp\/v2\/types\/product"}],"replies":[{"embeddable":true,"href":"https:\/\/comprasyconsejos.store\/en\/wp-json\/wp\/v2\/comments?post=37794"}],"version-history":[{"count":0,"href":"https:\/\/comprasyconsejos.store\/en\/wp-json\/wp\/v2\/product\/37794\/revisions"}],"wp:featuredmedia":[{"embeddable":true,"href":"https:\/\/comprasyconsejos.store\/en\/wp-json\/wp\/v2\/media\/37795"}],"wp:attachment":[{"href":"https:\/\/comprasyconsejos.store\/en\/wp-json\/wp\/v2\/media?parent=37794"}],"wp:term":[{"taxonomy":"product_brand","embeddable":true,"href":"https:\/\/comprasyconsejos.store\/en\/wp-json\/wp\/v2\/product_brand?post=37794"},{"taxonomy":"product_cat","embeddable":true,"href":"https:\/\/comprasyconsejos.store\/en\/wp-json\/wp\/v2\/product_cat?post=37794"},{"taxonomy":"product_tag","embeddable":true,"href":"https:\/\/comprasyconsejos.store\/en\/wp-json\/wp\/v2\/product_tag?post=37794"}],"curies":[{"name":"wp","href":"https:\/\/api.w.org\/{rel}","templated":true}]}}