{"id":37809,"date":"2026-03-05T19:18:43","date_gmt":"2026-03-05T19:18:43","guid":{"rendered":"https:\/\/comprasyconsejos.store\/product\/all-in-one-aio-touch-screen-22-full-hd-core-i5-2500t-2-3ghz-win-10-pro-16gb-ram-ssd-240gb-120gb-webcam-touch-screen-internal-speaker-wireless-mouse-and-keyboard-business-computer\/"},"modified":"2026-03-05T19:18:47","modified_gmt":"2026-03-05T19:18:47","slug":"all-in-one-aio-touch-screen-22-full-hd-core-i5-2500t-2-3ghz-win-10-pro-16gb-ram-ssd-240gb-120gb-webcam-touch-screen-internal-speaker-wireless-mouse-and-keyboard-business-computer","status":"publish","type":"product","link":"https:\/\/comprasyconsejos.store\/en\/product\/all-in-one-aio-touch-screen-22-full-hd-core-i5-2500t-2-3ghz-win-10-pro-16gb-ram-ssd-240gb-120gb-webcam-touch-screen-internal-speaker-wireless-mouse-and-keyboard-business-computer\/","title":{"rendered":"All in One AiO Touch Screen | 22&#8243; Full HD Core i5 2500T 2.3GHz Win 10 Pro | 16GB RAM SSD 240GB + 120GB | Webcam Touch Screen Internal Speaker + Wireless Mouse and Keyboard | Business Computer"},"content":{"rendered":"<p>Price: <span style=\"color:#b12704\">\u20ac756.00<\/span><br \/><i><small>(as of Mar 05, 2026 19:18:45 UTC &#8211; <span class=\"wp_automatic_amazon_disclaimer\" title=\"Product prices and availability are accurate as of the date\/time indicated and are subject to change. Any price and availability information displayed on [relevant Amazon Site(s), as applicable] at the time of purchase will apply to the purchase of this product.\">Details<\/span>)<\/small><\/i><\/p>\n<p><a href=\"https:\/\/amazon.es\/dp\/B0DB8RJFB8?tag=man008-21\"><img decoding=\"async\" src=\"https:\/\/valvepress.s3.amazonaws.com\/imgs\/buy_now.png\"><\/a><br \/>\n<\/p>\n<p>                                             Product Description   <\/p>\n<p>                                                                                  <img decoding=\"async\" alt=\"Tres ordenadores de escritorio todo en uno con monitores, teclados y ratones blancos dispuestos uno al lado del otro, que muestran la marca Simpletech\" src=\"https:\/\/m.media-amazon.com\/images\/S\/aplus-media-library-service-media\/9514f5d2-160c-4af5-aa7b-7d5536aa5eb4.__CR0,0,1464,600_PT0_SX1464_V1___.png\">       <\/p>\n<p>                                                                                  <img decoding=\"async\" alt=\"SPA\" src=\"https:\/\/m.media-amazon.com\/images\/S\/aplus-media-library-service-media\/6adf258a-81e7-49df-9b8d-5f15ad270ca5.__CR0,0,1464,600_PT0_SX1464_V1___.png\">       <\/p>\n<p>                                                                                  <img decoding=\"async\" alt=\"sobre el servicio de atenci\u00f3n al cliente. Muestra iconos de comunicaci\u00f3n, apret\u00f3n de manos y herramientas. El texto en espa\u00f1ol hace hincapi\u00e9 en el enfoque centrado en el cliente y\" src=\"https:\/\/m.media-amazon.com\/images\/S\/aplus-media-library-service-media\/6661a688-f1af-4961-b988-b5c75f5435f0.__CR0,0,1464,600_PT0_SX1464_V1___.png\">       <\/p>\n<p>The video showcases the product in use.The video guides you through product setup.The video compares multiple products.The video shows the product being unpacked.<\/p>\n<p>                                                                                              <img decoding=\"async\" alt=\"a+\" src=\"https:\/\/images-na.ssl-images-amazon.com\/images\/G\/01\/x-locale\/common\/grey-pixel.gif\" class=\"a-lazy-loaded\" data-src=\"https:\/\/m.media-amazon.com\/images\/S\/aplus-media-library-service-media\/2b17a93e-a058-4f05-9cc7-aada36416fb1.__CR0,0,300,225_PT0_SX300_V1___.png\"><img decoding=\"async\" alt=\"a+\" src=\"https:\/\/m.media-amazon.com\/images\/S\/aplus-media-library-service-media\/2b17a93e-a058-4f05-9cc7-aada36416fb1.__CR0,0,300,225_PT0_SX300_V1___.png\">                                            ALL IN ONE                                          <\/p>\n<p class=\"aplus-p3\"> Explora nuestra gama de computadoras All-in-One, dise\u00f1adas para cada  necesidad. Encuentra la soluci\u00f3n perfecta, todo en un solo dispositivo. <\/p>\n<p>                                           <img decoding=\"async\" alt=\"Configuraci\u00f3n de computadora de escritorio con unidad de torre y monitor de pantalla plana. El monitor muestra el logotipo azul sobre fondo blanco\" src=\"https:\/\/images-na.ssl-images-amazon.com\/images\/G\/01\/x-locale\/common\/grey-pixel.gif\" class=\"a-lazy-loaded\" data-src=\"https:\/\/m.media-amazon.com\/images\/S\/aplus-media-library-service-media\/64c0db2c-afeb-49fd-a62e-2e552e5e9fe0.__CR0,0,300,225_PT0_SX300_V1___.png\"><img decoding=\"async\" alt=\"Configuraci\u00f3n de computadora de escritorio con unidad de torre y monitor de pantalla plana. El monitor muestra el logotipo azul sobre fondo blanco\" src=\"https:\/\/m.media-amazon.com\/images\/S\/aplus-media-library-service-media\/64c0db2c-afeb-49fd-a62e-2e552e5e9fe0.__CR0,0,300,225_PT0_SX300_V1___.png\">                                            Desktop PC y Monitores                                          <\/p>\n<p class=\"aplus-p3\"> Crea tu configuraci\u00f3n ideal con nuestra selecci\u00f3n de Desktop <\/p>\n<p class=\"aplus-p3\"> Descubre la versatilidad de nuestros monitores ofreci\u00e9ndote la mejor  experiencia visua <\/p>\n<p>                                           <img decoding=\"async\" alt=\"a+\" src=\"https:\/\/images-na.ssl-images-amazon.com\/images\/G\/01\/x-locale\/common\/grey-pixel.gif\" class=\"a-lazy-loaded\" data-src=\"https:\/\/m.media-amazon.com\/images\/S\/aplus-media-library-service-media\/e1d1767a-dfcf-46f2-a58d-5fc8279b38ed.__CR0,0,300,225_PT0_SX300_V1___.png\"><img decoding=\"async\" alt=\"a+\" src=\"https:\/\/m.media-amazon.com\/images\/S\/aplus-media-library-service-media\/e1d1767a-dfcf-46f2-a58d-5fc8279b38ed.__CR0,0,300,225_PT0_SX300_V1___.png\">                                            Rugged y Mini PC                                          <\/p>\n<p class=\"aplus-p3\"> Rugged resistencia extrema en condiciones dif\u00edciles. Mini PC potencia compacta. <\/p>\n<p class=\"aplus-p3\"> Soluciones de computaci\u00f3n vers\u00e1tiles adecuadas para cualquier entorno <\/p>\n<p>                                           <img decoding=\"async\" alt=\"a+\" src=\"https:\/\/images-na.ssl-images-amazon.com\/images\/G\/01\/x-locale\/common\/grey-pixel.gif\" class=\"a-lazy-loaded\" data-src=\"https:\/\/m.media-amazon.com\/images\/S\/aplus-media-library-service-media\/52e7c48b-6d16-40a5-9c6a-245c350e1c8f.__CR0,0,300,225_PT0_SX300_V1___.png\"><img decoding=\"async\" alt=\"a+\" src=\"https:\/\/m.media-amazon.com\/images\/S\/aplus-media-library-service-media\/52e7c48b-6d16-40a5-9c6a-245c350e1c8f.__CR0,0,300,225_PT0_SX300_V1___.png\">                                            POS e Impresoras T\u00e9rmicas                                         <\/p>\n<p class=\"aplus-p3\"> Soluciones POS de vanguardia: gesti\u00f3n intuitiva y an\u00e1lisis detallados.  Impresoras t\u00e9rmicas r\u00e1pidas y precisas para m\u00e1xima eficiencia  empresarial <\/p>\n<h3>\n<p class=\"aplus-question aplus-p1\"> Desde d\u00f3nde env\u00edan?  <\/p>\n<\/h3>\n<p class=\"aplus-answer aplus-p2\"> En Simpletek operamos desde un almac\u00e9n y laboratorio ubicado en Arezzo, en la Toscana. Aqu\u00ed es donde seleccionamos, procesamos y enviamos nuestros productos con cuidado y precisi\u00f3n. <\/p>\n<h3>\n<p class=\"aplus-question aplus-p1\"> Qu\u00e9 tipo de productos ofrecen? <\/p>\n<\/h3>\n<p class=\"aplus-answer aplus-p2\"> Nuestra gama de productos incluye art\u00edculos nuevos o reacondicionados, estos \u00faltimos clasificados como Grado A, B y C. <\/p>\n<h3>\n<p class=\"aplus-question aplus-p1\"> C\u00f3mo se clasifican los productos reacondicionados? <\/p>\n<\/h3>\n<p class=\"aplus-answer aplus-p2\"> Grado A: M\u00ednimos defectos est\u00e9ticos. <\/p>\n<p class=\"aplus-answer aplus-p2\"> Grado B: Ara\u00f1azos visibles o puntos de luminancia. <\/p>\n<p class=\"aplus-answer aplus-p2\"> Grado C: Da\u00f1os evidentes, como golpes o abolladuras. <\/p>\n<h3>\n<p class=\"aplus-question aplus-p1\"> C\u00f3mo se gestiona la calidad de los productos reacondicionados? <\/p>\n<\/h3>\n<p class=\"aplus-answer aplus-p2\"> Independientemente de los defectos que puedan tener en cada grado, nos comprometemos a probar el hardware, garantizando su calidad y funcionalidad. <\/p>\n<h3>\n<p class=\"aplus-question aplus-p1\"> Es posible recibir asistencia durante la compra? <\/p>\n<\/h3>\n<p class=\"aplus-answer aplus-p2\"> Absolutamente, nos enorgullecemos de ofrecer asistencia tanto antes como despu\u00e9s de la compra. <\/p>\n<p> Manufacturer                                            \u200f                                            :                                            \u200e                                            SIMPLETEK   <br \/> ASIN                                            \u200f                                            :                                            \u200e                                            B0DB8RJFB8   <br \/> Item model number                                            \u200f                                            :                                            \u200e                                            SIM &#8211; ART &#8211; 0821   <br \/> Guaranteed software updates until                                            \u200f                                            :                                            \u200e                                            unknown   <\/p>\n<p>Powerful and Reliable: Intel Core i5-2500T at 2.30GHz<br \/>STYLISH AND FUNCTIONAL &#8211; 21.5&#8243; Full HD display for crisp, detailed viewing \ufe0f<br \/>Versatile Memory Expansion &#8211; 2 DDR3 SODIMM slots, up to 16GB RAM for uncompromised performance<br \/>FULL CONNECTION &#8211; Built-in WiFi 5, Bluetooth 4.2 for advanced wireless connectivity<br \/>EASY CONNECTION &#8211; USB 2.0 ports and VGA video output, HDMI for simple and fast connections \ufe0f<br \/>Ready to use: Windows Professional preloaded, ready for action<\/p>\n\n","protected":false},"excerpt":{"rendered":"<p> Product Description The video showcases the product in use.The video guides you through product setup.The<\/p>","protected":false},"featured_media":37810,"comment_status":"open","ping_status":"closed","template":"","meta":[],"product_brand":[],"product_cat":[89],"product_tag":[6510,509,6311,5708,6310,3683,777,776,785,778,782,595,784,539,698,560,783,1120,518,767,780,163,587,842,779,1930,513,515,781,545,586,226],"class_list":{"0":"post-37809","1":"product","2":"type-product","3":"status-publish","4":"has-post-thumbnail","6":"product_cat-all-in-one-pcs","7":"product_tag-120gb","8":"product_tag-16gb","9":"product_tag-2-3ghz","10":"product_tag-240gb","11":"product_tag-2500t","12":"product_tag-aio","13":"product_tag-all-in-one-desktop","14":"product_tag-all-in-one-pc","15":"product_tag-all-in-one-pc-price","16":"product_tag-apple-imac","17":"product_tag-best-all-in-one-computer","18":"product_tag-business","19":"product_tag-compact-pc","20":"product_tag-computer","21":"product_tag-core","22":"product_tag-full","23":"product_tag-gaming-all-in-one-pc","24":"product_tag-internal","25":"product_tag-keyboard","26":"product_tag-mouse","27":"product_tag-office-all-in-one-pc","28":"product_tag-pro","29":"product_tag-ram","30":"product_tag-screen","31":"product_tag-slim-all-in-one-pc","32":"product_tag-speaker","33":"product_tag-ssd","34":"product_tag-touch","35":"product_tag-touchscreen-all-in-one-pc","36":"product_tag-webcam","37":"product_tag-win","38":"product_tag-wireless","40":"first","41":"instock","42":"shipping-taxable","43":"product-type-external"},"_links":{"self":[{"href":"https:\/\/comprasyconsejos.store\/en\/wp-json\/wp\/v2\/product\/37809","targetHints":{"allow":["GET"]}}],"collection":[{"href":"https:\/\/comprasyconsejos.store\/en\/wp-json\/wp\/v2\/product"}],"about":[{"href":"https:\/\/comprasyconsejos.store\/en\/wp-json\/wp\/v2\/types\/product"}],"replies":[{"embeddable":true,"href":"https:\/\/comprasyconsejos.store\/en\/wp-json\/wp\/v2\/comments?post=37809"}],"version-history":[{"count":0,"href":"https:\/\/comprasyconsejos.store\/en\/wp-json\/wp\/v2\/product\/37809\/revisions"}],"wp:featuredmedia":[{"embeddable":true,"href":"https:\/\/comprasyconsejos.store\/en\/wp-json\/wp\/v2\/media\/37810"}],"wp:attachment":[{"href":"https:\/\/comprasyconsejos.store\/en\/wp-json\/wp\/v2\/media?parent=37809"}],"wp:term":[{"taxonomy":"product_brand","embeddable":true,"href":"https:\/\/comprasyconsejos.store\/en\/wp-json\/wp\/v2\/product_brand?post=37809"},{"taxonomy":"product_cat","embeddable":true,"href":"https:\/\/comprasyconsejos.store\/en\/wp-json\/wp\/v2\/product_cat?post=37809"},{"taxonomy":"product_tag","embeddable":true,"href":"https:\/\/comprasyconsejos.store\/en\/wp-json\/wp\/v2\/product_tag?post=37809"}],"curies":[{"name":"wp","href":"https:\/\/api.w.org\/{rel}","templated":true}]}}