{"id":37848,"date":"2026-03-05T22:24:49","date_gmt":"2026-03-05T22:24:49","guid":{"rendered":"https:\/\/comprasyconsejos.store\/product\/tp-link-wireless-usb-wifi-adapter-compatible-with-raspberry-pi-n-300mbps-mi-mo-wps-ap-soft-tl-wn821n-white\/"},"modified":"2026-03-05T22:24:49","modified_gmt":"2026-03-05T22:24:49","slug":"tp-link-wireless-usb-wifi-adapter-compatible-with-raspberry-pi-n-300mbps-mi-mo-wps-ap-soft-tl-wn821n-white","status":"publish","type":"product","link":"https:\/\/comprasyconsejos.store\/en\/product\/tp-link-wireless-usb-wifi-adapter-compatible-with-raspberry-pi-n-300mbps-mi-mo-wps-ap-soft-tl-wn821n-white\/","title":{"rendered":"TP-Link Wireless USB WiFi Adapter Compatible with Raspberry Pi, N 300Mbps, Mi-MO, WPS, Ap Soft (TL-WN821N), White"},"content":{"rendered":"<p>Price: <span style=\"color:#b12704\"><del>\u20ac12.90<\/del> - \u20ac9.99<\/span><br \/><i><small>(as of Mar 05, 2026 22:24:49 UTC &#8211; <span class=\"wp_automatic_amazon_disclaimer\" title=\"Product prices and availability are accurate as of the date\/time indicated and are subject to change. Any price and availability information displayed on [relevant Amazon Site(s), as applicable] at the time of purchase will apply to the purchase of this product.\">Details<\/span>)<\/small><\/i><\/p>\n<p><a href=\"https:\/\/amazon.es\/dp\/B00194XKXA?tag=man008-21\"><img decoding=\"async\" src=\"https:\/\/valvepress.s3.amazonaws.com\/imgs\/buy_now.png\"><\/a><br \/>\n<\/p>\n<p>                                             From the manufacturer   <\/p>\n<p>                                                      <img decoding=\"async\" alt=\"\" src=\"https:\/\/images-na.ssl-images-amazon.com\/images\/G\/01\/x-locale\/common\/grey-pixel.gif\" class=\"a-spacing-mini a-lazy-loaded\" data-src=\"https:\/\/m.media-amazon.com\/images\/G\/30\/aplusautomation\/vendorimages\/657f166c-4cbb-4456-b388-fb09b9482388.jpg._CB485971560__SR285,285_.jpg\"><img decoding=\"async\" alt=\"\" src=\"https:\/\/m.media-amazon.com\/images\/G\/30\/aplusautomation\/vendorimages\/657f166c-4cbb-4456-b388-fb09b9482388.jpg._CB485971560__SR285,285_.jpg\">  <\/p>\n<p>                                                              <img decoding=\"async\" alt=\"\" src=\"https:\/\/images-na.ssl-images-amazon.com\/images\/G\/01\/x-locale\/common\/grey-pixel.gif\" class=\"a-spacing-mini a-lazy-loaded\" data-src=\"https:\/\/m.media-amazon.com\/images\/G\/30\/aplusautomation\/vendorimages\/88c21d53-3711-4a6d-ad0f-531214e134a7.jpg._CB485969551__SR230,100_.jpg\"><img decoding=\"async\" alt=\"\" src=\"https:\/\/m.media-amazon.com\/images\/G\/30\/aplusautomation\/vendorimages\/88c21d53-3711-4a6d-ad0f-531214e134a7.jpg._CB485969551__SR230,100_.jpg\">                                          3 A\u00f1os de Garant\u00eda                                 <\/p>\n<p class=\"a-spacing-small a-size-small a-color-secondary\"> TP-LINK ofrece una garant\u00eda de 3 a\u00f1os, en caso de que el producto sea defectuoso, ser\u00e1 reemplazado por TP-LINK, con el fin de ofrecerle un servicio de calidad. <\/p>\n<h3 class=\"a-spacing-mini\"> TL-WN821N Adaptador USB inal\u00e1mbrico N de 300Mbps <\/h3>\n<p>                                          Prestaci\u00f3n                                     <\/p>\n<p class=\"a-spacing-base\"> El adaptador USB inal\u00e1mbrico N TL-WN821N le permite conectar su ordenador de sobremesa o port\u00e1til a una red inal\u00e1mbrica y acceder a ella a alta velocidad. Conforme con el est\u00e1ndar IEEE 802.11n, ofrece una velocidad inal\u00e1mbrica de hasta 300 Mbps, perfecta para jugar online o el v\u00eddeo en streaming <\/p>\n<p>                                                      <img decoding=\"async\" alt=\"\" src=\"https:\/\/images-na.ssl-images-amazon.com\/images\/G\/01\/x-locale\/common\/grey-pixel.gif\" class=\"apm-floatleft a-spacing-mini a-lazy-loaded\" data-src=\"https:\/\/m.media-amazon.com\/images\/G\/30\/aplusautomation\/vendorimages\/19f70869-51f2-49e6-b363-236b0069d87e.jpg._CB485936369__SR100,100_.jpg\"><img decoding=\"async\" alt=\"\" src=\"https:\/\/m.media-amazon.com\/images\/G\/30\/aplusautomation\/vendorimages\/19f70869-51f2-49e6-b363-236b0069d87e.jpg._CB485936369__SR100,100_.jpg\">                                         <\/p>\n<h3 class=\"a-spacing-mini apm-iconheader\"> Tecnolog\u00eda inal\u00e1mbrica N <\/h3>\n<p class=\"a-spacing-base\"> El TL-WN821N incopora la tecnolog\u00eda MIMO (Multiple Input, Multiple Output, m\u00faltiple entrada, m\u00faltiple salida). Ello le permite minimizar las p\u00e9rdidas de se\u00f1al provocadas por la presencia de obst\u00e1culos en las oficinas o apartamentos de gran tama\u00f1o, incluso si se trata de estructuras de acero y hormig\u00f3n. Como resultado de todo ello, es capaz de captar f\u00e1cilmente una se\u00f1al inal\u00e1mbrica emitida a larga distancia a diferencia de si se utiliza un dispositivo 11g de la anterior generaci\u00f3n. <\/p>\n<p>                                                      <img decoding=\"async\" alt=\"\" src=\"https:\/\/images-na.ssl-images-amazon.com\/images\/G\/01\/x-locale\/common\/grey-pixel.gif\" class=\"apm-floatleft a-spacing-mini a-lazy-loaded\" data-src=\"https:\/\/m.media-amazon.com\/images\/G\/30\/aplusautomation\/vendorimages\/9553d195-de70-407e-b348-a029a209e402.jpg._CB485936631__SR100,100_.jpg\"><img decoding=\"async\" alt=\"\" src=\"https:\/\/m.media-amazon.com\/images\/G\/30\/aplusautomation\/vendorimages\/9553d195-de70-407e-b348-a029a209e402.jpg._CB485936631__SR100,100_.jpg\">                                         <\/p>\n<h3 class=\"a-spacing-mini apm-iconheader\"> Tecnolog\u00eda CCA <\/h3>\n<p class=\"a-spacing-base\"> La caracter\u00edstica Clear Channel Assessment (CCA) evita autom\u00e1ticamente los conflictos de canal al utilizar la funci\u00f3n de selecci\u00f3n \u00f3ptima de canal a la vez que maximiza los beneficios del agrupamiento de canales para obtener unas mayores prestaciones inal\u00e1mbricas. <\/p>\n<p>                                                      <img decoding=\"async\" alt=\"\" src=\"https:\/\/images-na.ssl-images-amazon.com\/images\/G\/01\/x-locale\/common\/grey-pixel.gif\" class=\"apm-floatleft a-spacing-mini a-lazy-loaded\" data-src=\"https:\/\/m.media-amazon.com\/images\/G\/30\/aplusautomation\/vendorimages\/6d8d69aa-e9a7-470f-b65d-088f8d104908.jpg._CB485934359__SR100,100_.jpg\"><img decoding=\"async\" alt=\"\" src=\"https:\/\/m.media-amazon.com\/images\/G\/30\/aplusautomation\/vendorimages\/6d8d69aa-e9a7-470f-b65d-088f8d104908.jpg._CB485934359__SR100,100_.jpg\">                                         <\/p>\n<h3 class=\"a-spacing-mini apm-iconheader\"> Encriptaci\u00f3n WEP y WPA2 <\/h3>\n<p class=\"a-spacing-base\"> Dentro del apartado relativo a la seguridad de las conexiones Wi-Fi, es un hecho que la encriptaci\u00f3n WEP ya no es la opci\u00f3n m\u00e1s robusta y segura a la hora de protegerse de amenazas externas. El TL-WN821N emplea los m\u00e9todos de encriptaci\u00f3n WPA\/WPA2 creados por asociaci\u00f3n Wi-Fi Alliance que promueven la interoperatividad y seguridad en las redes inal\u00e1mbricas y las protegen de forma efectiva y eficiente. <\/p>\n<p>                                                      <img decoding=\"async\" alt=\"\" src=\"https:\/\/images-na.ssl-images-amazon.com\/images\/G\/01\/x-locale\/common\/grey-pixel.gif\" class=\"apm-floatleft a-spacing-mini a-lazy-loaded\" data-src=\"https:\/\/m.media-amazon.com\/images\/G\/30\/aplusautomation\/vendorimages\/cc46739c-a710-406b-94bf-b3283a64deb4.jpg._CB485934883__SR100,100_.jpg\"><img decoding=\"async\" alt=\"\" src=\"https:\/\/m.media-amazon.com\/images\/G\/30\/aplusautomation\/vendorimages\/cc46739c-a710-406b-94bf-b3283a64deb4.jpg._CB485934883__SR100,100_.jpg\">                                         <\/p>\n<h3 class=\"a-spacing-mini apm-iconheader\"> Configuraci\u00f3n de seguridad <\/h3>\n<p class=\"a-spacing-base\"> El TL-WN821N es compatible con la funci\u00f3n Wi-Fi Protected Setup (WPS) mediante la cual los usuarios pueden configurar la seguridad de la red con tan s\u00f3lo pulsar el bot\u00f3n QSS (Quick Security Setup) del router para establecer autom\u00e1ticamente una conexi\u00f3n segura WPA2, un modo sensiblemente m\u00e1s seguro que el ofrecido por la encriptaci\u00f3n WEP. Este m\u00e9todo no s\u00f3lo es m\u00e1s r\u00e1pido y seguro que las configuraciones habituales de seguridad, sino que adem\u00e1s es m\u00e1s c\u00f3modo ya que los usuarios no tienen que memorizar contrase\u00f1a alguna. <\/p>\n<p>                         Add To Basket  <\/p>\n<p>                         Add To Basket  <\/p>\n<p>                         Add To Basket  <\/p>\n<p>                             Customer Reviews  <\/p>\n<p>                    3.9 out of 5 stars  847  <\/p>\n<p>                    4.4 out of 5 stars  29,653  <\/p>\n<p>                    4.2 out of 5 stars  1,009  <\/p>\n<p>                    4.2 out of 5 stars  69,973  <\/p>\n<p>                    4.2 out of 5 stars  6,411  <\/p>\n<p>                             Price  <\/p>\n<p>                                    \u20ac30.94\u20ac30.94                  \u20ac10.95\u20ac10.95<br \/>\n                                            \u2014 no data<\/p>\n<p>                                            \u2014 no data<br \/>\n                                                       \u20ac9.99\u20ac9.99        <\/p>\n<p>                             Descripci\u00f3n<br \/>\n                                Banda dual AC1200 &#8211; La siguiente generaci\u00f3n de WiFi               Banda dual AC600 &#8211; La siguiente generaci\u00f3n de WiFi               Banda dual AC600 de Alta Ganancia &#8211; La siguiente generaci\u00f3n de WiFi               Mini Adaptador USB inal\u00e1mbrico N de 300Mbps               Adaptador USB inal\u00e1mbrico N de 300Mbps        <\/p>\n<p>                             Velocidad de transferencia<br \/>\n                                5GHz: 867Mbps 2.4GHz: 300Mbps               5GHz: 433Mbps 2.4GHz: 150Mbps               5GHz: 433Mbps 2.4GHz: 150Mbps               300Mbps               300Mbps        <\/p>\n<p>                             WPS  <\/p>\n<p>                                              \u2713<br \/>\n                                                          no data<\/p>\n<p>                                              \u2713<\/p>\n<p>                                              \u2713<\/p>\n<p>                                              \u2713<\/p>\n<p>                             Interfaces<br \/>\n                                USB 3.0- Hasta 10 veces m\u00e1s r\u00e1pido que USB 2.0               USB 2.0               USB 2.0               USB 2.0               USB 2.0        <\/p>\n<p>                             Antena de Alta Ganancia<br \/>\n                                  no data<br \/>\n                                                              no data<\/p>\n<p>                                              \u2713<br \/>\n                                                          no data<br \/>\n                                                              no data<\/p>\n<p>                             Online Gaming  <\/p>\n<p>                                              \u2713<\/p>\n<p>                                              \u2713<\/p>\n<p>                                              \u2713<\/p>\n<p>                                              \u2713<\/p>\n<p>                                              \u2713<\/p>\n<p>                             HD-Video streaming  <\/p>\n<p>                                              \u2713<\/p>\n<p>                                              \u2713<\/p>\n<p>                                              \u2713<\/p>\n<p>                                              \u2713<\/p>\n<p>                                              \u2713<\/p>\n<p>                             Garant\u00eda TP-LINK<br \/>\n                                3 a\u00f1os               3 a\u00f1os               3 a\u00f1os               3 a\u00f1os               3 a\u00f1os        <\/p>\n<p> Batteries                                            \u200f                                            :                                            \u200e                                            1 AAAA batteries required.   <br \/> Is discontinued by manufacturer                                            \u200f                                            :                                            \u200e                                            No   <br \/> Language                                            \u200f                                            :                                            \u200e                                            German   <br \/> Product Dimensions                                            \u200f                                            :                                            \u200e                                            2.03 x 6.86 x 1.02 cm; 10 g   <br \/> Manufacturer                                            \u200f                                            :                                            \u200e                                            TP-Link   <br \/> ASIN                                            \u200f                                            :                                            \u200e                                            B00194XKXA   <br \/> Item model number                                            \u200f                                            :                                            \u200e                                            TL-WN821N   <br \/> Country\/Region of Origin                                            \u200f                                            :                                            \u200e                                            China   <br \/> Guaranteed software updates until                                            \u200f                                            :                                            \u200e                                            25 April 2022   <br \/>  Customer reviews:                                                                                            4.2               4.2 out of 5 stars                                  (6,411)                                              var dpAcrHasRegisteredArcLinkClickAction;                    P.when(&#8216;A&#8217;, &#8216;ready&#8217;).execute(function(A) {                        if (dpAcrHasRegisteredArcLinkClickAction !== true) {                            dpAcrHasRegisteredArcLinkClickAction = true;                            A.declarative(                                &#8216;acrLink-click-metrics&#8217;, &#8216;click&#8217;,                                { \u00aballowLinkDefault\u00bb: true },                                function (event) {                                    if (window.ue) {                                        ue.count(\u00abacrLinkClickCount\u00bb, (ue.count(\u00abacrLinkClickCount\u00bb) || 0) + 1);                                    }                                }                            );                        }                    });                                             P.when(&#8216;A&#8217;, &#8216;cf&#8217;).execute(function(A) {                A.declarative(&#8216;acrStarsLink-click-metrics&#8217;, &#8216;click&#8217;, { \u00aballowLinkDefault\u00bb : true },  function(event){                    if(window.ue) {                        ue.count(\u00abacrStarsLinkWithPopoverClickCount\u00bb, (ue.count(\u00abacrStarsLinkWithPopoverClickCount\u00bb) || 0) + 1);                    }                });            });                          <\/p>\n<p>EXCELLENT WIRELESS N SPEED \u2013 Up to 300mbps, the best HD video streaming experience or internet calls<br \/>OPERATING SYSTEM &#8211; Compatible with Raspberry Pi, Windows XP \/ 7 \/ 8 \/ 8.1\/10\/11 Mac OS X 10.7~10.10, Linux<br \/>MIMO TECHNOLOGY- Provides a higher level of penetration, wider wireless coverage, better performance and more stability<br \/>SECURITY &#8211; Easy wireless network encryption by simply pressing the wps button<\/p>\n\n","protected":false},"excerpt":{"rendered":"<p> From the manufacturer 3 A\u00f1os de Garant\u00eda TP-LINK ofrece una garant\u00eda de 3 a\u00f1os, en<\/p>","protected":false},"featured_media":37849,"comment_status":"open","ping_status":"closed","template":"","meta":[],"product_brand":[],"product_cat":[72],"product_tag":[4508,144,201,2110,2116,2114,11294,2118,2112,5145,3085,11360,2447,133,2108,205,543,2104,2120,2102,226,2106,10432],"class_list":{"0":"post-37848","1":"product","2":"type-product","3":"status-publish","4":"has-post-thumbnail","6":"product_cat-wifi-sticks","7":"product_tag-300mbps","8":"product_tag-adapter","9":"product_tag-compatible","10":"product_tag-dual-band-wifi-adapter","11":"product_tag-high-speed-wifi-usb","12":"product_tag-laptop-wifi-adapter","13":"product_tag-mimo","14":"product_tag-mini-wifi-adapter","15":"product_tag-pc-wifi-adapter","16":"product_tag-raspberry","17":"product_tag-soft","18":"product_tag-tlwn821n","19":"product_tag-tplink","20":"product_tag-usb","21":"product_tag-usb-wifi-dongle","22":"product_tag-white","23":"product_tag-wifi","24":"product_tag-wifi-stick","25":"product_tag-wifi-stick-price","26":"product_tag-wifi-usb-adapter","27":"product_tag-wireless","28":"product_tag-wireless-usb-adapter","29":"product_tag-wps","31":"first","32":"instock","33":"sale","34":"shipping-taxable","35":"product-type-external"},"_links":{"self":[{"href":"https:\/\/comprasyconsejos.store\/en\/wp-json\/wp\/v2\/product\/37848","targetHints":{"allow":["GET"]}}],"collection":[{"href":"https:\/\/comprasyconsejos.store\/en\/wp-json\/wp\/v2\/product"}],"about":[{"href":"https:\/\/comprasyconsejos.store\/en\/wp-json\/wp\/v2\/types\/product"}],"replies":[{"embeddable":true,"href":"https:\/\/comprasyconsejos.store\/en\/wp-json\/wp\/v2\/comments?post=37848"}],"version-history":[{"count":0,"href":"https:\/\/comprasyconsejos.store\/en\/wp-json\/wp\/v2\/product\/37848\/revisions"}],"wp:featuredmedia":[{"embeddable":true,"href":"https:\/\/comprasyconsejos.store\/en\/wp-json\/wp\/v2\/media\/37849"}],"wp:attachment":[{"href":"https:\/\/comprasyconsejos.store\/en\/wp-json\/wp\/v2\/media?parent=37848"}],"wp:term":[{"taxonomy":"product_brand","embeddable":true,"href":"https:\/\/comprasyconsejos.store\/en\/wp-json\/wp\/v2\/product_brand?post=37848"},{"taxonomy":"product_cat","embeddable":true,"href":"https:\/\/comprasyconsejos.store\/en\/wp-json\/wp\/v2\/product_cat?post=37848"},{"taxonomy":"product_tag","embeddable":true,"href":"https:\/\/comprasyconsejos.store\/en\/wp-json\/wp\/v2\/product_tag?post=37848"}],"curies":[{"name":"wp","href":"https:\/\/api.w.org\/{rel}","templated":true}]}}