{"id":37850,"date":"2026-03-05T22:26:56","date_gmt":"2026-03-05T22:26:56","guid":{"rendered":"https:\/\/comprasyconsejos.store\/product\/tenda-4g03-pro-4g-sim-router-lte-router-cat4-wifi-speed-up-to-300mbps-fdd-and-tdd-plugplay-lan-wan-ethernet-port-charging-with-power-bank-compatible-with-multiple-carriers\/"},"modified":"2026-03-05T22:27:00","modified_gmt":"2026-03-05T22:27:00","slug":"tenda-4g03-pro-4g-sim-router-lte-router-cat4-wifi-speed-up-to-300mbps-fdd-and-tdd-plugplay-lan-wan-ethernet-port-charging-with-power-bank-compatible-with-multiple-carriers","status":"publish","type":"product","link":"https:\/\/comprasyconsejos.store\/en\/product\/tenda-4g03-pro-4g-sim-router-lte-router-cat4-wifi-speed-up-to-300mbps-fdd-and-tdd-plugplay-lan-wan-ethernet-port-charging-with-power-bank-compatible-with-multiple-carriers\/","title":{"rendered":"Tenda 4G03 Pro \u2013 4G SIM Router, LTE Router CAT4, WiFi Speed up to 300Mbps, FDD and TDD, Plug&#038;Play, LAN\/WAN Ethernet Port, Charging with Power Bank, Compatible with Multiple Carriers"},"content":{"rendered":"<p>Price: <span style=\"color:#b12704\"><del>\u20ac44.99<\/del> - \u20ac39.99<\/span><br \/><i><small>(as of Mar 05, 2026 22:26:56 UTC &#8211; <span class=\"wp_automatic_amazon_disclaimer\" title=\"Product prices and availability are accurate as of the date\/time indicated and are subject to change. Any price and availability information displayed on [relevant Amazon Site(s), as applicable] at the time of purchase will apply to the purchase of this product.\">Details<\/span>)<\/small><\/i><\/p>\n<p><a href=\"https:\/\/amazon.es\/dp\/B09M2LNDC1?tag=man008-21\"><img decoding=\"async\" src=\"https:\/\/valvepress.s3.amazonaws.com\/imgs\/buy_now.png\"><\/a><br \/>\n<\/p>\n<p>                                             From the brand   <\/p>\n<p>                                              <img decoding=\"async\" alt=\"\" src=\"https:\/\/images-na.ssl-images-amazon.com\/images\/G\/01\/x-locale\/common\/grey-pixel.gif\" class=\"a-lazy-loaded\" data-src=\"https:\/\/m.media-amazon.com\/images\/S\/aplus-media-library-service-media\/8b1bef09-ca1d-4927-a8cb-a3f92e1b8ee7.__CR0,0,1464,625_PT0_SX1464_V1___.jpg\"><img decoding=\"async\" alt=\"\" src=\"https:\/\/m.media-amazon.com\/images\/S\/aplus-media-library-service-media\/8b1bef09-ca1d-4927-a8cb-a3f92e1b8ee7.__CR0,0,1464,625_PT0_SX1464_V1___.jpg\">  <\/p>\n<h3> Router M\u00f3vil 5G\/4G <\/h3>\n<p class=\"apm-brand-story-stores-link\">\n<h3> Router M\u00f3vil 5G\/4G <\/h3>\n<p class=\"apm-brand-story-stores-link\">\n<p>                                              <img decoding=\"async\" alt=\"El texto dice \u00abPotencie su conectividad con un enrutador 5G\u00bb. Se muestra un dispositivo enrutador cil\u00edndrico blanco sobre un fondo de rayas azules.\" src=\"https:\/\/images-na.ssl-images-amazon.com\/images\/G\/01\/x-locale\/common\/grey-pixel.gif\" class=\"a-lazy-loaded\" data-src=\"https:\/\/m.media-amazon.com\/images\/S\/aplus-media-library-service-media\/fbe7b525-ea03-4117-a6fa-0ba532c72b14.__CR0,0,724,906_PT0_SX362_V1___.png\"><img decoding=\"async\" alt=\"El texto dice \u00abPotencie su conectividad con un enrutador 5G\u00bb. Se muestra un dispositivo enrutador cil\u00edndrico blanco sobre un fondo de rayas azules.\" src=\"https:\/\/m.media-amazon.com\/images\/S\/aplus-media-library-service-media\/fbe7b525-ea03-4117-a6fa-0ba532c72b14.__CR0,0,724,906_PT0_SX362_V1___.png\">  <\/p>\n<p>                                              <img decoding=\"async\" alt=\"\" src=\"https:\/\/images-na.ssl-images-amazon.com\/images\/G\/01\/x-locale\/common\/grey-pixel.gif\" class=\"a-lazy-loaded\" data-src=\"https:\/\/m.media-amazon.com\/images\/S\/aplus-media-library-service-media\/3c7c3889-66e2-4b02-bf5b-45efe224d53d.__CR0,0,362,453_PT0_SX362_V1___.png\"><img decoding=\"async\" alt=\"\" src=\"https:\/\/m.media-amazon.com\/images\/S\/aplus-media-library-service-media\/3c7c3889-66e2-4b02-bf5b-45efe224d53d.__CR0,0,362,453_PT0_SX362_V1___.png\">  <\/p>\n<p>                                              <img decoding=\"async\" alt=\"aplus content image\" src=\"https:\/\/images-na.ssl-images-amazon.com\/images\/G\/01\/x-locale\/common\/grey-pixel.gif\" class=\"a-lazy-loaded\" data-src=\"https:\/\/m.media-amazon.com\/images\/S\/aplus-media-library-service-media\/c13a7bb4-925b-4d1a-8959-a4ac89f22902.__CR0,0,362,453_PT0_SX362_V1___.jpg\"><img decoding=\"async\" alt=\"aplus content image\" src=\"https:\/\/m.media-amazon.com\/images\/S\/aplus-media-library-service-media\/c13a7bb4-925b-4d1a-8959-a4ac89f22902.__CR0,0,362,453_PT0_SX362_V1___.jpg\">  <\/p>\n<p>                                              <img decoding=\"async\" alt=\"\" src=\"https:\/\/images-na.ssl-images-amazon.com\/images\/G\/01\/x-locale\/common\/grey-pixel.gif\" class=\"a-lazy-loaded\" data-src=\"https:\/\/m.media-amazon.com\/images\/S\/aplus-media-library-service-media\/a217e660-9ecb-48d8-be0c-33d21b869776.__CR0,0,315,145_PT0_SX315_V1___.jpg\"><img decoding=\"async\" alt=\"\" src=\"https:\/\/m.media-amazon.com\/images\/S\/aplus-media-library-service-media\/a217e660-9ecb-48d8-be0c-33d21b869776.__CR0,0,315,145_PT0_SX315_V1___.jpg\">  <\/p>\n<p> Comparte WiFi 4G\/5G en Cualquier Lugar <\/p>\n<p> El router 4G\/5G SIM de Tenda es compatible con LTE y puertos Ethernet de respaldo, lo que te permite disfrutar de acceso a Internet sin depender de redes cableadas o de fibra \u00f3ptica. Es la opci\u00f3n ideal para zonas remotas, como \u00e1reas rurales, tiendas temporales o complejos tur\u00edsticos, ya que te permite acceder f\u00e1cilmente a Internet sin importar d\u00f3nde te encuentres. <\/p>\n<p>                                              <img decoding=\"async\" alt=\"aplus content image\" src=\"https:\/\/images-na.ssl-images-amazon.com\/images\/G\/01\/x-locale\/common\/grey-pixel.gif\" class=\"a-lazy-loaded\" data-src=\"https:\/\/m.media-amazon.com\/images\/S\/aplus-media-library-service-media\/fc4c45e8-fa4b-4de3-a5e4-b23b4f969f79.__CR0,0,362,453_PT0_SX362_V1___.jpg\"><img decoding=\"async\" alt=\"aplus content image\" src=\"https:\/\/m.media-amazon.com\/images\/S\/aplus-media-library-service-media\/fc4c45e8-fa4b-4de3-a5e4-b23b4f969f79.__CR0,0,362,453_PT0_SX362_V1___.jpg\">  <\/p>\n<p>                                              <img decoding=\"async\" alt=\"Serie de fotograf\u00edas que muestran instalaciones o modificaciones de veh\u00edculos, con m\u00faltiples \u00e1ngulos de lo que parecen ser equipos o accesorios automotrices.\" src=\"https:\/\/images-na.ssl-images-amazon.com\/images\/G\/01\/x-locale\/common\/grey-pixel.gif\" class=\"a-lazy-loaded\" data-src=\"https:\/\/m.media-amazon.com\/images\/S\/aplus-media-library-service-media\/f4bbe203-f98b-4dce-94b2-eafda1ec509d.__CR0,0,362,453_PT0_SX362_V1___.jpg\"><img decoding=\"async\" alt=\"Serie de fotograf\u00edas que muestran instalaciones o modificaciones de veh\u00edculos, con m\u00faltiples \u00e1ngulos de lo que parecen ser equipos o accesorios automotrices.\" src=\"https:\/\/m.media-amazon.com\/images\/S\/aplus-media-library-service-media\/f4bbe203-f98b-4dce-94b2-eafda1ec509d.__CR0,0,362,453_PT0_SX362_V1___.jpg\">  <\/p>\n<p>                                              <img decoding=\"async\" alt=\"aplus content image\" src=\"https:\/\/images-na.ssl-images-amazon.com\/images\/G\/01\/x-locale\/common\/grey-pixel.gif\" class=\"a-lazy-loaded\" data-src=\"https:\/\/m.media-amazon.com\/images\/S\/aplus-media-library-service-media\/48968529-c6c0-4b61-be59-ff4db34e1922.__CR0,0,362,453_PT0_SX362_V1___.jpg\"><img decoding=\"async\" alt=\"aplus content image\" src=\"https:\/\/m.media-amazon.com\/images\/S\/aplus-media-library-service-media\/48968529-c6c0-4b61-be59-ff4db34e1922.__CR0,0,362,453_PT0_SX362_V1___.jpg\">  <\/p>\n<p>                                              <img decoding=\"async\" alt=\"aplus content image\" src=\"https:\/\/images-na.ssl-images-amazon.com\/images\/G\/01\/x-locale\/common\/grey-pixel.gif\" class=\"a-lazy-loaded\" data-src=\"https:\/\/m.media-amazon.com\/images\/S\/aplus-media-library-service-media\/219b718a-c94b-4200-bc61-1ccf42053aa9.__CR0,0,362,453_PT0_SX362_V1___.jpg\"><img decoding=\"async\" alt=\"aplus content image\" src=\"https:\/\/m.media-amazon.com\/images\/S\/aplus-media-library-service-media\/219b718a-c94b-4200-bc61-1ccf42053aa9.__CR0,0,362,453_PT0_SX362_V1___.jpg\">  <\/p>\n<p> Language                                            \u200f                                            :                                            \u200e                                            German   <br \/> Product Dimensions                                            \u200f                                            :                                            \u200e                                            2.6 x 11.6 x 9.5 cm; 134 g   <br \/> Manufacturer                                            \u200f                                            :                                            \u200e                                            Tenda   <br \/> ASIN                                            \u200f                                            :                                            \u200e                                            B09M2LNDC1   <br \/> Item model number                                            \u200f                                            :                                            \u200e                                            4G03 Pro   <br \/> Country of origin                                            \u200f                                            :                                            \u200e                                            China   <br \/> Guaranteed software updates until                                            \u200f                                            :                                            \u200e                                            unknown   <br \/>  Customer reviews:                                                                                            3.9               3.9 out of 5 stars                                  (5,084)                                              var dpAcrHasRegisteredArcLinkClickAction;                    P.when(&#8216;A&#8217;, &#8216;ready&#8217;).execute(function(A) {                        if (dpAcrHasRegisteredArcLinkClickAction !== true) {                            dpAcrHasRegisteredArcLinkClickAction = true;                            A.declarative(                                &#8216;acrLink-click-metrics&#8217;, &#8216;click&#8217;,                                { \u00aballowLinkDefault\u00bb: true },                                function (event) {                                    if (window.ue) {                                        ue.count(\u00abacrLinkClickCount\u00bb, (ue.count(\u00abacrLinkClickCount\u00bb) || 0) + 1);                                    }                                }                            );                        }                    });                                             P.when(&#8216;A&#8217;, &#8216;cf&#8217;).execute(function(A) {                A.declarative(&#8216;acrStarsLink-click-metrics&#8217;, &#8216;click&#8217;, { \u00aballowLinkDefault\u00bb : true },  function(event){                    if(window.ue) {                        ue.count(\u00abacrStarsLinkWithPopoverClickCount\u00bb, (ue.count(\u00abacrStarsLinkWithPopoverClickCount\u00bb) || 0) + 1);                    }                });            });                          <\/p>\n<p>[High Speed 4G Network]: 4G LTE cellular network with a speed of up to 150Mbps allows you to use the sim router to enjoy HD movies, fast file downloads, etc.<br \/>[PLUG &#038; PLAY]: Simply insert a NANO SIM card and turn on the 4G SIM router to enjoy fast WiFi on the 4G LTE network. The Tenda router features 24\/7 network monitoring that automatically makes quick corrections to ensure a stable network connection.<br \/>[Charging with Power Bank]: The sim card router supports dual voltage (9V\/5V) and the new pacakge comes with a USB to DC cable (2.1*5.5mm), it can be powered by an adapter or mobile power supply.<br \/>[Support Various Carriers]: The WiFi router supports SIM cards from operators in more than 100 countries and supports automatic APNs and virtual operators. 2.4GHz WiFi speeds up to 300Mbps, even when multiple devices are connected at the same time. (DIGI requires roaming enabled)<br \/>[Better Signal &#038; Compact Size]: Equipped with 2 fixed external 4G\/3G antennas and 2 built-in Wi-Fi antennas to make the Wi-Fi connection of the portable router more stable and reliable. The small design is easy to carry and saves more space.<br \/>[Wi-Fi Router Mode]: Equipped with two LAN ports to connect Ethernet cables to the LAN\/WAN ports of the fiber optic router for flexible access as a backup solution when 4G connectivity is not available, offering a more flexible and comfortable network experience.<br \/>[Efficient After-Sales Service]: If you have any problems when using the product, please feel free to send email to support.es@tenda.cn. The Tenda technical team will provide you with professional solutions. 3 years warranty.<\/p>\n\n","protected":false},"excerpt":{"rendered":"<p> From the brand Router M\u00f3vil 5G\/4G Router M\u00f3vil 5G\/4G Comparte WiFi 4G\/5G en Cualquier Lugar<\/p>","protected":false},"featured_media":37851,"comment_status":"open","ping_status":"closed","template":"","meta":[],"product_brand":[],"product_cat":[71],"product_tag":[4508,11361,2080,287,2084,8798,8797,138,201,2078,2303,6059,2079,2081,2083,6236,1043,2082,241,2652,153,143,163,2088,2085,2827,198,6060,2428,543,2076,2077],"class_list":{"0":"post-37850","1":"product","2":"type-product","3":"status-publish","4":"has-post-thumbnail","6":"product_cat-wifi-routers","7":"product_tag-300mbps","8":"product_tag-4g03","9":"product_tag-5ghz-router","10":"product_tag-bank","11":"product_tag-best-wifi-router","12":"product_tag-carriers","13":"product_tag-cat4","14":"product_tag-charging","15":"product_tag-compatible","16":"product_tag-dual-band-router","17":"product_tag-ethernet","18":"product_tag-fdd","19":"product_tag-gaming-wifi-router","20":"product_tag-high-speed-router","21":"product_tag-home-wifi-router","22":"product_tag-lanwan","23":"product_tag-lte","24":"product_tag-mesh-wifi-router","25":"product_tag-multiple","26":"product_tag-plugplay","27":"product_tag-port","28":"product_tag-power","29":"product_tag-pro","30":"product_tag-router","31":"product_tag-router-price","32":"product_tag-sim","33":"product_tag-speed","34":"product_tag-tdd","35":"product_tag-tenda","36":"product_tag-wifi","37":"product_tag-wifi-router","38":"product_tag-wireless-router","40":"first","41":"instock","42":"sale","43":"shipping-taxable","44":"product-type-external"},"_links":{"self":[{"href":"https:\/\/comprasyconsejos.store\/en\/wp-json\/wp\/v2\/product\/37850","targetHints":{"allow":["GET"]}}],"collection":[{"href":"https:\/\/comprasyconsejos.store\/en\/wp-json\/wp\/v2\/product"}],"about":[{"href":"https:\/\/comprasyconsejos.store\/en\/wp-json\/wp\/v2\/types\/product"}],"replies":[{"embeddable":true,"href":"https:\/\/comprasyconsejos.store\/en\/wp-json\/wp\/v2\/comments?post=37850"}],"version-history":[{"count":0,"href":"https:\/\/comprasyconsejos.store\/en\/wp-json\/wp\/v2\/product\/37850\/revisions"}],"wp:featuredmedia":[{"embeddable":true,"href":"https:\/\/comprasyconsejos.store\/en\/wp-json\/wp\/v2\/media\/37851"}],"wp:attachment":[{"href":"https:\/\/comprasyconsejos.store\/en\/wp-json\/wp\/v2\/media?parent=37850"}],"wp:term":[{"taxonomy":"product_brand","embeddable":true,"href":"https:\/\/comprasyconsejos.store\/en\/wp-json\/wp\/v2\/product_brand?post=37850"},{"taxonomy":"product_cat","embeddable":true,"href":"https:\/\/comprasyconsejos.store\/en\/wp-json\/wp\/v2\/product_cat?post=37850"},{"taxonomy":"product_tag","embeddable":true,"href":"https:\/\/comprasyconsejos.store\/en\/wp-json\/wp\/v2\/product_tag?post=37850"}],"curies":[{"name":"wp","href":"https:\/\/api.w.org\/{rel}","templated":true}]}}