{"id":37853,"date":"2026-03-05T22:28:27","date_gmt":"2026-03-05T22:28:27","guid":{"rendered":"https:\/\/comprasyconsejos.store\/product\/usb-c-to-a-cable-fast-charging-3a-qc-3-0-type-c-charger-cable-for-samsung-galaxy-s25-s24-s23-s22-s21-s20-s10-s9-s8-a51-a71-note-20-10-iphone-16-15-plus-pro-max-xiaomi-pixel-9-8-7-1m\/"},"modified":"2026-03-05T22:28:30","modified_gmt":"2026-03-05T22:28:30","slug":"usb-c-to-a-cable-fast-charging-3a-qc-3-0-type-c-charger-cable-for-samsung-galaxy-s25-s24-s23-s22-s21-s20-s10-s9-s8-a51-a71-note-20-10-iphone-16-15-plus-pro-max-xiaomi-pixel-9-8-7-1m","status":"publish","type":"product","link":"https:\/\/comprasyconsejos.store\/en\/product\/usb-c-to-a-cable-fast-charging-3a-qc-3-0-type-c-charger-cable-for-samsung-galaxy-s25-s24-s23-s22-s21-s20-s10-s9-s8-a51-a71-note-20-10-iphone-16-15-plus-pro-max-xiaomi-pixel-9-8-7-1m\/","title":{"rendered":"USB C to A Cable Fast Charging 3A QC 3.0 Type C Charger Cable for Samsung Galaxy S25 S24 S23 S22 S21 S20 S10 S9 S8 A51 A71 Note 20 10, iPhone 16\/15 Plus Pro Max, Xiaomi, Pixel 9\/8\/7, 1M"},"content":{"rendered":"<p>Price: <span style=\"color:#b12704\">\u20ac5.99<\/span><br \/><i><small>(as of Mar 05, 2026 22:28:27 UTC &#8211; <span class=\"wp_automatic_amazon_disclaimer\" title=\"Product prices and availability are accurate as of the date\/time indicated and are subject to change. Any price and availability information displayed on [relevant Amazon Site(s), as applicable] at the time of purchase will apply to the purchase of this product.\">Details<\/span>)<\/small><\/i><\/p>\n<p><a href=\"https:\/\/amazon.es\/dp\/B0BM7GBCZ3?tag=man008-21\"><img decoding=\"async\" src=\"https:\/\/valvepress.s3.amazonaws.com\/imgs\/buy_now.png\"><\/a><br \/>\n<\/p>\n<p>                                             Product Description   <\/p>\n<p>                                                         <img decoding=\"async\" alt=\"un logotipo que dice bodex sobre un fondo blanco\" src=\"https:\/\/images-na.ssl-images-amazon.com\/images\/G\/01\/x-locale\/common\/grey-pixel.gif\" class=\"a-lazy-loaded\" data-src=\"https:\/\/m.media-amazon.com\/images\/S\/aplus-media-library-service-media\/ef25ac2a-39fc-48c7-aba8-13b8fe0eb1b8.__CR0,0,1200,360_PT0_SX600_V1___.jpg\"><img decoding=\"async\" alt=\"un logotipo que dice bodex sobre un fondo blanco\" src=\"https:\/\/m.media-amazon.com\/images\/S\/aplus-media-library-service-media\/ef25ac2a-39fc-48c7-aba8-13b8fe0eb1b8.__CR0,0,1200,360_PT0_SX600_V1___.jpg\">      <\/p>\n<p>                                                                             <img decoding=\"async\" alt=\"con USB tipo C\" src=\"https:\/\/images-na.ssl-images-amazon.com\/images\/G\/01\/x-locale\/common\/grey-pixel.gif\" class=\"a-spacing-base a-lazy-loaded\" data-src=\"https:\/\/m.media-amazon.com\/images\/S\/aplus-media-library-service-media\/b2397670-0bcd-4ca6-ae03-6cd1ca796b68.__CR0,0,1920,1188_PT0_SX970_V1___.jpg\"><img decoding=\"async\" alt=\"con USB tipo C\" src=\"https:\/\/m.media-amazon.com\/images\/S\/aplus-media-library-service-media\/b2397670-0bcd-4ca6-ae03-6cd1ca796b68.__CR0,0,1920,1188_PT0_SX970_V1___.jpg\">                                         <\/p>\n<h3 class=\"a-spacing-mini\"> 3A Cable USB Tipo C Carga R\u00e1pida  <\/h3>\n<p class=\"a-spacing-base\">\n<p>Tipo de conector: USB A 2.0 a USB Tipo CMaterial de la carcasa: Aleaci\u00f3n de aluminioVelocidad de carga: Max 3ATransmisi\u00f3n de datos: 480Mbps (40-60M\/s)Material exterior: Nailon trenzado de alta calidadCarga segura: Resistencia de 56 K\u03a9Color: NegroLongitud: 1M     <\/p>\n<p>                                                                             <img decoding=\"async\" alt=\"un cable usb conectado a una computadora port\u00e1til\" src=\"https:\/\/images-na.ssl-images-amazon.com\/images\/G\/01\/x-locale\/common\/grey-pixel.gif\" class=\"a-spacing-base a-lazy-loaded\" data-src=\"https:\/\/m.media-amazon.com\/images\/S\/aplus-media-library-service-media\/3ac1add6-36a8-420d-9682-cfad8669c493.__CR0,0,1940,1200_PT0_SX970_V1___.jpg\"><img decoding=\"async\" alt=\"un cable usb conectado a una computadora port\u00e1til\" src=\"https:\/\/m.media-amazon.com\/images\/S\/aplus-media-library-service-media\/3ac1add6-36a8-420d-9682-cfad8669c493.__CR0,0,1940,1200_PT0_SX970_V1___.jpg\">                                         <\/p>\n<h3 class=\"a-spacing-mini\"> \u00bfPor qu\u00e9 se recomiendan los cables USB-C Bobeite?  <\/h3>\n<p class=\"a-spacing-base\">\n<p>Cable USB C Carga Rapida soporta carga segura de alta velocidad de hasta 5V\/3A.480    Mbps transferencia de datos ultrarr\u00e1pida,f\u00e1cil       sincronizaci\u00f3n y    transferencia de archivos,as\u00ed como un trabajo       eficiente.Las    resistencias pull-up de 56K\u03a9 evitan la sobrecarga y el          sobrecalentamiento,lo que hace que la carga sea m\u00e1s r\u00e1pida y segura.Nota:    Para lograr una carga    r\u00e1pida,necesitas un bloque de     alimentaci\u00f3n   para una carga r\u00e1pida y tu    tel\u00e9fono debe soportar una     carga   r\u00e1pida.Huawei: No es compatible con Huawei SuperCharge (5V\/4,5A o       4,5V\/5A). One Plus: pero no puede soportar carga r\u00e1pida DASH.     <\/p>\n<p class=\"apm-text-center\">\n                                                      <img decoding=\"async\" alt=\"conectado a una computadora port\u00e1til\" src=\"https:\/\/images-na.ssl-images-amazon.com\/images\/G\/01\/x-locale\/common\/grey-pixel.gif\" class=\"a-spacing-mini a-lazy-loaded\" data-src=\"https:\/\/m.media-amazon.com\/images\/S\/aplus-media-library-service-media\/a3b677cf-0718-44ca-828c-cdb191bb15b0.__CR0,0,300,300_PT0_SX300_V1___.jpg\"><img decoding=\"async\" alt=\"conectado a una computadora port\u00e1til\" src=\"https:\/\/m.media-amazon.com\/images\/S\/aplus-media-library-service-media\/a3b677cf-0718-44ca-828c-cdb191bb15b0.__CR0,0,300,300_PT0_SX300_V1___.jpg\">  <\/p>\n<p> Carga y Sincronizaci\u00f3n R\u00e1pidas <\/p>\n<p> Cable USB C Admite una carga segura de alta velocidad de   hasta 5V\/3A y        una transferencia de datos r\u00e1pida de hasta 480 Mbps. El   cable   USB      tipo C satisface f\u00e1cilmente todas sus necesidades. <\/p>\n<p class=\"apm-text-center\">\n                                                      <img decoding=\"async\" alt=\"un cable USB que se puede cargar\" src=\"https:\/\/images-na.ssl-images-amazon.com\/images\/G\/01\/x-locale\/common\/grey-pixel.gif\" class=\"a-spacing-mini a-lazy-loaded\" data-src=\"https:\/\/m.media-amazon.com\/images\/S\/aplus-media-library-service-media\/f6ad23c0-aa0b-4284-8e2b-79537d94c178.__CR0,0,1920,1920_PT0_SX300_V1___.jpg\"><img decoding=\"async\" alt=\"un cable USB que se puede cargar\" src=\"https:\/\/m.media-amazon.com\/images\/S\/aplus-media-library-service-media\/f6ad23c0-aa0b-4284-8e2b-79537d94c178.__CR0,0,1920,1920_PT0_SX300_V1___.jpg\">  <\/p>\n<p> Seguro para Carga R\u00e1pida <\/p>\n<p> Hemos construido un chip de resistencia de 56 kohm para este   cable de        carga usbc que puede filtrar corrientes peligrosas y proteger   su        seguridad y la bater\u00eda de su tel\u00e9fono. <\/p>\n<p class=\"apm-text-center\">\n                                                      <img decoding=\"async\" alt=\"el nuevo adaptador usb - c para el nuevo usb - c - c - c - c - c - c - c - c - c - c - c - c - c - c -\" src=\"https:\/\/images-na.ssl-images-amazon.com\/images\/G\/01\/x-locale\/common\/grey-pixel.gif\" class=\"a-spacing-mini a-lazy-loaded\" data-src=\"https:\/\/m.media-amazon.com\/images\/S\/aplus-media-library-service-media\/aa95c392-b7a2-4bdf-849b-80e527bbef12.__CR0,0,1222,1222_PT0_SX300_V1___.jpg\"><img decoding=\"async\" alt=\"el nuevo adaptador usb - c para el nuevo usb - c - c - c - c - c - c - c - c - c - c - c - c - c - c -\" src=\"https:\/\/m.media-amazon.com\/images\/S\/aplus-media-library-service-media\/aa95c392-b7a2-4bdf-849b-80e527bbef12.__CR0,0,1222,1222_PT0_SX300_V1___.jpg\">  <\/p>\n<p> Chip Inteligente <\/p>\n<p> El chip de marcador electr\u00f3nico inteligente incorporado   puede detectar        autom\u00e1ticamente varios dispositivos y proporcionar   voltaje y        corriente estables para mayor protecci\u00f3n y durabilidad. <\/p>\n<p class=\"apm-text-center\">\n                                                      <img decoding=\"async\" alt=\"usb 3.0 de un macho a una hembra\" src=\"https:\/\/images-na.ssl-images-amazon.com\/images\/G\/01\/x-locale\/common\/grey-pixel.gif\" class=\"a-spacing-mini a-lazy-loaded\" data-src=\"https:\/\/m.media-amazon.com\/images\/S\/aplus-media-library-service-media\/c122d4fb-8faa-4235-8c5a-7fb35a9d0328.__CR0,0,300,300_PT0_SX300_V1___.jpg\"><img decoding=\"async\" alt=\"usb 3.0 de un macho a una hembra\" src=\"https:\/\/m.media-amazon.com\/images\/S\/aplus-media-library-service-media\/c122d4fb-8faa-4235-8c5a-7fb35a9d0328.__CR0,0,300,300_PT0_SX300_V1___.jpg\">  <\/p>\n<p> Material de Alta Calidad <\/p>\n<p> Cable de carga USB C El robusto enchufe de aluminio ofrece   una larga        vida \u00fatil y asegura una conexi\u00f3n perfecta. Los cables est\u00e1n       trenzados    con nailon de alta calidad,que tiene propiedades     anti-torsi\u00f3n y      resistencia a la abrasi\u00f3n. <\/p>\n<p class=\"apm-text-center\">\n                                                      <img decoding=\"async\" alt=\"cable usb c samsung\" src=\"https:\/\/images-na.ssl-images-amazon.com\/images\/G\/01\/x-locale\/common\/grey-pixel.gif\" class=\"a-spacing-mini a-lazy-loaded\" data-src=\"https:\/\/m.media-amazon.com\/images\/S\/aplus-media-library-service-media\/2a11979c-c4f2-49fb-bc67-4a9294322e4f.__CR0,0,500,500_PT0_SX300_V1___.jpg\"><img decoding=\"async\" alt=\"cable usb c samsung\" src=\"https:\/\/m.media-amazon.com\/images\/S\/aplus-media-library-service-media\/2a11979c-c4f2-49fb-bc67-4a9294322e4f.__CR0,0,500,500_PT0_SX300_V1___.jpg\">  <\/p>\n<p> Conector USB Tipo C Reversible <\/p>\n<p> Con el conector reversible podr\u00e1 mantenerse al d\u00eda con la \u00faltima       tendencia en interfaces USB. Con este dise\u00f1o f\u00e1cil de usar,puede       conectarlo a sus dispositivos USB Tipo C libremente sin preocuparse por       la orientaci\u00f3n. <\/p>\n<p class=\"apm-text-center\">\n                                                      <img decoding=\"async\" alt=\"un primer plano de un cable con un cable multicolor\" src=\"https:\/\/images-na.ssl-images-amazon.com\/images\/G\/01\/x-locale\/common\/grey-pixel.gif\" class=\"a-spacing-mini a-lazy-loaded\" data-src=\"https:\/\/m.media-amazon.com\/images\/S\/aplus-media-library-service-media\/0137e779-586f-4822-b306-917d5456a461.__CR0,0,1286,1286_PT0_SX300_V1___.jpg\"><img decoding=\"async\" alt=\"un primer plano de un cable con un cable multicolor\" src=\"https:\/\/m.media-amazon.com\/images\/S\/aplus-media-library-service-media\/0137e779-586f-4822-b306-917d5456a461.__CR0,0,1286,1286_PT0_SX300_V1___.jpg\">  <\/p>\n<p> Cobre Puro de Alta Calidad <\/p>\n<p> Este cable usb c utiliza alambres de cobre esta\u00f1ado de 28   AWG de        espesor y protector de se\u00f1al de papel de aluminio para una carga   m\u00e1s        r\u00e1pida y estable. <\/p>\n<p>                                                  <img decoding=\"async\" alt=\"compatible con el samsung galaxy s9 plus\" src=\"https:\/\/images-na.ssl-images-amazon.com\/images\/G\/01\/x-locale\/common\/grey-pixel.gif\" class=\"a-spacing-mini a-lazy-loaded\" data-src=\"https:\/\/m.media-amazon.com\/images\/S\/aplus-media-library-service-media\/0d84e3e8-5b96-4689-86af-711e069187a4.__CR0,0,300,300_PT0_SX300_V1___.jpg\"><img decoding=\"async\" alt=\"compatible con el samsung galaxy s9 plus\" src=\"https:\/\/m.media-amazon.com\/images\/S\/aplus-media-library-service-media\/0d84e3e8-5b96-4689-86af-711e069187a4.__CR0,0,300,300_PT0_SX300_V1___.jpg\">  <\/p>\n<h3 class=\"a-spacing-mini\"> Amplia Compatibilidad:  <\/h3>\n<\/p>\n<p>Samsung S25\/S25+\/S25 Ultra\/S24\/S24+\/S24 Ultra\/S23\/S23+\/S23 Ultra\/S22\/S22+\/S22    Ultra\/S21\/S21+\/S21 Ultra\/S21 FE\/S20\/S20+\/S20 Ultra\/S20 FE\/S10\/S10+\/S10E\/S9\/S9+\/S8\/S8+;Samsung Note 20 Ultra\/20\/10+\/10\/10 Lite\/9\/8;A3 2017,A5 2017,A7 2017,A8 2018,A9 2018;Samsung A52\/A52S\/A53\/A54\/A55\/A72\/A73\/A13\/A14\/A15\/A34\/A33\/A32\/A42\/A51\/A71\/A70\/A40\/A31\/A21S\/A20e\/A12;Huawei P60\/P50\/P40 Lite\/P40\/Mate 40\/P30\/P30 pro\/P30 lite\/P20 Pro\/P20 Lite\/P20\/Mate 20\/P10\/P9;Xiaomi   Mi A2 A3,Mi 12\/11\/11T\/11 Lite\/11 Pro\/10\/10T\/10 Pro\/10T Pro\/10T          lite\/9\/9T\/9T Pro\/9 Lite\/9 Pro\/8\/8 Pro, Xiaomi Redmi Note  11\/10\/10S\/10         Pro\/9\/9 Pro\/9T\/9S\/8\/8 Pro\/8T\/7;Sony   Xperia XZ\/XZ1\/XZ2\/XZ3\/X Compact\/X Ultra\/X Premium\/XZ Premium,  Sony         Xperia 1\/5\/5 Plus\/10\/10 Plus\/L1\/L2\/L3\/XA1\/XA2, Nexus 6P,Nexus  5X;Moto G6\/G6+\/G7\/G7+\/G7 Power\/G8\/G8 Power\/Z Force\/Z Play\/Z2 Force\/Z2 Play;LG V20\/V30\/V40\/V50\/G5\/G6\/G7\/G8;Google Pixel XL\/2\/2XL\/3\/3XL\/3a\/3a XL\/4\/4XL; OnePlus 9\/9 Pro\/8\/8T\/7T;HTC 10\/U11 y otros dispositivos USB tipo C.     <\/p>\n<p> Package Dimensions                                            \u200f                                            :                                            \u200e                                            19.1 x 14.2 x 1.1 cm; 26 g   <br \/> Date First Available                                            \u200f                                            :                                            \u200e                                            9 Jun. 2024   <br \/> Manufacturer                                            \u200f                                            :                                            \u200e                                            Bobeite   <br \/> ASIN                                            \u200f                                            :                                            \u200e                                            B0BM7GBCZ3   <br \/> Item model number                                            \u200f                                            :                                            \u200e                                            BETFR001   <br \/> Country of origin                                            \u200f                                            :                                            \u200e                                            China   <br \/>       Best Sellers Rank:  432 in USB Cables       <br \/>  Customer reviews:                                                                                            4.5               4.5 out of 5 stars                                  (1,763)                                              var dpAcrHasRegisteredArcLinkClickAction;                    P.when(&#8216;A&#8217;, &#8216;ready&#8217;).execute(function(A) {                        if (dpAcrHasRegisteredArcLinkClickAction !== true) {                            dpAcrHasRegisteredArcLinkClickAction = true;                            A.declarative(                                &#8216;acrLink-click-metrics&#8217;, &#8216;click&#8217;,                                { \u00aballowLinkDefault\u00bb: true },                                function (event) {                                    if (window.ue) {                                        ue.count(\u00abacrLinkClickCount\u00bb, (ue.count(\u00abacrLinkClickCount\u00bb) || 0) + 1);                                    }                                }                            );                        }                    });                                             P.when(&#8216;A&#8217;, &#8216;cf&#8217;).execute(function(A) {                A.declarative(&#8216;acrStarsLink-click-metrics&#8217;, &#8216;click&#8217;, { \u00aballowLinkDefault\u00bb : true },  function(event){                    if(window.ue) {                        ue.count(\u00abacrStarsLinkWithPopoverClickCount\u00bb, (ue.count(\u00abacrStarsLinkWithPopoverClickCount\u00bb) || 0) + 1);                    }                });            });                          <\/p>\n<p>\u3010USB C Cable Fast Charging &#038; Sync\u3011: These USB C cables offer up to 3A charging current to greatly reduce charging time. 480Mbps (40-60\/s) of ultra-fast data transfer, resulting in faster data syncing. Note: this cable alone will not provide you with fast charging alone, you will need a rated power adapter for fast charging and a phone capable of the same.<br \/>\u3010Durable &#038; Safe Design\u3011USB C cable fully complies with USB-C fast charging protocol and built-in 56K\u03a9 tensile resistor, upgraded smart chip with multiple protections inside. This Type-C charger provides reliable conductivity and stable charging current, protecting your smartphones from damage due to over-current or over-voltage.<br \/>\u3010High Quality Standard\u3011Type C cable features multiple shielding and aluminum alloy shell to ensure resistance to daily wear and tear, and can withstand 10000+ bending tests. In addition, the nylon braided exterior is quite robust and flexible, making cable tangle free and durable.<br \/>\u3010Perfect Compatibility\u3011: The USB C cable compatible with all currently available USB C devices: Samsung Galaxy S25\/S25 Ultra\/S25+\/S24\/S24 Ultra\/S24 Plus,S23\/S23 Ultra\/S23 Plus,S22\/S22 Plus\/S22 Ultra,S20\/S20 Plus\/S20 Plus\/S20 Ultra\/S2 0 FE,S21\/S21 Plus\/S21 Ultra,S10\/S10 Plus\/S10E,S8 S9 S8+ S9+, Note 20\/20 Ultra\/10\/10 Plus\/8\/9, iPhone 16\/16 Plus\/16 Pro\/16 Pro Max, iPhone 15\/15 Plus\/15 Pro\/15 Pro\/16 5 Pro Max, Xiaomi Mi 11 5G\/11T\/11 Lite\/11 Pro\/10\/10T\/10 Pro\/10T Pro\/10T lite\/9\/9T\/9T Pro\/9 Lite\/9 Pro\/8\/8 Pro,Redmi Note 9 Pro\/9\/8 and other devices with USB C port.<br \/>\u3010What You Get\u3011Package includes 1 x USB-C cable with a length of 1 meter, if you have any questions, please feel free to contact us. Our service team will reply you with a satisfactory solution within 24 hours.<\/p>\n\n","protected":false},"excerpt":{"rendered":"<p> Product Description 3A Cable USB Tipo C Carga R\u00e1pida Tipo de conector: USB A 2.0<\/p>","protected":false},"featured_media":37854,"comment_status":"open","ping_status":"closed","template":"","meta":[],"product_brand":[],"product_cat":[69],"product_tag":[11362,11363,182,152,138,2047,2044,137,165,2052,2037,147,164,2054,2046,253,171,2049,163,832,2952,252,251,250,296,170,249,168,133,2050,2042,2040,5338],"class_list":{"0":"post-37853","1":"product","2":"type-product","3":"status-publish","4":"has-post-thumbnail","6":"product_cat-cables-adapters","7":"product_tag-a51","8":"product_tag-a71","9":"product_tag-cable","10":"product_tag-charger","11":"product_tag-charging","12":"product_tag-charging-cable","13":"product_tag-displayport-cable","14":"product_tag-fast","15":"product_tag-galaxy","16":"product_tag-hdmi-adapter","17":"product_tag-hdmi-cable","18":"product_tag-iphone","19":"product_tag-max","20":"product_tag-multiport-adapter","21":"product_tag-network-cable","22":"product_tag-note","23":"product_tag-pixel","24":"product_tag-power-cable","25":"product_tag-pro","26":"product_tag-s10","27":"product_tag-s20","28":"product_tag-s21","29":"product_tag-s22","30":"product_tag-s23","31":"product_tag-s24","32":"product_tag-s25","33":"product_tag-samsung","34":"product_tag-type","35":"product_tag-usb","36":"product_tag-usb-adapter","37":"product_tag-usb-c-cable","38":"product_tag-usb-cable","39":"product_tag-xiaomi","41":"first","42":"instock","43":"shipping-taxable","44":"product-type-external"},"_links":{"self":[{"href":"https:\/\/comprasyconsejos.store\/en\/wp-json\/wp\/v2\/product\/37853","targetHints":{"allow":["GET"]}}],"collection":[{"href":"https:\/\/comprasyconsejos.store\/en\/wp-json\/wp\/v2\/product"}],"about":[{"href":"https:\/\/comprasyconsejos.store\/en\/wp-json\/wp\/v2\/types\/product"}],"replies":[{"embeddable":true,"href":"https:\/\/comprasyconsejos.store\/en\/wp-json\/wp\/v2\/comments?post=37853"}],"version-history":[{"count":0,"href":"https:\/\/comprasyconsejos.store\/en\/wp-json\/wp\/v2\/product\/37853\/revisions"}],"wp:featuredmedia":[{"embeddable":true,"href":"https:\/\/comprasyconsejos.store\/en\/wp-json\/wp\/v2\/media\/37854"}],"wp:attachment":[{"href":"https:\/\/comprasyconsejos.store\/en\/wp-json\/wp\/v2\/media?parent=37853"}],"wp:term":[{"taxonomy":"product_brand","embeddable":true,"href":"https:\/\/comprasyconsejos.store\/en\/wp-json\/wp\/v2\/product_brand?post=37853"},{"taxonomy":"product_cat","embeddable":true,"href":"https:\/\/comprasyconsejos.store\/en\/wp-json\/wp\/v2\/product_cat?post=37853"},{"taxonomy":"product_tag","embeddable":true,"href":"https:\/\/comprasyconsejos.store\/en\/wp-json\/wp\/v2\/product_tag?post=37853"}],"curies":[{"name":"wp","href":"https:\/\/api.w.org\/{rel}","templated":true}]}}