{"id":37865,"date":"2026-03-05T22:47:29","date_gmt":"2026-03-05T22:47:29","guid":{"rendered":"https:\/\/comprasyconsejos.store\/product\/escaner-libros-gran-formato-tamano-captura-a2-alta-resolucion-26-mp-tecnologias-de-aplanamiento-automatico-y-eliminacion-huellas-dactilares-escaner-de-camara-gran-formato-2-a3\/"},"modified":"2026-03-05T22:47:30","modified_gmt":"2026-03-05T22:47:30","slug":"escaner-libros-gran-formato-tamano-captura-a2-alta-resolucion-26-mp-tecnologias-de-aplanamiento-automatico-y-eliminacion-huellas-dactilares-escaner-de-camara-gran-formato-2-a3","status":"publish","type":"product","link":"https:\/\/comprasyconsejos.store\/en\/product\/escaner-libros-gran-formato-tamano-captura-a2-alta-resolucion-26-mp-tecnologias-de-aplanamiento-automatico-y-eliminacion-huellas-dactilares-escaner-de-camara-gran-formato-2-a3\/","title":{"rendered":"Esc\u00e1ner Libros Gran Formato, Tama\u00f1o Captura A2, Alta Resoluci\u00f3n 26 MP, Tecnolog\u00edas De Aplanamiento Autom\u00e1tico Y Eliminaci\u00f3n Huellas Dactilares, Esc\u00e1ner De C\u00e1mara Gran Formato 2\/A3"},"content":{"rendered":"<p>Price: <span style=\"color:#b12704\">\u20ac339.99<\/span><br \/><i><small>(as of Mar 05, 2026 22:47:29 UTC &#8211; <span class=\"wp_automatic_amazon_disclaimer\" title=\"Product prices and availability are accurate as of the date\/time indicated and are subject to change. Any price and availability information displayed on [relevant Amazon Site(s), as applicable] at the time of purchase will apply to the purchase of this product.\">Details<\/span>)<\/small><\/i><\/p>\n<p><a href=\"https:\/\/amazon.es\/dp\/B0GJD7V4NC?tag=man008-21\"><img decoding=\"async\" src=\"https:\/\/valvepress.s3.amazonaws.com\/imgs\/buy_now.png\"><\/a><br \/>\n<br \/>\n    <span>Cada vez que escaneas un documento, tienes que esperar a que la impresora se caliente y alinee el papel. Si hay la m\u00e1s m\u00ednima desviaci\u00f3n, tienes que volver a escanear. \u00bfNo te gustar\u00eda simplemente tomar una foto del documento con tu esc\u00e1ner y obtener un escaneo n\u00edtido y preciso al instante?<\/p>\n<p>\u00a1Esc\u00e1ner cenital A2 con gran cobertura que satisface todas tus necesidades de digitalizaci\u00f3n! Especialmente dise\u00f1ado para escanear documentos de gran formato como peri\u00f3dicos, mapas, revistas y libros gruesos.<\/p>\n<p>Especificaciones:<\/p>\n<p>Nombre: Esc\u00e1ner de c\u00e1mara para documentos<\/p>\n<p>P\u00edxeles de la c\u00e1mara: 1800 W<\/p>\n<p>P\u00edxeles de grabaci\u00f3n: 23 MP<\/p>\n<p>Resoluci\u00f3n m\u00e1xima: 4898 x 3672<\/p>\n<p>\u00c1rea m\u00e1xima de escaneo: 420 x 297 mm<\/p>\n<p>M\u00e9todo de enfoque: enfoque fijo<\/p>\n<p>Alimentaci\u00f3n: USB<\/p>\n<p>Formato de escaneo: A2<\/p>\n<p>Resoluci\u00f3n \u00f3ptica: 300 lp\/mm<\/p>\n<p>Color de imagen: 24 bits Velocidad de escaneo: 1 segundo, con vista previa en tiempo real.<\/p>\n<p>Modo de control de luz de relleno: atenuaci\u00f3n t\u00e1ctil de tres niveles.<\/p>\n<p>Software del controlador: compatible con el est\u00e1ndar UVC, no requiere controlador.<\/p>\n<p>Compatibilidad con SDK: compatible con SDK, DLL y OCX.<\/p>\n<p>Sistemas operativos compatibles: Windows XP, Windows 7\/8\/10, macOS.<\/p>\n<p>Funciones:<\/p>\n<p>&#8211; Tecnolog\u00eda de nivelaci\u00f3n lateral curva.<\/p>\n<p>&#8211; Alta velocidad de escaneo: hasta 1,5 s por p\u00e1gina.<\/p>\n<p>&#8211; Dise\u00f1o de altura ajustable (A2\/A3) con bisagra plegable de 90 grados.<\/p>\n<p>&#8211; Excelente calidad de imagen con una resoluci\u00f3n ultra alta de 23 MP (5504 x 4128 p\u00edxeles).<\/p>\n<p>&#8211; Luz LED integrada de alta luminosidad para tomar fotos n\u00edtidas incluso en la oscuridad.<\/p>\n<p>Contenido del paquete:<\/p>\n<p>1 x esc\u00e1ner de documentos.<\/p>\n<p>1 x cable USB.<\/p>\n<p>1 x panel t\u00e1ctil.<\/p>\n<p>Nota: 1. No se recomienda utilizar los LED integrados del esc\u00e1ner de libros con luz brillante. 2. No se recomienda usar papel muy brillante.<\/span>    <br \/>\u3010Multifunci\u00f3n\u3011: Escanea autom\u00e1ticamente al detectar el paso de p\u00e1gina; tambi\u00e9n puede enderezar autom\u00e1ticamente y digitalmente p\u00e1ginas deformadas, borrar huellas dactilares de fotos escaneadas y reparar bordes da\u00f1ados en documentos.<br \/>\u3010Eficiente\u3011: La funci\u00f3n de escaneo continuo autom\u00e1tico permite escanear documentos de forma eficiente; permite escanear y cortar varias tarjetas a la vez. El motor de procesamiento de im\u00e1genes con IA integrado optimiza el procesamiento de im\u00e1genes tras el escaneo y satisface plenamente diversas necesidades de escaneo.<br \/>\u3010Inteligente\u3011: Alta resoluci\u00f3n de 23 MP (5504 x 4128 p\u00edxeles), escaneo tama\u00f1o A2, luz LED de alta luminosidad integrada, ideal para escanear revistas, manuscritos, peri\u00f3dicos y mapas de gran formato.<br \/>\u3010Funci\u00f3n OCR\u3011: El reconocimiento \u00f3ptico de caracteres (OCR) integrado convierte las im\u00e1genes escaneadas en PDF con capacidad de b\u00fasqueda y formatos editables de Word, Excel y texto, compatible con m\u00e1s de 100 idiomas.<br \/>\u3010Herramienta did\u00e1ctica experta\u3011: Gracias a su innovadora funci\u00f3n de visualizaci\u00f3n, el esc\u00e1ner permite grabar v\u00eddeos did\u00e1cticos y utilizar la pizarra digital; con su innovadora funci\u00f3n para compartir, permite escanear y transferir archivos directamente al smartphone.<\/p>\n\n","protected":false},"excerpt":{"rendered":"<p> Cada vez que escaneas un documento, tienes que esperar a que la impresora se caliente<\/p>","protected":false},"featured_media":37866,"comment_status":"open","ping_status":"closed","template":"","meta":[],"product_brand":[],"product_cat":[60],"product_tag":[11370,4658,9969,5346,1990,4112,7717,11369,1982,11367,7551,1989,1983,8309,9970,1986,11368,7715,1987,1984,1985,8303,1991,4598,6831,1988],"class_list":{"0":"post-37865","1":"product","2":"type-product","3":"status-publish","4":"has-post-thumbnail","6":"product_cat-scanners","7":"product_tag-2a3","8":"product_tag-alta","9":"product_tag-aplanamiento","10":"product_tag-automatico","11":"product_tag-best-scanner","12":"product_tag-camara","13":"product_tag-captura","14":"product_tag-dactilares","15":"product_tag-document-scanner","16":"product_tag-eliminacion","17":"product_tag-escaner","18":"product_tag-fast-document-scanner","19":"product_tag-flatbed-scanner","20":"product_tag-formato","21":"product_tag-gran","22":"product_tag-high-resolution-scanner","23":"product_tag-huellas","24":"product_tag-libros","25":"product_tag-office-scanner","26":"product_tag-photo-scanner","27":"product_tag-portable-scanner","28":"product_tag-resolucion","29":"product_tag-scanner-price","30":"product_tag-tamano","31":"product_tag-tecnologias","32":"product_tag-usb-scanner","34":"first","35":"instock","36":"shipping-taxable","37":"product-type-external"},"_links":{"self":[{"href":"https:\/\/comprasyconsejos.store\/en\/wp-json\/wp\/v2\/product\/37865","targetHints":{"allow":["GET"]}}],"collection":[{"href":"https:\/\/comprasyconsejos.store\/en\/wp-json\/wp\/v2\/product"}],"about":[{"href":"https:\/\/comprasyconsejos.store\/en\/wp-json\/wp\/v2\/types\/product"}],"replies":[{"embeddable":true,"href":"https:\/\/comprasyconsejos.store\/en\/wp-json\/wp\/v2\/comments?post=37865"}],"version-history":[{"count":0,"href":"https:\/\/comprasyconsejos.store\/en\/wp-json\/wp\/v2\/product\/37865\/revisions"}],"wp:featuredmedia":[{"embeddable":true,"href":"https:\/\/comprasyconsejos.store\/en\/wp-json\/wp\/v2\/media\/37866"}],"wp:attachment":[{"href":"https:\/\/comprasyconsejos.store\/en\/wp-json\/wp\/v2\/media?parent=37865"}],"wp:term":[{"taxonomy":"product_brand","embeddable":true,"href":"https:\/\/comprasyconsejos.store\/en\/wp-json\/wp\/v2\/product_brand?post=37865"},{"taxonomy":"product_cat","embeddable":true,"href":"https:\/\/comprasyconsejos.store\/en\/wp-json\/wp\/v2\/product_cat?post=37865"},{"taxonomy":"product_tag","embeddable":true,"href":"https:\/\/comprasyconsejos.store\/en\/wp-json\/wp\/v2\/product_tag?post=37865"}],"curies":[{"name":"wp","href":"https:\/\/api.w.org\/{rel}","templated":true}]}}