{"id":37870,"date":"2026-03-05T22:52:39","date_gmt":"2026-03-05T22:52:39","guid":{"rendered":"https:\/\/comprasyconsejos.store\/product\/canon-pixma-ip8750-photo-printer-inkjet-system-a3-wifi-wireless-printing-6-ink-cartridges-xl-ink-cartridges-high-speed-printing-black\/"},"modified":"2026-03-05T22:52:39","modified_gmt":"2026-03-05T22:52:39","slug":"canon-pixma-ip8750-photo-printer-inkjet-system-a3-wifi-wireless-printing-6-ink-cartridges-xl-ink-cartridges-high-speed-printing-black","status":"publish","type":"product","link":"https:\/\/comprasyconsejos.store\/en\/product\/canon-pixma-ip8750-photo-printer-inkjet-system-a3-wifi-wireless-printing-6-ink-cartridges-xl-ink-cartridges-high-speed-printing-black\/","title":{"rendered":"Canon Pixma iP8750 Photo Printer, Inkjet System, A3+, WiFi, Wireless Printing, 6 Ink Cartridges, XL Ink Cartridges, High Speed Printing, Black"},"content":{"rendered":"<p>Price: <span style=\"color:#b12704\">\u20ac481.57<\/span><br \/><i><small>(as of Mar 05, 2026 22:52:39 UTC &#8211; <span class=\"wp_automatic_amazon_disclaimer\" title=\"Product prices and availability are accurate as of the date\/time indicated and are subject to change. Any price and availability information displayed on [relevant Amazon Site(s), as applicable] at the time of purchase will apply to the purchase of this product.\">Details<\/span>)<\/small><\/i><\/p>\n<p><a href=\"https:\/\/amazon.es\/dp\/B00HZDLDF6?tag=man008-21\"><img decoding=\"async\" src=\"https:\/\/valvepress.s3.amazonaws.com\/imgs\/buy_now.png\"><\/a><br \/>\n<\/p>\n<p>                                             From the manufacturer   <\/p>\n<p>                                                                             <img decoding=\"async\" alt=\"CANON\" src=\"https:\/\/images-na.ssl-images-amazon.com\/images\/G\/01\/x-locale\/common\/grey-pixel.gif\" class=\"a-spacing-base a-lazy-loaded\" data-src=\"https:\/\/m.media-amazon.com\/images\/S\/aplus-media\/sota\/f6f57999-e50c-45c4-a04c-2128e32be6fe.__CR0,0,970,600_PT0_SX970_V1___.jpg\"><img decoding=\"async\" alt=\"CANON\" src=\"https:\/\/m.media-amazon.com\/images\/S\/aplus-media\/sota\/f6f57999-e50c-45c4-a04c-2128e32be6fe.__CR0,0,970,600_PT0_SX970_V1___.jpg\">                                                                     <\/p>\n<p class=\"a-spacing-base\"> Fundada en 1937, Canon es una empresa de tecnolog\u00eda dedicada a ayudar a las personas a reinventar y ampliar los l\u00edmites de lo que es posible a trav\u00e9s de la imagen. <\/p>\n<p class=\"a-spacing-base\"> La innovaci\u00f3n continua de Canon los ha mantenido a la vanguardia de la excelencia en im\u00e1genes a lo largo de sus 80 a\u00f1os de historia, lo que les ha permitido desarrollar tecnolog\u00eda l\u00edder en la industria para satisfacer las demandas futuras de fot\u00f3grafos, camar\u00f3grafos, trabajadores de oficina, impresores profesionales, expertos en im\u00e1genes m\u00e9dicas y mucho m\u00e1s. <\/p>\n<p class=\"a-spacing-base\"> Utilizan sus tecnolog\u00edas de imagen para ir m\u00e1s all\u00e1 de su gama completa de productos existentes y cultivar nuevas \u00e1reas comerciales donde su tecnolog\u00eda de imagen puede ampliar los l\u00edmites de lo que es posible. Esta filosof\u00eda se aplica a \u00e1reas como el desarrollo de sat\u00e9lites, los avances en medicina y las crecientes posibilidades de impresi\u00f3n, equipos industriales y c\u00e1maras de video en red, su contribuci\u00f3n a la creaci\u00f3n de ciudades inteligentes. Las principales tecnolog\u00edas \u00f3pticas y de im\u00e1genes de Canon tambi\u00e9n contribuyen a los avances en astronom\u00eda. <\/p>\n<p>                                                                             <img decoding=\"async\" alt=\"CANON\" src=\"https:\/\/images-na.ssl-images-amazon.com\/images\/G\/01\/x-locale\/common\/grey-pixel.gif\" class=\"a-spacing-base a-lazy-loaded\" data-src=\"https:\/\/m.media-amazon.com\/images\/S\/aplus-media\/sota\/f82edcb8-fd84-4862-89f5-3b1ed09d2387.__CR0,0,970,600_PT0_SX970_V1___.jpg\"><img decoding=\"async\" alt=\"CANON\" src=\"https:\/\/m.media-amazon.com\/images\/S\/aplus-media\/sota\/f82edcb8-fd84-4862-89f5-3b1ed09d2387.__CR0,0,970,600_PT0_SX970_V1___.jpg\">                                                                       <\/p>\n<p>                                                                             <img decoding=\"async\" alt=\"CANON\" src=\"https:\/\/images-na.ssl-images-amazon.com\/images\/G\/01\/x-locale\/common\/grey-pixel.gif\" class=\"a-spacing-base a-lazy-loaded\" data-src=\"https:\/\/m.media-amazon.com\/images\/S\/aplus-media\/sota\/1038a5f1-b6b8-46e8-a4fd-ea58f8355a31.__CR0,0,970,600_PT0_SX970_V1___.jpg\"><img decoding=\"async\" alt=\"CANON\" src=\"https:\/\/m.media-amazon.com\/images\/S\/aplus-media\/sota\/1038a5f1-b6b8-46e8-a4fd-ea58f8355a31.__CR0,0,970,600_PT0_SX970_V1___.jpg\">                                                                    <\/p>\n<p> Batteries                                            \u200f                                            :                                            \u200e                                            1 Lithium Ion batteries required.   <br \/> Is discontinued by manufacturer                                            \u200f                                            :                                            \u200e                                            No   <br \/> Product Dimensions                                            \u200f                                            :                                            \u200e                                            59 x 33.1 x 15.9 cm; 8.5 kg   <br \/> Manufacturer                                            \u200f                                            :                                            \u200e                                            Canon   <br \/> ASIN                                            \u200f                                            :                                            \u200e                                            B00HZDLDF6   <br \/> Item model number                                            \u200f                                            :                                            \u200e                                            4960999992167   <br \/> Guaranteed software updates until                                            \u200f                                            :                                            \u200e                                            13 April 2030   <br \/>  Customer reviews:                                                                                            4.5               4.5 out of 5 stars                                  (463)                                              var dpAcrHasRegisteredArcLinkClickAction;                    P.when(&#8216;A&#8217;, &#8216;ready&#8217;).execute(function(A) {                        if (dpAcrHasRegisteredArcLinkClickAction !== true) {                            dpAcrHasRegisteredArcLinkClickAction = true;                            A.declarative(                                &#8216;acrLink-click-metrics&#8217;, &#8216;click&#8217;,                                { \u00aballowLinkDefault\u00bb: true },                                function (event) {                                    if (window.ue) {                                        ue.count(\u00abacrLinkClickCount\u00bb, (ue.count(\u00abacrLinkClickCount\u00bb) || 0) + 1);                                    }                                }                            );                        }                    });                                             P.when(&#8216;A&#8217;, &#8216;cf&#8217;).execute(function(A) {                A.declarative(&#8216;acrStarsLink-click-metrics&#8217;, &#8216;click&#8217;, { \u00aballowLinkDefault\u00bb : true },  function(event){                    if(window.ue) {                        ue.count(\u00abacrStarsLinkWithPopoverClickCount\u00bb, (ue.count(\u00abacrStarsLinkWithPopoverClickCount\u00bb) || 0) + 1);                    }                });            });                          <\/p>\n<p>Canon Business Printer &#8211; This is an ultra-compact, A3+ and high-performance printer.<br \/>Excellent quality printing: no residue thanks to the system of 6 independent, individually replaceable inks.<br \/>Print more for less: with optional Canon inks in XL and XXL sizes.<br \/>Pixma Print Solution: Thanks to the exclusive Canon app print from smartphones and tablets.<br \/>Compatible with: Apple AirPrint, Google Cloud Print and Wireless PictBridge<\/p>\n\n","protected":false},"excerpt":{"rendered":"<p> From the manufacturer Fundada en 1937, Canon es una empresa de tecnolog\u00eda dedicada a ayudar<\/p>","protected":false},"featured_media":37871,"comment_status":"open","ping_status":"closed","template":"","meta":[],"product_brand":[],"product_cat":[57],"product_tag":[2140,307,2184,2290,2134,2126,197,2129,1980,1953,1961,2145,2142,11374,2143,2194,2132,2185,1962,2276,198,1578,543,226,2136],"class_list":{"0":"post-37870","1":"product","2":"type-product","3":"status-publish","4":"has-post-thumbnail","6":"product_cat-inkjet-printers","7":"product_tag-best-inkjet-printer","8":"product_tag-black","9":"product_tag-canon","10":"product_tag-cartridges","11":"product_tag-cheap-inkjet-printer","12":"product_tag-color-inkjet-printer","13":"product_tag-high","14":"product_tag-home-inkjet-printer","15":"product_tag-ink","16":"product_tag-ink-tank-printer","17":"product_tag-inkjet","18":"product_tag-inkjet-printer","19":"product_tag-inkjet-printer-price","20":"product_tag-ip8750","21":"product_tag-office-inkjet-printer","22":"product_tag-photo","23":"product_tag-photo-inkjet-printer","24":"product_tag-pixma","25":"product_tag-printer","26":"product_tag-printing","27":"product_tag-speed","28":"product_tag-system","29":"product_tag-wifi","30":"product_tag-wireless","31":"product_tag-wireless-inkjet-printer","33":"first","34":"instock","35":"shipping-taxable","36":"product-type-external"},"_links":{"self":[{"href":"https:\/\/comprasyconsejos.store\/en\/wp-json\/wp\/v2\/product\/37870","targetHints":{"allow":["GET"]}}],"collection":[{"href":"https:\/\/comprasyconsejos.store\/en\/wp-json\/wp\/v2\/product"}],"about":[{"href":"https:\/\/comprasyconsejos.store\/en\/wp-json\/wp\/v2\/types\/product"}],"replies":[{"embeddable":true,"href":"https:\/\/comprasyconsejos.store\/en\/wp-json\/wp\/v2\/comments?post=37870"}],"version-history":[{"count":0,"href":"https:\/\/comprasyconsejos.store\/en\/wp-json\/wp\/v2\/product\/37870\/revisions"}],"wp:featuredmedia":[{"embeddable":true,"href":"https:\/\/comprasyconsejos.store\/en\/wp-json\/wp\/v2\/media\/37871"}],"wp:attachment":[{"href":"https:\/\/comprasyconsejos.store\/en\/wp-json\/wp\/v2\/media?parent=37870"}],"wp:term":[{"taxonomy":"product_brand","embeddable":true,"href":"https:\/\/comprasyconsejos.store\/en\/wp-json\/wp\/v2\/product_brand?post=37870"},{"taxonomy":"product_cat","embeddable":true,"href":"https:\/\/comprasyconsejos.store\/en\/wp-json\/wp\/v2\/product_cat?post=37870"},{"taxonomy":"product_tag","embeddable":true,"href":"https:\/\/comprasyconsejos.store\/en\/wp-json\/wp\/v2\/product_tag?post=37870"}],"curies":[{"name":"wp","href":"https:\/\/api.w.org\/{rel}","templated":true}]}}