{"id":37880,"date":"2026-03-05T23:12:48","date_gmt":"2026-03-05T23:12:48","guid":{"rendered":"https:\/\/comprasyconsejos.store\/product\/z-edge-agex-4k-monitor-27-inches-uhd-ips-3840-x-2160-brightness-of-400-cd-m%c2%b2-100-srgb-freesync-dp-and-hdmi-adjustable-height-tilt-swivel-and-pivot-white\/"},"modified":"2026-03-05T23:12:51","modified_gmt":"2026-03-05T23:12:51","slug":"z-edge-agex-4k-monitor-27-inches-uhd-ips-3840-x-2160-brightness-of-400-cd-m%c2%b2-100-srgb-freesync-dp-and-hdmi-adjustable-height-tilt-swivel-and-pivot-white","status":"publish","type":"product","link":"https:\/\/comprasyconsejos.store\/en\/product\/z-edge-agex-4k-monitor-27-inches-uhd-ips-3840-x-2160-brightness-of-400-cd-m%c2%b2-100-srgb-freesync-dp-and-hdmi-adjustable-height-tilt-swivel-and-pivot-white\/","title":{"rendered":"Z-Edge AGEX 4K Monitor 27 Inches UHD IPS 3840 x 2160, Brightness of 400 CD\/m\u00b2, 100% sRGB, FreeSync, DP and HDMI, Adjustable Height, Tilt, Swivel and Pivot, White"},"content":{"rendered":"<p>Price: <span style=\"color:#b12704\">\u20ac309.99<\/span><br \/><i><small>(as of Mar 05, 2026 23:12:48 UTC &#8211; <span class=\"wp_automatic_amazon_disclaimer\" title=\"Product prices and availability are accurate as of the date\/time indicated and are subject to change. Any price and availability information displayed on [relevant Amazon Site(s), as applicable] at the time of purchase will apply to the purchase of this product.\">Details<\/span>)<\/small><\/i><\/p>\n<p><a href=\"https:\/\/amazon.es\/dp\/B0G1LLR8N8?tag=man008-21\"><img decoding=\"async\" src=\"https:\/\/valvepress.s3.amazonaws.com\/imgs\/buy_now.png\"><\/a><br \/>\n<\/p>\n<p>                                             Product Description   <\/p>\n<p>The video showcases the product in use.The video guides you through product setup.The video compares multiple products.The video shows the product being unpacked. Z-Edge AGEX Monitor 4K 27 Pulgadas 144Hz UHD Merchant video<\/p>\n<p>                                                                                  <img decoding=\"async\" alt=\"aplus content image\" src=\"https:\/\/m.media-amazon.com\/images\/S\/aplus-media-library-service-media\/a4e07e23-8254-4774-aa1b-e6e1e3185aa6.__CR0,0,1464,600_PT0_SX1464_V1___.jpg\">       <\/p>\n<p>                                                                                  <img decoding=\"async\" alt=\"aplus content image\" src=\"https:\/\/m.media-amazon.com\/images\/S\/aplus-media-library-service-media\/b450eed8-9dcc-43df-97e4-7bf72dc637fa.__CR0,0,1464,600_PT0_SX1464_V1___.jpg\">       <\/p>\n<p>                                                                                  <img decoding=\"async\" alt=\"El texto dice \u00abColores realistas y saturados; im\u00e1genes v\u00edvidas y precisas para todos los usos\u00bb. Banner de marketing que muestra el espectro de colores y una muestra fotogr\u00e1fica.\" src=\"https:\/\/m.media-amazon.com\/images\/S\/aplus-media-library-service-media\/8844d1c6-2a7a-4122-a4a8-4f58b9d94336.__CR0,0,1464,600_PT0_SX1464_V1___.jpg\">       <\/p>\n<p>                                                                                  <img decoding=\"async\" alt=\"El texto dice \u00abFreeSpin ON\u00bb. Imagen dividida que muestra a practicantes de snowboard realizando trucos a\u00e9reos contra un tel\u00f3n de fondo de monta\u00f1as nevadas con cielo azul.\" src=\"https:\/\/m.media-amazon.com\/images\/S\/aplus-media-library-service-media\/af4983a0-5a66-4cd1-be0b-73ecd17fee86.__CR0,0,1464,600_PT0_SX1464_V1___.jpg\">       <\/p>\n<p>                                                                                                       <img decoding=\"async\" alt=\"El texto dice \u00abAut\u00e9ntico dise\u00f1o inal\u00e1mbrico de los AirPods: m\u00e1s ancho, limpio y envolvente\u00bb. Serie de im\u00e1genes de productos que muestran los auriculares inal\u00e1mbricos y las especificaciones t\u00e9cnicas.\" src=\"https:\/\/images-na.ssl-images-amazon.com\/images\/G\/01\/x-locale\/common\/grey-pixel.gif\" class=\"a-lazy-loaded\" data-src=\"https:\/\/m.media-amazon.com\/images\/S\/aplus-media-library-service-media\/4dbfc56f-805a-4c9e-8d84-8f8e3af7b03b.__CR0,0,1464,600_PT0_SX1464_V1___.jpg\"><img decoding=\"async\" alt=\"El texto dice \u00abAut\u00e9ntico dise\u00f1o inal\u00e1mbrico de los AirPods: m\u00e1s ancho, limpio y envolvente\u00bb. Serie de im\u00e1genes de productos que muestran los auriculares inal\u00e1mbricos y las especificaciones t\u00e9cnicas.\" src=\"https:\/\/m.media-amazon.com\/images\/S\/aplus-media-library-service-media\/4dbfc56f-805a-4c9e-8d84-8f8e3af7b03b.__CR0,0,1464,600_PT0_SX1464_V1___.jpg\">                                               <\/p>\n<p>                                                                                                       <img decoding=\"async\" alt=\"Panel de interfaz t\u00e9cnica con m\u00faltiples botones y elementos de control sobre fondo azul. Muestra la interfaz del dispositivo electr\u00f3nico con varias funciones.\" src=\"https:\/\/images-na.ssl-images-amazon.com\/images\/G\/01\/x-locale\/common\/grey-pixel.gif\" class=\"a-lazy-loaded\" data-src=\"https:\/\/m.media-amazon.com\/images\/S\/aplus-media-library-service-media\/5dc102eb-a4c3-4bbf-8c26-f19862231912.__CR0,0,1464,600_PT0_SX1464_V1___.jpg\"><img decoding=\"async\" alt=\"Panel de interfaz t\u00e9cnica con m\u00faltiples botones y elementos de control sobre fondo azul. Muestra la interfaz del dispositivo electr\u00f3nico con varias funciones.\" src=\"https:\/\/m.media-amazon.com\/images\/S\/aplus-media-library-service-media\/5dc102eb-a4c3-4bbf-8c26-f19862231912.__CR0,0,1464,600_PT0_SX1464_V1___.jpg\">                                               <\/p>\n<p>                                                                                                       <img decoding=\"async\" alt=\"aplus content image\" src=\"https:\/\/images-na.ssl-images-amazon.com\/images\/G\/01\/x-locale\/common\/grey-pixel.gif\" class=\"a-lazy-loaded\" data-src=\"https:\/\/m.media-amazon.com\/images\/S\/aplus-media-library-service-media\/b6202da9-7075-46ec-b6a0-7784d1315ae8.__CR0,0,1464,600_PT0_SX1464_V1___.jpg\"><img decoding=\"async\" alt=\"aplus content image\" src=\"https:\/\/m.media-amazon.com\/images\/S\/aplus-media-library-service-media\/b6202da9-7075-46ec-b6a0-7784d1315ae8.__CR0,0,1464,600_PT0_SX1464_V1___.jpg\">                                               <\/p>\n<p> Product Dimensions                                            \u200f                                            :                                            \u200e                                            22.6 x 61.5 x 55.9 cm; 5.6 kg   <br \/> Manufacturer                                            \u200f                                            :                                            \u200e                                            Z-Edge   <br \/> ASIN                                            \u200f                                            :                                            \u200e                                            B0G1LLR8N8   <br \/> Item model number                                            \u200f                                            :                                            \u200e                                            A27I4K   <br \/> Country\/Region of Origin                                            \u200f                                            :                                            \u200e                                            China   <br \/> Guaranteed software updates until                                            \u200f                                            :                                            \u200e                                            unknown   <\/p>\n<p>4K UHD Monitor: This 27-inch monitor features a 4K resolution of 3840&#215;2160, delivering incredibly immersive and lifelike images that capture perfect details. With 1.07 billion colors, the monitor delivers brilliant image quality, allowing you to easily see every detail, even in the darkest or brightest scenes.<br \/>Premium IPS Panel: With a high-end IPS panel, this monitor offers an even wider 178\u00b0 viewing angle, making it easy to share work or content. The IPS panel ensures consistently accurate and vibrant colors for videos and images from any viewing angle. Immerse yourself in exceptional image accuracy.<br \/>Versatile connectivity: With two HDMI and two DisplayPort connections, you can connect multiple devices to the monitor. Enjoy crystal clear 4K UHD resolution with a refresh rate of up to 60Hz. Connect your speakers or headphones via the 3.5mm audio output. Speakers not included.<br \/>FreeSync and Eye-Care Technology: Enjoy a smooth, crisp visual experience thanks to FreeSync technology that takes your entertainment to the next level. Anti-flicker and low blue light technologies also reduce eyestrain during prolonged use, ensuring a more comfortable visual experience.<br \/>Flexible design: Ultra-thin bezels make the monitor virtually frameless, offering a wider field of view and a more immersive experience. The stand is height adjustable, tilting, rotatable and can be used in portrait mode to ensure user comfort and optimal viewing conditions. VESA compatibility allows wall mounting to save desktop space.<\/p>\n\n","protected":false},"excerpt":{"rendered":"<p> Product Description The video showcases the product in use.The video guides you through product setup.The<\/p>","protected":false},"featured_media":37881,"comment_status":"open","ping_status":"closed","template":"","meta":[],"product_brand":[],"product_cat":[53],"product_tag":[1804,1801,1802,1805,1803,1799,1807,876,11386,1806,1303,5665,1922,544,1569,1611,703,844,7913,1808,1313,4763,1183,684,1800,205,8662],"class_list":{"0":"post-37880","1":"product","2":"type-product","3":"status-publish","4":"has-post-thumbnail","6":"product_cat-4k-monitors","7":"product_tag-32-inch-4k-monitor","8":"product_tag-3840x2160-monitor","9":"product_tag-4k-gaming-monitor","10":"product_tag-4k-hdr-monitor","11":"product_tag-4k-ips-monitor","12":"product_tag-4k-monitor","13":"product_tag-4k-monitor-price","14":"product_tag-adjustable","15":"product_tag-agex","16":"product_tag-best-4k-monitor","17":"product_tag-brightness","18":"product_tag-cdm","19":"product_tag-freesync","20":"product_tag-hdmi","21":"product_tag-height","22":"product_tag-inches","23":"product_tag-ips","24":"product_tag-monitor","25":"product_tag-pivot","26":"product_tag-professional-4k-monitor","27":"product_tag-srgb","28":"product_tag-swivel","29":"product_tag-tilt","30":"product_tag-uhd","31":"product_tag-uhd-monitor","32":"product_tag-white","33":"product_tag-zedge","35":"first","36":"instock","37":"shipping-taxable","38":"product-type-external"},"_links":{"self":[{"href":"https:\/\/comprasyconsejos.store\/en\/wp-json\/wp\/v2\/product\/37880","targetHints":{"allow":["GET"]}}],"collection":[{"href":"https:\/\/comprasyconsejos.store\/en\/wp-json\/wp\/v2\/product"}],"about":[{"href":"https:\/\/comprasyconsejos.store\/en\/wp-json\/wp\/v2\/types\/product"}],"replies":[{"embeddable":true,"href":"https:\/\/comprasyconsejos.store\/en\/wp-json\/wp\/v2\/comments?post=37880"}],"version-history":[{"count":0,"href":"https:\/\/comprasyconsejos.store\/en\/wp-json\/wp\/v2\/product\/37880\/revisions"}],"wp:featuredmedia":[{"embeddable":true,"href":"https:\/\/comprasyconsejos.store\/en\/wp-json\/wp\/v2\/media\/37881"}],"wp:attachment":[{"href":"https:\/\/comprasyconsejos.store\/en\/wp-json\/wp\/v2\/media?parent=37880"}],"wp:term":[{"taxonomy":"product_brand","embeddable":true,"href":"https:\/\/comprasyconsejos.store\/en\/wp-json\/wp\/v2\/product_brand?post=37880"},{"taxonomy":"product_cat","embeddable":true,"href":"https:\/\/comprasyconsejos.store\/en\/wp-json\/wp\/v2\/product_cat?post=37880"},{"taxonomy":"product_tag","embeddable":true,"href":"https:\/\/comprasyconsejos.store\/en\/wp-json\/wp\/v2\/product_tag?post=37880"}],"curies":[{"name":"wp","href":"https:\/\/api.w.org\/{rel}","templated":true}]}}