{"id":37892,"date":"2026-03-06T00:21:49","date_gmt":"2026-03-06T00:21:49","guid":{"rendered":"https:\/\/comprasyconsejos.store\/product\/netac-ssd-512gb-hard-drive-sataiii-2-5-internal-solid-state-disk-ssd-for-laptop-upgrade-speed-set-silver-grey\/"},"modified":"2026-03-06T00:21:53","modified_gmt":"2026-03-06T00:21:53","slug":"netac-ssd-512gb-hard-drive-sataiii-2-5-internal-solid-state-disk-ssd-for-laptop-upgrade-speed-set-silver-grey","status":"publish","type":"product","link":"https:\/\/comprasyconsejos.store\/en\/product\/netac-ssd-512gb-hard-drive-sataiii-2-5-internal-solid-state-disk-ssd-for-laptop-upgrade-speed-set-silver-grey\/","title":{"rendered":"Netac SSD 512GB Hard Drive SATAIII 2.5\u00bb Internal Solid State Disk SSD for Laptop, Upgrade Speed Set, Silver Grey"},"content":{"rendered":"<p>Price: <span style=\"color:#b12704\">\u20ac72.99<\/span><br \/><i><small>(as of Mar 06, 2026 00:21:49 UTC &#8211; <span class=\"wp_automatic_amazon_disclaimer\" title=\"Product prices and availability are accurate as of the date\/time indicated and are subject to change. Any price and availability information displayed on [relevant Amazon Site(s), as applicable] at the time of purchase will apply to the purchase of this product.\">Details<\/span>)<\/small><\/i><\/p>\n<p><a href=\"https:\/\/amazon.es\/dp\/B09DCKDH9T?tag=man008-21\"><img decoding=\"async\" src=\"https:\/\/valvepress.s3.amazonaws.com\/imgs\/buy_now.png\"><\/a><br \/>\n<\/p>\n<p>                                             From the brand   <\/p>\n<p>                                              <img decoding=\"async\" alt=\"Escena de alpinismo invernal que muestra a un escalador con un traje de color naranja brillante ascendiendo por un pico nevado contra un espectacular tel\u00f3n de fondo monta\u00f1oso azul.\" src=\"https:\/\/images-na.ssl-images-amazon.com\/images\/G\/01\/x-locale\/common\/grey-pixel.gif\" class=\"a-lazy-loaded\" data-src=\"https:\/\/m.media-amazon.com\/images\/S\/aplus-media-library-service-media\/6ba3c8ba-c9a6-4cb4-ad75-c16e45778fbc.__CR0,0,1464,625_PT0_SX1464_V1___.jpg\"><img decoding=\"async\" alt=\"Escena de alpinismo invernal que muestra a un escalador con un traje de color naranja brillante ascendiendo por un pico nevado contra un espectacular tel\u00f3n de fondo monta\u00f1oso azul.\" src=\"https:\/\/m.media-amazon.com\/images\/S\/aplus-media-library-service-media\/6ba3c8ba-c9a6-4cb4-ad75-c16e45778fbc.__CR0,0,1464,625_PT0_SX1464_V1___.jpg\">  <\/p>\n<p>                                              <img decoding=\"async\" alt=\"\" src=\"https:\/\/images-na.ssl-images-amazon.com\/images\/G\/01\/x-locale\/common\/grey-pixel.gif\" class=\"a-lazy-loaded\" data-src=\"https:\/\/m.media-amazon.com\/images\/S\/aplus-media-library-service-media\/894d5e45-b554-4718-9cbd-2dd446102738.__CR0,0,315,145_PT0_SX315_V1___.jpg\"><img decoding=\"async\" alt=\"\" src=\"https:\/\/m.media-amazon.com\/images\/S\/aplus-media-library-service-media\/894d5e45-b554-4718-9cbd-2dd446102738.__CR0,0,315,145_PT0_SX315_V1___.jpg\">  <\/p>\n<h3> Acerca de Netac <\/h3>\n<p>                                              <img decoding=\"async\" alt=\"\" src=\"https:\/\/images-na.ssl-images-amazon.com\/images\/G\/01\/x-locale\/common\/grey-pixel.gif\" class=\"a-lazy-loaded\" data-src=\"https:\/\/m.media-amazon.com\/images\/S\/aplus-media-library-service-media\/7b539b60-e452-48d7-a80e-4a91685f3cfc.__CR0,0,362,453_PT0_SX362_V1___.jpg\"><img decoding=\"async\" alt=\"\" src=\"https:\/\/m.media-amazon.com\/images\/S\/aplus-media-library-service-media\/7b539b60-e452-48d7-a80e-4a91685f3cfc.__CR0,0,362,453_PT0_SX362_V1___.jpg\">  <\/p>\n<h3> Serie Netac SSD <\/h3>\n<p> Diferentes interfaces dan como resultado diferentes velocidades. Si tiene alguna pregunta, no dude en hacernos saber. <\/p>\n<h3> Serie Netac SSD <\/h3>\n<p>                                                          \u00bfQu\u00e9 es una unidad de estado s\u00f3lido?                                       <\/p>\n<p> La unidad de estado s\u00f3lido (SSD) es un dispositivo de almacenamiento basado en una matriz de chips de almacenamiento electr\u00f3nico de estado s\u00f3lido, que almacena datos a trav\u00e9s de circuitos integrados como memoria flash NAND o DRAM, y no tiene componentes mec\u00e1nicos en absoluto. Sus componentes principales incluyen un controlador, cach\u00e9 y chips de memoria flash, y su principio de funcionamiento se basa en se\u00f1ales electr\u00f3nicas en lugar de cabezales y discos f\u00edsicos de lectura \/ escritura. <\/p>\n<p> Product Dimensions                                            \u200f                                            :                                            \u200e                                            25.4 x 17.78 x 1.78 cm; 60 g   <br \/> Manufacturer                                            \u200f                                            :                                            \u200e                                            Netac   <br \/> ASIN                                            \u200f                                            :                                            \u200e                                            B09DCKDH9T   <br \/> Item model number                                            \u200f                                            :                                            \u200e                                            c44770e9-a371-475a-97e1-52952c564db1   <br \/> Country of origin                                            \u200f                                            :                                            \u200e                                            China   <br \/> Guaranteed software updates until                                            \u200f                                            :                                            \u200e                                            unknown   <br \/>  Customer reviews:                                                                                            4.5               4.5 out of 5 stars                                  (1,539)                                              var dpAcrHasRegisteredArcLinkClickAction;                    P.when(&#8216;A&#8217;, &#8216;ready&#8217;).execute(function(A) {                        if (dpAcrHasRegisteredArcLinkClickAction !== true) {                            dpAcrHasRegisteredArcLinkClickAction = true;                            A.declarative(                                &#8216;acrLink-click-metrics&#8217;, &#8216;click&#8217;,                                { \u00aballowLinkDefault\u00bb: true },                                function (event) {                                    if (window.ue) {                                        ue.count(\u00abacrLinkClickCount\u00bb, (ue.count(\u00abacrLinkClickCount\u00bb) || 0) + 1);                                    }                                }                            );                        }                    });                                             P.when(&#8216;A&#8217;, &#8216;cf&#8217;).execute(function(A) {                A.declarative(&#8216;acrStarsLink-click-metrics&#8217;, &#8216;click&#8217;, { \u00aballowLinkDefault\u00bb : true },  function(event){                    if(window.ue) {                        ue.count(\u00abacrStarsLinkWithPopoverClickCount\u00bb, (ue.count(\u00abacrStarsLinkWithPopoverClickCount\u00bb) || 0) + 1);                    }                });            });                          <\/p>\n<p>Load archi vos faster, improve overall system responsiveness.<br \/>It is more convenient than standard hard drives, it starts faster and is quieter.<br \/>Sequential reads\/writes up to 560\/500 MB\/s on all file types.<br \/>SATAIII 3D NAND SSD with capacities up to 1TB and enhanced reliability.<br \/>For high-end computing applications such as gaming, HD multimedia playback or creative software.<\/p>\n\n","protected":false},"excerpt":{"rendered":"<p> From the brand Acerca de Netac Serie Netac SSD Diferentes interfaces dan como resultado diferentes<\/p>","protected":false},"featured_media":37893,"comment_status":"open","ping_status":"closed","template":"","meta":[],"product_brand":[],"product_cat":[76],"product_tag":[1515,1516,536,1519,2314,795,1517,204,794,1514,1513,1522,1120,1518,159,1520,3506,7888,1265,366,812,198,513,813,1521,1552],"class_list":{"0":"post-37892","1":"product","2":"type-product","3":"status-publish","4":"has-post-thumbnail","6":"product_cat-hdd-drive","7":"product_tag-1tb-hard-drive","8":"product_tag-2tb-hdd","9":"product_tag-512gb","10":"product_tag-desktop-hdd","11":"product_tag-disk","12":"product_tag-drive","13":"product_tag-external-hard-drive","14":"product_tag-grey","15":"product_tag-hard","16":"product_tag-hard-drive","17":"product_tag-hdd","18":"product_tag-hdd-price","19":"product_tag-internal","20":"product_tag-internal-hard-drive","21":"product_tag-laptop","22":"product_tag-laptop-hdd","23":"product_tag-netac","24":"product_tag-sataiii","25":"product_tag-set","26":"product_tag-silver","27":"product_tag-solid","28":"product_tag-speed","29":"product_tag-ssd","30":"product_tag-state","31":"product_tag-storage-hard-drive","32":"product_tag-upgrade","34":"first","35":"instock","36":"shipping-taxable","37":"product-type-external"},"_links":{"self":[{"href":"https:\/\/comprasyconsejos.store\/en\/wp-json\/wp\/v2\/product\/37892","targetHints":{"allow":["GET"]}}],"collection":[{"href":"https:\/\/comprasyconsejos.store\/en\/wp-json\/wp\/v2\/product"}],"about":[{"href":"https:\/\/comprasyconsejos.store\/en\/wp-json\/wp\/v2\/types\/product"}],"replies":[{"embeddable":true,"href":"https:\/\/comprasyconsejos.store\/en\/wp-json\/wp\/v2\/comments?post=37892"}],"version-history":[{"count":0,"href":"https:\/\/comprasyconsejos.store\/en\/wp-json\/wp\/v2\/product\/37892\/revisions"}],"wp:featuredmedia":[{"embeddable":true,"href":"https:\/\/comprasyconsejos.store\/en\/wp-json\/wp\/v2\/media\/37893"}],"wp:attachment":[{"href":"https:\/\/comprasyconsejos.store\/en\/wp-json\/wp\/v2\/media?parent=37892"}],"wp:term":[{"taxonomy":"product_brand","embeddable":true,"href":"https:\/\/comprasyconsejos.store\/en\/wp-json\/wp\/v2\/product_brand?post=37892"},{"taxonomy":"product_cat","embeddable":true,"href":"https:\/\/comprasyconsejos.store\/en\/wp-json\/wp\/v2\/product_cat?post=37892"},{"taxonomy":"product_tag","embeddable":true,"href":"https:\/\/comprasyconsejos.store\/en\/wp-json\/wp\/v2\/product_tag?post=37892"}],"curies":[{"name":"wp","href":"https:\/\/api.w.org\/{rel}","templated":true}]}}