{"id":37898,"date":"2026-03-06T00:32:23","date_gmt":"2026-03-06T00:32:23","guid":{"rendered":"https:\/\/comprasyconsejos.store\/product\/tacens-anima-apiii850-atx-850w-power-supply-smd-and-dc-dc-technologies-85-efficiency-12v-ultra-quiet-fan-12cm-japanese-capacitors-105o-carbon-fiber-cables-black\/"},"modified":"2026-03-06T00:32:24","modified_gmt":"2026-03-06T00:32:24","slug":"tacens-anima-apiii850-atx-850w-power-supply-smd-and-dc-dc-technologies-85-efficiency-12v-ultra-quiet-fan-12cm-japanese-capacitors-105o-carbon-fiber-cables-black","status":"publish","type":"product","link":"https:\/\/comprasyconsejos.store\/en\/product\/tacens-anima-apiii850-atx-850w-power-supply-smd-and-dc-dc-technologies-85-efficiency-12v-ultra-quiet-fan-12cm-japanese-capacitors-105o-carbon-fiber-cables-black\/","title":{"rendered":"TACENS ANIMA APIII850, ATX 850W Power Supply, SMD and DC-DC Technologies, 85% Efficiency 12V, Ultra-Quiet Fan 12cm, Japanese Capacitors 105\u00ba, Carbon Fiber Cables, Black"},"content":{"rendered":"<p>Price: <span style=\"color:#b12704\">\u20ac39.91<\/span><br \/><i><small>(as of Mar 06, 2026 00:32:23 UTC &#8211; <span class=\"wp_automatic_amazon_disclaimer\" title=\"Product prices and availability are accurate as of the date\/time indicated and are subject to change. Any price and availability information displayed on [relevant Amazon Site(s), as applicable] at the time of purchase will apply to the purchase of this product.\">Details<\/span>)<\/small><\/i><\/p>\n<p><a href=\"https:\/\/amazon.es\/dp\/B0DDKN6WS6?tag=man008-21\"><img decoding=\"async\" src=\"https:\/\/valvepress.s3.amazonaws.com\/imgs\/buy_now.png\"><\/a><br \/>\n<\/p>\n<p>                                             From the manufacturer   <\/p>\n<p>                                                  <img decoding=\"async\" alt=\"caja pc, caja ordenador, caja pc profesional, caja usb, caja microATX caja mesh AC5\" src=\"https:\/\/images-na.ssl-images-amazon.com\/images\/G\/01\/x-locale\/common\/grey-pixel.gif\" class=\"a-lazy-loaded\" data-src=\"https:\/\/m.media-amazon.com\/images\/S\/aplus-media-library-service-media\/0d540f12-5f2e-4e8e-9e7a-5c1c779e0ae8.__CR0,0,970,300_PT0_SX970_V1___.jpg\"><img decoding=\"async\" alt=\"caja pc, caja ordenador, caja pc profesional, caja usb, caja microATX caja mesh AC5\" src=\"https:\/\/m.media-amazon.com\/images\/S\/aplus-media-library-service-media\/0d540f12-5f2e-4e8e-9e7a-5c1c779e0ae8.__CR0,0,970,300_PT0_SX970_V1___.jpg\">  <\/p>\n<p>                                                                             <img decoding=\"async\" alt=\"La fuente de alimentaci\u00f3n del ordenador se muestra desde varios \u00e1ngulos sobre un fondo blanco y muestra vistas detalladas de las rejillas de ventilaci\u00f3n y la carcasa met\u00e1lica.\" src=\"https:\/\/images-na.ssl-images-amazon.com\/images\/G\/01\/x-locale\/common\/grey-pixel.gif\" class=\"a-spacing-base a-lazy-loaded\" data-src=\"https:\/\/m.media-amazon.com\/images\/S\/aplus-media-library-service-media\/a87b211b-ef02-4230-a5f2-6a694cdc96d4.__CR108,0,4705,2910_PT0_SX970_V1___.jpg\"><img decoding=\"async\" alt=\"La fuente de alimentaci\u00f3n del ordenador se muestra desde varios \u00e1ngulos sobre un fondo blanco y muestra vistas detalladas de las rejillas de ventilaci\u00f3n y la carcasa met\u00e1lica.\" src=\"https:\/\/m.media-amazon.com\/images\/S\/aplus-media-library-service-media\/a87b211b-ef02-4230-a5f2-6a694cdc96d4.__CR108,0,4705,2910_PT0_SX970_V1___.jpg\">                                                                    <\/p>\n<p class=\"apm-text-center\">\n                                                      <img decoding=\"async\" alt=\"Varias vistas de la fuente de alimentaci\u00f3n de una computadora que muestran la rejilla del ventilador, los puertos y los componentes internos desde diferentes \u00e1ngulos.\" src=\"https:\/\/images-na.ssl-images-amazon.com\/images\/G\/01\/x-locale\/common\/grey-pixel.gif\" class=\"a-lazy-loaded\" data-src=\"https:\/\/m.media-amazon.com\/images\/S\/aplus-media-library-service-media\/ba83862d-6ed6-44a5-af4b-b7b2b0def5d5.__CR0,0,2000,2000_PT0_SX220_V1___.jpg\"><img decoding=\"async\" alt=\"Varias vistas de la fuente de alimentaci\u00f3n de una computadora que muestran la rejilla del ventilador, los puertos y los componentes internos desde diferentes \u00e1ngulos.\" src=\"https:\/\/m.media-amazon.com\/images\/S\/aplus-media-library-service-media\/ba83862d-6ed6-44a5-af4b-b7b2b0def5d5.__CR0,0,2000,2000_PT0_SX220_V1___.jpg\">  <\/p>\n<p>                                                    EFICIENCIA 85% NIVEL BRONCE. TECNOLOG\u00cdA SMD                                        <\/p>\n<p class=\"a-size-small\"> La fuente de alimentaci\u00f3n APIII850, con 850W y fabricada con  con componentes de alta calidad y fiabilidad mediante la \u00faltima tecnolog\u00eda de fabricaci\u00f3n SMD, tecnolog\u00eda de rail \u00fanico de 12V y componentes en PCB de fibra de vidrio de doble capa, alcanza un nivel de eficiencia Bronze del 85%. <\/p>\n<p class=\"apm-text-center\">\n                                                      <img decoding=\"async\" alt=\"M\u00faltiples \u00e1ngulos de una fuente de alimentaci\u00f3n de ordenador de peque\u00f1o formato que muestra una carcasa de metal negro con ventilador y especificaciones t\u00e9cnicas impresas en el lateral.\" src=\"https:\/\/images-na.ssl-images-amazon.com\/images\/G\/01\/x-locale\/common\/grey-pixel.gif\" class=\"a-lazy-loaded\" data-src=\"https:\/\/m.media-amazon.com\/images\/S\/aplus-media-library-service-media\/bf6c6504-a449-4cbc-b605-4bfdf6a86e4d.__CR0,0,2000,2000_PT0_SX220_V1___.jpg\"><img decoding=\"async\" alt=\"M\u00faltiples \u00e1ngulos de una fuente de alimentaci\u00f3n de ordenador de peque\u00f1o formato que muestra una carcasa de metal negro con ventilador y especificaciones t\u00e9cnicas impresas en el lateral.\" src=\"https:\/\/m.media-amazon.com\/images\/S\/aplus-media-library-service-media\/bf6c6504-a449-4cbc-b605-4bfdf6a86e4d.__CR0,0,2000,2000_PT0_SX220_V1___.jpg\">  <\/p>\n<p>                                                    SEGURIDAD TOTAL. CALIDAD EUROPEA                                     <\/p>\n<p class=\"a-size-small\"> M\u00e1xima protecci\u00f3n el\u00e9ctrica gracias a su completo sistema de protecci\u00f3n electr\u00f3nicos OPP\/OVP\/UVP\/SCP. <\/p>\n<p class=\"a-size-small\"> Dise\u00f1ada y desarrollada en Europa, la fuente APIII850 ha sido fabricada conforme a las directivas y normas exigidas por la Uni\u00f3n Europea. <\/p>\n<p class=\"apm-text-center\">\n                                                      <img decoding=\"async\" alt=\"Vistas m\u00faltiples de una fuente de alimentaci\u00f3n de computadora negra o un componente de refrigeraci\u00f3n con ventilador. Muestra los \u00e1ngulos detallados de la carcasa met\u00e1lica y la rejilla del ventilador.\" src=\"https:\/\/images-na.ssl-images-amazon.com\/images\/G\/01\/x-locale\/common\/grey-pixel.gif\" class=\"a-lazy-loaded\" data-src=\"https:\/\/m.media-amazon.com\/images\/S\/aplus-media-library-service-media\/a7aa444b-fddf-45bb-9b31-19d48cbfb934.__CR0,0,2000,2000_PT0_SX220_V1___.jpg\"><img decoding=\"async\" alt=\"Vistas m\u00faltiples de una fuente de alimentaci\u00f3n de computadora negra o un componente de refrigeraci\u00f3n con ventilador. Muestra los \u00e1ngulos detallados de la carcasa met\u00e1lica y la rejilla del ventilador.\" src=\"https:\/\/m.media-amazon.com\/images\/S\/aplus-media-library-service-media\/a7aa444b-fddf-45bb-9b31-19d48cbfb934.__CR0,0,2000,2000_PT0_SX220_V1___.jpg\">  <\/p>\n<p>                                                    TECNOLOG\u00cdA AVANZADA DE CONVERSI\u00d3N DC-DC                                     <\/p>\n<p class=\"a-size-small\"> La tecnolog\u00eda de conversi\u00f3n DC-DC optimiza la eficiencia y asegura una estabilidad y adaptabilidad excepcionales, con regulaci\u00f3n de voltaje para proteger los componentes m\u00e1s sensibles. <\/p>\n<p class=\"a-size-small\"> Incluso ante variaciones de carga, esta fuente de alimentaci\u00f3n ATX mantiene un rendimiento \u00f3ptimo, garantizando la estabilidad del equipo en cualquier situaci\u00f3n. <\/p>\n<p class=\"apm-text-center\">\n                                                      <img decoding=\"async\" alt=\"fuente de alimentaci\u00f3n pc 750w fuente de alimentaci\u00f3n pc 850w fuente de alimentaci\u00f3n pc fuente rgb\" src=\"https:\/\/images-na.ssl-images-amazon.com\/images\/G\/01\/x-locale\/common\/grey-pixel.gif\" class=\"a-lazy-loaded\" data-src=\"https:\/\/m.media-amazon.com\/images\/S\/aplus-media-library-service-media\/45f21a8a-0e1f-4a24-9d77-6cbf94f7d67f.__CR0,0,2000,2000_PT0_SX220_V1___.jpg\"><img decoding=\"async\" alt=\"fuente de alimentaci\u00f3n pc 750w fuente de alimentaci\u00f3n pc 850w fuente de alimentaci\u00f3n pc fuente rgb\" src=\"https:\/\/m.media-amazon.com\/images\/S\/aplus-media-library-service-media\/45f21a8a-0e1f-4a24-9d77-6cbf94f7d67f.__CR0,0,2000,2000_PT0_SX220_V1___.jpg\">  <\/p>\n<p>                                                    SILENCIO TOTAL                                        <\/p>\n<p class=\"a-size-small\"> La fuente de alimentaci\u00f3n integra un ventilador de 120mm ultra-silencioso con control inteligente de velocidad y sistema anti-vibraci\u00f3n que garantiza un flujo de aire efectivo y un funcionamiento silencioso. <\/p>\n<p>                                                  <img decoding=\"async\" alt=\"caja pc, caja ordenador, caja pc profesional, caja usb, caja microATX caja mesh AC5\" src=\"https:\/\/images-na.ssl-images-amazon.com\/images\/G\/01\/x-locale\/common\/grey-pixel.gif\" class=\"a-lazy-loaded\" data-src=\"https:\/\/m.media-amazon.com\/images\/S\/aplus-media-library-service-media\/7673942b-ba73-4ce0-a5db-1df17caaee3d.__CR0,0,970,300_PT0_SX970_V1___.jpg\"><img decoding=\"async\" alt=\"caja pc, caja ordenador, caja pc profesional, caja usb, caja microATX caja mesh AC5\" src=\"https:\/\/m.media-amazon.com\/images\/S\/aplus-media-library-service-media\/7673942b-ba73-4ce0-a5db-1df17caaee3d.__CR0,0,970,300_PT0_SX970_V1___.jpg\">  <\/p>\n<p> Product Dimensions                                            \u200f                                            :                                            \u200e                                            15 x 14.5 x 8.5 cm; 1.35 kg   <br \/> Manufacturer                                            \u200f                                            :                                            \u200e                                            Tacens Anima   <br \/> ASIN                                            \u200f                                            :                                            \u200e                                            B0DDKN6WS6   <br \/> Item model number                                            \u200f                                            :                                            \u200e                                            APIII850   <br \/> Country of origin                                            \u200f                                            :                                            \u200e                                            Spain   <br \/> Guaranteed software updates until                                            \u200f                                            :                                            \u200e                                            unknown   <br \/>  Customer reviews:                                                                                            4.4               4.4 out of 5 stars                                  (263)                                              var dpAcrHasRegisteredArcLinkClickAction;                    P.when(&#8216;A&#8217;, &#8216;ready&#8217;).execute(function(A) {                        if (dpAcrHasRegisteredArcLinkClickAction !== true) {                            dpAcrHasRegisteredArcLinkClickAction = true;                            A.declarative(                                &#8216;acrLink-click-metrics&#8217;, &#8216;click&#8217;,                                { \u00aballowLinkDefault\u00bb: true },                                function (event) {                                    if (window.ue) {                                        ue.count(\u00abacrLinkClickCount\u00bb, (ue.count(\u00abacrLinkClickCount\u00bb) || 0) + 1);                                    }                                }                            );                        }                    });                                             P.when(&#8216;A&#8217;, &#8216;cf&#8217;).execute(function(A) {                A.declarative(&#8216;acrStarsLink-click-metrics&#8217;, &#8216;click&#8217;, { \u00aballowLinkDefault\u00bb : true },  function(event){                    if(window.ue) {                        ue.count(\u00abacrStarsLinkWithPopoverClickCount\u00bb, (ue.count(\u00abacrStarsLinkWithPopoverClickCount\u00bb) || 0) + 1);                    }                });            });                          <\/p>\n<p>85% BRONZE LEVEL EFFICIENCY: APIII850 850W power supply, features SMD manufacturing technology with 85% Bronze efficiency, high-quality components, 12V single rail technology and carbon fiber double layer PCB board<br \/>EUROPEAN QUALITY: Designed and developed in Europe and manufactured in accordance with the directives and standards required by the European Union, the APIII850 source guarantees maximum electrical safety thanks to its electronic protection systems OPP\/OVP\/UVP\/SCP<br \/>ADVANCED DC-DC TECHNOLOGY: DC-DC conversion technology with voltage regulation optimizes efficiency and ensures exceptional stability and adaptability; Even in the face of load variations, the ATX APIII850 source maintains optimal equipment performance in any situation<br \/>TOTAL SILENCE AND JAPANESE TOSHIN KYOGO CAPACITORS: The APIII850 power supply incorporates an ultra-quiet 120mm fan with intelligent speed control and anti-vibration system, ensuring effective airflow and inaudible 14dB operation; In addition, it incorporates Japanese Toshin Kyogo 105\u00b0 capacitors designed to operate with maximum efficiency and provide stable performance<br \/>FULL BLACK CABLES AND CASE: The APIII850 PC power supply features an elegant full black finish and long, flat and extra-long cables with carbon fiber finish, designed for full compatibility and convenient installation: 1\u00d724pin, 1x12V 4+4pin, 4xSATA, 2xMOLEX, 2x PCIE 6+2PIN<\/p>\n\n","protected":false},"excerpt":{"rendered":"<p> From the manufacturer EFICIENCIA 85% NIVEL BRONCE. TECNOLOG\u00cdA SMD La fuente de alimentaci\u00f3n APIII850, con<\/p>","protected":false},"featured_media":37899,"comment_status":"open","ping_status":"closed","template":"","meta":[],"product_brand":[],"product_cat":[79],"product_tag":[5995,6833,4381,1488,1490,1495,3682,6826,11392,1458,1499,307,190,1511,1627,1500,6078,1509,910,2409,1494,4191,1492,1498,143,1485,824,6079,1505,5992,6080,7714],"class_list":{"0":"post-37898","1":"product","2":"type-product","3":"status-publish","4":"has-post-thumbnail","6":"product_cat-pc-power-supply-unit","7":"product_tag-105o","8":"product_tag-12cm","9":"product_tag-12v","10":"product_tag-650w-psu","11":"product_tag-750w-psu","12":"product_tag-80-plus-gold-psu","13":"product_tag-850w","14":"product_tag-anima","15":"product_tag-apiii850","16":"product_tag-atx","17":"product_tag-best-psu","18":"product_tag-black","19":"product_tag-cables","20":"product_tag-capacitors","21":"product_tag-carbon","22":"product_tag-computer-power-unit","23":"product_tag-dcdc","24":"product_tag-efficiency","25":"product_tag-fan","26":"product_tag-fiber","27":"product_tag-gaming-power-supply","28":"product_tag-japanese","29":"product_tag-modular-psu","30":"product_tag-pc-power-supply-price","31":"product_tag-power","32":"product_tag-power-supply","33":"product_tag-psu","34":"product_tag-smd","35":"product_tag-supply","36":"product_tag-tacens","37":"product_tag-technologies","38":"product_tag-ultraquiet","40":"first","41":"instock","42":"shipping-taxable","43":"product-type-external"},"_links":{"self":[{"href":"https:\/\/comprasyconsejos.store\/en\/wp-json\/wp\/v2\/product\/37898","targetHints":{"allow":["GET"]}}],"collection":[{"href":"https:\/\/comprasyconsejos.store\/en\/wp-json\/wp\/v2\/product"}],"about":[{"href":"https:\/\/comprasyconsejos.store\/en\/wp-json\/wp\/v2\/types\/product"}],"replies":[{"embeddable":true,"href":"https:\/\/comprasyconsejos.store\/en\/wp-json\/wp\/v2\/comments?post=37898"}],"version-history":[{"count":0,"href":"https:\/\/comprasyconsejos.store\/en\/wp-json\/wp\/v2\/product\/37898\/revisions"}],"wp:featuredmedia":[{"embeddable":true,"href":"https:\/\/comprasyconsejos.store\/en\/wp-json\/wp\/v2\/media\/37899"}],"wp:attachment":[{"href":"https:\/\/comprasyconsejos.store\/en\/wp-json\/wp\/v2\/media?parent=37898"}],"wp:term":[{"taxonomy":"product_brand","embeddable":true,"href":"https:\/\/comprasyconsejos.store\/en\/wp-json\/wp\/v2\/product_brand?post=37898"},{"taxonomy":"product_cat","embeddable":true,"href":"https:\/\/comprasyconsejos.store\/en\/wp-json\/wp\/v2\/product_cat?post=37898"},{"taxonomy":"product_tag","embeddable":true,"href":"https:\/\/comprasyconsejos.store\/en\/wp-json\/wp\/v2\/product_tag?post=37898"}],"curies":[{"name":"wp","href":"https:\/\/api.w.org\/{rel}","templated":true}]}}