{"id":37928,"date":"2026-03-06T01:58:24","date_gmt":"2026-03-06T01:58:24","guid":{"rendered":"https:\/\/comprasyconsejos.store\/product\/yeyian-pc-x-gaming-vault-x-intel-core-i5-14400f-10-core-4-7ghz-nvidia-rtx-5060-8gb-gddr7-32gb-ddr5-6000mhz-1tb-ssd-windows-11-pro-ai-copilot-license\/"},"modified":"2026-03-06T01:58:27","modified_gmt":"2026-03-06T01:58:27","slug":"yeyian-pc-x-gaming-vault-x-intel-core-i5-14400f-10-core-4-7ghz-nvidia-rtx-5060-8gb-gddr7-32gb-ddr5-6000mhz-1tb-ssd-windows-11-pro-ai-copilot-license","status":"publish","type":"product","link":"https:\/\/comprasyconsejos.store\/en\/product\/yeyian-pc-x-gaming-vault-x-intel-core-i5-14400f-10-core-4-7ghz-nvidia-rtx-5060-8gb-gddr7-32gb-ddr5-6000mhz-1tb-ssd-windows-11-pro-ai-copilot-license\/","title":{"rendered":"YEYIAN PC X Gaming Vault X | Intel Core i5 14400F 10 Core @ 4.7GHz | NVIDIA RTX 5060 8GB GDDR7 | 32GB DDR5 6000MHz | 1TB SSD | Windows 11 Pro AI Copilot License"},"content":{"rendered":"<p>Price: <span style=\"color:#b12704\">\u20ac1,199.00<\/span><br \/><i><small>(as of Mar 06, 2026 01:58:25 UTC &#8211; <span class=\"wp_automatic_amazon_disclaimer\" title=\"Product prices and availability are accurate as of the date\/time indicated and are subject to change. Any price and availability information displayed on [relevant Amazon Site(s), as applicable] at the time of purchase will apply to the purchase of this product.\">Details<\/span>)<\/small><\/i><\/p>\n<p><a href=\"https:\/\/amazon.es\/dp\/B0GHYS8YFJ?tag=man008-21\"><img decoding=\"async\" src=\"https:\/\/valvepress.s3.amazonaws.com\/imgs\/buy_now.png\"><\/a><br \/>\n<\/p>\n<p>                                             Product Description   <\/p>\n<p>                                                                                                       <img decoding=\"async\" alt=\"El texto dice \u00abVAULI\u00bb. Im\u00e1genes promocionales oscuras que muestran elegantes dise\u00f1os de interfaces de productos con texto y gr\u00e1ficos blancos sobre fondo negro.\" src=\"https:\/\/images-na.ssl-images-amazon.com\/images\/G\/01\/x-locale\/common\/grey-pixel.gif\" class=\"a-lazy-loaded\" data-src=\"https:\/\/m.media-amazon.com\/images\/S\/aplus-media-library-service-media\/01fc07ac-ff69-4c79-a6d3-5fd441c55dce.__CR0,0,1464,600_PT0_SX1464_V1___.jpg\"><img decoding=\"async\" alt=\"El texto dice \u00abVAULI\u00bb. Im\u00e1genes promocionales oscuras que muestran elegantes dise\u00f1os de interfaces de productos con texto y gr\u00e1ficos blancos sobre fondo negro.\" src=\"https:\/\/m.media-amazon.com\/images\/S\/aplus-media-library-service-media\/01fc07ac-ff69-4c79-a6d3-5fd441c55dce.__CR0,0,1464,600_PT0_SX1464_V1___.jpg\">                                               <\/p>\n<p>                                                                                                       <img decoding=\"async\" alt=\"Serie de fotos que muestran a personas interactuando y observando un acuario de vidrio que contiene vida acu\u00e1tica y elementos decorativos.\" src=\"https:\/\/images-na.ssl-images-amazon.com\/images\/G\/01\/x-locale\/common\/grey-pixel.gif\" class=\"a-lazy-loaded\" data-src=\"https:\/\/m.media-amazon.com\/images\/S\/aplus-media-library-service-media\/b3d17cfa-c8f2-4d3c-9aa8-56836db8a83b.__CR0,0,1464,600_PT0_SX1464_V1___.jpg\"><img decoding=\"async\" alt=\"Serie de fotos que muestran a personas interactuando y observando un acuario de vidrio que contiene vida acu\u00e1tica y elementos decorativos.\" src=\"https:\/\/m.media-amazon.com\/images\/S\/aplus-media-library-service-media\/b3d17cfa-c8f2-4d3c-9aa8-56836db8a83b.__CR0,0,1464,600_PT0_SX1464_V1___.jpg\">                                               <\/p>\n<p>                                                                                                       <img decoding=\"async\" alt=\"aplus content image\" src=\"https:\/\/images-na.ssl-images-amazon.com\/images\/G\/01\/x-locale\/common\/grey-pixel.gif\" class=\"a-lazy-loaded\" data-src=\"https:\/\/m.media-amazon.com\/images\/S\/aplus-media-library-service-media\/5a41ba4b-a938-4068-aa77-151eceed8c0c.__CR0,0,1464,600_PT0_SX1464_V1___.jpg\"><img decoding=\"async\" alt=\"aplus content image\" src=\"https:\/\/m.media-amazon.com\/images\/S\/aplus-media-library-service-media\/5a41ba4b-a938-4068-aa77-151eceed8c0c.__CR0,0,1464,600_PT0_SX1464_V1___.jpg\">                                               <\/p>\n<p>                                                                                                       <img decoding=\"async\" alt=\"El texto dice \u00abVAULT\u00bb. Banner promocional oscuro o imagen de cabecera con tipograf\u00eda minimalista sobre fondo negro.\" src=\"https:\/\/images-na.ssl-images-amazon.com\/images\/G\/01\/x-locale\/common\/grey-pixel.gif\" class=\"a-lazy-loaded\" data-src=\"https:\/\/m.media-amazon.com\/images\/S\/aplus-media-library-service-media\/cafc6daa-5b92-401f-9fa3-3d577edcdaea.__CR0,0,1464,600_PT0_SX1464_V1___.jpg\"><img decoding=\"async\" alt=\"El texto dice \u00abVAULT\u00bb. Banner promocional oscuro o imagen de cabecera con tipograf\u00eda minimalista sobre fondo negro.\" src=\"https:\/\/m.media-amazon.com\/images\/S\/aplus-media-library-service-media\/cafc6daa-5b92-401f-9fa3-3d577edcdaea.__CR0,0,1464,600_PT0_SX1464_V1___.jpg\">                                               <\/p>\n<p>                                                                                                       <img decoding=\"async\" alt=\"aplus content image\" src=\"https:\/\/images-na.ssl-images-amazon.com\/images\/G\/01\/x-locale\/common\/grey-pixel.gif\" class=\"a-lazy-loaded\" data-src=\"https:\/\/m.media-amazon.com\/images\/S\/aplus-media-library-service-media\/ab752a32-afe3-4a44-9a6d-d2fa5a5c6771.__CR0,0,1464,600_PT0_SX1464_V1___.jpg\"><img decoding=\"async\" alt=\"aplus content image\" src=\"https:\/\/m.media-amazon.com\/images\/S\/aplus-media-library-service-media\/ab752a32-afe3-4a44-9a6d-d2fa5a5c6771.__CR0,0,1464,600_PT0_SX1464_V1___.jpg\">                                               <\/p>\n<p>                                                                                                       <img decoding=\"async\" alt=\"aplus content image\" src=\"https:\/\/images-na.ssl-images-amazon.com\/images\/G\/01\/x-locale\/common\/grey-pixel.gif\" class=\"a-lazy-loaded\" data-src=\"https:\/\/m.media-amazon.com\/images\/S\/aplus-media-library-service-media\/bc1db421-c87b-41a5-a42c-abb66c488a3f.__CR0,0,1464,600_PT0_SX1464_V1___.jpg\"><img decoding=\"async\" alt=\"aplus content image\" src=\"https:\/\/m.media-amazon.com\/images\/S\/aplus-media-library-service-media\/bc1db421-c87b-41a5-a42c-abb66c488a3f.__CR0,0,1464,600_PT0_SX1464_V1___.jpg\">                                               <\/p>\n<p>                                                                                                       <img decoding=\"async\" alt=\"aplus content image\" src=\"https:\/\/images-na.ssl-images-amazon.com\/images\/G\/01\/x-locale\/common\/grey-pixel.gif\" class=\"a-lazy-loaded\" data-src=\"https:\/\/m.media-amazon.com\/images\/S\/aplus-media-library-service-media\/57602fc0-b52f-4d26-a28c-35c67a073a05.__CR0,0,1464,600_PT0_SX1464_V1___.jpg\"><img decoding=\"async\" alt=\"aplus content image\" src=\"https:\/\/m.media-amazon.com\/images\/S\/aplus-media-library-service-media\/57602fc0-b52f-4d26-a28c-35c67a073a05.__CR0,0,1464,600_PT0_SX1464_V1___.jpg\">                                               <\/p>\n<p> Package Dimensions                                            \u200f                                            :                                            \u200e                                            52.29 x 49.29 x 28.7 cm; 10.14 kg   <br \/> Manufacturer                                            \u200f                                            :                                            \u200e                                            Yeyian   <br \/> ASIN                                            \u200f                                            :                                            \u200e                                            B0GHYS8YFJ   <br \/> Item model number                                            \u200f                                            :                                            \u200e                                            YPI-VAULT14F0C-5601E   <br \/> Country of origin                                            \u200f                                            :                                            \u200e                                            Spain   <br \/> Guaranteed software updates until                                            \u200f                                            :                                            \u200e                                            unknown   <\/p>\n<p>NEW-GENERATION POWER: Master gaming in 1440p\/4K and content creation with the combination of the Intel Core i5-14400F (10-core) and the NVIDIA GeForce RTX 5060 8GB GDDR7. Outstanding performance with DLSS 4 and Ray Tracing<br \/>AI REVOLUTIONARY GRAPHICS: NVIDIA&#8217;s Blackwell architecture takes your viewing experience to the next level. Enjoy ultra-realistic visuals with Ray Tracing and smooth frame generation thanks to DLSS 4, while NVIDIA Reflex 2 minimizes latency<br \/>INSTANT AND NO WAITING MULTITASKE: 32GB of high-speed DDR5 RAM (6000MHz) eliminates bottlenecks. 1TB NVMe Gen4 SSD ensures near-instant boot-ups, game loading and file transfers<br \/>\ufe0f CONSTANT AND COOL ON DEMAND: Optimized cooling system with high-flow CPU fan and strategic case fans keeps stable performance and temperatures low in marathon sessions, within the robust Vault X structure<br \/>COMPLETE AND CONNECTED SETUP: Arrives ready to play and work. Motherboard with Wi-Fi 6E and Bluetooth 5.3, 80+ Gold 650W power supply and Windows 11 Pro legal already installed. Just plug and play<\/p>\n\n","protected":false},"excerpt":{"rendered":"<p> Product Description Package Dimensions \u200f : \u200e 52.29 x 49.29 x 28.7 cm; 10.14 kg<\/p>","protected":false},"featured_media":37929,"comment_status":"open","ping_status":"closed","template":"","meta":[],"product_brand":[],"product_cat":[90],"product_tag":[3797,602,902,3798,1654,622,613,983,698,611,623,617,607,604,609,606,612,2985,608,562,11273,821,605,163,610,621,513,11401,537,8995],"class_list":{"0":"post-37928","1":"product","2":"type-product","3":"status-publish","4":"has-post-thumbnail","6":"product_cat-gaming-pcs","7":"product_tag-14400f","8":"product_tag-1tb","9":"product_tag-32gb","10":"product_tag-4-7ghz","11":"product_tag-6000mhz","12":"product_tag-8gb","13":"product_tag-best-gaming-pc","14":"product_tag-copilot","15":"product_tag-core","16":"product_tag-custom-gaming-pc","17":"product_tag-ddr5","18":"product_tag-gaming","19":"product_tag-gaming-desktop","20":"product_tag-gaming-pc","21":"product_tag-gaming-pc-16gb-ram","22":"product_tag-gaming-pc-rtx","23":"product_tag-gaming-pc-ssd","24":"product_tag-gddr7","25":"product_tag-high-end-gaming-pc","26":"product_tag-intel","27":"product_tag-license","28":"product_tag-nvidia","29":"product_tag-prebuilt-gaming-pc","30":"product_tag-pro","31":"product_tag-rgb-gaming-pc","32":"product_tag-rtx","33":"product_tag-ssd","34":"product_tag-vault","35":"product_tag-windows","36":"product_tag-yeyian","38":"first","39":"instock","40":"shipping-taxable","41":"product-type-external"},"_links":{"self":[{"href":"https:\/\/comprasyconsejos.store\/en\/wp-json\/wp\/v2\/product\/37928","targetHints":{"allow":["GET"]}}],"collection":[{"href":"https:\/\/comprasyconsejos.store\/en\/wp-json\/wp\/v2\/product"}],"about":[{"href":"https:\/\/comprasyconsejos.store\/en\/wp-json\/wp\/v2\/types\/product"}],"replies":[{"embeddable":true,"href":"https:\/\/comprasyconsejos.store\/en\/wp-json\/wp\/v2\/comments?post=37928"}],"version-history":[{"count":0,"href":"https:\/\/comprasyconsejos.store\/en\/wp-json\/wp\/v2\/product\/37928\/revisions"}],"wp:featuredmedia":[{"embeddable":true,"href":"https:\/\/comprasyconsejos.store\/en\/wp-json\/wp\/v2\/media\/37929"}],"wp:attachment":[{"href":"https:\/\/comprasyconsejos.store\/en\/wp-json\/wp\/v2\/media?parent=37928"}],"wp:term":[{"taxonomy":"product_brand","embeddable":true,"href":"https:\/\/comprasyconsejos.store\/en\/wp-json\/wp\/v2\/product_brand?post=37928"},{"taxonomy":"product_cat","embeddable":true,"href":"https:\/\/comprasyconsejos.store\/en\/wp-json\/wp\/v2\/product_cat?post=37928"},{"taxonomy":"product_tag","embeddable":true,"href":"https:\/\/comprasyconsejos.store\/en\/wp-json\/wp\/v2\/product_tag?post=37928"}],"curies":[{"name":"wp","href":"https:\/\/api.w.org\/{rel}","templated":true}]}}