{"id":37949,"date":"2026-03-06T04:59:58","date_gmt":"2026-03-06T04:59:58","guid":{"rendered":"https:\/\/comprasyconsejos.store\/product\/nobis-powerbank-20000mah-35w-pd3-0-external-battery-quick-charge-qc4-0-portable-battery-for-macbook-phone-11-13-15-16-s23-s22-airpods-etc\/"},"modified":"2026-03-06T05:00:01","modified_gmt":"2026-03-06T05:00:01","slug":"nobis-powerbank-20000mah-35w-pd3-0-external-battery-quick-charge-qc4-0-portable-battery-for-macbook-phone-11-13-15-16-s23-s22-airpods-etc","status":"publish","type":"product","link":"https:\/\/comprasyconsejos.store\/en\/product\/nobis-powerbank-20000mah-35w-pd3-0-external-battery-quick-charge-qc4-0-portable-battery-for-macbook-phone-11-13-15-16-s23-s22-airpods-etc\/","title":{"rendered":"NOBIS Powerbank 20000mAh, 35W PD3.0 External Battery Quick Charge, QC4.0 Portable Battery for MacBook, Phone 11 13 15 16 S23 S22, Airpods etc"},"content":{"rendered":"<p>Price: <span style=\"color:#b12704\">\u20ac29.99<\/span><br \/><i><small>(as of Mar 06, 2026 04:59:58 UTC &#8211; <span class=\"wp_automatic_amazon_disclaimer\" title=\"Product prices and availability are accurate as of the date\/time indicated and are subject to change. Any price and availability information displayed on [relevant Amazon Site(s), as applicable] at the time of purchase will apply to the purchase of this product.\">Details<\/span>)<\/small><\/i><\/p>\n<p><a href=\"https:\/\/amazon.es\/dp\/B0D9JFH6LJ?tag=man008-21\"><img decoding=\"async\" src=\"https:\/\/valvepress.s3.amazonaws.com\/imgs\/buy_now.png\"><\/a><br \/>\n<\/p>\n<p>                                             Product Description   <\/p>\n<p>                                                                             <img decoding=\"async\" alt=\"El texto dice \u00abBater\u00eda externa de carga r\u00e1pida de 35 W para todos tus dispositivos\u00bb. Muestra el banco de energ\u00eda en varias opciones de color, como verde, azul, rosa y naranja.\" src=\"https:\/\/images-na.ssl-images-amazon.com\/images\/G\/01\/x-locale\/common\/grey-pixel.gif\" class=\"a-spacing-base a-lazy-loaded\" data-src=\"https:\/\/m.media-amazon.com\/images\/S\/aplus-media-library-service-media\/91f41c23-5201-4f32-9108-f25f1a3678d4.__CR0,0,970,600_PT0_SX970_V1___.jpg\"><img decoding=\"async\" alt=\"El texto dice \u00abBater\u00eda externa de carga r\u00e1pida de 35 W para todos tus dispositivos\u00bb. Muestra el banco de energ\u00eda en varias opciones de color, como verde, azul, rosa y naranja.\" src=\"https:\/\/m.media-amazon.com\/images\/S\/aplus-media-library-service-media\/91f41c23-5201-4f32-9108-f25f1a3678d4.__CR0,0,970,600_PT0_SX970_V1___.jpg\">                                                                    <\/p>\n<p>                                                                             <img decoding=\"async\" alt=\"BANCO DE ENERG\u00cdA\" src=\"https:\/\/images-na.ssl-images-amazon.com\/images\/G\/01\/x-locale\/common\/grey-pixel.gif\" class=\"a-spacing-base a-lazy-loaded\" data-src=\"https:\/\/m.media-amazon.com\/images\/S\/aplus-media-library-service-media\/48c30228-4c1d-46f8-891a-c38806ef9908.__CR0,0,1920,1188_PT0_SX970_V1___.jpg\"><img decoding=\"async\" alt=\"BANCO DE ENERG\u00cdA\" src=\"https:\/\/m.media-amazon.com\/images\/S\/aplus-media-library-service-media\/48c30228-4c1d-46f8-891a-c38806ef9908.__CR0,0,1920,1188_PT0_SX970_V1___.jpg\">                                                                    <\/p>\n<p>                                                                             <img decoding=\"async\" alt=\"de 35 W con capacidad de carga r\u00e1pida bidireccional, que muestra un tiempo de carga de 2 horas y una funci\u00f3n de carga doble\" src=\"https:\/\/images-na.ssl-images-amazon.com\/images\/G\/01\/x-locale\/common\/grey-pixel.gif\" class=\"a-spacing-base a-lazy-loaded\" data-src=\"https:\/\/m.media-amazon.com\/images\/S\/aplus-media-library-service-media\/f14a200f-4d3d-4a5e-86cb-88edf04ae282.__CR0,0,1920,1188_PT0_SX970_V1___.jpg\"><img decoding=\"async\" alt=\"de 35 W con capacidad de carga r\u00e1pida bidireccional, que muestra un tiempo de carga de 2 horas y una funci\u00f3n de carga doble\" src=\"https:\/\/m.media-amazon.com\/images\/S\/aplus-media-library-service-media\/f14a200f-4d3d-4a5e-86cb-88edf04ae282.__CR0,0,1920,1188_PT0_SX970_V1___.jpg\">                                                                    <\/p>\n<p>                                                                             <img decoding=\"async\" alt=\"Estaci\u00f3n de carga de m\u00faltiples dispositivos sobre una superficie de madera. El texto indica que puede cargar 4 dispositivos simult\u00e1neamente.\" src=\"https:\/\/images-na.ssl-images-amazon.com\/images\/G\/01\/x-locale\/common\/grey-pixel.gif\" class=\"a-spacing-base a-lazy-loaded\" data-src=\"https:\/\/m.media-amazon.com\/images\/S\/aplus-media-library-service-media\/17f98012-8998-4d3e-921d-cfcbd116fe19.__CR0,0,970,600_PT0_SX970_V1___.jpg\"><img decoding=\"async\" alt=\"Estaci\u00f3n de carga de m\u00faltiples dispositivos sobre una superficie de madera. El texto indica que puede cargar 4 dispositivos simult\u00e1neamente.\" src=\"https:\/\/m.media-amazon.com\/images\/S\/aplus-media-library-service-media\/17f98012-8998-4d3e-921d-cfcbd116fe19.__CR0,0,970,600_PT0_SX970_V1___.jpg\">                                                                    <\/p>\n<p>                                                                             <img decoding=\"async\" alt=\"con 2 puertos USB-A y 2 puertos tipo C. Cuenta con pantalla LED, salida de puerto \u00fanico de 35 W, salida de doble puerto de 20 W. Dise\u00f1o negro compacto con panel de informaci\u00f3n azul\" src=\"https:\/\/images-na.ssl-images-amazon.com\/images\/G\/01\/x-locale\/common\/grey-pixel.gif\" class=\"a-spacing-base a-lazy-loaded\" data-src=\"https:\/\/m.media-amazon.com\/images\/S\/aplus-media-library-service-media\/c189ab91-7c3c-4ed7-9833-75e8393bf299.__CR0,0,970,600_PT0_SX970_V1___.jpg\"><img decoding=\"async\" alt=\"con 2 puertos USB-A y 2 puertos tipo C. Cuenta con pantalla LED, salida de puerto \u00fanico de 35 W, salida de doble puerto de 20 W. Dise\u00f1o negro compacto con panel de informaci\u00f3n azul\" src=\"https:\/\/m.media-amazon.com\/images\/S\/aplus-media-library-service-media\/c189ab91-7c3c-4ed7-9833-75e8393bf299.__CR0,0,970,600_PT0_SX970_V1___.jpg\">                                                                    <\/p>\n<p>                         Add To Basket  <\/p>\n<p>                         Add To Basket  <\/p>\n<p>                         Add To Basket  <\/p>\n<p>                         Add To Basket  <\/p>\n<p>                         Add To Basket  <\/p>\n<p>                         Add To Basket  <\/p>\n<p>                             Customer Reviews  <\/p>\n<p>                    4.4 out of 5 stars  1,089  <\/p>\n<p>                    4.4 out of 5 stars  1,089  <\/p>\n<p>                    4.4 out of 5 stars  884  <\/p>\n<p>                    4.4 out of 5 stars  884  <\/p>\n<p>                    4.3 out of 5 stars  3,186  <\/p>\n<p>                    4.3 out of 5 stars  3,186  <\/p>\n<p>                             Price  <\/p>\n<p>                                    \u20ac29.99\u20ac29.99                  \u20ac29.99\u20ac29.99                  \u20ac27.99\u20ac27.99                  \u20ac27.99\u20ac27.99                  \u20ac33.99\u20ac33.99                  \u20ac29.99\u20ac29.99        <\/p>\n<p>                             Capacidad<br \/>\n                                20000 miliamperios hora               20000 miliamperios hora               10000 miliamperios hora               10000 miliamperios hora               20000 miliamperios hora               20000 miliamperios hora        <\/p>\n<p>                             Salida (m\u00e1x.)<br \/>\n                                35W               35W               35W               35W               45W               45W        <\/p>\n<p>                             Peso<br \/>\n                                380g               380g               228g               228g               380g               380g        <\/p>\n<p>                             Talla<br \/>\n                                13.7*7*2.63 cm               13.7*7*2.63 cm               13.7*7*1.68 cm               13.7*7*1.68 cm               13.7*7*2.63 cm               13.7*7*2.63 cm        <\/p>\n<p>                             Protocolos de carga r\u00e1pida<br \/>\n                                PD 3.0 &amp; QC 4.0               PD 3.0 &amp; QC 4.0               PD 3.0 &amp; QC 4.0               PD 3.0 &amp; QC 4.0               PD 3.0 &amp; QC 4.0               PD 3.0 &amp; QC 4.0        <\/p>\n<p>                             Tipo de conector<br \/>\n                                USB tipo C*2, USB tipo A*2               USB tipo C*2, USB tipo A*2               USB tipo C*2, USB tipo A*1               USB tipo C*2, USB tipo A*1               USB tipo C*2, USB tipo A*1               USB tipo C*2, USB tipo A*1        <\/p>\n<p>                             N\u00famero de puertos<br \/>\n                                4               4               3               3               4               4        <\/p>\n<p>                             Dispositivos compatibles<br \/>\n                                Smartwatch, Smartphone, Tablet, Drone, Port\u00e1til               Smartwatch, Smartphone, Tablet, Drone, Port\u00e1til               Auriculares Bluetooth, Smartwatch, Smartphone, Tablet, Drone               Auriculares Bluetooth, Smartwatch, Smartphone, Tablet, Drone               Smartwatch, Smartphone, Tablet, Drone, Port\u00e1til               Smartwatch, Smartphone, Tablet, Drone, Port\u00e1til        <\/p>\n<p>                                                                             <img decoding=\"async\" alt=\"Vista explosiva de un dispositivo de carga con luz azul. Los iconos muestran caracter\u00edsticas: modo silencioso, apagado autom\u00e1tico, protecci\u00f3n contra sobrecarga, protecci\u00f3n contra sobrecalentamiento, protecci\u00f3n contra cortocircuitos y protecci\u00f3n contra\" src=\"https:\/\/images-na.ssl-images-amazon.com\/images\/G\/01\/x-locale\/common\/grey-pixel.gif\" class=\"a-spacing-base a-lazy-loaded\" data-src=\"https:\/\/m.media-amazon.com\/images\/S\/aplus-media-library-service-media\/e40adb54-64e2-49e9-b3c7-e11b47388779.__CR0,0,970,600_PT0_SX970_V1___.jpg\"><img decoding=\"async\" alt=\"Vista explosiva de un dispositivo de carga con luz azul. Los iconos muestran caracter\u00edsticas: modo silencioso, apagado autom\u00e1tico, protecci\u00f3n contra sobrecarga, protecci\u00f3n contra sobrecalentamiento, protecci\u00f3n contra cortocircuitos y protecci\u00f3n contra\" src=\"https:\/\/m.media-amazon.com\/images\/S\/aplus-media-library-service-media\/e40adb54-64e2-49e9-b3c7-e11b47388779.__CR0,0,970,600_PT0_SX970_V1___.jpg\">                                                                    <\/p>\n<p> Batteries                                            \u200f                                            :                                            \u200e                                            1 Lithium Polymer batteries required. (included)   <br \/> Product Dimensions                                            \u200f                                            :                                            \u200e                                            13.7 x 7 x 2.63 cm; 392 g   <br \/> Date First Available                                            \u200f                                            :                                            \u200e                                            16 July 2024   <br \/> Manufacturer                                            \u200f                                            :                                            \u200e                                            Tianjin Zowda New Energy Technology Co.,Ltd   <br \/> ASIN                                            \u200f                                            :                                            \u200e                                            B0D9JFH6LJ   <br \/> Item model number                                            \u200f                                            :                                            \u200e                                            A2651   <br \/> Country of origin                                            \u200f                                            :                                            \u200e                                            China   <br \/>       Best Sellers Rank:  76 in Mobile Phone Portable Power Banks       <br \/>  Customer reviews:                                                                                            4.4               4.4 out of 5 stars                                  (1,089)                                              var dpAcrHasRegisteredArcLinkClickAction;                    P.when(&#8216;A&#8217;, &#8216;ready&#8217;).execute(function(A) {                        if (dpAcrHasRegisteredArcLinkClickAction !== true) {                            dpAcrHasRegisteredArcLinkClickAction = true;                            A.declarative(                                &#8216;acrLink-click-metrics&#8217;, &#8216;click&#8217;,                                { \u00aballowLinkDefault\u00bb: true },                                function (event) {                                    if (window.ue) {                                        ue.count(\u00abacrLinkClickCount\u00bb, (ue.count(\u00abacrLinkClickCount\u00bb) || 0) + 1);                                    }                                }                            );                        }                    });                                             P.when(&#8216;A&#8217;, &#8216;cf&#8217;).execute(function(A) {                A.declarative(&#8216;acrStarsLink-click-metrics&#8217;, &#8216;click&#8217;, { \u00aballowLinkDefault\u00bb : true },  function(event){                    if(window.ue) {                        ue.count(\u00abacrStarsLinkWithPopoverClickCount\u00bb, (ue.count(\u00abacrStarsLinkWithPopoverClickCount\u00bb) || 0) + 1);                    }                });            });                          <\/p>\n<p>Battery Anxiety Relief: With 35W and 20000mAh external battery, this external mobile charger offers multiple charges to your phone. On long trips, business or a day out, you will not worry about the lack of battery. You will always have power available to keep you connected with the world, without missing any important messages or exciting moments<br \/>35W Hyper-Fast Charging: Enjoy an ultra-fast charging experience with a charging mode that reaches 35W. When you are in a hurry and need to recover the battery of your phone in the shortest possible time, this power bank fast charging makes charging fast. You won&#8217;t have to wait long and you can maintain a more efficient pace of life and work<br \/>Durable and Portable: The USB C power bank with sturdy housing protects against everyday bumps and abrasions, ensuring internal durability. Despite its large capacity, it has been designed to be extremely portable. It can be easily carried in a backpack, pocket or handbag, and fits in most pockets, without causing any discomfort during your commute<br \/>Digital LED Display: Mobile power bank features a digital LED display that shows the remaining battery quantity clearly and accurately. No more guessing how much power is left, allowing you to better plan your loads and use the power bank smarter<br \/>Even Greater Compatibility &#8211; Many power banks on the market cannot charge small and energy-efficient devices, so we have upgraded the chip; The portable charger works not only with all mobile phones and tablets, but also with smaller devices such as AirPods, Bluetooth headphones, fitness trackers, smartwatches, etc.<br \/>Small and versatile for multiple scenarios: Whether you&#8217;re on the crowded subway, during a nature walk, or in a quiet library, it can charge your phone without any hassle. The power bank for phone is super convenient for daily life, excursions and travel. It is the perfect companion for your outings<\/p>\n\n","protected":false},"excerpt":{"rendered":"<p> Product Description Add To Basket Add To Basket Add To Basket Add To Basket Add<\/p>","protected":false},"featured_media":37950,"comment_status":"open","ping_status":"closed","template":"","meta":[],"product_brand":[],"product_cat":[104],"product_tag":[4770,8471,232,292,335,1476,147,3004,3003,3015,3008,3007,3010,3011,3000,3001,3013,3016,3014,3005,3002,3009,3017,3006,160,4769,4771,230,290,295,4772,301,3012,251,250],"class_list":{"0":"post-37949","1":"product","2":"type-product","3":"status-publish","4":"has-post-thumbnail","6":"product_cat-apple-iphone","7":"product_tag-20000mah","8":"product_tag-35w","9":"product_tag-airpods","10":"product_tag-battery","11":"product_tag-charge","12":"product_tag-external","13":"product_tag-iphone","14":"product_tag-iphone-13-accessories","15":"product_tag-iphone-14-case","16":"product_tag-iphone-adapter","17":"product_tag-iphone-battery-pack","18":"product_tag-iphone-cable","19":"product_tag-iphone-camera-lens","20":"product_tag-iphone-car-mount","21":"product_tag-iphone-case","22":"product_tag-iphone-charger","23":"product_tag-iphone-earbuds","24":"product_tag-iphone-gaming-controller","25":"product_tag-iphone-magsafe","26":"product_tag-iphone-pro-max-case","27":"product_tag-iphone-screen-protector","28":"product_tag-iphone-tempered-glass","29":"product_tag-iphone-tripod","30":"product_tag-iphone-wireless-charger","31":"product_tag-macbook","32":"product_tag-nobis","33":"product_tag-pd3-0","34":"product_tag-phone","35":"product_tag-portable","36":"product_tag-powerbank","37":"product_tag-qc4-0","38":"product_tag-quick","39":"product_tag-refurbished-iphone","40":"product_tag-s22","41":"product_tag-s23","43":"first","44":"instock","45":"shipping-taxable","46":"product-type-external"},"_links":{"self":[{"href":"https:\/\/comprasyconsejos.store\/en\/wp-json\/wp\/v2\/product\/37949","targetHints":{"allow":["GET"]}}],"collection":[{"href":"https:\/\/comprasyconsejos.store\/en\/wp-json\/wp\/v2\/product"}],"about":[{"href":"https:\/\/comprasyconsejos.store\/en\/wp-json\/wp\/v2\/types\/product"}],"replies":[{"embeddable":true,"href":"https:\/\/comprasyconsejos.store\/en\/wp-json\/wp\/v2\/comments?post=37949"}],"version-history":[{"count":0,"href":"https:\/\/comprasyconsejos.store\/en\/wp-json\/wp\/v2\/product\/37949\/revisions"}],"wp:featuredmedia":[{"embeddable":true,"href":"https:\/\/comprasyconsejos.store\/en\/wp-json\/wp\/v2\/media\/37950"}],"wp:attachment":[{"href":"https:\/\/comprasyconsejos.store\/en\/wp-json\/wp\/v2\/media?parent=37949"}],"wp:term":[{"taxonomy":"product_brand","embeddable":true,"href":"https:\/\/comprasyconsejos.store\/en\/wp-json\/wp\/v2\/product_brand?post=37949"},{"taxonomy":"product_cat","embeddable":true,"href":"https:\/\/comprasyconsejos.store\/en\/wp-json\/wp\/v2\/product_cat?post=37949"},{"taxonomy":"product_tag","embeddable":true,"href":"https:\/\/comprasyconsejos.store\/en\/wp-json\/wp\/v2\/product_tag?post=37949"}],"curies":[{"name":"wp","href":"https:\/\/api.w.org\/{rel}","templated":true}]}}