{"id":37960,"date":"2026-03-06T06:07:31","date_gmt":"2026-03-06T06:07:31","guid":{"rendered":"https:\/\/comprasyconsejos.store\/product\/wifi-usb-elecmoga-wifi-ac-antenna-1300mbps-usb-3-0-dual-band-5ghz-2-4ghz-usb-wifi-adapter-for-pc-desktop-laptop-tablet-usb-wifi-with-2-5dbi-antennas-supports-windows-11-1-1-1-1-1-0-8-7-vista-xp-mac\/"},"modified":"2026-03-06T06:07:36","modified_gmt":"2026-03-06T06:07:36","slug":"wifi-usb-elecmoga-wifi-ac-antenna-1300mbps-usb-3-0-dual-band-5ghz-2-4ghz-usb-wifi-adapter-for-pc-desktop-laptop-tablet-usb-wifi-with-2-5dbi-antennas-supports-windows-11-1-1-1-1-1-0-8-7-vista-xp-mac","status":"publish","type":"product","link":"https:\/\/comprasyconsejos.store\/en\/product\/wifi-usb-elecmoga-wifi-ac-antenna-1300mbps-usb-3-0-dual-band-5ghz-2-4ghz-usb-wifi-adapter-for-pc-desktop-laptop-tablet-usb-wifi-with-2-5dbi-antennas-supports-windows-11-1-1-1-1-1-0-8-7-vista-xp-mac\/","title":{"rendered":"WiFi USB, ElecMoga WiFi AC Antenna 1300Mbps USB 3.0 Dual Band 5GHz\/2.4GHz USB WiFi Adapter for PC\/Desktop\/Laptop\/Tablet USB WiFi with 2 5dBi Antennas Supports Windows 11\/1\/1\/1\/1\/1 0\/8\/7 \/Vista\/XP Mac"},"content":{"rendered":"<p>Price: <span style=\"color:#b12704\"><del>\u20ac11.99<\/del> - \u20ac9.99<\/span><br \/><i><small>(as of Mar 06, 2026 06:07:31 UTC &#8211; <span class=\"wp_automatic_amazon_disclaimer\" title=\"Product prices and availability are accurate as of the date\/time indicated and are subject to change. Any price and availability information displayed on [relevant Amazon Site(s), as applicable] at the time of purchase will apply to the purchase of this product.\">Details<\/span>)<\/small><\/i><\/p>\n<p><a href=\"https:\/\/amazon.es\/dp\/B0C7GFS2ZY?tag=man008-21\"><img decoding=\"async\" src=\"https:\/\/valvepress.s3.amazonaws.com\/imgs\/buy_now.png\"><\/a><br \/>\n<\/p>\n<p>                                             Product Description   <\/p>\n<p>                                                                                                       <img decoding=\"async\" alt=\"wifi usb\" src=\"https:\/\/images-na.ssl-images-amazon.com\/images\/G\/01\/x-locale\/common\/grey-pixel.gif\" class=\"a-lazy-loaded\" data-src=\"https:\/\/m.media-amazon.com\/images\/S\/aplus-media-library-service-media\/acad196d-5568-41f9-b8ed-dd2b1650ed55.__CR0,0,1464,600_PT0_SX1464_V1___.jpg\"><img decoding=\"async\" alt=\"wifi usb\" src=\"https:\/\/m.media-amazon.com\/images\/S\/aplus-media-library-service-media\/acad196d-5568-41f9-b8ed-dd2b1650ed55.__CR0,0,1464,600_PT0_SX1464_V1___.jpg\">                                         <\/p>\n<p class=\"aplus-description aplus-container-3 aplus-p1\"> El potente USB WiFi para una gran experiencia <\/p>\n<p>                                                                                                       <img decoding=\"async\" alt=\"usb wifi\" src=\"https:\/\/images-na.ssl-images-amazon.com\/images\/G\/01\/x-locale\/common\/grey-pixel.gif\" class=\"a-lazy-loaded\" data-src=\"https:\/\/m.media-amazon.com\/images\/S\/aplus-media-library-service-media\/26fd2093-bae3-49ef-a49b-b3bab2b60bdc.__CR0,0,1464,600_PT0_SX1464_V1___.jpg\"><img decoding=\"async\" alt=\"usb wifi\" src=\"https:\/\/m.media-amazon.com\/images\/S\/aplus-media-library-service-media\/26fd2093-bae3-49ef-a49b-b3bab2b60bdc.__CR0,0,1464,600_PT0_SX1464_V1___.jpg\">                                               <\/p>\n<p>                                                                                              <img decoding=\"async\" alt=\"antena wifi\" src=\"https:\/\/images-na.ssl-images-amazon.com\/images\/G\/01\/x-locale\/common\/grey-pixel.gif\" class=\"a-lazy-loaded\" data-src=\"https:\/\/m.media-amazon.com\/images\/S\/aplus-media-library-service-media\/838f3731-8365-4618-ad38-4fa0a2fe328a.__CR0,0,300,225_PT0_SX300_V1___.jpg\"><img decoding=\"async\" alt=\"antena wifi\" src=\"https:\/\/m.media-amazon.com\/images\/S\/aplus-media-library-service-media\/838f3731-8365-4618-ad38-4fa0a2fe328a.__CR0,0,300,225_PT0_SX300_V1___.jpg\">                                            360\u00b0 rotating antenna                                         <\/p>\n<p class=\"aplus-p3\"> Este dise\u00f1o facilita que la tarjeta inal\u00e1mbrica de tu ordenador capte las se\u00f1ales WiFi. <\/p>\n<p>                                           <img decoding=\"async\" alt=\"antena wifi\" src=\"https:\/\/images-na.ssl-images-amazon.com\/images\/G\/01\/x-locale\/common\/grey-pixel.gif\" class=\"a-lazy-loaded\" data-src=\"https:\/\/m.media-amazon.com\/images\/S\/aplus-media-library-service-media\/3a8ea50b-8ea8-43d0-9027-0da331f049b2.__CR0,0,300,225_PT0_SX300_V1___.jpg\"><img decoding=\"async\" alt=\"antena wifi\" src=\"https:\/\/m.media-amazon.com\/images\/S\/aplus-media-library-service-media\/3a8ea50b-8ea8-43d0-9027-0da331f049b2.__CR0,0,300,225_PT0_SX300_V1___.jpg\">                                            USB 3.0 extremadamente r\u00e1pido                                         <\/p>\n<p class=\"aplus-p3\"> Puede alcanzar altas velocidades de 5GHz\/867Mbps, ofreci\u00e9ndote 10 veces la velocidad de USB WiFi. <\/p>\n<p>                                           <img decoding=\"async\" alt=\"antena wifi\" src=\"https:\/\/images-na.ssl-images-amazon.com\/images\/G\/01\/x-locale\/common\/grey-pixel.gif\" class=\"a-lazy-loaded\" data-src=\"https:\/\/m.media-amazon.com\/images\/S\/aplus-media-library-service-media\/6dbc28c9-7ff5-4d3c-b1fc-5ce2a4839376.__CR0,0,300,225_PT0_SX300_V1___.jpg\"><img decoding=\"async\" alt=\"antena wifi\" src=\"https:\/\/m.media-amazon.com\/images\/S\/aplus-media-library-service-media\/6dbc28c9-7ff5-4d3c-b1fc-5ce2a4839376.__CR0,0,300,225_PT0_SX300_V1___.jpg\">                                            2*5dBi Antena de alta ganancia                                         <\/p>\n<p class=\"aplus-p3\"> Increasing the power of the signal received and transmitted by the wireless WiFi adapter ensures good stability and fluidity. <\/p>\n<p>                                           <img decoding=\"async\" alt=\"antena wifi\" src=\"https:\/\/images-na.ssl-images-amazon.com\/images\/G\/01\/x-locale\/common\/grey-pixel.gif\" class=\"a-lazy-loaded\" data-src=\"https:\/\/m.media-amazon.com\/images\/S\/aplus-media-library-service-media\/62a5d516-dc47-4f55-8422-f4cdced6ad47.__CR0,0,300,225_PT0_SX300_V1___.jpg\"><img decoding=\"async\" alt=\"antena wifi\" src=\"https:\/\/m.media-amazon.com\/images\/S\/aplus-media-library-service-media\/62a5d516-dc47-4f55-8422-f4cdced6ad47.__CR0,0,300,225_PT0_SX300_V1___.jpg\">                                            Protecci\u00f3n de seguridad                                         <\/p>\n<p class=\"aplus-p3\"> Protege tu ordenador contra el riesgo de intrusi\u00f3n y salvaguarda datos y archivos. <\/p>\n<p>                                                                                  <img decoding=\"async\" alt=\"adaptador wifi usb\" src=\"https:\/\/m.media-amazon.com\/images\/S\/aplus-media-library-service-media\/282fff51-8ebf-4ceb-87cc-818ed0f6cd24.__CR0,0,1464,600_PT0_SX1464_V1___.jpg\">                                                    Step 1                                                <\/p>\n<p>                                                                                  <img decoding=\"async\" alt=\"adaptador wifi usb\" src=\"https:\/\/m.media-amazon.com\/images\/S\/aplus-media-library-service-media\/c90341f6-f5a5-4781-891e-ea30deb1a503.__CR0,0,1464,600_PT0_SX1464_V1___.jpg\">                                                    Step 2                                                <\/p>\n<p>                                                                                  <img decoding=\"async\" alt=\"adaptador wifi usb\" src=\"https:\/\/m.media-amazon.com\/images\/S\/aplus-media-library-service-media\/f9aceb77-9688-467c-9141-87bdf8956cc7.__CR0,0,1464,600_PT0_SX1464_V1___.jpg\">                                                    Step 3                                                <\/p>\n<p class=\"aplus-description aplus-container-3 aplus-p1\"> F\u00e1cil de instalar, Win 10\/11 plug and play <\/p>\n<p>                                                                                                       <img decoding=\"async\" alt=\"adaptador wifi usb para pc\" src=\"https:\/\/images-na.ssl-images-amazon.com\/images\/G\/01\/x-locale\/common\/grey-pixel.gif\" class=\"a-lazy-loaded\" data-src=\"https:\/\/m.media-amazon.com\/images\/S\/aplus-media-library-service-media\/f68ff858-99a9-44a0-904c-5668f3d9b655.__CR0,0,1464,600_PT0_SX1464_V1___.jpg\"><img decoding=\"async\" alt=\"adaptador wifi usb para pc\" src=\"https:\/\/m.media-amazon.com\/images\/S\/aplus-media-library-service-media\/f68ff858-99a9-44a0-904c-5668f3d9b655.__CR0,0,1464,600_PT0_SX1464_V1___.jpg\">                                         <\/p>\n<p class=\"aplus-description aplus-container-3 aplus-p1\"> Antena WiFi superior ajustable en 360 grados <\/p>\n<p>                                                                                                       <img decoding=\"async\" alt=\"Receptor WiFi\" src=\"https:\/\/images-na.ssl-images-amazon.com\/images\/G\/01\/x-locale\/common\/grey-pixel.gif\" class=\"a-lazy-loaded\" data-src=\"https:\/\/m.media-amazon.com\/images\/S\/aplus-media-library-service-media\/e35e52fa-5aa5-49b3-8e2e-b724399c3ff8.__CR0,0,1464,600_PT0_SX1464_V1___.jpg\"><img decoding=\"async\" alt=\"Receptor WiFi\" src=\"https:\/\/m.media-amazon.com\/images\/S\/aplus-media-library-service-media\/e35e52fa-5aa5-49b3-8e2e-b724399c3ff8.__CR0,0,1464,600_PT0_SX1464_V1___.jpg\">                                               <\/p>\n<p> Product Dimensions                                            \u200f                                            :                                            \u200e                                            8 x 2 x 12.5 cm; 40 g   <br \/> Manufacturer                                            \u200f                                            :                                            \u200e                                            ElecMoga   <br \/> ASIN                                            \u200f                                            :                                            \u200e                                            B0C7GFS2ZY   <br \/> Item model number                                            \u200f                                            :                                            \u200e                                            M-18E   <br \/> Guaranteed software updates until                                            \u200f                                            :                                            \u200e                                            unknown   <br \/>  Customer reviews:                                                                                            4.2               4.2 out of 5 stars                                  (1,589)                                              var dpAcrHasRegisteredArcLinkClickAction;                    P.when(&#8216;A&#8217;, &#8216;ready&#8217;).execute(function(A) {                        if (dpAcrHasRegisteredArcLinkClickAction !== true) {                            dpAcrHasRegisteredArcLinkClickAction = true;                            A.declarative(                                &#8216;acrLink-click-metrics&#8217;, &#8216;click&#8217;,                                { \u00aballowLinkDefault\u00bb: true },                                function (event) {                                    if (window.ue) {                                        ue.count(\u00abacrLinkClickCount\u00bb, (ue.count(\u00abacrLinkClickCount\u00bb) || 0) + 1);                                    }                                }                            );                        }                    });                                             P.when(&#8216;A&#8217;, &#8216;cf&#8217;).execute(function(A) {                A.declarative(&#8216;acrStarsLink-click-metrics&#8217;, &#8216;click&#8217;, { \u00aballowLinkDefault\u00bb : true },  function(event){                    if(window.ue) {                        ue.count(\u00abacrStarsLinkWithPopoverClickCount\u00bb, (ue.count(\u00abacrStarsLinkWithPopoverClickCount\u00bb) || 0) + 1);                    }                });            });                          <\/p>\n<p>?? Ultra Speed Wifi Dongle for PC with max speed up to 1300Mbps Wi-Fi speed at 867Mbps\/5GHz and 400Mbps\/2.4GHz. Ultra-fast AC1300 wireless adapter speed with 802.11ac. The wifi adapter reduces freezing and delays. Stable signal gives you high resolution video and smooth gaming experience.<br \/>?? 5dBI High Gain Dual Antenna PC wifi adapter is equipped with 2x5dBI antennas, which provides better signal penetration and greater wireless coverage even when the signal is weak. The antenna can be rotated and adjusted 360\u00b0 for optimal signal reception in any location, increasing the reception and transfer speed.<br \/>?? USB 3.0 Transfer Interface USB Wifi Dongle adopts a high-speed 3.0 transmission interface, which is 10 times faster than USB 2.0 and is backward compatible with previous versions of the USB 2.0 interface.<br \/>?? AP Mode &#038; Secure WIFI Network The USB wifi adapter supports AP switching function, which can be used with different routers to share the network. Encryption with advanced security standards WPA\/WPA2 and WPA-PSK\/WPA2-PSK Keep your security against intrusion while online.<br \/>?? Plug and Play USB wifi has no drivers for Windows 11\/10 (just plug and play). Compatible with Windows 11\/ 10\/ 8\/ 7\/ XP\/ Mac OS X. You can download the driver from the mini CD (included) or from the link: (https:\/\/1drv.ms\/u\/s!Ag6FMLUp1LS6gTesFb6SFkxbevwC?e =q6I61C)<\/p>\n\n","protected":false},"excerpt":{"rendered":"<p> Product Description El potente USB WiFi para una gran experiencia 360\u00b0 rotating antenna Este dise\u00f1o<\/p>","protected":false},"featured_media":37961,"comment_status":"open","ping_status":"closed","template":"","meta":[],"product_brand":[],"product_cat":[72],"product_tag":[8392,3708,5500,144,3454,2093,2217,298,2110,11414,2116,2114,774,2118,2112,11415,1085,133,2108,9524,543,2104,2120,2102,537,2106],"class_list":{"0":"post-37960","1":"product","2":"type-product","3":"status-publish","4":"has-post-thumbnail","6":"product_cat-wifi-sticks","7":"product_tag-1300mbps","8":"product_tag-5dbi","9":"product_tag-5ghz2-4ghz","10":"product_tag-adapter","11":"product_tag-antenna","12":"product_tag-antennas","13":"product_tag-band","14":"product_tag-dual","15":"product_tag-dual-band-wifi-adapter","16":"product_tag-elecmoga","17":"product_tag-high-speed-wifi-usb","18":"product_tag-laptop-wifi-adapter","19":"product_tag-mac","20":"product_tag-mini-wifi-adapter","21":"product_tag-pc-wifi-adapter","22":"product_tag-pcdesktoplaptoptablet","23":"product_tag-supports","24":"product_tag-usb","25":"product_tag-usb-wifi-dongle","26":"product_tag-vistaxp","27":"product_tag-wifi","28":"product_tag-wifi-stick","29":"product_tag-wifi-stick-price","30":"product_tag-wifi-usb-adapter","31":"product_tag-windows","32":"product_tag-wireless-usb-adapter","34":"first","35":"instock","36":"sale","37":"shipping-taxable","38":"product-type-external"},"_links":{"self":[{"href":"https:\/\/comprasyconsejos.store\/en\/wp-json\/wp\/v2\/product\/37960","targetHints":{"allow":["GET"]}}],"collection":[{"href":"https:\/\/comprasyconsejos.store\/en\/wp-json\/wp\/v2\/product"}],"about":[{"href":"https:\/\/comprasyconsejos.store\/en\/wp-json\/wp\/v2\/types\/product"}],"replies":[{"embeddable":true,"href":"https:\/\/comprasyconsejos.store\/en\/wp-json\/wp\/v2\/comments?post=37960"}],"version-history":[{"count":0,"href":"https:\/\/comprasyconsejos.store\/en\/wp-json\/wp\/v2\/product\/37960\/revisions"}],"wp:featuredmedia":[{"embeddable":true,"href":"https:\/\/comprasyconsejos.store\/en\/wp-json\/wp\/v2\/media\/37961"}],"wp:attachment":[{"href":"https:\/\/comprasyconsejos.store\/en\/wp-json\/wp\/v2\/media?parent=37960"}],"wp:term":[{"taxonomy":"product_brand","embeddable":true,"href":"https:\/\/comprasyconsejos.store\/en\/wp-json\/wp\/v2\/product_brand?post=37960"},{"taxonomy":"product_cat","embeddable":true,"href":"https:\/\/comprasyconsejos.store\/en\/wp-json\/wp\/v2\/product_cat?post=37960"},{"taxonomy":"product_tag","embeddable":true,"href":"https:\/\/comprasyconsejos.store\/en\/wp-json\/wp\/v2\/product_tag?post=37960"}],"curies":[{"name":"wp","href":"https:\/\/api.w.org\/{rel}","templated":true}]}}