{"id":37984,"date":"2026-03-06T07:08:39","date_gmt":"2026-03-06T07:08:39","guid":{"rendered":"https:\/\/comprasyconsejos.store\/product\/h125-portable-handheld-printer-portable-inkjet-printer-with-42ml-quick-dry-ink-cartridge-with-4-3-inch-touch-screen-for-qrcode-text-barcode-number-image\/"},"modified":"2026-03-06T07:08:39","modified_gmt":"2026-03-06T07:08:39","slug":"h125-portable-handheld-printer-portable-inkjet-printer-with-42ml-quick-dry-ink-cartridge-with-4-3-inch-touch-screen-for-qrcode-text-barcode-number-image","status":"publish","type":"product","link":"https:\/\/comprasyconsejos.store\/en\/product\/h125-portable-handheld-printer-portable-inkjet-printer-with-42ml-quick-dry-ink-cartridge-with-4-3-inch-touch-screen-for-qrcode-text-barcode-number-image\/","title":{"rendered":"H125 Portable Handheld Printer, Portable Inkjet Printer with 42ML Quick Dry Ink Cartridge with 4.3 Inch Touch Screen for QRCode Text\/Barcode\/Number\/Image"},"content":{"rendered":"<p>Price: <span style=\"color:#b12704\">\u20ac249.00<\/span><br \/><i><small>(as of Mar 06, 2026 07:08:39 UTC &#8211; <span class=\"wp_automatic_amazon_disclaimer\" title=\"Product prices and availability are accurate as of the date\/time indicated and are subject to change. Any price and availability information displayed on [relevant Amazon Site(s), as applicable] at the time of purchase will apply to the purchase of this product.\">Details<\/span>)<\/small><\/i><\/p>\n<p><a href=\"https:\/\/amazon.es\/dp\/B0F9F6GH2Q?tag=man008-21\"><img decoding=\"async\" src=\"https:\/\/valvepress.s3.amazonaws.com\/imgs\/buy_now.png\"><\/a><br \/>\n<\/p>\n<p>                                             Product Description   <\/p>\n<p>                                                                             <img decoding=\"async\" alt=\"El texto dice \u00abImpresora de inyecci\u00f3n de tinta port\u00e1til vers\u00e1til WELCZEK\u00bb. Las caracter\u00edsticas del producto incluyen un tama\u00f1o de impresi\u00f3n A4, una resoluci\u00f3n de 600 DPI, una capacidad de tinta de 42 ml y una altura de impresi\u00f3n de 25 mm.\" src=\"https:\/\/images-na.ssl-images-amazon.com\/images\/G\/01\/x-locale\/common\/grey-pixel.gif\" class=\"a-spacing-base a-lazy-loaded\" data-src=\"https:\/\/m.media-amazon.com\/images\/S\/aplus-media-library-service-media\/e26e5955-cf3a-4794-9c8f-159735abb97d.__CR0,0,970,600_PT0_SX970_V1___.jpg\"><img decoding=\"async\" alt=\"El texto dice \u00abImpresora de inyecci\u00f3n de tinta port\u00e1til vers\u00e1til WELCZEK\u00bb. Las caracter\u00edsticas del producto incluyen un tama\u00f1o de impresi\u00f3n A4, una resoluci\u00f3n de 600 DPI, una capacidad de tinta de 42 ml y una altura de impresi\u00f3n de 25 mm.\" src=\"https:\/\/m.media-amazon.com\/images\/S\/aplus-media-library-service-media\/e26e5955-cf3a-4794-9c8f-159735abb97d.__CR0,0,970,600_PT0_SX970_V1___.jpg\">                                                                    <\/p>\n<p>                                                                             <img decoding=\"async\" alt=\"El texto dice \u00abVers\u00e1til y adecuado para m\u00faltiples industrias\u00bb. Imagen compuesta que muestra entornos minoristas, como pasillos de supermercados, almacenes, estanter\u00edas de farmacias y un dispositivo port\u00e1til de escaneo electr\u00f3nico con pantalla.\" src=\"https:\/\/images-na.ssl-images-amazon.com\/images\/G\/01\/x-locale\/common\/grey-pixel.gif\" class=\"a-spacing-base a-lazy-loaded\" data-src=\"https:\/\/m.media-amazon.com\/images\/S\/aplus-media-library-service-media\/5af98b6f-da1c-4e28-b33e-d52a1f61304e.__CR0,0,970,600_PT0_SX970_V1___.jpg\"><img decoding=\"async\" alt=\"El texto dice \u00abVers\u00e1til y adecuado para m\u00faltiples industrias\u00bb. Imagen compuesta que muestra entornos minoristas, como pasillos de supermercados, almacenes, estanter\u00edas de farmacias y un dispositivo port\u00e1til de escaneo electr\u00f3nico con pantalla.\" src=\"https:\/\/m.media-amazon.com\/images\/S\/aplus-media-library-service-media\/5af98b6f-da1c-4e28-b33e-d52a1f61304e.__CR0,0,970,600_PT0_SX970_V1___.jpg\">                                                                    <\/p>\n<p>                                                                             <img decoding=\"async\" alt=\"El texto dice: \u00abP: \u00bfCu\u00e1nto puede imprimir un cartucho de tinta?\u00bb Diagrama de precios que muestra las opciones de cartuchos de impresora WELLZEK con valores de aproximadamente 100 000, 50 000 y 50 000 impresiones.\" src=\"https:\/\/images-na.ssl-images-amazon.com\/images\/G\/01\/x-locale\/common\/grey-pixel.gif\" class=\"a-spacing-base a-lazy-loaded\" data-src=\"https:\/\/m.media-amazon.com\/images\/S\/aplus-media-library-service-media\/74bfb71f-437c-42a1-8c05-246145efc959.__CR0,0,970,600_PT0_SX970_V1___.jpg\"><img decoding=\"async\" alt=\"El texto dice: \u00abP: \u00bfCu\u00e1nto puede imprimir un cartucho de tinta?\u00bb Diagrama de precios que muestra las opciones de cartuchos de impresora WELLZEK con valores de aproximadamente 100 000, 50 000 y 50 000 impresiones.\" src=\"https:\/\/m.media-amazon.com\/images\/S\/aplus-media-library-service-media\/74bfb71f-437c-42a1-8c05-246145efc959.__CR0,0,970,600_PT0_SX970_V1___.jpg\">                                                                    <\/p>\n<p>                                                                             <img decoding=\"async\" alt=\"El texto dice \u00abVarios contenidos imprimibles\u00bb y \u00abAdecuado para una variedad de materiales\u00bb. Im\u00e1genes de demostraci\u00f3n del producto que muestran la manipulaci\u00f3n de documentos o materiales.\" src=\"https:\/\/images-na.ssl-images-amazon.com\/images\/G\/01\/x-locale\/common\/grey-pixel.gif\" class=\"a-spacing-base a-lazy-loaded\" data-src=\"https:\/\/m.media-amazon.com\/images\/S\/aplus-media-library-service-media\/50f7b9eb-35c7-4658-bba3-22762dcc462f.__CR0,0,970,600_PT0_SX970_V1___.jpg\"><img decoding=\"async\" alt=\"El texto dice \u00abVarios contenidos imprimibles\u00bb y \u00abAdecuado para una variedad de materiales\u00bb. Im\u00e1genes de demostraci\u00f3n del producto que muestran la manipulaci\u00f3n de documentos o materiales.\" src=\"https:\/\/m.media-amazon.com\/images\/S\/aplus-media-library-service-media\/50f7b9eb-35c7-4658-bba3-22762dcc462f.__CR0,0,970,600_PT0_SX970_V1___.jpg\">                                                                    <\/p>\n<p class=\"apm-text-center\">\n                                                      <img decoding=\"async\" alt=\"El texto dice \u00abTexto claro y legible\u00bb, \u00abContenido monocromo para impresi\u00f3n diaria\u00bb, \u00abImpresi\u00f3n de alta resoluci\u00f3n de 600 DPI\u00bb. Demostraci\u00f3n del producto que muestra la impresi\u00f3n o el marcado en una superficie de madera.\" src=\"https:\/\/images-na.ssl-images-amazon.com\/images\/G\/01\/x-locale\/common\/grey-pixel.gif\" class=\"a-spacing-mini a-lazy-loaded\" data-src=\"https:\/\/m.media-amazon.com\/images\/S\/aplus-media-library-service-media\/a624f80e-0201-4c16-a5da-6168263821d3.__CR0,0,300,300_PT0_SX300_V1___.jpg\"><img decoding=\"async\" alt=\"El texto dice \u00abTexto claro y legible\u00bb, \u00abContenido monocromo para impresi\u00f3n diaria\u00bb, \u00abImpresi\u00f3n de alta resoluci\u00f3n de 600 DPI\u00bb. Demostraci\u00f3n del producto que muestra la impresi\u00f3n o el marcado en una superficie de madera.\" src=\"https:\/\/m.media-amazon.com\/images\/S\/aplus-media-library-service-media\/a624f80e-0201-4c16-a5da-6168263821d3.__CR0,0,300,300_PT0_SX300_V1___.jpg\">  <\/p>\n<p class=\"apm-text-center\">\n                                                      <img decoding=\"async\" alt=\"aplus content image\" src=\"https:\/\/images-na.ssl-images-amazon.com\/images\/G\/01\/x-locale\/common\/grey-pixel.gif\" class=\"a-spacing-mini a-lazy-loaded\" data-src=\"https:\/\/m.media-amazon.com\/images\/S\/aplus-media-library-service-media\/1eccca7b-3dae-4d21-83e2-e2c3da64c5ed.__CR0,0,300,300_PT0_SX300_V1___.jpg\"><img decoding=\"async\" alt=\"aplus content image\" src=\"https:\/\/m.media-amazon.com\/images\/S\/aplus-media-library-service-media\/1eccca7b-3dae-4d21-83e2-e2c3da64c5ed.__CR0,0,300,300_PT0_SX300_V1___.jpg\">  <\/p>\n<p class=\"apm-text-center\">\n                                                      <img decoding=\"async\" alt=\"El texto dice \u00abImpresora (E)\u00bb y \u00abU-DRK\u00bb. La imagen muestra un port\u00e1til conectado a un peque\u00f1o dispositivo electr\u00f3nico con detalles en rojo y un smartphone con una interfaz azul.\" src=\"https:\/\/images-na.ssl-images-amazon.com\/images\/G\/01\/x-locale\/common\/grey-pixel.gif\" class=\"a-spacing-mini a-lazy-loaded\" data-src=\"https:\/\/m.media-amazon.com\/images\/S\/aplus-media-library-service-media\/8fa2e8d2-5646-4628-b03e-a03cf4694776.__CR0,0,300,300_PT0_SX300_V1___.jpg\"><img decoding=\"async\" alt=\"El texto dice \u00abImpresora (E)\u00bb y \u00abU-DRK\u00bb. La imagen muestra un port\u00e1til conectado a un peque\u00f1o dispositivo electr\u00f3nico con detalles en rojo y un smartphone con una interfaz azul.\" src=\"https:\/\/m.media-amazon.com\/images\/S\/aplus-media-library-service-media\/8fa2e8d2-5646-4628-b03e-a03cf4694776.__CR0,0,300,300_PT0_SX300_V1___.jpg\">  <\/p>\n<p>                                                                             <img decoding=\"async\" alt=\"aplus content image\" src=\"https:\/\/images-na.ssl-images-amazon.com\/images\/G\/01\/x-locale\/common\/grey-pixel.gif\" class=\"a-spacing-base a-lazy-loaded\" data-src=\"https:\/\/m.media-amazon.com\/images\/S\/aplus-media-library-service-media\/04c2615e-c628-4f7a-a452-cbfc214591ab.__CR0,0,970,600_PT0_SX970_V1___.jpg\"><img decoding=\"async\" alt=\"aplus content image\" src=\"https:\/\/m.media-amazon.com\/images\/S\/aplus-media-library-service-media\/04c2615e-c628-4f7a-a452-cbfc214591ab.__CR0,0,970,600_PT0_SX970_V1___.jpg\">                                                                    <\/p>\n<p> Batteries                                            \u200f                                            :                                            \u200e                                            1 AAAA batteries required. (included)   <br \/> Product Dimensions                                            \u200f                                            :                                            \u200e                                            20.5 x 9 x 13.5 cm; 920 g   <br \/> Manufacturer                                            \u200f                                            :                                            \u200e                                            WELCZEK   <br \/> ASIN                                            \u200f                                            :                                            \u200e                                            B0F9F6GH2Q   <br \/> Item model number                                            \u200f                                            :                                            \u200e                                            WELCZEK H125   <br \/> Country\/Region of Origin                                            \u200f                                            :                                            \u200e                                            China   <br \/> Guaranteed software updates until                                            \u200f                                            :                                            \u200e                                            unknown   <br \/>  Customer reviews:                                                                                            4.4               4.4 out of 5 stars                                  (15)                                              var dpAcrHasRegisteredArcLinkClickAction;                    P.when(&#8216;A&#8217;, &#8216;ready&#8217;).execute(function(A) {                        if (dpAcrHasRegisteredArcLinkClickAction !== true) {                            dpAcrHasRegisteredArcLinkClickAction = true;                            A.declarative(                                &#8216;acrLink-click-metrics&#8217;, &#8216;click&#8217;,                                { \u00aballowLinkDefault\u00bb: true },                                function (event) {                                    if (window.ue) {                                        ue.count(\u00abacrLinkClickCount\u00bb, (ue.count(\u00abacrLinkClickCount\u00bb) || 0) + 1);                                    }                                }                            );                        }                    });                                             P.when(&#8216;A&#8217;, &#8216;cf&#8217;).execute(function(A) {                A.declarative(&#8216;acrStarsLink-click-metrics&#8217;, &#8216;click&#8217;, { \u00aballowLinkDefault\u00bb : true },  function(event){                    if(window.ue) {                        ue.count(\u00abacrStarsLinkWithPopoverClickCount\u00bb, (ue.count(\u00abacrStarsLinkWithPopoverClickCount\u00bb) || 0) + 1);                    }                });            });                          <\/p>\n<p>\u3010Ultra Portable Printer for Multiple Uses\u3011The WELCZEK H125 portable printer is the ultimate coding machine, ideal for crafts, supermarket pricing, logistics and warehouse management, etc. Its lightweight, compact design fits in one hand, allowing you to print instantly on shelves, packages or fabrics without the need for fixed setups.<br \/>\u301042ML WELCZEK H125 Quick Dry Ink\u3011WELCZEK H125 portable inkjet printer is equipped with a 40ml fast-drying black ink cartridge, with a crisp printing effect and waterproof. We also have white, red, yellow and blue ink cartridges, which you can buy directly from our store if you need it. (Tips: If the portable inkjet printer is not used for more than 15 minutes, please remove the ink cartridge in time and cover the protective cap to prevent it from drying out and clogging the nozzle.)<br \/>\u3010Printing Height 2-12.7mm &#038; Type-C Charging\u3011Maximize clarity by holding the portable inkjet encoder at a distance of 2-5mm from surfaces. Its Type-C connection ensures fast charging and data transfer: directly import the lot number, logos, expiration date, barcode, QR code, lot number or serial number from your computer.<br \/>\u3010Multi-Material Domain with Waterproof\u3011The portable inkjet printer prints flawlessly on cardboard, fabric, wood, plastic, metal, ceramics and even foil bags. Its water-resistant ink is excellent for water-absorbent materials (such as cardboard, fabric or wooden boxes).<br \/>\u3010Variable data printing for unique codes\u3011 Unlock \u00abone item, one code\u00bb traceability with this portable printer! Automatically generate sequential serial numbers, QR codes or expiration dates, ideal for inventory management in retail or industry.<br \/>\u3010WELCZEK LIFETIME RELIABLE SUPPORT\u3011 Your WELCZEK portable inkjet printer includes 1-year warranty and lifetime technical support. Contact us by WhatsApp or email: solutions guaranteed within 10 hours. WELCZEK H125 portable ink printer will become the leading portable printer in printing.<\/p>\n\n","protected":false},"excerpt":{"rendered":"<p> Product Description Batteries \u200f : \u200e 1 AAAA batteries required. (included) Product Dimensions \u200f :<\/p>","protected":false},"featured_media":37985,"comment_status":"open","ping_status":"closed","template":"","meta":[],"product_brand":[],"product_cat":[57],"product_tag":[11424,2140,2903,2134,2126,7747,11423,2490,2129,584,1980,1953,1961,2145,2142,2143,2132,290,1962,11425,301,842,11426,515,2136],"class_list":{"0":"post-37984","1":"product","2":"type-product","3":"status-publish","4":"has-post-thumbnail","6":"product_cat-inkjet-printers","7":"product_tag-42ml","8":"product_tag-best-inkjet-printer","9":"product_tag-cartridge","10":"product_tag-cheap-inkjet-printer","11":"product_tag-color-inkjet-printer","12":"product_tag-dry","13":"product_tag-h125","14":"product_tag-handheld","15":"product_tag-home-inkjet-printer","16":"product_tag-inch","17":"product_tag-ink","18":"product_tag-ink-tank-printer","19":"product_tag-inkjet","20":"product_tag-inkjet-printer","21":"product_tag-inkjet-printer-price","22":"product_tag-office-inkjet-printer","23":"product_tag-photo-inkjet-printer","24":"product_tag-portable","25":"product_tag-printer","26":"product_tag-qrcode","27":"product_tag-quick","28":"product_tag-screen","29":"product_tag-textbarcodenumberimage","30":"product_tag-touch","31":"product_tag-wireless-inkjet-printer","33":"first","34":"instock","35":"shipping-taxable","36":"product-type-external"},"_links":{"self":[{"href":"https:\/\/comprasyconsejos.store\/en\/wp-json\/wp\/v2\/product\/37984","targetHints":{"allow":["GET"]}}],"collection":[{"href":"https:\/\/comprasyconsejos.store\/en\/wp-json\/wp\/v2\/product"}],"about":[{"href":"https:\/\/comprasyconsejos.store\/en\/wp-json\/wp\/v2\/types\/product"}],"replies":[{"embeddable":true,"href":"https:\/\/comprasyconsejos.store\/en\/wp-json\/wp\/v2\/comments?post=37984"}],"version-history":[{"count":0,"href":"https:\/\/comprasyconsejos.store\/en\/wp-json\/wp\/v2\/product\/37984\/revisions"}],"wp:featuredmedia":[{"embeddable":true,"href":"https:\/\/comprasyconsejos.store\/en\/wp-json\/wp\/v2\/media\/37985"}],"wp:attachment":[{"href":"https:\/\/comprasyconsejos.store\/en\/wp-json\/wp\/v2\/media?parent=37984"}],"wp:term":[{"taxonomy":"product_brand","embeddable":true,"href":"https:\/\/comprasyconsejos.store\/en\/wp-json\/wp\/v2\/product_brand?post=37984"},{"taxonomy":"product_cat","embeddable":true,"href":"https:\/\/comprasyconsejos.store\/en\/wp-json\/wp\/v2\/product_cat?post=37984"},{"taxonomy":"product_tag","embeddable":true,"href":"https:\/\/comprasyconsejos.store\/en\/wp-json\/wp\/v2\/product_tag?post=37984"}],"curies":[{"name":"wp","href":"https:\/\/api.w.org\/{rel}","templated":true}]}}