{"id":37990,"date":"2026-03-06T07:37:32","date_gmt":"2026-03-06T07:37:32","guid":{"rendered":"https:\/\/comprasyconsejos.store\/product\/msi-optix-mag342cqr-34-curved-gaming-monitor-va-uwqhd-144hz-3440x1440-curvature-1500r-219-adaptive-sync-hdr-ready-300-nits\/"},"modified":"2026-03-06T07:37:34","modified_gmt":"2026-03-06T07:37:34","slug":"msi-optix-mag342cqr-34-curved-gaming-monitor-va-uwqhd-144hz-3440x1440-curvature-1500r-219-adaptive-sync-hdr-ready-300-nits","status":"publish","type":"product","link":"https:\/\/comprasyconsejos.store\/en\/product\/msi-optix-mag342cqr-34-curved-gaming-monitor-va-uwqhd-144hz-3440x1440-curvature-1500r-219-adaptive-sync-hdr-ready-300-nits\/","title":{"rendered":"MSI Optix MAG342CQR 34&#8243; Curved Gaming Monitor VA, UWQHD, 144Hz (3440&#215;1440, Curvature 1500R, 21:9, Adaptive-Sync, HDR Ready, 300 nits)"},"content":{"rendered":"<p>Price: <span style=\"color:#b12704\"><del>\u20ac449.00<\/del> - \u20ac349.00<\/span><br \/><i><small>(as of Mar 06, 2026 07:37:33 UTC &#8211; <span class=\"wp_automatic_amazon_disclaimer\" title=\"Product prices and availability are accurate as of the date\/time indicated and are subject to change. Any price and availability information displayed on [relevant Amazon Site(s), as applicable] at the time of purchase will apply to the purchase of this product.\">Details<\/span>)<\/small><\/i><\/p>\n<p><a href=\"https:\/\/amazon.es\/dp\/B08X21MMD3?tag=man008-21\"><img decoding=\"async\" src=\"https:\/\/valvepress.s3.amazonaws.com\/imgs\/buy_now.png\"><\/a><br \/>\n<\/p>\n<p>                                             From the manufacturer   <\/p>\n<p>                                                  <img decoding=\"async\" alt=\"msi-optix_mag342cqr-e_tailer_page-banner\" src=\"https:\/\/images-na.ssl-images-amazon.com\/images\/G\/01\/x-locale\/common\/grey-pixel.gif\" class=\"a-lazy-loaded\" data-src=\"https:\/\/m.media-amazon.com\/images\/S\/aplus-media-library-service-media\/f5aad94e-0639-42cb-a5ba-64ccda2451e9.__CR0,0,1940,600_PT0_SX970_V1___.jpg\"><img decoding=\"async\" alt=\"msi-optix_mag342cqr-e_tailer_page-banner\" src=\"https:\/\/m.media-amazon.com\/images\/S\/aplus-media-library-service-media\/f5aad94e-0639-42cb-a5ba-64ccda2451e9.__CR0,0,1940,600_PT0_SX970_V1___.jpg\">  <\/p>\n<p>                                                      <img decoding=\"async\" alt=\"MAG342CQR-A+_MAIN 600x800\" src=\"https:\/\/images-na.ssl-images-amazon.com\/images\/G\/01\/x-locale\/common\/grey-pixel.gif\" class=\"a-spacing-mini a-lazy-loaded\" data-src=\"https:\/\/m.media-amazon.com\/images\/S\/aplus-media-library-service-media\/1bd5fca5-8708-48b4-852f-0119cbaf2e8a.__CR0,0,600,800_PT0_SX300_V1___.jpg\"><img decoding=\"async\" alt=\"MAG342CQR-A+_MAIN 600x800\" src=\"https:\/\/m.media-amazon.com\/images\/S\/aplus-media-library-service-media\/1bd5fca5-8708-48b4-852f-0119cbaf2e8a.__CR0,0,600,800_PT0_SX300_V1___.jpg\">  <\/p>\n<p>                                                              <img decoding=\"async\" alt=\"logo\" src=\"https:\/\/images-na.ssl-images-amazon.com\/images\/G\/01\/x-locale\/common\/grey-pixel.gif\" class=\"a-spacing-mini a-lazy-loaded\" data-src=\"https:\/\/m.media-amazon.com\/images\/S\/aplus-media\/vc\/e5bbe67d-3976-4142-a056-4ae93c65864c.__CR6,0,2598,1299_PT0_SX350_V1___.png\"><img decoding=\"async\" alt=\"logo\" src=\"https:\/\/m.media-amazon.com\/images\/S\/aplus-media\/vc\/e5bbe67d-3976-4142-a056-4ae93c65864c.__CR6,0,2598,1299_PT0_SX350_V1___.png\">                                          MSI: Para Gamers y Creators                                 <\/p>\n<p class=\"a-spacing-small a-size-small a-color-secondary\"> MSI es uno de los nombres de m\u00e1s confianza en cuanto a gaming y eSports con innumerables horas y notables recursos invertidos en las principales ligas eSports y en los equipos gaming de primer nivel. Al apoyar y trabajar con lo mejor de lo mejor, MSI es capaz de integrar su conocimiento competitivo gaming y aspiraciones con tecnol\u00f3gica innovativa para as\u00ed crear nuevos productos que rompen los l\u00edmites de rendimiento actualmente presentes <\/p>\n<h3 class=\"a-spacing-mini\"> Optix MAG342CQR Monitor Gaming Curvo <\/h3>\n<p>                                          Ver m\u00e1s all\u00e1 del juego                                     <\/p>\n<p class=\"a-spacing-base\"> Pantalla curva envolvente de 34&#8243; UWQHD (3440&#215;1440) VA (1500R) con tasa de refresco de 144 Hz y tiempo de respuesta de 1 ms, el monitor curvo para juegos Optix MAG342CQR ofrece una ventaja competitiva. <\/p>\n<p class=\"a-spacing-base\"> El Optix MAG342CQR incorpora la tecnolog\u00eda Adaptive Sync, que iguala las tasas de refresco de la pantalla y GPU para un juego ultrasuave, mientras que el contraste din\u00e1mico HDR Ready, la visi\u00f3n nocturna, Mystic Light y un soporte ajustable 4-way ofrecen una experiencia de visualizaci\u00f3n superior. <\/p>\n<p>                                                          Curvatura de pantalla Immersive 1500R       Panel VA de 34&#8243; UWQHD (3440 x 1440)       Frecuencia de actualizaci\u00f3n de 144 Hz y tiempo de respuesta de 1 ms (MPRT) para gaming competitivo       Contraste din\u00e1mico HDR Ready       Tecnolog\u00eda Adaptive Sync       Amplia gama de colores 1.07 billones (sRGB 118,25%, DCI-P3 92,57%)       Visi\u00f3n nocturna y menos luz azul (Night Vision &amp; Less Blue Light)       Mystic Light y soporte ajustable en 4 direcciones      <\/p>\n<p class=\"apm-text-center\">\n                                                      <img decoding=\"async\" alt=\"msi-optix_mag342cqr-e_tailer_page-feature_1\" src=\"https:\/\/images-na.ssl-images-amazon.com\/images\/G\/01\/x-locale\/common\/grey-pixel.gif\" class=\"a-lazy-loaded\" data-src=\"https:\/\/m.media-amazon.com\/images\/S\/aplus-media-library-service-media\/37472594-3352-40d0-9705-ed5fcca80ace.__CR0,0,2000,2000_PT0_SX220_V1___.jpg\"><img decoding=\"async\" alt=\"msi-optix_mag342cqr-e_tailer_page-feature_1\" src=\"https:\/\/m.media-amazon.com\/images\/S\/aplus-media-library-service-media\/37472594-3352-40d0-9705-ed5fcca80ace.__CR0,0,2000,2000_PT0_SX220_V1___.jpg\">  <\/p>\n<p>                                                    Curvatura Inmersiva 1500R                                     <\/p>\n<p class=\"a-size-small\"> Dise\u00f1ado para juegos inmersivos y competitivos, el monitor cuenta con una curvatura envolvente de 1500R (radio de 1500 mm) para una experiencia UWQHD (3440 x 1440) completa con 34 pulgadas a una distancia de visi\u00f3n est\u00e1ndar. <\/p>\n<p class=\"apm-text-center\">\n                                                      <img decoding=\"async\" alt=\"msi-optix_mag342cqr-e_tailer_page-feature_2\" src=\"https:\/\/images-na.ssl-images-amazon.com\/images\/G\/01\/x-locale\/common\/grey-pixel.gif\" class=\"a-lazy-loaded\" data-src=\"https:\/\/m.media-amazon.com\/images\/S\/aplus-media-library-service-media\/9f2eb957-adf8-49db-8f04-2fa503f8a9dd.__CR0,0,2000,2000_PT0_SX220_V1___.jpg\"><img decoding=\"async\" alt=\"msi-optix_mag342cqr-e_tailer_page-feature_2\" src=\"https:\/\/m.media-amazon.com\/images\/S\/aplus-media-library-service-media\/9f2eb957-adf8-49db-8f04-2fa503f8a9dd.__CR0,0,2000,2000_PT0_SX220_V1___.jpg\">  <\/p>\n<p>                                                    Frecuencia Actualizaci\u00f3n 144 Hz                                     <\/p>\n<p class=\"a-size-small\"> Disfrute de una mayor fluidez de movimiento y seguimiento con una frecuencia de actualizaci\u00f3n de 144 Hz, y libere todo el potencial de los mejores hardware de GPU y memoria. <\/p>\n<p class=\"a-size-small\"> El bajo tiempo de respuesta de 1 ms (MPRT) reduce dr\u00e1sticamente el desenfoque en el monitor y es fundamental para los juegos de ritmo r\u00e1pido. <\/p>\n<p class=\"apm-text-center\">\n                                                      <img decoding=\"async\" alt=\"msi-optix_mag342cqr-e_tailer_page-feature_3 (Pivot)\" src=\"https:\/\/images-na.ssl-images-amazon.com\/images\/G\/01\/x-locale\/common\/grey-pixel.gif\" class=\"a-lazy-loaded\" data-src=\"https:\/\/m.media-amazon.com\/images\/S\/aplus-media-library-service-media\/52740c7c-637e-4b67-bf1f-40e42c7bb924.__CR0,0,2000,2000_PT0_SX220_V1___.png\"><img decoding=\"async\" alt=\"msi-optix_mag342cqr-e_tailer_page-feature_3 (Pivot)\" src=\"https:\/\/m.media-amazon.com\/images\/S\/aplus-media-library-service-media\/52740c7c-637e-4b67-bf1f-40e42c7bb924.__CR0,0,2000,2000_PT0_SX220_V1___.png\">  <\/p>\n<p>                                                    HDR Ready                                     <\/p>\n<p class=\"a-size-small\"> Los monitores HDR Ready reproducen detalles superiores en las zonas m\u00e1s oscuras con un contraste din\u00e1mico realista que se adapta al ojo humano en el mundo real. <\/p>\n<p class=\"a-size-small\">\n<p>Relaci\u00f3n de contraste: 4000:1  DCR: 100000000:1     <\/p>\n<p class=\"apm-text-center\">\n                                                      <img decoding=\"async\" alt=\"msi-optix_mag342cqr-e_tailer_page-feature_8\" src=\"https:\/\/images-na.ssl-images-amazon.com\/images\/G\/01\/x-locale\/common\/grey-pixel.gif\" class=\"a-lazy-loaded\" data-src=\"https:\/\/m.media-amazon.com\/images\/S\/aplus-media-library-service-media\/e432398d-9f3f-4377-aba8-a350930095c8.__CR0,0,2000,2000_PT0_SX220_V1___.jpg\"><img decoding=\"async\" alt=\"msi-optix_mag342cqr-e_tailer_page-feature_8\" src=\"https:\/\/m.media-amazon.com\/images\/S\/aplus-media-library-service-media\/e432398d-9f3f-4377-aba8-a350930095c8.__CR0,0,2000,2000_PT0_SX220_V1___.jpg\">  <\/p>\n<p>                                                    Tecnolog\u00eda Adaptive Sync                                     <\/p>\n<p class=\"a-size-small\"> La tecnolog\u00eda Adaptive Sync sincroniza la frecuencia de refresco del monitor con la GPU para proporcionar una experiencia de juego fluida y sin desgarros con el m\u00e1ximo rendimiento. <\/p>\n<p class=\"apm-text-center\">\n                                                      <img decoding=\"async\" alt=\"msi-optix_mag342cqr-e_tailer_page-feature_6\" src=\"https:\/\/images-na.ssl-images-amazon.com\/images\/G\/01\/x-locale\/common\/grey-pixel.gif\" class=\"a-lazy-loaded\" data-src=\"https:\/\/m.media-amazon.com\/images\/S\/aplus-media-library-service-media\/54dc7735-370b-4472-a6ee-ce718cca97fc.__CR0,0,2000,2000_PT0_SX220_V1___.jpg\"><img decoding=\"async\" alt=\"msi-optix_mag342cqr-e_tailer_page-feature_6\" src=\"https:\/\/m.media-amazon.com\/images\/S\/aplus-media-library-service-media\/54dc7735-370b-4472-a6ee-ce718cca97fc.__CR0,0,2000,2000_PT0_SX220_V1___.jpg\">  <\/p>\n<p>                                                    Amplia Gama de Colores                                      <\/p>\n<p class=\"a-size-small\"> Los monitores MSI con panel VA ofrecen una gama m\u00e1s amplia en comparaci\u00f3n a los monitores gen\u00e9ricos. Los colores y los detalles son m\u00e1s reales, as\u00ed mejorando la experiencia de inmersi\u00f3n gaming. <\/p>\n<p class=\"a-size-small\">\n<p>Colores de pantalla: 1.07 billonessRGB\/DCI-P3*: 118.25%\/92.57%         <\/p>\n<p class=\"a-size-small\"> *sRGB y DCI-P3 siguen el est\u00e1ndar CIE1976 <\/p>\n<p class=\"apm-text-center\">\n                                                      <img decoding=\"async\" alt=\"msi-optix_mag342cqr-e_tailer_page-feature_7\" src=\"https:\/\/images-na.ssl-images-amazon.com\/images\/G\/01\/x-locale\/common\/grey-pixel.gif\" class=\"a-lazy-loaded\" data-src=\"https:\/\/m.media-amazon.com\/images\/S\/aplus-media-library-service-media\/17a2e445-6812-463f-b53e-7728cbfba577.__CR0,0,2000,2000_PT0_SX220_V1___.jpg\"><img decoding=\"async\" alt=\"msi-optix_mag342cqr-e_tailer_page-feature_7\" src=\"https:\/\/m.media-amazon.com\/images\/S\/aplus-media-library-service-media\/17a2e445-6812-463f-b53e-7728cbfba577.__CR0,0,2000,2000_PT0_SX220_V1___.jpg\">  <\/p>\n<p>                                                    Visi\u00f3n Nocturna (Night Vision) y Menos Luz Azul ( Less Blue Light)                                      <\/p>\n<p class=\"a-size-small\"> MSI Night Vision, es un sintonizador negro inteligente (smart), que favorece los detalles fundamentales y ofrece un fragmento de luz durante las horas m\u00e1s oscuras. <\/p>\n<p class=\"a-size-small\"> Los monitores MSI est\u00e1n optimizados para emitir menos luz azul, para poder ver fondos predominantemente blancos (motores de b\u00fasqueda, juegos en l\u00ednea, aplicaciones de Windows) por m\u00e1s tiempo sin tener que padecer fatiga visual innecesaria. <\/p>\n<p class=\"a-size-small\"> La tecnolog\u00eda Anti-Flicker proporciona una experiencia de visualizaci\u00f3n superior al reducir la cantidad de parpadeos, a diferencia de los monitores gen\u00e9ricos que suelen presentar una tasa de parpadeo de unas 200 veces* por segundo. <\/p>\n<p class=\"a-size-small\"> *Aunque no se note a simple vista, esto puede causar fatiga con el tiempo. <\/p>\n<p class=\"apm-text-center\">\n                                                      <img decoding=\"async\" alt=\"msi-optix_mag342cqr-e_tailer_page-feature_4\" src=\"https:\/\/images-na.ssl-images-amazon.com\/images\/G\/01\/x-locale\/common\/grey-pixel.gif\" class=\"a-lazy-loaded\" data-src=\"https:\/\/m.media-amazon.com\/images\/S\/aplus-media-library-service-media\/03192bd5-6eba-4451-8632-f7fbf40f1acd.__CR0,0,2000,2000_PT0_SX220_V1___.jpg\"><img decoding=\"async\" alt=\"msi-optix_mag342cqr-e_tailer_page-feature_4\" src=\"https:\/\/m.media-amazon.com\/images\/S\/aplus-media-library-service-media\/03192bd5-6eba-4451-8632-f7fbf40f1acd.__CR0,0,2000,2000_PT0_SX220_V1___.jpg\">  <\/p>\n<p>                                                    Mystic Light                                     <\/p>\n<p class=\"a-size-small\"> La iluminaci\u00f3n de ambiente Mystic Light enriquece la experiencia de juego en pantalla y se puede sincronizar con otros dispositivos. <\/p>\n<p class=\"a-size-small\"> Un bisel superestrecho y un ancho \u00e1ngulo de visi\u00f3n de 178\u00b0 ofrecen m\u00e1s flexibilidad en una configuraci\u00f3n personalizada sin sacrificar los colores ni los detalles, los cuales se mantienen n\u00edtidos en m\u00e1s \u00e1ngulos para lograr la mejor experiencia de inmersi\u00f3n posible. <\/p>\n<p class=\"apm-text-center\">\n                                                      <img decoding=\"async\" alt=\"msi-optix_mag342cqr-e_tailer_page-feature_5 (Pivot)\" src=\"https:\/\/images-na.ssl-images-amazon.com\/images\/G\/01\/x-locale\/common\/grey-pixel.gif\" class=\"a-lazy-loaded\" data-src=\"https:\/\/m.media-amazon.com\/images\/S\/aplus-media-library-service-media\/916edfd1-d372-4c08-ae8b-24fa8fbdcad5.__CR0,0,2000,2000_PT0_SX220_V1___.png\"><img decoding=\"async\" alt=\"msi-optix_mag342cqr-e_tailer_page-feature_5 (Pivot)\" src=\"https:\/\/m.media-amazon.com\/images\/S\/aplus-media-library-service-media\/916edfd1-d372-4c08-ae8b-24fa8fbdcad5.__CR0,0,2000,2000_PT0_SX220_V1___.png\">  <\/p>\n<p>                                                    Soporte Ajustable 4-Way                                     <\/p>\n<p class=\"a-size-small\"> El soporte del monitor se puede ajustar en inclinaci\u00f3n (-5\u00b0~20\u00b0), pivote (-5\u00b0~5\u00b0), giro (-30\u00b0~30\u00b0) y altura (0~90 mm) para una mayor comodidad de visualizaci\u00f3n. <\/p>\n<p class=\"a-size-small\"> Conectividad E\/S (I\/O): <\/p>\n<p class=\"a-size-small\">\n<p>DisplayPort 1.4: 3440 x 1440 (144 Hz max.)2 x HDMI 2.0: 3440 x 1440 (100 Hz max.)     <\/p>\n<p>                         Add To Basket  <\/p>\n<p>                             Customer Reviews  <\/p>\n<p>                    4.3 out of 5 stars  77  <\/p>\n<p>                    4.5 out of 5 stars  372  <\/p>\n<p>                             Price  <\/p>\n<p>                                            \u2014 no data<br \/>\n                                                       \u20ac349.00\u20ac349.00                    <\/p>\n<p>                             Tama\u00f1o Pantalla<br \/>\n                                34 Pulgadas (86.36 cm)               34 Pulgadas (86.36 cm)                    <\/p>\n<p>                             Tipo de Panel<br \/>\n                                VA               VA                    <\/p>\n<p>                             Curvatura de la Pantalla<br \/>\n                                1500R               1500R                    <\/p>\n<p>                             Resoluci\u00f3n Nativa \/ Relaci\u00f3n de Aspecto<br \/>\n                                3440 x 1440 (UWQHD) \/ 21:9               3440 x 1440 (UWQHD) \/ 21:9                    <\/p>\n<p>                             Frecuencia Actualizaci\u00f3n \/ Tiempo de Respuesta<br \/>\n                                100 Hz \/ 1 ms               144 Hz \/ 1 ms                    <\/p>\n<p>                             Sincronizaci\u00f3n Adaptativa<br \/>\n                                Adaptive Sync               Adaptive Sync                    <\/p>\n<p>                             Brillo Imagen<br \/>\n                                250 nits               300 nits                    <\/p>\n<p>                             Gama Colores de Imagen DCI-P3 \/ sRGB<br \/>\n                                86% \/ 115%               92.6% \/ 118.3%                    <\/p>\n<p>                             Relaci\u00f3n de Contraste de Imagen<br \/>\n                                3000:1 (100M:1 DCR)               4000:1 (100M:1 DCR)                    <\/p>\n<p>                             Conectividad<br \/>\n                                1 x DP (1.2a), 1 x HDMI (1.4b), 1 x HDMI (2.0b)               1 x DP (1.4a), 2 x HDMI (2.0)                    <\/p>\n<p> Product Dimensions                                            \u200f                                            :                                            \u200e                                            81 x 51 x 27 cm; 6.91 kg   <br \/> Manufacturer                                            \u200f                                            :                                            \u200e                                            MSI   <br \/> ASIN                                            \u200f                                            :                                            \u200e                                            B08X21MMD3   <br \/> Item model number                                            \u200f                                            :                                            \u200e                                            4719072753283   <br \/>  Customer reviews:                                                                                            4.5               4.5 out of 5 stars                                  (372)                                              var dpAcrHasRegisteredArcLinkClickAction;                    P.when(&#8216;A&#8217;, &#8216;ready&#8217;).execute(function(A) {                        if (dpAcrHasRegisteredArcLinkClickAction !== true) {                            dpAcrHasRegisteredArcLinkClickAction = true;                            A.declarative(                                &#8216;acrLink-click-metrics&#8217;, &#8216;click&#8217;,                                { \u00aballowLinkDefault\u00bb: true },                                function (event) {                                    if (window.ue) {                                        ue.count(\u00abacrLinkClickCount\u00bb, (ue.count(\u00abacrLinkClickCount\u00bb) || 0) + 1);                                    }                                }                            );                        }                    });                                             P.when(&#8216;A&#8217;, &#8216;cf&#8217;).execute(function(A) {                A.declarative(&#8216;acrStarsLink-click-metrics&#8217;, &#8216;click&#8217;, { \u00aballowLinkDefault\u00bb : true },  function(event){                    if(window.ue) {                        ue.count(\u00abacrStarsLinkWithPopoverClickCount\u00bb, (ue.count(\u00abacrStarsLinkWithPopoverClickCount\u00bb) || 0) + 1);                    }                });            });                          <\/p>\n<p>Screen size 34&#8243; (86.36 cm)<br \/>Resolution 3440&#215;1440 (UWQHD)<br \/>Pixels (mm) 0.23175(H)x0.23175(V)<\/p>\n\n","protected":false},"excerpt":{"rendered":"<p> From the manufacturer MSI: Para Gamers y Creators MSI es uno de los nombres de<\/p>","protected":false},"featured_media":37991,"comment_status":"open","ping_status":"closed","template":"","meta":[],"product_brand":[],"product_cat":[55],"product_tag":[853,1934,2337,1936,1935,1939,2923,1802,3623,1940,2918,754,1784,617,1933,1813,1937,11429,844,1262,5884,11428,625,1938,4901],"class_list":{"0":"post-37990","1":"product","2":"type-product","3":"status-publish","4":"has-post-thumbnail","6":"product_cat-gaming-monitors","7":"product_tag-144hz","8":"product_tag-144hz-gaming-monitor","9":"product_tag-1500r","10":"product_tag-1ms-gaming-monitor","11":"product_tag-240hz-gaming-monitor","12":"product_tag-27-inch-gaming-monitor","13":"product_tag-3440x1440","14":"product_tag-4k-gaming-monitor","15":"product_tag-adaptivesync","16":"product_tag-best-gaming-monitor","17":"product_tag-curvature","18":"product_tag-curved","19":"product_tag-curved-gaming-monitor","20":"product_tag-gaming","21":"product_tag-gaming-monitor","22":"product_tag-hdr","23":"product_tag-ips-gaming-monitor","24":"product_tag-mag342cqr","25":"product_tag-monitor","26":"product_tag-msi","27":"product_tag-nits","28":"product_tag-optix","29":"product_tag-ready","30":"product_tag-rgb-gaming-monitor","31":"product_tag-uwqhd","33":"first","34":"instock","35":"sale","36":"shipping-taxable","37":"product-type-external"},"_links":{"self":[{"href":"https:\/\/comprasyconsejos.store\/en\/wp-json\/wp\/v2\/product\/37990","targetHints":{"allow":["GET"]}}],"collection":[{"href":"https:\/\/comprasyconsejos.store\/en\/wp-json\/wp\/v2\/product"}],"about":[{"href":"https:\/\/comprasyconsejos.store\/en\/wp-json\/wp\/v2\/types\/product"}],"replies":[{"embeddable":true,"href":"https:\/\/comprasyconsejos.store\/en\/wp-json\/wp\/v2\/comments?post=37990"}],"version-history":[{"count":0,"href":"https:\/\/comprasyconsejos.store\/en\/wp-json\/wp\/v2\/product\/37990\/revisions"}],"wp:featuredmedia":[{"embeddable":true,"href":"https:\/\/comprasyconsejos.store\/en\/wp-json\/wp\/v2\/media\/37991"}],"wp:attachment":[{"href":"https:\/\/comprasyconsejos.store\/en\/wp-json\/wp\/v2\/media?parent=37990"}],"wp:term":[{"taxonomy":"product_brand","embeddable":true,"href":"https:\/\/comprasyconsejos.store\/en\/wp-json\/wp\/v2\/product_brand?post=37990"},{"taxonomy":"product_cat","embeddable":true,"href":"https:\/\/comprasyconsejos.store\/en\/wp-json\/wp\/v2\/product_cat?post=37990"},{"taxonomy":"product_tag","embeddable":true,"href":"https:\/\/comprasyconsejos.store\/en\/wp-json\/wp\/v2\/product_tag?post=37990"}],"curies":[{"name":"wp","href":"https:\/\/api.w.org\/{rel}","templated":true}]}}