{"id":37993,"date":"2026-03-06T07:55:35","date_gmt":"2026-03-06T07:55:35","guid":{"rendered":"https:\/\/comprasyconsejos.store\/product\/xiaomi-curved-gaming-monitor-g-pro-27i-27-wqhd-gaming-monitor-2560-x-1440-180hz-1ms-hdmi-2-0x2-dp-port-1-4x2-blue-light-protection-black-es-version\/"},"modified":"2026-03-06T07:55:36","modified_gmt":"2026-03-06T07:55:36","slug":"xiaomi-curved-gaming-monitor-g-pro-27i-27-wqhd-gaming-monitor-2560-x-1440-180hz-1ms-hdmi-2-0x2-dp-port-1-4x2-blue-light-protection-black-es-version","status":"publish","type":"product","link":"https:\/\/comprasyconsejos.store\/en\/product\/xiaomi-curved-gaming-monitor-g-pro-27i-27-wqhd-gaming-monitor-2560-x-1440-180hz-1ms-hdmi-2-0x2-dp-port-1-4x2-blue-light-protection-black-es-version\/","title":{"rendered":"Xiaomi Curved Gaming Monitor G Pro 27i &#8211; 27&#8243; WQHD Gaming Monitor (2560 x 1440, 180Hz, 1ms, HDMI 2.0&#215;2, DP Port 1.4&#215;2, Blue Light Protection), Black (ES Version)"},"content":{"rendered":"<p>Price: <span style=\"color:#b12704\">\u20ac249.00<\/span><br \/><i><small>(as of Mar 06, 2026 07:55:35 UTC &#8211; <span class=\"wp_automatic_amazon_disclaimer\" title=\"Product prices and availability are accurate as of the date\/time indicated and are subject to change. Any price and availability information displayed on [relevant Amazon Site(s), as applicable] at the time of purchase will apply to the purchase of this product.\">Details<\/span>)<\/small><\/i><\/p>\n<p><a href=\"https:\/\/amazon.es\/dp\/B0D7VZCP6S?tag=man008-21\"><img decoding=\"async\" src=\"https:\/\/valvepress.s3.amazonaws.com\/imgs\/buy_now.png\"><\/a><br \/>\n<\/p>\n<p>                                             From the manufacturer   <\/p>\n<p>                                                                                                       <img decoding=\"async\" alt=\"Xiaomi Mini LED Gaming Monitor G Pro 27i\" src=\"https:\/\/images-na.ssl-images-amazon.com\/images\/G\/01\/x-locale\/common\/grey-pixel.gif\" class=\"a-lazy-loaded\" data-src=\"https:\/\/m.media-amazon.com\/images\/S\/aplus-media-library-service-media\/a9810cf8-1cc8-44f0-beea-923e8d06d8cb.__CR0,136,1464,600_PT0_SX1464_V1___.jpg\"><img decoding=\"async\" alt=\"Xiaomi Mini LED Gaming Monitor G Pro 27i\" src=\"https:\/\/m.media-amazon.com\/images\/S\/aplus-media-library-service-media\/a9810cf8-1cc8-44f0-beea-923e8d06d8cb.__CR0,136,1464,600_PT0_SX1464_V1___.jpg\">                                         <\/p>\n<p class=\"aplus-description aplus-container-3 aplus-p1\"> Con nuevas y sorprendentes caracter\u00edsticas. <\/p>\n<p>                                                                                                       <img decoding=\"async\" alt=\"Xiaomi Mini LED Gaming Monitor G Pro 27i\" src=\"https:\/\/images-na.ssl-images-amazon.com\/images\/G\/01\/x-locale\/common\/grey-pixel.gif\" class=\"a-lazy-loaded\" data-src=\"https:\/\/m.media-amazon.com\/images\/S\/aplus-media-library-service-media\/60490c24-997f-410c-b418-bab4682429f9.__CR0,48,1464,600_PT0_SX1464_V1___.jpg\"><img decoding=\"async\" alt=\"Xiaomi Mini LED Gaming Monitor G Pro 27i\" src=\"https:\/\/m.media-amazon.com\/images\/S\/aplus-media-library-service-media\/60490c24-997f-410c-b418-bab4682429f9.__CR0,48,1464,600_PT0_SX1464_V1___.jpg\">                                         <\/p>\n<p class=\"aplus-description aplus-container-3 aplus-p1\"> Efecto de luz de fondo. Sum\u00e9rgete en el mundo de los deportes electr\u00f3nicos <\/p>\n<p>                                                                                              <img decoding=\"async\" alt=\"Xiaomi Mini LED Gaming Monitor G Pro 27i\" src=\"https:\/\/images-na.ssl-images-amazon.com\/images\/G\/01\/x-locale\/common\/grey-pixel.gif\" class=\"a-lazy-loaded\" data-src=\"https:\/\/m.media-amazon.com\/images\/S\/aplus-media-library-service-media\/69dfc573-7871-4c7c-9d7f-6a243562b794.__CR0,383,1465,789_PT0_SX650_V1___.jpg\"><img decoding=\"async\" alt=\"Xiaomi Mini LED Gaming Monitor G Pro 27i\" src=\"https:\/\/m.media-amazon.com\/images\/S\/aplus-media-library-service-media\/69dfc573-7871-4c7c-9d7f-6a243562b794.__CR0,383,1465,789_PT0_SX650_V1___.jpg\">                                                                           <\/p>\n<p class=\"aplus-p3\"> La tecnolog\u00eda de retroiluminaci\u00f3n Mini LED de matriz completa, con 1152 zonas y 4608 cuentas, proporciona un control preciso sobre la visualizaci\u00f3n de la imagen y ofrece detalles exquisitos y efectos de luz y sombra cautivadores. <\/p>\n<p>                                           <img decoding=\"async\" alt=\"Xiaomi Mini LED Gaming Monitor G Pro 27i\" src=\"https:\/\/images-na.ssl-images-amazon.com\/images\/G\/01\/x-locale\/common\/grey-pixel.gif\" class=\"a-lazy-loaded\" data-src=\"https:\/\/m.media-amazon.com\/images\/S\/aplus-media-library-service-media\/7b75bb27-c9da-47ed-a69e-c05000647f0d.__CR0,246,1464,788_PT0_SX650_V1___.jpg\"><img decoding=\"async\" alt=\"Xiaomi Mini LED Gaming Monitor G Pro 27i\" src=\"https:\/\/m.media-amazon.com\/images\/S\/aplus-media-library-service-media\/7b75bb27-c9da-47ed-a69e-c05000647f0d.__CR0,246,1464,788_PT0_SX650_V1___.jpg\">                                                                           <\/p>\n<p class=\"aplus-p3\"> HDR1000 para momentos impresionantes y realistas. Con un brillo m\u00e1ximo de 1000 nits* y un brillo en estado oscuro de 0,001 nits*, HDR1000 ofrece negros profundos y reflejos brillantes para im\u00e1genes de juegos que te sumergen en escenas sorprendentes y din\u00e1micas e im\u00e1genes 3D realistas. <\/p>\n<p>                                                                                                       <img decoding=\"async\" alt=\"Xiaomi Mini LED Gaming Monitor G Pro 27i\" src=\"https:\/\/images-na.ssl-images-amazon.com\/images\/G\/01\/x-locale\/common\/grey-pixel.gif\" class=\"a-lazy-loaded\" data-src=\"https:\/\/m.media-amazon.com\/images\/S\/aplus-media-library-service-media\/ef249a47-86c2-43c1-a469-abb3b118c74a.__CR0,35,1464,600_PT0_SX1464_V1___.jpg\"><img decoding=\"async\" alt=\"Xiaomi Mini LED Gaming Monitor G Pro 27i\" src=\"https:\/\/m.media-amazon.com\/images\/S\/aplus-media-library-service-media\/ef249a47-86c2-43c1-a469-abb3b118c74a.__CR0,35,1464,600_PT0_SX1464_V1___.jpg\">                                         <\/p>\n<p class=\"aplus-description aplus-container-3 aplus-p1\"> Luz ambiental RGB. Apariencia en deportes electr\u00f3nicos <\/p>\n<p>                                                                                                                                                                                                                                                     Luz con protecci\u00f3n para tus ojos    <\/p>\n<p class=\"aplus-p2\"> La certificaci\u00f3n T\u00dcV Low Blue Light garantiza que, cuando est\u00e1 activado el modo de luz azul baja, el monitor filtra la luz azul de onda corta para ofrecer una experiencia visual c\u00f3moda y respetuosa con los ojos. <\/p>\n<p>                                            <img decoding=\"async\" alt=\"Xiaomi Mini LED Gaming Monitor G Pro 27i\" src=\"https:\/\/m.media-amazon.com\/images\/S\/aplus-media-library-service-media\/a8ef0318-b9d4-4b64-8939-71ccf6773f1b.__CR0,192,1464,1098_PT0_SX800_V1___.jpg\">                                                                                                  Puntos cu\u00e1nticos con una amplia gama de colores.    <\/p>\n<p class=\"aplus-p2\"> La amplia gama de pantallas de color con cobertura 100 % sRGB, 99 % DCI-P3 y 97 % Adobe RGB <\/p>\n<p class=\"aplus-p2\"> Permite colores m\u00e1s ricos y reales. Las transiciones de color perfectas y 1.070 millones de colores elevan el entorno de juego como nunca antes. <\/p>\n<p>                                            <img decoding=\"async\" alt=\"Xiaomi Mini LED Gaming Monitor G Pro 27i\" src=\"https:\/\/m.media-amazon.com\/images\/S\/aplus-media-library-service-media\/6643f863-42f5-419e-922b-0834c79c3c3e.__CR0,552,1464,1098_PT0_SX800_V1___.jpg\">                                                                                                  Soporte giratorio con altura ajustable    <\/p>\n<p class=\"aplus-p2\"> Admite ajustes de altura, ajuste fino del \u00e1ngulo de inclinaci\u00f3n y montaje en pared*. Mant\u00e9ngase c\u00f3modo en cualquier postura y cualquier momento. <\/p>\n<p>                                            <img decoding=\"async\" alt=\"Xiaomi Mini LED Gaming Monitor G Pro 27i\" src=\"https:\/\/m.media-amazon.com\/images\/S\/aplus-media-library-service-media\/a67fa207-083c-44f5-bfd3-0178911bd3f5.__CR299,376,875,656_PT0_SX800_V1___.jpg\">                                                          <\/p>\n<p>                                                                                                       <img decoding=\"async\" alt=\"Xiaomi Mini LED Gaming Monitor G Pro 27i\" src=\"https:\/\/images-na.ssl-images-amazon.com\/images\/G\/01\/x-locale\/common\/grey-pixel.gif\" class=\"a-lazy-loaded\" data-src=\"https:\/\/m.media-amazon.com\/images\/S\/aplus-media-library-service-media\/3048bc0e-d62d-484e-8e87-f74a8c334142.__CR0,58,1464,600_PT0_SX1464_V1___.jpg\"><img decoding=\"async\" alt=\"Xiaomi Mini LED Gaming Monitor G Pro 27i\" src=\"https:\/\/m.media-amazon.com\/images\/S\/aplus-media-library-service-media\/3048bc0e-d62d-484e-8e87-f74a8c334142.__CR0,58,1464,600_PT0_SX1464_V1___.jpg\">                                               <\/p>\n<p> Language                                            \u200f                                            :                                            \u200e                                            English, English, English, English, English   <br \/> Product Dimensions                                            \u200f                                            :                                            \u200e                                            61.3 x 52.6 x 16.9 cm; 6.8 kg   <br \/> Manufacturer                                            \u200f                                            :                                            \u200e                                            Xiaomi   <br \/> ASIN                                            \u200f                                            :                                            \u200e                                            B0D7VZCP6S   <br \/> Item model number                                            \u200f                                            :                                            \u200e                                            ELA5585EU   <br \/> Country of origin                                            \u200f                                            :                                            \u200e                                            China   <br \/> Guaranteed software updates until                                            \u200f                                            :                                            \u200e                                            unknown   <br \/>  Customer reviews:                                                                                            4.3               4.3 out of 5 stars                                  (667)                                              var dpAcrHasRegisteredArcLinkClickAction;                    P.when(&#8216;A&#8217;, &#8216;ready&#8217;).execute(function(A) {                        if (dpAcrHasRegisteredArcLinkClickAction !== true) {                            dpAcrHasRegisteredArcLinkClickAction = true;                            A.declarative(                                &#8216;acrLink-click-metrics&#8217;, &#8216;click&#8217;,                                { \u00aballowLinkDefault\u00bb: true },                                function (event) {                                    if (window.ue) {                                        ue.count(\u00abacrLinkClickCount\u00bb, (ue.count(\u00abacrLinkClickCount\u00bb) || 0) + 1);                                    }                                }                            );                        }                    });                                             P.when(&#8216;A&#8217;, &#8216;cf&#8217;).execute(function(A) {                A.declarative(&#8216;acrStarsLink-click-metrics&#8217;, &#8216;click&#8217;, { \u00aballowLinkDefault\u00bb : true },  function(event){                    if(window.ue) {                        ue.count(\u00abacrStarsLinkWithPopoverClickCount\u00bb, (ue.count(\u00abacrStarsLinkWithPopoverClickCount\u00bb) || 0) + 1);                    }                });            });                          <\/p>\n<p>1152 Zone Mini LED Full matrix Mini LED backlight technology with 1152 zones provides precise control over image display and delivers exquisite detail and captivating lights and shadow effects<br \/>HDR1000 for stunning and realistic moments. With a maximum brightness of 1000 nits and a dark state brightness of 0.001 nits, HDR1000 delivers deep blacks and bright highlights, for gaming visuals that immerse you in stunning, dynamic scenes and realistic 3D images<br \/>2K 180Hz, 1ms fast response. Experience smooth gaming experiences. Super high 180Hz refresh rate ensures super smooth performance even during fast-paced gaming. Fast 1ms response reduces monitor ghosting and motion blur, so you can always go one step ahead<br \/>FreeSync Computer graphics card and monitor frame rate maintain real-time synchronization to reduce lags in dynamic environments. This ensures smoothness and stability during critical game moments<br \/>Wide range of colours. Professional and realistic color display. The wide color gamut with 100% sRGB coverage, 99% DCI-P3 and 97% Adobe RGB allows for more realistic colors. Perfect color transitions and 1.07 billion colors elevate the gaming environment like never before<\/p>\n\n","protected":false},"excerpt":{"rendered":"<p> From the manufacturer Con nuevas y sorprendentes caracter\u00edsticas. Efecto de luz de fondo. Sum\u00e9rgete en<\/p>","protected":false},"featured_media":37994,"comment_status":"open","ping_status":"closed","template":"","meta":[],"product_brand":[],"product_cat":[54],"product_tag":[10230,1791,1778,1918,11431,11430,1789,307,367,754,1787,1788,1792,1784,1786,1783,1790,617,544,248,844,153,163,882,1785,724,2099,5338],"class_list":{"0":"post-37993","1":"product","2":"type-product","3":"status-publish","4":"has-post-thumbnail","6":"product_cat-curved-monitors","7":"product_tag-1-4x2","8":"product_tag-144hz-curved-monitor","9":"product_tag-180hz","10":"product_tag-1ms","11":"product_tag-2-0x2","12":"product_tag-27i","13":"product_tag-best-curved-monitor","14":"product_tag-black","15":"product_tag-blue","16":"product_tag-curved","17":"product_tag-curved-27-inch-monitor","18":"product_tag-curved-32-inch-monitor","19":"product_tag-curved-computer-monitor","20":"product_tag-curved-gaming-monitor","21":"product_tag-curved-led-monitor","22":"product_tag-curved-monitor","23":"product_tag-curved-monitor-price","24":"product_tag-gaming","25":"product_tag-hdmi","26":"product_tag-light","27":"product_tag-monitor","28":"product_tag-port","29":"product_tag-pro","30":"product_tag-protection","31":"product_tag-ultrawide-curved-monitor","32":"product_tag-version","33":"product_tag-wqhd","34":"product_tag-xiaomi","36":"first","37":"instock","38":"shipping-taxable","39":"product-type-external"},"_links":{"self":[{"href":"https:\/\/comprasyconsejos.store\/en\/wp-json\/wp\/v2\/product\/37993","targetHints":{"allow":["GET"]}}],"collection":[{"href":"https:\/\/comprasyconsejos.store\/en\/wp-json\/wp\/v2\/product"}],"about":[{"href":"https:\/\/comprasyconsejos.store\/en\/wp-json\/wp\/v2\/types\/product"}],"replies":[{"embeddable":true,"href":"https:\/\/comprasyconsejos.store\/en\/wp-json\/wp\/v2\/comments?post=37993"}],"version-history":[{"count":0,"href":"https:\/\/comprasyconsejos.store\/en\/wp-json\/wp\/v2\/product\/37993\/revisions"}],"wp:featuredmedia":[{"embeddable":true,"href":"https:\/\/comprasyconsejos.store\/en\/wp-json\/wp\/v2\/media\/37994"}],"wp:attachment":[{"href":"https:\/\/comprasyconsejos.store\/en\/wp-json\/wp\/v2\/media?parent=37993"}],"wp:term":[{"taxonomy":"product_brand","embeddable":true,"href":"https:\/\/comprasyconsejos.store\/en\/wp-json\/wp\/v2\/product_brand?post=37993"},{"taxonomy":"product_cat","embeddable":true,"href":"https:\/\/comprasyconsejos.store\/en\/wp-json\/wp\/v2\/product_cat?post=37993"},{"taxonomy":"product_tag","embeddable":true,"href":"https:\/\/comprasyconsejos.store\/en\/wp-json\/wp\/v2\/product_tag?post=37993"}],"curies":[{"name":"wp","href":"https:\/\/api.w.org\/{rel}","templated":true}]}}