{"id":38015,"date":"2026-03-06T10:15:22","date_gmt":"2026-03-06T10:15:22","guid":{"rendered":"https:\/\/comprasyconsejos.store\/product\/crucial-pro-ram-48gb-2x24gb-ddr5-6000mhz-intel-xmp-3-0-amd-expo-pc-memory-cp2k24g60c48u5\/"},"modified":"2026-03-06T10:15:23","modified_gmt":"2026-03-06T10:15:23","slug":"crucial-pro-ram-48gb-2x24gb-ddr5-6000mhz-intel-xmp-3-0-amd-expo-pc-memory-cp2k24g60c48u5","status":"publish","type":"product","link":"https:\/\/comprasyconsejos.store\/en\/product\/crucial-pro-ram-48gb-2x24gb-ddr5-6000mhz-intel-xmp-3-0-amd-expo-pc-memory-cp2k24g60c48u5\/","title":{"rendered":"Crucial Pro RAM 48GB (2x24GB) DDR5 6000MHz, Intel XMP 3.0 \/ AMD Expo, PC Memory &#8211; CP2K24G60C48U5"},"content":{"rendered":"<p>Price: <span style=\"color:#b12704\">\u20ac707.25<\/span><br \/><i><small>(as of Mar 06, 2026 10:15:22 UTC &#8211; <span class=\"wp_automatic_amazon_disclaimer\" title=\"Product prices and availability are accurate as of the date\/time indicated and are subject to change. Any price and availability information displayed on [relevant Amazon Site(s), as applicable] at the time of purchase will apply to the purchase of this product.\">Details<\/span>)<\/small><\/i><\/p>\n<p><a href=\"https:\/\/amazon.es\/dp\/B0CGGFR7J8?tag=man008-21\"><img decoding=\"async\" src=\"https:\/\/valvepress.s3.amazonaws.com\/imgs\/buy_now.png\"><\/a><br \/>\n<\/p>\n<p>                                             From the manufacturer   <\/p>\n<p>                                                                                                       <img decoding=\"async\" alt=\"Crucial DDR5 Pro\" src=\"https:\/\/images-na.ssl-images-amazon.com\/images\/G\/01\/x-locale\/common\/grey-pixel.gif\" class=\"a-lazy-loaded\" data-src=\"https:\/\/m.media-amazon.com\/images\/S\/aplus-media-library-service-media\/dd851692-ec3e-4910-8aaf-aa1e1a3601cc.__CR0,0,1464,600_PT0_SX1464_V1___.jpg\"><img decoding=\"async\" alt=\"Crucial DDR5 Pro\" src=\"https:\/\/m.media-amazon.com\/images\/S\/aplus-media-library-service-media\/dd851692-ec3e-4910-8aaf-aa1e1a3601cc.__CR0,0,1464,600_PT0_SX1464_V1___.jpg\">                                               <\/p>\n<p>The video showcases the product in use.The video guides you through product setup.The video compares multiple products.The video shows the product being unpacked. hero-video Merchant video<\/p>\n<p>                                                                                                       <img decoding=\"async\" alt=\"Crucial DDR5 Pro\" src=\"https:\/\/images-na.ssl-images-amazon.com\/images\/G\/01\/x-locale\/common\/grey-pixel.gif\" class=\"a-lazy-loaded\" data-src=\"https:\/\/m.media-amazon.com\/images\/S\/aplus-media-library-service-media\/0fb13bf7-1eab-48c1-8522-2f2369aa6132.__CR0,0,1464,600_PT0_SX1464_V1___.jpg\"><img decoding=\"async\" alt=\"Crucial DDR5 Pro\" src=\"https:\/\/m.media-amazon.com\/images\/S\/aplus-media-library-service-media\/0fb13bf7-1eab-48c1-8522-2f2369aa6132.__CR0,0,1464,600_PT0_SX1464_V1___.jpg\">                                               <\/p>\n<p>                                                                                              <img decoding=\"async\" alt=\"Crucial DDR5 Pro\" src=\"https:\/\/images-na.ssl-images-amazon.com\/images\/G\/01\/x-locale\/common\/grey-pixel.gif\" class=\"a-lazy-loaded\" data-src=\"https:\/\/m.media-amazon.com\/images\/S\/aplus-media-library-service-media\/43e98c40-0f9a-436f-aec5-9067f2807099.__CR0,0,650,350_PT0_SX650_V1___.jpg\"><img decoding=\"async\" alt=\"Crucial DDR5 Pro\" src=\"https:\/\/m.media-amazon.com\/images\/S\/aplus-media-library-service-media\/43e98c40-0f9a-436f-aec5-9067f2807099.__CR0,0,650,350_PT0_SX650_V1___.jpg\">                                            Memoria para plataformas de videojuegos                                         <\/p>\n<p class=\"aplus-p3\"> \u2022  1,88 veces m\u00e1s r\u00e1pida que la DDR4\u2075 <\/p>\n<p class=\"aplus-p3\"> \u2022  Aumenta la velocidad de fotogramas en los juegos y elimina los desgarros de pantalla <\/p>\n<p>                                              <img decoding=\"async\" alt=\"Crucial DDR5 Pro\" src=\"https:\/\/images-na.ssl-images-amazon.com\/images\/G\/01\/x-locale\/common\/grey-pixel.gif\" class=\"a-lazy-loaded\" data-src=\"https:\/\/m.media-amazon.com\/images\/S\/aplus-media-library-service-media\/df36e6fa-38d6-4f0c-a980-ab8458d3af79.__CR0,0,650,350_PT0_SX650_V1___.jpg\"><img decoding=\"async\" alt=\"Crucial DDR5 Pro\" src=\"https:\/\/m.media-amazon.com\/images\/S\/aplus-media-library-service-media\/df36e6fa-38d6-4f0c-a980-ab8458d3af79.__CR0,0,650,350_PT0_SX650_V1___.jpg\">                                            Mayor productividad para creativos y profesionales                                         <\/p>\n<p class=\"aplus-p3\"> \u2022  El doble de ancho de banda\u2076 que la generaci\u00f3n anterior <\/p>\n<p class=\"aplus-p3\"> \u2022  Multitarea de alto nivel y procesamiento m\u00e1s r\u00e1pido <\/p>\n<p>                                                                                              <img decoding=\"async\" alt=\"Crucial DDR5 Pro\" src=\"https:\/\/images-na.ssl-images-amazon.com\/images\/G\/01\/x-locale\/common\/grey-pixel.gif\" class=\"a-lazy-loaded\" data-src=\"https:\/\/m.media-amazon.com\/images\/S\/aplus-media-library-service-media\/37bfa64b-0669-4f32-9e38-2b00d0434108.__CR0,0,650,350_PT0_SX650_V1___.jpg\"><img decoding=\"async\" alt=\"Crucial DDR5 Pro\" src=\"https:\/\/m.media-amazon.com\/images\/S\/aplus-media-library-service-media\/37bfa64b-0669-4f32-9e38-2b00d0434108.__CR0,0,650,350_PT0_SX650_V1___.jpg\">                                            Intel XMP 3.0 y AMD EXPO en el mismo m\u00f3dulo                                         <\/p>\n<p class=\"aplus-p3\"> \u2022  F\u00e1cil recuperaci\u00f3n del rendimiento en CPU que suprimen las velocidades nominales de la memoria con Intel XMP 3.0 o AMD EXPO\u00b2 activado <\/p>\n<p class=\"aplus-p3\"> \u2022  Obtenga todo el valor de su inversi\u00f3n sin pagar de m\u00e1s por el rendimiento <\/p>\n<p>                                           <img decoding=\"async\" alt=\"Crucial DDR5 Pro\" src=\"https:\/\/images-na.ssl-images-amazon.com\/images\/G\/01\/x-locale\/common\/grey-pixel.gif\" class=\"a-lazy-loaded\" data-src=\"https:\/\/m.media-amazon.com\/images\/S\/aplus-media-library-service-media\/30b1acb4-370f-4980-9e3a-11771b65b31d.__CR0,0,650,350_PT0_SX650_V1___.jpg\"><img decoding=\"async\" alt=\"Crucial DDR5 Pro\" src=\"https:\/\/m.media-amazon.com\/images\/S\/aplus-media-library-service-media\/30b1acb4-370f-4980-9e3a-11771b65b31d.__CR0,0,650,350_PT0_SX650_V1___.jpg\">                                            Calidad y fiabilidad Micron                                         <\/p>\n<p class=\"aplus-p3\"> \u2022  Ingenier\u00eda de vanguardia <\/p>\n<p class=\"aplus-p3\"> \u2022  Pruebas superiores a nivel de componentes y m\u00f3dulos <\/p>\n<h3 class=\"a-text-center aplus-heading aplus-h1 a-text-bold\"> Memoria DRAM Crucial DDR5 Pro <\/h3>\n<p class=\"aplus-p3 a-text-bold\"> Tama\u00f1o de memoria <\/p>\n<p class=\"aplus-p3\"> 16 GB, 24 GB <\/p>\n<p class=\"aplus-p3 a-text-bold\"> Tama\u00f1o de memoria <\/p>\n<p class=\"aplus-p3\"> 16 GB, 24 GB, 32 GB, 48 GB <\/p>\n<p class=\"aplus-p3 a-text-bold\"> Tama\u00f1o de memoria <\/p>\n<p class=\"aplus-p3\"> 16 GB, 24 GB <\/p>\n<p class=\"aplus-p3 a-text-bold\"> Velocidad de memoria <\/p>\n<p class=\"aplus-p3\"> 6000MHz <\/p>\n<p class=\"aplus-p3 a-text-bold\"> Velocidad de memoria <\/p>\n<p class=\"aplus-p3\"> 5600MHz <\/p>\n<p class=\"aplus-p3 a-text-bold\"> Velocidad de memoria <\/p>\n<p class=\"aplus-p3\"> 6000MHz <\/p>\n<p class=\"aplus-p3 a-text-bold\"> Color <\/p>\n<p class=\"aplus-p3\"> Blanco <\/p>\n<p class=\"aplus-p3 a-text-bold\"> Color <\/p>\n<p class=\"aplus-p3\"> Blanco <\/p>\n<p class=\"aplus-p3 a-text-bold\"> Color <\/p>\n<p class=\"aplus-p3\"> Blanco, Negro <\/p>\n<p class=\"aplus-p3 a-text-bold\"> Compatibilidad <\/p>\n<p class=\"aplus-p3\"> CPU Intel Core de 12.\u00aa generaci\u00f3n o AMD Ryzen 7000 y superiores <\/p>\n<p class=\"aplus-p3 a-text-bold\"> Compatibilidad <\/p>\n<p class=\"aplus-p3\"> CPU Intel Core de 12.\u00aa generaci\u00f3n o AMD Ryzen 7000 y superiores <\/p>\n<p class=\"aplus-p3 a-text-bold\"> Compatibilidad <\/p>\n<p class=\"aplus-p3\"> CPU Intel Core de 12.\u00aa a 14.\u00aa generaci\u00f3n o AMD Ryzen 7000 y superiores <\/p>\n<p class=\"aplus-p3 a-text-bold\"> \u00d3ptimo para <\/p>\n<p class=\"aplus-p3\"> Videojugadores, creativos y profesionales que necesitan rendimiento DDR5 <\/p>\n<p class=\"aplus-p3 a-text-bold\"> \u00d3ptimo para <\/p>\n<p class=\"aplus-p3\"> Videojugadores, creativos y profesionales que necesitan rendimiento DDR5 <\/p>\n<p class=\"aplus-p3 a-text-bold\"> \u00d3ptimo para <\/p>\n<p class=\"aplus-p3\"> Aficionados al bricolaje, overclockers y videojugadores especializados <\/p>\n<p class=\"description\"> 1.   Solo las CPU\/placas base compatibles con DDR5 admiten memoria DDR5. No compatible con placas base DDR4. <\/p>\n<p class=\"description\"> 2.   Los m\u00f3dulos de memoria de sobremesa DDR5 Crucial (UDIMM) pueden alcanzar velocidades nominales con Intel XMP 3.0 o AMD EXPO activados en la configuraci\u00f3n de UEFI\/BIOS. Aplicable para todos los m\u00f3dulos de memoria de sobremesa DDR5 de Crucial (UDIMM), salvo la memoria de sobremesa DDR5-4800 de Crucial, que solo admite Intel XMP 3.0. Seg\u00fan las especificaciones publicadas por la oponentes para la memoria DDR5 con fecha de agosto de 2023. Modificar la frecuencia o el voltaje del reloj (overclocking) podr\u00eda da\u00f1ar los componentes del ordenador y anular su contrato de Crucial. Micron rechaza toda responsabilidad ante tales da\u00f1os. <\/p>\n<p class=\"description\"> 3.   Las velocidades DDR5 son comparables a las velocidades de las memorias DDR4 de rendimiento extremo y, a 4800 MHz, son al menos 1,5 veces m\u00e1s r\u00e1pidas que las velocidades est\u00e1ndar m\u00e1ximas de las DDR4 de 3200 MHz. <\/p>\n<p class=\"description\"> 4.   Los m\u00f3dulos de memoria Crucial DDR5 Pro (UDIMM) solo pueden instalarse en ordenadores de sobremesa\/estaciones de trabajo fabricados para admitir DRAM DDR5, como los procesadores de sobremesa Intel Core de 12.a y 13.a generaci\u00f3n y AMD Ryzen de la serie 7000. <\/p>\n<p class=\"description\"> 5.   Las velocidades de datos de 5600 MHz de la DDR5 transfieren 1,75 veces m\u00e1s datos que la velocidad de 3200 MHz de la DDR4. <\/p>\n<p class=\"description\"> 6.   En caso de cargas de trabajo que utilicen grandes cantidades de memoria, la DDR5 puede ofrecer hasta el doble de ancho de banda, seg\u00fan una simulaci\u00f3n interna de m\u00f3dulos x8 de rango doble en plataformas de clientes. <\/p>\n<p class=\"description\"> 7.   Los m\u00f3dulos DDR5 (DIMM) introducen regulaci\u00f3n de tensi\u00f3n en el m\u00f3dulo a trav\u00e9s de un circuito de gesti\u00f3n de alimentaci\u00f3n integrado (PMIC), que se encarga de regular mejor la alimentaci\u00f3n y reduce el alcance de gesti\u00f3n de la red de entrega de alimentaci\u00f3n (PDN, por sus siglas en ingl\u00e9s) de la DRAM en la placa base para mejorar su eficiencia. <\/p>\n<p class=\"description\"> 8.   La ECC en la propia matriz (ODECC), por otro lado, es una caracter\u00edstica de la especificaci\u00f3n del componente DDR5 y no debe confundirse con la caracter\u00edstica ECC a nivel de m\u00f3dulo en las RDIMM, LRDIMM, UDIMM ECC y ECC del servidor y estaci\u00f3n de trabajo. La memoria Crucial DDR5 incluye ODECC, pero no incluye los componentes adicionales necesarios para la ECC a nivel de sistema. <\/p>\n<p class=\"description\"> 9.   Las densidades en el lanzamiento y aquellas previstas est\u00e1n definidas por JEDEC para el ciclo de vida de la generaci\u00f3n de memorias DDR5. <\/p>\n<p class=\"description\"> 10.   Contrato limitada de por vida v\u00e1lida en todo el mundo, excepto en Alemania y Francia, donde la contrato es v\u00e1lida durante 10 a\u00f1os a partir de la fecha de compra. <\/p>\n<p> Language                                            \u200f                                            :                                            \u200e                                            English   <br \/> Product Dimensions                                            \u200f                                            :                                            \u200e                                            13.33 x 0.69 x 3.19 cm; 34 g   <br \/> Manufacturer                                            \u200f                                            :                                            \u200e                                            Crucial   <br \/> ASIN                                            \u200f                                            :                                            \u200e                                            B0CGGFR7J8   <br \/> Item model number                                            \u200f                                            :                                            \u200e                                            CP2K24G60C48U5   <br \/> Guaranteed software updates until                                            \u200f                                            :                                            \u200e                                            unknown   <br \/>  Customer reviews:                                                                                            4.6               4.6 out of 5 stars                                  (3,227)                                              var dpAcrHasRegisteredArcLinkClickAction;                    P.when(&#8216;A&#8217;, &#8216;ready&#8217;).execute(function(A) {                        if (dpAcrHasRegisteredArcLinkClickAction !== true) {                            dpAcrHasRegisteredArcLinkClickAction = true;                            A.declarative(                                &#8216;acrLink-click-metrics&#8217;, &#8216;click&#8217;,                                { \u00aballowLinkDefault\u00bb: true },                                function (event) {                                    if (window.ue) {                                        ue.count(\u00abacrLinkClickCount\u00bb, (ue.count(\u00abacrLinkClickCount\u00bb) || 0) + 1);                                    }                                }                            );                        }                    });                                             P.when(&#8216;A&#8217;, &#8216;cf&#8217;).execute(function(A) {                A.declarative(&#8216;acrStarsLink-click-metrics&#8217;, &#8216;click&#8217;, { \u00aballowLinkDefault\u00bb : true },  function(event){                    if(window.ue) {                        ue.count(\u00abacrStarsLinkWithPopoverClickCount\u00bb, (ue.count(\u00abacrStarsLinkWithPopoverClickCount\u00bb) || 0) + 1);                    }                });            });                          <\/p>\n<p>Heat dissipation and sleek styling in a low profile aluminum heat diffuser<br \/>Play with higher frame rates, multitask smoother, and improve productivity<br \/>Compatible with 14th Gen Intel Core or AMD Ryzen 7000 series and higher desktop CPU<br \/>Up to 6000MHz: 1.88x faster data processing speed than DDR4<br \/>Compatible with Intel XMP 3.0 and AMD EXPO for easy performance recovery<\/p>\n\n","protected":false},"excerpt":{"rendered":"<p> From the manufacturer The video showcases the product in use.The video guides you through product<\/p>","protected":false},"featured_media":38016,"comment_status":"open","ping_status":"closed","template":"","meta":[],"product_brand":[],"product_cat":[77],"product_tag":[1480,5682,1481,5681,1654,530,11446,2573,1478,623,1479,1484,1656,1482,562,1483,511,163,587,1487,1486,1657],"class_list":{"0":"post-38015","1":"product","2":"type-product","3":"status-publish","4":"has-post-thumbnail","6":"product_cat-memory-ram","7":"product_tag-16gb-ram","8":"product_tag-2x24gb","9":"product_tag-32gb-ram","10":"product_tag-48gb","11":"product_tag-6000mhz","12":"product_tag-amd","13":"product_tag-cp2k24g60c48u5","14":"product_tag-crucial","15":"product_tag-ddr4-ram","16":"product_tag-ddr5","17":"product_tag-ddr5-ram","18":"product_tag-desktop-ram","19":"product_tag-expo","20":"product_tag-gaming-ram","21":"product_tag-intel","22":"product_tag-laptop-ram","23":"product_tag-memory","24":"product_tag-pro","25":"product_tag-ram","26":"product_tag-ram-price","27":"product_tag-rgb-ram","28":"product_tag-xmp","30":"first","31":"instock","32":"shipping-taxable","33":"product-type-external"},"_links":{"self":[{"href":"https:\/\/comprasyconsejos.store\/en\/wp-json\/wp\/v2\/product\/38015","targetHints":{"allow":["GET"]}}],"collection":[{"href":"https:\/\/comprasyconsejos.store\/en\/wp-json\/wp\/v2\/product"}],"about":[{"href":"https:\/\/comprasyconsejos.store\/en\/wp-json\/wp\/v2\/types\/product"}],"replies":[{"embeddable":true,"href":"https:\/\/comprasyconsejos.store\/en\/wp-json\/wp\/v2\/comments?post=38015"}],"version-history":[{"count":0,"href":"https:\/\/comprasyconsejos.store\/en\/wp-json\/wp\/v2\/product\/38015\/revisions"}],"wp:featuredmedia":[{"embeddable":true,"href":"https:\/\/comprasyconsejos.store\/en\/wp-json\/wp\/v2\/media\/38016"}],"wp:attachment":[{"href":"https:\/\/comprasyconsejos.store\/en\/wp-json\/wp\/v2\/media?parent=38015"}],"wp:term":[{"taxonomy":"product_brand","embeddable":true,"href":"https:\/\/comprasyconsejos.store\/en\/wp-json\/wp\/v2\/product_brand?post=38015"},{"taxonomy":"product_cat","embeddable":true,"href":"https:\/\/comprasyconsejos.store\/en\/wp-json\/wp\/v2\/product_cat?post=38015"},{"taxonomy":"product_tag","embeddable":true,"href":"https:\/\/comprasyconsejos.store\/en\/wp-json\/wp\/v2\/product_tag?post=38015"}],"curies":[{"name":"wp","href":"https:\/\/api.w.org\/{rel}","templated":true}]}}