{"id":38018,"date":"2026-03-06T10:31:16","date_gmt":"2026-03-06T10:31:16","guid":{"rendered":"https:\/\/comprasyconsejos.store\/product\/asus-rog-strix-z890-e-gaming-wifi-atx-motherboard-18122-power-stages-ddr5-pcie-5-0-next-gen-gpu-support-seven-m-2-slots-wifi-7-ai-overclocking-ai-networking-ii\/"},"modified":"2026-03-06T10:31:27","modified_gmt":"2026-03-06T10:31:27","slug":"asus-rog-strix-z890-e-gaming-wifi-atx-motherboard-18122-power-stages-ddr5-pcie-5-0-next-gen-gpu-support-seven-m-2-slots-wifi-7-ai-overclocking-ai-networking-ii","status":"publish","type":"product","link":"https:\/\/comprasyconsejos.store\/en\/product\/asus-rog-strix-z890-e-gaming-wifi-atx-motherboard-18122-power-stages-ddr5-pcie-5-0-next-gen-gpu-support-seven-m-2-slots-wifi-7-ai-overclocking-ai-networking-ii\/","title":{"rendered":"ASUS ROG Strix Z890-E Gaming WiFi ATX Motherboard, 18+1+2+2 Power Stages, DDR5, PCIe 5.0 Next-Gen GPU Support, Seven M.2 Slots, WiFi 7, AI Overclocking, AI Networking II"},"content":{"rendered":"<p>Price: <span style=\"color:#b12704\"><del>\u20ac597.90<\/del> - \u20ac508.51<\/span><br \/><i><small>(as of Mar 06, 2026 10:31:17 UTC &#8211; <span class=\"wp_automatic_amazon_disclaimer\" title=\"Product prices and availability are accurate as of the date\/time indicated and are subject to change. Any price and availability information displayed on [relevant Amazon Site(s), as applicable] at the time of purchase will apply to the purchase of this product.\">Details<\/span>)<\/small><\/i><\/p>\n<p><a href=\"https:\/\/amazon.es\/dp\/B0DJDFY3FL?tag=man008-21\"><img decoding=\"async\" src=\"https:\/\/valvepress.s3.amazonaws.com\/imgs\/buy_now.png\"><\/a><br \/>\n<\/p>\n<p>                                             From the manufacturer   <\/p>\n<p>                                                      <img decoding=\"async\" alt=\"\u3000\" src=\"https:\/\/images-na.ssl-images-amazon.com\/images\/G\/01\/x-locale\/common\/grey-pixel.gif\" class=\"a-spacing-mini a-lazy-loaded\" data-src=\"https:\/\/m.media-amazon.com\/images\/S\/aplus-media-library-service-media\/d6488c41-96f5-4fe3-9c61-835beb3cc21e.__CR0,0,300,400_PT0_SX300_V1___.png\"><img decoding=\"async\" alt=\"\u3000\" src=\"https:\/\/m.media-amazon.com\/images\/S\/aplus-media-library-service-media\/d6488c41-96f5-4fe3-9c61-835beb3cc21e.__CR0,0,300,400_PT0_SX300_V1___.png\">  <\/p>\n<p>                                                              <img decoding=\"async\" alt=\"\u3000\" src=\"https:\/\/images-na.ssl-images-amazon.com\/images\/G\/01\/x-locale\/common\/grey-pixel.gif\" class=\"a-spacing-mini a-lazy-loaded\" data-src=\"https:\/\/m.media-amazon.com\/images\/S\/aplus-media-library-service-media\/b9d349e7-b2df-41dd-bcd8-f3d7567bcda8.__CR0,0,350,175_PT0_SX350_V1___.jpg\"><img decoding=\"async\" alt=\"\u3000\" src=\"https:\/\/m.media-amazon.com\/images\/S\/aplus-media-library-service-media\/b9d349e7-b2df-41dd-bcd8-f3d7567bcda8.__CR0,0,350,175_PT0_SX350_V1___.jpg\">                                                                 <\/p>\n<p class=\"a-spacing-small a-size-small a-color-secondary\"> ASUS es una empresa multinacional establecida en Taiw\u00e1n desde 1989 que dise\u00f1a y fabrica hardware de inform\u00e1tica y electr\u00f3nica de consumo. Dedicada a crear soluciones que proporcionan una vida m\u00e1s inteligente. En ASUS somos unos verdaderos apasionados de la innovaci\u00f3n tecnol\u00f3gica. So\u00f1amos con crear una vida digital sencilla y completa para todos, por eso siempre andamos en busca de nuevas ideas que nos permitan ofrecer las experiencias m\u00e1s incre\u00edbles. <\/p>\n<h3 class=\"a-spacing-mini\"> ROG STRIX Z890-E GAMING WIFI <\/h3>\n<p class=\"a-spacing-base\"> ASUS ROG Strix Z890-E Gaming WiFi &#8211; Placa base ATX, 18+1+2+2 etapas de potencia, ranuras DDR5, PCIe 5.0 totalmente compatible con GPU de pr\u00f3xima generaci\u00f3n, siete ranuras M.2, WiFi 7, AI Overclocking, AI Networking II <\/p>\n<p>                                                          Preparado para la inform\u00e1tica de IA avanzada: Dise\u00f1ados para el futuro de la inform\u00e1tica de IA, con la potencia y la conectividad necesarias para las exigentes aplicaciones de IA.       Z\u00f3calo Intel LGA 1851: Preparado para procesadores Intel Core Ultra (Serie 2)       Tecnolog\u00edas AI exclusivas: NPU Boost, ASUS AI Advisor, Overclocking AI exclusivo de ASUS, AI Cooling II, AI Networking II       Tecnolog\u00edas de memoria exclusivas: DIMM Fit, DIMM Flex y AEMP III para simplificar la configuraci\u00f3n y mejorar el rendimiento       Soluci\u00f3n de potencia robusta: 18(110A)+1(90A)+2(90A)+2(80A) etapas de potencia con conectores de potencia ProCool II, bobinas de aleaci\u00f3n MicroFine y condensadores met\u00e1licos de alta calidad       Dise\u00f1o t\u00e9rmico optimizado: Disipadores masivos con cubierta de E\/S integrada, almohadillas t\u00e9rmicas de alta conductividad y conectados con un caloducto en forma de C       Lo \u00faltimo en compatibilidad M.2: Tres ranuras M.2 PCIe 5.0 y cuatro ranuras M.2 PCIe 4.0, todas con importantes soluciones de refrigeraci\u00f3n       Redes de alto rendimiento: Intel Wi-Fi 7 (802.11be) integrado con ASUS WiFi Q-Antenna, Realtek 5 Gb Ethernet      <\/p>\n<p class=\"apm-text-center\">\n                                                      <img decoding=\"async\" alt=\"\u3000\" src=\"https:\/\/images-na.ssl-images-amazon.com\/images\/G\/01\/x-locale\/common\/grey-pixel.gif\" class=\"a-spacing-mini a-lazy-loaded\" data-src=\"https:\/\/m.media-amazon.com\/images\/S\/aplus-media-library-service-media\/05b7a001-e6cd-4cf8-b723-d40acea784ce.__CR0,0,300,300_PT0_SX300_V1___.png\"><img decoding=\"async\" alt=\"\u3000\" src=\"https:\/\/m.media-amazon.com\/images\/S\/aplus-media-library-service-media\/05b7a001-e6cd-4cf8-b723-d40acea784ce.__CR0,0,300,300_PT0_SX300_V1___.png\">  <\/p>\n<p>                                                    ASUS AI ADVISOR                                       <\/p>\n<p> ASUS AI Advisor es un experto t\u00e9cnico de ASUS que siempre est\u00e1 disponible para responder a tus preguntas. Los propietarios de placas base ASUS compatibles pueden interactuar con esta tecnolog\u00eda basada en IA utilizando lenguaje natural para aprender m\u00e1s sobre su hardware. Para los principiantes en bricolaje, puede proporcionar explicaciones f\u00e1ciles de entender de las funciones de optimizaci\u00f3n de un solo clic como AI Overclocking y AI Cooling II, y para los veteranos de la construcci\u00f3n de PC, puede ofrecer orientaci\u00f3n e instrucciones sobre las \u00faltimas caracter\u00edsticas ofrecidas por ASUS. <\/p>\n<p class=\"apm-text-center\">\n                                                      <img decoding=\"async\" alt=\"\u3000\" src=\"https:\/\/images-na.ssl-images-amazon.com\/images\/G\/01\/x-locale\/common\/grey-pixel.gif\" class=\"a-spacing-mini a-lazy-loaded\" data-src=\"https:\/\/m.media-amazon.com\/images\/S\/aplus-media-library-service-media\/c97f88e2-a9c7-4405-8c4a-6ac32372a210.__CR0,0,300,300_PT0_SX300_V1___.png\"><img decoding=\"async\" alt=\"\u3000\" src=\"https:\/\/m.media-amazon.com\/images\/S\/aplus-media-library-service-media\/c97f88e2-a9c7-4405-8c4a-6ac32372a210.__CR0,0,300,300_PT0_SX300_V1___.png\">  <\/p>\n<p>                                                    AI OVERCLOCKING                                       <\/p>\n<p> ASUS AI Overclocking perfila la CPU y la refrigeraci\u00f3n para predecir la configuraci\u00f3n \u00f3ptima y llevar el sistema al l\u00edmite. Los valores predichos pueden activarse autom\u00e1ticamente o usarse como punto de partida para seguir experimentando. <\/p>\n<p class=\"apm-text-center\">\n                                                      <img decoding=\"async\" alt=\"\u3000\" src=\"https:\/\/images-na.ssl-images-amazon.com\/images\/G\/01\/x-locale\/common\/grey-pixel.gif\" class=\"a-spacing-mini a-lazy-loaded\" data-src=\"https:\/\/m.media-amazon.com\/images\/S\/aplus-media-library-service-media\/a17f4edf-9cf7-411a-ac45-a6afb9e69705.__CR0,0,300,300_PT0_SX300_V1___.png\"><img decoding=\"async\" alt=\"\u3000\" src=\"https:\/\/m.media-amazon.com\/images\/S\/aplus-media-library-service-media\/a17f4edf-9cf7-411a-ac45-a6afb9e69705.__CR0,0,300,300_PT0_SX300_V1___.png\">  <\/p>\n<p>                                                    Traffic Monitor                                       <\/p>\n<p> El Traffic Monitor de Armoury Crate rastrea el uso actual de tu canal WiFi. Mu\u00e9vete a un canal menos congestionado pulsando el bot\u00f3n \u00abChannel Switch\u00bb* para mejorar el rendimiento de la red. <\/p>\n<p> *La funci\u00f3n \u00abChannel Switch\u00bb requiere la sincronizaci\u00f3n con un router ASUS. Si no est\u00e1s emparejado con un router ASUS, el proceso de cambio de canal puede realizarse en la secci\u00f3n \u00abIP del router\u00bb del Traffic Monitor. <\/p>\n<p class=\"apm-text-center\">\n                                                      <img decoding=\"async\" alt=\"\u3000\" src=\"https:\/\/images-na.ssl-images-amazon.com\/images\/G\/01\/x-locale\/common\/grey-pixel.gif\" class=\"a-spacing-mini a-lazy-loaded\" data-src=\"https:\/\/m.media-amazon.com\/images\/S\/aplus-media-library-service-media\/886fda1b-daaa-403e-959d-77ed193cbfe3.__CR0,0,300,300_PT0_SX300_V1___.png\"><img decoding=\"async\" alt=\"\u3000\" src=\"https:\/\/m.media-amazon.com\/images\/S\/aplus-media-library-service-media\/886fda1b-daaa-403e-959d-77ed193cbfe3.__CR0,0,300,300_PT0_SX300_V1___.png\">  <\/p>\n<p>                                                    Fast Check                                       <\/p>\n<p> Fast Check de Armoury Crate permite a los usuarios detectar r\u00e1pidamente la intensidad de la se\u00f1al WiFi. <\/p>\n<p class=\"apm-text-center\">\n                                                      <img decoding=\"async\" alt=\"\u3000\" src=\"https:\/\/images-na.ssl-images-amazon.com\/images\/G\/01\/x-locale\/common\/grey-pixel.gif\" class=\"a-spacing-mini a-lazy-loaded\" data-src=\"https:\/\/m.media-amazon.com\/images\/S\/aplus-media-library-service-media\/e73e8de6-1d64-4264-8b64-0de3327ae9e9.__CR0,0,300,300_PT0_SX300_V1___.png\"><img decoding=\"async\" alt=\"\u3000\" src=\"https:\/\/m.media-amazon.com\/images\/S\/aplus-media-library-service-media\/e73e8de6-1d64-4264-8b64-0de3327ae9e9.__CR0,0,300,300_PT0_SX300_V1___.png\">  <\/p>\n<p>                                                    Direction Finder                                       <\/p>\n<p> El Direction Finder* de Armoury Crate ayuda a los usuarios a detectar la orientaci\u00f3n \u00f3ptima de la antena para conseguir la mejor intensidad de se\u00f1al WiFi. <\/p>\n<p> *El Direction Finder solo es compatible con conexiones en las bandas de 5GHz y 6GHz. <\/p>\n<p class=\"apm-text-center\">\n                                                      <img decoding=\"async\" alt=\"\u3000\" src=\"https:\/\/images-na.ssl-images-amazon.com\/images\/G\/01\/x-locale\/common\/grey-pixel.gif\" class=\"a-spacing-mini a-lazy-loaded\" data-src=\"https:\/\/m.media-amazon.com\/images\/S\/aplus-media-library-service-media\/384a0e7c-1271-455c-b520-0efa03aea39f.__CR0,0,300,300_PT0_SX300_V1___.png\"><img decoding=\"async\" alt=\"\u3000\" src=\"https:\/\/m.media-amazon.com\/images\/S\/aplus-media-library-service-media\/384a0e7c-1271-455c-b520-0efa03aea39f.__CR0,0,300,300_PT0_SX300_V1___.png\">  <\/p>\n<p>                                                    Gamefirst                                       <\/p>\n<p> GameFirst est\u00e1 ahora integrado en Armoury Crate para una experiencia de usuario a\u00fan mejor. GameFirst optimiza el rendimiento de la red asignando el ancho de banda en tiempo real, bas\u00e1ndose en algoritmos inteligentes dise\u00f1ados para diversos escenarios de uso personalizables de las aplicaciones y los algoritmos de aprendizaje correspondientes. La \u00faltima actualizaci\u00f3n incluye compatibilidad dedicada con NVIDIA GeForce NOW para garantizar la menor latencia posible durante las intensas sesiones de juego en la nube. Para ofrecer una mejor experiencia de usuario, GameFirst est\u00e1 ahora integrado en Armoury Crate. <\/p>\n<p class=\"apm-text-center\">\n                                                      <img decoding=\"async\" alt=\"\u3000\" src=\"https:\/\/images-na.ssl-images-amazon.com\/images\/G\/01\/x-locale\/common\/grey-pixel.gif\" class=\"a-spacing-mini a-lazy-loaded\" data-src=\"https:\/\/m.media-amazon.com\/images\/S\/aplus-media-library-service-media\/bc47172d-e3b2-445c-8aef-8787b504bcb3.__CR0,0,300,300_PT0_SX300_V1___.png\"><img decoding=\"async\" alt=\"\u3000\" src=\"https:\/\/m.media-amazon.com\/images\/S\/aplus-media-library-service-media\/bc47172d-e3b2-445c-8aef-8787b504bcb3.__CR0,0,300,300_PT0_SX300_V1___.png\">  <\/p>\n<p>                                                    M.2 Q-RELEASE                                       <\/p>\n<p> El disipador M.2 cuenta con un c\u00f3modo interruptor* para extraerlo r\u00e1pidamente, lo que elimina la necesidad de utilizar peque\u00f1os tornillos durante la instalaci\u00f3n de la SSD. Su fuerte mecanismo de bloqueo tambi\u00e9n proporciona una superficie de contacto ajustada, ayudando a garantizar una disipaci\u00f3n de calor fiable para su SSD. <\/p>\n<p> *El interruptor puede ser una palanca o un bot\u00f3n, seg\u00fan el modelo de placa base. <\/p>\n<p class=\"apm-text-center\">\n                                                      <img decoding=\"async\" alt=\"\u3000\" src=\"https:\/\/images-na.ssl-images-amazon.com\/images\/G\/01\/x-locale\/common\/grey-pixel.gif\" class=\"a-spacing-mini a-lazy-loaded\" data-src=\"https:\/\/m.media-amazon.com\/images\/S\/aplus-media-library-service-media\/e74715df-a6a8-4739-a1dd-45099d95d158.__CR0,0,300,300_PT0_SX300_V1___.png\"><img decoding=\"async\" alt=\"\u3000\" src=\"https:\/\/m.media-amazon.com\/images\/S\/aplus-media-library-service-media\/e74715df-a6a8-4739-a1dd-45099d95d158.__CR0,0,300,300_PT0_SX300_V1___.png\">  <\/p>\n<p>                                                    Q-ANTENNA                                       <\/p>\n<p> Con Q-Antenna, fijar una antena WiFi a tu PC es ahora f\u00e1cil y r\u00e1pido. En lugar de girar lentamente dos sujetadores hasta que finalmente encajan, simplemente encajan en su lugar. Menos complicaciones y un rendimiento m\u00e1s uniforme. <\/p>\n<p class=\"apm-text-center\">\n                                                      <img decoding=\"async\" alt=\"\u3000\" src=\"https:\/\/images-na.ssl-images-amazon.com\/images\/G\/01\/x-locale\/common\/grey-pixel.gif\" class=\"a-spacing-mini a-lazy-loaded\" data-src=\"https:\/\/m.media-amazon.com\/images\/S\/aplus-media-library-service-media\/f6ba679f-4469-4080-b4d2-113b8fcb3a4b.__CR0,0,300,300_PT0_SX300_V1___.png\"><img decoding=\"async\" alt=\"\u3000\" src=\"https:\/\/m.media-amazon.com\/images\/S\/aplus-media-library-service-media\/f6ba679f-4469-4080-b4d2-113b8fcb3a4b.__CR0,0,300,300_PT0_SX300_V1___.png\">  <\/p>\n<p>                                                    RANURAS M.2 CON ROG M.2 POWERBOOST                                       <\/p>\n<p> SIETE RANURAS M.2 INTEGRADAS <\/p>\n<p> La ROG Strix Z890-E cuenta con siete ranuras M.2 integradas, tres de las cuales est\u00e1n preparadas para PCIe 5.0 y ofrecen velocidades de 16 GB\/s, mientras que las otras ofrecen unos impresionantes 8 GB\/s a trav\u00e9s de interfaces PCIe 4.0. <\/p>\n<p> ROG M.2 POWERBOOST <\/p>\n<p> ROG M.2 PowerBoost es una funci\u00f3n exclusiva de las placas base ASUS que proporciona un amperaje superior a los est\u00e1ndares del sector, compatible con hasta siete dispositivos M.2 para funcionar simult\u00e1neamente con un rendimiento \u00f3ptimo. Esta configuraci\u00f3n de alimentaci\u00f3n avanzada ayuda a asegurar la estabilidad y la integridad de los datos incluso bajo cargas elevadas, al tiempo que contribuye a garantizar la vida \u00fatil nominal de un SSD M.2. <\/p>\n<p> Product Dimensions                                            \u200f                                            :                                            \u200e                                            30.5 x 24.4 x 5 cm; 1.7 kg   <br \/> Manufacturer                                            \u200f                                            :                                            \u200e                                            ASUS   <br \/> ASIN                                            \u200f                                            :                                            \u200e                                            B0DJDFY3FL   <br \/> Item model number                                            \u200f                                            :                                            \u200e                                            90MB1IM0-M0EAY0   <br \/> Country of origin                                            \u200f                                            :                                            \u200e                                            China   <br \/> Guaranteed software updates until                                            \u200f                                            :                                            \u200e                                            unknown   <br \/>  Customer reviews:                                                                                            4.2               4.2 out of 5 stars                                  (39)                                              var dpAcrHasRegisteredArcLinkClickAction;                    P.when(&#8216;A&#8217;, &#8216;ready&#8217;).execute(function(A) {                        if (dpAcrHasRegisteredArcLinkClickAction !== true) {                            dpAcrHasRegisteredArcLinkClickAction = true;                            A.declarative(                                &#8216;acrLink-click-metrics&#8217;, &#8216;click&#8217;,                                { \u00aballowLinkDefault\u00bb: true },                                function (event) {                                    if (window.ue) {                                        ue.count(\u00abacrLinkClickCount\u00bb, (ue.count(\u00abacrLinkClickCount\u00bb) || 0) + 1);                                    }                                }                            );                        }                    });                                             P.when(&#8216;A&#8217;, &#8216;cf&#8217;).execute(function(A) {                A.declarative(&#8216;acrStarsLink-click-metrics&#8217;, &#8216;click&#8217;, { \u00aballowLinkDefault\u00bb : true },  function(event){                    if(window.ue) {                        ue.count(\u00abacrStarsLinkWithPopoverClickCount\u00bb, (ue.count(\u00abacrStarsLinkWithPopoverClickCount\u00bb) || 0) + 1);                    }                });            });                          <\/p>\n<p>Ready for PCs with Advanced AI: Designed for the future of AI computing, with the power and connectivity needed for the most demanding AI applications<br \/>Intel LGA 1851 Socket: Compatible with Intel Core Ultra Processors (Series 2)<br \/>AI Technologies: NPU Boost, ASUS AI Advisor, ASUS Exclusive AI Overclocking, AI Cooling II, AI Networking II<br \/>Memory technologies: DIMM Fit, DIMM Flex and AEMP III to simplify configuration and improve performance<br \/>Robust Power Solution: 18(110A)+1(90A)+2(90A)+2(80A) power stages with ProCool II power connectors, MicroFine alloy coils and high-quality metal capacitors<\/p>\n\n","protected":false},"excerpt":{"rendered":"<p> From the manufacturer ASUS es una empresa multinacional establecida en Taiw\u00e1n desde 1989 que dise\u00f1a<\/p>","protected":false},"featured_media":38019,"comment_status":"open","ping_status":"closed","template":"","meta":[],"product_brand":[],"product_cat":[78],"product_tag":[1447,850,1458,1444,1445,1451,623,1449,617,1443,599,1448,1119,1442,1562,3110,4390,624,143,1293,2828,1462,1294,1098,543,1450,1446,4585],"class_list":{"0":"post-38018","1":"product","2":"type-product","3":"status-publish","4":"has-post-thumbnail","6":"product_cat-motherboards","7":"product_tag-amd-motherboard","8":"product_tag-asus","9":"product_tag-atx","10":"product_tag-atx-motherboard","11":"product_tag-b550-motherboard","12":"product_tag-best-motherboard","13":"product_tag-ddr5","14":"product_tag-ddr5-motherboard","15":"product_tag-gaming","16":"product_tag-gaming-motherboard","17":"product_tag-gpu","18":"product_tag-intel-motherboard","19":"product_tag-m-2","20":"product_tag-motherboard","21":"product_tag-networking","22":"product_tag-nextgen","23":"product_tag-overclocking","24":"product_tag-pcie","25":"product_tag-power","26":"product_tag-rog","27":"product_tag-slots","28":"product_tag-stages","29":"product_tag-strix","30":"product_tag-support","31":"product_tag-wifi","32":"product_tag-wifi-motherboard","33":"product_tag-z790-motherboard","34":"product_tag-z890e","36":"first","37":"instock","38":"sale","39":"shipping-taxable","40":"product-type-external"},"_links":{"self":[{"href":"https:\/\/comprasyconsejos.store\/en\/wp-json\/wp\/v2\/product\/38018","targetHints":{"allow":["GET"]}}],"collection":[{"href":"https:\/\/comprasyconsejos.store\/en\/wp-json\/wp\/v2\/product"}],"about":[{"href":"https:\/\/comprasyconsejos.store\/en\/wp-json\/wp\/v2\/types\/product"}],"replies":[{"embeddable":true,"href":"https:\/\/comprasyconsejos.store\/en\/wp-json\/wp\/v2\/comments?post=38018"}],"version-history":[{"count":0,"href":"https:\/\/comprasyconsejos.store\/en\/wp-json\/wp\/v2\/product\/38018\/revisions"}],"wp:featuredmedia":[{"embeddable":true,"href":"https:\/\/comprasyconsejos.store\/en\/wp-json\/wp\/v2\/media\/38019"}],"wp:attachment":[{"href":"https:\/\/comprasyconsejos.store\/en\/wp-json\/wp\/v2\/media?parent=38018"}],"wp:term":[{"taxonomy":"product_brand","embeddable":true,"href":"https:\/\/comprasyconsejos.store\/en\/wp-json\/wp\/v2\/product_brand?post=38018"},{"taxonomy":"product_cat","embeddable":true,"href":"https:\/\/comprasyconsejos.store\/en\/wp-json\/wp\/v2\/product_cat?post=38018"},{"taxonomy":"product_tag","embeddable":true,"href":"https:\/\/comprasyconsejos.store\/en\/wp-json\/wp\/v2\/product_tag?post=38018"}],"curies":[{"name":"wp","href":"https:\/\/api.w.org\/{rel}","templated":true}]}}