{"id":38033,"date":"2026-03-06T11:54:19","date_gmt":"2026-03-06T11:54:19","guid":{"rendered":"https:\/\/comprasyconsejos.store\/product\/rii-rm100-wireless-mouse-for-pc-laptop-windows-office-1000-dpi-includes-usb-receiver-black\/"},"modified":"2026-03-06T11:54:22","modified_gmt":"2026-03-06T11:54:22","slug":"rii-rm100-wireless-mouse-for-pc-laptop-windows-office-1000-dpi-includes-usb-receiver-black","status":"publish","type":"product","link":"https:\/\/comprasyconsejos.store\/en\/product\/rii-rm100-wireless-mouse-for-pc-laptop-windows-office-1000-dpi-includes-usb-receiver-black\/","title":{"rendered":"Rii RM100+ Wireless Mouse for PC, Laptop, Windows, Office &#8211; 1000 dpi &#8211; Includes USB Receiver &#8211; Black"},"content":{"rendered":"<p>Price: <span style=\"color:#b12704\">\u20ac7.99<\/span><br \/><i><small>(as of Mar 06, 2026 11:54:19 UTC &#8211; <span class=\"wp_automatic_amazon_disclaimer\" title=\"Product prices and availability are accurate as of the date\/time indicated and are subject to change. Any price and availability information displayed on [relevant Amazon Site(s), as applicable] at the time of purchase will apply to the purchase of this product.\">Details<\/span>)<\/small><\/i><\/p>\n<p><a href=\"https:\/\/amazon.es\/dp\/B086Q45H2N?tag=man008-21\"><img decoding=\"async\" src=\"https:\/\/valvepress.s3.amazonaws.com\/imgs\/buy_now.png\"><\/a><br \/>\n<\/p>\n<p>                                             From the brand   <\/p>\n<p>                                              <img decoding=\"async\" alt=\"\" src=\"https:\/\/images-na.ssl-images-amazon.com\/images\/G\/01\/x-locale\/common\/grey-pixel.gif\" class=\"a-lazy-loaded\" data-src=\"https:\/\/m.media-amazon.com\/images\/S\/aplus-media-library-service-media\/6aa16830-388d-4a35-8b99-664c0160c456.__CR0,0,1464,625_PT0_SX1464_V1___.jpg\"><img decoding=\"async\" alt=\"\" src=\"https:\/\/m.media-amazon.com\/images\/S\/aplus-media-library-service-media\/6aa16830-388d-4a35-8b99-664c0160c456.__CR0,0,1464,625_PT0_SX1464_V1___.jpg\">  <\/p>\n<p>                                              <img decoding=\"async\" alt=\"\" src=\"https:\/\/images-na.ssl-images-amazon.com\/images\/G\/01\/x-locale\/common\/grey-pixel.gif\" class=\"a-lazy-loaded\" data-src=\"https:\/\/m.media-amazon.com\/images\/S\/aplus-media-library-service-media\/90a3d44d-3706-45d5-a41f-8c863de73d25.__CR0,108,400,184_PT0_SX315_V1___.jpg\"><img decoding=\"async\" alt=\"\" src=\"https:\/\/m.media-amazon.com\/images\/S\/aplus-media-library-service-media\/90a3d44d-3706-45d5-a41f-8c863de73d25.__CR0,108,400,184_PT0_SX315_V1___.jpg\">  <\/p>\n<p> Rii se centra en el desarrollo, dise\u00f1o y fabricaci\u00f3n de teclados y ratones para PC\/ordenador port\u00e1til\/Smart TV, etc. <\/p>\n<p> Rii tambi\u00e9n es pionero en la industria del mini teclado Touch Pad Mouse Combo y posee una serie de patentes nacionales. <\/p>\n<p> Rii est\u00e1 comprometida con la innovaci\u00f3n, el amor y la calidad, con fuertes capacidades de desarrollo de productos, procesos de fabricaci\u00f3n avanzados, calidad como dignidad y calidad del producto. <\/p>\n<h3> Mini teclado Rii <\/h3>\n<h3> Teclado de oficina Rii <\/h3>\n<h3> Rat\u00f3n inal\u00e1mbrico Rii <\/h3>\n<h3> Teclado y rat\u00f3n Rii Gaming <\/h3>\n<h3> Accesorios de oficina Rii <\/h3>\n<p> Product Dimensions                                            \u200f                                            :                                            \u200e                                            10.5 x 6 x 0.03 cm; 60 g   <br \/> Manufacturer                                            \u200f                                            :                                            \u200e                                            Rii   <br \/> ASIN                                            \u200f                                            :                                            \u200e                                            B086Q45H2N   <br \/> Item model number                                            \u200f                                            :                                            \u200e                                            RM100+   <br \/> Country\/Region of Origin                                            \u200f                                            :                                            \u200e                                            China   <br \/> Guaranteed software updates until                                            \u200f                                            :                                            \u200e                                            unknown   <br \/>  Customer reviews:                                                                                            4.2               4.2 out of 5 stars                                  (4,306)                                              var dpAcrHasRegisteredArcLinkClickAction;                    P.when(&#8216;A&#8217;, &#8216;ready&#8217;).execute(function(A) {                        if (dpAcrHasRegisteredArcLinkClickAction !== true) {                            dpAcrHasRegisteredArcLinkClickAction = true;                            A.declarative(                                &#8216;acrLink-click-metrics&#8217;, &#8216;click&#8217;,                                { \u00aballowLinkDefault\u00bb: true },                                function (event) {                                    if (window.ue) {                                        ue.count(\u00abacrLinkClickCount\u00bb, (ue.count(\u00abacrLinkClickCount\u00bb) || 0) + 1);                                    }                                }                            );                        }                    });                                             P.when(&#8216;A&#8217;, &#8216;cf&#8217;).execute(function(A) {                A.declarative(&#8216;acrStarsLink-click-metrics&#8217;, &#8216;click&#8217;, { \u00aballowLinkDefault\u00bb : true },  function(event){                    if(window.ue) {                        ue.count(\u00abacrStarsLinkWithPopoverClickCount\u00bb, (ue.count(\u00abacrStarsLinkWithPopoverClickCount\u00bb) || 0) + 1);                    }                });            });                          <\/p>\n<p>Compatible operating systems: Windows, Android, Linux. Special for Office (Office).<br \/>High sensitivity: Precise and fast optical sensor responses thanks to its 1000 dpi, with a refresh rate of 3600 fps (frames per second). State-of-the-art optical sensor that ensures mimetric accuracy and perfect tracking on a wide variety of surfaces.<br \/>Wireless receiver: Forget about annoying cables thanks to its plug&#038;play USB receiver with up to 10 meters transmission distance.<br \/>Easy to use: No drivers or installation required thanks to its internal firmware Plug&#038;Play.<br \/>Package Contents: 1 x Rii RM100+ Wireless Mouse, 1 x NanoUSB Receiver.The receiver is inside the mouse, next to the battery. One AAA battery is required (not included)<\/p>\n\n","protected":false},"excerpt":{"rendered":"<p> From the brand Rii se centra en el desarrollo, dise\u00f1o y fabricaci\u00f3n de teclados y<\/p>","protected":false},"featured_media":38034,"comment_status":"open","ping_status":"closed","template":"","meta":[],"product_brand":[],"product_cat":[50],"product_tag":[765,307,759,756,775,761,758,1196,159,767,585,770,763,760,10142,11453,764,133,762,537,226,757],"class_list":{"0":"post-38033","1":"product","2":"type-product","3":"status-publish","4":"has-post-thumbnail","6":"product_cat-mouse","7":"product_tag-best-gaming-mouse","8":"product_tag-black","9":"product_tag-bluetooth-mouse","10":"product_tag-computer-mouse","11":"product_tag-dpi","12":"product_tag-ergonomic-mouse","13":"product_tag-gaming-mouse","14":"product_tag-includes","15":"product_tag-laptop","16":"product_tag-mouse","17":"product_tag-office","18":"product_tag-receiver","19":"product_tag-rechargeable-mouse","20":"product_tag-rgb-mouse","21":"product_tag-rii","22":"product_tag-rm100","23":"product_tag-silent-mouse","24":"product_tag-usb","25":"product_tag-usb-mouse","26":"product_tag-windows","27":"product_tag-wireless","28":"product_tag-wireless-mouse","30":"first","31":"instock","32":"shipping-taxable","33":"product-type-external"},"_links":{"self":[{"href":"https:\/\/comprasyconsejos.store\/en\/wp-json\/wp\/v2\/product\/38033","targetHints":{"allow":["GET"]}}],"collection":[{"href":"https:\/\/comprasyconsejos.store\/en\/wp-json\/wp\/v2\/product"}],"about":[{"href":"https:\/\/comprasyconsejos.store\/en\/wp-json\/wp\/v2\/types\/product"}],"replies":[{"embeddable":true,"href":"https:\/\/comprasyconsejos.store\/en\/wp-json\/wp\/v2\/comments?post=38033"}],"version-history":[{"count":0,"href":"https:\/\/comprasyconsejos.store\/en\/wp-json\/wp\/v2\/product\/38033\/revisions"}],"wp:featuredmedia":[{"embeddable":true,"href":"https:\/\/comprasyconsejos.store\/en\/wp-json\/wp\/v2\/media\/38034"}],"wp:attachment":[{"href":"https:\/\/comprasyconsejos.store\/en\/wp-json\/wp\/v2\/media?parent=38033"}],"wp:term":[{"taxonomy":"product_brand","embeddable":true,"href":"https:\/\/comprasyconsejos.store\/en\/wp-json\/wp\/v2\/product_brand?post=38033"},{"taxonomy":"product_cat","embeddable":true,"href":"https:\/\/comprasyconsejos.store\/en\/wp-json\/wp\/v2\/product_cat?post=38033"},{"taxonomy":"product_tag","embeddable":true,"href":"https:\/\/comprasyconsejos.store\/en\/wp-json\/wp\/v2\/product_tag?post=38033"}],"curies":[{"name":"wp","href":"https:\/\/api.w.org\/{rel}","templated":true}]}}