{"id":38036,"date":"2026-03-06T11:56:13","date_gmt":"2026-03-06T11:56:13","guid":{"rendered":"https:\/\/comprasyconsejos.store\/product\/pc-all-in-one-24-full-hd-curved-core-i3-3-40ghz-windows-10-pro-4gb-ram-ssd-120gb-webcam-1080p-wifi5-bt-hdmi-fixed-computer-aio-home-school-work-simpletek\/"},"modified":"2026-03-06T11:56:19","modified_gmt":"2026-03-06T11:56:19","slug":"pc-all-in-one-24-full-hd-curved-core-i3-3-40ghz-windows-10-pro-4gb-ram-ssd-120gb-webcam-1080p-wifi5-bt-hdmi-fixed-computer-aio-home-school-work-simpletek","status":"publish","type":"product","link":"https:\/\/comprasyconsejos.store\/en\/product\/pc-all-in-one-24-full-hd-curved-core-i3-3-40ghz-windows-10-pro-4gb-ram-ssd-120gb-webcam-1080p-wifi5-bt-hdmi-fixed-computer-aio-home-school-work-simpletek\/","title":{"rendered":"PC All in One 24&#8243; Full HD Curved Core i3 3.40GHz Windows 10 Pro 4GB RAM SSD 120GB | Webcam 1080p WiFi5 BT HDMI Fixed Computer Aio Home School Work Simpletek"},"content":{"rendered":"<p>Price: <span style=\"color:#b12704\">\u20ac720.00<\/span><br \/><i><small>(as of Mar 06, 2026 11:56:13 UTC &#8211; <span class=\"wp_automatic_amazon_disclaimer\" title=\"Product prices and availability are accurate as of the date\/time indicated and are subject to change. Any price and availability information displayed on [relevant Amazon Site(s), as applicable] at the time of purchase will apply to the purchase of this product.\">Details<\/span>)<\/small><\/i><\/p>\n<p><a href=\"https:\/\/amazon.es\/dp\/B0BJQSLZHN?tag=man008-21\"><img decoding=\"async\" src=\"https:\/\/valvepress.s3.amazonaws.com\/imgs\/buy_now.png\"><\/a><br \/>\n<\/p>\n<p>                                             Product Description   <\/p>\n<p>                                                                                  <img decoding=\"async\" alt=\"Tres ordenadores de escritorio todo en uno con monitores, teclados y ratones blancos dispuestos uno al lado del otro, que muestran la marca Simpletech\" src=\"https:\/\/m.media-amazon.com\/images\/S\/aplus-media-library-service-media\/9514f5d2-160c-4af5-aa7b-7d5536aa5eb4.__CR0,0,1464,600_PT0_SX1464_V1___.png\">       <\/p>\n<p>                                                                                  <img decoding=\"async\" alt=\"SPA\" src=\"https:\/\/m.media-amazon.com\/images\/S\/aplus-media-library-service-media\/6adf258a-81e7-49df-9b8d-5f15ad270ca5.__CR0,0,1464,600_PT0_SX1464_V1___.png\">       <\/p>\n<p>                                                                                  <img decoding=\"async\" alt=\"sobre el servicio de atenci\u00f3n al cliente. Muestra iconos de comunicaci\u00f3n, apret\u00f3n de manos y herramientas. El texto en espa\u00f1ol hace hincapi\u00e9 en el enfoque centrado en el cliente y\" src=\"https:\/\/m.media-amazon.com\/images\/S\/aplus-media-library-service-media\/6661a688-f1af-4961-b988-b5c75f5435f0.__CR0,0,1464,600_PT0_SX1464_V1___.png\">       <\/p>\n<p>The video showcases the product in use.The video guides you through product setup.The video compares multiple products.The video shows the product being unpacked.<\/p>\n<p>                                                                                              <img decoding=\"async\" alt=\"a+\" src=\"https:\/\/images-na.ssl-images-amazon.com\/images\/G\/01\/x-locale\/common\/grey-pixel.gif\" class=\"a-lazy-loaded\" data-src=\"https:\/\/m.media-amazon.com\/images\/S\/aplus-media-library-service-media\/2b17a93e-a058-4f05-9cc7-aada36416fb1.__CR0,0,300,225_PT0_SX300_V1___.png\"><img decoding=\"async\" alt=\"a+\" src=\"https:\/\/m.media-amazon.com\/images\/S\/aplus-media-library-service-media\/2b17a93e-a058-4f05-9cc7-aada36416fb1.__CR0,0,300,225_PT0_SX300_V1___.png\">                                            ALL IN ONE                                          <\/p>\n<p class=\"aplus-p3\"> Explora nuestra gama de computadoras All-in-One, dise\u00f1adas para cada  necesidad. Encuentra la soluci\u00f3n perfecta, todo en un solo dispositivo. <\/p>\n<p>                                           <img decoding=\"async\" alt=\"Configuraci\u00f3n de computadora de escritorio con unidad de torre y monitor de pantalla plana. El monitor muestra el logotipo azul sobre fondo blanco\" src=\"https:\/\/images-na.ssl-images-amazon.com\/images\/G\/01\/x-locale\/common\/grey-pixel.gif\" class=\"a-lazy-loaded\" data-src=\"https:\/\/m.media-amazon.com\/images\/S\/aplus-media-library-service-media\/64c0db2c-afeb-49fd-a62e-2e552e5e9fe0.__CR0,0,300,225_PT0_SX300_V1___.png\"><img decoding=\"async\" alt=\"Configuraci\u00f3n de computadora de escritorio con unidad de torre y monitor de pantalla plana. El monitor muestra el logotipo azul sobre fondo blanco\" src=\"https:\/\/m.media-amazon.com\/images\/S\/aplus-media-library-service-media\/64c0db2c-afeb-49fd-a62e-2e552e5e9fe0.__CR0,0,300,225_PT0_SX300_V1___.png\">                                            Desktop PC y Monitores                                          <\/p>\n<p class=\"aplus-p3\"> Crea tu configuraci\u00f3n ideal con nuestra selecci\u00f3n de Desktop <\/p>\n<p class=\"aplus-p3\"> Descubre la versatilidad de nuestros monitores ofreci\u00e9ndote la mejor  experiencia visua <\/p>\n<p>                                           <img decoding=\"async\" alt=\"a+\" src=\"https:\/\/images-na.ssl-images-amazon.com\/images\/G\/01\/x-locale\/common\/grey-pixel.gif\" class=\"a-lazy-loaded\" data-src=\"https:\/\/m.media-amazon.com\/images\/S\/aplus-media-library-service-media\/e1d1767a-dfcf-46f2-a58d-5fc8279b38ed.__CR0,0,300,225_PT0_SX300_V1___.png\"><img decoding=\"async\" alt=\"a+\" src=\"https:\/\/m.media-amazon.com\/images\/S\/aplus-media-library-service-media\/e1d1767a-dfcf-46f2-a58d-5fc8279b38ed.__CR0,0,300,225_PT0_SX300_V1___.png\">                                            Rugged y Mini PC                                          <\/p>\n<p class=\"aplus-p3\"> Rugged resistencia extrema en condiciones dif\u00edciles. Mini PC potencia compacta. <\/p>\n<p class=\"aplus-p3\"> Soluciones de computaci\u00f3n vers\u00e1tiles adecuadas para cualquier entorno <\/p>\n<p>                                           <img decoding=\"async\" alt=\"a+\" src=\"https:\/\/images-na.ssl-images-amazon.com\/images\/G\/01\/x-locale\/common\/grey-pixel.gif\" class=\"a-lazy-loaded\" data-src=\"https:\/\/m.media-amazon.com\/images\/S\/aplus-media-library-service-media\/52e7c48b-6d16-40a5-9c6a-245c350e1c8f.__CR0,0,300,225_PT0_SX300_V1___.png\"><img decoding=\"async\" alt=\"a+\" src=\"https:\/\/m.media-amazon.com\/images\/S\/aplus-media-library-service-media\/52e7c48b-6d16-40a5-9c6a-245c350e1c8f.__CR0,0,300,225_PT0_SX300_V1___.png\">                                            POS e Impresoras T\u00e9rmicas                                         <\/p>\n<p class=\"aplus-p3\"> Soluciones POS de vanguardia: gesti\u00f3n intuitiva y an\u00e1lisis detallados.  Impresoras t\u00e9rmicas r\u00e1pidas y precisas para m\u00e1xima eficiencia  empresarial <\/p>\n<h3>\n<p class=\"aplus-question aplus-p1\"> Desde d\u00f3nde env\u00edan?  <\/p>\n<\/h3>\n<p class=\"aplus-answer aplus-p2\"> En Simpletek operamos desde un almac\u00e9n y laboratorio ubicado en Arezzo, en la Toscana. Aqu\u00ed es donde seleccionamos, procesamos y enviamos nuestros productos con cuidado y precisi\u00f3n. <\/p>\n<h3>\n<p class=\"aplus-question aplus-p1\"> Qu\u00e9 tipo de productos ofrecen? <\/p>\n<\/h3>\n<p class=\"aplus-answer aplus-p2\"> Nuestra gama de productos incluye art\u00edculos nuevos o reacondicionados, estos \u00faltimos clasificados como Grado A, B y C. <\/p>\n<h3>\n<p class=\"aplus-question aplus-p1\"> C\u00f3mo se clasifican los productos reacondicionados? <\/p>\n<\/h3>\n<p class=\"aplus-answer aplus-p2\"> Grado A: M\u00ednimos defectos est\u00e9ticos. <\/p>\n<p class=\"aplus-answer aplus-p2\"> Grado B: Ara\u00f1azos visibles o puntos de luminancia. <\/p>\n<p class=\"aplus-answer aplus-p2\"> Grado C: Da\u00f1os evidentes, como golpes o abolladuras. <\/p>\n<h3>\n<p class=\"aplus-question aplus-p1\"> C\u00f3mo se gestiona la calidad de los productos reacondicionados? <\/p>\n<\/h3>\n<p class=\"aplus-answer aplus-p2\"> Independientemente de los defectos que puedan tener en cada grado, nos comprometemos a probar el hardware, garantizando su calidad y funcionalidad. <\/p>\n<h3>\n<p class=\"aplus-question aplus-p1\"> Es posible recibir asistencia durante la compra? <\/p>\n<\/h3>\n<p class=\"aplus-answer aplus-p2\"> Absolutamente, nos enorgullecemos de ofrecer asistencia tanto antes como despu\u00e9s de la compra. <\/p>\n<p> Product Dimensions                                            \u200f                                            :                                            \u200e                                            54 x 40 x 20.5 cm; 4 kg   <br \/> Manufacturer                                            \u200f                                            :                                            \u200e                                            Simpletek   <br \/> ASIN                                            \u200f                                            :                                            \u200e                                            B0BJQSLZHN   <br \/> Item model number                                            \u200f                                            :                                            \u200e                                            24&#8243;i3   <br \/> Guaranteed software updates until                                            \u200f                                            :                                            \u200e                                            unknown   <\/p>\n<p>All-in-One PC with 24&#8243; Full HD 1080p Curved Screen, Integrated Webcam and Wireless Mouse and Keyboard Kit Included<br \/>Intel Core i3 di quarta Gen processore dot. (Clock 3.40 GHz) 4GB RAM DDR3L e 120GB di espazio di archiviazione a solido state<br \/>\ud83d\udca1 Windows 10 Professional (with original license activated) pre-installed and upgraded.<br \/>LAN Connectivity (RJ45) &#8211; WiFi 802.11 a\/b\/g\/n\/ac (WiFi 5) &#8211; Bluetooth 4.2 &#8211; USB 2.0 \/ 3.0 &#8211; VGA &#8211; HDMI<br \/>2 x DDR3L SODIMM RAM Slots &#8211; 1 x 2.5&#8243; Drive Slot &#8211; 1 x M.2 SATA SLot Disk<br \/>Device Size: 54cm x 40cm x 20.5cm Packing size: 60cm x 46cm x 16cm Weight: 4 kg. Package weight: 5.9 kg<\/p>\n\n","protected":false},"excerpt":{"rendered":"<p> Product Description The video showcases the product in use.The video guides you through product setup.The<\/p>","protected":false},"featured_media":38037,"comment_status":"open","ping_status":"closed","template":"","meta":[],"product_brand":[],"product_cat":[89],"product_tag":[705,6510,4402,566,3683,777,776,785,778,782,784,539,698,754,5951,560,783,544,626,780,163,587,5064,6097,779,513,781,545,3524,537,645],"class_list":{"0":"post-38036","1":"product","2":"type-product","3":"status-publish","4":"has-post-thumbnail","6":"product_cat-all-in-one-pcs","7":"product_tag-1080p","8":"product_tag-120gb","9":"product_tag-3-40ghz","10":"product_tag-4gb","11":"product_tag-aio","12":"product_tag-all-in-one-desktop","13":"product_tag-all-in-one-pc","14":"product_tag-all-in-one-pc-price","15":"product_tag-apple-imac","16":"product_tag-best-all-in-one-computer","17":"product_tag-compact-pc","18":"product_tag-computer","19":"product_tag-core","20":"product_tag-curved","21":"product_tag-fixed","22":"product_tag-full","23":"product_tag-gaming-all-in-one-pc","24":"product_tag-hdmi","25":"product_tag-home","26":"product_tag-office-all-in-one-pc","27":"product_tag-pro","28":"product_tag-ram","29":"product_tag-school","30":"product_tag-simpletek","31":"product_tag-slim-all-in-one-pc","32":"product_tag-ssd","33":"product_tag-touchscreen-all-in-one-pc","34":"product_tag-webcam","35":"product_tag-wifi5","36":"product_tag-windows","37":"product_tag-work","39":"first","40":"instock","41":"shipping-taxable","42":"product-type-external"},"_links":{"self":[{"href":"https:\/\/comprasyconsejos.store\/en\/wp-json\/wp\/v2\/product\/38036","targetHints":{"allow":["GET"]}}],"collection":[{"href":"https:\/\/comprasyconsejos.store\/en\/wp-json\/wp\/v2\/product"}],"about":[{"href":"https:\/\/comprasyconsejos.store\/en\/wp-json\/wp\/v2\/types\/product"}],"replies":[{"embeddable":true,"href":"https:\/\/comprasyconsejos.store\/en\/wp-json\/wp\/v2\/comments?post=38036"}],"version-history":[{"count":0,"href":"https:\/\/comprasyconsejos.store\/en\/wp-json\/wp\/v2\/product\/38036\/revisions"}],"wp:featuredmedia":[{"embeddable":true,"href":"https:\/\/comprasyconsejos.store\/en\/wp-json\/wp\/v2\/media\/38037"}],"wp:attachment":[{"href":"https:\/\/comprasyconsejos.store\/en\/wp-json\/wp\/v2\/media?parent=38036"}],"wp:term":[{"taxonomy":"product_brand","embeddable":true,"href":"https:\/\/comprasyconsejos.store\/en\/wp-json\/wp\/v2\/product_brand?post=38036"},{"taxonomy":"product_cat","embeddable":true,"href":"https:\/\/comprasyconsejos.store\/en\/wp-json\/wp\/v2\/product_cat?post=38036"},{"taxonomy":"product_tag","embeddable":true,"href":"https:\/\/comprasyconsejos.store\/en\/wp-json\/wp\/v2\/product_tag?post=38036"}],"curies":[{"name":"wp","href":"https:\/\/api.w.org\/{rel}","templated":true}]}}