{"id":38040,"date":"2026-03-06T12:01:51","date_gmt":"2026-03-06T12:01:51","guid":{"rendered":"https:\/\/comprasyconsejos.store\/product\/geekom-a5-pro-mini-pc-with-amd-ryzen-5-7430u-16gb-ddr4-ram-ddr-expandable-non-lpddr-locked-512gb-nvme-pcie-4-0-ssd-amd-radeon-graphics-windows-11-pro-usb4-8k-uhd-outputwi-fi-6bluetooth-5-2\/"},"modified":"2026-03-06T12:01:55","modified_gmt":"2026-03-06T12:01:55","slug":"geekom-a5-pro-mini-pc-with-amd-ryzen-5-7430u-16gb-ddr4-ram-ddr-expandable-non-lpddr-locked-512gb-nvme-pcie-4-0-ssd-amd-radeon-graphics-windows-11-pro-usb4-8k-uhd-outputwi-fi-6bluetooth-5-2","status":"publish","type":"product","link":"https:\/\/comprasyconsejos.store\/en\/product\/geekom-a5-pro-mini-pc-with-amd-ryzen-5-7430u-16gb-ddr4-ram-ddr-expandable-non-lpddr-locked-512gb-nvme-pcie-4-0-ssd-amd-radeon-graphics-windows-11-pro-usb4-8k-uhd-outputwi-fi-6bluetooth-5-2\/","title":{"rendered":"GEEKOM A5 Pro Mini PC with AMD Ryzen 5 7430U, 16GB DDR4 RAM (DDR Expandable, Non-LPDDR Locked), 512GB NVMe PCIe 4.0 SSD |AMD Radeon Graphics |Windows 11 Pro |USB4 |8K UHD Output|Wi-Fi 6|Bluetooth 5.2"},"content":{"rendered":"<p>Price: <span style=\"color:#b12704\"><del>\u20ac439.00<\/del> - \u20ac387.17<\/span><br \/><i><small>(as of Mar 06, 2026 12:01:52 UTC &#8211; <span class=\"wp_automatic_amazon_disclaimer\" title=\"Product prices and availability are accurate as of the date\/time indicated and are subject to change. Any price and availability information displayed on [relevant Amazon Site(s), as applicable] at the time of purchase will apply to the purchase of this product.\">Details<\/span>)<\/small><\/i><\/p>\n<p><a href=\"https:\/\/amazon.es\/dp\/B0FX9SH1DB?tag=man008-21\"><img decoding=\"async\" src=\"https:\/\/valvepress.s3.amazonaws.com\/imgs\/buy_now.png\"><\/a><br \/>\n<\/p>\n<p>                                             From the brand   <\/p>\n<p>                                              <img decoding=\"async\" alt=\"Una interfaz digital o pantalla de aplicaci\u00f3n te\u00f1ida de azul con elementos de texto blancos y un dise\u00f1o minimalista\" src=\"https:\/\/images-na.ssl-images-amazon.com\/images\/G\/01\/x-locale\/common\/grey-pixel.gif\" class=\"a-lazy-loaded\" data-src=\"https:\/\/m.media-amazon.com\/images\/S\/aplus-media-library-service-media\/1d50d470-e083-4611-aa90-ad3e4970139a.__CR0,0,4392,1875_PT0_SX1464_V1___.jpg\"><img decoding=\"async\" alt=\"Una interfaz digital o pantalla de aplicaci\u00f3n te\u00f1ida de azul con elementos de texto blancos y un dise\u00f1o minimalista\" src=\"https:\/\/m.media-amazon.com\/images\/S\/aplus-media-library-service-media\/1d50d470-e083-4611-aa90-ad3e4970139a.__CR0,0,4392,1875_PT0_SX1464_V1___.jpg\">  <\/p>\n<p>                                              <img decoding=\"async\" alt=\"aplus content image\" src=\"https:\/\/images-na.ssl-images-amazon.com\/images\/G\/01\/x-locale\/common\/grey-pixel.gif\" class=\"a-lazy-loaded\" data-src=\"https:\/\/m.media-amazon.com\/images\/S\/aplus-media-library-service-media\/18360fb1-719b-43db-8f4c-d81ade791fde.__CR0,0,1086,1359_PT0_SX362_V1___.jpg\"><img decoding=\"async\" alt=\"aplus content image\" src=\"https:\/\/m.media-amazon.com\/images\/S\/aplus-media-library-service-media\/18360fb1-719b-43db-8f4c-d81ade791fde.__CR0,0,1086,1359_PT0_SX362_V1___.jpg\">  <\/p>\n<p>                                              <img decoding=\"async\" alt=\"El texto dice \u00abEUROPEAN 2023\u00bb, \u00abHARDWARE AWARDS\u00bb. Im\u00e1genes de trofeos o premios con elementos azules y dorados que muestran el reconocimiento del sector tecnol\u00f3gico.\" src=\"https:\/\/images-na.ssl-images-amazon.com\/images\/G\/01\/x-locale\/common\/grey-pixel.gif\" class=\"a-lazy-loaded\" data-src=\"https:\/\/m.media-amazon.com\/images\/S\/aplus-media-library-service-media\/1af4371e-3343-4083-9418-7c5d73cb0caa.__CR0,0,1086,1359_PT0_SX362_V1___.jpg\"><img decoding=\"async\" alt=\"El texto dice \u00abEUROPEAN 2023\u00bb, \u00abHARDWARE AWARDS\u00bb. Im\u00e1genes de trofeos o premios con elementos azules y dorados que muestran el reconocimiento del sector tecnol\u00f3gico.\" src=\"https:\/\/m.media-amazon.com\/images\/S\/aplus-media-library-service-media\/1af4371e-3343-4083-9418-7c5d73cb0caa.__CR0,0,1086,1359_PT0_SX362_V1___.jpg\">  <\/p>\n<p>                                              <img decoding=\"async\" alt=\"El texto dice \u00abGarant\u00eda de 3 a\u00f1os\u00bb con el icono de la insignia de garant\u00eda en rojo y negro. Los iconos de la parte inferior muestran \u00abCorreo electr\u00f3nico\u00bb, \u00abChat en vivo\u00bb, \u00abTel\u00e9fono\u00bb\" src=\"https:\/\/images-na.ssl-images-amazon.com\/images\/G\/01\/x-locale\/common\/grey-pixel.gif\" class=\"a-lazy-loaded\" data-src=\"https:\/\/m.media-amazon.com\/images\/S\/aplus-media-library-service-media\/e342456b-fe55-4df2-aa4a-366badd5cf1a.__CR0,0,1086,1359_PT0_SX362_V1___.jpg\"><img decoding=\"async\" alt=\"El texto dice \u00abGarant\u00eda de 3 a\u00f1os\u00bb con el icono de la insignia de garant\u00eda en rojo y negro. Los iconos de la parte inferior muestran \u00abCorreo electr\u00f3nico\u00bb, \u00abChat en vivo\u00bb, \u00abTel\u00e9fono\u00bb\" src=\"https:\/\/m.media-amazon.com\/images\/S\/aplus-media-library-service-media\/e342456b-fe55-4df2-aa4a-366badd5cf1a.__CR0,0,1086,1359_PT0_SX362_V1___.jpg\">  <\/p>\n<p>                                              <img decoding=\"async\" alt=\"aplus content image\" src=\"https:\/\/images-na.ssl-images-amazon.com\/images\/G\/01\/x-locale\/common\/grey-pixel.gif\" class=\"a-lazy-loaded\" data-src=\"https:\/\/m.media-amazon.com\/images\/S\/aplus-media-library-service-media\/6dbf035e-03d2-426e-8736-7d3243339e5a.__CR0,0,1086,1359_PT0_SX362_V1___.jpg\"><img decoding=\"async\" alt=\"aplus content image\" src=\"https:\/\/m.media-amazon.com\/images\/S\/aplus-media-library-service-media\/6dbf035e-03d2-426e-8736-7d3243339e5a.__CR0,0,1086,1359_PT0_SX362_V1___.jpg\">  <\/p>\n<p>                                              <img decoding=\"async\" alt=\"del mapa mundial azul que muestra las estad\u00edsticas de alcance global e indica la presencia en m\u00e1s de 80 pa\u00edses y m\u00e1s de 10 millones de usuarios en todo el\" src=\"https:\/\/images-na.ssl-images-amazon.com\/images\/G\/01\/x-locale\/common\/grey-pixel.gif\" class=\"a-lazy-loaded\" data-src=\"https:\/\/m.media-amazon.com\/images\/S\/aplus-media-library-service-media\/e0a5ab51-7010-49f3-a0aa-f118a453eac6.__CR0,0,1086,1359_PT0_SX362_V1___.jpg\"><img decoding=\"async\" alt=\"del mapa mundial azul que muestra las estad\u00edsticas de alcance global e indica la presencia en m\u00e1s de 80 pa\u00edses y m\u00e1s de 10 millones de usuarios en todo el\" src=\"https:\/\/m.media-amazon.com\/images\/S\/aplus-media-library-service-media\/e0a5ab51-7010-49f3-a0aa-f118a453eac6.__CR0,0,1086,1359_PT0_SX362_V1___.jpg\">  <\/p>\n<p>                                              <img decoding=\"async\" alt=\"El texto dice: \u00abProt\u00e9gete: compra original. Compra \u00fanicamente en nuestra Tienda Oficial de GEEKOM. Los productos originales de GEEKOM incluyen: 3 a\u00f1os de garant\u00eda, reparaci\u00f3n y reembolso gratuitos, atenci\u00f3n al cliente 24 horas al d\u00eda, 7 d\u00edas a la semana. Disponible solo en tiendas oficiales. Gracias por elegir GEEKOM. Atenci\u00f3n: algunos vendedores falsifican nuestra marca y ofrecen copias de baja calidad. Estamos aqu\u00ed para proteger tu estilo de vida digital. &amp;#39;\" src=\"https:\/\/images-na.ssl-images-amazon.com\/images\/G\/01\/x-locale\/common\/grey-pixel.gif\" class=\"a-lazy-loaded\" data-src=\"https:\/\/m.media-amazon.com\/images\/S\/aplus-media-library-service-media\/01119e58-dc42-4a58-ab70-c39dad5d7822.__CR0,0,1086,1359_PT0_SX362_V1___.jpg\"><img decoding=\"async\" alt=\"El texto dice: \u00abProt\u00e9gete: compra original. Compra \u00fanicamente en nuestra Tienda Oficial de GEEKOM. Los productos originales de GEEKOM incluyen: 3 a\u00f1os de garant\u00eda, reparaci\u00f3n y reembolso gratuitos, atenci\u00f3n al cliente 24 horas al d\u00eda, 7 d\u00edas a la semana. Disponible solo en tiendas oficiales. Gracias por elegir GEEKOM. Atenci\u00f3n: algunos vendedores falsifican nuestra marca y ofrecen copias de baja calidad. Estamos aqu\u00ed para proteger tu estilo de vida digital. &amp;#39;\" src=\"https:\/\/m.media-amazon.com\/images\/S\/aplus-media-library-service-media\/01119e58-dc42-4a58-ab70-c39dad5d7822.__CR0,0,1086,1359_PT0_SX362_V1___.jpg\">  <\/p>\n<p>                                              <img decoding=\"async\" alt=\"Informaci\u00f3n de atenci\u00f3n al cliente de un producto, que muestra las opciones para contactar con el vendedor en Amazon o enviar un correo electr\u00f3nico al servicio de posventa\" src=\"https:\/\/images-na.ssl-images-amazon.com\/images\/G\/01\/x-locale\/common\/grey-pixel.gif\" class=\"a-lazy-loaded\" data-src=\"https:\/\/m.media-amazon.com\/images\/S\/aplus-media-library-service-media\/cab1675b-bfb4-46b3-8533-e3b0f174c48c.__CR0,0,1086,1359_PT0_SX362_V1___.jpg\"><img decoding=\"async\" alt=\"Informaci\u00f3n de atenci\u00f3n al cliente de un producto, que muestra las opciones para contactar con el vendedor en Amazon o enviar un correo electr\u00f3nico al servicio de posventa\" src=\"https:\/\/m.media-amazon.com\/images\/S\/aplus-media-library-service-media\/cab1675b-bfb4-46b3-8533-e3b0f174c48c.__CR0,0,1086,1359_PT0_SX362_V1___.jpg\">  <\/p>\n<p>                                              <img decoding=\"async\" alt=\"sostenibilidad\" src=\"https:\/\/images-na.ssl-images-amazon.com\/images\/G\/01\/x-locale\/common\/grey-pixel.gif\" class=\"a-lazy-loaded\" data-src=\"https:\/\/m.media-amazon.com\/images\/S\/aplus-media-library-service-media\/6ea17c6c-97ae-4224-a0fc-c33f6a77e852.__CR0,0,1086,1359_PT0_SX362_V1___.jpg\"><img decoding=\"async\" alt=\"sostenibilidad\" src=\"https:\/\/m.media-amazon.com\/images\/S\/aplus-media-library-service-media\/6ea17c6c-97ae-4224-a0fc-c33f6a77e852.__CR0,0,1086,1359_PT0_SX362_V1___.jpg\">  <\/p>\n<p> Package Dimensions                                            \u200f                                            :                                            \u200e                                            22.9 x 17.9 x 13.5 cm; 500 g   <br \/> Manufacturer                                            \u200f                                            :                                            \u200e                                            GEEKOM   <br \/> ASIN                                            \u200f                                            :                                            \u200e                                            B0FX9SH1DB   <br \/> Item model number                                            \u200f                                            :                                            \u200e                                            R5   <br \/> Guaranteed software updates until                                            \u200f                                            :                                            \u200e                                            unknown   <br \/>  Customer reviews:                                                                                            4.6               4.6 out of 5 stars                                  (36)                                              var dpAcrHasRegisteredArcLinkClickAction;                    P.when(&#8216;A&#8217;, &#8216;ready&#8217;).execute(function(A) {                        if (dpAcrHasRegisteredArcLinkClickAction !== true) {                            dpAcrHasRegisteredArcLinkClickAction = true;                            A.declarative(                                &#8216;acrLink-click-metrics&#8217;, &#8216;click&#8217;,                                { \u00aballowLinkDefault\u00bb: true },                                function (event) {                                    if (window.ue) {                                        ue.count(\u00abacrLinkClickCount\u00bb, (ue.count(\u00abacrLinkClickCount\u00bb) || 0) + 1);                                    }                                }                            );                        }                    });                                             P.when(&#8216;A&#8217;, &#8216;cf&#8217;).execute(function(A) {                A.declarative(&#8216;acrStarsLink-click-metrics&#8217;, &#8216;click&#8217;, { \u00aballowLinkDefault\u00bb : true },  function(event){                    if(window.ue) {                        ue.count(\u00abacrStarsLinkWithPopoverClickCount\u00bb, (ue.count(\u00abacrStarsLinkWithPopoverClickCount\u00bb) || 0) + 1);                    }                });            });                          <\/p>\n<p>\ufe0f\u3010Small in Size, Big Power\u3011The GEEKOM A5 Pro Mini PC is equipped with the popular AMD Ryzen 5 7430U processor (6 cores \/ 12 threads, 16 MB cache, up to 4.3 GHz), which delivers powerful performance with excellent performance-to-price ratio. Whether working from home, in the office, in IT environments, or for video editing and music production, the powerful Ryzen 5 7430U CPU coupled with Radeon graphics ensure smooth and agile operation. ( The whole new version of the product is in English)<br \/>\ufe0f\u3010 NEW AND IMPROVED IN THE WORLD EXPERIENCE \u3011Unlike many mini PCs with soldered LPDDR memory (not expandable and limited life), the GEEKOM A5 Pro Mini PC incorporates 16GB of dual-channel DDR4 memory at 3200 MT\/s, allowing you to run ar multiple demanding applications simultaneously. Whether it&#8217;s business management software or productivity tools, you can switch between tasks without interruption. Plus, the 512GB NVMe SSD offers ample capacity and fast data access.<br \/>\ufe0f\u3010Multiple OS Compatibility\u3011The GEEKOM A5 Pro comes with Windows 11 Pro with pre-installed license. All GEEKOM Mini PCs are compatible with various operating systems, including Windows and Linux. Both home and business users can choose the system that best suits their needs, with flexible support for development, office work and entertainment.<br \/>\ufe0f\u3010Proven Reliability &#038; Excellent Thermal Dissipation\u3011Before mass production, all GEEKOM Mini PCs undergo rigorous testing to ensure durability and reliability. To manage high performance in a compact format, the A5 Pro integrates an advanced thermal solution together with GEEKOM&#8217;s IceBlast cooling technology, which allows you to maintain stable performance even under high loads, with quiet and efficient operation.<br \/>\ufe0f\u3010Advanced Connectivity, Ready for Everything\u3011GEEKOM A5 Pro offers complete connectivity with multiple ports, including 2 HDMI and 2 Type-C ports, supporting up to four 4K displays and numerous high-performance peripherals. Includes VESA mount for easy installation. Thanks to 2.5Gbps Ethernet and Wi-Fi 6, it provides fast, stable connections both wired and wireless, ideal for lag-free online gaming, high-resolution video streaming, and real-time applications.<br \/>\ufe0f\u3010Worry-free Warranty\u3011GEEKOM offers a 2-year limited warranty on each Mini PC from the date of purchase, which covers design and manufacturing defects. With a professional after-sales support team always available, you can enjoy your Mini PC with complete peace of mind.<\/p>\n\n","protected":false},"excerpt":{"rendered":"<p> From the brand Package Dimensions \u200f : \u200e 22.9 x 17.9 x 13.5 cm; 500<\/p>","protected":false},"featured_media":38041,"comment_status":"open","ping_status":"closed","template":"","meta":[],"product_brand":[],"product_cat":[91],"product_tag":[509,536,6212,640,530,803,801,805,7407,535,800,1248,7403,644,7409,215,11454,822,808,799,806,11455,624,163,897,587,807,531,802,513,684,798,537,804],"class_list":{"0":"post-38040","1":"product","2":"type-product","3":"status-publish","4":"has-post-thumbnail","6":"product_cat-office-pcs","7":"product_tag-16gb","8":"product_tag-512gb","9":"product_tag-6bluetooth","10":"product_tag-7430u","11":"product_tag-amd","12":"product_tag-budget-office-pc","13":"product_tag-business-desktop-pc","14":"product_tag-compact-desktop-pc","15":"product_tag-ddr","16":"product_tag-ddr4","17":"product_tag-desktop-computer-for-office","18":"product_tag-expandable","19":"product_tag-geekom","20":"product_tag-graphics","21":"product_tag-locked","22":"product_tag-mini","23":"product_tag-nonlpddr","24":"product_tag-nvme","25":"product_tag-office-computer-setup","26":"product_tag-office-pc","27":"product_tag-office-pc-ssd","28":"product_tag-outputwifi","29":"product_tag-pcie","30":"product_tag-pro","31":"product_tag-radeon","32":"product_tag-ram","33":"product_tag-reliable-office-pc","34":"product_tag-ryzen","35":"product_tag-small-office-pc","36":"product_tag-ssd","37":"product_tag-uhd","38":"product_tag-usb4","39":"product_tag-windows","40":"product_tag-windows-office-pc","42":"first","43":"instock","44":"sale","45":"shipping-taxable","46":"product-type-external"},"_links":{"self":[{"href":"https:\/\/comprasyconsejos.store\/en\/wp-json\/wp\/v2\/product\/38040","targetHints":{"allow":["GET"]}}],"collection":[{"href":"https:\/\/comprasyconsejos.store\/en\/wp-json\/wp\/v2\/product"}],"about":[{"href":"https:\/\/comprasyconsejos.store\/en\/wp-json\/wp\/v2\/types\/product"}],"replies":[{"embeddable":true,"href":"https:\/\/comprasyconsejos.store\/en\/wp-json\/wp\/v2\/comments?post=38040"}],"version-history":[{"count":0,"href":"https:\/\/comprasyconsejos.store\/en\/wp-json\/wp\/v2\/product\/38040\/revisions"}],"wp:featuredmedia":[{"embeddable":true,"href":"https:\/\/comprasyconsejos.store\/en\/wp-json\/wp\/v2\/media\/38041"}],"wp:attachment":[{"href":"https:\/\/comprasyconsejos.store\/en\/wp-json\/wp\/v2\/media?parent=38040"}],"wp:term":[{"taxonomy":"product_brand","embeddable":true,"href":"https:\/\/comprasyconsejos.store\/en\/wp-json\/wp\/v2\/product_brand?post=38040"},{"taxonomy":"product_cat","embeddable":true,"href":"https:\/\/comprasyconsejos.store\/en\/wp-json\/wp\/v2\/product_cat?post=38040"},{"taxonomy":"product_tag","embeddable":true,"href":"https:\/\/comprasyconsejos.store\/en\/wp-json\/wp\/v2\/product_tag?post=38040"}],"curies":[{"name":"wp","href":"https:\/\/api.w.org\/{rel}","templated":true}]}}