{"id":38052,"date":"2026-03-06T12:36:57","date_gmt":"2026-03-06T12:36:57","guid":{"rendered":"https:\/\/comprasyconsejos.store\/product\/acemagic-ryzen-7-5825u-laptop-up-to-4-5-ghz-15-6-inch-laptop-gaming-16gb-ram-1tb-ssd-expansion-4tb-1080-fhd-wifi-6-bt-5-2-type-c-usb-3-2-hdmi-laptop-spanish-qwerty-keyboard-grey\/"},"modified":"2026-03-06T12:36:59","modified_gmt":"2026-03-06T12:36:59","slug":"acemagic-ryzen-7-5825u-laptop-up-to-4-5-ghz-15-6-inch-laptop-gaming-16gb-ram-1tb-ssd-expansion-4tb-1080-fhd-wifi-6-bt-5-2-type-c-usb-3-2-hdmi-laptop-spanish-qwerty-keyboard-grey","status":"publish","type":"product","link":"https:\/\/comprasyconsejos.store\/en\/product\/acemagic-ryzen-7-5825u-laptop-up-to-4-5-ghz-15-6-inch-laptop-gaming-16gb-ram-1tb-ssd-expansion-4tb-1080-fhd-wifi-6-bt-5-2-type-c-usb-3-2-hdmi-laptop-spanish-qwerty-keyboard-grey\/","title":{"rendered":"ACEMAGIC Ryzen 7 5825U Laptop up to 4.5 GHz, 15.6 Inch Laptop Gaming 16GB RAM 1TB SSD, Expansion 4TB, 1080 FHD, WiFi 6, BT 5.2, Type-C, USB 3.2, HDMI, Laptop Spanish QWERTY Keyboard, Grey"},"content":{"rendered":"<p>Price: <span style=\"color:#b12704\"><del>\u20ac769.99<\/del> - \u20ac529.99<\/span><br \/><i><small>(as of Mar 06, 2026 12:36:58 UTC &#8211; <span class=\"wp_automatic_amazon_disclaimer\" title=\"Product prices and availability are accurate as of the date\/time indicated and are subject to change. Any price and availability information displayed on [relevant Amazon Site(s), as applicable] at the time of purchase will apply to the purchase of this product.\">Details<\/span>)<\/small><\/i><\/p>\n<p><a href=\"https:\/\/amazon.es\/dp\/B0FQ524R4K?tag=man008-21\"><img decoding=\"async\" src=\"https:\/\/valvepress.s3.amazonaws.com\/imgs\/buy_now.png\"><\/a><br \/>\n<\/p>\n<p>                                             Product Description   <\/p>\n<p>                                                                     2026 ACEMAGIC Nuevo Port\u00e1til- 16GB RAM + 1000GB SSD Memoria Extra Grande                                            <img decoding=\"async\" alt=\"con pantalla vibrante que muestra im\u00e1genes c\u00f3smicas. El texto resalta la portabilidad y la potencia. Elegante dise\u00f1o plateado con un perfil delgado visible sobre un fondo estrellado.\" src=\"https:\/\/images-na.ssl-images-amazon.com\/images\/G\/01\/x-locale\/common\/grey-pixel.gif\" class=\"a-lazy-loaded\" data-src=\"https:\/\/m.media-amazon.com\/images\/S\/aplus-media-library-service-media\/c07dc56f-f92e-4d23-9135-7a33fc938835.__CR0,0,1464,600_PT0_SX1464_V1___.jpg\"><img decoding=\"async\" alt=\"con pantalla vibrante que muestra im\u00e1genes c\u00f3smicas. El texto resalta la portabilidad y la potencia. Elegante dise\u00f1o plateado con un perfil delgado visible sobre un fondo estrellado.\" src=\"https:\/\/m.media-amazon.com\/images\/S\/aplus-media-library-service-media\/c07dc56f-f92e-4d23-9135-7a33fc938835.__CR0,0,1464,600_PT0_SX1464_V1___.jpg\">                                               <\/p>\n<p>                                                                                                       <img decoding=\"async\" alt=\"Dos elegantes port\u00e1tiles negros que flotan sobre un fondo c\u00f3smico con monta\u00f1as moradas. Las computadoras port\u00e1tiles tienen pantallas y teclados iluminados, que muestran sus perfiles delgados y su dise\u00f1o moderno\" src=\"https:\/\/images-na.ssl-images-amazon.com\/images\/G\/01\/x-locale\/common\/grey-pixel.gif\" class=\"a-lazy-loaded\" data-src=\"https:\/\/m.media-amazon.com\/images\/S\/aplus-media-library-service-media\/ecef1fa3-e560-439e-95aa-9fc84a0cc968.__CR0,0,1464,600_PT0_SX1464_V1___.jpg\"><img decoding=\"async\" alt=\"Dos elegantes port\u00e1tiles negros que flotan sobre un fondo c\u00f3smico con monta\u00f1as moradas. Las computadoras port\u00e1tiles tienen pantallas y teclados iluminados, que muestran sus perfiles delgados y su dise\u00f1o moderno\" src=\"https:\/\/m.media-amazon.com\/images\/S\/aplus-media-library-service-media\/ecef1fa3-e560-439e-95aa-9fc84a0cc968.__CR0,0,1464,600_PT0_SX1464_V1___.jpg\">                                               <\/p>\n<p>                                                                                                       <img decoding=\"async\" alt=\"El texto dice \u00abRedefinir el rendimiento de 8 n\u00facleos\u00bb. Imagen promocional del procesador AMD Ryzen con gr\u00e1ficos de rendimiento y especificaciones t\u00e9cnicas en un dise\u00f1o de tem\u00e1tica morada.\" src=\"https:\/\/images-na.ssl-images-amazon.com\/images\/G\/01\/x-locale\/common\/grey-pixel.gif\" class=\"a-lazy-loaded\" data-src=\"https:\/\/m.media-amazon.com\/images\/S\/aplus-media-library-service-media\/9946d3ee-c693-4384-b7d8-c5a01bf18ad3.__CR0,0,1464,600_PT0_SX1464_V1___.jpg\"><img decoding=\"async\" alt=\"El texto dice \u00abRedefinir el rendimiento de 8 n\u00facleos\u00bb. Imagen promocional del procesador AMD Ryzen con gr\u00e1ficos de rendimiento y especificaciones t\u00e9cnicas en un dise\u00f1o de tem\u00e1tica morada.\" src=\"https:\/\/m.media-amazon.com\/images\/S\/aplus-media-library-service-media\/9946d3ee-c693-4384-b7d8-c5a01bf18ad3.__CR0,0,1464,600_PT0_SX1464_V1___.jpg\">                                               <\/p>\n<p>                                                                                                                <img decoding=\"async\" alt=\"El texto dice \u00abRendimiento estable con alta eficiencia\u00bb, seguido de las especificaciones t\u00e9cnicas del producto que muestran capacidades de almacenamiento que incluyen \u00ab16 GB\u00bb y \u00ab1 TB\u00bb.\" src=\"https:\/\/m.media-amazon.com\/images\/S\/aplus-media-library-service-media\/b54e04ce-ba3b-4385-b99e-8bcfb557d9d2.__CR0,0,1464,600_PT0_SX1464_V1___.jpg\">                                                    <img decoding=\"async\" alt=\"El texto dice \u00abAMD Ryzen7 5825U\u00bb. Pantalla t\u00e9cnica del producto que muestra im\u00e1genes del chip del procesador e indicadores de rendimiento.\" src=\"https:\/\/m.media-amazon.com\/images\/S\/aplus-media-library-service-media\/65179307-9ead-4be0-8ba5-4f4a5aee7539.__CR0,0,1464,600_PT0_SX1464_V1___.jpg\">                                                    <img decoding=\"async\" alt=\"El texto dice \u00abConecta tu creatividad\u00bb. Pantalla de interfaz oscura que muestra el software de edici\u00f3n multimedia con varios paneles y pistas cronol\u00f3gicas.\" src=\"https:\/\/m.media-amazon.com\/images\/S\/aplus-media-library-service-media\/db15ee1c-2193-48a9-9efe-527b4950ef04.__CR0,0,1464,600_PT0_SX1464_V1___.jpg\"><br \/>\n                            1 16 + 1 TB SSD <\/p>\n<p>                            2 Nueva Actualizaci\u00f3n <\/p>\n<p>                            3 WIFI 6 <\/p>\n<p>                                                                                                                <img decoding=\"async\" alt=\"El texto dice \u00abGateway to Visual Brilliance\u00bb. Interfaz de pantalla oscura que muestra un tama\u00f1o de pantalla de 15,6 pulgadas con funciones de panel de control iluminadas.\" src=\"https:\/\/m.media-amazon.com\/images\/S\/aplus-media-library-service-media\/3fbb4c41-a5e1-426b-90a5-9a3e813ba15f.__CR0,0,1464,600_PT0_SX1464_V1___.jpg\">                                                    <img decoding=\"async\" alt=\"aplus content image\" src=\"https:\/\/m.media-amazon.com\/images\/S\/aplus-media-library-service-media\/315f4751-f4cf-4625-821d-ed46bc434d8f.__CR0,0,1464,600_PT0_SX1464_V1___.jpg\">                                                    <img decoding=\"async\" alt=\"aplus content image\" src=\"https:\/\/m.media-amazon.com\/images\/S\/aplus-media-library-service-media\/d52f0fc7-dd7c-44b9-bfc9-d1ba27261ac3.__CR0,0,1464,600_PT0_SX1464_V1___.jpg\"><br \/>\n                            1 Pantalla FHD 15.6&#8243; <\/p>\n<p>                            2 180\u00b0 Pantalla de Rotaci\u00f3n <\/p>\n<p>                            3 Protecci\u00f3n de Privacidad <\/p>\n<p>                                                                                                                <img decoding=\"async\" alt=\"Ilustraci\u00f3n de carga de la bater\u00eda de un smartphone con un icono de bater\u00eda iluminado de color morado y un indicador circular de 3 horas. El texto en espa\u00f1ol menciona c\u00f3mo aliviar la ansiedad por la bater\u00eda\" src=\"https:\/\/m.media-amazon.com\/images\/S\/aplus-media-library-service-media\/43ccfe9d-bfc7-4364-99aa-f43b06853727.__CR0,0,1464,600_PT0_SX1464_V1___.jpg\">                                                    <img decoding=\"async\" alt=\"El texto dice \u00abTotalmente cargado con todos los puertos esenciales\u00bb. Im\u00e1genes en primer plano de un teclado de ordenador negro con retroiluminaci\u00f3n morada.\" src=\"https:\/\/m.media-amazon.com\/images\/S\/aplus-media-library-service-media\/328424a2-6fb3-458d-8bbf-53c068133c02.__CR0,0,1464,600_PT0_SX1464_V1___.jpg\">                                                    <img decoding=\"async\" alt=\"El texto dice \u00abSistema de refrigeraci\u00f3n especial integrado\u00bb con m\u00e9tricas de rendimiento: \u00ab20% de consumo de energ\u00eda\u00bb, \u00ab19% de sonido\u00bb, \u00ab30% de velocidad del viento\u00bb. Se muestra una visualizaci\u00f3n azul del sistema de refrigeraci\u00f3n circular.\" src=\"https:\/\/m.media-amazon.com\/images\/S\/aplus-media-library-service-media\/f3d22090-3eb2-4efe-97da-f52906d44919.__CR0,0,1464,600_PT0_SX1464_V1___.jpg\"><br \/>\n                            1 Bateria de Carga Rapida <\/p>\n<p>                            2 Puertos y Conexiones <\/p>\n<p>                            3 Sistema de Enfriamiento <\/p>\n<h3 class=\"a-text-center aplus-h1 a-text-bold\"> Comparativa Que ACEMAGIC Ordenador Port\u00e1til elegir? <\/h3>\n<p>                         Add To Basket  <\/p>\n<p>                         Add To Basket  <\/p>\n<p>                         Add To Basket  <\/p>\n<p>                         Add To Basket  <\/p>\n<p>                         Add To Basket  <\/p>\n<p>                                     Customer Reviews  <\/p>\n<p>                    4.4 out of 5 stars  14  <\/p>\n<p>                    4.1 out of 5 stars  142  <\/p>\n<p>                    4.2 out of 5 stars  215  <\/p>\n<p>                    4.5 out of 5 stars  12  <\/p>\n<p>                    4.6 out of 5 stars  33  <\/p>\n<p>                                     Price  <\/p>\n<p>                                                        \u20ac529.99\u20ac529.99     <\/p>\n<p>                                                        \u20ac359.99\u20ac359.99     <\/p>\n<p>                                                        \u20ac479.99\u20ac479.99     <\/p>\n<p>                                                        \u20ac499.99\u20ac499.99     <\/p>\n<p>                                                        \u20ac399.99\u20ac399.99     <\/p>\n<p>                                     Tama\u00f1o de Pantalla  <\/p>\n<p>                                                15,6 Pulgadas     <\/p>\n<p>                                                16 Pulgadas     <\/p>\n<p>                                                17,3 Pulgadas     <\/p>\n<p>                                                15,6 Pulgadas     <\/p>\n<p>                                                15,6 Pulgadas     <\/p>\n<p>                                     Modelo de CPU  <\/p>\n<p>                                                Ryzen 7 5825U    <\/p>\n<p>                                                Ryzen 3 4300U     <\/p>\n<p>                                                Ryzen 3 4300U     <\/p>\n<p>                                                Ryzen 7 5700U     <\/p>\n<p>                                                Ryzen 3 4300U     <\/p>\n<p>                                     Memoria  <\/p>\n<p>                                                16GB+1TB    <\/p>\n<p>                                                16GB+512GB     <\/p>\n<p>                                                16GB+512GB     <\/p>\n<p>                                                16GB+512GB     <\/p>\n<p>                                                16GB+512GB     <\/p>\n<p>                                     Resoluci\u00f3n  <\/p>\n<p>                                                1920*1080 FHD     <\/p>\n<p>                                                1920*1200 FHD     <\/p>\n<p>                                                1920*1080 FHD     <\/p>\n<p>                                                1920*1080 FHD     <\/p>\n<p>                                                1920*1080 FHD     <\/p>\n<p>                                     M\u00f3dulo de Memoria  <\/p>\n<p>                                                DDR 4     <\/p>\n<p>                                                DDR 4     <\/p>\n<p>                                                DDR 4     <\/p>\n<p>                                                DDR 4     <\/p>\n<p>                                                DDR 4     <\/p>\n<p> Batteries                                            \u200f                                            :                                            \u200e                                            1 Lithium Polymer batteries required.   <br \/> Product Dimensions                                            \u200f                                            :                                            \u200e                                            36 x 26 x 1.8 cm; 2.67 kg   <br \/> Manufacturer                                            \u200f                                            :                                            \u200e                                            Shenzhen CYX Industrial Co., Ltd   <br \/> ASIN                                            \u200f                                            :                                            \u200e                                            B0FQ524R4K   <br \/> Item model number                                            \u200f                                            :                                            \u200e                                            LX15PRO-1TB   <br \/> Guaranteed software updates until                                            \u200f                                            :                                            \u200e                                            unknown   <br \/>  Customer reviews:                                                                                            4.4               4.4 out of 5 stars                                  (14)                                              var dpAcrHasRegisteredArcLinkClickAction;                    P.when(&#8216;A&#8217;, &#8216;ready&#8217;).execute(function(A) {                        if (dpAcrHasRegisteredArcLinkClickAction !== true) {                            dpAcrHasRegisteredArcLinkClickAction = true;                            A.declarative(                                &#8216;acrLink-click-metrics&#8217;, &#8216;click&#8217;,                                { \u00aballowLinkDefault\u00bb: true },                                function (event) {                                    if (window.ue) {                                        ue.count(\u00abacrLinkClickCount\u00bb, (ue.count(\u00abacrLinkClickCount\u00bb) || 0) + 1);                                    }                                }                            );                        }                    });                                             P.when(&#8216;A&#8217;, &#8216;cf&#8217;).execute(function(A) {                A.declarative(&#8216;acrStarsLink-click-metrics&#8217;, &#8216;click&#8217;, { \u00aballowLinkDefault\u00bb : true },  function(event){                    if(window.ue) {                        ue.count(\u00abacrStarsLinkWithPopoverClickCount\u00bb, (ue.count(\u00abacrStarsLinkWithPopoverClickCount\u00bb) || 0) + 1);                    }                });            });                          <\/p>\n<p>Ryzen 7 5825U Processor: ACEMAGIC laptop are equipped with the latest high-performance Ryzen 7 5825U processors with a maximum frequency of up to 4.5GHz, 8 cores, 16 threads and 16MB cache, offering better processing performance and responsiveness. Whether it&#8217;s document processing, video editing, gaming experiences or high-intensity multitasking, it can become more fluid and efficient.<br \/>16GB RAM+1TB SSD Extra Large Storage: Designed for 15.6-inch high-performance laptops! ACEMAGIC portable is equipped with 16GB of dual-channel DDR4 memory (expandable up to 64GB) and a 1TB M.2 SSD (expandable up to 4TB). It allows more large files and reduces startup time, allowing you to process a wide range of files at higher speed, making your study and work more efficient.<br \/>15.6&#8243; FHD Eye Protection Screen: With an ultra-clear 1920 x 1080 eye protection screen and an ultra-narrow bezel, text and images are clearer and more detailed whether you&#8217;re outdoors with plenty of light or in a studio where you need a low-light environment. The laptop supports a 100% sRGB high color gamut display and is designed with a 180 degree rotating screen, it will allow you to enjoy scenes or graphics of football matches immersively.<br \/>Multifunction Interface &#038; WIFI 6: Equipped with multiple ports &#8211; USB3.2 (x3), Type-C (full), HDMI 1.4, standard 3.5mm headphone input, TF card slot. Meet the various needs of the office. Thanks to Wi-Fi 6 and Bluetooth 5.2, the connection to cloud data transfer or HD streaming of the laptop is more stable.<br \/>Lightweight Mobile Office Companion: ACEMAGIC laptop is as thin as 17.9mm and as light as 1.6kg, making it easy to space in the backpack. Equipped with a 4800mAh battery and energy-saving design, say goodbye to battery life. It is also equipped with a separate Spanish keyboard film, which is more convenient to use. Perfect for study, office, leisure and entertainment.<br \/>ACEMAGIC -2 YEARS WARRANTY &#8211; ACEMAGIC laptops offer a 2-year warranty, there is a professional customer support team available 24 hours, you can contact us at any time if you have any questions, we will be happy to answer you. ACEMAGIC laptops are a good choice for anniversaries, birthdays, etc., for family, couples, friends, etc.<\/p>\n\n","protected":false},"excerpt":{"rendered":"<p> Product Description 2026 ACEMAGIC Nuevo Port\u00e1til- 16GB RAM + 1000GB SSD Memoria Extra Grande 1<\/p>","protected":false},"featured_media":38053,"comment_status":"open","ping_status":"closed","template":"","meta":[],"product_brand":[],"product_cat":[86],"product_tag":[526,509,602,2957,901,529,520,1126,639,617,519,524,521,525,522,818,204,544,523,584,518,159,528,858,587,527,531,5273,513,381,133,543],"class_list":{"0":"post-38052","1":"product","2":"type-product","3":"status-publish","4":"has-post-thumbnail","6":"product_cat-gaming-laptop","7":"product_tag-144hz-gaming-laptop","8":"product_tag-16gb","9":"product_tag-1tb","10":"product_tag-4tb","11":"product_tag-5825u","12":"product_tag-acemagic","13":"product_tag-best-gaming-laptop","14":"product_tag-expansion","15":"product_tag-fhd","16":"product_tag-gaming","17":"product_tag-gaming-laptop","18":"product_tag-gaming-laptop-16gb-ram","19":"product_tag-gaming-laptop-rtx","20":"product_tag-gaming-laptop-ssd","21":"product_tag-gaming-laptop-under-budget","22":"product_tag-ghz","23":"product_tag-grey","24":"product_tag-hdmi","25":"product_tag-high-performance-laptop","26":"product_tag-inch","27":"product_tag-keyboard","28":"product_tag-laptop","29":"product_tag-portable-gaming-laptop","30":"product_tag-qwerty","31":"product_tag-ram","32":"product_tag-rgb-gaming-laptop","33":"product_tag-ryzen","34":"product_tag-spanish","35":"product_tag-ssd","36":"product_tag-typec","37":"product_tag-usb","38":"product_tag-wifi","40":"first","41":"instock","42":"sale","43":"shipping-taxable","44":"product-type-external"},"_links":{"self":[{"href":"https:\/\/comprasyconsejos.store\/en\/wp-json\/wp\/v2\/product\/38052","targetHints":{"allow":["GET"]}}],"collection":[{"href":"https:\/\/comprasyconsejos.store\/en\/wp-json\/wp\/v2\/product"}],"about":[{"href":"https:\/\/comprasyconsejos.store\/en\/wp-json\/wp\/v2\/types\/product"}],"replies":[{"embeddable":true,"href":"https:\/\/comprasyconsejos.store\/en\/wp-json\/wp\/v2\/comments?post=38052"}],"version-history":[{"count":0,"href":"https:\/\/comprasyconsejos.store\/en\/wp-json\/wp\/v2\/product\/38052\/revisions"}],"wp:featuredmedia":[{"embeddable":true,"href":"https:\/\/comprasyconsejos.store\/en\/wp-json\/wp\/v2\/media\/38053"}],"wp:attachment":[{"href":"https:\/\/comprasyconsejos.store\/en\/wp-json\/wp\/v2\/media?parent=38052"}],"wp:term":[{"taxonomy":"product_brand","embeddable":true,"href":"https:\/\/comprasyconsejos.store\/en\/wp-json\/wp\/v2\/product_brand?post=38052"},{"taxonomy":"product_cat","embeddable":true,"href":"https:\/\/comprasyconsejos.store\/en\/wp-json\/wp\/v2\/product_cat?post=38052"},{"taxonomy":"product_tag","embeddable":true,"href":"https:\/\/comprasyconsejos.store\/en\/wp-json\/wp\/v2\/product_tag?post=38052"}],"curies":[{"name":"wp","href":"https:\/\/api.w.org\/{rel}","templated":true}]}}