{"id":38082,"date":"2026-03-06T15:01:21","date_gmt":"2026-03-06T15:01:21","guid":{"rendered":"https:\/\/comprasyconsejos.store\/product\/high-performance-heatsink-paste-high-performance-gd900-cpu-gpu-thermal-cooling-paste-grease-compound-very-high-thermal-conductivity-long-life-safe-use-non-conductive\/"},"modified":"2026-03-06T15:01:22","modified_gmt":"2026-03-06T15:01:22","slug":"high-performance-heatsink-paste-high-performance-gd900-cpu-gpu-thermal-cooling-paste-grease-compound-very-high-thermal-conductivity-long-life-safe-use-non-conductive","status":"publish","type":"product","link":"https:\/\/comprasyconsejos.store\/en\/product\/high-performance-heatsink-paste-high-performance-gd900-cpu-gpu-thermal-cooling-paste-grease-compound-very-high-thermal-conductivity-long-life-safe-use-non-conductive\/","title":{"rendered":"High Performance Heatsink Paste &#8211; High Performance GD900 CPU, GPU Thermal Cooling Paste Grease Compound | Very High Thermal Conductivity, Long Life, Safe Use, Non-Conductive"},"content":{"rendered":"<p>Price: <span style=\"color:#b12704\">\u20ac6.49<\/span><br \/><i><small>(as of Mar 06, 2026 15:01:21 UTC &#8211; <span class=\"wp_automatic_amazon_disclaimer\" title=\"Product prices and availability are accurate as of the date\/time indicated and are subject to change. Any price and availability information displayed on [relevant Amazon Site(s), as applicable] at the time of purchase will apply to the purchase of this product.\">Details<\/span>)<\/small><\/i><\/p>\n<p><a href=\"https:\/\/amazon.es\/dp\/B0D7DJSRD2?tag=man008-21\"><img decoding=\"async\" src=\"https:\/\/valvepress.s3.amazonaws.com\/imgs\/buy_now.png\"><\/a><br \/>\n<\/p>\n<p>                                             Product Description   <\/p>\n<h3 class=\"a-spacing-small\"> Pasta t\u00e9rmica para CPU <\/h3>\n<p class=\"apm-text-center\">\n                                                      <img decoding=\"async\" alt=\"Dise\u00f1o de pist\u00f3n \u00fanico\" src=\"https:\/\/images-na.ssl-images-amazon.com\/images\/G\/01\/x-locale\/common\/grey-pixel.gif\" class=\"a-spacing-mini a-lazy-loaded\" data-src=\"https:\/\/m.media-amazon.com\/images\/S\/aplus-media\/sc\/cb2bc2d1-96ca-47f2-a4d4-1c3a17399c0c.__CR0,0,1600,1600_PT0_SX300_V1___.jpg\"><img decoding=\"async\" alt=\"Dise\u00f1o de pist\u00f3n \u00fanico\" src=\"https:\/\/m.media-amazon.com\/images\/S\/aplus-media\/sc\/cb2bc2d1-96ca-47f2-a4d4-1c3a17399c0c.__CR0,0,1600,1600_PT0_SX300_V1___.jpg\">  <\/p>\n<p>                                                    Dise\u00f1o de pist\u00f3n \u00fanico                                       <\/p>\n<p> Nuestra pasta t\u00e9rmica de ABS y grasa de silicona con dise\u00f1o de pist\u00f3n duradero le permite mantenerla durante per\u00edodos m\u00e1s largos mientras reduce el impacto ambiental de una manera f\u00e1cil. <\/p>\n<p class=\"apm-text-center\">\n                                                      <img decoding=\"async\" alt=\"Buena disipaci\u00f3n de calor\" src=\"https:\/\/images-na.ssl-images-amazon.com\/images\/G\/01\/x-locale\/common\/grey-pixel.gif\" class=\"a-spacing-mini a-lazy-loaded\" data-src=\"https:\/\/m.media-amazon.com\/images\/S\/aplus-media\/sc\/879e3496-7165-401a-b27c-6a6fe4abe161.__CR0,0,1600,1600_PT0_SX300_V1___.jpg\"><img decoding=\"async\" alt=\"Buena disipaci\u00f3n de calor\" src=\"https:\/\/m.media-amazon.com\/images\/S\/aplus-media\/sc\/879e3496-7165-401a-b27c-6a6fe4abe161.__CR0,0,1600,1600_PT0_SX300_V1___.jpg\">  <\/p>\n<p>                                                    Buena disipaci\u00f3n de calor                                       <\/p>\n<p> Maximiza el rendimiento electr\u00f3nico al mejorar la disipaci\u00f3n de calor y la conductividad t\u00e9rmica, lo que resulta en una vida \u00fatil m\u00e1s larga del dispositivo y minimiza la temperatura de funcionamiento del dispositivo. <\/p>\n<p class=\"apm-text-center\">\n                                                      <img decoding=\"async\" alt=\"Viscosidad media\" src=\"https:\/\/images-na.ssl-images-amazon.com\/images\/G\/01\/x-locale\/common\/grey-pixel.gif\" class=\"a-spacing-mini a-lazy-loaded\" data-src=\"https:\/\/m.media-amazon.com\/images\/S\/aplus-media\/sc\/c399cad3-36da-4eab-9715-510632f178b9.__CR0,0,1600,1600_PT0_SX300_V1___.jpg\"><img decoding=\"async\" alt=\"Viscosidad media\" src=\"https:\/\/m.media-amazon.com\/images\/S\/aplus-media\/sc\/c399cad3-36da-4eab-9715-510632f178b9.__CR0,0,1600,1600_PT0_SX300_V1___.jpg\">  <\/p>\n<p>                                                    Viscosidad media                                       <\/p>\n<p> Con nuestra pasta t\u00e9rmica, puede lograr f\u00e1cilmente una excelente refrigeraci\u00f3n de la CPU. Su dise\u00f1o f\u00e1cil de usar proporciona una buena adherencia, viscosidad moderada y no vol\u00e1til, es ideal para usuarios iniciales y garantiza un rendimiento duradero. <\/p>\n<p> Esta pasta t\u00e9rmica para CPU est\u00e1 hecha de ABS de alta calidad y grasa de silicona y garantiza una refrigeraci\u00f3n efectiva de los dispositivos electr\u00f3nicos. Prolonga la vida \u00fatil de sus dispositivos y es f\u00e1cil de usar. Adem\u00e1s, no se agregan part\u00edculas met\u00e1licas, lo que hace que su uso sea seguro. <\/p>\n<p> Especificaciones: <\/p>\n<p> Modelo: GD900 <\/p>\n<p> Proporci\u00f3n: 2,3 g\/cm3 <\/p>\n<p> Punto de inflamaci\u00f3n: Ninguno (grado) <\/p>\n<p> Viscosidad cinem\u00e1tica a 40 grados: Ninguno (cSt) <\/p>\n<p> Conductividad t\u00e9rmica: 4,8 W\/M-K <\/p>\n<p> Color: Gris <\/p>\n<p> Temperatura de trabajo: -50 a 200 grados <\/p>\n<p> Albar\u00e1n: <\/p>\n<p> 1 pasta t\u00e9rmica <\/p>\n<p> Package Dimensions                                            \u200f                                            :                                            \u200e                                            15 x 2 x 2 cm; 13.61 g   <br \/> Manufacturer                                            \u200f                                            :                                            \u200e                                            Generisch   <br \/> ASIN                                            \u200f                                            :                                            \u200e                                            B0D7DJSRD2   <br \/> Item model number                                            \u200f                                            :                                            \u200e                                            USZ38CFUQ4K62DII28R   <br \/> Guaranteed software updates until                                            \u200f                                            :                                            \u200e                                            unknown   <br \/>  Customer reviews:                                                                                            5.0               5.0 out of 5 stars                                  (1)                                              var dpAcrHasRegisteredArcLinkClickAction;                    P.when(&#8216;A&#8217;, &#8216;ready&#8217;).execute(function(A) {                        if (dpAcrHasRegisteredArcLinkClickAction !== true) {                            dpAcrHasRegisteredArcLinkClickAction = true;                            A.declarative(                                &#8216;acrLink-click-metrics&#8217;, &#8216;click&#8217;,                                { \u00aballowLinkDefault\u00bb: true },                                function (event) {                                    if (window.ue) {                                        ue.count(\u00abacrLinkClickCount\u00bb, (ue.count(\u00abacrLinkClickCount\u00bb) || 0) + 1);                                    }                                }                            );                        }                    });                                             P.when(&#8216;A&#8217;, &#8216;cf&#8217;).execute(function(A) {                A.declarative(&#8216;acrStarsLink-click-metrics&#8217;, &#8216;click&#8217;, { \u00aballowLinkDefault\u00bb : true },  function(event){                    if(window.ue) {                        ue.count(\u00abacrStarsLinkWithPopoverClickCount\u00bb, (ue.count(\u00abacrStarsLinkWithPopoverClickCount\u00bb) || 0) + 1);                    }                });            });                          <\/p>\n<p>Unique Piston Design Our ABS thermal paste and silicone grease with durable piston design allows you to store it for extended periods of time while reducing environmental impact in an easy way.<br \/>High Thermal Conductivity &#8211; Achieve efficient thermal management with excellent thermal conductivity and quickly dissipates heat to extend equipment life while reducing temperature for long-lasting operation of electronic devices.<br \/>Moderate Viscosity &#8211; Experience seamless CPU cooling with our thermal paste. It is designed for initial users, offers good adhesion, moderate viscosity, and is non-volatile for long-lasting performance.<br \/>SAFE USE &#8211; Eliminate heat build-up with our safe and effective thermal paste. Because it is non-conductive and odorless, sensitive electronic parts are not attacked and no metal particles are added. Safe to use on any component.<br \/>MULTIPLE USES &#8211; Our thermal paste is designed for efficient heat dissipation and is perfect for cooling electronic devices such as diodes and amplifier tubes. Make sure your devices operate at optimal temperatures.<\/p>\n\n","protected":false},"excerpt":{"rendered":"<p> Product Description Pasta t\u00e9rmica para CPU Dise\u00f1o de pist\u00f3n \u00fanico Nuestra pasta t\u00e9rmica de ABS<\/p>","protected":false},"featured_media":38083,"comment_status":"open","ping_status":"closed","template":"","meta":[],"product_brand":[],"product_cat":[67],"product_tag":[2039,2059,2060,989,598,2045,2034,11472,599,2055,2043,1301,197,2038,683,180,2296,2056,1551,430,2053,2035,2036,2033,2041,2048],"class_list":{"0":"post-38082","1":"product","2":"type-product","3":"status-publish","4":"has-post-thumbnail","6":"product_cat-thermal-paste","7":"product_tag-best-thermal-paste","8":"product_tag-compound","9":"product_tag-conductivity","10":"product_tag-cooling","11":"product_tag-cpu","12":"product_tag-cpu-cooling-paste","13":"product_tag-cpu-thermal-paste","14":"product_tag-gd900","15":"product_tag-gpu","16":"product_tag-grease","17":"product_tag-heat-sink-paste","18":"product_tag-heatsink","19":"product_tag-high","20":"product_tag-high-performance-thermal-paste","21":"product_tag-life","22":"product_tag-long","23":"product_tag-nonconductive","24":"product_tag-paste","25":"product_tag-performance","26":"product_tag-safe","27":"product_tag-thermal","28":"product_tag-thermal-compound","29":"product_tag-thermal-grease","30":"product_tag-thermal-paste","31":"product_tag-thermal-paste-for-gaming-pc","32":"product_tag-thermal-paste-price","34":"first","35":"instock","36":"shipping-taxable","37":"product-type-external"},"_links":{"self":[{"href":"https:\/\/comprasyconsejos.store\/en\/wp-json\/wp\/v2\/product\/38082","targetHints":{"allow":["GET"]}}],"collection":[{"href":"https:\/\/comprasyconsejos.store\/en\/wp-json\/wp\/v2\/product"}],"about":[{"href":"https:\/\/comprasyconsejos.store\/en\/wp-json\/wp\/v2\/types\/product"}],"replies":[{"embeddable":true,"href":"https:\/\/comprasyconsejos.store\/en\/wp-json\/wp\/v2\/comments?post=38082"}],"version-history":[{"count":0,"href":"https:\/\/comprasyconsejos.store\/en\/wp-json\/wp\/v2\/product\/38082\/revisions"}],"wp:featuredmedia":[{"embeddable":true,"href":"https:\/\/comprasyconsejos.store\/en\/wp-json\/wp\/v2\/media\/38083"}],"wp:attachment":[{"href":"https:\/\/comprasyconsejos.store\/en\/wp-json\/wp\/v2\/media?parent=38082"}],"wp:term":[{"taxonomy":"product_brand","embeddable":true,"href":"https:\/\/comprasyconsejos.store\/en\/wp-json\/wp\/v2\/product_brand?post=38082"},{"taxonomy":"product_cat","embeddable":true,"href":"https:\/\/comprasyconsejos.store\/en\/wp-json\/wp\/v2\/product_cat?post=38082"},{"taxonomy":"product_tag","embeddable":true,"href":"https:\/\/comprasyconsejos.store\/en\/wp-json\/wp\/v2\/product_tag?post=38082"}],"curies":[{"name":"wp","href":"https:\/\/api.w.org\/{rel}","templated":true}]}}